{"id":414033,"date":"2022-06-22T14:58:31","date_gmt":"2022-06-22T12:58:31","guid":{"rendered":"https:\/\/www.alfauna.ch\/?page_id=414033"},"modified":"2024-03-14T14:33:41","modified_gmt":"2024-03-14T13:33:41","slug":"tierschutz","status":"publish","type":"page","link":"https:\/\/www.zoohandel.ch\/de\/tierschutz\/","title":{"rendered":"Tierschutz"},"content":{"rendered":"\r\n\n  <div class=\"banner has-hover\" id=\"banner-1944902664\">\n          <div class=\"banner-inner fill\">\n        <div class=\"banner-bg fill\" >\n            <img loading=\"lazy\" decoding=\"async\" width=\"1020\" height=\"415\" src=\"https:\/\/www.zoohandel.ch\/wp-content\/uploads\/1239_ridgewelpen-1-1-1400x569.jpg\" class=\"bg attachment-large size-large\" alt=\"\" \/>                                    \n                    <\/div>\n\t\t\n        <div class=\"banner-layers container\">\n            <a class=\"fill\" href=\"\/de\/shop\/\"><div class=\"fill banner-link\"><\/div><\/a>            \r\n\r\n   <div id=\"text-box-1417107315\" class=\"text-box banner-layer x50 md-x50 lg-x50 y50 md-y50 lg-y50 res-text\">\n                                <div class=\"text-box-content text dark\">\n              \n              <div class=\"text-inner text-center\">\n                  \r\n\r\n<h1 class=\"lead\" style=\"text-align: center\"><b>Zoohandel und der Tierschutz<\/b><\/h1>\r\n<h4 style=\"text-align: center\">So tiergerecht wie m\u00f6glich<\/h4>\r\n\r\n              <\/div>\n           <\/div>\n                            \n<style>\n#text-box-1417107315 {\n  width: 60%;\n}\n#text-box-1417107315 .text-box-content {\n  font-size: 100%;\n}\n<\/style>\n    <\/div>\n \r\n\r\n        <\/div>\n      <\/div>\n\n            \n<style>\n#banner-1944902664 {\n  padding-top: 250px;\n}\n@media (min-width:550px) {\n  #banner-1944902664 {\n    padding-top: 460px;\n  }\n}\n<\/style>\n  <\/div>\n\n\r\n\t<div id=\"gap-853010492\" class=\"gap-element clearfix\" style=\"display:block; height:auto;\">\n\t\t\n<style>\n#gap-853010492 {\n  padding-top: 30px;\n}\n@media (min-width:550px) {\n  #gap-853010492 {\n    padding-top: 50px;\n  }\n}\n<\/style>\n\t<\/div>\n\t\r\n\r\n<div class=\"row\"  id=\"row-769129709\">\r\n\r\n\n\t<div id=\"col-692484586\" class=\"col small-12 large-12\"  >\n\t\t\t\t<div class=\"col-inner\"  >\n\t\t\t\n\t\t\t\r\n\r\n<div class=\"container section-title-container\" ><h2 class=\"section-title section-title-normal\"><b aria-hidden=\"true\"><\/b><span class=\"section-title-main\" style=\"font-size:126%;color:rgb(0, 0, 0);\">Weil uns Tiere wichtig sind<\/span><b aria-hidden=\"true\"><\/b><\/h2><\/div>\r\n\r\n\r\n\t\t<\/div>\n\t\t\t\t\n<style>\n#col-692484586 > .col-inner {\n  margin: 0px 0px -30px 0px;\n}\n<\/style>\n\t<\/div>\n\n\t\r\n\r\n<\/div>\r\n<div class=\"row make-columns-full-width\"  id=\"row-1957716762\">\r\n\r\n\n\t<div id=\"col-948480259\" class=\"col medium-9 small-12 large-9\"  >\n\t\t\t\t<div class=\"col-inner\"  >\n\t\t\t\n\t\t\t\r\n\r\n\t<div id=\"text-4020899240\" class=\"text\">\n\t\t\r\n\r\n<strong>Mit diesem Tierhaltungs-Rechner k\u00f6nnen Sie die genauen Masse f\u00fcr Ihr Terrarium berechnen lassen. Sie sehen auch die Empfehlungen des Schweizer Tierschutz STS und die Gesetze zu den jeweiligen Tieren.<br>Noch im Laufe dieses Jahrs wird die Kategorie \u00abV\u00f6gel\u00bb zum Tierhaltungs-Rechner hinzugef\u00fcgt!<\/strong>\r\n\t\t\n<style>\n#text-4020899240 {\n  color: rgb(0,0,0);\n}\n#text-4020899240 > * {\n  color: rgb(0,0,0);\n}\n<\/style>\n\t<\/div>\n\t\r\n\r\n\t\t<\/div>\n\t\t\t\t\n<style>\n#col-948480259 > .col-inner {\n  margin: 0px 0px -30px 0px;\n}\n<\/style>\n\t<\/div>\n\n\t\r\n\n\t<div id=\"col-1404507386\" class=\"col small-12 large-12\"  >\n\t\t\t\t<div class=\"col-inner\"  >\n\t\t\t\n\t\t\t\r\n\r\n<div class=\"text-center\"><div class=\"is-divider divider clearfix\" ><\/div><\/div>\r\n\r\n\t<div id=\"gap-857955564\" class=\"gap-element clearfix\" style=\"display:block; height:auto;\">\n\t\t\n<style>\n#gap-857955564 {\n  padding-top: 10px;\n}\n<\/style>\n\t<\/div>\n\t\r\n\r\n<div id=\"trApp\" \"=\"\"><\/div>\r\n<p><script>const tierhaltungsrechnerConfig = {\"locale\":\"de_CH\"}<\/script><br>\r\n<script src=\"https:\/\/widget.tierhaltungsrechner.ch\/module.js\" type=\"module\"><\/script><br>\r\n<script src=\"https:\/\/widget.tierhaltungsrechner.ch\/index.js\" nomodule=\"\" defer=\"\"><\/script><\/p>\r\n\r\n\t\t<\/div>\n\t\t\t\t\n<style>\n#col-1404507386 > .col-inner {\n  margin: 0px 0px 0 0px;\n}\n<\/style>\n\t<\/div>\n\n\t\r\n\r\n<\/div>\r\n<div class=\"text-center\"><div class=\"is-divider divider clearfix\" ><\/div><\/div>\r\n\r\n\t<div id=\"gap-122001325\" class=\"gap-element clearfix\" style=\"display:block; height:auto;\">\n\t\t\n<style>\n#gap-122001325 {\n  padding-top: 15px;\n}\n<\/style>\n\t<\/div>\n\t\r\n\r\n<div class=\"container section-title-container\" ><h2 class=\"section-title section-title-normal\"><b aria-hidden=\"true\"><\/b><span class=\"section-title-main\" style=\"color:rgb(0, 0, 0);\">Weitere Infos zum Tierschutz<\/span><b aria-hidden=\"true\"><\/b><\/h2><\/div>\r\n\r\n\n  \n    <div id=\"row-1838260579\" class=\"row large-columns-3 medium-columns- small-columns-1 has-shadow row-box-shadow-2 row-masonry\" data-packery-options='{\"itemSelector\": \".col\", \"gutter\": 0, \"presentageWidth\" : true}'>\n\n  <\/div>\r\n\r\n\t<div id=\"gap-222513054\" class=\"gap-element clearfix\" style=\"display:block; height:auto;\">\n\t\t\n<style>\n#gap-222513054 {\n  padding-top: 15px;\n}\n<\/style>\n\t<\/div>\n\t\r\n\r\n\n  <div class=\"banner has-hover\" id=\"banner-1325165335\">\n          <div class=\"banner-inner fill\">\n        <div class=\"banner-bg fill\" >\n            <img loading=\"lazy\" decoding=\"async\" width=\"1020\" height=\"752\" src=\"https:\/\/www.zoohandel.ch\/wp-content\/uploads\/cat-1508613_1280-1085x800.jpg\" class=\"bg attachment-large size-large\" alt=\"\" \/>                        <div class=\"overlay\"><\/div>            \n                    <\/div>\n\t\t\n        <div class=\"banner-layers container\">\n            <a class=\"fill\" href=\"\/de\/shop\"><div class=\"fill banner-link\"><\/div><\/a>            \r\n\r\n   <div id=\"text-box-198193904\" class=\"text-box banner-layer x50 md-x50 lg-x50 y50 md-y50 lg-y50 res-text\">\n                                <div class=\"text-box-content text dark\">\n              \n              <div class=\"text-inner text-center\">\n                  \r\n\r\n\t<div id=\"text-605153174\" class=\"text\">\n\t\t\r\n\r\n<h2 class=\"lead\" style=\"text-align: center\"><strong>Schnurren k\u00f6nnen wir nicht&#8230;<\/strong><\/h2>\r\n<p style=\"text-align: center\">&#8230; aber wir haben eine feine Nase f\u00fcr die W\u00fcnsche der Tiere<br>und offene Ohren f\u00fcr Ihre Fragen!<\/p>\r\n\t\t\n<style>\n#text-605153174 {\n  font-size: 1.2rem;\n  line-height: 1.5;\n}\n@media (min-width:550px) {\n  #text-605153174 {\n    font-size: 1.5rem;\n  }\n}\n<\/style>\n\t<\/div>\n\t\r\n<a href=\"mailto:info@alfauna.ch\" class=\"button primary is-xlarge\" style=\"border-radius:99px;\">\n\t\t<span>E-Mail Kontakt<\/span>\n\t<\/a>\n\r\n\r\n\r\n              <\/div>\n           <\/div>\n                            \n<style>\n#text-box-198193904 {\n  width: 98%;\n}\n#text-box-198193904 .text-box-content {\n  font-size: 100%;\n}\n<\/style>\n    <\/div>\n \r\n\r\n        <\/div>\n      <\/div>\n\n            \n<style>\n#banner-1325165335 {\n  padding-top: 460px;\n}\n#banner-1325165335 .overlay {\n  background-color: rgba(0, 0, 0, 0.169);\n}\n#banner-1325165335 .banner-bg img {\n  object-position: 8% 66%;\n}\n<\/style>\n  <\/div>\n\n\r\n","protected":false},"excerpt":{"rendered":"","protected":false},"author":2,"featured_media":0,"parent":0,"menu_order":0,"comment_status":"closed","ping_status":"closed","template":"page-blank.php","meta":{"_acf_changed":false,"footnotes":""},"class_list":["post-414033","page","type-page","status-publish","hentry"],"acf":[],"yoast_head":"<!-- This site is optimized with the Yoast SEO plugin v25.8 - https:\/\/yoast.com\/wordpress\/plugins\/seo\/ -->\n<title>Tierschutz - zoohandel.ch<\/title>\n<meta name=\"description\" content=\"Berechnen Sie die genauen Masse f\u00fcr Ihr Terrarium und lesen Sie Empfehlungen des Schweizer Tierschutz STS zu den jeweiligen Tieren.\" \/>\n<meta name=\"robots\" content=\"index, follow, max-snippet:-1, max-image-preview:large, max-video-preview:-1\" \/>\n<link rel=\"canonical\" href=\"https:\/\/www.zoohandel.ch\/de\/tierschutz\/\" \/>\n<meta property=\"og:locale\" content=\"de_DE\" \/>\n<meta property=\"og:type\" content=\"article\" \/>\n<meta property=\"og:title\" content=\"Tierschutz - zoohandel.ch\" \/>\n<meta property=\"og:description\" content=\"Berechnen Sie die genauen Masse f\u00fcr Ihr Terrarium und lesen Sie Empfehlungen des Schweizer Tierschutz STS zu den jeweiligen Tieren.\" \/>\n<meta property=\"og:url\" content=\"https:\/\/www.zoohandel.ch\/de\/tierschutz\/\" \/>\n<meta property=\"og:site_name\" content=\"zoohandel.ch\" \/>\n<meta property=\"article:modified_time\" content=\"2024-03-14T13:33:41+00:00\" \/>\n<meta name=\"twitter:card\" content=\"summary_large_image\" \/>\n<meta name=\"twitter:label1\" content=\"Gesch\u00e4tzte Lesezeit\" \/>\n\t<meta name=\"twitter:data1\" content=\"2\u00a0Minuten\" \/>\n<script type=\"application\/ld+json\" class=\"yoast-schema-graph\">{\"@context\":\"https:\/\/schema.org\",\"@graph\":[{\"@type\":\"WebPage\",\"@id\":\"https:\/\/www.zoohandel.ch\/de\/tierschutz\/\",\"url\":\"https:\/\/www.zoohandel.ch\/de\/tierschutz\/\",\"name\":\"Tierschutz - zoohandel.ch\",\"isPartOf\":{\"@id\":\"https:\/\/www.zoohandel.ch\/de\/#website\"},\"datePublished\":\"2022-06-22T12:58:31+00:00\",\"dateModified\":\"2024-03-14T13:33:41+00:00\",\"description\":\"Berechnen Sie die genauen Masse f\u00fcr Ihr Terrarium und lesen Sie Empfehlungen des Schweizer Tierschutz STS zu den jeweiligen Tieren.\",\"breadcrumb\":{\"@id\":\"https:\/\/www.zoohandel.ch\/de\/tierschutz\/#breadcrumb\"},\"inLanguage\":\"de\",\"potentialAction\":[{\"@type\":\"ReadAction\",\"target\":[\"https:\/\/www.zoohandel.ch\/de\/tierschutz\/\"]}]},{\"@type\":\"BreadcrumbList\",\"@id\":\"https:\/\/www.zoohandel.ch\/de\/tierschutz\/#breadcrumb\",\"itemListElement\":[{\"@type\":\"ListItem\",\"position\":1,\"name\":\"Startseite\",\"item\":\"https:\/\/www.zoohandel.ch\/de\/\"},{\"@type\":\"ListItem\",\"position\":2,\"name\":\"Tierschutz\"}]},{\"@type\":\"WebSite\",\"@id\":\"https:\/\/www.zoohandel.ch\/de\/#website\",\"url\":\"https:\/\/www.zoohandel.ch\/de\/\",\"name\":\"zoohandel.ch\",\"description\":\"Das Beste f\u00fcr Ihre Lieblinge\",\"publisher\":{\"@id\":\"https:\/\/www.zoohandel.ch\/de\/#organization\"},\"potentialAction\":[{\"@type\":\"SearchAction\",\"target\":{\"@type\":\"EntryPoint\",\"urlTemplate\":\"https:\/\/www.zoohandel.ch\/de\/?s={search_term_string}\"},\"query-input\":{\"@type\":\"PropertyValueSpecification\",\"valueRequired\":true,\"valueName\":\"search_term_string\"}}],\"inLanguage\":\"de\"},{\"@type\":\"Organization\",\"@id\":\"https:\/\/www.zoohandel.ch\/de\/#organization\",\"name\":\"zoohandel.ch\",\"url\":\"https:\/\/www.zoohandel.ch\/de\/\",\"logo\":{\"@type\":\"ImageObject\",\"inLanguage\":\"de\",\"@id\":\"https:\/\/www.zoohandel.ch\/de\/#\/schema\/logo\/image\/\",\"url\":\"https:\/\/www.zoohandel.ch\/wp-content\/uploads\/zoohandel-ch.png\",\"contentUrl\":\"https:\/\/www.zoohandel.ch\/wp-content\/uploads\/zoohandel-ch.png\",\"width\":575,\"height\":171,\"caption\":\"zoohandel.ch\"},\"image\":{\"@id\":\"https:\/\/www.zoohandel.ch\/de\/#\/schema\/logo\/image\/\"}}]}<\/script>\n<!-- \/ Yoast SEO plugin. -->","yoast_head_json":{"title":"Tierschutz - zoohandel.ch","description":"Berechnen Sie die genauen Masse f\u00fcr Ihr Terrarium und lesen Sie Empfehlungen des Schweizer Tierschutz STS zu den jeweiligen Tieren.","robots":{"index":"index","follow":"follow","max-snippet":"max-snippet:-1","max-image-preview":"max-image-preview:large","max-video-preview":"max-video-preview:-1"},"canonical":"https:\/\/www.zoohandel.ch\/de\/tierschutz\/","og_locale":"de_DE","og_type":"article","og_title":"Tierschutz - zoohandel.ch","og_description":"Berechnen Sie die genauen Masse f\u00fcr Ihr Terrarium und lesen Sie Empfehlungen des Schweizer Tierschutz STS zu den jeweiligen Tieren.","og_url":"https:\/\/www.zoohandel.ch\/de\/tierschutz\/","og_site_name":"zoohandel.ch","article_modified_time":"2024-03-14T13:33:41+00:00","twitter_card":"summary_large_image","twitter_misc":{"Gesch\u00e4tzte Lesezeit":"2\u00a0Minuten"},"schema":{"@context":"https:\/\/schema.org","@graph":[{"@type":"WebPage","@id":"https:\/\/www.zoohandel.ch\/de\/tierschutz\/","url":"https:\/\/www.zoohandel.ch\/de\/tierschutz\/","name":"Tierschutz - zoohandel.ch","isPartOf":{"@id":"https:\/\/www.zoohandel.ch\/de\/#website"},"datePublished":"2022-06-22T12:58:31+00:00","dateModified":"2024-03-14T13:33:41+00:00","description":"Berechnen Sie die genauen Masse f\u00fcr Ihr Terrarium und lesen Sie Empfehlungen des Schweizer Tierschutz STS zu den jeweiligen Tieren.","breadcrumb":{"@id":"https:\/\/www.zoohandel.ch\/de\/tierschutz\/#breadcrumb"},"inLanguage":"de","potentialAction":[{"@type":"ReadAction","target":["https:\/\/www.zoohandel.ch\/de\/tierschutz\/"]}]},{"@type":"BreadcrumbList","@id":"https:\/\/www.zoohandel.ch\/de\/tierschutz\/#breadcrumb","itemListElement":[{"@type":"ListItem","position":1,"name":"Startseite","item":"https:\/\/www.zoohandel.ch\/de\/"},{"@type":"ListItem","position":2,"name":"Tierschutz"}]},{"@type":"WebSite","@id":"https:\/\/www.zoohandel.ch\/de\/#website","url":"https:\/\/www.zoohandel.ch\/de\/","name":"zoohandel.ch","description":"Das Beste f\u00fcr Ihre Lieblinge","publisher":{"@id":"https:\/\/www.zoohandel.ch\/de\/#organization"},"potentialAction":[{"@type":"SearchAction","target":{"@type":"EntryPoint","urlTemplate":"https:\/\/www.zoohandel.ch\/de\/?s={search_term_string}"},"query-input":{"@type":"PropertyValueSpecification","valueRequired":true,"valueName":"search_term_string"}}],"inLanguage":"de"},{"@type":"Organization","@id":"https:\/\/www.zoohandel.ch\/de\/#organization","name":"zoohandel.ch","url":"https:\/\/www.zoohandel.ch\/de\/","logo":{"@type":"ImageObject","inLanguage":"de","@id":"https:\/\/www.zoohandel.ch\/de\/#\/schema\/logo\/image\/","url":"https:\/\/www.zoohandel.ch\/wp-content\/uploads\/zoohandel-ch.png","contentUrl":"https:\/\/www.zoohandel.ch\/wp-content\/uploads\/zoohandel-ch.png","width":575,"height":171,"caption":"zoohandel.ch"},"image":{"@id":"https:\/\/www.zoohandel.ch\/de\/#\/schema\/logo\/image\/"}}]}},"_links":{"self":[{"href":"https:\/\/www.zoohandel.ch\/de\/wp-json\/wp\/v2\/pages\/414033","targetHints":{"allow":["GET"]}}],"collection":[{"href":"https:\/\/www.zoohandel.ch\/de\/wp-json\/wp\/v2\/pages"}],"about":[{"href":"https:\/\/www.zoohandel.ch\/de\/wp-json\/wp\/v2\/types\/page"}],"author":[{"embeddable":true,"href":"https:\/\/www.zoohandel.ch\/de\/wp-json\/wp\/v2\/users\/2"}],"replies":[{"embeddable":true,"href":"https:\/\/www.zoohandel.ch\/de\/wp-json\/wp\/v2\/comments?post=414033"}],"version-history":[{"count":33,"href":"https:\/\/www.zoohandel.ch\/de\/wp-json\/wp\/v2\/pages\/414033\/revisions"}],"predecessor-version":[{"id":468874,"href":"https:\/\/www.zoohandel.ch\/de\/wp-json\/wp\/v2\/pages\/414033\/revisions\/468874"}],"wp:attachment":[{"href":"https:\/\/www.zoohandel.ch\/de\/wp-json\/wp\/v2\/media?parent=414033"}],"curies":[{"name":"wp","href":"https:\/\/api.w.org\/{rel}","templated":true}]}}