{"id":70816,"date":"2021-07-13T13:19:26","date_gmt":"2021-07-13T11:19:26","guid":{"rendered":"https:\/\/www.alfauna.ch.vasco.sui-inter.net\/?page_id=70816"},"modified":"2026-04-07T08:55:05","modified_gmt":"2026-04-07T06:55:05","slug":"impressum","status":"publish","type":"page","link":"https:\/\/www.zoohandel.ch\/de\/impressum\/","title":{"rendered":"Impressum"},"content":{"rendered":"\t<div id=\"text-1098576236\" class=\"text\">\n\t\t\n<h1>Impressum<\/h1>\n<p>F\u00fcr die Inhalte dieser Seiten ist im Sinne des Presserechts und \u00a7 6 des Mediendienste-Staatsvertrages verantwortlich:Inhaltlich Verantwortlicher gem\u00e4\u00df \u00a7 10 Absatz 3 MDStV:<\/p>\n\t\t\n<style>\n#text-1098576236 {\n  font-size: 1.2rem;\n}\n<\/style>\n\t<\/div>\n\t\n<div class=\"accordion\">\n\t<div id=\"accordion-2882063066\" class=\"accordion-item\">\n\t\t<a id=\"accordion-2882063066-label\" class=\"accordion-title plain\" href=\"#accordion-item-adresse\" aria-expanded=\"false\" aria-controls=\"accordion-2882063066-content\">\n\t\t\t<button class=\"toggle\" aria-label=\"Umschalten\"><i class=\"icon-angle-down\" aria-hidden=\"true\"><\/i><\/button>\n\t\t\t<span>Adresse<\/span>\n\t\t<\/a>\n\t\t<div id=\"accordion-2882063066-content\" class=\"accordion-inner\" aria-labelledby=\"accordion-2882063066-label\">\n\t\t\t\n\t<div id=\"text-3410640347\" class=\"text\">\n\t\t\n<p><strong>zoohandel.ch<\/strong><\/p>\n<p>Rita Hirter<\/p>\n<p>Tulpenweg 3<\/p>\n<p>4310 Rheinfelden<\/p>\n<p>Telefon: <a href=\"tel:+41618539369\">+41 61 853 93 69<\/a><br \/>\nE-mail:\u00a0<span id=\"cloakdc2ee7af8ac69e370ae9401000f6c094\"><a href=\"mailto:info@zoohandel.ch\">info@zoohandel.ch<\/a><\/span><br \/>\nWebsite: <a href=\"https:\/\/www.zoohandel.ch\">www.zoohandel.ch<\/a><\/p>\n\t\t\n<style>\n#text-3410640347 {\n  color: rgb(0, 0, 0);\n}\n#text-3410640347 > * {\n  color: rgb(0, 0, 0);\n}\n<\/style>\n\t<\/div>\n\t\n\t\t<\/div>\n\t<\/div>\n\t\n\t<div id=\"accordion-423623779\" class=\"accordion-item\">\n\t\t<a id=\"accordion-423623779-label\" class=\"accordion-title plain\" href=\"#accordion-item-bilder\" aria-expanded=\"false\" aria-controls=\"accordion-423623779-content\">\n\t\t\t<button class=\"toggle\" aria-label=\"Umschalten\"><i class=\"icon-angle-down\" aria-hidden=\"true\"><\/i><\/button>\n\t\t\t<span>Bilder<\/span>\n\t\t<\/a>\n\t\t<div id=\"accordion-423623779-content\" class=\"accordion-inner\" aria-labelledby=\"accordion-423623779-label\">\n\t\t\t\n\t<div id=\"text-2290128123\" class=\"text\">\n\t\t\n<p>Wir verwenden auf zoohandel.ch eigene Bilder, Bilder mit Lizenzen von iStock, sowie Bilder von Plattformen wie Pexels, Pixabay und Unsplash.<\/p>\n\t\t\n<style>\n#text-2290128123 {\n  color: rgb(0, 0, 0);\n}\n#text-2290128123 > * {\n  color: rgb(0, 0, 0);\n}\n<\/style>\n\t<\/div>\n\t\n\t\t<\/div>\n\t<\/div>\n\t\n\t<div id=\"accordion-1048437249\" class=\"accordion-item\">\n\t\t<a id=\"accordion-1048437249-label\" class=\"accordion-title plain\" href=\"#accordion-item-hinweis-zum-datenschutz\" aria-expanded=\"false\" aria-controls=\"accordion-1048437249-content\">\n\t\t\t<button class=\"toggle\" aria-label=\"Umschalten\"><i class=\"icon-angle-down\" aria-hidden=\"true\"><\/i><\/button>\n\t\t\t<span>Hinweis zum Datenschutz<\/span>\n\t\t<\/a>\n\t\t<div id=\"accordion-1048437249-content\" class=\"accordion-inner\" aria-labelledby=\"accordion-1048437249-label\">\n\t\t\t\n\t<div id=\"text-3098838153\" class=\"text\">\n\t\t\n<p>Daten, die Sie uns \u00fcbermitteln oder die wir aus der Nutzung unseres Angebotes gewinnen k\u00f6nnen, werden von uns strikt entsprechend den g\u00fcltigen Datenschutzbestimmungen behandelt. Die gespeicherten Daten werden nur zu internen statistischen Zwecken von uns ausgewertet.<\/p>\n\t\t\n<style>\n#text-3098838153 {\n  color: rgb(0, 0, 0);\n}\n#text-3098838153 > * {\n  color: rgb(0, 0, 0);\n}\n<\/style>\n\t<\/div>\n\t\n\t\t<\/div>\n\t<\/div>\n\t\n\t<div id=\"accordion-4151473515\" class=\"accordion-item\">\n\t\t<a id=\"accordion-4151473515-label\" class=\"accordion-title plain\" href=\"#accordion-item-copyright\" aria-expanded=\"false\" aria-controls=\"accordion-4151473515-content\">\n\t\t\t<button class=\"toggle\" aria-label=\"Umschalten\"><i class=\"icon-angle-down\" aria-hidden=\"true\"><\/i><\/button>\n\t\t\t<span>Copyright<\/span>\n\t\t<\/a>\n\t\t<div id=\"accordion-4151473515-content\" class=\"accordion-inner\" aria-labelledby=\"accordion-4151473515-label\">\n\t\t\t\n\t<div id=\"text-4202280974\" class=\"text\">\n\t\t\n<p>Das Layout der Website, die verwendeten Grafiken und Bilder, sowie einzelne Beitr\u00e4ge sind urheberrechtlich gesch\u00fctzt. Alle Rechte, auch die der Verbreitung, Wiedergabe, oder Vervielf\u00e4ltigung sowie die Verbreitung mittels Medien wie zum Beispiel Datentr\u00e4ger, Internet und eMail untersagen wir strikt. Dieses Recht beh\u00e4lt sich zoohandel.ch vor.<\/p>\n\t\t\n<style>\n#text-4202280974 {\n  color: rgb(0, 0, 0);\n}\n#text-4202280974 > * {\n  color: rgb(0, 0, 0);\n}\n<\/style>\n\t<\/div>\n\t\n\t\t<\/div>\n\t<\/div>\n\t\n\t<div id=\"accordion-744006796\" class=\"accordion-item\">\n\t\t<a id=\"accordion-744006796-label\" class=\"accordion-title plain\" href=\"#accordion-item-verantwortung-des-inhalts\" aria-expanded=\"false\" aria-controls=\"accordion-744006796-content\">\n\t\t\t<button class=\"toggle\" aria-label=\"Umschalten\"><i class=\"icon-angle-down\" aria-hidden=\"true\"><\/i><\/button>\n\t\t\t<span>Verantwortung des Inhalts<\/span>\n\t\t<\/a>\n\t\t<div id=\"accordion-744006796-content\" class=\"accordion-inner\" aria-labelledby=\"accordion-744006796-label\">\n\t\t\t\n\t<div id=\"text-2561355556\" class=\"text\">\n\t\t\n<p>F\u00fcr die sonstigen Inhalte ist verantwortlich:<\/p>\n<p>zoohandel.ch<\/p>\n\t\t\n<style>\n#text-2561355556 {\n  color: rgb(0, 0, 0);\n}\n#text-2561355556 > * {\n  color: rgb(0, 0, 0);\n}\n<\/style>\n\t<\/div>\n\t\n\t\t<\/div>\n\t<\/div>\n\t\n\t<div id=\"accordion-1494144470\" class=\"accordion-item\">\n\t\t<a id=\"accordion-1494144470-label\" class=\"accordion-title plain\" href=\"#accordion-item-rechtswirksamkeit\" aria-expanded=\"false\" aria-controls=\"accordion-1494144470-content\">\n\t\t\t<button class=\"toggle\" aria-label=\"Umschalten\"><i class=\"icon-angle-down\" aria-hidden=\"true\"><\/i><\/button>\n\t\t\t<span>Rechtswirksamkeit<\/span>\n\t\t<\/a>\n\t\t<div id=\"accordion-1494144470-content\" class=\"accordion-inner\" aria-labelledby=\"accordion-1494144470-label\">\n\t\t\t\n\t<div id=\"text-1049207275\" class=\"text\">\n\t\t\n<p>Dieser Haftungsausschluss ist Teil des Internetangebotes von zoohandel.ch. Sofern einzelne Formulierungen oder Teile dieses Textes der geltenden Rechtslage nicht mehr oder nicht mehr vollst\u00e4ndig entsprechen, bleiben die \u00fcbrigen Teile dieser Erkl\u00e4rung davon unber\u00fchrt<\/p>\n\t\t\n<style>\n#text-1049207275 {\n  color: rgb(0, 0, 0);\n}\n#text-1049207275 > * {\n  color: rgb(0, 0, 0);\n}\n<\/style>\n\t<\/div>\n\t\n\t\t<\/div>\n\t<\/div>\n\t\n<\/div>\n","protected":false},"excerpt":{"rendered":"","protected":false},"author":2,"featured_media":0,"parent":0,"menu_order":0,"comment_status":"closed","ping_status":"closed","template":"","meta":{"_acf_changed":false,"footnotes":""},"class_list":["post-70816","page","type-page","status-publish","hentry"],"acf":[],"yoast_head":"<!-- This site is optimized with the Yoast SEO plugin v25.8 - https:\/\/yoast.com\/wordpress\/plugins\/seo\/ -->\n<title>Impressum - zoohandel.ch<\/title>\n<meta name=\"description\" content=\"F\u00fcr die Inhalte dieser Seiten ist im Sinne des Presserechts und \u00a7 6 des Mediendienste-Staatsvertrages verantwortlich.\" \/>\n<meta name=\"robots\" content=\"index, follow, max-snippet:-1, max-image-preview:large, max-video-preview:-1\" \/>\n<link rel=\"canonical\" href=\"https:\/\/www.zoohandel.ch\/de\/impressum\/\" \/>\n<meta property=\"og:locale\" content=\"de_DE\" \/>\n<meta property=\"og:type\" content=\"article\" \/>\n<meta property=\"og:title\" content=\"Impressum - zoohandel.ch\" \/>\n<meta property=\"og:description\" content=\"F\u00fcr die Inhalte dieser Seiten ist im Sinne des Presserechts und \u00a7 6 des Mediendienste-Staatsvertrages verantwortlich.\" \/>\n<meta property=\"og:url\" content=\"https:\/\/www.zoohandel.ch\/de\/impressum\/\" \/>\n<meta property=\"og:site_name\" content=\"zoohandel.ch\" \/>\n<meta property=\"article:modified_time\" content=\"2026-04-07T06:55:05+00:00\" \/>\n<meta name=\"twitter:card\" content=\"summary_large_image\" \/>\n<meta name=\"twitter:label1\" content=\"Gesch\u00e4tzte Lesezeit\" \/>\n\t<meta name=\"twitter:data1\" content=\"2\u00a0Minuten\" \/>\n<script type=\"application\/ld+json\" class=\"yoast-schema-graph\">{\"@context\":\"https:\/\/schema.org\",\"@graph\":[{\"@type\":\"WebPage\",\"@id\":\"https:\/\/www.zoohandel.ch\/de\/impressum\/\",\"url\":\"https:\/\/www.zoohandel.ch\/de\/impressum\/\",\"name\":\"Impressum - zoohandel.ch\",\"isPartOf\":{\"@id\":\"https:\/\/www.zoohandel.ch\/de\/#website\"},\"datePublished\":\"2021-07-13T11:19:26+00:00\",\"dateModified\":\"2026-04-07T06:55:05+00:00\",\"description\":\"F\u00fcr die Inhalte dieser Seiten ist im Sinne des Presserechts und \u00a7 6 des Mediendienste-Staatsvertrages verantwortlich.\",\"breadcrumb\":{\"@id\":\"https:\/\/www.zoohandel.ch\/de\/impressum\/#breadcrumb\"},\"inLanguage\":\"de\",\"potentialAction\":[{\"@type\":\"ReadAction\",\"target\":[\"https:\/\/www.zoohandel.ch\/de\/impressum\/\"]}]},{\"@type\":\"BreadcrumbList\",\"@id\":\"https:\/\/www.zoohandel.ch\/de\/impressum\/#breadcrumb\",\"itemListElement\":[{\"@type\":\"ListItem\",\"position\":1,\"name\":\"Startseite\",\"item\":\"https:\/\/www.zoohandel.ch\/de\/\"},{\"@type\":\"ListItem\",\"position\":2,\"name\":\"Impressum\"}]},{\"@type\":\"WebSite\",\"@id\":\"https:\/\/www.zoohandel.ch\/de\/#website\",\"url\":\"https:\/\/www.zoohandel.ch\/de\/\",\"name\":\"zoohandel.ch\",\"description\":\"Das Beste f\u00fcr Ihre Lieblinge\",\"publisher\":{\"@id\":\"https:\/\/www.zoohandel.ch\/de\/#organization\"},\"potentialAction\":[{\"@type\":\"SearchAction\",\"target\":{\"@type\":\"EntryPoint\",\"urlTemplate\":\"https:\/\/www.zoohandel.ch\/de\/?s={search_term_string}\"},\"query-input\":{\"@type\":\"PropertyValueSpecification\",\"valueRequired\":true,\"valueName\":\"search_term_string\"}}],\"inLanguage\":\"de\"},{\"@type\":\"Organization\",\"@id\":\"https:\/\/www.zoohandel.ch\/de\/#organization\",\"name\":\"zoohandel.ch\",\"url\":\"https:\/\/www.zoohandel.ch\/de\/\",\"logo\":{\"@type\":\"ImageObject\",\"inLanguage\":\"de\",\"@id\":\"https:\/\/www.zoohandel.ch\/de\/#\/schema\/logo\/image\/\",\"url\":\"https:\/\/www.zoohandel.ch\/wp-content\/uploads\/zoohandel-ch.png\",\"contentUrl\":\"https:\/\/www.zoohandel.ch\/wp-content\/uploads\/zoohandel-ch.png\",\"width\":575,\"height\":171,\"caption\":\"zoohandel.ch\"},\"image\":{\"@id\":\"https:\/\/www.zoohandel.ch\/de\/#\/schema\/logo\/image\/\"}}]}<\/script>\n<!-- \/ Yoast SEO plugin. -->","yoast_head_json":{"title":"Impressum - zoohandel.ch","description":"F\u00fcr die Inhalte dieser Seiten ist im Sinne des Presserechts und \u00a7 6 des Mediendienste-Staatsvertrages verantwortlich.","robots":{"index":"index","follow":"follow","max-snippet":"max-snippet:-1","max-image-preview":"max-image-preview:large","max-video-preview":"max-video-preview:-1"},"canonical":"https:\/\/www.zoohandel.ch\/de\/impressum\/","og_locale":"de_DE","og_type":"article","og_title":"Impressum - zoohandel.ch","og_description":"F\u00fcr die Inhalte dieser Seiten ist im Sinne des Presserechts und \u00a7 6 des Mediendienste-Staatsvertrages verantwortlich.","og_url":"https:\/\/www.zoohandel.ch\/de\/impressum\/","og_site_name":"zoohandel.ch","article_modified_time":"2026-04-07T06:55:05+00:00","twitter_card":"summary_large_image","twitter_misc":{"Gesch\u00e4tzte Lesezeit":"2\u00a0Minuten"},"schema":{"@context":"https:\/\/schema.org","@graph":[{"@type":"WebPage","@id":"https:\/\/www.zoohandel.ch\/de\/impressum\/","url":"https:\/\/www.zoohandel.ch\/de\/impressum\/","name":"Impressum - zoohandel.ch","isPartOf":{"@id":"https:\/\/www.zoohandel.ch\/de\/#website"},"datePublished":"2021-07-13T11:19:26+00:00","dateModified":"2026-04-07T06:55:05+00:00","description":"F\u00fcr die Inhalte dieser Seiten ist im Sinne des Presserechts und \u00a7 6 des Mediendienste-Staatsvertrages verantwortlich.","breadcrumb":{"@id":"https:\/\/www.zoohandel.ch\/de\/impressum\/#breadcrumb"},"inLanguage":"de","potentialAction":[{"@type":"ReadAction","target":["https:\/\/www.zoohandel.ch\/de\/impressum\/"]}]},{"@type":"BreadcrumbList","@id":"https:\/\/www.zoohandel.ch\/de\/impressum\/#breadcrumb","itemListElement":[{"@type":"ListItem","position":1,"name":"Startseite","item":"https:\/\/www.zoohandel.ch\/de\/"},{"@type":"ListItem","position":2,"name":"Impressum"}]},{"@type":"WebSite","@id":"https:\/\/www.zoohandel.ch\/de\/#website","url":"https:\/\/www.zoohandel.ch\/de\/","name":"zoohandel.ch","description":"Das Beste f\u00fcr Ihre Lieblinge","publisher":{"@id":"https:\/\/www.zoohandel.ch\/de\/#organization"},"potentialAction":[{"@type":"SearchAction","target":{"@type":"EntryPoint","urlTemplate":"https:\/\/www.zoohandel.ch\/de\/?s={search_term_string}"},"query-input":{"@type":"PropertyValueSpecification","valueRequired":true,"valueName":"search_term_string"}}],"inLanguage":"de"},{"@type":"Organization","@id":"https:\/\/www.zoohandel.ch\/de\/#organization","name":"zoohandel.ch","url":"https:\/\/www.zoohandel.ch\/de\/","logo":{"@type":"ImageObject","inLanguage":"de","@id":"https:\/\/www.zoohandel.ch\/de\/#\/schema\/logo\/image\/","url":"https:\/\/www.zoohandel.ch\/wp-content\/uploads\/zoohandel-ch.png","contentUrl":"https:\/\/www.zoohandel.ch\/wp-content\/uploads\/zoohandel-ch.png","width":575,"height":171,"caption":"zoohandel.ch"},"image":{"@id":"https:\/\/www.zoohandel.ch\/de\/#\/schema\/logo\/image\/"}}]}},"_links":{"self":[{"href":"https:\/\/www.zoohandel.ch\/de\/wp-json\/wp\/v2\/pages\/70816","targetHints":{"allow":["GET"]}}],"collection":[{"href":"https:\/\/www.zoohandel.ch\/de\/wp-json\/wp\/v2\/pages"}],"about":[{"href":"https:\/\/www.zoohandel.ch\/de\/wp-json\/wp\/v2\/types\/page"}],"author":[{"embeddable":true,"href":"https:\/\/www.zoohandel.ch\/de\/wp-json\/wp\/v2\/users\/2"}],"replies":[{"embeddable":true,"href":"https:\/\/www.zoohandel.ch\/de\/wp-json\/wp\/v2\/comments?post=70816"}],"version-history":[{"count":18,"href":"https:\/\/www.zoohandel.ch\/de\/wp-json\/wp\/v2\/pages\/70816\/revisions"}],"predecessor-version":[{"id":571248,"href":"https:\/\/www.zoohandel.ch\/de\/wp-json\/wp\/v2\/pages\/70816\/revisions\/571248"}],"wp:attachment":[{"href":"https:\/\/www.zoohandel.ch\/de\/wp-json\/wp\/v2\/media?parent=70816"}],"curies":[{"name":"wp","href":"https:\/\/api.w.org\/{rel}","templated":true}]}}