{"id":185132,"date":"2016-12-23T00:00:00","date_gmt":"2016-12-22T23:00:00","guid":{"rendered":"https:\/\/www.alfauna.ch.vasco.sui-inter.net\/shop\/unkategorisiert\/puur-ratte-alleinfutter\/"},"modified":"2026-04-19T05:36:16","modified_gmt":"2026-04-19T03:36:16","slug":"puur-ratte-alleinfutter-800gr","status":"publish","type":"product","link":"https:\/\/www.zoohandel.ch\/de\/shop\/nagetiere-kaninchen\/futter-nagetiere-kaninchen\/puur-ratte-alleinfutter-800gr\/","title":{"rendered":"Puur Ratte Alleinfutter"},"content":{"rendered":"<p>Mit hochwertigen Tierproteinen<br \/>\nYucca bek\u00e4mpft unangenehme Ger\u00fcche<br \/>\nDie ausgewogene Zusammensetzung mit Proteinen tierischen Ursprungs, hinzugef\u00fcgte Vitamine und Spurenelemente erh\u00f6hen die Vitalit\u00e4t Ihres Haustieres<br \/>\nDie Pr\u00e4biotika im Futter f\u00f6rdern au\u00dferdem die gesunde Verdauung<br \/>\nOhne k\u00fcnstliche Konservierungsstoffe, Farbstoffe oder Aromastoffe<\/p>\n","protected":false},"excerpt":{"rendered":"<p>Mit hochwertigen Tierproteinen Yucca bek\u00e4mpft unangenehme Ger\u00fcche Die ausgewogene Zusammensetzung mit Proteinen tierischen Ursprungs, hinzugef\u00fcgte Vitamine und Spurenelemente erh\u00f6hen die Vitalit\u00e4t Ihres Haustieres Die Pr\u00e4biotika im Futter f\u00f6rdern au\u00dferdem die gesunde Verdauung Ohne k\u00fcnstliche Konservierungsstoffe, Farbstoffe oder Aromastoffe<\/p>\n","protected":false},"featured_media":386352,"template":"","meta":{"_acf_changed":false},"product_brand":[],"product_cat":[3593,2605],"product_tag":[],"class_list":{"0":"post-185132","1":"product","2":"type-product","3":"status-publish","4":"has-post-thumbnail","6":"product_cat-futter-nagetiere-kaninchen","7":"product_cat-nagetiere-kaninchen","9":"first","10":"instock","11":"taxable","12":"shipping-taxable","13":"purchasable","14":"product-type-simple"},"acf":[],"yoast_head":"<!-- This site is optimized with the Yoast SEO plugin v25.8 - https:\/\/yoast.com\/wordpress\/plugins\/seo\/ -->\n<title>Puur Ratte Alleinfutter - zoohandel.ch<\/title>\n<meta name=\"robots\" content=\"index, follow, max-snippet:-1, max-image-preview:large, max-video-preview:-1\" \/>\n<link rel=\"canonical\" href=\"https:\/\/www.zoohandel.ch\/de\/shop\/nagetiere-kaninchen\/futter-nagetiere-kaninchen\/puur-ratte-alleinfutter-800gr\/\" \/>\n<meta property=\"og:locale\" content=\"de_DE\" \/>\n<meta property=\"og:type\" content=\"article\" \/>\n<meta property=\"og:title\" content=\"Puur Ratte Alleinfutter - zoohandel.ch\" \/>\n<meta property=\"og:description\" content=\"Mit hochwertigen Tierproteinen Yucca bek\u00e4mpft unangenehme Ger\u00fcche Die ausgewogene Zusammensetzung mit Proteinen tierischen Ursprungs, hinzugef\u00fcgte Vitamine und Spurenelemente erh\u00f6hen die Vitalit\u00e4t Ihres Haustieres Die Pr\u00e4biotika im Futter f\u00f6rdern au\u00dferdem die gesunde Verdauung Ohne k\u00fcnstliche Konservierungsstoffe, Farbstoffe oder Aromastoffe\" \/>\n<meta property=\"og:url\" content=\"https:\/\/www.zoohandel.ch\/de\/shop\/nagetiere-kaninchen\/futter-nagetiere-kaninchen\/puur-ratte-alleinfutter-800gr\/\" \/>\n<meta property=\"og:site_name\" content=\"zoohandel.ch\" \/>\n<meta property=\"article:modified_time\" content=\"2026-04-19T03:36:16+00:00\" \/>\n<meta property=\"og:image\" content=\"https:\/\/www.zoohandel.ch\/wp-content\/uploads\/1824_gr.jpg\" \/>\n\t<meta property=\"og:image:width\" content=\"300\" \/>\n\t<meta property=\"og:image:height\" content=\"440\" \/>\n\t<meta property=\"og:image:type\" content=\"image\/jpeg\" \/>\n<meta name=\"twitter:card\" content=\"summary_large_image\" \/>\n<script type=\"application\/ld+json\" class=\"yoast-schema-graph\">{\"@context\":\"https:\/\/schema.org\",\"@graph\":[{\"@type\":\"WebPage\",\"@id\":\"https:\/\/www.zoohandel.ch\/de\/shop\/nagetiere-kaninchen\/futter-nagetiere-kaninchen\/puur-ratte-alleinfutter-800gr\/\",\"url\":\"https:\/\/www.zoohandel.ch\/de\/shop\/nagetiere-kaninchen\/futter-nagetiere-kaninchen\/puur-ratte-alleinfutter-800gr\/\",\"name\":\"Puur Ratte Alleinfutter - zoohandel.ch\",\"isPartOf\":{\"@id\":\"https:\/\/www.zoohandel.ch\/de\/#website\"},\"primaryImageOfPage\":{\"@id\":\"https:\/\/www.zoohandel.ch\/de\/shop\/nagetiere-kaninchen\/futter-nagetiere-kaninchen\/puur-ratte-alleinfutter-800gr\/#primaryimage\"},\"image\":{\"@id\":\"https:\/\/www.zoohandel.ch\/de\/shop\/nagetiere-kaninchen\/futter-nagetiere-kaninchen\/puur-ratte-alleinfutter-800gr\/#primaryimage\"},\"thumbnailUrl\":\"https:\/\/www.zoohandel.ch\/wp-content\/uploads\/1824_gr.jpg\",\"datePublished\":\"2016-12-22T23:00:00+00:00\",\"dateModified\":\"2026-04-19T03:36:16+00:00\",\"breadcrumb\":{\"@id\":\"https:\/\/www.zoohandel.ch\/de\/shop\/nagetiere-kaninchen\/futter-nagetiere-kaninchen\/puur-ratte-alleinfutter-800gr\/#breadcrumb\"},\"inLanguage\":\"de\",\"potentialAction\":[{\"@type\":\"ReadAction\",\"target\":[\"https:\/\/www.zoohandel.ch\/de\/shop\/nagetiere-kaninchen\/futter-nagetiere-kaninchen\/puur-ratte-alleinfutter-800gr\/\"]}]},{\"@type\":\"ImageObject\",\"inLanguage\":\"de\",\"@id\":\"https:\/\/www.zoohandel.ch\/de\/shop\/nagetiere-kaninchen\/futter-nagetiere-kaninchen\/puur-ratte-alleinfutter-800gr\/#primaryimage\",\"url\":\"https:\/\/www.zoohandel.ch\/wp-content\/uploads\/1824_gr.jpg\",\"contentUrl\":\"https:\/\/www.zoohandel.ch\/wp-content\/uploads\/1824_gr.jpg\",\"width\":300,\"height\":440},{\"@type\":\"BreadcrumbList\",\"@id\":\"https:\/\/www.zoohandel.ch\/de\/shop\/nagetiere-kaninchen\/futter-nagetiere-kaninchen\/puur-ratte-alleinfutter-800gr\/#breadcrumb\",\"itemListElement\":[{\"@type\":\"ListItem\",\"position\":1,\"name\":\"Startseite\",\"item\":\"https:\/\/www.zoohandel.ch\/de\/\"},{\"@type\":\"ListItem\",\"position\":2,\"name\":\"Shop\",\"item\":\"https:\/\/www.zoohandel.ch\/de\/online-shop-ueber-saemtliche-tierartikel\/\"},{\"@type\":\"ListItem\",\"position\":3,\"name\":\"Puur Ratte Alleinfutter\"}]},{\"@type\":\"WebSite\",\"@id\":\"https:\/\/www.zoohandel.ch\/de\/#website\",\"url\":\"https:\/\/www.zoohandel.ch\/de\/\",\"name\":\"zoohandel.ch\",\"description\":\"Das Beste f\u00fcr Ihre Lieblinge\",\"publisher\":{\"@id\":\"https:\/\/www.zoohandel.ch\/de\/#organization\"},\"potentialAction\":[{\"@type\":\"SearchAction\",\"target\":{\"@type\":\"EntryPoint\",\"urlTemplate\":\"https:\/\/www.zoohandel.ch\/de\/?s={search_term_string}\"},\"query-input\":{\"@type\":\"PropertyValueSpecification\",\"valueRequired\":true,\"valueName\":\"search_term_string\"}}],\"inLanguage\":\"de\"},{\"@type\":\"Organization\",\"@id\":\"https:\/\/www.zoohandel.ch\/de\/#organization\",\"name\":\"zoohandel.ch\",\"url\":\"https:\/\/www.zoohandel.ch\/de\/\",\"logo\":{\"@type\":\"ImageObject\",\"inLanguage\":\"de\",\"@id\":\"https:\/\/www.zoohandel.ch\/de\/#\/schema\/logo\/image\/\",\"url\":\"https:\/\/www.zoohandel.ch\/wp-content\/uploads\/zoohandel-ch.png\",\"contentUrl\":\"https:\/\/www.zoohandel.ch\/wp-content\/uploads\/zoohandel-ch.png\",\"width\":575,\"height\":171,\"caption\":\"zoohandel.ch\"},\"image\":{\"@id\":\"https:\/\/www.zoohandel.ch\/de\/#\/schema\/logo\/image\/\"}}]}<\/script>\n<!-- \/ Yoast SEO plugin. -->","yoast_head_json":{"title":"Puur Ratte Alleinfutter - zoohandel.ch","robots":{"index":"index","follow":"follow","max-snippet":"max-snippet:-1","max-image-preview":"max-image-preview:large","max-video-preview":"max-video-preview:-1"},"canonical":"https:\/\/www.zoohandel.ch\/de\/shop\/nagetiere-kaninchen\/futter-nagetiere-kaninchen\/puur-ratte-alleinfutter-800gr\/","og_locale":"de_DE","og_type":"article","og_title":"Puur Ratte Alleinfutter - zoohandel.ch","og_description":"Mit hochwertigen Tierproteinen Yucca bek\u00e4mpft unangenehme Ger\u00fcche Die ausgewogene Zusammensetzung mit Proteinen tierischen Ursprungs, hinzugef\u00fcgte Vitamine und Spurenelemente erh\u00f6hen die Vitalit\u00e4t Ihres Haustieres Die Pr\u00e4biotika im Futter f\u00f6rdern au\u00dferdem die gesunde Verdauung Ohne k\u00fcnstliche Konservierungsstoffe, Farbstoffe oder Aromastoffe","og_url":"https:\/\/www.zoohandel.ch\/de\/shop\/nagetiere-kaninchen\/futter-nagetiere-kaninchen\/puur-ratte-alleinfutter-800gr\/","og_site_name":"zoohandel.ch","article_modified_time":"2026-04-19T03:36:16+00:00","og_image":[{"width":300,"height":440,"url":"https:\/\/www.zoohandel.ch\/wp-content\/uploads\/1824_gr.jpg","type":"image\/jpeg"}],"twitter_card":"summary_large_image","schema":{"@context":"https:\/\/schema.org","@graph":[{"@type":"WebPage","@id":"https:\/\/www.zoohandel.ch\/de\/shop\/nagetiere-kaninchen\/futter-nagetiere-kaninchen\/puur-ratte-alleinfutter-800gr\/","url":"https:\/\/www.zoohandel.ch\/de\/shop\/nagetiere-kaninchen\/futter-nagetiere-kaninchen\/puur-ratte-alleinfutter-800gr\/","name":"Puur Ratte Alleinfutter - zoohandel.ch","isPartOf":{"@id":"https:\/\/www.zoohandel.ch\/de\/#website"},"primaryImageOfPage":{"@id":"https:\/\/www.zoohandel.ch\/de\/shop\/nagetiere-kaninchen\/futter-nagetiere-kaninchen\/puur-ratte-alleinfutter-800gr\/#primaryimage"},"image":{"@id":"https:\/\/www.zoohandel.ch\/de\/shop\/nagetiere-kaninchen\/futter-nagetiere-kaninchen\/puur-ratte-alleinfutter-800gr\/#primaryimage"},"thumbnailUrl":"https:\/\/www.zoohandel.ch\/wp-content\/uploads\/1824_gr.jpg","datePublished":"2016-12-22T23:00:00+00:00","dateModified":"2026-04-19T03:36:16+00:00","breadcrumb":{"@id":"https:\/\/www.zoohandel.ch\/de\/shop\/nagetiere-kaninchen\/futter-nagetiere-kaninchen\/puur-ratte-alleinfutter-800gr\/#breadcrumb"},"inLanguage":"de","potentialAction":[{"@type":"ReadAction","target":["https:\/\/www.zoohandel.ch\/de\/shop\/nagetiere-kaninchen\/futter-nagetiere-kaninchen\/puur-ratte-alleinfutter-800gr\/"]}]},{"@type":"ImageObject","inLanguage":"de","@id":"https:\/\/www.zoohandel.ch\/de\/shop\/nagetiere-kaninchen\/futter-nagetiere-kaninchen\/puur-ratte-alleinfutter-800gr\/#primaryimage","url":"https:\/\/www.zoohandel.ch\/wp-content\/uploads\/1824_gr.jpg","contentUrl":"https:\/\/www.zoohandel.ch\/wp-content\/uploads\/1824_gr.jpg","width":300,"height":440},{"@type":"BreadcrumbList","@id":"https:\/\/www.zoohandel.ch\/de\/shop\/nagetiere-kaninchen\/futter-nagetiere-kaninchen\/puur-ratte-alleinfutter-800gr\/#breadcrumb","itemListElement":[{"@type":"ListItem","position":1,"name":"Startseite","item":"https:\/\/www.zoohandel.ch\/de\/"},{"@type":"ListItem","position":2,"name":"Shop","item":"https:\/\/www.zoohandel.ch\/de\/online-shop-ueber-saemtliche-tierartikel\/"},{"@type":"ListItem","position":3,"name":"Puur Ratte Alleinfutter"}]},{"@type":"WebSite","@id":"https:\/\/www.zoohandel.ch\/de\/#website","url":"https:\/\/www.zoohandel.ch\/de\/","name":"zoohandel.ch","description":"Das Beste f\u00fcr Ihre Lieblinge","publisher":{"@id":"https:\/\/www.zoohandel.ch\/de\/#organization"},"potentialAction":[{"@type":"SearchAction","target":{"@type":"EntryPoint","urlTemplate":"https:\/\/www.zoohandel.ch\/de\/?s={search_term_string}"},"query-input":{"@type":"PropertyValueSpecification","valueRequired":true,"valueName":"search_term_string"}}],"inLanguage":"de"},{"@type":"Organization","@id":"https:\/\/www.zoohandel.ch\/de\/#organization","name":"zoohandel.ch","url":"https:\/\/www.zoohandel.ch\/de\/","logo":{"@type":"ImageObject","inLanguage":"de","@id":"https:\/\/www.zoohandel.ch\/de\/#\/schema\/logo\/image\/","url":"https:\/\/www.zoohandel.ch\/wp-content\/uploads\/zoohandel-ch.png","contentUrl":"https:\/\/www.zoohandel.ch\/wp-content\/uploads\/zoohandel-ch.png","width":575,"height":171,"caption":"zoohandel.ch"},"image":{"@id":"https:\/\/www.zoohandel.ch\/de\/#\/schema\/logo\/image\/"}}]}},"tiered_pricing_type":"fixed","tiered_pricing_fixed_rules":[],"tiered_pricing_product_settings":{"layout":"default","base_unit_name":{"singular":null,"plural":null},"default_variation":null},"tiered_pricing_minimum_quantity":null,"tiered_pricing_roles_data":[],"tiered_pricing_percentage_rules":[],"_links":{"self":[{"href":"https:\/\/www.zoohandel.ch\/de\/wp-json\/wp\/v2\/product\/185132","targetHints":{"allow":["GET"]}}],"collection":[{"href":"https:\/\/www.zoohandel.ch\/de\/wp-json\/wp\/v2\/product"}],"about":[{"href":"https:\/\/www.zoohandel.ch\/de\/wp-json\/wp\/v2\/types\/product"}],"wp:featuredmedia":[{"embeddable":true,"href":"https:\/\/www.zoohandel.ch\/de\/wp-json\/wp\/v2\/media\/386352"}],"wp:attachment":[{"href":"https:\/\/www.zoohandel.ch\/de\/wp-json\/wp\/v2\/media?parent=185132"}],"wp:term":[{"taxonomy":"product_brand","embeddable":true,"href":"https:\/\/www.zoohandel.ch\/de\/wp-json\/wp\/v2\/product_brand?post=185132"},{"taxonomy":"product_cat","embeddable":true,"href":"https:\/\/www.zoohandel.ch\/de\/wp-json\/wp\/v2\/product_cat?post=185132"},{"taxonomy":"product_tag","embeddable":true,"href":"https:\/\/www.zoohandel.ch\/de\/wp-json\/wp\/v2\/product_tag?post=185132"}],"curies":[{"name":"wp","href":"https:\/\/api.w.org\/{rel}","templated":true}]}}