{"id":187059,"date":"2021-07-23T00:00:00","date_gmt":"2021-07-22T22:00:00","guid":{"rendered":"https:\/\/www.alfauna.ch.vasco.sui-inter.net\/shop\/unkategorisiert\/animondakatze-carny-cat-drink-mit-thunfisch\/"},"modified":"2026-04-20T00:31:45","modified_gmt":"2026-04-19T22:31:45","slug":"animondakatze-carny-cat-drink-mit-thunfisch","status":"publish","type":"product","link":"https:\/\/www.zoohandel.ch\/de\/shop\/katzen\/futter-katzen\/snacks-zusatzfutter\/animondakatze-carny-cat-drink-mit-thunfisch\/","title":{"rendered":"Animonda,Katze Carny Cat Drink mit Thunfisch"},"content":{"rendered":"<p>Carny Cat Drink mit Thunfisch versorgt Katzen mit der extra Portion Fl\u00fcssigkeit. Katzen nehmen h\u00e4ufig zu wenig Fl\u00fcssigkeit auf. Das leckere Katzengetr\u00e4nk mit feinsten Thunfischstreifen animiert Katzen mehr zu trinken und steigert so die Fl\u00fcssigkeitsaufnahme. F\u00fcr Katzen unwiderstehlich lecker.<\/p>\n","protected":false},"excerpt":{"rendered":"<p>Carny Cat Drink mit Thunfisch versorgt Katzen mit der extra Portion Fl\u00fcssigkeit. Katzen nehmen h\u00e4ufig zu wenig Fl\u00fcssigkeit auf. Das leckere Katzengetr\u00e4nk mit feinsten Thunfischstreifen animiert Katzen mehr zu trinken und steigert so die Fl\u00fcssigkeitsaufnahme. F\u00fcr Katzen unwiderstehlich lecker.<\/p>\n","protected":false},"featured_media":394904,"template":"","meta":{"_acf_changed":false},"product_brand":[],"product_cat":[3622,2637,3777],"product_tag":[],"class_list":{"0":"post-187059","1":"product","2":"type-product","3":"status-publish","4":"has-post-thumbnail","6":"product_cat-futter-katzen","7":"product_cat-katzen","8":"product_cat-snacks-zusatzfutter","10":"first","11":"instock","12":"taxable","13":"shipping-taxable","14":"purchasable","15":"product-type-simple"},"acf":[],"yoast_head":"<!-- This site is optimized with the Yoast SEO plugin v25.8 - https:\/\/yoast.com\/wordpress\/plugins\/seo\/ -->\n<title>Animonda,Katze Carny Cat Drink mit Thunfisch - zoohandel.ch<\/title>\n<meta name=\"robots\" content=\"index, follow, max-snippet:-1, max-image-preview:large, max-video-preview:-1\" \/>\n<link rel=\"canonical\" href=\"https:\/\/www.zoohandel.ch\/de\/shop\/katzen\/futter-katzen\/snacks-zusatzfutter\/animondakatze-carny-cat-drink-mit-thunfisch\/\" \/>\n<meta property=\"og:locale\" content=\"de_DE\" \/>\n<meta property=\"og:type\" content=\"article\" \/>\n<meta property=\"og:title\" content=\"Animonda,Katze Carny Cat Drink mit Thunfisch - zoohandel.ch\" \/>\n<meta property=\"og:description\" content=\"Carny Cat Drink mit Thunfisch versorgt Katzen mit der extra Portion Fl\u00fcssigkeit. Katzen nehmen h\u00e4ufig zu wenig Fl\u00fcssigkeit auf. Das leckere Katzengetr\u00e4nk mit feinsten Thunfischstreifen animiert Katzen mehr zu trinken und steigert so die Fl\u00fcssigkeitsaufnahme. F\u00fcr Katzen unwiderstehlich lecker.\" \/>\n<meta property=\"og:url\" content=\"https:\/\/www.zoohandel.ch\/de\/shop\/katzen\/futter-katzen\/snacks-zusatzfutter\/animondakatze-carny-cat-drink-mit-thunfisch\/\" \/>\n<meta property=\"og:site_name\" content=\"zoohandel.ch\" \/>\n<meta property=\"article:modified_time\" content=\"2026-04-19T22:31:45+00:00\" \/>\n<meta property=\"og:image\" content=\"https:\/\/www.zoohandel.ch\/wp-content\/uploads\/83592_gr.png\" \/>\n\t<meta property=\"og:image:width\" content=\"500\" \/>\n\t<meta property=\"og:image:height\" content=\"680\" \/>\n\t<meta property=\"og:image:type\" content=\"image\/png\" \/>\n<meta name=\"twitter:card\" content=\"summary_large_image\" \/>\n<script type=\"application\/ld+json\" class=\"yoast-schema-graph\">{\"@context\":\"https:\/\/schema.org\",\"@graph\":[{\"@type\":\"WebPage\",\"@id\":\"https:\/\/www.zoohandel.ch\/de\/shop\/katzen\/futter-katzen\/snacks-zusatzfutter\/animondakatze-carny-cat-drink-mit-thunfisch\/\",\"url\":\"https:\/\/www.zoohandel.ch\/de\/shop\/katzen\/futter-katzen\/snacks-zusatzfutter\/animondakatze-carny-cat-drink-mit-thunfisch\/\",\"name\":\"Animonda,Katze Carny Cat Drink mit Thunfisch - zoohandel.ch\",\"isPartOf\":{\"@id\":\"https:\/\/www.zoohandel.ch\/de\/#website\"},\"primaryImageOfPage\":{\"@id\":\"https:\/\/www.zoohandel.ch\/de\/shop\/katzen\/futter-katzen\/snacks-zusatzfutter\/animondakatze-carny-cat-drink-mit-thunfisch\/#primaryimage\"},\"image\":{\"@id\":\"https:\/\/www.zoohandel.ch\/de\/shop\/katzen\/futter-katzen\/snacks-zusatzfutter\/animondakatze-carny-cat-drink-mit-thunfisch\/#primaryimage\"},\"thumbnailUrl\":\"https:\/\/www.zoohandel.ch\/wp-content\/uploads\/83592_gr.png\",\"datePublished\":\"2021-07-22T22:00:00+00:00\",\"dateModified\":\"2026-04-19T22:31:45+00:00\",\"breadcrumb\":{\"@id\":\"https:\/\/www.zoohandel.ch\/de\/shop\/katzen\/futter-katzen\/snacks-zusatzfutter\/animondakatze-carny-cat-drink-mit-thunfisch\/#breadcrumb\"},\"inLanguage\":\"de\",\"potentialAction\":[{\"@type\":\"ReadAction\",\"target\":[\"https:\/\/www.zoohandel.ch\/de\/shop\/katzen\/futter-katzen\/snacks-zusatzfutter\/animondakatze-carny-cat-drink-mit-thunfisch\/\"]}]},{\"@type\":\"ImageObject\",\"inLanguage\":\"de\",\"@id\":\"https:\/\/www.zoohandel.ch\/de\/shop\/katzen\/futter-katzen\/snacks-zusatzfutter\/animondakatze-carny-cat-drink-mit-thunfisch\/#primaryimage\",\"url\":\"https:\/\/www.zoohandel.ch\/wp-content\/uploads\/83592_gr.png\",\"contentUrl\":\"https:\/\/www.zoohandel.ch\/wp-content\/uploads\/83592_gr.png\",\"width\":500,\"height\":680},{\"@type\":\"BreadcrumbList\",\"@id\":\"https:\/\/www.zoohandel.ch\/de\/shop\/katzen\/futter-katzen\/snacks-zusatzfutter\/animondakatze-carny-cat-drink-mit-thunfisch\/#breadcrumb\",\"itemListElement\":[{\"@type\":\"ListItem\",\"position\":1,\"name\":\"Startseite\",\"item\":\"https:\/\/www.zoohandel.ch\/de\/\"},{\"@type\":\"ListItem\",\"position\":2,\"name\":\"Shop\",\"item\":\"https:\/\/www.zoohandel.ch\/de\/online-shop-ueber-saemtliche-tierartikel\/\"},{\"@type\":\"ListItem\",\"position\":3,\"name\":\"Animonda,Katze Carny Cat Drink mit Thunfisch\"}]},{\"@type\":\"WebSite\",\"@id\":\"https:\/\/www.zoohandel.ch\/de\/#website\",\"url\":\"https:\/\/www.zoohandel.ch\/de\/\",\"name\":\"zoohandel.ch\",\"description\":\"Das Beste f\u00fcr Ihre Lieblinge\",\"publisher\":{\"@id\":\"https:\/\/www.zoohandel.ch\/de\/#organization\"},\"potentialAction\":[{\"@type\":\"SearchAction\",\"target\":{\"@type\":\"EntryPoint\",\"urlTemplate\":\"https:\/\/www.zoohandel.ch\/de\/?s={search_term_string}\"},\"query-input\":{\"@type\":\"PropertyValueSpecification\",\"valueRequired\":true,\"valueName\":\"search_term_string\"}}],\"inLanguage\":\"de\"},{\"@type\":\"Organization\",\"@id\":\"https:\/\/www.zoohandel.ch\/de\/#organization\",\"name\":\"zoohandel.ch\",\"url\":\"https:\/\/www.zoohandel.ch\/de\/\",\"logo\":{\"@type\":\"ImageObject\",\"inLanguage\":\"de\",\"@id\":\"https:\/\/www.zoohandel.ch\/de\/#\/schema\/logo\/image\/\",\"url\":\"https:\/\/www.zoohandel.ch\/wp-content\/uploads\/zoohandel-ch.png\",\"contentUrl\":\"https:\/\/www.zoohandel.ch\/wp-content\/uploads\/zoohandel-ch.png\",\"width\":575,\"height\":171,\"caption\":\"zoohandel.ch\"},\"image\":{\"@id\":\"https:\/\/www.zoohandel.ch\/de\/#\/schema\/logo\/image\/\"}}]}<\/script>\n<!-- \/ Yoast SEO plugin. -->","yoast_head_json":{"title":"Animonda,Katze Carny Cat Drink mit Thunfisch - zoohandel.ch","robots":{"index":"index","follow":"follow","max-snippet":"max-snippet:-1","max-image-preview":"max-image-preview:large","max-video-preview":"max-video-preview:-1"},"canonical":"https:\/\/www.zoohandel.ch\/de\/shop\/katzen\/futter-katzen\/snacks-zusatzfutter\/animondakatze-carny-cat-drink-mit-thunfisch\/","og_locale":"de_DE","og_type":"article","og_title":"Animonda,Katze Carny Cat Drink mit Thunfisch - zoohandel.ch","og_description":"Carny Cat Drink mit Thunfisch versorgt Katzen mit der extra Portion Fl\u00fcssigkeit. Katzen nehmen h\u00e4ufig zu wenig Fl\u00fcssigkeit auf. Das leckere Katzengetr\u00e4nk mit feinsten Thunfischstreifen animiert Katzen mehr zu trinken und steigert so die Fl\u00fcssigkeitsaufnahme. F\u00fcr Katzen unwiderstehlich lecker.","og_url":"https:\/\/www.zoohandel.ch\/de\/shop\/katzen\/futter-katzen\/snacks-zusatzfutter\/animondakatze-carny-cat-drink-mit-thunfisch\/","og_site_name":"zoohandel.ch","article_modified_time":"2026-04-19T22:31:45+00:00","og_image":[{"width":500,"height":680,"url":"https:\/\/www.zoohandel.ch\/wp-content\/uploads\/83592_gr.png","type":"image\/png"}],"twitter_card":"summary_large_image","schema":{"@context":"https:\/\/schema.org","@graph":[{"@type":"WebPage","@id":"https:\/\/www.zoohandel.ch\/de\/shop\/katzen\/futter-katzen\/snacks-zusatzfutter\/animondakatze-carny-cat-drink-mit-thunfisch\/","url":"https:\/\/www.zoohandel.ch\/de\/shop\/katzen\/futter-katzen\/snacks-zusatzfutter\/animondakatze-carny-cat-drink-mit-thunfisch\/","name":"Animonda,Katze Carny Cat Drink mit Thunfisch - zoohandel.ch","isPartOf":{"@id":"https:\/\/www.zoohandel.ch\/de\/#website"},"primaryImageOfPage":{"@id":"https:\/\/www.zoohandel.ch\/de\/shop\/katzen\/futter-katzen\/snacks-zusatzfutter\/animondakatze-carny-cat-drink-mit-thunfisch\/#primaryimage"},"image":{"@id":"https:\/\/www.zoohandel.ch\/de\/shop\/katzen\/futter-katzen\/snacks-zusatzfutter\/animondakatze-carny-cat-drink-mit-thunfisch\/#primaryimage"},"thumbnailUrl":"https:\/\/www.zoohandel.ch\/wp-content\/uploads\/83592_gr.png","datePublished":"2021-07-22T22:00:00+00:00","dateModified":"2026-04-19T22:31:45+00:00","breadcrumb":{"@id":"https:\/\/www.zoohandel.ch\/de\/shop\/katzen\/futter-katzen\/snacks-zusatzfutter\/animondakatze-carny-cat-drink-mit-thunfisch\/#breadcrumb"},"inLanguage":"de","potentialAction":[{"@type":"ReadAction","target":["https:\/\/www.zoohandel.ch\/de\/shop\/katzen\/futter-katzen\/snacks-zusatzfutter\/animondakatze-carny-cat-drink-mit-thunfisch\/"]}]},{"@type":"ImageObject","inLanguage":"de","@id":"https:\/\/www.zoohandel.ch\/de\/shop\/katzen\/futter-katzen\/snacks-zusatzfutter\/animondakatze-carny-cat-drink-mit-thunfisch\/#primaryimage","url":"https:\/\/www.zoohandel.ch\/wp-content\/uploads\/83592_gr.png","contentUrl":"https:\/\/www.zoohandel.ch\/wp-content\/uploads\/83592_gr.png","width":500,"height":680},{"@type":"BreadcrumbList","@id":"https:\/\/www.zoohandel.ch\/de\/shop\/katzen\/futter-katzen\/snacks-zusatzfutter\/animondakatze-carny-cat-drink-mit-thunfisch\/#breadcrumb","itemListElement":[{"@type":"ListItem","position":1,"name":"Startseite","item":"https:\/\/www.zoohandel.ch\/de\/"},{"@type":"ListItem","position":2,"name":"Shop","item":"https:\/\/www.zoohandel.ch\/de\/online-shop-ueber-saemtliche-tierartikel\/"},{"@type":"ListItem","position":3,"name":"Animonda,Katze Carny Cat Drink mit Thunfisch"}]},{"@type":"WebSite","@id":"https:\/\/www.zoohandel.ch\/de\/#website","url":"https:\/\/www.zoohandel.ch\/de\/","name":"zoohandel.ch","description":"Das Beste f\u00fcr Ihre Lieblinge","publisher":{"@id":"https:\/\/www.zoohandel.ch\/de\/#organization"},"potentialAction":[{"@type":"SearchAction","target":{"@type":"EntryPoint","urlTemplate":"https:\/\/www.zoohandel.ch\/de\/?s={search_term_string}"},"query-input":{"@type":"PropertyValueSpecification","valueRequired":true,"valueName":"search_term_string"}}],"inLanguage":"de"},{"@type":"Organization","@id":"https:\/\/www.zoohandel.ch\/de\/#organization","name":"zoohandel.ch","url":"https:\/\/www.zoohandel.ch\/de\/","logo":{"@type":"ImageObject","inLanguage":"de","@id":"https:\/\/www.zoohandel.ch\/de\/#\/schema\/logo\/image\/","url":"https:\/\/www.zoohandel.ch\/wp-content\/uploads\/zoohandel-ch.png","contentUrl":"https:\/\/www.zoohandel.ch\/wp-content\/uploads\/zoohandel-ch.png","width":575,"height":171,"caption":"zoohandel.ch"},"image":{"@id":"https:\/\/www.zoohandel.ch\/de\/#\/schema\/logo\/image\/"}}]}},"tiered_pricing_type":"fixed","tiered_pricing_fixed_rules":[],"tiered_pricing_product_settings":{"layout":"default","base_unit_name":{"singular":null,"plural":null},"default_variation":null},"tiered_pricing_minimum_quantity":null,"tiered_pricing_roles_data":[],"tiered_pricing_percentage_rules":[],"_links":{"self":[{"href":"https:\/\/www.zoohandel.ch\/de\/wp-json\/wp\/v2\/product\/187059","targetHints":{"allow":["GET"]}}],"collection":[{"href":"https:\/\/www.zoohandel.ch\/de\/wp-json\/wp\/v2\/product"}],"about":[{"href":"https:\/\/www.zoohandel.ch\/de\/wp-json\/wp\/v2\/types\/product"}],"wp:featuredmedia":[{"embeddable":true,"href":"https:\/\/www.zoohandel.ch\/de\/wp-json\/wp\/v2\/media\/394904"}],"wp:attachment":[{"href":"https:\/\/www.zoohandel.ch\/de\/wp-json\/wp\/v2\/media?parent=187059"}],"wp:term":[{"taxonomy":"product_brand","embeddable":true,"href":"https:\/\/www.zoohandel.ch\/de\/wp-json\/wp\/v2\/product_brand?post=187059"},{"taxonomy":"product_cat","embeddable":true,"href":"https:\/\/www.zoohandel.ch\/de\/wp-json\/wp\/v2\/product_cat?post=187059"},{"taxonomy":"product_tag","embeddable":true,"href":"https:\/\/www.zoohandel.ch\/de\/wp-json\/wp\/v2\/product_tag?post=187059"}],"curies":[{"name":"wp","href":"https:\/\/api.w.org\/{rel}","templated":true}]}}