{"id":187072,"date":"2019-06-20T00:00:00","date_gmt":"2019-06-19T22:00:00","guid":{"rendered":"https:\/\/www.alfauna.ch.vasco.sui-inter.net\/shop\/unkategorisiert\/animonda-integra-protect-hund-nieren-huhn\/"},"modified":"2026-04-19T05:32:17","modified_gmt":"2026-04-19T03:32:17","slug":"animonda-integra-protect-hund-nieren-huhn-150g-ve-11","status":"publish","type":"product","link":"https:\/\/www.zoohandel.ch\/de\/shop\/hunde\/futter-hunde\/nassfutter\/animonda-integra-protect-hund-nieren-huhn-150g-ve-11\/","title":{"rendered":"Animonda, Integra Protect Hund Nieren, Huhn"},"content":{"rendered":"<p>INTEGRA PROTECT Nieren wurde speziell f\u00fcr Hunde mit chronischer Niereninsuffizienz entwickelt. Die deutlich geringere Zufuhr von Eiwei\u00dfen verringert die auszuscheidene Menge an Eiwei\u00dfabbauprodukten. Die gleichzeitige Reduzierung des Phosphorgehaltes verz\u00f6gert den fortschreitenden Verlust der Nierenfunktion. Dadurch verbessert sich das Befindendes Hundes nachhaltig und die Lebenserwartung kann verl\u00e4ngert werden. <\/p>\n<p>MULTIFUNKTIONAL:<br \/>\nGleichzeitig enth\u00e4lt diese Di\u00e4tnahrung kein Getreide und ist somit f\u00fcr Hunde mit einer Getreideunvertr\u00e4glichkeit geeignet.<\/p>\n","protected":false},"excerpt":{"rendered":"<p>INTEGRA PROTECT Nieren wurde speziell f\u00fcr Hunde mit chronischer Niereninsuffizienz entwickelt. Die deutlich geringere Zufuhr von Eiwei\u00dfen verringert die auszuscheidene Menge an Eiwei\u00dfabbauprodukten. Die gleichzeitige Reduzierung des Phosphorgehaltes verz\u00f6gert den fortschreitenden Verlust der Nierenfunktion. Dadurch verbessert sich das Befindendes Hundes nachhaltig und die Lebenserwartung kann verl\u00e4ngert werden. MULTIFUNKTIONAL: Gleichzeitig enth\u00e4lt diese Di\u00e4tnahrung kein Getreide und<\/p>\n","protected":false},"featured_media":467870,"template":"","meta":{"_acf_changed":false},"product_brand":[],"product_cat":[3609,3022,3753],"product_tag":[],"class_list":{"0":"post-187072","1":"product","2":"type-product","3":"status-publish","4":"has-post-thumbnail","6":"product_cat-futter-hunde","7":"product_cat-hunde","8":"product_cat-nassfutter","10":"first","11":"instock","12":"taxable","13":"shipping-taxable","14":"purchasable","15":"product-type-simple"},"acf":[],"yoast_head":"<!-- This site is optimized with the Yoast SEO plugin v25.8 - https:\/\/yoast.com\/wordpress\/plugins\/seo\/ -->\n<title>Animonda, Integra Protect Hund Nieren, Huhn - zoohandel.ch<\/title>\n<meta name=\"robots\" content=\"index, follow, max-snippet:-1, max-image-preview:large, max-video-preview:-1\" \/>\n<link rel=\"canonical\" href=\"https:\/\/www.zoohandel.ch\/de\/shop\/hunde\/futter-hunde\/nassfutter\/animonda-integra-protect-hund-nieren-huhn-150g-ve-11\/\" \/>\n<meta property=\"og:locale\" content=\"de_DE\" \/>\n<meta property=\"og:type\" content=\"article\" \/>\n<meta property=\"og:title\" content=\"Animonda, Integra Protect Hund Nieren, Huhn - zoohandel.ch\" \/>\n<meta property=\"og:description\" content=\"INTEGRA PROTECT Nieren wurde speziell f\u00fcr Hunde mit chronischer Niereninsuffizienz entwickelt. Die deutlich geringere Zufuhr von Eiwei\u00dfen verringert die auszuscheidene Menge an Eiwei\u00dfabbauprodukten. Die gleichzeitige Reduzierung des Phosphorgehaltes verz\u00f6gert den fortschreitenden Verlust der Nierenfunktion. Dadurch verbessert sich das Befindendes Hundes nachhaltig und die Lebenserwartung kann verl\u00e4ngert werden. MULTIFUNKTIONAL: Gleichzeitig enth\u00e4lt diese Di\u00e4tnahrung kein Getreide und\" \/>\n<meta property=\"og:url\" content=\"https:\/\/www.zoohandel.ch\/de\/shop\/hunde\/futter-hunde\/nassfutter\/animonda-integra-protect-hund-nieren-huhn-150g-ve-11\/\" \/>\n<meta property=\"og:site_name\" content=\"zoohandel.ch\" \/>\n<meta property=\"article:modified_time\" content=\"2026-04-19T03:32:17+00:00\" \/>\n<meta property=\"og:image\" content=\"https:\/\/www.zoohandel.ch\/wp-content\/uploads\/2023\/12\/86400_gr.jpg\" \/>\n\t<meta property=\"og:image:width\" content=\"1181\" \/>\n\t<meta property=\"og:image:height\" content=\"1181\" \/>\n\t<meta property=\"og:image:type\" content=\"image\/jpeg\" \/>\n<meta name=\"twitter:card\" content=\"summary_large_image\" \/>\n<script type=\"application\/ld+json\" class=\"yoast-schema-graph\">{\"@context\":\"https:\/\/schema.org\",\"@graph\":[{\"@type\":\"WebPage\",\"@id\":\"https:\/\/www.zoohandel.ch\/de\/shop\/hunde\/futter-hunde\/nassfutter\/animonda-integra-protect-hund-nieren-huhn-150g-ve-11\/\",\"url\":\"https:\/\/www.zoohandel.ch\/de\/shop\/hunde\/futter-hunde\/nassfutter\/animonda-integra-protect-hund-nieren-huhn-150g-ve-11\/\",\"name\":\"Animonda, Integra Protect Hund Nieren, Huhn - zoohandel.ch\",\"isPartOf\":{\"@id\":\"https:\/\/www.zoohandel.ch\/de\/#website\"},\"primaryImageOfPage\":{\"@id\":\"https:\/\/www.zoohandel.ch\/de\/shop\/hunde\/futter-hunde\/nassfutter\/animonda-integra-protect-hund-nieren-huhn-150g-ve-11\/#primaryimage\"},\"image\":{\"@id\":\"https:\/\/www.zoohandel.ch\/de\/shop\/hunde\/futter-hunde\/nassfutter\/animonda-integra-protect-hund-nieren-huhn-150g-ve-11\/#primaryimage\"},\"thumbnailUrl\":\"https:\/\/www.zoohandel.ch\/wp-content\/uploads\/2023\/12\/86400_gr.jpg\",\"datePublished\":\"2019-06-19T22:00:00+00:00\",\"dateModified\":\"2026-04-19T03:32:17+00:00\",\"breadcrumb\":{\"@id\":\"https:\/\/www.zoohandel.ch\/de\/shop\/hunde\/futter-hunde\/nassfutter\/animonda-integra-protect-hund-nieren-huhn-150g-ve-11\/#breadcrumb\"},\"inLanguage\":\"de\",\"potentialAction\":[{\"@type\":\"ReadAction\",\"target\":[\"https:\/\/www.zoohandel.ch\/de\/shop\/hunde\/futter-hunde\/nassfutter\/animonda-integra-protect-hund-nieren-huhn-150g-ve-11\/\"]}]},{\"@type\":\"ImageObject\",\"inLanguage\":\"de\",\"@id\":\"https:\/\/www.zoohandel.ch\/de\/shop\/hunde\/futter-hunde\/nassfutter\/animonda-integra-protect-hund-nieren-huhn-150g-ve-11\/#primaryimage\",\"url\":\"https:\/\/www.zoohandel.ch\/wp-content\/uploads\/2023\/12\/86400_gr.jpg\",\"contentUrl\":\"https:\/\/www.zoohandel.ch\/wp-content\/uploads\/2023\/12\/86400_gr.jpg\",\"width\":1181,\"height\":1181},{\"@type\":\"BreadcrumbList\",\"@id\":\"https:\/\/www.zoohandel.ch\/de\/shop\/hunde\/futter-hunde\/nassfutter\/animonda-integra-protect-hund-nieren-huhn-150g-ve-11\/#breadcrumb\",\"itemListElement\":[{\"@type\":\"ListItem\",\"position\":1,\"name\":\"Startseite\",\"item\":\"https:\/\/www.zoohandel.ch\/de\/\"},{\"@type\":\"ListItem\",\"position\":2,\"name\":\"Shop\",\"item\":\"https:\/\/www.zoohandel.ch\/de\/online-shop-ueber-saemtliche-tierartikel\/\"},{\"@type\":\"ListItem\",\"position\":3,\"name\":\"Animonda, Integra Protect Hund Nieren, Huhn\"}]},{\"@type\":\"WebSite\",\"@id\":\"https:\/\/www.zoohandel.ch\/de\/#website\",\"url\":\"https:\/\/www.zoohandel.ch\/de\/\",\"name\":\"zoohandel.ch\",\"description\":\"Das Beste f\u00fcr Ihre Lieblinge\",\"publisher\":{\"@id\":\"https:\/\/www.zoohandel.ch\/de\/#organization\"},\"potentialAction\":[{\"@type\":\"SearchAction\",\"target\":{\"@type\":\"EntryPoint\",\"urlTemplate\":\"https:\/\/www.zoohandel.ch\/de\/?s={search_term_string}\"},\"query-input\":{\"@type\":\"PropertyValueSpecification\",\"valueRequired\":true,\"valueName\":\"search_term_string\"}}],\"inLanguage\":\"de\"},{\"@type\":\"Organization\",\"@id\":\"https:\/\/www.zoohandel.ch\/de\/#organization\",\"name\":\"zoohandel.ch\",\"url\":\"https:\/\/www.zoohandel.ch\/de\/\",\"logo\":{\"@type\":\"ImageObject\",\"inLanguage\":\"de\",\"@id\":\"https:\/\/www.zoohandel.ch\/de\/#\/schema\/logo\/image\/\",\"url\":\"https:\/\/www.zoohandel.ch\/wp-content\/uploads\/zoohandel-ch.png\",\"contentUrl\":\"https:\/\/www.zoohandel.ch\/wp-content\/uploads\/zoohandel-ch.png\",\"width\":575,\"height\":171,\"caption\":\"zoohandel.ch\"},\"image\":{\"@id\":\"https:\/\/www.zoohandel.ch\/de\/#\/schema\/logo\/image\/\"}}]}<\/script>\n<!-- \/ Yoast SEO plugin. -->","yoast_head_json":{"title":"Animonda, Integra Protect Hund Nieren, Huhn - zoohandel.ch","robots":{"index":"index","follow":"follow","max-snippet":"max-snippet:-1","max-image-preview":"max-image-preview:large","max-video-preview":"max-video-preview:-1"},"canonical":"https:\/\/www.zoohandel.ch\/de\/shop\/hunde\/futter-hunde\/nassfutter\/animonda-integra-protect-hund-nieren-huhn-150g-ve-11\/","og_locale":"de_DE","og_type":"article","og_title":"Animonda, Integra Protect Hund Nieren, Huhn - zoohandel.ch","og_description":"INTEGRA PROTECT Nieren wurde speziell f\u00fcr Hunde mit chronischer Niereninsuffizienz entwickelt. Die deutlich geringere Zufuhr von Eiwei\u00dfen verringert die auszuscheidene Menge an Eiwei\u00dfabbauprodukten. Die gleichzeitige Reduzierung des Phosphorgehaltes verz\u00f6gert den fortschreitenden Verlust der Nierenfunktion. Dadurch verbessert sich das Befindendes Hundes nachhaltig und die Lebenserwartung kann verl\u00e4ngert werden. MULTIFUNKTIONAL: Gleichzeitig enth\u00e4lt diese Di\u00e4tnahrung kein Getreide und","og_url":"https:\/\/www.zoohandel.ch\/de\/shop\/hunde\/futter-hunde\/nassfutter\/animonda-integra-protect-hund-nieren-huhn-150g-ve-11\/","og_site_name":"zoohandel.ch","article_modified_time":"2026-04-19T03:32:17+00:00","og_image":[{"width":1181,"height":1181,"url":"https:\/\/www.zoohandel.ch\/wp-content\/uploads\/2023\/12\/86400_gr.jpg","type":"image\/jpeg"}],"twitter_card":"summary_large_image","schema":{"@context":"https:\/\/schema.org","@graph":[{"@type":"WebPage","@id":"https:\/\/www.zoohandel.ch\/de\/shop\/hunde\/futter-hunde\/nassfutter\/animonda-integra-protect-hund-nieren-huhn-150g-ve-11\/","url":"https:\/\/www.zoohandel.ch\/de\/shop\/hunde\/futter-hunde\/nassfutter\/animonda-integra-protect-hund-nieren-huhn-150g-ve-11\/","name":"Animonda, Integra Protect Hund Nieren, Huhn - zoohandel.ch","isPartOf":{"@id":"https:\/\/www.zoohandel.ch\/de\/#website"},"primaryImageOfPage":{"@id":"https:\/\/www.zoohandel.ch\/de\/shop\/hunde\/futter-hunde\/nassfutter\/animonda-integra-protect-hund-nieren-huhn-150g-ve-11\/#primaryimage"},"image":{"@id":"https:\/\/www.zoohandel.ch\/de\/shop\/hunde\/futter-hunde\/nassfutter\/animonda-integra-protect-hund-nieren-huhn-150g-ve-11\/#primaryimage"},"thumbnailUrl":"https:\/\/www.zoohandel.ch\/wp-content\/uploads\/2023\/12\/86400_gr.jpg","datePublished":"2019-06-19T22:00:00+00:00","dateModified":"2026-04-19T03:32:17+00:00","breadcrumb":{"@id":"https:\/\/www.zoohandel.ch\/de\/shop\/hunde\/futter-hunde\/nassfutter\/animonda-integra-protect-hund-nieren-huhn-150g-ve-11\/#breadcrumb"},"inLanguage":"de","potentialAction":[{"@type":"ReadAction","target":["https:\/\/www.zoohandel.ch\/de\/shop\/hunde\/futter-hunde\/nassfutter\/animonda-integra-protect-hund-nieren-huhn-150g-ve-11\/"]}]},{"@type":"ImageObject","inLanguage":"de","@id":"https:\/\/www.zoohandel.ch\/de\/shop\/hunde\/futter-hunde\/nassfutter\/animonda-integra-protect-hund-nieren-huhn-150g-ve-11\/#primaryimage","url":"https:\/\/www.zoohandel.ch\/wp-content\/uploads\/2023\/12\/86400_gr.jpg","contentUrl":"https:\/\/www.zoohandel.ch\/wp-content\/uploads\/2023\/12\/86400_gr.jpg","width":1181,"height":1181},{"@type":"BreadcrumbList","@id":"https:\/\/www.zoohandel.ch\/de\/shop\/hunde\/futter-hunde\/nassfutter\/animonda-integra-protect-hund-nieren-huhn-150g-ve-11\/#breadcrumb","itemListElement":[{"@type":"ListItem","position":1,"name":"Startseite","item":"https:\/\/www.zoohandel.ch\/de\/"},{"@type":"ListItem","position":2,"name":"Shop","item":"https:\/\/www.zoohandel.ch\/de\/online-shop-ueber-saemtliche-tierartikel\/"},{"@type":"ListItem","position":3,"name":"Animonda, Integra Protect Hund Nieren, Huhn"}]},{"@type":"WebSite","@id":"https:\/\/www.zoohandel.ch\/de\/#website","url":"https:\/\/www.zoohandel.ch\/de\/","name":"zoohandel.ch","description":"Das Beste f\u00fcr Ihre Lieblinge","publisher":{"@id":"https:\/\/www.zoohandel.ch\/de\/#organization"},"potentialAction":[{"@type":"SearchAction","target":{"@type":"EntryPoint","urlTemplate":"https:\/\/www.zoohandel.ch\/de\/?s={search_term_string}"},"query-input":{"@type":"PropertyValueSpecification","valueRequired":true,"valueName":"search_term_string"}}],"inLanguage":"de"},{"@type":"Organization","@id":"https:\/\/www.zoohandel.ch\/de\/#organization","name":"zoohandel.ch","url":"https:\/\/www.zoohandel.ch\/de\/","logo":{"@type":"ImageObject","inLanguage":"de","@id":"https:\/\/www.zoohandel.ch\/de\/#\/schema\/logo\/image\/","url":"https:\/\/www.zoohandel.ch\/wp-content\/uploads\/zoohandel-ch.png","contentUrl":"https:\/\/www.zoohandel.ch\/wp-content\/uploads\/zoohandel-ch.png","width":575,"height":171,"caption":"zoohandel.ch"},"image":{"@id":"https:\/\/www.zoohandel.ch\/de\/#\/schema\/logo\/image\/"}}]}},"tiered_pricing_type":"fixed","tiered_pricing_fixed_rules":[],"tiered_pricing_product_settings":{"layout":"default","base_unit_name":{"singular":null,"plural":null},"default_variation":null},"tiered_pricing_minimum_quantity":null,"tiered_pricing_roles_data":[],"tiered_pricing_percentage_rules":[],"_links":{"self":[{"href":"https:\/\/www.zoohandel.ch\/de\/wp-json\/wp\/v2\/product\/187072","targetHints":{"allow":["GET"]}}],"collection":[{"href":"https:\/\/www.zoohandel.ch\/de\/wp-json\/wp\/v2\/product"}],"about":[{"href":"https:\/\/www.zoohandel.ch\/de\/wp-json\/wp\/v2\/types\/product"}],"wp:featuredmedia":[{"embeddable":true,"href":"https:\/\/www.zoohandel.ch\/de\/wp-json\/wp\/v2\/media\/467870"}],"wp:attachment":[{"href":"https:\/\/www.zoohandel.ch\/de\/wp-json\/wp\/v2\/media?parent=187072"}],"wp:term":[{"taxonomy":"product_brand","embeddable":true,"href":"https:\/\/www.zoohandel.ch\/de\/wp-json\/wp\/v2\/product_brand?post=187072"},{"taxonomy":"product_cat","embeddable":true,"href":"https:\/\/www.zoohandel.ch\/de\/wp-json\/wp\/v2\/product_cat?post=187072"},{"taxonomy":"product_tag","embeddable":true,"href":"https:\/\/www.zoohandel.ch\/de\/wp-json\/wp\/v2\/product_tag?post=187072"}],"curies":[{"name":"wp","href":"https:\/\/api.w.org\/{rel}","templated":true}]}}