{"id":187140,"date":"2017-01-13T00:00:00","date_gmt":"2017-01-12T23:00:00","guid":{"rendered":"https:\/\/www.alfauna.ch.vasco.sui-inter.net\/shop\/unkategorisiert\/animonda-integra-katze-sensitive-pute-kartoffel\/"},"modified":"2026-04-25T05:31:58","modified_gmt":"2026-04-25T03:31:58","slug":"animonda-integra-katze-sensitive-pute-kartoffel-100g-ve-16","status":"publish","type":"product","link":"https:\/\/www.zoohandel.ch\/de\/shop\/katzen\/futter-katzen\/nassfutter-futter-katzen\/animonda-integra-katze-sensitive-pute-kartoffel-100g-ve-16\/","title":{"rendered":"Animonda Integra, Katze, Sensitive, Pute + Kartoffel"},"content":{"rendered":"<p>INTEGRA PROTECT Sensitive wurde speziell f\u00fcr Katzen mit Futtermittelunvertr\u00e4glichkeit entwickelt, die sich vor allem als Juckreiz und Durchfall \u00e4u\u00dfert. Der streng limitierte Einsatz tierische und pflanzlicher Eiwei\u00dfquellen kann Abhilfe schaffen. INTEGRA PROTECT Sensitive enth\u00e4lt nur zwei Proteinquellen: Pute und Kartoffel.<\/p>\n<p>MULTIFUNKTIONAL:<br \/>\nWenn die Katze gleichzeitig auch Struvit- oder Calciumoxalatsteine hatte, kann INTEGRA PROTECT Sensitive auch helfen. Ausbalancierte Mineralstoffgehalte sorgen f\u00fcr einen pH-Wert des Katzenurins von 6,5 &#8211; 6,6. Bei diesen pH-Werten k\u00f6nnen sich weder Struvit- noch Calciumoxalatsteine bilden.<\/p>\n","protected":false},"excerpt":{"rendered":"<p>INTEGRA PROTECT Sensitive wurde speziell f\u00fcr Katzen mit Futtermittelunvertr\u00e4glichkeit entwickelt, die sich vor allem als Juckreiz und Durchfall \u00e4u\u00dfert. Der streng limitierte Einsatz tierische und pflanzlicher Eiwei\u00dfquellen kann Abhilfe schaffen. INTEGRA PROTECT Sensitive enth\u00e4lt nur zwei Proteinquellen: Pute und Kartoffel. MULTIFUNKTIONAL: Wenn die Katze gleichzeitig auch Struvit- oder Calciumoxalatsteine hatte, kann INTEGRA PROTECT Sensitive auch<\/p>\n","protected":false},"featured_media":467894,"template":"","meta":{"_acf_changed":false},"product_brand":[],"product_cat":[3622,2637,3775],"product_tag":[],"class_list":{"0":"post-187140","1":"product","2":"type-product","3":"status-publish","4":"has-post-thumbnail","6":"product_cat-futter-katzen","7":"product_cat-katzen","8":"product_cat-nassfutter-futter-katzen","10":"first","11":"instock","12":"taxable","13":"shipping-taxable","14":"purchasable","15":"product-type-simple"},"acf":[],"yoast_head":"<!-- This site is optimized with the Yoast SEO plugin v25.8 - https:\/\/yoast.com\/wordpress\/plugins\/seo\/ -->\n<title>Animonda Integra, Katze, Sensitive, Pute + Kartoffel - zoohandel.ch<\/title>\n<meta name=\"robots\" content=\"index, follow, max-snippet:-1, max-image-preview:large, max-video-preview:-1\" \/>\n<link rel=\"canonical\" href=\"https:\/\/www.zoohandel.ch\/de\/shop\/katzen\/futter-katzen\/nassfutter-futter-katzen\/animonda-integra-katze-sensitive-pute-kartoffel-100g-ve-16\/\" \/>\n<meta property=\"og:locale\" content=\"de_DE\" \/>\n<meta property=\"og:type\" content=\"article\" \/>\n<meta property=\"og:title\" content=\"Animonda Integra, Katze, Sensitive, Pute + Kartoffel - zoohandel.ch\" \/>\n<meta property=\"og:description\" content=\"INTEGRA PROTECT Sensitive wurde speziell f\u00fcr Katzen mit Futtermittelunvertr\u00e4glichkeit entwickelt, die sich vor allem als Juckreiz und Durchfall \u00e4u\u00dfert. Der streng limitierte Einsatz tierische und pflanzlicher Eiwei\u00dfquellen kann Abhilfe schaffen. INTEGRA PROTECT Sensitive enth\u00e4lt nur zwei Proteinquellen: Pute und Kartoffel. MULTIFUNKTIONAL: Wenn die Katze gleichzeitig auch Struvit- oder Calciumoxalatsteine hatte, kann INTEGRA PROTECT Sensitive auch\" \/>\n<meta property=\"og:url\" content=\"https:\/\/www.zoohandel.ch\/de\/shop\/katzen\/futter-katzen\/nassfutter-futter-katzen\/animonda-integra-katze-sensitive-pute-kartoffel-100g-ve-16\/\" \/>\n<meta property=\"og:site_name\" content=\"zoohandel.ch\" \/>\n<meta property=\"article:modified_time\" content=\"2026-04-25T03:31:58+00:00\" \/>\n<meta property=\"og:image\" content=\"https:\/\/www.zoohandel.ch\/wp-content\/uploads\/2023\/12\/86853_gr.jpg\" \/>\n\t<meta property=\"og:image:width\" content=\"1181\" \/>\n\t<meta property=\"og:image:height\" content=\"1181\" \/>\n\t<meta property=\"og:image:type\" content=\"image\/jpeg\" \/>\n<meta name=\"twitter:card\" content=\"summary_large_image\" \/>\n<script type=\"application\/ld+json\" class=\"yoast-schema-graph\">{\"@context\":\"https:\/\/schema.org\",\"@graph\":[{\"@type\":\"WebPage\",\"@id\":\"https:\/\/www.zoohandel.ch\/de\/shop\/katzen\/futter-katzen\/nassfutter-futter-katzen\/animonda-integra-katze-sensitive-pute-kartoffel-100g-ve-16\/\",\"url\":\"https:\/\/www.zoohandel.ch\/de\/shop\/katzen\/futter-katzen\/nassfutter-futter-katzen\/animonda-integra-katze-sensitive-pute-kartoffel-100g-ve-16\/\",\"name\":\"Animonda Integra, Katze, Sensitive, Pute + Kartoffel - zoohandel.ch\",\"isPartOf\":{\"@id\":\"https:\/\/www.zoohandel.ch\/de\/#website\"},\"primaryImageOfPage\":{\"@id\":\"https:\/\/www.zoohandel.ch\/de\/shop\/katzen\/futter-katzen\/nassfutter-futter-katzen\/animonda-integra-katze-sensitive-pute-kartoffel-100g-ve-16\/#primaryimage\"},\"image\":{\"@id\":\"https:\/\/www.zoohandel.ch\/de\/shop\/katzen\/futter-katzen\/nassfutter-futter-katzen\/animonda-integra-katze-sensitive-pute-kartoffel-100g-ve-16\/#primaryimage\"},\"thumbnailUrl\":\"https:\/\/www.zoohandel.ch\/wp-content\/uploads\/2023\/12\/86853_gr.jpg\",\"datePublished\":\"2017-01-12T23:00:00+00:00\",\"dateModified\":\"2026-04-25T03:31:58+00:00\",\"breadcrumb\":{\"@id\":\"https:\/\/www.zoohandel.ch\/de\/shop\/katzen\/futter-katzen\/nassfutter-futter-katzen\/animonda-integra-katze-sensitive-pute-kartoffel-100g-ve-16\/#breadcrumb\"},\"inLanguage\":\"de\",\"potentialAction\":[{\"@type\":\"ReadAction\",\"target\":[\"https:\/\/www.zoohandel.ch\/de\/shop\/katzen\/futter-katzen\/nassfutter-futter-katzen\/animonda-integra-katze-sensitive-pute-kartoffel-100g-ve-16\/\"]}]},{\"@type\":\"ImageObject\",\"inLanguage\":\"de\",\"@id\":\"https:\/\/www.zoohandel.ch\/de\/shop\/katzen\/futter-katzen\/nassfutter-futter-katzen\/animonda-integra-katze-sensitive-pute-kartoffel-100g-ve-16\/#primaryimage\",\"url\":\"https:\/\/www.zoohandel.ch\/wp-content\/uploads\/2023\/12\/86853_gr.jpg\",\"contentUrl\":\"https:\/\/www.zoohandel.ch\/wp-content\/uploads\/2023\/12\/86853_gr.jpg\",\"width\":1181,\"height\":1181},{\"@type\":\"BreadcrumbList\",\"@id\":\"https:\/\/www.zoohandel.ch\/de\/shop\/katzen\/futter-katzen\/nassfutter-futter-katzen\/animonda-integra-katze-sensitive-pute-kartoffel-100g-ve-16\/#breadcrumb\",\"itemListElement\":[{\"@type\":\"ListItem\",\"position\":1,\"name\":\"Startseite\",\"item\":\"https:\/\/www.zoohandel.ch\/de\/\"},{\"@type\":\"ListItem\",\"position\":2,\"name\":\"Shop\",\"item\":\"https:\/\/www.zoohandel.ch\/de\/online-shop-ueber-saemtliche-tierartikel\/\"},{\"@type\":\"ListItem\",\"position\":3,\"name\":\"Animonda Integra, Katze, Sensitive, Pute + Kartoffel\"}]},{\"@type\":\"WebSite\",\"@id\":\"https:\/\/www.zoohandel.ch\/de\/#website\",\"url\":\"https:\/\/www.zoohandel.ch\/de\/\",\"name\":\"zoohandel.ch\",\"description\":\"Das Beste f\u00fcr Ihre Lieblinge\",\"publisher\":{\"@id\":\"https:\/\/www.zoohandel.ch\/de\/#organization\"},\"potentialAction\":[{\"@type\":\"SearchAction\",\"target\":{\"@type\":\"EntryPoint\",\"urlTemplate\":\"https:\/\/www.zoohandel.ch\/de\/?s={search_term_string}\"},\"query-input\":{\"@type\":\"PropertyValueSpecification\",\"valueRequired\":true,\"valueName\":\"search_term_string\"}}],\"inLanguage\":\"de\"},{\"@type\":\"Organization\",\"@id\":\"https:\/\/www.zoohandel.ch\/de\/#organization\",\"name\":\"zoohandel.ch\",\"url\":\"https:\/\/www.zoohandel.ch\/de\/\",\"logo\":{\"@type\":\"ImageObject\",\"inLanguage\":\"de\",\"@id\":\"https:\/\/www.zoohandel.ch\/de\/#\/schema\/logo\/image\/\",\"url\":\"https:\/\/www.zoohandel.ch\/wp-content\/uploads\/zoohandel-ch.png\",\"contentUrl\":\"https:\/\/www.zoohandel.ch\/wp-content\/uploads\/zoohandel-ch.png\",\"width\":575,\"height\":171,\"caption\":\"zoohandel.ch\"},\"image\":{\"@id\":\"https:\/\/www.zoohandel.ch\/de\/#\/schema\/logo\/image\/\"}}]}<\/script>\n<!-- \/ Yoast SEO plugin. -->","yoast_head_json":{"title":"Animonda Integra, Katze, Sensitive, Pute + Kartoffel - zoohandel.ch","robots":{"index":"index","follow":"follow","max-snippet":"max-snippet:-1","max-image-preview":"max-image-preview:large","max-video-preview":"max-video-preview:-1"},"canonical":"https:\/\/www.zoohandel.ch\/de\/shop\/katzen\/futter-katzen\/nassfutter-futter-katzen\/animonda-integra-katze-sensitive-pute-kartoffel-100g-ve-16\/","og_locale":"de_DE","og_type":"article","og_title":"Animonda Integra, Katze, Sensitive, Pute + Kartoffel - zoohandel.ch","og_description":"INTEGRA PROTECT Sensitive wurde speziell f\u00fcr Katzen mit Futtermittelunvertr\u00e4glichkeit entwickelt, die sich vor allem als Juckreiz und Durchfall \u00e4u\u00dfert. Der streng limitierte Einsatz tierische und pflanzlicher Eiwei\u00dfquellen kann Abhilfe schaffen. INTEGRA PROTECT Sensitive enth\u00e4lt nur zwei Proteinquellen: Pute und Kartoffel. MULTIFUNKTIONAL: Wenn die Katze gleichzeitig auch Struvit- oder Calciumoxalatsteine hatte, kann INTEGRA PROTECT Sensitive auch","og_url":"https:\/\/www.zoohandel.ch\/de\/shop\/katzen\/futter-katzen\/nassfutter-futter-katzen\/animonda-integra-katze-sensitive-pute-kartoffel-100g-ve-16\/","og_site_name":"zoohandel.ch","article_modified_time":"2026-04-25T03:31:58+00:00","og_image":[{"width":1181,"height":1181,"url":"https:\/\/www.zoohandel.ch\/wp-content\/uploads\/2023\/12\/86853_gr.jpg","type":"image\/jpeg"}],"twitter_card":"summary_large_image","schema":{"@context":"https:\/\/schema.org","@graph":[{"@type":"WebPage","@id":"https:\/\/www.zoohandel.ch\/de\/shop\/katzen\/futter-katzen\/nassfutter-futter-katzen\/animonda-integra-katze-sensitive-pute-kartoffel-100g-ve-16\/","url":"https:\/\/www.zoohandel.ch\/de\/shop\/katzen\/futter-katzen\/nassfutter-futter-katzen\/animonda-integra-katze-sensitive-pute-kartoffel-100g-ve-16\/","name":"Animonda Integra, Katze, Sensitive, Pute + Kartoffel - zoohandel.ch","isPartOf":{"@id":"https:\/\/www.zoohandel.ch\/de\/#website"},"primaryImageOfPage":{"@id":"https:\/\/www.zoohandel.ch\/de\/shop\/katzen\/futter-katzen\/nassfutter-futter-katzen\/animonda-integra-katze-sensitive-pute-kartoffel-100g-ve-16\/#primaryimage"},"image":{"@id":"https:\/\/www.zoohandel.ch\/de\/shop\/katzen\/futter-katzen\/nassfutter-futter-katzen\/animonda-integra-katze-sensitive-pute-kartoffel-100g-ve-16\/#primaryimage"},"thumbnailUrl":"https:\/\/www.zoohandel.ch\/wp-content\/uploads\/2023\/12\/86853_gr.jpg","datePublished":"2017-01-12T23:00:00+00:00","dateModified":"2026-04-25T03:31:58+00:00","breadcrumb":{"@id":"https:\/\/www.zoohandel.ch\/de\/shop\/katzen\/futter-katzen\/nassfutter-futter-katzen\/animonda-integra-katze-sensitive-pute-kartoffel-100g-ve-16\/#breadcrumb"},"inLanguage":"de","potentialAction":[{"@type":"ReadAction","target":["https:\/\/www.zoohandel.ch\/de\/shop\/katzen\/futter-katzen\/nassfutter-futter-katzen\/animonda-integra-katze-sensitive-pute-kartoffel-100g-ve-16\/"]}]},{"@type":"ImageObject","inLanguage":"de","@id":"https:\/\/www.zoohandel.ch\/de\/shop\/katzen\/futter-katzen\/nassfutter-futter-katzen\/animonda-integra-katze-sensitive-pute-kartoffel-100g-ve-16\/#primaryimage","url":"https:\/\/www.zoohandel.ch\/wp-content\/uploads\/2023\/12\/86853_gr.jpg","contentUrl":"https:\/\/www.zoohandel.ch\/wp-content\/uploads\/2023\/12\/86853_gr.jpg","width":1181,"height":1181},{"@type":"BreadcrumbList","@id":"https:\/\/www.zoohandel.ch\/de\/shop\/katzen\/futter-katzen\/nassfutter-futter-katzen\/animonda-integra-katze-sensitive-pute-kartoffel-100g-ve-16\/#breadcrumb","itemListElement":[{"@type":"ListItem","position":1,"name":"Startseite","item":"https:\/\/www.zoohandel.ch\/de\/"},{"@type":"ListItem","position":2,"name":"Shop","item":"https:\/\/www.zoohandel.ch\/de\/online-shop-ueber-saemtliche-tierartikel\/"},{"@type":"ListItem","position":3,"name":"Animonda Integra, Katze, Sensitive, Pute + Kartoffel"}]},{"@type":"WebSite","@id":"https:\/\/www.zoohandel.ch\/de\/#website","url":"https:\/\/www.zoohandel.ch\/de\/","name":"zoohandel.ch","description":"Das Beste f\u00fcr Ihre Lieblinge","publisher":{"@id":"https:\/\/www.zoohandel.ch\/de\/#organization"},"potentialAction":[{"@type":"SearchAction","target":{"@type":"EntryPoint","urlTemplate":"https:\/\/www.zoohandel.ch\/de\/?s={search_term_string}"},"query-input":{"@type":"PropertyValueSpecification","valueRequired":true,"valueName":"search_term_string"}}],"inLanguage":"de"},{"@type":"Organization","@id":"https:\/\/www.zoohandel.ch\/de\/#organization","name":"zoohandel.ch","url":"https:\/\/www.zoohandel.ch\/de\/","logo":{"@type":"ImageObject","inLanguage":"de","@id":"https:\/\/www.zoohandel.ch\/de\/#\/schema\/logo\/image\/","url":"https:\/\/www.zoohandel.ch\/wp-content\/uploads\/zoohandel-ch.png","contentUrl":"https:\/\/www.zoohandel.ch\/wp-content\/uploads\/zoohandel-ch.png","width":575,"height":171,"caption":"zoohandel.ch"},"image":{"@id":"https:\/\/www.zoohandel.ch\/de\/#\/schema\/logo\/image\/"}}]}},"tiered_pricing_type":"fixed","tiered_pricing_fixed_rules":[],"tiered_pricing_product_settings":{"layout":"default","base_unit_name":{"singular":null,"plural":null},"default_variation":null},"tiered_pricing_minimum_quantity":null,"tiered_pricing_roles_data":[],"tiered_pricing_percentage_rules":[],"_links":{"self":[{"href":"https:\/\/www.zoohandel.ch\/de\/wp-json\/wp\/v2\/product\/187140","targetHints":{"allow":["GET"]}}],"collection":[{"href":"https:\/\/www.zoohandel.ch\/de\/wp-json\/wp\/v2\/product"}],"about":[{"href":"https:\/\/www.zoohandel.ch\/de\/wp-json\/wp\/v2\/types\/product"}],"wp:featuredmedia":[{"embeddable":true,"href":"https:\/\/www.zoohandel.ch\/de\/wp-json\/wp\/v2\/media\/467894"}],"wp:attachment":[{"href":"https:\/\/www.zoohandel.ch\/de\/wp-json\/wp\/v2\/media?parent=187140"}],"wp:term":[{"taxonomy":"product_brand","embeddable":true,"href":"https:\/\/www.zoohandel.ch\/de\/wp-json\/wp\/v2\/product_brand?post=187140"},{"taxonomy":"product_cat","embeddable":true,"href":"https:\/\/www.zoohandel.ch\/de\/wp-json\/wp\/v2\/product_cat?post=187140"},{"taxonomy":"product_tag","embeddable":true,"href":"https:\/\/www.zoohandel.ch\/de\/wp-json\/wp\/v2\/product_tag?post=187140"}],"curies":[{"name":"wp","href":"https:\/\/api.w.org\/{rel}","templated":true}]}}