{"id":190911,"date":"2013-12-12T00:00:00","date_gmt":"2013-12-11T23:00:00","guid":{"rendered":"https:\/\/www.alfauna.ch.vasco.sui-inter.net\/shop\/unkategorisiert\/hands-free-leine-mit-bauchgurt-nylon-schwarz\/"},"modified":"2026-04-27T00:12:30","modified_gmt":"2026-04-26T22:12:30","slug":"bauchgurt-mit-leine-gurt-60-120cm-50mm-sschwarz-grafit","status":"publish","type":"product","link":"https:\/\/www.zoohandel.ch\/de\/shop\/hunde\/unterwegs\/jogging-zubehoer\/bauchgurt-mit-leine-gurt-60-120cm-50mm-sschwarz-grafit\/","title":{"rendered":"Bauchgurt mit Leine, Gurt: 60-120cm\/50mm, sschwarz\/grafit"},"content":{"rendered":"<p>f\u00fcr mittelgro\u00dfe und gro\u00dfe Hunde<br \/>\nzum Joggen, Walken etc.<br \/>\nWirbel verhindert Verdrehen der Leine<br \/>\nruckartiges Ziehen des Hundes wird durch Ruckd\u00e4mpfer und elastischen Bauchgurt abgefedert<br \/>\nmit diversen Taschen<br \/>\nreflektierende Elemente<br \/>\nmit Pol<\/p>\n","protected":false},"excerpt":{"rendered":"<p>f\u00fcr mittelgro\u00dfe und gro\u00dfe Hunde zum Joggen, Walken etc. Wirbel verhindert Verdrehen der Leine ruckartiges Ziehen des Hundes wird durch Ruckd\u00e4mpfer und elastischen Bauchgurt abgefedert mit diversen Taschen reflektierende Elemente mit Pol<\/p>\n","protected":false},"featured_media":524904,"template":"","meta":{"_acf_changed":false},"product_brand":[],"product_cat":[3022,3767,3617],"product_tag":[],"class_list":{"0":"post-190911","1":"product","2":"type-product","3":"status-publish","4":"has-post-thumbnail","6":"product_cat-hunde","7":"product_cat-jogging-zubehoer","8":"product_cat-unterwegs","10":"first","11":"instock","12":"taxable","13":"shipping-taxable","14":"purchasable","15":"product-type-simple"},"acf":[],"yoast_head":"<!-- This site is optimized with the Yoast SEO plugin v25.8 - https:\/\/yoast.com\/wordpress\/plugins\/seo\/ -->\n<title>Bauchgurt mit Leine, Gurt: 60-120cm\/50mm, sschwarz\/grafit - zoohandel.ch<\/title>\n<meta name=\"robots\" content=\"index, follow, max-snippet:-1, max-image-preview:large, max-video-preview:-1\" \/>\n<link rel=\"canonical\" href=\"https:\/\/www.zoohandel.ch\/de\/shop\/hunde\/unterwegs\/jogging-zubehoer\/bauchgurt-mit-leine-gurt-60-120cm-50mm-sschwarz-grafit\/\" \/>\n<meta property=\"og:locale\" content=\"de_DE\" \/>\n<meta property=\"og:type\" content=\"article\" \/>\n<meta property=\"og:title\" content=\"Bauchgurt mit Leine, Gurt: 60-120cm\/50mm, sschwarz\/grafit - zoohandel.ch\" \/>\n<meta property=\"og:description\" content=\"f\u00fcr mittelgro\u00dfe und gro\u00dfe Hunde zum Joggen, Walken etc. Wirbel verhindert Verdrehen der Leine ruckartiges Ziehen des Hundes wird durch Ruckd\u00e4mpfer und elastischen Bauchgurt abgefedert mit diversen Taschen reflektierende Elemente mit Pol\" \/>\n<meta property=\"og:url\" content=\"https:\/\/www.zoohandel.ch\/de\/shop\/hunde\/unterwegs\/jogging-zubehoer\/bauchgurt-mit-leine-gurt-60-120cm-50mm-sschwarz-grafit\/\" \/>\n<meta property=\"og:site_name\" content=\"zoohandel.ch\" \/>\n<meta property=\"article:modified_time\" content=\"2026-04-26T22:12:30+00:00\" \/>\n<meta property=\"og:image\" content=\"https:\/\/www.zoohandel.ch\/wp-content\/uploads\/2024\/04\/T1275_gr.jpg\" \/>\n\t<meta property=\"og:image:width\" content=\"1200\" \/>\n\t<meta property=\"og:image:height\" content=\"1200\" \/>\n\t<meta property=\"og:image:type\" content=\"image\/jpeg\" \/>\n<meta name=\"twitter:card\" content=\"summary_large_image\" \/>\n<script type=\"application\/ld+json\" class=\"yoast-schema-graph\">{\"@context\":\"https:\/\/schema.org\",\"@graph\":[{\"@type\":\"WebPage\",\"@id\":\"https:\/\/www.zoohandel.ch\/de\/shop\/hunde\/unterwegs\/jogging-zubehoer\/bauchgurt-mit-leine-gurt-60-120cm-50mm-sschwarz-grafit\/\",\"url\":\"https:\/\/www.zoohandel.ch\/de\/shop\/hunde\/unterwegs\/jogging-zubehoer\/bauchgurt-mit-leine-gurt-60-120cm-50mm-sschwarz-grafit\/\",\"name\":\"Bauchgurt mit Leine, Gurt: 60-120cm\/50mm, sschwarz\/grafit - zoohandel.ch\",\"isPartOf\":{\"@id\":\"https:\/\/www.zoohandel.ch\/de\/#website\"},\"primaryImageOfPage\":{\"@id\":\"https:\/\/www.zoohandel.ch\/de\/shop\/hunde\/unterwegs\/jogging-zubehoer\/bauchgurt-mit-leine-gurt-60-120cm-50mm-sschwarz-grafit\/#primaryimage\"},\"image\":{\"@id\":\"https:\/\/www.zoohandel.ch\/de\/shop\/hunde\/unterwegs\/jogging-zubehoer\/bauchgurt-mit-leine-gurt-60-120cm-50mm-sschwarz-grafit\/#primaryimage\"},\"thumbnailUrl\":\"https:\/\/www.zoohandel.ch\/wp-content\/uploads\/2024\/04\/T1275_gr.jpg\",\"datePublished\":\"2013-12-11T23:00:00+00:00\",\"dateModified\":\"2026-04-26T22:12:30+00:00\",\"breadcrumb\":{\"@id\":\"https:\/\/www.zoohandel.ch\/de\/shop\/hunde\/unterwegs\/jogging-zubehoer\/bauchgurt-mit-leine-gurt-60-120cm-50mm-sschwarz-grafit\/#breadcrumb\"},\"inLanguage\":\"de\",\"potentialAction\":[{\"@type\":\"ReadAction\",\"target\":[\"https:\/\/www.zoohandel.ch\/de\/shop\/hunde\/unterwegs\/jogging-zubehoer\/bauchgurt-mit-leine-gurt-60-120cm-50mm-sschwarz-grafit\/\"]}]},{\"@type\":\"ImageObject\",\"inLanguage\":\"de\",\"@id\":\"https:\/\/www.zoohandel.ch\/de\/shop\/hunde\/unterwegs\/jogging-zubehoer\/bauchgurt-mit-leine-gurt-60-120cm-50mm-sschwarz-grafit\/#primaryimage\",\"url\":\"https:\/\/www.zoohandel.ch\/wp-content\/uploads\/2024\/04\/T1275_gr.jpg\",\"contentUrl\":\"https:\/\/www.zoohandel.ch\/wp-content\/uploads\/2024\/04\/T1275_gr.jpg\",\"width\":1200,\"height\":1200},{\"@type\":\"BreadcrumbList\",\"@id\":\"https:\/\/www.zoohandel.ch\/de\/shop\/hunde\/unterwegs\/jogging-zubehoer\/bauchgurt-mit-leine-gurt-60-120cm-50mm-sschwarz-grafit\/#breadcrumb\",\"itemListElement\":[{\"@type\":\"ListItem\",\"position\":1,\"name\":\"Startseite\",\"item\":\"https:\/\/www.zoohandel.ch\/de\/\"},{\"@type\":\"ListItem\",\"position\":2,\"name\":\"Shop\",\"item\":\"https:\/\/www.zoohandel.ch\/de\/online-shop-ueber-saemtliche-tierartikel\/\"},{\"@type\":\"ListItem\",\"position\":3,\"name\":\"Bauchgurt mit Leine, Gurt: 60-120cm\/50mm, sschwarz\/grafit\"}]},{\"@type\":\"WebSite\",\"@id\":\"https:\/\/www.zoohandel.ch\/de\/#website\",\"url\":\"https:\/\/www.zoohandel.ch\/de\/\",\"name\":\"zoohandel.ch\",\"description\":\"Das Beste f\u00fcr Ihre Lieblinge\",\"publisher\":{\"@id\":\"https:\/\/www.zoohandel.ch\/de\/#organization\"},\"potentialAction\":[{\"@type\":\"SearchAction\",\"target\":{\"@type\":\"EntryPoint\",\"urlTemplate\":\"https:\/\/www.zoohandel.ch\/de\/?s={search_term_string}\"},\"query-input\":{\"@type\":\"PropertyValueSpecification\",\"valueRequired\":true,\"valueName\":\"search_term_string\"}}],\"inLanguage\":\"de\"},{\"@type\":\"Organization\",\"@id\":\"https:\/\/www.zoohandel.ch\/de\/#organization\",\"name\":\"zoohandel.ch\",\"url\":\"https:\/\/www.zoohandel.ch\/de\/\",\"logo\":{\"@type\":\"ImageObject\",\"inLanguage\":\"de\",\"@id\":\"https:\/\/www.zoohandel.ch\/de\/#\/schema\/logo\/image\/\",\"url\":\"https:\/\/www.zoohandel.ch\/wp-content\/uploads\/zoohandel-ch.png\",\"contentUrl\":\"https:\/\/www.zoohandel.ch\/wp-content\/uploads\/zoohandel-ch.png\",\"width\":575,\"height\":171,\"caption\":\"zoohandel.ch\"},\"image\":{\"@id\":\"https:\/\/www.zoohandel.ch\/de\/#\/schema\/logo\/image\/\"}}]}<\/script>\n<!-- \/ Yoast SEO plugin. -->","yoast_head_json":{"title":"Bauchgurt mit Leine, Gurt: 60-120cm\/50mm, sschwarz\/grafit - zoohandel.ch","robots":{"index":"index","follow":"follow","max-snippet":"max-snippet:-1","max-image-preview":"max-image-preview:large","max-video-preview":"max-video-preview:-1"},"canonical":"https:\/\/www.zoohandel.ch\/de\/shop\/hunde\/unterwegs\/jogging-zubehoer\/bauchgurt-mit-leine-gurt-60-120cm-50mm-sschwarz-grafit\/","og_locale":"de_DE","og_type":"article","og_title":"Bauchgurt mit Leine, Gurt: 60-120cm\/50mm, sschwarz\/grafit - zoohandel.ch","og_description":"f\u00fcr mittelgro\u00dfe und gro\u00dfe Hunde zum Joggen, Walken etc. Wirbel verhindert Verdrehen der Leine ruckartiges Ziehen des Hundes wird durch Ruckd\u00e4mpfer und elastischen Bauchgurt abgefedert mit diversen Taschen reflektierende Elemente mit Pol","og_url":"https:\/\/www.zoohandel.ch\/de\/shop\/hunde\/unterwegs\/jogging-zubehoer\/bauchgurt-mit-leine-gurt-60-120cm-50mm-sschwarz-grafit\/","og_site_name":"zoohandel.ch","article_modified_time":"2026-04-26T22:12:30+00:00","og_image":[{"width":1200,"height":1200,"url":"https:\/\/www.zoohandel.ch\/wp-content\/uploads\/2024\/04\/T1275_gr.jpg","type":"image\/jpeg"}],"twitter_card":"summary_large_image","schema":{"@context":"https:\/\/schema.org","@graph":[{"@type":"WebPage","@id":"https:\/\/www.zoohandel.ch\/de\/shop\/hunde\/unterwegs\/jogging-zubehoer\/bauchgurt-mit-leine-gurt-60-120cm-50mm-sschwarz-grafit\/","url":"https:\/\/www.zoohandel.ch\/de\/shop\/hunde\/unterwegs\/jogging-zubehoer\/bauchgurt-mit-leine-gurt-60-120cm-50mm-sschwarz-grafit\/","name":"Bauchgurt mit Leine, Gurt: 60-120cm\/50mm, sschwarz\/grafit - zoohandel.ch","isPartOf":{"@id":"https:\/\/www.zoohandel.ch\/de\/#website"},"primaryImageOfPage":{"@id":"https:\/\/www.zoohandel.ch\/de\/shop\/hunde\/unterwegs\/jogging-zubehoer\/bauchgurt-mit-leine-gurt-60-120cm-50mm-sschwarz-grafit\/#primaryimage"},"image":{"@id":"https:\/\/www.zoohandel.ch\/de\/shop\/hunde\/unterwegs\/jogging-zubehoer\/bauchgurt-mit-leine-gurt-60-120cm-50mm-sschwarz-grafit\/#primaryimage"},"thumbnailUrl":"https:\/\/www.zoohandel.ch\/wp-content\/uploads\/2024\/04\/T1275_gr.jpg","datePublished":"2013-12-11T23:00:00+00:00","dateModified":"2026-04-26T22:12:30+00:00","breadcrumb":{"@id":"https:\/\/www.zoohandel.ch\/de\/shop\/hunde\/unterwegs\/jogging-zubehoer\/bauchgurt-mit-leine-gurt-60-120cm-50mm-sschwarz-grafit\/#breadcrumb"},"inLanguage":"de","potentialAction":[{"@type":"ReadAction","target":["https:\/\/www.zoohandel.ch\/de\/shop\/hunde\/unterwegs\/jogging-zubehoer\/bauchgurt-mit-leine-gurt-60-120cm-50mm-sschwarz-grafit\/"]}]},{"@type":"ImageObject","inLanguage":"de","@id":"https:\/\/www.zoohandel.ch\/de\/shop\/hunde\/unterwegs\/jogging-zubehoer\/bauchgurt-mit-leine-gurt-60-120cm-50mm-sschwarz-grafit\/#primaryimage","url":"https:\/\/www.zoohandel.ch\/wp-content\/uploads\/2024\/04\/T1275_gr.jpg","contentUrl":"https:\/\/www.zoohandel.ch\/wp-content\/uploads\/2024\/04\/T1275_gr.jpg","width":1200,"height":1200},{"@type":"BreadcrumbList","@id":"https:\/\/www.zoohandel.ch\/de\/shop\/hunde\/unterwegs\/jogging-zubehoer\/bauchgurt-mit-leine-gurt-60-120cm-50mm-sschwarz-grafit\/#breadcrumb","itemListElement":[{"@type":"ListItem","position":1,"name":"Startseite","item":"https:\/\/www.zoohandel.ch\/de\/"},{"@type":"ListItem","position":2,"name":"Shop","item":"https:\/\/www.zoohandel.ch\/de\/online-shop-ueber-saemtliche-tierartikel\/"},{"@type":"ListItem","position":3,"name":"Bauchgurt mit Leine, Gurt: 60-120cm\/50mm, sschwarz\/grafit"}]},{"@type":"WebSite","@id":"https:\/\/www.zoohandel.ch\/de\/#website","url":"https:\/\/www.zoohandel.ch\/de\/","name":"zoohandel.ch","description":"Das Beste f\u00fcr Ihre Lieblinge","publisher":{"@id":"https:\/\/www.zoohandel.ch\/de\/#organization"},"potentialAction":[{"@type":"SearchAction","target":{"@type":"EntryPoint","urlTemplate":"https:\/\/www.zoohandel.ch\/de\/?s={search_term_string}"},"query-input":{"@type":"PropertyValueSpecification","valueRequired":true,"valueName":"search_term_string"}}],"inLanguage":"de"},{"@type":"Organization","@id":"https:\/\/www.zoohandel.ch\/de\/#organization","name":"zoohandel.ch","url":"https:\/\/www.zoohandel.ch\/de\/","logo":{"@type":"ImageObject","inLanguage":"de","@id":"https:\/\/www.zoohandel.ch\/de\/#\/schema\/logo\/image\/","url":"https:\/\/www.zoohandel.ch\/wp-content\/uploads\/zoohandel-ch.png","contentUrl":"https:\/\/www.zoohandel.ch\/wp-content\/uploads\/zoohandel-ch.png","width":575,"height":171,"caption":"zoohandel.ch"},"image":{"@id":"https:\/\/www.zoohandel.ch\/de\/#\/schema\/logo\/image\/"}}]}},"tiered_pricing_type":"fixed","tiered_pricing_fixed_rules":[],"tiered_pricing_product_settings":{"layout":"default","base_unit_name":{"singular":null,"plural":null},"default_variation":null},"tiered_pricing_minimum_quantity":null,"tiered_pricing_roles_data":[],"tiered_pricing_percentage_rules":[],"_links":{"self":[{"href":"https:\/\/www.zoohandel.ch\/de\/wp-json\/wp\/v2\/product\/190911","targetHints":{"allow":["GET"]}}],"collection":[{"href":"https:\/\/www.zoohandel.ch\/de\/wp-json\/wp\/v2\/product"}],"about":[{"href":"https:\/\/www.zoohandel.ch\/de\/wp-json\/wp\/v2\/types\/product"}],"wp:featuredmedia":[{"embeddable":true,"href":"https:\/\/www.zoohandel.ch\/de\/wp-json\/wp\/v2\/media\/524904"}],"wp:attachment":[{"href":"https:\/\/www.zoohandel.ch\/de\/wp-json\/wp\/v2\/media?parent=190911"}],"wp:term":[{"taxonomy":"product_brand","embeddable":true,"href":"https:\/\/www.zoohandel.ch\/de\/wp-json\/wp\/v2\/product_brand?post=190911"},{"taxonomy":"product_cat","embeddable":true,"href":"https:\/\/www.zoohandel.ch\/de\/wp-json\/wp\/v2\/product_cat?post=190911"},{"taxonomy":"product_tag","embeddable":true,"href":"https:\/\/www.zoohandel.ch\/de\/wp-json\/wp\/v2\/product_tag?post=190911"}],"curies":[{"name":"wp","href":"https:\/\/api.w.org\/{rel}","templated":true}]}}