{"id":190919,"date":"2016-06-14T00:00:00","date_gmt":"2016-06-13T22:00:00","guid":{"rendered":"https:\/\/www.alfauna.ch.vasco.sui-inter.net\/shop\/unkategorisiert\/joggingleine-133-180-m-20mm-grau-gruen\/"},"modified":"2026-04-21T00:14:54","modified_gmt":"2026-04-20T22:14:54","slug":"joggingleine-133-180-m-20mm-petrol-aqua","status":"publish","type":"product","link":"https:\/\/www.zoohandel.ch\/de\/shop\/hunde\/unterwegs\/jogging-zubehoer\/joggingleine-133-180-m-20mm-petrol-aqua\/","title":{"rendered":"Joggingleine, 1,33-1,80 m\/20mm, petrol\/aqua"},"content":{"rendered":"<p>zum Umh\u00e4ngen oder mit Handschlaufe nutzbar<br \/>\nstufenlos verstellbare Leine<br \/>\nruckartiges Ziehen des Hundes wird durch Ruckd\u00e4mpfer abgefedert<br \/>\ngepolsterte Handschlaufe mit Schnappverschluss<br \/>\nzus\u00e4tzliche \u00d6se z. B. zum Befestigen der Hundemarke oder ei<\/p>\n","protected":false},"excerpt":{"rendered":"<p>zum Umh\u00e4ngen oder mit Handschlaufe nutzbar stufenlos verstellbare Leine ruckartiges Ziehen des Hundes wird durch Ruckd\u00e4mpfer abgefedert gepolsterte Handschlaufe mit Schnappverschluss zus\u00e4tzliche \u00d6se z. B. zum Befestigen der Hundemarke oder ei<\/p>\n","protected":false},"featured_media":560496,"template":"","meta":{"_acf_changed":false},"product_brand":[],"product_cat":[3022,3767,3617],"product_tag":[],"class_list":{"0":"post-190919","1":"product","2":"type-product","3":"status-publish","4":"has-post-thumbnail","6":"product_cat-hunde","7":"product_cat-jogging-zubehoer","8":"product_cat-unterwegs","10":"first","11":"instock","12":"taxable","13":"shipping-taxable","14":"purchasable","15":"product-type-simple"},"acf":[],"yoast_head":"<!-- This site is optimized with the Yoast SEO plugin v25.8 - https:\/\/yoast.com\/wordpress\/plugins\/seo\/ -->\n<title>Joggingleine, 1,33-1,80 m\/20mm, petrol\/aqua - zoohandel.ch<\/title>\n<meta name=\"robots\" content=\"index, follow, max-snippet:-1, max-image-preview:large, max-video-preview:-1\" \/>\n<link rel=\"canonical\" href=\"https:\/\/www.zoohandel.ch\/de\/shop\/hunde\/unterwegs\/jogging-zubehoer\/joggingleine-133-180-m-20mm-petrol-aqua\/\" \/>\n<meta property=\"og:locale\" content=\"de_DE\" \/>\n<meta property=\"og:type\" content=\"article\" \/>\n<meta property=\"og:title\" content=\"Joggingleine, 1,33-1,80 m\/20mm, petrol\/aqua - zoohandel.ch\" \/>\n<meta property=\"og:description\" content=\"zum Umh\u00e4ngen oder mit Handschlaufe nutzbar stufenlos verstellbare Leine ruckartiges Ziehen des Hundes wird durch Ruckd\u00e4mpfer abgefedert gepolsterte Handschlaufe mit Schnappverschluss zus\u00e4tzliche \u00d6se z. B. zum Befestigen der Hundemarke oder ei\" \/>\n<meta property=\"og:url\" content=\"https:\/\/www.zoohandel.ch\/de\/shop\/hunde\/unterwegs\/jogging-zubehoer\/joggingleine-133-180-m-20mm-petrol-aqua\/\" \/>\n<meta property=\"og:site_name\" content=\"zoohandel.ch\" \/>\n<meta property=\"article:modified_time\" content=\"2026-04-20T22:14:54+00:00\" \/>\n<meta property=\"og:image\" content=\"https:\/\/www.zoohandel.ch\/wp-content\/uploads\/2025\/01\/T12763_gr.jpg\" \/>\n\t<meta property=\"og:image:width\" content=\"2000\" \/>\n\t<meta property=\"og:image:height\" content=\"815\" \/>\n\t<meta property=\"og:image:type\" content=\"image\/jpeg\" \/>\n<meta name=\"twitter:card\" content=\"summary_large_image\" \/>\n<script type=\"application\/ld+json\" class=\"yoast-schema-graph\">{\"@context\":\"https:\/\/schema.org\",\"@graph\":[{\"@type\":\"WebPage\",\"@id\":\"https:\/\/www.zoohandel.ch\/de\/shop\/hunde\/unterwegs\/jogging-zubehoer\/joggingleine-133-180-m-20mm-petrol-aqua\/\",\"url\":\"https:\/\/www.zoohandel.ch\/de\/shop\/hunde\/unterwegs\/jogging-zubehoer\/joggingleine-133-180-m-20mm-petrol-aqua\/\",\"name\":\"Joggingleine, 1,33-1,80 m\/20mm, petrol\/aqua - zoohandel.ch\",\"isPartOf\":{\"@id\":\"https:\/\/www.zoohandel.ch\/de\/#website\"},\"primaryImageOfPage\":{\"@id\":\"https:\/\/www.zoohandel.ch\/de\/shop\/hunde\/unterwegs\/jogging-zubehoer\/joggingleine-133-180-m-20mm-petrol-aqua\/#primaryimage\"},\"image\":{\"@id\":\"https:\/\/www.zoohandel.ch\/de\/shop\/hunde\/unterwegs\/jogging-zubehoer\/joggingleine-133-180-m-20mm-petrol-aqua\/#primaryimage\"},\"thumbnailUrl\":\"https:\/\/www.zoohandel.ch\/wp-content\/uploads\/2025\/01\/T12763_gr.jpg\",\"datePublished\":\"2016-06-13T22:00:00+00:00\",\"dateModified\":\"2026-04-20T22:14:54+00:00\",\"breadcrumb\":{\"@id\":\"https:\/\/www.zoohandel.ch\/de\/shop\/hunde\/unterwegs\/jogging-zubehoer\/joggingleine-133-180-m-20mm-petrol-aqua\/#breadcrumb\"},\"inLanguage\":\"de\",\"potentialAction\":[{\"@type\":\"ReadAction\",\"target\":[\"https:\/\/www.zoohandel.ch\/de\/shop\/hunde\/unterwegs\/jogging-zubehoer\/joggingleine-133-180-m-20mm-petrol-aqua\/\"]}]},{\"@type\":\"ImageObject\",\"inLanguage\":\"de\",\"@id\":\"https:\/\/www.zoohandel.ch\/de\/shop\/hunde\/unterwegs\/jogging-zubehoer\/joggingleine-133-180-m-20mm-petrol-aqua\/#primaryimage\",\"url\":\"https:\/\/www.zoohandel.ch\/wp-content\/uploads\/2025\/01\/T12763_gr.jpg\",\"contentUrl\":\"https:\/\/www.zoohandel.ch\/wp-content\/uploads\/2025\/01\/T12763_gr.jpg\",\"width\":2000,\"height\":815},{\"@type\":\"BreadcrumbList\",\"@id\":\"https:\/\/www.zoohandel.ch\/de\/shop\/hunde\/unterwegs\/jogging-zubehoer\/joggingleine-133-180-m-20mm-petrol-aqua\/#breadcrumb\",\"itemListElement\":[{\"@type\":\"ListItem\",\"position\":1,\"name\":\"Startseite\",\"item\":\"https:\/\/www.zoohandel.ch\/de\/\"},{\"@type\":\"ListItem\",\"position\":2,\"name\":\"Shop\",\"item\":\"https:\/\/www.zoohandel.ch\/de\/online-shop-ueber-saemtliche-tierartikel\/\"},{\"@type\":\"ListItem\",\"position\":3,\"name\":\"Joggingleine, 1,33-1,80 m\/20mm, petrol\/aqua\"}]},{\"@type\":\"WebSite\",\"@id\":\"https:\/\/www.zoohandel.ch\/de\/#website\",\"url\":\"https:\/\/www.zoohandel.ch\/de\/\",\"name\":\"zoohandel.ch\",\"description\":\"Das Beste f\u00fcr Ihre Lieblinge\",\"publisher\":{\"@id\":\"https:\/\/www.zoohandel.ch\/de\/#organization\"},\"potentialAction\":[{\"@type\":\"SearchAction\",\"target\":{\"@type\":\"EntryPoint\",\"urlTemplate\":\"https:\/\/www.zoohandel.ch\/de\/?s={search_term_string}\"},\"query-input\":{\"@type\":\"PropertyValueSpecification\",\"valueRequired\":true,\"valueName\":\"search_term_string\"}}],\"inLanguage\":\"de\"},{\"@type\":\"Organization\",\"@id\":\"https:\/\/www.zoohandel.ch\/de\/#organization\",\"name\":\"zoohandel.ch\",\"url\":\"https:\/\/www.zoohandel.ch\/de\/\",\"logo\":{\"@type\":\"ImageObject\",\"inLanguage\":\"de\",\"@id\":\"https:\/\/www.zoohandel.ch\/de\/#\/schema\/logo\/image\/\",\"url\":\"https:\/\/www.zoohandel.ch\/wp-content\/uploads\/zoohandel-ch.png\",\"contentUrl\":\"https:\/\/www.zoohandel.ch\/wp-content\/uploads\/zoohandel-ch.png\",\"width\":575,\"height\":171,\"caption\":\"zoohandel.ch\"},\"image\":{\"@id\":\"https:\/\/www.zoohandel.ch\/de\/#\/schema\/logo\/image\/\"}}]}<\/script>\n<!-- \/ Yoast SEO plugin. -->","yoast_head_json":{"title":"Joggingleine, 1,33-1,80 m\/20mm, petrol\/aqua - zoohandel.ch","robots":{"index":"index","follow":"follow","max-snippet":"max-snippet:-1","max-image-preview":"max-image-preview:large","max-video-preview":"max-video-preview:-1"},"canonical":"https:\/\/www.zoohandel.ch\/de\/shop\/hunde\/unterwegs\/jogging-zubehoer\/joggingleine-133-180-m-20mm-petrol-aqua\/","og_locale":"de_DE","og_type":"article","og_title":"Joggingleine, 1,33-1,80 m\/20mm, petrol\/aqua - zoohandel.ch","og_description":"zum Umh\u00e4ngen oder mit Handschlaufe nutzbar stufenlos verstellbare Leine ruckartiges Ziehen des Hundes wird durch Ruckd\u00e4mpfer abgefedert gepolsterte Handschlaufe mit Schnappverschluss zus\u00e4tzliche \u00d6se z. B. zum Befestigen der Hundemarke oder ei","og_url":"https:\/\/www.zoohandel.ch\/de\/shop\/hunde\/unterwegs\/jogging-zubehoer\/joggingleine-133-180-m-20mm-petrol-aqua\/","og_site_name":"zoohandel.ch","article_modified_time":"2026-04-20T22:14:54+00:00","og_image":[{"width":2000,"height":815,"url":"https:\/\/www.zoohandel.ch\/wp-content\/uploads\/2025\/01\/T12763_gr.jpg","type":"image\/jpeg"}],"twitter_card":"summary_large_image","schema":{"@context":"https:\/\/schema.org","@graph":[{"@type":"WebPage","@id":"https:\/\/www.zoohandel.ch\/de\/shop\/hunde\/unterwegs\/jogging-zubehoer\/joggingleine-133-180-m-20mm-petrol-aqua\/","url":"https:\/\/www.zoohandel.ch\/de\/shop\/hunde\/unterwegs\/jogging-zubehoer\/joggingleine-133-180-m-20mm-petrol-aqua\/","name":"Joggingleine, 1,33-1,80 m\/20mm, petrol\/aqua - zoohandel.ch","isPartOf":{"@id":"https:\/\/www.zoohandel.ch\/de\/#website"},"primaryImageOfPage":{"@id":"https:\/\/www.zoohandel.ch\/de\/shop\/hunde\/unterwegs\/jogging-zubehoer\/joggingleine-133-180-m-20mm-petrol-aqua\/#primaryimage"},"image":{"@id":"https:\/\/www.zoohandel.ch\/de\/shop\/hunde\/unterwegs\/jogging-zubehoer\/joggingleine-133-180-m-20mm-petrol-aqua\/#primaryimage"},"thumbnailUrl":"https:\/\/www.zoohandel.ch\/wp-content\/uploads\/2025\/01\/T12763_gr.jpg","datePublished":"2016-06-13T22:00:00+00:00","dateModified":"2026-04-20T22:14:54+00:00","breadcrumb":{"@id":"https:\/\/www.zoohandel.ch\/de\/shop\/hunde\/unterwegs\/jogging-zubehoer\/joggingleine-133-180-m-20mm-petrol-aqua\/#breadcrumb"},"inLanguage":"de","potentialAction":[{"@type":"ReadAction","target":["https:\/\/www.zoohandel.ch\/de\/shop\/hunde\/unterwegs\/jogging-zubehoer\/joggingleine-133-180-m-20mm-petrol-aqua\/"]}]},{"@type":"ImageObject","inLanguage":"de","@id":"https:\/\/www.zoohandel.ch\/de\/shop\/hunde\/unterwegs\/jogging-zubehoer\/joggingleine-133-180-m-20mm-petrol-aqua\/#primaryimage","url":"https:\/\/www.zoohandel.ch\/wp-content\/uploads\/2025\/01\/T12763_gr.jpg","contentUrl":"https:\/\/www.zoohandel.ch\/wp-content\/uploads\/2025\/01\/T12763_gr.jpg","width":2000,"height":815},{"@type":"BreadcrumbList","@id":"https:\/\/www.zoohandel.ch\/de\/shop\/hunde\/unterwegs\/jogging-zubehoer\/joggingleine-133-180-m-20mm-petrol-aqua\/#breadcrumb","itemListElement":[{"@type":"ListItem","position":1,"name":"Startseite","item":"https:\/\/www.zoohandel.ch\/de\/"},{"@type":"ListItem","position":2,"name":"Shop","item":"https:\/\/www.zoohandel.ch\/de\/online-shop-ueber-saemtliche-tierartikel\/"},{"@type":"ListItem","position":3,"name":"Joggingleine, 1,33-1,80 m\/20mm, petrol\/aqua"}]},{"@type":"WebSite","@id":"https:\/\/www.zoohandel.ch\/de\/#website","url":"https:\/\/www.zoohandel.ch\/de\/","name":"zoohandel.ch","description":"Das Beste f\u00fcr Ihre Lieblinge","publisher":{"@id":"https:\/\/www.zoohandel.ch\/de\/#organization"},"potentialAction":[{"@type":"SearchAction","target":{"@type":"EntryPoint","urlTemplate":"https:\/\/www.zoohandel.ch\/de\/?s={search_term_string}"},"query-input":{"@type":"PropertyValueSpecification","valueRequired":true,"valueName":"search_term_string"}}],"inLanguage":"de"},{"@type":"Organization","@id":"https:\/\/www.zoohandel.ch\/de\/#organization","name":"zoohandel.ch","url":"https:\/\/www.zoohandel.ch\/de\/","logo":{"@type":"ImageObject","inLanguage":"de","@id":"https:\/\/www.zoohandel.ch\/de\/#\/schema\/logo\/image\/","url":"https:\/\/www.zoohandel.ch\/wp-content\/uploads\/zoohandel-ch.png","contentUrl":"https:\/\/www.zoohandel.ch\/wp-content\/uploads\/zoohandel-ch.png","width":575,"height":171,"caption":"zoohandel.ch"},"image":{"@id":"https:\/\/www.zoohandel.ch\/de\/#\/schema\/logo\/image\/"}}]}},"tiered_pricing_type":"fixed","tiered_pricing_fixed_rules":[],"tiered_pricing_product_settings":{"layout":"default","base_unit_name":{"singular":null,"plural":null},"default_variation":null},"tiered_pricing_minimum_quantity":null,"tiered_pricing_roles_data":[],"tiered_pricing_percentage_rules":[],"_links":{"self":[{"href":"https:\/\/www.zoohandel.ch\/de\/wp-json\/wp\/v2\/product\/190919","targetHints":{"allow":["GET"]}}],"collection":[{"href":"https:\/\/www.zoohandel.ch\/de\/wp-json\/wp\/v2\/product"}],"about":[{"href":"https:\/\/www.zoohandel.ch\/de\/wp-json\/wp\/v2\/types\/product"}],"wp:featuredmedia":[{"embeddable":true,"href":"https:\/\/www.zoohandel.ch\/de\/wp-json\/wp\/v2\/media\/560496"}],"wp:attachment":[{"href":"https:\/\/www.zoohandel.ch\/de\/wp-json\/wp\/v2\/media?parent=190919"}],"wp:term":[{"taxonomy":"product_brand","embeddable":true,"href":"https:\/\/www.zoohandel.ch\/de\/wp-json\/wp\/v2\/product_brand?post=190919"},{"taxonomy":"product_cat","embeddable":true,"href":"https:\/\/www.zoohandel.ch\/de\/wp-json\/wp\/v2\/product_cat?post=190919"},{"taxonomy":"product_tag","embeddable":true,"href":"https:\/\/www.zoohandel.ch\/de\/wp-json\/wp\/v2\/product_tag?post=190919"}],"curies":[{"name":"wp","href":"https:\/\/api.w.org\/{rel}","templated":true}]}}