{"id":192349,"date":"2019-05-13T00:00:00","date_gmt":"2019-05-12T22:00:00","guid":{"rendered":"https:\/\/www.alfauna.ch.vasco.sui-inter.net\/shop\/unkategorisiert\/schutzkragen-xs-23-27-cm-13-cm-grau\/"},"modified":"2026-04-27T05:32:47","modified_gmt":"2026-04-27T03:32:47","slug":"schutzkragen-grau-xs-23-27-cm-13-cm","status":"publish","type":"product","link":"https:\/\/www.zoohandel.ch\/de\/shop\/hunde\/pflege-hygiene-gesundheit\/schutzkragen-grau-xs-23-27-cm-13-cm\/","title":{"rendered":"Schutzkragen, grau"},"content":{"rendered":"<p>weiches Material sorgt f\u00fcr angenehmen Tragekomfort<br \/>\nkein H\u00e4ngenbleiben oder Sto\u00dfen an Gegenst\u00e4nden<br \/>\nbeeintr\u00e4chtigt weder die Sicht noch das Geh\u00f6r des Tieres<br \/>\nFressen, Trinken, Schn\u00fcffeln und Liegen sind problemlos m\u00f6glich<br \/>\nmit Halsbandlaschen<\/p>\n","protected":false},"excerpt":{"rendered":"<p>weiches Material sorgt f\u00fcr angenehmen Tragekomfort kein H\u00e4ngenbleiben oder Sto\u00dfen an Gegenst\u00e4nden beeintr\u00e4chtigt weder die Sicht noch das Geh\u00f6r des Tieres Fressen, Trinken, Schn\u00fcffeln und Liegen sind problemlos m\u00f6glich mit Halsbandlaschen<\/p>\n","protected":false},"featured_media":527890,"template":"","meta":{"_acf_changed":false},"product_brand":[],"product_cat":[3022,3612],"product_tag":[],"class_list":{"0":"post-192349","1":"product","2":"type-product","3":"status-publish","4":"has-post-thumbnail","6":"product_cat-hunde","7":"product_cat-pflege-hygiene-gesundheit","9":"first","10":"instock","11":"taxable","12":"shipping-taxable","13":"purchasable","14":"product-type-simple"},"acf":[],"yoast_head":"<!-- This site is optimized with the Yoast SEO plugin v25.8 - https:\/\/yoast.com\/wordpress\/plugins\/seo\/ -->\n<title>Schutzkragen, grau - zoohandel.ch<\/title>\n<meta name=\"robots\" content=\"index, follow, max-snippet:-1, max-image-preview:large, max-video-preview:-1\" \/>\n<link rel=\"canonical\" href=\"https:\/\/www.zoohandel.ch\/de\/shop\/hunde\/pflege-hygiene-gesundheit\/schutzkragen-grau-xs-23-27-cm-13-cm\/\" \/>\n<meta property=\"og:locale\" content=\"de_DE\" \/>\n<meta property=\"og:type\" content=\"article\" \/>\n<meta property=\"og:title\" content=\"Schutzkragen, grau - zoohandel.ch\" \/>\n<meta property=\"og:description\" content=\"weiches Material sorgt f\u00fcr angenehmen Tragekomfort kein H\u00e4ngenbleiben oder Sto\u00dfen an Gegenst\u00e4nden beeintr\u00e4chtigt weder die Sicht noch das Geh\u00f6r des Tieres Fressen, Trinken, Schn\u00fcffeln und Liegen sind problemlos m\u00f6glich mit Halsbandlaschen\" \/>\n<meta property=\"og:url\" content=\"https:\/\/www.zoohandel.ch\/de\/shop\/hunde\/pflege-hygiene-gesundheit\/schutzkragen-grau-xs-23-27-cm-13-cm\/\" \/>\n<meta property=\"og:site_name\" content=\"zoohandel.ch\" \/>\n<meta property=\"article:modified_time\" content=\"2026-04-27T03:32:47+00:00\" \/>\n<meta property=\"og:image\" content=\"https:\/\/www.zoohandel.ch\/wp-content\/uploads\/2024\/04\/T19422_gr.jpg\" \/>\n\t<meta property=\"og:image:width\" content=\"1600\" \/>\n\t<meta property=\"og:image:height\" content=\"1200\" \/>\n\t<meta property=\"og:image:type\" content=\"image\/jpeg\" \/>\n<meta name=\"twitter:card\" content=\"summary_large_image\" \/>\n<script type=\"application\/ld+json\" class=\"yoast-schema-graph\">{\"@context\":\"https:\/\/schema.org\",\"@graph\":[{\"@type\":\"WebPage\",\"@id\":\"https:\/\/www.zoohandel.ch\/de\/shop\/hunde\/pflege-hygiene-gesundheit\/schutzkragen-grau-xs-23-27-cm-13-cm\/\",\"url\":\"https:\/\/www.zoohandel.ch\/de\/shop\/hunde\/pflege-hygiene-gesundheit\/schutzkragen-grau-xs-23-27-cm-13-cm\/\",\"name\":\"Schutzkragen, grau - zoohandel.ch\",\"isPartOf\":{\"@id\":\"https:\/\/www.zoohandel.ch\/de\/#website\"},\"primaryImageOfPage\":{\"@id\":\"https:\/\/www.zoohandel.ch\/de\/shop\/hunde\/pflege-hygiene-gesundheit\/schutzkragen-grau-xs-23-27-cm-13-cm\/#primaryimage\"},\"image\":{\"@id\":\"https:\/\/www.zoohandel.ch\/de\/shop\/hunde\/pflege-hygiene-gesundheit\/schutzkragen-grau-xs-23-27-cm-13-cm\/#primaryimage\"},\"thumbnailUrl\":\"https:\/\/www.zoohandel.ch\/wp-content\/uploads\/2024\/04\/T19422_gr.jpg\",\"datePublished\":\"2019-05-12T22:00:00+00:00\",\"dateModified\":\"2026-04-27T03:32:47+00:00\",\"breadcrumb\":{\"@id\":\"https:\/\/www.zoohandel.ch\/de\/shop\/hunde\/pflege-hygiene-gesundheit\/schutzkragen-grau-xs-23-27-cm-13-cm\/#breadcrumb\"},\"inLanguage\":\"de\",\"potentialAction\":[{\"@type\":\"ReadAction\",\"target\":[\"https:\/\/www.zoohandel.ch\/de\/shop\/hunde\/pflege-hygiene-gesundheit\/schutzkragen-grau-xs-23-27-cm-13-cm\/\"]}]},{\"@type\":\"ImageObject\",\"inLanguage\":\"de\",\"@id\":\"https:\/\/www.zoohandel.ch\/de\/shop\/hunde\/pflege-hygiene-gesundheit\/schutzkragen-grau-xs-23-27-cm-13-cm\/#primaryimage\",\"url\":\"https:\/\/www.zoohandel.ch\/wp-content\/uploads\/2024\/04\/T19422_gr.jpg\",\"contentUrl\":\"https:\/\/www.zoohandel.ch\/wp-content\/uploads\/2024\/04\/T19422_gr.jpg\",\"width\":1600,\"height\":1200},{\"@type\":\"BreadcrumbList\",\"@id\":\"https:\/\/www.zoohandel.ch\/de\/shop\/hunde\/pflege-hygiene-gesundheit\/schutzkragen-grau-xs-23-27-cm-13-cm\/#breadcrumb\",\"itemListElement\":[{\"@type\":\"ListItem\",\"position\":1,\"name\":\"Startseite\",\"item\":\"https:\/\/www.zoohandel.ch\/de\/\"},{\"@type\":\"ListItem\",\"position\":2,\"name\":\"Shop\",\"item\":\"https:\/\/www.zoohandel.ch\/de\/online-shop-ueber-saemtliche-tierartikel\/\"},{\"@type\":\"ListItem\",\"position\":3,\"name\":\"Schutzkragen, grau\"}]},{\"@type\":\"WebSite\",\"@id\":\"https:\/\/www.zoohandel.ch\/de\/#website\",\"url\":\"https:\/\/www.zoohandel.ch\/de\/\",\"name\":\"zoohandel.ch\",\"description\":\"Das Beste f\u00fcr Ihre Lieblinge\",\"publisher\":{\"@id\":\"https:\/\/www.zoohandel.ch\/de\/#organization\"},\"potentialAction\":[{\"@type\":\"SearchAction\",\"target\":{\"@type\":\"EntryPoint\",\"urlTemplate\":\"https:\/\/www.zoohandel.ch\/de\/?s={search_term_string}\"},\"query-input\":{\"@type\":\"PropertyValueSpecification\",\"valueRequired\":true,\"valueName\":\"search_term_string\"}}],\"inLanguage\":\"de\"},{\"@type\":\"Organization\",\"@id\":\"https:\/\/www.zoohandel.ch\/de\/#organization\",\"name\":\"zoohandel.ch\",\"url\":\"https:\/\/www.zoohandel.ch\/de\/\",\"logo\":{\"@type\":\"ImageObject\",\"inLanguage\":\"de\",\"@id\":\"https:\/\/www.zoohandel.ch\/de\/#\/schema\/logo\/image\/\",\"url\":\"https:\/\/www.zoohandel.ch\/wp-content\/uploads\/zoohandel-ch.png\",\"contentUrl\":\"https:\/\/www.zoohandel.ch\/wp-content\/uploads\/zoohandel-ch.png\",\"width\":575,\"height\":171,\"caption\":\"zoohandel.ch\"},\"image\":{\"@id\":\"https:\/\/www.zoohandel.ch\/de\/#\/schema\/logo\/image\/\"}}]}<\/script>\n<!-- \/ Yoast SEO plugin. -->","yoast_head_json":{"title":"Schutzkragen, grau - zoohandel.ch","robots":{"index":"index","follow":"follow","max-snippet":"max-snippet:-1","max-image-preview":"max-image-preview:large","max-video-preview":"max-video-preview:-1"},"canonical":"https:\/\/www.zoohandel.ch\/de\/shop\/hunde\/pflege-hygiene-gesundheit\/schutzkragen-grau-xs-23-27-cm-13-cm\/","og_locale":"de_DE","og_type":"article","og_title":"Schutzkragen, grau - zoohandel.ch","og_description":"weiches Material sorgt f\u00fcr angenehmen Tragekomfort kein H\u00e4ngenbleiben oder Sto\u00dfen an Gegenst\u00e4nden beeintr\u00e4chtigt weder die Sicht noch das Geh\u00f6r des Tieres Fressen, Trinken, Schn\u00fcffeln und Liegen sind problemlos m\u00f6glich mit Halsbandlaschen","og_url":"https:\/\/www.zoohandel.ch\/de\/shop\/hunde\/pflege-hygiene-gesundheit\/schutzkragen-grau-xs-23-27-cm-13-cm\/","og_site_name":"zoohandel.ch","article_modified_time":"2026-04-27T03:32:47+00:00","og_image":[{"width":1600,"height":1200,"url":"https:\/\/www.zoohandel.ch\/wp-content\/uploads\/2024\/04\/T19422_gr.jpg","type":"image\/jpeg"}],"twitter_card":"summary_large_image","schema":{"@context":"https:\/\/schema.org","@graph":[{"@type":"WebPage","@id":"https:\/\/www.zoohandel.ch\/de\/shop\/hunde\/pflege-hygiene-gesundheit\/schutzkragen-grau-xs-23-27-cm-13-cm\/","url":"https:\/\/www.zoohandel.ch\/de\/shop\/hunde\/pflege-hygiene-gesundheit\/schutzkragen-grau-xs-23-27-cm-13-cm\/","name":"Schutzkragen, grau - zoohandel.ch","isPartOf":{"@id":"https:\/\/www.zoohandel.ch\/de\/#website"},"primaryImageOfPage":{"@id":"https:\/\/www.zoohandel.ch\/de\/shop\/hunde\/pflege-hygiene-gesundheit\/schutzkragen-grau-xs-23-27-cm-13-cm\/#primaryimage"},"image":{"@id":"https:\/\/www.zoohandel.ch\/de\/shop\/hunde\/pflege-hygiene-gesundheit\/schutzkragen-grau-xs-23-27-cm-13-cm\/#primaryimage"},"thumbnailUrl":"https:\/\/www.zoohandel.ch\/wp-content\/uploads\/2024\/04\/T19422_gr.jpg","datePublished":"2019-05-12T22:00:00+00:00","dateModified":"2026-04-27T03:32:47+00:00","breadcrumb":{"@id":"https:\/\/www.zoohandel.ch\/de\/shop\/hunde\/pflege-hygiene-gesundheit\/schutzkragen-grau-xs-23-27-cm-13-cm\/#breadcrumb"},"inLanguage":"de","potentialAction":[{"@type":"ReadAction","target":["https:\/\/www.zoohandel.ch\/de\/shop\/hunde\/pflege-hygiene-gesundheit\/schutzkragen-grau-xs-23-27-cm-13-cm\/"]}]},{"@type":"ImageObject","inLanguage":"de","@id":"https:\/\/www.zoohandel.ch\/de\/shop\/hunde\/pflege-hygiene-gesundheit\/schutzkragen-grau-xs-23-27-cm-13-cm\/#primaryimage","url":"https:\/\/www.zoohandel.ch\/wp-content\/uploads\/2024\/04\/T19422_gr.jpg","contentUrl":"https:\/\/www.zoohandel.ch\/wp-content\/uploads\/2024\/04\/T19422_gr.jpg","width":1600,"height":1200},{"@type":"BreadcrumbList","@id":"https:\/\/www.zoohandel.ch\/de\/shop\/hunde\/pflege-hygiene-gesundheit\/schutzkragen-grau-xs-23-27-cm-13-cm\/#breadcrumb","itemListElement":[{"@type":"ListItem","position":1,"name":"Startseite","item":"https:\/\/www.zoohandel.ch\/de\/"},{"@type":"ListItem","position":2,"name":"Shop","item":"https:\/\/www.zoohandel.ch\/de\/online-shop-ueber-saemtliche-tierartikel\/"},{"@type":"ListItem","position":3,"name":"Schutzkragen, grau"}]},{"@type":"WebSite","@id":"https:\/\/www.zoohandel.ch\/de\/#website","url":"https:\/\/www.zoohandel.ch\/de\/","name":"zoohandel.ch","description":"Das Beste f\u00fcr Ihre Lieblinge","publisher":{"@id":"https:\/\/www.zoohandel.ch\/de\/#organization"},"potentialAction":[{"@type":"SearchAction","target":{"@type":"EntryPoint","urlTemplate":"https:\/\/www.zoohandel.ch\/de\/?s={search_term_string}"},"query-input":{"@type":"PropertyValueSpecification","valueRequired":true,"valueName":"search_term_string"}}],"inLanguage":"de"},{"@type":"Organization","@id":"https:\/\/www.zoohandel.ch\/de\/#organization","name":"zoohandel.ch","url":"https:\/\/www.zoohandel.ch\/de\/","logo":{"@type":"ImageObject","inLanguage":"de","@id":"https:\/\/www.zoohandel.ch\/de\/#\/schema\/logo\/image\/","url":"https:\/\/www.zoohandel.ch\/wp-content\/uploads\/zoohandel-ch.png","contentUrl":"https:\/\/www.zoohandel.ch\/wp-content\/uploads\/zoohandel-ch.png","width":575,"height":171,"caption":"zoohandel.ch"},"image":{"@id":"https:\/\/www.zoohandel.ch\/de\/#\/schema\/logo\/image\/"}}]}},"tiered_pricing_type":"fixed","tiered_pricing_fixed_rules":[],"tiered_pricing_product_settings":{"layout":"default","base_unit_name":{"singular":null,"plural":null},"default_variation":null},"tiered_pricing_minimum_quantity":null,"tiered_pricing_roles_data":[],"tiered_pricing_percentage_rules":[],"_links":{"self":[{"href":"https:\/\/www.zoohandel.ch\/de\/wp-json\/wp\/v2\/product\/192349","targetHints":{"allow":["GET"]}}],"collection":[{"href":"https:\/\/www.zoohandel.ch\/de\/wp-json\/wp\/v2\/product"}],"about":[{"href":"https:\/\/www.zoohandel.ch\/de\/wp-json\/wp\/v2\/types\/product"}],"wp:featuredmedia":[{"embeddable":true,"href":"https:\/\/www.zoohandel.ch\/de\/wp-json\/wp\/v2\/media\/527890"}],"wp:attachment":[{"href":"https:\/\/www.zoohandel.ch\/de\/wp-json\/wp\/v2\/media?parent=192349"}],"wp:term":[{"taxonomy":"product_brand","embeddable":true,"href":"https:\/\/www.zoohandel.ch\/de\/wp-json\/wp\/v2\/product_brand?post=192349"},{"taxonomy":"product_cat","embeddable":true,"href":"https:\/\/www.zoohandel.ch\/de\/wp-json\/wp\/v2\/product_cat?post=192349"},{"taxonomy":"product_tag","embeddable":true,"href":"https:\/\/www.zoohandel.ch\/de\/wp-json\/wp\/v2\/product_tag?post=192349"}],"curies":[{"name":"wp","href":"https:\/\/api.w.org\/{rel}","templated":true}]}}