{"id":192393,"date":"2019-05-13T00:00:00","date_gmt":"2019-05-12T22:00:00","guid":{"rendered":"https:\/\/www.alfauna.ch.vasco.sui-inter.net\/shop\/unkategorisiert\/pfotenschutz-walker-socks-xs-s-2-st-schwarz-grau\/"},"modified":"2026-04-19T05:33:06","modified_gmt":"2026-04-19T03:33:06","slug":"pfotenschutz-walker-socks-schwarz-grau-45cmxs-s-2-st","status":"publish","type":"product","link":"https:\/\/www.zoohandel.ch\/de\/shop\/katzen\/leinen-geschirre-halsbaender\/pfotenschutz-walker-socks-schwarz-grau-45cmxs-s-2-st\/","title":{"rendered":"Pfotenschutz Walker Socks, schwarz\/grau"},"content":{"rendered":"<p>hoher Tragekomfort durch elastisches Material<br \/>\nrutschfeste und formstabile Sohle mit Zehenkappe<br \/>\nsicherer Halt, z. B. f\u00fcr \u00e4ltere Hunde<br \/>\nSchutz f\u00fcr sensible Pfoten und kleinere Wunden<br \/>\nmit praktischem Klettverschluss, ab Gr\u00f6\u00dfe XS-S mit 2 Klettvers<\/p>\n","protected":false},"excerpt":{"rendered":"<p>hoher Tragekomfort durch elastisches Material rutschfeste und formstabile Sohle mit Zehenkappe sicherer Halt, z. B. f\u00fcr \u00e4ltere Hunde Schutz f\u00fcr sensible Pfoten und kleinere Wunden mit praktischem Klettverschluss, ab Gr\u00f6\u00dfe XS-S mit 2 Klettvers<\/p>\n","protected":false},"featured_media":389709,"template":"","meta":{"_acf_changed":false},"product_brand":[],"product_cat":[2637,3625],"product_tag":[],"class_list":{"0":"post-192393","1":"product","2":"type-product","3":"status-publish","4":"has-post-thumbnail","6":"product_cat-katzen","7":"product_cat-leinen-geschirre-halsbaender","9":"first","10":"instock","11":"taxable","12":"shipping-taxable","13":"purchasable","14":"product-type-simple"},"acf":[],"yoast_head":"<!-- This site is optimized with the Yoast SEO plugin v25.8 - https:\/\/yoast.com\/wordpress\/plugins\/seo\/ -->\n<title>Pfotenschutz Walker Socks, schwarz\/grau - zoohandel.ch<\/title>\n<meta name=\"robots\" content=\"index, follow, max-snippet:-1, max-image-preview:large, max-video-preview:-1\" \/>\n<link rel=\"canonical\" href=\"https:\/\/www.zoohandel.ch\/de\/shop\/katzen\/leinen-geschirre-halsbaender\/pfotenschutz-walker-socks-schwarz-grau-45cmxs-s-2-st\/\" \/>\n<meta property=\"og:locale\" content=\"de_DE\" \/>\n<meta property=\"og:type\" content=\"article\" \/>\n<meta property=\"og:title\" content=\"Pfotenschutz Walker Socks, schwarz\/grau - zoohandel.ch\" \/>\n<meta property=\"og:description\" content=\"hoher Tragekomfort durch elastisches Material rutschfeste und formstabile Sohle mit Zehenkappe sicherer Halt, z. B. f\u00fcr \u00e4ltere Hunde Schutz f\u00fcr sensible Pfoten und kleinere Wunden mit praktischem Klettverschluss, ab Gr\u00f6\u00dfe XS-S mit 2 Klettvers\" \/>\n<meta property=\"og:url\" content=\"https:\/\/www.zoohandel.ch\/de\/shop\/katzen\/leinen-geschirre-halsbaender\/pfotenschutz-walker-socks-schwarz-grau-45cmxs-s-2-st\/\" \/>\n<meta property=\"og:site_name\" content=\"zoohandel.ch\" \/>\n<meta property=\"article:modified_time\" content=\"2026-04-19T03:33:06+00:00\" \/>\n<meta property=\"og:image\" content=\"https:\/\/www.zoohandel.ch\/wp-content\/uploads\/T19441_gr.jpg\" \/>\n\t<meta property=\"og:image:width\" content=\"300\" \/>\n\t<meta property=\"og:image:height\" content=\"440\" \/>\n\t<meta property=\"og:image:type\" content=\"image\/jpeg\" \/>\n<meta name=\"twitter:card\" content=\"summary_large_image\" \/>\n<script type=\"application\/ld+json\" class=\"yoast-schema-graph\">{\"@context\":\"https:\/\/schema.org\",\"@graph\":[{\"@type\":\"WebPage\",\"@id\":\"https:\/\/www.zoohandel.ch\/de\/shop\/katzen\/leinen-geschirre-halsbaender\/pfotenschutz-walker-socks-schwarz-grau-45cmxs-s-2-st\/\",\"url\":\"https:\/\/www.zoohandel.ch\/de\/shop\/katzen\/leinen-geschirre-halsbaender\/pfotenschutz-walker-socks-schwarz-grau-45cmxs-s-2-st\/\",\"name\":\"Pfotenschutz Walker Socks, schwarz\/grau - zoohandel.ch\",\"isPartOf\":{\"@id\":\"https:\/\/www.zoohandel.ch\/de\/#website\"},\"primaryImageOfPage\":{\"@id\":\"https:\/\/www.zoohandel.ch\/de\/shop\/katzen\/leinen-geschirre-halsbaender\/pfotenschutz-walker-socks-schwarz-grau-45cmxs-s-2-st\/#primaryimage\"},\"image\":{\"@id\":\"https:\/\/www.zoohandel.ch\/de\/shop\/katzen\/leinen-geschirre-halsbaender\/pfotenschutz-walker-socks-schwarz-grau-45cmxs-s-2-st\/#primaryimage\"},\"thumbnailUrl\":\"https:\/\/www.zoohandel.ch\/wp-content\/uploads\/T19441_gr.jpg\",\"datePublished\":\"2019-05-12T22:00:00+00:00\",\"dateModified\":\"2026-04-19T03:33:06+00:00\",\"breadcrumb\":{\"@id\":\"https:\/\/www.zoohandel.ch\/de\/shop\/katzen\/leinen-geschirre-halsbaender\/pfotenschutz-walker-socks-schwarz-grau-45cmxs-s-2-st\/#breadcrumb\"},\"inLanguage\":\"de\",\"potentialAction\":[{\"@type\":\"ReadAction\",\"target\":[\"https:\/\/www.zoohandel.ch\/de\/shop\/katzen\/leinen-geschirre-halsbaender\/pfotenschutz-walker-socks-schwarz-grau-45cmxs-s-2-st\/\"]}]},{\"@type\":\"ImageObject\",\"inLanguage\":\"de\",\"@id\":\"https:\/\/www.zoohandel.ch\/de\/shop\/katzen\/leinen-geschirre-halsbaender\/pfotenschutz-walker-socks-schwarz-grau-45cmxs-s-2-st\/#primaryimage\",\"url\":\"https:\/\/www.zoohandel.ch\/wp-content\/uploads\/T19441_gr.jpg\",\"contentUrl\":\"https:\/\/www.zoohandel.ch\/wp-content\/uploads\/T19441_gr.jpg\",\"width\":300,\"height\":440},{\"@type\":\"BreadcrumbList\",\"@id\":\"https:\/\/www.zoohandel.ch\/de\/shop\/katzen\/leinen-geschirre-halsbaender\/pfotenschutz-walker-socks-schwarz-grau-45cmxs-s-2-st\/#breadcrumb\",\"itemListElement\":[{\"@type\":\"ListItem\",\"position\":1,\"name\":\"Startseite\",\"item\":\"https:\/\/www.zoohandel.ch\/de\/\"},{\"@type\":\"ListItem\",\"position\":2,\"name\":\"Shop\",\"item\":\"https:\/\/www.zoohandel.ch\/de\/online-shop-ueber-saemtliche-tierartikel\/\"},{\"@type\":\"ListItem\",\"position\":3,\"name\":\"Pfotenschutz Walker Socks, schwarz\/grau\"}]},{\"@type\":\"WebSite\",\"@id\":\"https:\/\/www.zoohandel.ch\/de\/#website\",\"url\":\"https:\/\/www.zoohandel.ch\/de\/\",\"name\":\"zoohandel.ch\",\"description\":\"Das Beste f\u00fcr Ihre Lieblinge\",\"publisher\":{\"@id\":\"https:\/\/www.zoohandel.ch\/de\/#organization\"},\"potentialAction\":[{\"@type\":\"SearchAction\",\"target\":{\"@type\":\"EntryPoint\",\"urlTemplate\":\"https:\/\/www.zoohandel.ch\/de\/?s={search_term_string}\"},\"query-input\":{\"@type\":\"PropertyValueSpecification\",\"valueRequired\":true,\"valueName\":\"search_term_string\"}}],\"inLanguage\":\"de\"},{\"@type\":\"Organization\",\"@id\":\"https:\/\/www.zoohandel.ch\/de\/#organization\",\"name\":\"zoohandel.ch\",\"url\":\"https:\/\/www.zoohandel.ch\/de\/\",\"logo\":{\"@type\":\"ImageObject\",\"inLanguage\":\"de\",\"@id\":\"https:\/\/www.zoohandel.ch\/de\/#\/schema\/logo\/image\/\",\"url\":\"https:\/\/www.zoohandel.ch\/wp-content\/uploads\/zoohandel-ch.png\",\"contentUrl\":\"https:\/\/www.zoohandel.ch\/wp-content\/uploads\/zoohandel-ch.png\",\"width\":575,\"height\":171,\"caption\":\"zoohandel.ch\"},\"image\":{\"@id\":\"https:\/\/www.zoohandel.ch\/de\/#\/schema\/logo\/image\/\"}}]}<\/script>\n<!-- \/ Yoast SEO plugin. -->","yoast_head_json":{"title":"Pfotenschutz Walker Socks, schwarz\/grau - zoohandel.ch","robots":{"index":"index","follow":"follow","max-snippet":"max-snippet:-1","max-image-preview":"max-image-preview:large","max-video-preview":"max-video-preview:-1"},"canonical":"https:\/\/www.zoohandel.ch\/de\/shop\/katzen\/leinen-geschirre-halsbaender\/pfotenschutz-walker-socks-schwarz-grau-45cmxs-s-2-st\/","og_locale":"de_DE","og_type":"article","og_title":"Pfotenschutz Walker Socks, schwarz\/grau - zoohandel.ch","og_description":"hoher Tragekomfort durch elastisches Material rutschfeste und formstabile Sohle mit Zehenkappe sicherer Halt, z. B. f\u00fcr \u00e4ltere Hunde Schutz f\u00fcr sensible Pfoten und kleinere Wunden mit praktischem Klettverschluss, ab Gr\u00f6\u00dfe XS-S mit 2 Klettvers","og_url":"https:\/\/www.zoohandel.ch\/de\/shop\/katzen\/leinen-geschirre-halsbaender\/pfotenschutz-walker-socks-schwarz-grau-45cmxs-s-2-st\/","og_site_name":"zoohandel.ch","article_modified_time":"2026-04-19T03:33:06+00:00","og_image":[{"width":300,"height":440,"url":"https:\/\/www.zoohandel.ch\/wp-content\/uploads\/T19441_gr.jpg","type":"image\/jpeg"}],"twitter_card":"summary_large_image","schema":{"@context":"https:\/\/schema.org","@graph":[{"@type":"WebPage","@id":"https:\/\/www.zoohandel.ch\/de\/shop\/katzen\/leinen-geschirre-halsbaender\/pfotenschutz-walker-socks-schwarz-grau-45cmxs-s-2-st\/","url":"https:\/\/www.zoohandel.ch\/de\/shop\/katzen\/leinen-geschirre-halsbaender\/pfotenschutz-walker-socks-schwarz-grau-45cmxs-s-2-st\/","name":"Pfotenschutz Walker Socks, schwarz\/grau - zoohandel.ch","isPartOf":{"@id":"https:\/\/www.zoohandel.ch\/de\/#website"},"primaryImageOfPage":{"@id":"https:\/\/www.zoohandel.ch\/de\/shop\/katzen\/leinen-geschirre-halsbaender\/pfotenschutz-walker-socks-schwarz-grau-45cmxs-s-2-st\/#primaryimage"},"image":{"@id":"https:\/\/www.zoohandel.ch\/de\/shop\/katzen\/leinen-geschirre-halsbaender\/pfotenschutz-walker-socks-schwarz-grau-45cmxs-s-2-st\/#primaryimage"},"thumbnailUrl":"https:\/\/www.zoohandel.ch\/wp-content\/uploads\/T19441_gr.jpg","datePublished":"2019-05-12T22:00:00+00:00","dateModified":"2026-04-19T03:33:06+00:00","breadcrumb":{"@id":"https:\/\/www.zoohandel.ch\/de\/shop\/katzen\/leinen-geschirre-halsbaender\/pfotenschutz-walker-socks-schwarz-grau-45cmxs-s-2-st\/#breadcrumb"},"inLanguage":"de","potentialAction":[{"@type":"ReadAction","target":["https:\/\/www.zoohandel.ch\/de\/shop\/katzen\/leinen-geschirre-halsbaender\/pfotenschutz-walker-socks-schwarz-grau-45cmxs-s-2-st\/"]}]},{"@type":"ImageObject","inLanguage":"de","@id":"https:\/\/www.zoohandel.ch\/de\/shop\/katzen\/leinen-geschirre-halsbaender\/pfotenschutz-walker-socks-schwarz-grau-45cmxs-s-2-st\/#primaryimage","url":"https:\/\/www.zoohandel.ch\/wp-content\/uploads\/T19441_gr.jpg","contentUrl":"https:\/\/www.zoohandel.ch\/wp-content\/uploads\/T19441_gr.jpg","width":300,"height":440},{"@type":"BreadcrumbList","@id":"https:\/\/www.zoohandel.ch\/de\/shop\/katzen\/leinen-geschirre-halsbaender\/pfotenschutz-walker-socks-schwarz-grau-45cmxs-s-2-st\/#breadcrumb","itemListElement":[{"@type":"ListItem","position":1,"name":"Startseite","item":"https:\/\/www.zoohandel.ch\/de\/"},{"@type":"ListItem","position":2,"name":"Shop","item":"https:\/\/www.zoohandel.ch\/de\/online-shop-ueber-saemtliche-tierartikel\/"},{"@type":"ListItem","position":3,"name":"Pfotenschutz Walker Socks, schwarz\/grau"}]},{"@type":"WebSite","@id":"https:\/\/www.zoohandel.ch\/de\/#website","url":"https:\/\/www.zoohandel.ch\/de\/","name":"zoohandel.ch","description":"Das Beste f\u00fcr Ihre Lieblinge","publisher":{"@id":"https:\/\/www.zoohandel.ch\/de\/#organization"},"potentialAction":[{"@type":"SearchAction","target":{"@type":"EntryPoint","urlTemplate":"https:\/\/www.zoohandel.ch\/de\/?s={search_term_string}"},"query-input":{"@type":"PropertyValueSpecification","valueRequired":true,"valueName":"search_term_string"}}],"inLanguage":"de"},{"@type":"Organization","@id":"https:\/\/www.zoohandel.ch\/de\/#organization","name":"zoohandel.ch","url":"https:\/\/www.zoohandel.ch\/de\/","logo":{"@type":"ImageObject","inLanguage":"de","@id":"https:\/\/www.zoohandel.ch\/de\/#\/schema\/logo\/image\/","url":"https:\/\/www.zoohandel.ch\/wp-content\/uploads\/zoohandel-ch.png","contentUrl":"https:\/\/www.zoohandel.ch\/wp-content\/uploads\/zoohandel-ch.png","width":575,"height":171,"caption":"zoohandel.ch"},"image":{"@id":"https:\/\/www.zoohandel.ch\/de\/#\/schema\/logo\/image\/"}}]}},"tiered_pricing_type":"fixed","tiered_pricing_fixed_rules":[],"tiered_pricing_product_settings":{"layout":"default","base_unit_name":{"singular":null,"plural":null},"default_variation":null},"tiered_pricing_minimum_quantity":null,"tiered_pricing_roles_data":[],"tiered_pricing_percentage_rules":[],"_links":{"self":[{"href":"https:\/\/www.zoohandel.ch\/de\/wp-json\/wp\/v2\/product\/192393","targetHints":{"allow":["GET"]}}],"collection":[{"href":"https:\/\/www.zoohandel.ch\/de\/wp-json\/wp\/v2\/product"}],"about":[{"href":"https:\/\/www.zoohandel.ch\/de\/wp-json\/wp\/v2\/types\/product"}],"wp:featuredmedia":[{"embeddable":true,"href":"https:\/\/www.zoohandel.ch\/de\/wp-json\/wp\/v2\/media\/389709"}],"wp:attachment":[{"href":"https:\/\/www.zoohandel.ch\/de\/wp-json\/wp\/v2\/media?parent=192393"}],"wp:term":[{"taxonomy":"product_brand","embeddable":true,"href":"https:\/\/www.zoohandel.ch\/de\/wp-json\/wp\/v2\/product_brand?post=192393"},{"taxonomy":"product_cat","embeddable":true,"href":"https:\/\/www.zoohandel.ch\/de\/wp-json\/wp\/v2\/product_cat?post=192393"},{"taxonomy":"product_tag","embeddable":true,"href":"https:\/\/www.zoohandel.ch\/de\/wp-json\/wp\/v2\/product_tag?post=192393"}],"curies":[{"name":"wp","href":"https:\/\/api.w.org\/{rel}","templated":true}]}}