{"id":194302,"date":"2013-12-12T00:00:00","date_gmt":"2013-12-11T23:00:00","guid":{"rendered":"https:\/\/www.alfauna.ch.vasco.sui-inter.net\/shop\/unkategorisiert\/futterautomat-tx-1-einfach\/"},"modified":"2026-04-26T00:21:35","modified_gmt":"2026-04-25T22:21:35","slug":"futterautomat-tx-1-einfach","status":"publish","type":"product","link":"https:\/\/www.zoohandel.ch\/de\/shop\/hunde\/naepfe-zubehoer\/futterautomaten-trinkbrunnen\/futterautomat-tx-1-einfach\/","title":{"rendered":"Futterautomat &quot;TX 1&quot;, einfach"},"content":{"rendered":"<p>48-h Timer<br \/>\nf\u00fcr eine Mahlzeit, 300 ml<br \/>\nauch f\u00fcr Nassfutter geeignet<br \/>\ninklusive 1 Coolpack<br \/>\nrutschfest durch Gummif\u00fc\u00dfe<br \/>\nFutterschale sp\u00fclmaschinengeeignet<br \/>\nbatteriebetrieben (1 AA-Mignon-Batterie nicht enthalten)<br \/>\nKunststoff <\/p>\n<p>Futterschale s<\/p>\n","protected":false},"excerpt":{"rendered":"<p>48-h Timer f\u00fcr eine Mahlzeit, 300 ml auch f\u00fcr Nassfutter geeignet inklusive 1 Coolpack rutschfest durch Gummif\u00fc\u00dfe Futterschale sp\u00fclmaschinengeeignet batteriebetrieben (1 AA-Mignon-Batterie nicht enthalten) Kunststoff Futterschale s<\/p>\n","protected":false},"featured_media":530308,"template":"","meta":{"_acf_changed":false},"product_brand":[],"product_cat":[3770,3022,3619],"product_tag":[],"class_list":{"0":"post-194302","1":"product","2":"type-product","3":"status-publish","4":"has-post-thumbnail","6":"product_cat-futterautomaten-trinkbrunnen","7":"product_cat-hunde","8":"product_cat-naepfe-zubehoer","10":"first","11":"instock","12":"taxable","13":"shipping-taxable","14":"purchasable","15":"product-type-simple"},"acf":[],"yoast_head":"<!-- This site is optimized with the Yoast SEO plugin v25.8 - https:\/\/yoast.com\/wordpress\/plugins\/seo\/ -->\n<title>Futterautomat &quot;TX 1&quot;, einfach - zoohandel.ch<\/title>\n<meta name=\"robots\" content=\"index, follow, max-snippet:-1, max-image-preview:large, max-video-preview:-1\" \/>\n<link rel=\"canonical\" href=\"https:\/\/www.zoohandel.ch\/de\/shop\/hunde\/naepfe-zubehoer\/futterautomaten-trinkbrunnen\/futterautomat-tx-1-einfach\/\" \/>\n<meta property=\"og:locale\" content=\"de_DE\" \/>\n<meta property=\"og:type\" content=\"article\" \/>\n<meta property=\"og:title\" content=\"Futterautomat &quot;TX 1&quot;, einfach - zoohandel.ch\" \/>\n<meta property=\"og:description\" content=\"48-h Timer f\u00fcr eine Mahlzeit, 300 ml auch f\u00fcr Nassfutter geeignet inklusive 1 Coolpack rutschfest durch Gummif\u00fc\u00dfe Futterschale sp\u00fclmaschinengeeignet batteriebetrieben (1 AA-Mignon-Batterie nicht enthalten) Kunststoff Futterschale s\" \/>\n<meta property=\"og:url\" content=\"https:\/\/www.zoohandel.ch\/de\/shop\/hunde\/naepfe-zubehoer\/futterautomaten-trinkbrunnen\/futterautomat-tx-1-einfach\/\" \/>\n<meta property=\"og:site_name\" content=\"zoohandel.ch\" \/>\n<meta property=\"article:modified_time\" content=\"2026-04-25T22:21:35+00:00\" \/>\n<meta property=\"og:image\" content=\"https:\/\/www.zoohandel.ch\/wp-content\/uploads\/2024\/04\/T24371_gr.jpg\" \/>\n\t<meta property=\"og:image:width\" content=\"862\" \/>\n\t<meta property=\"og:image:height\" content=\"1200\" \/>\n\t<meta property=\"og:image:type\" content=\"image\/jpeg\" \/>\n<meta name=\"twitter:card\" content=\"summary_large_image\" \/>\n<script type=\"application\/ld+json\" class=\"yoast-schema-graph\">{\"@context\":\"https:\/\/schema.org\",\"@graph\":[{\"@type\":\"WebPage\",\"@id\":\"https:\/\/www.zoohandel.ch\/de\/shop\/hunde\/naepfe-zubehoer\/futterautomaten-trinkbrunnen\/futterautomat-tx-1-einfach\/\",\"url\":\"https:\/\/www.zoohandel.ch\/de\/shop\/hunde\/naepfe-zubehoer\/futterautomaten-trinkbrunnen\/futterautomat-tx-1-einfach\/\",\"name\":\"Futterautomat &quot;TX 1&quot;, einfach - zoohandel.ch\",\"isPartOf\":{\"@id\":\"https:\/\/www.zoohandel.ch\/de\/#website\"},\"primaryImageOfPage\":{\"@id\":\"https:\/\/www.zoohandel.ch\/de\/shop\/hunde\/naepfe-zubehoer\/futterautomaten-trinkbrunnen\/futterautomat-tx-1-einfach\/#primaryimage\"},\"image\":{\"@id\":\"https:\/\/www.zoohandel.ch\/de\/shop\/hunde\/naepfe-zubehoer\/futterautomaten-trinkbrunnen\/futterautomat-tx-1-einfach\/#primaryimage\"},\"thumbnailUrl\":\"https:\/\/www.zoohandel.ch\/wp-content\/uploads\/2024\/04\/T24371_gr.jpg\",\"datePublished\":\"2013-12-11T23:00:00+00:00\",\"dateModified\":\"2026-04-25T22:21:35+00:00\",\"breadcrumb\":{\"@id\":\"https:\/\/www.zoohandel.ch\/de\/shop\/hunde\/naepfe-zubehoer\/futterautomaten-trinkbrunnen\/futterautomat-tx-1-einfach\/#breadcrumb\"},\"inLanguage\":\"de\",\"potentialAction\":[{\"@type\":\"ReadAction\",\"target\":[\"https:\/\/www.zoohandel.ch\/de\/shop\/hunde\/naepfe-zubehoer\/futterautomaten-trinkbrunnen\/futterautomat-tx-1-einfach\/\"]}]},{\"@type\":\"ImageObject\",\"inLanguage\":\"de\",\"@id\":\"https:\/\/www.zoohandel.ch\/de\/shop\/hunde\/naepfe-zubehoer\/futterautomaten-trinkbrunnen\/futterautomat-tx-1-einfach\/#primaryimage\",\"url\":\"https:\/\/www.zoohandel.ch\/wp-content\/uploads\/2024\/04\/T24371_gr.jpg\",\"contentUrl\":\"https:\/\/www.zoohandel.ch\/wp-content\/uploads\/2024\/04\/T24371_gr.jpg\",\"width\":862,\"height\":1200},{\"@type\":\"BreadcrumbList\",\"@id\":\"https:\/\/www.zoohandel.ch\/de\/shop\/hunde\/naepfe-zubehoer\/futterautomaten-trinkbrunnen\/futterautomat-tx-1-einfach\/#breadcrumb\",\"itemListElement\":[{\"@type\":\"ListItem\",\"position\":1,\"name\":\"Startseite\",\"item\":\"https:\/\/www.zoohandel.ch\/de\/\"},{\"@type\":\"ListItem\",\"position\":2,\"name\":\"Shop\",\"item\":\"https:\/\/www.zoohandel.ch\/de\/online-shop-ueber-saemtliche-tierartikel\/\"},{\"@type\":\"ListItem\",\"position\":3,\"name\":\"Futterautomat &quot;TX 1&quot;, einfach\"}]},{\"@type\":\"WebSite\",\"@id\":\"https:\/\/www.zoohandel.ch\/de\/#website\",\"url\":\"https:\/\/www.zoohandel.ch\/de\/\",\"name\":\"zoohandel.ch\",\"description\":\"Das Beste f\u00fcr Ihre Lieblinge\",\"publisher\":{\"@id\":\"https:\/\/www.zoohandel.ch\/de\/#organization\"},\"potentialAction\":[{\"@type\":\"SearchAction\",\"target\":{\"@type\":\"EntryPoint\",\"urlTemplate\":\"https:\/\/www.zoohandel.ch\/de\/?s={search_term_string}\"},\"query-input\":{\"@type\":\"PropertyValueSpecification\",\"valueRequired\":true,\"valueName\":\"search_term_string\"}}],\"inLanguage\":\"de\"},{\"@type\":\"Organization\",\"@id\":\"https:\/\/www.zoohandel.ch\/de\/#organization\",\"name\":\"zoohandel.ch\",\"url\":\"https:\/\/www.zoohandel.ch\/de\/\",\"logo\":{\"@type\":\"ImageObject\",\"inLanguage\":\"de\",\"@id\":\"https:\/\/www.zoohandel.ch\/de\/#\/schema\/logo\/image\/\",\"url\":\"https:\/\/www.zoohandel.ch\/wp-content\/uploads\/zoohandel-ch.png\",\"contentUrl\":\"https:\/\/www.zoohandel.ch\/wp-content\/uploads\/zoohandel-ch.png\",\"width\":575,\"height\":171,\"caption\":\"zoohandel.ch\"},\"image\":{\"@id\":\"https:\/\/www.zoohandel.ch\/de\/#\/schema\/logo\/image\/\"}}]}<\/script>\n<!-- \/ Yoast SEO plugin. -->","yoast_head_json":{"title":"Futterautomat &quot;TX 1&quot;, einfach - zoohandel.ch","robots":{"index":"index","follow":"follow","max-snippet":"max-snippet:-1","max-image-preview":"max-image-preview:large","max-video-preview":"max-video-preview:-1"},"canonical":"https:\/\/www.zoohandel.ch\/de\/shop\/hunde\/naepfe-zubehoer\/futterautomaten-trinkbrunnen\/futterautomat-tx-1-einfach\/","og_locale":"de_DE","og_type":"article","og_title":"Futterautomat &quot;TX 1&quot;, einfach - zoohandel.ch","og_description":"48-h Timer f\u00fcr eine Mahlzeit, 300 ml auch f\u00fcr Nassfutter geeignet inklusive 1 Coolpack rutschfest durch Gummif\u00fc\u00dfe Futterschale sp\u00fclmaschinengeeignet batteriebetrieben (1 AA-Mignon-Batterie nicht enthalten) Kunststoff Futterschale s","og_url":"https:\/\/www.zoohandel.ch\/de\/shop\/hunde\/naepfe-zubehoer\/futterautomaten-trinkbrunnen\/futterautomat-tx-1-einfach\/","og_site_name":"zoohandel.ch","article_modified_time":"2026-04-25T22:21:35+00:00","og_image":[{"width":862,"height":1200,"url":"https:\/\/www.zoohandel.ch\/wp-content\/uploads\/2024\/04\/T24371_gr.jpg","type":"image\/jpeg"}],"twitter_card":"summary_large_image","schema":{"@context":"https:\/\/schema.org","@graph":[{"@type":"WebPage","@id":"https:\/\/www.zoohandel.ch\/de\/shop\/hunde\/naepfe-zubehoer\/futterautomaten-trinkbrunnen\/futterautomat-tx-1-einfach\/","url":"https:\/\/www.zoohandel.ch\/de\/shop\/hunde\/naepfe-zubehoer\/futterautomaten-trinkbrunnen\/futterautomat-tx-1-einfach\/","name":"Futterautomat &quot;TX 1&quot;, einfach - zoohandel.ch","isPartOf":{"@id":"https:\/\/www.zoohandel.ch\/de\/#website"},"primaryImageOfPage":{"@id":"https:\/\/www.zoohandel.ch\/de\/shop\/hunde\/naepfe-zubehoer\/futterautomaten-trinkbrunnen\/futterautomat-tx-1-einfach\/#primaryimage"},"image":{"@id":"https:\/\/www.zoohandel.ch\/de\/shop\/hunde\/naepfe-zubehoer\/futterautomaten-trinkbrunnen\/futterautomat-tx-1-einfach\/#primaryimage"},"thumbnailUrl":"https:\/\/www.zoohandel.ch\/wp-content\/uploads\/2024\/04\/T24371_gr.jpg","datePublished":"2013-12-11T23:00:00+00:00","dateModified":"2026-04-25T22:21:35+00:00","breadcrumb":{"@id":"https:\/\/www.zoohandel.ch\/de\/shop\/hunde\/naepfe-zubehoer\/futterautomaten-trinkbrunnen\/futterautomat-tx-1-einfach\/#breadcrumb"},"inLanguage":"de","potentialAction":[{"@type":"ReadAction","target":["https:\/\/www.zoohandel.ch\/de\/shop\/hunde\/naepfe-zubehoer\/futterautomaten-trinkbrunnen\/futterautomat-tx-1-einfach\/"]}]},{"@type":"ImageObject","inLanguage":"de","@id":"https:\/\/www.zoohandel.ch\/de\/shop\/hunde\/naepfe-zubehoer\/futterautomaten-trinkbrunnen\/futterautomat-tx-1-einfach\/#primaryimage","url":"https:\/\/www.zoohandel.ch\/wp-content\/uploads\/2024\/04\/T24371_gr.jpg","contentUrl":"https:\/\/www.zoohandel.ch\/wp-content\/uploads\/2024\/04\/T24371_gr.jpg","width":862,"height":1200},{"@type":"BreadcrumbList","@id":"https:\/\/www.zoohandel.ch\/de\/shop\/hunde\/naepfe-zubehoer\/futterautomaten-trinkbrunnen\/futterautomat-tx-1-einfach\/#breadcrumb","itemListElement":[{"@type":"ListItem","position":1,"name":"Startseite","item":"https:\/\/www.zoohandel.ch\/de\/"},{"@type":"ListItem","position":2,"name":"Shop","item":"https:\/\/www.zoohandel.ch\/de\/online-shop-ueber-saemtliche-tierartikel\/"},{"@type":"ListItem","position":3,"name":"Futterautomat &quot;TX 1&quot;, einfach"}]},{"@type":"WebSite","@id":"https:\/\/www.zoohandel.ch\/de\/#website","url":"https:\/\/www.zoohandel.ch\/de\/","name":"zoohandel.ch","description":"Das Beste f\u00fcr Ihre Lieblinge","publisher":{"@id":"https:\/\/www.zoohandel.ch\/de\/#organization"},"potentialAction":[{"@type":"SearchAction","target":{"@type":"EntryPoint","urlTemplate":"https:\/\/www.zoohandel.ch\/de\/?s={search_term_string}"},"query-input":{"@type":"PropertyValueSpecification","valueRequired":true,"valueName":"search_term_string"}}],"inLanguage":"de"},{"@type":"Organization","@id":"https:\/\/www.zoohandel.ch\/de\/#organization","name":"zoohandel.ch","url":"https:\/\/www.zoohandel.ch\/de\/","logo":{"@type":"ImageObject","inLanguage":"de","@id":"https:\/\/www.zoohandel.ch\/de\/#\/schema\/logo\/image\/","url":"https:\/\/www.zoohandel.ch\/wp-content\/uploads\/zoohandel-ch.png","contentUrl":"https:\/\/www.zoohandel.ch\/wp-content\/uploads\/zoohandel-ch.png","width":575,"height":171,"caption":"zoohandel.ch"},"image":{"@id":"https:\/\/www.zoohandel.ch\/de\/#\/schema\/logo\/image\/"}}]}},"tiered_pricing_type":"fixed","tiered_pricing_fixed_rules":[],"tiered_pricing_product_settings":{"layout":"default","base_unit_name":{"singular":null,"plural":null},"default_variation":null},"tiered_pricing_minimum_quantity":null,"tiered_pricing_roles_data":[],"tiered_pricing_percentage_rules":[],"_links":{"self":[{"href":"https:\/\/www.zoohandel.ch\/de\/wp-json\/wp\/v2\/product\/194302","targetHints":{"allow":["GET"]}}],"collection":[{"href":"https:\/\/www.zoohandel.ch\/de\/wp-json\/wp\/v2\/product"}],"about":[{"href":"https:\/\/www.zoohandel.ch\/de\/wp-json\/wp\/v2\/types\/product"}],"wp:featuredmedia":[{"embeddable":true,"href":"https:\/\/www.zoohandel.ch\/de\/wp-json\/wp\/v2\/media\/530308"}],"wp:attachment":[{"href":"https:\/\/www.zoohandel.ch\/de\/wp-json\/wp\/v2\/media?parent=194302"}],"wp:term":[{"taxonomy":"product_brand","embeddable":true,"href":"https:\/\/www.zoohandel.ch\/de\/wp-json\/wp\/v2\/product_brand?post=194302"},{"taxonomy":"product_cat","embeddable":true,"href":"https:\/\/www.zoohandel.ch\/de\/wp-json\/wp\/v2\/product_cat?post=194302"},{"taxonomy":"product_tag","embeddable":true,"href":"https:\/\/www.zoohandel.ch\/de\/wp-json\/wp\/v2\/product_tag?post=194302"}],"curies":[{"name":"wp","href":"https:\/\/api.w.org\/{rel}","templated":true}]}}