{"id":195517,"date":"2021-03-11T00:00:00","date_gmt":"2021-03-10T23:00:00","guid":{"rendered":"https:\/\/www.alfauna.ch.vasco.sui-inter.net\/shop\/unkategorisiert\/kuehlmatte-soft-m-50x40cm-grau\/"},"modified":"2026-04-17T05:26:12","modified_gmt":"2026-04-17T03:26:12","slug":"kuehlmatte-soft-grau-m-50x40cm","status":"publish","type":"product","link":"https:\/\/www.zoohandel.ch\/de\/shop\/hunde\/liegeplaetze\/kuehlmatte-soft-grau-m-50x40cm\/","title":{"rendered":"K\u00fchlmatte Soft, grau"},"content":{"rendered":"<p>Liegekomfort und lange K\u00fchldauer durch dicke F\u00fcllung<br \/>\n2 cm Schaumstoff-\/Gel-F\u00fcllung<br \/>\nNylon-Haptik (Polyester)<br \/>\nunterst\u00fctzt die Thermoregulation<br \/>\nk\u00fchlende Wirkung durch K\u00f6rperkontakt<br \/>\nohne zus\u00e4tzliche K\u00fchlung, Strom oder Wasser<br \/>\nk\u00fchlt f\u00fcr mehrere Stunden<br \/>\nnach kurzer Nutzungsunterbrechung wieder einsatzbereit<br \/>\nauch z. B. auf Betten, in Hundeh\u00fctten oder im Auto nutzbar<br \/>\nzum Reinigen einfach abwischen<br \/>\ntierschutzkonform nach \u00a7 18 (AT)<br \/>\nZusammensetzung der K\u00fchlfl\u00fcssigkeit: Wasser, Carboxymethylcellulose sodium, Konservierungsstoffe<\/p>\n","protected":false},"excerpt":{"rendered":"<p>Liegekomfort und lange K\u00fchldauer durch dicke F\u00fcllung 2 cm Schaumstoff-\/Gel-F\u00fcllung Nylon-Haptik (Polyester) unterst\u00fctzt die Thermoregulation k\u00fchlende Wirkung durch K\u00f6rperkontakt ohne zus\u00e4tzliche K\u00fchlung, Strom oder Wasser k\u00fchlt f\u00fcr mehrere Stunden nach kurzer Nutzungsunterbrechung wieder einsatzbereit auch z. B. auf Betten, in Hundeh\u00fctten oder im Auto nutzbar zum Reinigen einfach abwischen tierschutzkonform nach \u00a7 18 (AT) Zusammensetzung<\/p>\n","protected":false},"featured_media":532620,"template":"","meta":{"_acf_changed":false},"product_brand":[],"product_cat":[3022,3614],"product_tag":[],"class_list":{"0":"post-195517","1":"product","2":"type-product","3":"status-publish","4":"has-post-thumbnail","6":"product_cat-hunde","7":"product_cat-liegeplaetze","9":"first","10":"outofstock","11":"taxable","12":"shipping-taxable","13":"purchasable","14":"product-type-simple"},"acf":[],"yoast_head":"<!-- This site is optimized with the Yoast SEO plugin v25.8 - https:\/\/yoast.com\/wordpress\/plugins\/seo\/ -->\n<title>K\u00fchlmatte Soft, grau - zoohandel.ch<\/title>\n<meta name=\"robots\" content=\"index, follow, max-snippet:-1, max-image-preview:large, max-video-preview:-1\" \/>\n<link rel=\"canonical\" href=\"https:\/\/www.zoohandel.ch\/de\/shop\/hunde\/liegeplaetze\/kuehlmatte-soft-grau-m-50x40cm\/\" \/>\n<meta property=\"og:locale\" content=\"de_DE\" \/>\n<meta property=\"og:type\" content=\"article\" \/>\n<meta property=\"og:title\" content=\"K\u00fchlmatte Soft, grau - zoohandel.ch\" \/>\n<meta property=\"og:description\" content=\"Liegekomfort und lange K\u00fchldauer durch dicke F\u00fcllung 2 cm Schaumstoff-\/Gel-F\u00fcllung Nylon-Haptik (Polyester) unterst\u00fctzt die Thermoregulation k\u00fchlende Wirkung durch K\u00f6rperkontakt ohne zus\u00e4tzliche K\u00fchlung, Strom oder Wasser k\u00fchlt f\u00fcr mehrere Stunden nach kurzer Nutzungsunterbrechung wieder einsatzbereit auch z. B. auf Betten, in Hundeh\u00fctten oder im Auto nutzbar zum Reinigen einfach abwischen tierschutzkonform nach \u00a7 18 (AT) Zusammensetzung\" \/>\n<meta property=\"og:url\" content=\"https:\/\/www.zoohandel.ch\/de\/shop\/hunde\/liegeplaetze\/kuehlmatte-soft-grau-m-50x40cm\/\" \/>\n<meta property=\"og:site_name\" content=\"zoohandel.ch\" \/>\n<meta property=\"article:modified_time\" content=\"2026-04-17T03:26:12+00:00\" \/>\n<meta property=\"og:image\" content=\"https:\/\/www.zoohandel.ch\/wp-content\/uploads\/2024\/04\/T28785_gr.jpg\" \/>\n\t<meta property=\"og:image:width\" content=\"1600\" \/>\n\t<meta property=\"og:image:height\" content=\"322\" \/>\n\t<meta property=\"og:image:type\" content=\"image\/jpeg\" \/>\n<meta name=\"twitter:card\" content=\"summary_large_image\" \/>\n<script type=\"application\/ld+json\" class=\"yoast-schema-graph\">{\"@context\":\"https:\/\/schema.org\",\"@graph\":[{\"@type\":\"WebPage\",\"@id\":\"https:\/\/www.zoohandel.ch\/de\/shop\/hunde\/liegeplaetze\/kuehlmatte-soft-grau-m-50x40cm\/\",\"url\":\"https:\/\/www.zoohandel.ch\/de\/shop\/hunde\/liegeplaetze\/kuehlmatte-soft-grau-m-50x40cm\/\",\"name\":\"K\u00fchlmatte Soft, grau - zoohandel.ch\",\"isPartOf\":{\"@id\":\"https:\/\/www.zoohandel.ch\/de\/#website\"},\"primaryImageOfPage\":{\"@id\":\"https:\/\/www.zoohandel.ch\/de\/shop\/hunde\/liegeplaetze\/kuehlmatte-soft-grau-m-50x40cm\/#primaryimage\"},\"image\":{\"@id\":\"https:\/\/www.zoohandel.ch\/de\/shop\/hunde\/liegeplaetze\/kuehlmatte-soft-grau-m-50x40cm\/#primaryimage\"},\"thumbnailUrl\":\"https:\/\/www.zoohandel.ch\/wp-content\/uploads\/2024\/04\/T28785_gr.jpg\",\"datePublished\":\"2021-03-10T23:00:00+00:00\",\"dateModified\":\"2026-04-17T03:26:12+00:00\",\"breadcrumb\":{\"@id\":\"https:\/\/www.zoohandel.ch\/de\/shop\/hunde\/liegeplaetze\/kuehlmatte-soft-grau-m-50x40cm\/#breadcrumb\"},\"inLanguage\":\"de\",\"potentialAction\":[{\"@type\":\"ReadAction\",\"target\":[\"https:\/\/www.zoohandel.ch\/de\/shop\/hunde\/liegeplaetze\/kuehlmatte-soft-grau-m-50x40cm\/\"]}]},{\"@type\":\"ImageObject\",\"inLanguage\":\"de\",\"@id\":\"https:\/\/www.zoohandel.ch\/de\/shop\/hunde\/liegeplaetze\/kuehlmatte-soft-grau-m-50x40cm\/#primaryimage\",\"url\":\"https:\/\/www.zoohandel.ch\/wp-content\/uploads\/2024\/04\/T28785_gr.jpg\",\"contentUrl\":\"https:\/\/www.zoohandel.ch\/wp-content\/uploads\/2024\/04\/T28785_gr.jpg\",\"width\":1600,\"height\":322},{\"@type\":\"BreadcrumbList\",\"@id\":\"https:\/\/www.zoohandel.ch\/de\/shop\/hunde\/liegeplaetze\/kuehlmatte-soft-grau-m-50x40cm\/#breadcrumb\",\"itemListElement\":[{\"@type\":\"ListItem\",\"position\":1,\"name\":\"Startseite\",\"item\":\"https:\/\/www.zoohandel.ch\/de\/\"},{\"@type\":\"ListItem\",\"position\":2,\"name\":\"Shop\",\"item\":\"https:\/\/www.zoohandel.ch\/de\/online-shop-ueber-saemtliche-tierartikel\/\"},{\"@type\":\"ListItem\",\"position\":3,\"name\":\"K\u00fchlmatte Soft, grau\"}]},{\"@type\":\"WebSite\",\"@id\":\"https:\/\/www.zoohandel.ch\/de\/#website\",\"url\":\"https:\/\/www.zoohandel.ch\/de\/\",\"name\":\"zoohandel.ch\",\"description\":\"Das Beste f\u00fcr Ihre Lieblinge\",\"publisher\":{\"@id\":\"https:\/\/www.zoohandel.ch\/de\/#organization\"},\"potentialAction\":[{\"@type\":\"SearchAction\",\"target\":{\"@type\":\"EntryPoint\",\"urlTemplate\":\"https:\/\/www.zoohandel.ch\/de\/?s={search_term_string}\"},\"query-input\":{\"@type\":\"PropertyValueSpecification\",\"valueRequired\":true,\"valueName\":\"search_term_string\"}}],\"inLanguage\":\"de\"},{\"@type\":\"Organization\",\"@id\":\"https:\/\/www.zoohandel.ch\/de\/#organization\",\"name\":\"zoohandel.ch\",\"url\":\"https:\/\/www.zoohandel.ch\/de\/\",\"logo\":{\"@type\":\"ImageObject\",\"inLanguage\":\"de\",\"@id\":\"https:\/\/www.zoohandel.ch\/de\/#\/schema\/logo\/image\/\",\"url\":\"https:\/\/www.zoohandel.ch\/wp-content\/uploads\/zoohandel-ch.png\",\"contentUrl\":\"https:\/\/www.zoohandel.ch\/wp-content\/uploads\/zoohandel-ch.png\",\"width\":575,\"height\":171,\"caption\":\"zoohandel.ch\"},\"image\":{\"@id\":\"https:\/\/www.zoohandel.ch\/de\/#\/schema\/logo\/image\/\"}}]}<\/script>\n<!-- \/ Yoast SEO plugin. -->","yoast_head_json":{"title":"K\u00fchlmatte Soft, grau - zoohandel.ch","robots":{"index":"index","follow":"follow","max-snippet":"max-snippet:-1","max-image-preview":"max-image-preview:large","max-video-preview":"max-video-preview:-1"},"canonical":"https:\/\/www.zoohandel.ch\/de\/shop\/hunde\/liegeplaetze\/kuehlmatte-soft-grau-m-50x40cm\/","og_locale":"de_DE","og_type":"article","og_title":"K\u00fchlmatte Soft, grau - zoohandel.ch","og_description":"Liegekomfort und lange K\u00fchldauer durch dicke F\u00fcllung 2 cm Schaumstoff-\/Gel-F\u00fcllung Nylon-Haptik (Polyester) unterst\u00fctzt die Thermoregulation k\u00fchlende Wirkung durch K\u00f6rperkontakt ohne zus\u00e4tzliche K\u00fchlung, Strom oder Wasser k\u00fchlt f\u00fcr mehrere Stunden nach kurzer Nutzungsunterbrechung wieder einsatzbereit auch z. B. auf Betten, in Hundeh\u00fctten oder im Auto nutzbar zum Reinigen einfach abwischen tierschutzkonform nach \u00a7 18 (AT) Zusammensetzung","og_url":"https:\/\/www.zoohandel.ch\/de\/shop\/hunde\/liegeplaetze\/kuehlmatte-soft-grau-m-50x40cm\/","og_site_name":"zoohandel.ch","article_modified_time":"2026-04-17T03:26:12+00:00","og_image":[{"width":1600,"height":322,"url":"https:\/\/www.zoohandel.ch\/wp-content\/uploads\/2024\/04\/T28785_gr.jpg","type":"image\/jpeg"}],"twitter_card":"summary_large_image","schema":{"@context":"https:\/\/schema.org","@graph":[{"@type":"WebPage","@id":"https:\/\/www.zoohandel.ch\/de\/shop\/hunde\/liegeplaetze\/kuehlmatte-soft-grau-m-50x40cm\/","url":"https:\/\/www.zoohandel.ch\/de\/shop\/hunde\/liegeplaetze\/kuehlmatte-soft-grau-m-50x40cm\/","name":"K\u00fchlmatte Soft, grau - zoohandel.ch","isPartOf":{"@id":"https:\/\/www.zoohandel.ch\/de\/#website"},"primaryImageOfPage":{"@id":"https:\/\/www.zoohandel.ch\/de\/shop\/hunde\/liegeplaetze\/kuehlmatte-soft-grau-m-50x40cm\/#primaryimage"},"image":{"@id":"https:\/\/www.zoohandel.ch\/de\/shop\/hunde\/liegeplaetze\/kuehlmatte-soft-grau-m-50x40cm\/#primaryimage"},"thumbnailUrl":"https:\/\/www.zoohandel.ch\/wp-content\/uploads\/2024\/04\/T28785_gr.jpg","datePublished":"2021-03-10T23:00:00+00:00","dateModified":"2026-04-17T03:26:12+00:00","breadcrumb":{"@id":"https:\/\/www.zoohandel.ch\/de\/shop\/hunde\/liegeplaetze\/kuehlmatte-soft-grau-m-50x40cm\/#breadcrumb"},"inLanguage":"de","potentialAction":[{"@type":"ReadAction","target":["https:\/\/www.zoohandel.ch\/de\/shop\/hunde\/liegeplaetze\/kuehlmatte-soft-grau-m-50x40cm\/"]}]},{"@type":"ImageObject","inLanguage":"de","@id":"https:\/\/www.zoohandel.ch\/de\/shop\/hunde\/liegeplaetze\/kuehlmatte-soft-grau-m-50x40cm\/#primaryimage","url":"https:\/\/www.zoohandel.ch\/wp-content\/uploads\/2024\/04\/T28785_gr.jpg","contentUrl":"https:\/\/www.zoohandel.ch\/wp-content\/uploads\/2024\/04\/T28785_gr.jpg","width":1600,"height":322},{"@type":"BreadcrumbList","@id":"https:\/\/www.zoohandel.ch\/de\/shop\/hunde\/liegeplaetze\/kuehlmatte-soft-grau-m-50x40cm\/#breadcrumb","itemListElement":[{"@type":"ListItem","position":1,"name":"Startseite","item":"https:\/\/www.zoohandel.ch\/de\/"},{"@type":"ListItem","position":2,"name":"Shop","item":"https:\/\/www.zoohandel.ch\/de\/online-shop-ueber-saemtliche-tierartikel\/"},{"@type":"ListItem","position":3,"name":"K\u00fchlmatte Soft, grau"}]},{"@type":"WebSite","@id":"https:\/\/www.zoohandel.ch\/de\/#website","url":"https:\/\/www.zoohandel.ch\/de\/","name":"zoohandel.ch","description":"Das Beste f\u00fcr Ihre Lieblinge","publisher":{"@id":"https:\/\/www.zoohandel.ch\/de\/#organization"},"potentialAction":[{"@type":"SearchAction","target":{"@type":"EntryPoint","urlTemplate":"https:\/\/www.zoohandel.ch\/de\/?s={search_term_string}"},"query-input":{"@type":"PropertyValueSpecification","valueRequired":true,"valueName":"search_term_string"}}],"inLanguage":"de"},{"@type":"Organization","@id":"https:\/\/www.zoohandel.ch\/de\/#organization","name":"zoohandel.ch","url":"https:\/\/www.zoohandel.ch\/de\/","logo":{"@type":"ImageObject","inLanguage":"de","@id":"https:\/\/www.zoohandel.ch\/de\/#\/schema\/logo\/image\/","url":"https:\/\/www.zoohandel.ch\/wp-content\/uploads\/zoohandel-ch.png","contentUrl":"https:\/\/www.zoohandel.ch\/wp-content\/uploads\/zoohandel-ch.png","width":575,"height":171,"caption":"zoohandel.ch"},"image":{"@id":"https:\/\/www.zoohandel.ch\/de\/#\/schema\/logo\/image\/"}}]}},"tiered_pricing_type":"fixed","tiered_pricing_fixed_rules":[],"tiered_pricing_product_settings":{"layout":"default","base_unit_name":{"singular":null,"plural":null},"default_variation":null},"tiered_pricing_minimum_quantity":null,"tiered_pricing_roles_data":[],"tiered_pricing_percentage_rules":[],"_links":{"self":[{"href":"https:\/\/www.zoohandel.ch\/de\/wp-json\/wp\/v2\/product\/195517","targetHints":{"allow":["GET"]}}],"collection":[{"href":"https:\/\/www.zoohandel.ch\/de\/wp-json\/wp\/v2\/product"}],"about":[{"href":"https:\/\/www.zoohandel.ch\/de\/wp-json\/wp\/v2\/types\/product"}],"wp:featuredmedia":[{"embeddable":true,"href":"https:\/\/www.zoohandel.ch\/de\/wp-json\/wp\/v2\/media\/532620"}],"wp:attachment":[{"href":"https:\/\/www.zoohandel.ch\/de\/wp-json\/wp\/v2\/media?parent=195517"}],"wp:term":[{"taxonomy":"product_brand","embeddable":true,"href":"https:\/\/www.zoohandel.ch\/de\/wp-json\/wp\/v2\/product_brand?post=195517"},{"taxonomy":"product_cat","embeddable":true,"href":"https:\/\/www.zoohandel.ch\/de\/wp-json\/wp\/v2\/product_cat?post=195517"},{"taxonomy":"product_tag","embeddable":true,"href":"https:\/\/www.zoohandel.ch\/de\/wp-json\/wp\/v2\/product_tag?post=195517"}],"curies":[{"name":"wp","href":"https:\/\/api.w.org\/{rel}","templated":true}]}}