{"id":195734,"date":"2013-12-12T00:00:00","date_gmt":"2013-12-11T23:00:00","guid":{"rendered":"https:\/\/www.alfauna.ch.vasco.sui-inter.net\/shop\/unkategorisiert\/trockenshampoo\/"},"modified":"2026-04-19T05:49:49","modified_gmt":"2026-04-19T03:49:49","slug":"trockenshampoo-100g","status":"publish","type":"product","link":"https:\/\/www.zoohandel.ch\/de\/shop\/hunde\/pflege-hygiene-gesundheit\/trockenshampoo-100g\/","title":{"rendered":"Trockenshampoo"},"content":{"rendered":"<p>f\u00fcr Hunde, Katzen und andere Kleintiere<br \/>\nPuder als Alternative zum Nassbad<br \/>\noptimal auch f\u00fcr unterwegs und auf Reisen<br \/>\ndesodoriert und reinigt sanft das Fell<br \/>\nauch f\u00fcr Jungtiere ab 12 Wochen geeignet <\/p>\n<p>Inhaltsstoffe gem. Wasch- und Reinigungsmitt<\/p>\n","protected":false},"excerpt":{"rendered":"<p>f\u00fcr Hunde, Katzen und andere Kleintiere Puder als Alternative zum Nassbad optimal auch f\u00fcr unterwegs und auf Reisen desodoriert und reinigt sanft das Fell auch f\u00fcr Jungtiere ab 12 Wochen geeignet Inhaltsstoffe gem. Wasch- und Reinigungsmitt<\/p>\n","protected":false},"featured_media":533798,"template":"","meta":{"_acf_changed":false},"product_brand":[],"product_cat":[3022,3612],"product_tag":[],"class_list":{"0":"post-195734","1":"product","2":"type-product","3":"status-publish","4":"has-post-thumbnail","6":"product_cat-hunde","7":"product_cat-pflege-hygiene-gesundheit","9":"first","10":"instock","11":"taxable","12":"shipping-taxable","13":"purchasable","14":"product-type-simple"},"acf":[],"yoast_head":"<!-- This site is optimized with the Yoast SEO plugin v25.8 - https:\/\/yoast.com\/wordpress\/plugins\/seo\/ -->\n<title>Trockenshampoo - zoohandel.ch<\/title>\n<meta name=\"robots\" content=\"index, follow, max-snippet:-1, max-image-preview:large, max-video-preview:-1\" \/>\n<link rel=\"canonical\" href=\"https:\/\/www.zoohandel.ch\/de\/shop\/hunde\/pflege-hygiene-gesundheit\/trockenshampoo-100g\/\" \/>\n<meta property=\"og:locale\" content=\"de_DE\" \/>\n<meta property=\"og:type\" content=\"article\" \/>\n<meta property=\"og:title\" content=\"Trockenshampoo - zoohandel.ch\" \/>\n<meta property=\"og:description\" content=\"f\u00fcr Hunde, Katzen und andere Kleintiere Puder als Alternative zum Nassbad optimal auch f\u00fcr unterwegs und auf Reisen desodoriert und reinigt sanft das Fell auch f\u00fcr Jungtiere ab 12 Wochen geeignet Inhaltsstoffe gem. Wasch- und Reinigungsmitt\" \/>\n<meta property=\"og:url\" content=\"https:\/\/www.zoohandel.ch\/de\/shop\/hunde\/pflege-hygiene-gesundheit\/trockenshampoo-100g\/\" \/>\n<meta property=\"og:site_name\" content=\"zoohandel.ch\" \/>\n<meta property=\"article:modified_time\" content=\"2026-04-19T03:49:49+00:00\" \/>\n<meta property=\"og:image\" content=\"https:\/\/www.zoohandel.ch\/wp-content\/uploads\/2024\/04\/T29181_gr.jpg\" \/>\n\t<meta property=\"og:image:width\" content=\"465\" \/>\n\t<meta property=\"og:image:height\" content=\"1200\" \/>\n\t<meta property=\"og:image:type\" content=\"image\/jpeg\" \/>\n<meta name=\"twitter:card\" content=\"summary_large_image\" \/>\n<script type=\"application\/ld+json\" class=\"yoast-schema-graph\">{\"@context\":\"https:\/\/schema.org\",\"@graph\":[{\"@type\":\"WebPage\",\"@id\":\"https:\/\/www.zoohandel.ch\/de\/shop\/hunde\/pflege-hygiene-gesundheit\/trockenshampoo-100g\/\",\"url\":\"https:\/\/www.zoohandel.ch\/de\/shop\/hunde\/pflege-hygiene-gesundheit\/trockenshampoo-100g\/\",\"name\":\"Trockenshampoo - zoohandel.ch\",\"isPartOf\":{\"@id\":\"https:\/\/www.zoohandel.ch\/de\/#website\"},\"primaryImageOfPage\":{\"@id\":\"https:\/\/www.zoohandel.ch\/de\/shop\/hunde\/pflege-hygiene-gesundheit\/trockenshampoo-100g\/#primaryimage\"},\"image\":{\"@id\":\"https:\/\/www.zoohandel.ch\/de\/shop\/hunde\/pflege-hygiene-gesundheit\/trockenshampoo-100g\/#primaryimage\"},\"thumbnailUrl\":\"https:\/\/www.zoohandel.ch\/wp-content\/uploads\/2024\/04\/T29181_gr.jpg\",\"datePublished\":\"2013-12-11T23:00:00+00:00\",\"dateModified\":\"2026-04-19T03:49:49+00:00\",\"breadcrumb\":{\"@id\":\"https:\/\/www.zoohandel.ch\/de\/shop\/hunde\/pflege-hygiene-gesundheit\/trockenshampoo-100g\/#breadcrumb\"},\"inLanguage\":\"de\",\"potentialAction\":[{\"@type\":\"ReadAction\",\"target\":[\"https:\/\/www.zoohandel.ch\/de\/shop\/hunde\/pflege-hygiene-gesundheit\/trockenshampoo-100g\/\"]}]},{\"@type\":\"ImageObject\",\"inLanguage\":\"de\",\"@id\":\"https:\/\/www.zoohandel.ch\/de\/shop\/hunde\/pflege-hygiene-gesundheit\/trockenshampoo-100g\/#primaryimage\",\"url\":\"https:\/\/www.zoohandel.ch\/wp-content\/uploads\/2024\/04\/T29181_gr.jpg\",\"contentUrl\":\"https:\/\/www.zoohandel.ch\/wp-content\/uploads\/2024\/04\/T29181_gr.jpg\",\"width\":465,\"height\":1200},{\"@type\":\"BreadcrumbList\",\"@id\":\"https:\/\/www.zoohandel.ch\/de\/shop\/hunde\/pflege-hygiene-gesundheit\/trockenshampoo-100g\/#breadcrumb\",\"itemListElement\":[{\"@type\":\"ListItem\",\"position\":1,\"name\":\"Startseite\",\"item\":\"https:\/\/www.zoohandel.ch\/de\/\"},{\"@type\":\"ListItem\",\"position\":2,\"name\":\"Shop\",\"item\":\"https:\/\/www.zoohandel.ch\/de\/online-shop-ueber-saemtliche-tierartikel\/\"},{\"@type\":\"ListItem\",\"position\":3,\"name\":\"Trockenshampoo\"}]},{\"@type\":\"WebSite\",\"@id\":\"https:\/\/www.zoohandel.ch\/de\/#website\",\"url\":\"https:\/\/www.zoohandel.ch\/de\/\",\"name\":\"zoohandel.ch\",\"description\":\"Das Beste f\u00fcr Ihre Lieblinge\",\"publisher\":{\"@id\":\"https:\/\/www.zoohandel.ch\/de\/#organization\"},\"potentialAction\":[{\"@type\":\"SearchAction\",\"target\":{\"@type\":\"EntryPoint\",\"urlTemplate\":\"https:\/\/www.zoohandel.ch\/de\/?s={search_term_string}\"},\"query-input\":{\"@type\":\"PropertyValueSpecification\",\"valueRequired\":true,\"valueName\":\"search_term_string\"}}],\"inLanguage\":\"de\"},{\"@type\":\"Organization\",\"@id\":\"https:\/\/www.zoohandel.ch\/de\/#organization\",\"name\":\"zoohandel.ch\",\"url\":\"https:\/\/www.zoohandel.ch\/de\/\",\"logo\":{\"@type\":\"ImageObject\",\"inLanguage\":\"de\",\"@id\":\"https:\/\/www.zoohandel.ch\/de\/#\/schema\/logo\/image\/\",\"url\":\"https:\/\/www.zoohandel.ch\/wp-content\/uploads\/zoohandel-ch.png\",\"contentUrl\":\"https:\/\/www.zoohandel.ch\/wp-content\/uploads\/zoohandel-ch.png\",\"width\":575,\"height\":171,\"caption\":\"zoohandel.ch\"},\"image\":{\"@id\":\"https:\/\/www.zoohandel.ch\/de\/#\/schema\/logo\/image\/\"}}]}<\/script>\n<!-- \/ Yoast SEO plugin. -->","yoast_head_json":{"title":"Trockenshampoo - zoohandel.ch","robots":{"index":"index","follow":"follow","max-snippet":"max-snippet:-1","max-image-preview":"max-image-preview:large","max-video-preview":"max-video-preview:-1"},"canonical":"https:\/\/www.zoohandel.ch\/de\/shop\/hunde\/pflege-hygiene-gesundheit\/trockenshampoo-100g\/","og_locale":"de_DE","og_type":"article","og_title":"Trockenshampoo - zoohandel.ch","og_description":"f\u00fcr Hunde, Katzen und andere Kleintiere Puder als Alternative zum Nassbad optimal auch f\u00fcr unterwegs und auf Reisen desodoriert und reinigt sanft das Fell auch f\u00fcr Jungtiere ab 12 Wochen geeignet Inhaltsstoffe gem. Wasch- und Reinigungsmitt","og_url":"https:\/\/www.zoohandel.ch\/de\/shop\/hunde\/pflege-hygiene-gesundheit\/trockenshampoo-100g\/","og_site_name":"zoohandel.ch","article_modified_time":"2026-04-19T03:49:49+00:00","og_image":[{"width":465,"height":1200,"url":"https:\/\/www.zoohandel.ch\/wp-content\/uploads\/2024\/04\/T29181_gr.jpg","type":"image\/jpeg"}],"twitter_card":"summary_large_image","schema":{"@context":"https:\/\/schema.org","@graph":[{"@type":"WebPage","@id":"https:\/\/www.zoohandel.ch\/de\/shop\/hunde\/pflege-hygiene-gesundheit\/trockenshampoo-100g\/","url":"https:\/\/www.zoohandel.ch\/de\/shop\/hunde\/pflege-hygiene-gesundheit\/trockenshampoo-100g\/","name":"Trockenshampoo - zoohandel.ch","isPartOf":{"@id":"https:\/\/www.zoohandel.ch\/de\/#website"},"primaryImageOfPage":{"@id":"https:\/\/www.zoohandel.ch\/de\/shop\/hunde\/pflege-hygiene-gesundheit\/trockenshampoo-100g\/#primaryimage"},"image":{"@id":"https:\/\/www.zoohandel.ch\/de\/shop\/hunde\/pflege-hygiene-gesundheit\/trockenshampoo-100g\/#primaryimage"},"thumbnailUrl":"https:\/\/www.zoohandel.ch\/wp-content\/uploads\/2024\/04\/T29181_gr.jpg","datePublished":"2013-12-11T23:00:00+00:00","dateModified":"2026-04-19T03:49:49+00:00","breadcrumb":{"@id":"https:\/\/www.zoohandel.ch\/de\/shop\/hunde\/pflege-hygiene-gesundheit\/trockenshampoo-100g\/#breadcrumb"},"inLanguage":"de","potentialAction":[{"@type":"ReadAction","target":["https:\/\/www.zoohandel.ch\/de\/shop\/hunde\/pflege-hygiene-gesundheit\/trockenshampoo-100g\/"]}]},{"@type":"ImageObject","inLanguage":"de","@id":"https:\/\/www.zoohandel.ch\/de\/shop\/hunde\/pflege-hygiene-gesundheit\/trockenshampoo-100g\/#primaryimage","url":"https:\/\/www.zoohandel.ch\/wp-content\/uploads\/2024\/04\/T29181_gr.jpg","contentUrl":"https:\/\/www.zoohandel.ch\/wp-content\/uploads\/2024\/04\/T29181_gr.jpg","width":465,"height":1200},{"@type":"BreadcrumbList","@id":"https:\/\/www.zoohandel.ch\/de\/shop\/hunde\/pflege-hygiene-gesundheit\/trockenshampoo-100g\/#breadcrumb","itemListElement":[{"@type":"ListItem","position":1,"name":"Startseite","item":"https:\/\/www.zoohandel.ch\/de\/"},{"@type":"ListItem","position":2,"name":"Shop","item":"https:\/\/www.zoohandel.ch\/de\/online-shop-ueber-saemtliche-tierartikel\/"},{"@type":"ListItem","position":3,"name":"Trockenshampoo"}]},{"@type":"WebSite","@id":"https:\/\/www.zoohandel.ch\/de\/#website","url":"https:\/\/www.zoohandel.ch\/de\/","name":"zoohandel.ch","description":"Das Beste f\u00fcr Ihre Lieblinge","publisher":{"@id":"https:\/\/www.zoohandel.ch\/de\/#organization"},"potentialAction":[{"@type":"SearchAction","target":{"@type":"EntryPoint","urlTemplate":"https:\/\/www.zoohandel.ch\/de\/?s={search_term_string}"},"query-input":{"@type":"PropertyValueSpecification","valueRequired":true,"valueName":"search_term_string"}}],"inLanguage":"de"},{"@type":"Organization","@id":"https:\/\/www.zoohandel.ch\/de\/#organization","name":"zoohandel.ch","url":"https:\/\/www.zoohandel.ch\/de\/","logo":{"@type":"ImageObject","inLanguage":"de","@id":"https:\/\/www.zoohandel.ch\/de\/#\/schema\/logo\/image\/","url":"https:\/\/www.zoohandel.ch\/wp-content\/uploads\/zoohandel-ch.png","contentUrl":"https:\/\/www.zoohandel.ch\/wp-content\/uploads\/zoohandel-ch.png","width":575,"height":171,"caption":"zoohandel.ch"},"image":{"@id":"https:\/\/www.zoohandel.ch\/de\/#\/schema\/logo\/image\/"}}]}},"tiered_pricing_type":"fixed","tiered_pricing_fixed_rules":[],"tiered_pricing_product_settings":{"layout":"default","base_unit_name":{"singular":null,"plural":null},"default_variation":null},"tiered_pricing_minimum_quantity":null,"tiered_pricing_roles_data":[],"tiered_pricing_percentage_rules":[],"_links":{"self":[{"href":"https:\/\/www.zoohandel.ch\/de\/wp-json\/wp\/v2\/product\/195734","targetHints":{"allow":["GET"]}}],"collection":[{"href":"https:\/\/www.zoohandel.ch\/de\/wp-json\/wp\/v2\/product"}],"about":[{"href":"https:\/\/www.zoohandel.ch\/de\/wp-json\/wp\/v2\/types\/product"}],"wp:featuredmedia":[{"embeddable":true,"href":"https:\/\/www.zoohandel.ch\/de\/wp-json\/wp\/v2\/media\/533798"}],"wp:attachment":[{"href":"https:\/\/www.zoohandel.ch\/de\/wp-json\/wp\/v2\/media?parent=195734"}],"wp:term":[{"taxonomy":"product_brand","embeddable":true,"href":"https:\/\/www.zoohandel.ch\/de\/wp-json\/wp\/v2\/product_brand?post=195734"},{"taxonomy":"product_cat","embeddable":true,"href":"https:\/\/www.zoohandel.ch\/de\/wp-json\/wp\/v2\/product_cat?post=195734"},{"taxonomy":"product_tag","embeddable":true,"href":"https:\/\/www.zoohandel.ch\/de\/wp-json\/wp\/v2\/product_tag?post=195734"}],"curies":[{"name":"wp","href":"https:\/\/api.w.org\/{rel}","templated":true}]}}