{"id":196666,"date":"2013-12-12T00:00:00","date_gmt":"2013-12-11T23:00:00","guid":{"rendered":"https:\/\/www.alfauna.ch.vasco.sui-inter.net\/shop\/unkategorisiert\/ekard-lind-fun-mot-schwimmend\/"},"modified":"2026-04-27T05:47:39","modified_gmt":"2026-04-27T03:47:39","slug":"ekard-lind-fun-mot-schwimmend-9cm","status":"publish","type":"product","link":"https:\/\/www.zoohandel.ch\/de\/shop\/hunde\/spielzeug-hunde\/besondere-formen\/ekard-lind-fun-mot-schwimmend-9cm\/","title":{"rendered":"Ekard Lind &quot;Fun-Mot-schwimmend&quot;"},"content":{"rendered":"<p>Naturgummi<br \/>\nMotivations-Spielzeug<br \/>\nf\u00fcr schnelle und bewegungsbetonte Spiele<br \/>\nKnauf am Ende des Bandes f\u00fcr sicheres und schmerzfreies Halten auch bei starkem Zug<br \/>\nzum Werfen und f\u00fcr Konterzugspiele geeignet<br \/>\nentwickelt von Prof. Ekard Lind<\/p>\n","protected":false},"excerpt":{"rendered":"<p>Naturgummi Motivations-Spielzeug f\u00fcr schnelle und bewegungsbetonte Spiele Knauf am Ende des Bandes f\u00fcr sicheres und schmerzfreies Halten auch bei starkem Zug zum Werfen und f\u00fcr Konterzugspiele geeignet entwickelt von Prof. Ekard Lind<\/p>\n","protected":false},"featured_media":535690,"template":"","meta":{"_acf_changed":false},"product_brand":[],"product_cat":[3763,3022,3616],"product_tag":[],"class_list":{"0":"post-196666","1":"product","2":"type-product","3":"status-publish","4":"has-post-thumbnail","6":"product_cat-besondere-formen","7":"product_cat-hunde","8":"product_cat-spielzeug-hunde","10":"first","11":"outofstock","12":"taxable","13":"shipping-taxable","14":"purchasable","15":"product-type-simple"},"acf":[],"yoast_head":"<!-- This site is optimized with the Yoast SEO plugin v25.8 - https:\/\/yoast.com\/wordpress\/plugins\/seo\/ -->\n<title>Ekard Lind &quot;Fun-Mot-schwimmend&quot; - zoohandel.ch<\/title>\n<meta name=\"robots\" content=\"index, follow, max-snippet:-1, max-image-preview:large, max-video-preview:-1\" \/>\n<link rel=\"canonical\" href=\"https:\/\/www.zoohandel.ch\/de\/shop\/hunde\/spielzeug-hunde\/besondere-formen\/ekard-lind-fun-mot-schwimmend-9cm\/\" \/>\n<meta property=\"og:locale\" content=\"de_DE\" \/>\n<meta property=\"og:type\" content=\"article\" \/>\n<meta property=\"og:title\" content=\"Ekard Lind &quot;Fun-Mot-schwimmend&quot; - zoohandel.ch\" \/>\n<meta property=\"og:description\" content=\"Naturgummi Motivations-Spielzeug f\u00fcr schnelle und bewegungsbetonte Spiele Knauf am Ende des Bandes f\u00fcr sicheres und schmerzfreies Halten auch bei starkem Zug zum Werfen und f\u00fcr Konterzugspiele geeignet entwickelt von Prof. Ekard Lind\" \/>\n<meta property=\"og:url\" content=\"https:\/\/www.zoohandel.ch\/de\/shop\/hunde\/spielzeug-hunde\/besondere-formen\/ekard-lind-fun-mot-schwimmend-9cm\/\" \/>\n<meta property=\"og:site_name\" content=\"zoohandel.ch\" \/>\n<meta property=\"article:modified_time\" content=\"2026-04-27T03:47:39+00:00\" \/>\n<meta property=\"og:image\" content=\"https:\/\/www.zoohandel.ch\/wp-content\/uploads\/2024\/04\/T3236_gr.jpg\" \/>\n\t<meta property=\"og:image:width\" content=\"989\" \/>\n\t<meta property=\"og:image:height\" content=\"1200\" \/>\n\t<meta property=\"og:image:type\" content=\"image\/jpeg\" \/>\n<meta name=\"twitter:card\" content=\"summary_large_image\" \/>\n<script type=\"application\/ld+json\" class=\"yoast-schema-graph\">{\"@context\":\"https:\/\/schema.org\",\"@graph\":[{\"@type\":\"WebPage\",\"@id\":\"https:\/\/www.zoohandel.ch\/de\/shop\/hunde\/spielzeug-hunde\/besondere-formen\/ekard-lind-fun-mot-schwimmend-9cm\/\",\"url\":\"https:\/\/www.zoohandel.ch\/de\/shop\/hunde\/spielzeug-hunde\/besondere-formen\/ekard-lind-fun-mot-schwimmend-9cm\/\",\"name\":\"Ekard Lind &quot;Fun-Mot-schwimmend&quot; - zoohandel.ch\",\"isPartOf\":{\"@id\":\"https:\/\/www.zoohandel.ch\/de\/#website\"},\"primaryImageOfPage\":{\"@id\":\"https:\/\/www.zoohandel.ch\/de\/shop\/hunde\/spielzeug-hunde\/besondere-formen\/ekard-lind-fun-mot-schwimmend-9cm\/#primaryimage\"},\"image\":{\"@id\":\"https:\/\/www.zoohandel.ch\/de\/shop\/hunde\/spielzeug-hunde\/besondere-formen\/ekard-lind-fun-mot-schwimmend-9cm\/#primaryimage\"},\"thumbnailUrl\":\"https:\/\/www.zoohandel.ch\/wp-content\/uploads\/2024\/04\/T3236_gr.jpg\",\"datePublished\":\"2013-12-11T23:00:00+00:00\",\"dateModified\":\"2026-04-27T03:47:39+00:00\",\"breadcrumb\":{\"@id\":\"https:\/\/www.zoohandel.ch\/de\/shop\/hunde\/spielzeug-hunde\/besondere-formen\/ekard-lind-fun-mot-schwimmend-9cm\/#breadcrumb\"},\"inLanguage\":\"de\",\"potentialAction\":[{\"@type\":\"ReadAction\",\"target\":[\"https:\/\/www.zoohandel.ch\/de\/shop\/hunde\/spielzeug-hunde\/besondere-formen\/ekard-lind-fun-mot-schwimmend-9cm\/\"]}]},{\"@type\":\"ImageObject\",\"inLanguage\":\"de\",\"@id\":\"https:\/\/www.zoohandel.ch\/de\/shop\/hunde\/spielzeug-hunde\/besondere-formen\/ekard-lind-fun-mot-schwimmend-9cm\/#primaryimage\",\"url\":\"https:\/\/www.zoohandel.ch\/wp-content\/uploads\/2024\/04\/T3236_gr.jpg\",\"contentUrl\":\"https:\/\/www.zoohandel.ch\/wp-content\/uploads\/2024\/04\/T3236_gr.jpg\",\"width\":989,\"height\":1200},{\"@type\":\"BreadcrumbList\",\"@id\":\"https:\/\/www.zoohandel.ch\/de\/shop\/hunde\/spielzeug-hunde\/besondere-formen\/ekard-lind-fun-mot-schwimmend-9cm\/#breadcrumb\",\"itemListElement\":[{\"@type\":\"ListItem\",\"position\":1,\"name\":\"Startseite\",\"item\":\"https:\/\/www.zoohandel.ch\/de\/\"},{\"@type\":\"ListItem\",\"position\":2,\"name\":\"Shop\",\"item\":\"https:\/\/www.zoohandel.ch\/de\/online-shop-ueber-saemtliche-tierartikel\/\"},{\"@type\":\"ListItem\",\"position\":3,\"name\":\"Ekard Lind &quot;Fun-Mot-schwimmend&quot;\"}]},{\"@type\":\"WebSite\",\"@id\":\"https:\/\/www.zoohandel.ch\/de\/#website\",\"url\":\"https:\/\/www.zoohandel.ch\/de\/\",\"name\":\"zoohandel.ch\",\"description\":\"Das Beste f\u00fcr Ihre Lieblinge\",\"publisher\":{\"@id\":\"https:\/\/www.zoohandel.ch\/de\/#organization\"},\"potentialAction\":[{\"@type\":\"SearchAction\",\"target\":{\"@type\":\"EntryPoint\",\"urlTemplate\":\"https:\/\/www.zoohandel.ch\/de\/?s={search_term_string}\"},\"query-input\":{\"@type\":\"PropertyValueSpecification\",\"valueRequired\":true,\"valueName\":\"search_term_string\"}}],\"inLanguage\":\"de\"},{\"@type\":\"Organization\",\"@id\":\"https:\/\/www.zoohandel.ch\/de\/#organization\",\"name\":\"zoohandel.ch\",\"url\":\"https:\/\/www.zoohandel.ch\/de\/\",\"logo\":{\"@type\":\"ImageObject\",\"inLanguage\":\"de\",\"@id\":\"https:\/\/www.zoohandel.ch\/de\/#\/schema\/logo\/image\/\",\"url\":\"https:\/\/www.zoohandel.ch\/wp-content\/uploads\/zoohandel-ch.png\",\"contentUrl\":\"https:\/\/www.zoohandel.ch\/wp-content\/uploads\/zoohandel-ch.png\",\"width\":575,\"height\":171,\"caption\":\"zoohandel.ch\"},\"image\":{\"@id\":\"https:\/\/www.zoohandel.ch\/de\/#\/schema\/logo\/image\/\"}}]}<\/script>\n<!-- \/ Yoast SEO plugin. -->","yoast_head_json":{"title":"Ekard Lind &quot;Fun-Mot-schwimmend&quot; - zoohandel.ch","robots":{"index":"index","follow":"follow","max-snippet":"max-snippet:-1","max-image-preview":"max-image-preview:large","max-video-preview":"max-video-preview:-1"},"canonical":"https:\/\/www.zoohandel.ch\/de\/shop\/hunde\/spielzeug-hunde\/besondere-formen\/ekard-lind-fun-mot-schwimmend-9cm\/","og_locale":"de_DE","og_type":"article","og_title":"Ekard Lind &quot;Fun-Mot-schwimmend&quot; - zoohandel.ch","og_description":"Naturgummi Motivations-Spielzeug f\u00fcr schnelle und bewegungsbetonte Spiele Knauf am Ende des Bandes f\u00fcr sicheres und schmerzfreies Halten auch bei starkem Zug zum Werfen und f\u00fcr Konterzugspiele geeignet entwickelt von Prof. Ekard Lind","og_url":"https:\/\/www.zoohandel.ch\/de\/shop\/hunde\/spielzeug-hunde\/besondere-formen\/ekard-lind-fun-mot-schwimmend-9cm\/","og_site_name":"zoohandel.ch","article_modified_time":"2026-04-27T03:47:39+00:00","og_image":[{"width":989,"height":1200,"url":"https:\/\/www.zoohandel.ch\/wp-content\/uploads\/2024\/04\/T3236_gr.jpg","type":"image\/jpeg"}],"twitter_card":"summary_large_image","schema":{"@context":"https:\/\/schema.org","@graph":[{"@type":"WebPage","@id":"https:\/\/www.zoohandel.ch\/de\/shop\/hunde\/spielzeug-hunde\/besondere-formen\/ekard-lind-fun-mot-schwimmend-9cm\/","url":"https:\/\/www.zoohandel.ch\/de\/shop\/hunde\/spielzeug-hunde\/besondere-formen\/ekard-lind-fun-mot-schwimmend-9cm\/","name":"Ekard Lind &quot;Fun-Mot-schwimmend&quot; - zoohandel.ch","isPartOf":{"@id":"https:\/\/www.zoohandel.ch\/de\/#website"},"primaryImageOfPage":{"@id":"https:\/\/www.zoohandel.ch\/de\/shop\/hunde\/spielzeug-hunde\/besondere-formen\/ekard-lind-fun-mot-schwimmend-9cm\/#primaryimage"},"image":{"@id":"https:\/\/www.zoohandel.ch\/de\/shop\/hunde\/spielzeug-hunde\/besondere-formen\/ekard-lind-fun-mot-schwimmend-9cm\/#primaryimage"},"thumbnailUrl":"https:\/\/www.zoohandel.ch\/wp-content\/uploads\/2024\/04\/T3236_gr.jpg","datePublished":"2013-12-11T23:00:00+00:00","dateModified":"2026-04-27T03:47:39+00:00","breadcrumb":{"@id":"https:\/\/www.zoohandel.ch\/de\/shop\/hunde\/spielzeug-hunde\/besondere-formen\/ekard-lind-fun-mot-schwimmend-9cm\/#breadcrumb"},"inLanguage":"de","potentialAction":[{"@type":"ReadAction","target":["https:\/\/www.zoohandel.ch\/de\/shop\/hunde\/spielzeug-hunde\/besondere-formen\/ekard-lind-fun-mot-schwimmend-9cm\/"]}]},{"@type":"ImageObject","inLanguage":"de","@id":"https:\/\/www.zoohandel.ch\/de\/shop\/hunde\/spielzeug-hunde\/besondere-formen\/ekard-lind-fun-mot-schwimmend-9cm\/#primaryimage","url":"https:\/\/www.zoohandel.ch\/wp-content\/uploads\/2024\/04\/T3236_gr.jpg","contentUrl":"https:\/\/www.zoohandel.ch\/wp-content\/uploads\/2024\/04\/T3236_gr.jpg","width":989,"height":1200},{"@type":"BreadcrumbList","@id":"https:\/\/www.zoohandel.ch\/de\/shop\/hunde\/spielzeug-hunde\/besondere-formen\/ekard-lind-fun-mot-schwimmend-9cm\/#breadcrumb","itemListElement":[{"@type":"ListItem","position":1,"name":"Startseite","item":"https:\/\/www.zoohandel.ch\/de\/"},{"@type":"ListItem","position":2,"name":"Shop","item":"https:\/\/www.zoohandel.ch\/de\/online-shop-ueber-saemtliche-tierartikel\/"},{"@type":"ListItem","position":3,"name":"Ekard Lind &quot;Fun-Mot-schwimmend&quot;"}]},{"@type":"WebSite","@id":"https:\/\/www.zoohandel.ch\/de\/#website","url":"https:\/\/www.zoohandel.ch\/de\/","name":"zoohandel.ch","description":"Das Beste f\u00fcr Ihre Lieblinge","publisher":{"@id":"https:\/\/www.zoohandel.ch\/de\/#organization"},"potentialAction":[{"@type":"SearchAction","target":{"@type":"EntryPoint","urlTemplate":"https:\/\/www.zoohandel.ch\/de\/?s={search_term_string}"},"query-input":{"@type":"PropertyValueSpecification","valueRequired":true,"valueName":"search_term_string"}}],"inLanguage":"de"},{"@type":"Organization","@id":"https:\/\/www.zoohandel.ch\/de\/#organization","name":"zoohandel.ch","url":"https:\/\/www.zoohandel.ch\/de\/","logo":{"@type":"ImageObject","inLanguage":"de","@id":"https:\/\/www.zoohandel.ch\/de\/#\/schema\/logo\/image\/","url":"https:\/\/www.zoohandel.ch\/wp-content\/uploads\/zoohandel-ch.png","contentUrl":"https:\/\/www.zoohandel.ch\/wp-content\/uploads\/zoohandel-ch.png","width":575,"height":171,"caption":"zoohandel.ch"},"image":{"@id":"https:\/\/www.zoohandel.ch\/de\/#\/schema\/logo\/image\/"}}]}},"tiered_pricing_type":"fixed","tiered_pricing_fixed_rules":[],"tiered_pricing_product_settings":{"layout":"default","base_unit_name":{"singular":null,"plural":null},"default_variation":null},"tiered_pricing_minimum_quantity":null,"tiered_pricing_roles_data":[],"tiered_pricing_percentage_rules":[],"_links":{"self":[{"href":"https:\/\/www.zoohandel.ch\/de\/wp-json\/wp\/v2\/product\/196666","targetHints":{"allow":["GET"]}}],"collection":[{"href":"https:\/\/www.zoohandel.ch\/de\/wp-json\/wp\/v2\/product"}],"about":[{"href":"https:\/\/www.zoohandel.ch\/de\/wp-json\/wp\/v2\/types\/product"}],"wp:featuredmedia":[{"embeddable":true,"href":"https:\/\/www.zoohandel.ch\/de\/wp-json\/wp\/v2\/media\/535690"}],"wp:attachment":[{"href":"https:\/\/www.zoohandel.ch\/de\/wp-json\/wp\/v2\/media?parent=196666"}],"wp:term":[{"taxonomy":"product_brand","embeddable":true,"href":"https:\/\/www.zoohandel.ch\/de\/wp-json\/wp\/v2\/product_brand?post=196666"},{"taxonomy":"product_cat","embeddable":true,"href":"https:\/\/www.zoohandel.ch\/de\/wp-json\/wp\/v2\/product_cat?post=196666"},{"taxonomy":"product_tag","embeddable":true,"href":"https:\/\/www.zoohandel.ch\/de\/wp-json\/wp\/v2\/product_tag?post=196666"}],"curies":[{"name":"wp","href":"https:\/\/api.w.org\/{rel}","templated":true}]}}