{"id":197289,"date":"2019-06-17T00:00:00","date_gmt":"2019-06-16T22:00:00","guid":{"rendered":"https:\/\/www.alfauna.ch.vasco.sui-inter.net\/shop\/unkategorisiert\/licknsnack-platte-tpr-pp-20x20-cm\/"},"modified":"2026-04-17T00:34:13","modified_gmt":"2026-04-16T22:34:13","slug":"licknsnack-platte-tpr-pp-20x20-cm","status":"publish","type":"product","link":"https:\/\/www.zoohandel.ch\/de\/shop\/hunde\/spielzeug-hunde\/snack-spielzeuge\/licknsnack-platte-tpr-pp-20x20-cm\/","title":{"rendered":"Lick&#8217;n&#8217;Snack Platte, TPR\/PP, 20\u00d720 cm"},"content":{"rendered":"<p>Schlecken beruhigt und sorgt f\u00fcr Ruhephasen<br \/>\ngeringe Aufnahmemenge von Snacks bei langer Besch\u00e4ftigungsdauer<br \/>\nmit z. B. Pasten, Nassfutter oder Molkereiprodukten zu bestreichen<br \/>\nf\u00fcr den Frischekick mit Snacks bef\u00fcllen und einfrieren<br \/>\nRand f\u00e4ngt F<\/p>\n","protected":false},"excerpt":{"rendered":"<p>Schlecken beruhigt und sorgt f\u00fcr Ruhephasen geringe Aufnahmemenge von Snacks bei langer Besch\u00e4ftigungsdauer mit z. B. Pasten, Nassfutter oder Molkereiprodukten zu bestreichen f\u00fcr den Frischekick mit Snacks bef\u00fcllen und einfrieren Rand f\u00e4ngt F<\/p>\n","protected":false},"featured_media":536646,"template":"","meta":{"_acf_changed":false},"product_brand":[],"product_cat":[3022,3759,3616],"product_tag":[],"class_list":{"0":"post-197289","1":"product","2":"type-product","3":"status-publish","4":"has-post-thumbnail","6":"product_cat-hunde","7":"product_cat-snack-spielzeuge","8":"product_cat-spielzeug-hunde","10":"first","11":"instock","12":"taxable","13":"shipping-taxable","14":"purchasable","15":"product-type-simple"},"acf":[],"yoast_head":"<!-- This site is optimized with the Yoast SEO plugin v25.8 - https:\/\/yoast.com\/wordpress\/plugins\/seo\/ -->\n<title>Lick&#039;n&#039;Snack Platte, TPR\/PP, 20\u00d720 cm - zoohandel.ch<\/title>\n<meta name=\"robots\" content=\"index, follow, max-snippet:-1, max-image-preview:large, max-video-preview:-1\" \/>\n<link rel=\"canonical\" href=\"https:\/\/www.zoohandel.ch\/de\/shop\/hunde\/spielzeug-hunde\/snack-spielzeuge\/licknsnack-platte-tpr-pp-20x20-cm\/\" \/>\n<meta property=\"og:locale\" content=\"de_DE\" \/>\n<meta property=\"og:type\" content=\"article\" \/>\n<meta property=\"og:title\" content=\"Lick&#039;n&#039;Snack Platte, TPR\/PP, 20\u00d720 cm - zoohandel.ch\" \/>\n<meta property=\"og:description\" content=\"Schlecken beruhigt und sorgt f\u00fcr Ruhephasen geringe Aufnahmemenge von Snacks bei langer Besch\u00e4ftigungsdauer mit z. B. Pasten, Nassfutter oder Molkereiprodukten zu bestreichen f\u00fcr den Frischekick mit Snacks bef\u00fcllen und einfrieren Rand f\u00e4ngt F\" \/>\n<meta property=\"og:url\" content=\"https:\/\/www.zoohandel.ch\/de\/shop\/hunde\/spielzeug-hunde\/snack-spielzeuge\/licknsnack-platte-tpr-pp-20x20-cm\/\" \/>\n<meta property=\"og:site_name\" content=\"zoohandel.ch\" \/>\n<meta property=\"article:modified_time\" content=\"2026-04-16T22:34:13+00:00\" \/>\n<meta property=\"og:image\" content=\"https:\/\/www.zoohandel.ch\/wp-content\/uploads\/2024\/04\/T34952_gr.jpg\" \/>\n\t<meta property=\"og:image:width\" content=\"1200\" \/>\n\t<meta property=\"og:image:height\" content=\"1200\" \/>\n\t<meta property=\"og:image:type\" content=\"image\/jpeg\" \/>\n<meta name=\"twitter:card\" content=\"summary_large_image\" \/>\n<script type=\"application\/ld+json\" class=\"yoast-schema-graph\">{\"@context\":\"https:\/\/schema.org\",\"@graph\":[{\"@type\":\"WebPage\",\"@id\":\"https:\/\/www.zoohandel.ch\/de\/shop\/hunde\/spielzeug-hunde\/snack-spielzeuge\/licknsnack-platte-tpr-pp-20x20-cm\/\",\"url\":\"https:\/\/www.zoohandel.ch\/de\/shop\/hunde\/spielzeug-hunde\/snack-spielzeuge\/licknsnack-platte-tpr-pp-20x20-cm\/\",\"name\":\"Lick'n'Snack Platte, TPR\/PP, 20\u00d720 cm - zoohandel.ch\",\"isPartOf\":{\"@id\":\"https:\/\/www.zoohandel.ch\/de\/#website\"},\"primaryImageOfPage\":{\"@id\":\"https:\/\/www.zoohandel.ch\/de\/shop\/hunde\/spielzeug-hunde\/snack-spielzeuge\/licknsnack-platte-tpr-pp-20x20-cm\/#primaryimage\"},\"image\":{\"@id\":\"https:\/\/www.zoohandel.ch\/de\/shop\/hunde\/spielzeug-hunde\/snack-spielzeuge\/licknsnack-platte-tpr-pp-20x20-cm\/#primaryimage\"},\"thumbnailUrl\":\"https:\/\/www.zoohandel.ch\/wp-content\/uploads\/2024\/04\/T34952_gr.jpg\",\"datePublished\":\"2019-06-16T22:00:00+00:00\",\"dateModified\":\"2026-04-16T22:34:13+00:00\",\"breadcrumb\":{\"@id\":\"https:\/\/www.zoohandel.ch\/de\/shop\/hunde\/spielzeug-hunde\/snack-spielzeuge\/licknsnack-platte-tpr-pp-20x20-cm\/#breadcrumb\"},\"inLanguage\":\"de\",\"potentialAction\":[{\"@type\":\"ReadAction\",\"target\":[\"https:\/\/www.zoohandel.ch\/de\/shop\/hunde\/spielzeug-hunde\/snack-spielzeuge\/licknsnack-platte-tpr-pp-20x20-cm\/\"]}]},{\"@type\":\"ImageObject\",\"inLanguage\":\"de\",\"@id\":\"https:\/\/www.zoohandel.ch\/de\/shop\/hunde\/spielzeug-hunde\/snack-spielzeuge\/licknsnack-platte-tpr-pp-20x20-cm\/#primaryimage\",\"url\":\"https:\/\/www.zoohandel.ch\/wp-content\/uploads\/2024\/04\/T34952_gr.jpg\",\"contentUrl\":\"https:\/\/www.zoohandel.ch\/wp-content\/uploads\/2024\/04\/T34952_gr.jpg\",\"width\":1200,\"height\":1200},{\"@type\":\"BreadcrumbList\",\"@id\":\"https:\/\/www.zoohandel.ch\/de\/shop\/hunde\/spielzeug-hunde\/snack-spielzeuge\/licknsnack-platte-tpr-pp-20x20-cm\/#breadcrumb\",\"itemListElement\":[{\"@type\":\"ListItem\",\"position\":1,\"name\":\"Startseite\",\"item\":\"https:\/\/www.zoohandel.ch\/de\/\"},{\"@type\":\"ListItem\",\"position\":2,\"name\":\"Shop\",\"item\":\"https:\/\/www.zoohandel.ch\/de\/online-shop-ueber-saemtliche-tierartikel\/\"},{\"@type\":\"ListItem\",\"position\":3,\"name\":\"Lick&#8217;n&#8217;Snack Platte, TPR\/PP, 20\u00d720 cm\"}]},{\"@type\":\"WebSite\",\"@id\":\"https:\/\/www.zoohandel.ch\/de\/#website\",\"url\":\"https:\/\/www.zoohandel.ch\/de\/\",\"name\":\"zoohandel.ch\",\"description\":\"Das Beste f\u00fcr Ihre Lieblinge\",\"publisher\":{\"@id\":\"https:\/\/www.zoohandel.ch\/de\/#organization\"},\"potentialAction\":[{\"@type\":\"SearchAction\",\"target\":{\"@type\":\"EntryPoint\",\"urlTemplate\":\"https:\/\/www.zoohandel.ch\/de\/?s={search_term_string}\"},\"query-input\":{\"@type\":\"PropertyValueSpecification\",\"valueRequired\":true,\"valueName\":\"search_term_string\"}}],\"inLanguage\":\"de\"},{\"@type\":\"Organization\",\"@id\":\"https:\/\/www.zoohandel.ch\/de\/#organization\",\"name\":\"zoohandel.ch\",\"url\":\"https:\/\/www.zoohandel.ch\/de\/\",\"logo\":{\"@type\":\"ImageObject\",\"inLanguage\":\"de\",\"@id\":\"https:\/\/www.zoohandel.ch\/de\/#\/schema\/logo\/image\/\",\"url\":\"https:\/\/www.zoohandel.ch\/wp-content\/uploads\/zoohandel-ch.png\",\"contentUrl\":\"https:\/\/www.zoohandel.ch\/wp-content\/uploads\/zoohandel-ch.png\",\"width\":575,\"height\":171,\"caption\":\"zoohandel.ch\"},\"image\":{\"@id\":\"https:\/\/www.zoohandel.ch\/de\/#\/schema\/logo\/image\/\"}}]}<\/script>\n<!-- \/ Yoast SEO plugin. -->","yoast_head_json":{"title":"Lick'n'Snack Platte, TPR\/PP, 20\u00d720 cm - zoohandel.ch","robots":{"index":"index","follow":"follow","max-snippet":"max-snippet:-1","max-image-preview":"max-image-preview:large","max-video-preview":"max-video-preview:-1"},"canonical":"https:\/\/www.zoohandel.ch\/de\/shop\/hunde\/spielzeug-hunde\/snack-spielzeuge\/licknsnack-platte-tpr-pp-20x20-cm\/","og_locale":"de_DE","og_type":"article","og_title":"Lick'n'Snack Platte, TPR\/PP, 20\u00d720 cm - zoohandel.ch","og_description":"Schlecken beruhigt und sorgt f\u00fcr Ruhephasen geringe Aufnahmemenge von Snacks bei langer Besch\u00e4ftigungsdauer mit z. B. Pasten, Nassfutter oder Molkereiprodukten zu bestreichen f\u00fcr den Frischekick mit Snacks bef\u00fcllen und einfrieren Rand f\u00e4ngt F","og_url":"https:\/\/www.zoohandel.ch\/de\/shop\/hunde\/spielzeug-hunde\/snack-spielzeuge\/licknsnack-platte-tpr-pp-20x20-cm\/","og_site_name":"zoohandel.ch","article_modified_time":"2026-04-16T22:34:13+00:00","og_image":[{"width":1200,"height":1200,"url":"https:\/\/www.zoohandel.ch\/wp-content\/uploads\/2024\/04\/T34952_gr.jpg","type":"image\/jpeg"}],"twitter_card":"summary_large_image","schema":{"@context":"https:\/\/schema.org","@graph":[{"@type":"WebPage","@id":"https:\/\/www.zoohandel.ch\/de\/shop\/hunde\/spielzeug-hunde\/snack-spielzeuge\/licknsnack-platte-tpr-pp-20x20-cm\/","url":"https:\/\/www.zoohandel.ch\/de\/shop\/hunde\/spielzeug-hunde\/snack-spielzeuge\/licknsnack-platte-tpr-pp-20x20-cm\/","name":"Lick'n'Snack Platte, TPR\/PP, 20\u00d720 cm - zoohandel.ch","isPartOf":{"@id":"https:\/\/www.zoohandel.ch\/de\/#website"},"primaryImageOfPage":{"@id":"https:\/\/www.zoohandel.ch\/de\/shop\/hunde\/spielzeug-hunde\/snack-spielzeuge\/licknsnack-platte-tpr-pp-20x20-cm\/#primaryimage"},"image":{"@id":"https:\/\/www.zoohandel.ch\/de\/shop\/hunde\/spielzeug-hunde\/snack-spielzeuge\/licknsnack-platte-tpr-pp-20x20-cm\/#primaryimage"},"thumbnailUrl":"https:\/\/www.zoohandel.ch\/wp-content\/uploads\/2024\/04\/T34952_gr.jpg","datePublished":"2019-06-16T22:00:00+00:00","dateModified":"2026-04-16T22:34:13+00:00","breadcrumb":{"@id":"https:\/\/www.zoohandel.ch\/de\/shop\/hunde\/spielzeug-hunde\/snack-spielzeuge\/licknsnack-platte-tpr-pp-20x20-cm\/#breadcrumb"},"inLanguage":"de","potentialAction":[{"@type":"ReadAction","target":["https:\/\/www.zoohandel.ch\/de\/shop\/hunde\/spielzeug-hunde\/snack-spielzeuge\/licknsnack-platte-tpr-pp-20x20-cm\/"]}]},{"@type":"ImageObject","inLanguage":"de","@id":"https:\/\/www.zoohandel.ch\/de\/shop\/hunde\/spielzeug-hunde\/snack-spielzeuge\/licknsnack-platte-tpr-pp-20x20-cm\/#primaryimage","url":"https:\/\/www.zoohandel.ch\/wp-content\/uploads\/2024\/04\/T34952_gr.jpg","contentUrl":"https:\/\/www.zoohandel.ch\/wp-content\/uploads\/2024\/04\/T34952_gr.jpg","width":1200,"height":1200},{"@type":"BreadcrumbList","@id":"https:\/\/www.zoohandel.ch\/de\/shop\/hunde\/spielzeug-hunde\/snack-spielzeuge\/licknsnack-platte-tpr-pp-20x20-cm\/#breadcrumb","itemListElement":[{"@type":"ListItem","position":1,"name":"Startseite","item":"https:\/\/www.zoohandel.ch\/de\/"},{"@type":"ListItem","position":2,"name":"Shop","item":"https:\/\/www.zoohandel.ch\/de\/online-shop-ueber-saemtliche-tierartikel\/"},{"@type":"ListItem","position":3,"name":"Lick&#8217;n&#8217;Snack Platte, TPR\/PP, 20\u00d720 cm"}]},{"@type":"WebSite","@id":"https:\/\/www.zoohandel.ch\/de\/#website","url":"https:\/\/www.zoohandel.ch\/de\/","name":"zoohandel.ch","description":"Das Beste f\u00fcr Ihre Lieblinge","publisher":{"@id":"https:\/\/www.zoohandel.ch\/de\/#organization"},"potentialAction":[{"@type":"SearchAction","target":{"@type":"EntryPoint","urlTemplate":"https:\/\/www.zoohandel.ch\/de\/?s={search_term_string}"},"query-input":{"@type":"PropertyValueSpecification","valueRequired":true,"valueName":"search_term_string"}}],"inLanguage":"de"},{"@type":"Organization","@id":"https:\/\/www.zoohandel.ch\/de\/#organization","name":"zoohandel.ch","url":"https:\/\/www.zoohandel.ch\/de\/","logo":{"@type":"ImageObject","inLanguage":"de","@id":"https:\/\/www.zoohandel.ch\/de\/#\/schema\/logo\/image\/","url":"https:\/\/www.zoohandel.ch\/wp-content\/uploads\/zoohandel-ch.png","contentUrl":"https:\/\/www.zoohandel.ch\/wp-content\/uploads\/zoohandel-ch.png","width":575,"height":171,"caption":"zoohandel.ch"},"image":{"@id":"https:\/\/www.zoohandel.ch\/de\/#\/schema\/logo\/image\/"}}]}},"tiered_pricing_type":"fixed","tiered_pricing_fixed_rules":[],"tiered_pricing_product_settings":{"layout":"default","base_unit_name":{"singular":null,"plural":null},"default_variation":null},"tiered_pricing_minimum_quantity":null,"tiered_pricing_roles_data":[],"tiered_pricing_percentage_rules":[],"_links":{"self":[{"href":"https:\/\/www.zoohandel.ch\/de\/wp-json\/wp\/v2\/product\/197289","targetHints":{"allow":["GET"]}}],"collection":[{"href":"https:\/\/www.zoohandel.ch\/de\/wp-json\/wp\/v2\/product"}],"about":[{"href":"https:\/\/www.zoohandel.ch\/de\/wp-json\/wp\/v2\/types\/product"}],"wp:featuredmedia":[{"embeddable":true,"href":"https:\/\/www.zoohandel.ch\/de\/wp-json\/wp\/v2\/media\/536646"}],"wp:attachment":[{"href":"https:\/\/www.zoohandel.ch\/de\/wp-json\/wp\/v2\/media?parent=197289"}],"wp:term":[{"taxonomy":"product_brand","embeddable":true,"href":"https:\/\/www.zoohandel.ch\/de\/wp-json\/wp\/v2\/product_brand?post=197289"},{"taxonomy":"product_cat","embeddable":true,"href":"https:\/\/www.zoohandel.ch\/de\/wp-json\/wp\/v2\/product_cat?post=197289"},{"taxonomy":"product_tag","embeddable":true,"href":"https:\/\/www.zoohandel.ch\/de\/wp-json\/wp\/v2\/product_tag?post=197289"}],"curies":[{"name":"wp","href":"https:\/\/api.w.org\/{rel}","templated":true}]}}