{"id":201551,"date":"2017-10-17T00:00:00","date_gmt":"2017-10-16T22:00:00","guid":{"rendered":"https:\/\/www.alfauna.ch.vasco.sui-inter.net\/shop\/unkategorisiert\/natura-futterhaus-mit-staender-2-kts\/"},"modified":"2026-04-17T05:31:27","modified_gmt":"2026-04-17T03:31:27","slug":"natura-futterhaus-mit-staender-2-kts-46x35x46cm-135m","status":"publish","type":"product","link":"https:\/\/www.zoohandel.ch\/de\/shop\/gartentiere\/voegel\/futterhaeuser\/natura-futterhaus-mit-staender-2-kts-46x35x46cm-135m\/","title":{"rendered":"natura Futterhaus mit St\u00e4nder, 2 Kts."},"content":{"rendered":"<p>4 herausnehmbare Futterkammern halten das Futter sauber und trocken<br \/>\nFutterkammern erm\u00f6glichen das Angebot verschiedener Futtersorten<br \/>\n8 Sitzstangen, auch als Meisenkn\u00f6delhalter nutzbar<br \/>\nextra Futtertisch f\u00fcr bodenfressende V\u00f6gel<br \/>\nmit Dach\u00fcbersta<\/p>\n","protected":false},"excerpt":{"rendered":"<p>4 herausnehmbare Futterkammern halten das Futter sauber und trocken Futterkammern erm\u00f6glichen das Angebot verschiedener Futtersorten 8 Sitzstangen, auch als Meisenkn\u00f6delhalter nutzbar extra Futtertisch f\u00fcr bodenfressende V\u00f6gel mit Dach\u00fcbersta<\/p>\n","protected":false},"featured_media":547682,"template":"","meta":{"_acf_changed":false},"product_brand":[],"product_cat":[3749,3744,3747],"product_tag":[],"class_list":{"0":"post-201551","1":"product","2":"type-product","3":"status-publish","4":"has-post-thumbnail","6":"product_cat-futterhaeuser","7":"product_cat-gartentiere","8":"product_cat-voegel","10":"first","11":"instock","12":"taxable","13":"shipping-taxable","14":"purchasable","15":"product-type-simple"},"acf":[],"yoast_head":"<!-- This site is optimized with the Yoast SEO plugin v25.8 - https:\/\/yoast.com\/wordpress\/plugins\/seo\/ -->\n<title>natura Futterhaus mit St\u00e4nder, 2 Kts. - zoohandel.ch<\/title>\n<meta name=\"robots\" content=\"index, follow, max-snippet:-1, max-image-preview:large, max-video-preview:-1\" \/>\n<link rel=\"canonical\" href=\"https:\/\/www.zoohandel.ch\/de\/shop\/gartentiere\/voegel\/futterhaeuser\/natura-futterhaus-mit-staender-2-kts-46x35x46cm-135m\/\" \/>\n<meta property=\"og:locale\" content=\"de_DE\" \/>\n<meta property=\"og:type\" content=\"article\" \/>\n<meta property=\"og:title\" content=\"natura Futterhaus mit St\u00e4nder, 2 Kts. - zoohandel.ch\" \/>\n<meta property=\"og:description\" content=\"4 herausnehmbare Futterkammern halten das Futter sauber und trocken Futterkammern erm\u00f6glichen das Angebot verschiedener Futtersorten 8 Sitzstangen, auch als Meisenkn\u00f6delhalter nutzbar extra Futtertisch f\u00fcr bodenfressende V\u00f6gel mit Dach\u00fcbersta\" \/>\n<meta property=\"og:url\" content=\"https:\/\/www.zoohandel.ch\/de\/shop\/gartentiere\/voegel\/futterhaeuser\/natura-futterhaus-mit-staender-2-kts-46x35x46cm-135m\/\" \/>\n<meta property=\"og:site_name\" content=\"zoohandel.ch\" \/>\n<meta property=\"article:modified_time\" content=\"2026-04-17T03:31:27+00:00\" \/>\n<meta property=\"og:image\" content=\"https:\/\/www.zoohandel.ch\/wp-content\/uploads\/2024\/04\/T55810_gr.jpg\" \/>\n\t<meta property=\"og:image:width\" content=\"492\" \/>\n\t<meta property=\"og:image:height\" content=\"1200\" \/>\n\t<meta property=\"og:image:type\" content=\"image\/jpeg\" \/>\n<meta name=\"twitter:card\" content=\"summary_large_image\" \/>\n<script type=\"application\/ld+json\" class=\"yoast-schema-graph\">{\"@context\":\"https:\/\/schema.org\",\"@graph\":[{\"@type\":\"WebPage\",\"@id\":\"https:\/\/www.zoohandel.ch\/de\/shop\/gartentiere\/voegel\/futterhaeuser\/natura-futterhaus-mit-staender-2-kts-46x35x46cm-135m\/\",\"url\":\"https:\/\/www.zoohandel.ch\/de\/shop\/gartentiere\/voegel\/futterhaeuser\/natura-futterhaus-mit-staender-2-kts-46x35x46cm-135m\/\",\"name\":\"natura Futterhaus mit St\u00e4nder, 2 Kts. - zoohandel.ch\",\"isPartOf\":{\"@id\":\"https:\/\/www.zoohandel.ch\/de\/#website\"},\"primaryImageOfPage\":{\"@id\":\"https:\/\/www.zoohandel.ch\/de\/shop\/gartentiere\/voegel\/futterhaeuser\/natura-futterhaus-mit-staender-2-kts-46x35x46cm-135m\/#primaryimage\"},\"image\":{\"@id\":\"https:\/\/www.zoohandel.ch\/de\/shop\/gartentiere\/voegel\/futterhaeuser\/natura-futterhaus-mit-staender-2-kts-46x35x46cm-135m\/#primaryimage\"},\"thumbnailUrl\":\"https:\/\/www.zoohandel.ch\/wp-content\/uploads\/2024\/04\/T55810_gr.jpg\",\"datePublished\":\"2017-10-16T22:00:00+00:00\",\"dateModified\":\"2026-04-17T03:31:27+00:00\",\"breadcrumb\":{\"@id\":\"https:\/\/www.zoohandel.ch\/de\/shop\/gartentiere\/voegel\/futterhaeuser\/natura-futterhaus-mit-staender-2-kts-46x35x46cm-135m\/#breadcrumb\"},\"inLanguage\":\"de\",\"potentialAction\":[{\"@type\":\"ReadAction\",\"target\":[\"https:\/\/www.zoohandel.ch\/de\/shop\/gartentiere\/voegel\/futterhaeuser\/natura-futterhaus-mit-staender-2-kts-46x35x46cm-135m\/\"]}]},{\"@type\":\"ImageObject\",\"inLanguage\":\"de\",\"@id\":\"https:\/\/www.zoohandel.ch\/de\/shop\/gartentiere\/voegel\/futterhaeuser\/natura-futterhaus-mit-staender-2-kts-46x35x46cm-135m\/#primaryimage\",\"url\":\"https:\/\/www.zoohandel.ch\/wp-content\/uploads\/2024\/04\/T55810_gr.jpg\",\"contentUrl\":\"https:\/\/www.zoohandel.ch\/wp-content\/uploads\/2024\/04\/T55810_gr.jpg\",\"width\":492,\"height\":1200},{\"@type\":\"BreadcrumbList\",\"@id\":\"https:\/\/www.zoohandel.ch\/de\/shop\/gartentiere\/voegel\/futterhaeuser\/natura-futterhaus-mit-staender-2-kts-46x35x46cm-135m\/#breadcrumb\",\"itemListElement\":[{\"@type\":\"ListItem\",\"position\":1,\"name\":\"Startseite\",\"item\":\"https:\/\/www.zoohandel.ch\/de\/\"},{\"@type\":\"ListItem\",\"position\":2,\"name\":\"Shop\",\"item\":\"https:\/\/www.zoohandel.ch\/de\/online-shop-ueber-saemtliche-tierartikel\/\"},{\"@type\":\"ListItem\",\"position\":3,\"name\":\"natura Futterhaus mit St\u00e4nder, 2 Kts.\"}]},{\"@type\":\"WebSite\",\"@id\":\"https:\/\/www.zoohandel.ch\/de\/#website\",\"url\":\"https:\/\/www.zoohandel.ch\/de\/\",\"name\":\"zoohandel.ch\",\"description\":\"Das Beste f\u00fcr Ihre Lieblinge\",\"publisher\":{\"@id\":\"https:\/\/www.zoohandel.ch\/de\/#organization\"},\"potentialAction\":[{\"@type\":\"SearchAction\",\"target\":{\"@type\":\"EntryPoint\",\"urlTemplate\":\"https:\/\/www.zoohandel.ch\/de\/?s={search_term_string}\"},\"query-input\":{\"@type\":\"PropertyValueSpecification\",\"valueRequired\":true,\"valueName\":\"search_term_string\"}}],\"inLanguage\":\"de\"},{\"@type\":\"Organization\",\"@id\":\"https:\/\/www.zoohandel.ch\/de\/#organization\",\"name\":\"zoohandel.ch\",\"url\":\"https:\/\/www.zoohandel.ch\/de\/\",\"logo\":{\"@type\":\"ImageObject\",\"inLanguage\":\"de\",\"@id\":\"https:\/\/www.zoohandel.ch\/de\/#\/schema\/logo\/image\/\",\"url\":\"https:\/\/www.zoohandel.ch\/wp-content\/uploads\/zoohandel-ch.png\",\"contentUrl\":\"https:\/\/www.zoohandel.ch\/wp-content\/uploads\/zoohandel-ch.png\",\"width\":575,\"height\":171,\"caption\":\"zoohandel.ch\"},\"image\":{\"@id\":\"https:\/\/www.zoohandel.ch\/de\/#\/schema\/logo\/image\/\"}}]}<\/script>\n<!-- \/ Yoast SEO plugin. -->","yoast_head_json":{"title":"natura Futterhaus mit St\u00e4nder, 2 Kts. - zoohandel.ch","robots":{"index":"index","follow":"follow","max-snippet":"max-snippet:-1","max-image-preview":"max-image-preview:large","max-video-preview":"max-video-preview:-1"},"canonical":"https:\/\/www.zoohandel.ch\/de\/shop\/gartentiere\/voegel\/futterhaeuser\/natura-futterhaus-mit-staender-2-kts-46x35x46cm-135m\/","og_locale":"de_DE","og_type":"article","og_title":"natura Futterhaus mit St\u00e4nder, 2 Kts. - zoohandel.ch","og_description":"4 herausnehmbare Futterkammern halten das Futter sauber und trocken Futterkammern erm\u00f6glichen das Angebot verschiedener Futtersorten 8 Sitzstangen, auch als Meisenkn\u00f6delhalter nutzbar extra Futtertisch f\u00fcr bodenfressende V\u00f6gel mit Dach\u00fcbersta","og_url":"https:\/\/www.zoohandel.ch\/de\/shop\/gartentiere\/voegel\/futterhaeuser\/natura-futterhaus-mit-staender-2-kts-46x35x46cm-135m\/","og_site_name":"zoohandel.ch","article_modified_time":"2026-04-17T03:31:27+00:00","og_image":[{"width":492,"height":1200,"url":"https:\/\/www.zoohandel.ch\/wp-content\/uploads\/2024\/04\/T55810_gr.jpg","type":"image\/jpeg"}],"twitter_card":"summary_large_image","schema":{"@context":"https:\/\/schema.org","@graph":[{"@type":"WebPage","@id":"https:\/\/www.zoohandel.ch\/de\/shop\/gartentiere\/voegel\/futterhaeuser\/natura-futterhaus-mit-staender-2-kts-46x35x46cm-135m\/","url":"https:\/\/www.zoohandel.ch\/de\/shop\/gartentiere\/voegel\/futterhaeuser\/natura-futterhaus-mit-staender-2-kts-46x35x46cm-135m\/","name":"natura Futterhaus mit St\u00e4nder, 2 Kts. - zoohandel.ch","isPartOf":{"@id":"https:\/\/www.zoohandel.ch\/de\/#website"},"primaryImageOfPage":{"@id":"https:\/\/www.zoohandel.ch\/de\/shop\/gartentiere\/voegel\/futterhaeuser\/natura-futterhaus-mit-staender-2-kts-46x35x46cm-135m\/#primaryimage"},"image":{"@id":"https:\/\/www.zoohandel.ch\/de\/shop\/gartentiere\/voegel\/futterhaeuser\/natura-futterhaus-mit-staender-2-kts-46x35x46cm-135m\/#primaryimage"},"thumbnailUrl":"https:\/\/www.zoohandel.ch\/wp-content\/uploads\/2024\/04\/T55810_gr.jpg","datePublished":"2017-10-16T22:00:00+00:00","dateModified":"2026-04-17T03:31:27+00:00","breadcrumb":{"@id":"https:\/\/www.zoohandel.ch\/de\/shop\/gartentiere\/voegel\/futterhaeuser\/natura-futterhaus-mit-staender-2-kts-46x35x46cm-135m\/#breadcrumb"},"inLanguage":"de","potentialAction":[{"@type":"ReadAction","target":["https:\/\/www.zoohandel.ch\/de\/shop\/gartentiere\/voegel\/futterhaeuser\/natura-futterhaus-mit-staender-2-kts-46x35x46cm-135m\/"]}]},{"@type":"ImageObject","inLanguage":"de","@id":"https:\/\/www.zoohandel.ch\/de\/shop\/gartentiere\/voegel\/futterhaeuser\/natura-futterhaus-mit-staender-2-kts-46x35x46cm-135m\/#primaryimage","url":"https:\/\/www.zoohandel.ch\/wp-content\/uploads\/2024\/04\/T55810_gr.jpg","contentUrl":"https:\/\/www.zoohandel.ch\/wp-content\/uploads\/2024\/04\/T55810_gr.jpg","width":492,"height":1200},{"@type":"BreadcrumbList","@id":"https:\/\/www.zoohandel.ch\/de\/shop\/gartentiere\/voegel\/futterhaeuser\/natura-futterhaus-mit-staender-2-kts-46x35x46cm-135m\/#breadcrumb","itemListElement":[{"@type":"ListItem","position":1,"name":"Startseite","item":"https:\/\/www.zoohandel.ch\/de\/"},{"@type":"ListItem","position":2,"name":"Shop","item":"https:\/\/www.zoohandel.ch\/de\/online-shop-ueber-saemtliche-tierartikel\/"},{"@type":"ListItem","position":3,"name":"natura Futterhaus mit St\u00e4nder, 2 Kts."}]},{"@type":"WebSite","@id":"https:\/\/www.zoohandel.ch\/de\/#website","url":"https:\/\/www.zoohandel.ch\/de\/","name":"zoohandel.ch","description":"Das Beste f\u00fcr Ihre Lieblinge","publisher":{"@id":"https:\/\/www.zoohandel.ch\/de\/#organization"},"potentialAction":[{"@type":"SearchAction","target":{"@type":"EntryPoint","urlTemplate":"https:\/\/www.zoohandel.ch\/de\/?s={search_term_string}"},"query-input":{"@type":"PropertyValueSpecification","valueRequired":true,"valueName":"search_term_string"}}],"inLanguage":"de"},{"@type":"Organization","@id":"https:\/\/www.zoohandel.ch\/de\/#organization","name":"zoohandel.ch","url":"https:\/\/www.zoohandel.ch\/de\/","logo":{"@type":"ImageObject","inLanguage":"de","@id":"https:\/\/www.zoohandel.ch\/de\/#\/schema\/logo\/image\/","url":"https:\/\/www.zoohandel.ch\/wp-content\/uploads\/zoohandel-ch.png","contentUrl":"https:\/\/www.zoohandel.ch\/wp-content\/uploads\/zoohandel-ch.png","width":575,"height":171,"caption":"zoohandel.ch"},"image":{"@id":"https:\/\/www.zoohandel.ch\/de\/#\/schema\/logo\/image\/"}}]}},"tiered_pricing_type":"fixed","tiered_pricing_fixed_rules":[],"tiered_pricing_product_settings":{"layout":"default","base_unit_name":{"singular":null,"plural":null},"default_variation":null},"tiered_pricing_minimum_quantity":null,"tiered_pricing_roles_data":[],"tiered_pricing_percentage_rules":[],"_links":{"self":[{"href":"https:\/\/www.zoohandel.ch\/de\/wp-json\/wp\/v2\/product\/201551","targetHints":{"allow":["GET"]}}],"collection":[{"href":"https:\/\/www.zoohandel.ch\/de\/wp-json\/wp\/v2\/product"}],"about":[{"href":"https:\/\/www.zoohandel.ch\/de\/wp-json\/wp\/v2\/types\/product"}],"wp:featuredmedia":[{"embeddable":true,"href":"https:\/\/www.zoohandel.ch\/de\/wp-json\/wp\/v2\/media\/547682"}],"wp:attachment":[{"href":"https:\/\/www.zoohandel.ch\/de\/wp-json\/wp\/v2\/media?parent=201551"}],"wp:term":[{"taxonomy":"product_brand","embeddable":true,"href":"https:\/\/www.zoohandel.ch\/de\/wp-json\/wp\/v2\/product_brand?post=201551"},{"taxonomy":"product_cat","embeddable":true,"href":"https:\/\/www.zoohandel.ch\/de\/wp-json\/wp\/v2\/product_cat?post=201551"},{"taxonomy":"product_tag","embeddable":true,"href":"https:\/\/www.zoohandel.ch\/de\/wp-json\/wp\/v2\/product_tag?post=201551"}],"curies":[{"name":"wp","href":"https:\/\/api.w.org\/{rel}","templated":true}]}}