{"id":201858,"date":"2013-12-12T00:00:00","date_gmt":"2013-12-11T23:00:00","guid":{"rendered":"https:\/\/www.alfauna.ch.vasco.sui-inter.net\/shop\/unkategorisiert\/hamsterleiterholz27-5x7cm\/"},"modified":"2026-04-27T05:41:46","modified_gmt":"2026-04-27T03:41:46","slug":"hamsterleiterholz27-5x7cm-20stuf","status":"publish","type":"product","link":"https:\/\/www.zoohandel.ch\/de\/shop\/nagetiere-kaninchen\/einrichtung\/bruecken-tunnel\/hamsterleiterholz27-5x7cm-20stuf\/","title":{"rendered":"Hamsterleiter,Holz,27.5x7cm"},"content":{"rendered":"<p>flexibel<br \/>\nzum Einh\u00e4ngen<br \/>\nRindenholz <\/p>\n<p>Wir legen viel Wert auf die Gesundheit Ihres Tieres. Aus diesem Grund bestehen unsere Natural Living Artikel aus Nadelh\u00f6lzern ohne Harzkan\u00e4le. Harz ist giftig f\u00fcr Tiere. Die von uns genutzten H\u00f6lzer harzen nicht<\/p>\n","protected":false},"excerpt":{"rendered":"<p>flexibel zum Einh\u00e4ngen Rindenholz Wir legen viel Wert auf die Gesundheit Ihres Tieres. Aus diesem Grund bestehen unsere Natural Living Artikel aus Nadelh\u00f6lzern ohne Harzkan\u00e4le. Harz ist giftig f\u00fcr Tiere. Die von uns genutzten H\u00f6lzer harzen nicht<\/p>\n","protected":false},"featured_media":548610,"template":"","meta":{"_acf_changed":false},"product_brand":[],"product_cat":[3742,3600,2605],"product_tag":[],"class_list":{"0":"post-201858","1":"product","2":"type-product","3":"status-publish","4":"has-post-thumbnail","6":"product_cat-bruecken-tunnel","7":"product_cat-einrichtung","8":"product_cat-nagetiere-kaninchen","10":"first","11":"instock","12":"taxable","13":"shipping-taxable","14":"purchasable","15":"product-type-simple"},"acf":[],"yoast_head":"<!-- This site is optimized with the Yoast SEO plugin v25.8 - https:\/\/yoast.com\/wordpress\/plugins\/seo\/ -->\n<title>Hamsterleiter,Holz,27.5x7cm - zoohandel.ch<\/title>\n<meta name=\"robots\" content=\"index, follow, max-snippet:-1, max-image-preview:large, max-video-preview:-1\" \/>\n<link rel=\"canonical\" href=\"https:\/\/www.zoohandel.ch\/de\/shop\/nagetiere-kaninchen\/einrichtung\/bruecken-tunnel\/hamsterleiterholz27-5x7cm-20stuf\/\" \/>\n<meta property=\"og:locale\" content=\"de_DE\" \/>\n<meta property=\"og:type\" content=\"article\" \/>\n<meta property=\"og:title\" content=\"Hamsterleiter,Holz,27.5x7cm - zoohandel.ch\" \/>\n<meta property=\"og:description\" content=\"flexibel zum Einh\u00e4ngen Rindenholz Wir legen viel Wert auf die Gesundheit Ihres Tieres. Aus diesem Grund bestehen unsere Natural Living Artikel aus Nadelh\u00f6lzern ohne Harzkan\u00e4le. Harz ist giftig f\u00fcr Tiere. Die von uns genutzten H\u00f6lzer harzen nicht\" \/>\n<meta property=\"og:url\" content=\"https:\/\/www.zoohandel.ch\/de\/shop\/nagetiere-kaninchen\/einrichtung\/bruecken-tunnel\/hamsterleiterholz27-5x7cm-20stuf\/\" \/>\n<meta property=\"og:site_name\" content=\"zoohandel.ch\" \/>\n<meta property=\"article:modified_time\" content=\"2026-04-27T03:41:46+00:00\" \/>\n<meta property=\"og:image\" content=\"https:\/\/www.zoohandel.ch\/wp-content\/uploads\/2024\/04\/T6106_gr.jpg\" \/>\n\t<meta property=\"og:image:width\" content=\"1286\" \/>\n\t<meta property=\"og:image:height\" content=\"1200\" \/>\n\t<meta property=\"og:image:type\" content=\"image\/jpeg\" \/>\n<meta name=\"twitter:card\" content=\"summary_large_image\" \/>\n<script type=\"application\/ld+json\" class=\"yoast-schema-graph\">{\"@context\":\"https:\/\/schema.org\",\"@graph\":[{\"@type\":\"WebPage\",\"@id\":\"https:\/\/www.zoohandel.ch\/de\/shop\/nagetiere-kaninchen\/einrichtung\/bruecken-tunnel\/hamsterleiterholz27-5x7cm-20stuf\/\",\"url\":\"https:\/\/www.zoohandel.ch\/de\/shop\/nagetiere-kaninchen\/einrichtung\/bruecken-tunnel\/hamsterleiterholz27-5x7cm-20stuf\/\",\"name\":\"Hamsterleiter,Holz,27.5x7cm - zoohandel.ch\",\"isPartOf\":{\"@id\":\"https:\/\/www.zoohandel.ch\/de\/#website\"},\"primaryImageOfPage\":{\"@id\":\"https:\/\/www.zoohandel.ch\/de\/shop\/nagetiere-kaninchen\/einrichtung\/bruecken-tunnel\/hamsterleiterholz27-5x7cm-20stuf\/#primaryimage\"},\"image\":{\"@id\":\"https:\/\/www.zoohandel.ch\/de\/shop\/nagetiere-kaninchen\/einrichtung\/bruecken-tunnel\/hamsterleiterholz27-5x7cm-20stuf\/#primaryimage\"},\"thumbnailUrl\":\"https:\/\/www.zoohandel.ch\/wp-content\/uploads\/2024\/04\/T6106_gr.jpg\",\"datePublished\":\"2013-12-11T23:00:00+00:00\",\"dateModified\":\"2026-04-27T03:41:46+00:00\",\"breadcrumb\":{\"@id\":\"https:\/\/www.zoohandel.ch\/de\/shop\/nagetiere-kaninchen\/einrichtung\/bruecken-tunnel\/hamsterleiterholz27-5x7cm-20stuf\/#breadcrumb\"},\"inLanguage\":\"de\",\"potentialAction\":[{\"@type\":\"ReadAction\",\"target\":[\"https:\/\/www.zoohandel.ch\/de\/shop\/nagetiere-kaninchen\/einrichtung\/bruecken-tunnel\/hamsterleiterholz27-5x7cm-20stuf\/\"]}]},{\"@type\":\"ImageObject\",\"inLanguage\":\"de\",\"@id\":\"https:\/\/www.zoohandel.ch\/de\/shop\/nagetiere-kaninchen\/einrichtung\/bruecken-tunnel\/hamsterleiterholz27-5x7cm-20stuf\/#primaryimage\",\"url\":\"https:\/\/www.zoohandel.ch\/wp-content\/uploads\/2024\/04\/T6106_gr.jpg\",\"contentUrl\":\"https:\/\/www.zoohandel.ch\/wp-content\/uploads\/2024\/04\/T6106_gr.jpg\",\"width\":1286,\"height\":1200},{\"@type\":\"BreadcrumbList\",\"@id\":\"https:\/\/www.zoohandel.ch\/de\/shop\/nagetiere-kaninchen\/einrichtung\/bruecken-tunnel\/hamsterleiterholz27-5x7cm-20stuf\/#breadcrumb\",\"itemListElement\":[{\"@type\":\"ListItem\",\"position\":1,\"name\":\"Startseite\",\"item\":\"https:\/\/www.zoohandel.ch\/de\/\"},{\"@type\":\"ListItem\",\"position\":2,\"name\":\"Shop\",\"item\":\"https:\/\/www.zoohandel.ch\/de\/online-shop-ueber-saemtliche-tierartikel\/\"},{\"@type\":\"ListItem\",\"position\":3,\"name\":\"Hamsterleiter,Holz,27.5x7cm\"}]},{\"@type\":\"WebSite\",\"@id\":\"https:\/\/www.zoohandel.ch\/de\/#website\",\"url\":\"https:\/\/www.zoohandel.ch\/de\/\",\"name\":\"zoohandel.ch\",\"description\":\"Das Beste f\u00fcr Ihre Lieblinge\",\"publisher\":{\"@id\":\"https:\/\/www.zoohandel.ch\/de\/#organization\"},\"potentialAction\":[{\"@type\":\"SearchAction\",\"target\":{\"@type\":\"EntryPoint\",\"urlTemplate\":\"https:\/\/www.zoohandel.ch\/de\/?s={search_term_string}\"},\"query-input\":{\"@type\":\"PropertyValueSpecification\",\"valueRequired\":true,\"valueName\":\"search_term_string\"}}],\"inLanguage\":\"de\"},{\"@type\":\"Organization\",\"@id\":\"https:\/\/www.zoohandel.ch\/de\/#organization\",\"name\":\"zoohandel.ch\",\"url\":\"https:\/\/www.zoohandel.ch\/de\/\",\"logo\":{\"@type\":\"ImageObject\",\"inLanguage\":\"de\",\"@id\":\"https:\/\/www.zoohandel.ch\/de\/#\/schema\/logo\/image\/\",\"url\":\"https:\/\/www.zoohandel.ch\/wp-content\/uploads\/zoohandel-ch.png\",\"contentUrl\":\"https:\/\/www.zoohandel.ch\/wp-content\/uploads\/zoohandel-ch.png\",\"width\":575,\"height\":171,\"caption\":\"zoohandel.ch\"},\"image\":{\"@id\":\"https:\/\/www.zoohandel.ch\/de\/#\/schema\/logo\/image\/\"}}]}<\/script>\n<!-- \/ Yoast SEO plugin. -->","yoast_head_json":{"title":"Hamsterleiter,Holz,27.5x7cm - zoohandel.ch","robots":{"index":"index","follow":"follow","max-snippet":"max-snippet:-1","max-image-preview":"max-image-preview:large","max-video-preview":"max-video-preview:-1"},"canonical":"https:\/\/www.zoohandel.ch\/de\/shop\/nagetiere-kaninchen\/einrichtung\/bruecken-tunnel\/hamsterleiterholz27-5x7cm-20stuf\/","og_locale":"de_DE","og_type":"article","og_title":"Hamsterleiter,Holz,27.5x7cm - zoohandel.ch","og_description":"flexibel zum Einh\u00e4ngen Rindenholz Wir legen viel Wert auf die Gesundheit Ihres Tieres. Aus diesem Grund bestehen unsere Natural Living Artikel aus Nadelh\u00f6lzern ohne Harzkan\u00e4le. Harz ist giftig f\u00fcr Tiere. Die von uns genutzten H\u00f6lzer harzen nicht","og_url":"https:\/\/www.zoohandel.ch\/de\/shop\/nagetiere-kaninchen\/einrichtung\/bruecken-tunnel\/hamsterleiterholz27-5x7cm-20stuf\/","og_site_name":"zoohandel.ch","article_modified_time":"2026-04-27T03:41:46+00:00","og_image":[{"width":1286,"height":1200,"url":"https:\/\/www.zoohandel.ch\/wp-content\/uploads\/2024\/04\/T6106_gr.jpg","type":"image\/jpeg"}],"twitter_card":"summary_large_image","schema":{"@context":"https:\/\/schema.org","@graph":[{"@type":"WebPage","@id":"https:\/\/www.zoohandel.ch\/de\/shop\/nagetiere-kaninchen\/einrichtung\/bruecken-tunnel\/hamsterleiterholz27-5x7cm-20stuf\/","url":"https:\/\/www.zoohandel.ch\/de\/shop\/nagetiere-kaninchen\/einrichtung\/bruecken-tunnel\/hamsterleiterholz27-5x7cm-20stuf\/","name":"Hamsterleiter,Holz,27.5x7cm - zoohandel.ch","isPartOf":{"@id":"https:\/\/www.zoohandel.ch\/de\/#website"},"primaryImageOfPage":{"@id":"https:\/\/www.zoohandel.ch\/de\/shop\/nagetiere-kaninchen\/einrichtung\/bruecken-tunnel\/hamsterleiterholz27-5x7cm-20stuf\/#primaryimage"},"image":{"@id":"https:\/\/www.zoohandel.ch\/de\/shop\/nagetiere-kaninchen\/einrichtung\/bruecken-tunnel\/hamsterleiterholz27-5x7cm-20stuf\/#primaryimage"},"thumbnailUrl":"https:\/\/www.zoohandel.ch\/wp-content\/uploads\/2024\/04\/T6106_gr.jpg","datePublished":"2013-12-11T23:00:00+00:00","dateModified":"2026-04-27T03:41:46+00:00","breadcrumb":{"@id":"https:\/\/www.zoohandel.ch\/de\/shop\/nagetiere-kaninchen\/einrichtung\/bruecken-tunnel\/hamsterleiterholz27-5x7cm-20stuf\/#breadcrumb"},"inLanguage":"de","potentialAction":[{"@type":"ReadAction","target":["https:\/\/www.zoohandel.ch\/de\/shop\/nagetiere-kaninchen\/einrichtung\/bruecken-tunnel\/hamsterleiterholz27-5x7cm-20stuf\/"]}]},{"@type":"ImageObject","inLanguage":"de","@id":"https:\/\/www.zoohandel.ch\/de\/shop\/nagetiere-kaninchen\/einrichtung\/bruecken-tunnel\/hamsterleiterholz27-5x7cm-20stuf\/#primaryimage","url":"https:\/\/www.zoohandel.ch\/wp-content\/uploads\/2024\/04\/T6106_gr.jpg","contentUrl":"https:\/\/www.zoohandel.ch\/wp-content\/uploads\/2024\/04\/T6106_gr.jpg","width":1286,"height":1200},{"@type":"BreadcrumbList","@id":"https:\/\/www.zoohandel.ch\/de\/shop\/nagetiere-kaninchen\/einrichtung\/bruecken-tunnel\/hamsterleiterholz27-5x7cm-20stuf\/#breadcrumb","itemListElement":[{"@type":"ListItem","position":1,"name":"Startseite","item":"https:\/\/www.zoohandel.ch\/de\/"},{"@type":"ListItem","position":2,"name":"Shop","item":"https:\/\/www.zoohandel.ch\/de\/online-shop-ueber-saemtliche-tierartikel\/"},{"@type":"ListItem","position":3,"name":"Hamsterleiter,Holz,27.5x7cm"}]},{"@type":"WebSite","@id":"https:\/\/www.zoohandel.ch\/de\/#website","url":"https:\/\/www.zoohandel.ch\/de\/","name":"zoohandel.ch","description":"Das Beste f\u00fcr Ihre Lieblinge","publisher":{"@id":"https:\/\/www.zoohandel.ch\/de\/#organization"},"potentialAction":[{"@type":"SearchAction","target":{"@type":"EntryPoint","urlTemplate":"https:\/\/www.zoohandel.ch\/de\/?s={search_term_string}"},"query-input":{"@type":"PropertyValueSpecification","valueRequired":true,"valueName":"search_term_string"}}],"inLanguage":"de"},{"@type":"Organization","@id":"https:\/\/www.zoohandel.ch\/de\/#organization","name":"zoohandel.ch","url":"https:\/\/www.zoohandel.ch\/de\/","logo":{"@type":"ImageObject","inLanguage":"de","@id":"https:\/\/www.zoohandel.ch\/de\/#\/schema\/logo\/image\/","url":"https:\/\/www.zoohandel.ch\/wp-content\/uploads\/zoohandel-ch.png","contentUrl":"https:\/\/www.zoohandel.ch\/wp-content\/uploads\/zoohandel-ch.png","width":575,"height":171,"caption":"zoohandel.ch"},"image":{"@id":"https:\/\/www.zoohandel.ch\/de\/#\/schema\/logo\/image\/"}}]}},"tiered_pricing_type":"fixed","tiered_pricing_fixed_rules":[],"tiered_pricing_product_settings":{"layout":"default","base_unit_name":{"singular":null,"plural":null},"default_variation":null},"tiered_pricing_minimum_quantity":null,"tiered_pricing_roles_data":[],"tiered_pricing_percentage_rules":[],"_links":{"self":[{"href":"https:\/\/www.zoohandel.ch\/de\/wp-json\/wp\/v2\/product\/201858","targetHints":{"allow":["GET"]}}],"collection":[{"href":"https:\/\/www.zoohandel.ch\/de\/wp-json\/wp\/v2\/product"}],"about":[{"href":"https:\/\/www.zoohandel.ch\/de\/wp-json\/wp\/v2\/types\/product"}],"wp:featuredmedia":[{"embeddable":true,"href":"https:\/\/www.zoohandel.ch\/de\/wp-json\/wp\/v2\/media\/548610"}],"wp:attachment":[{"href":"https:\/\/www.zoohandel.ch\/de\/wp-json\/wp\/v2\/media?parent=201858"}],"wp:term":[{"taxonomy":"product_brand","embeddable":true,"href":"https:\/\/www.zoohandel.ch\/de\/wp-json\/wp\/v2\/product_brand?post=201858"},{"taxonomy":"product_cat","embeddable":true,"href":"https:\/\/www.zoohandel.ch\/de\/wp-json\/wp\/v2\/product_cat?post=201858"},{"taxonomy":"product_tag","embeddable":true,"href":"https:\/\/www.zoohandel.ch\/de\/wp-json\/wp\/v2\/product_tag?post=201858"}],"curies":[{"name":"wp","href":"https:\/\/api.w.org\/{rel}","templated":true}]}}