{"id":202359,"date":"2021-06-04T00:00:00","date_gmt":"2021-06-03T22:00:00","guid":{"rendered":"https:\/\/www.alfauna.ch.vasco.sui-inter.net\/shop\/unkategorisiert\/freilauf-m-netz-boden-zwergkaninchen-polyester-o-150x6\/"},"modified":"2026-04-25T00:48:15","modified_gmt":"2026-04-24T22:48:15","slug":"freilauf-m-netz-boden-zwergkaninchen-polyester-oe-150x6","status":"publish","type":"product","link":"https:\/\/www.zoohandel.ch\/de\/shop\/nagetiere-kaninchen\/gehege-staelle\/freilauf-m-netz-boden-zwergkaninchen-polyester-oe-150x6\/","title":{"rendered":"Freilauf m. Netz\/Boden, Zwergkaninchen, Polyester, \u00f8 150\u00d76"},"content":{"rendered":"<p>aus strapazierf\u00e4higem Polyester<br \/>\nideal f\u00fcr die Benutzung im Haus und Garten<br \/>\nsch\u00fctzt Kabel, Teppiche, M\u00f6bel usw. vor dem nat\u00fcrlichen Nagetrieb<br \/>\nGummierung sowie Seitenr\u00e4nder sch\u00fctzen vor Verunreinigungen sowie Bodenn\u00e4sse und -k\u00e4lte<br \/>\nBodeneinlage herausnehmbar<br \/>\nmit \u00d6ffnung zur Befestigung einer Tr\u00e4nke<br \/>\nmit zwei Seitentaschen<br \/>\nkann mithilfe von Schlaufen fixiert werden<br \/>\nabnehmbares Netz<br \/>\nzusammenfaltbar und platzsparend zu verstauen<br \/>\nmit Transporttasche<br \/>\nNetz und Nylonboden abnehmbar, Handw\u00e4sche bis 30 \u00b0C<\/p>\n","protected":false},"excerpt":{"rendered":"<p>aus strapazierf\u00e4higem Polyester ideal f\u00fcr die Benutzung im Haus und Garten sch\u00fctzt Kabel, Teppiche, M\u00f6bel usw. vor dem nat\u00fcrlichen Nagetrieb Gummierung sowie Seitenr\u00e4nder sch\u00fctzen vor Verunreinigungen sowie Bodenn\u00e4sse und -k\u00e4lte Bodeneinlage herausnehmbar mit \u00d6ffnung zur Befestigung einer Tr\u00e4nke mit zwei Seitentaschen kann mithilfe von Schlaufen fixiert werden abnehmbares Netz zusammenfaltbar und platzsparend zu verstauen mit<\/p>\n","protected":false},"featured_media":550956,"template":"","meta":{"_acf_changed":false},"product_brand":[],"product_cat":[3594,2605],"product_tag":[],"class_list":{"0":"post-202359","1":"product","2":"type-product","3":"status-publish","4":"has-post-thumbnail","6":"product_cat-gehege-staelle","7":"product_cat-nagetiere-kaninchen","9":"first","10":"instock","11":"taxable","12":"shipping-taxable","13":"purchasable","14":"product-type-simple"},"acf":[],"yoast_head":"<!-- This site is optimized with the Yoast SEO plugin v25.8 - https:\/\/yoast.com\/wordpress\/plugins\/seo\/ -->\n<title>Freilauf m. Netz\/Boden, Zwergkaninchen, Polyester, \u00f8 150\u00d76 - zoohandel.ch<\/title>\n<meta name=\"robots\" content=\"index, follow, max-snippet:-1, max-image-preview:large, max-video-preview:-1\" \/>\n<link rel=\"canonical\" href=\"https:\/\/www.zoohandel.ch\/de\/shop\/nagetiere-kaninchen\/gehege-staelle\/freilauf-m-netz-boden-zwergkaninchen-polyester-oe-150x6\/\" \/>\n<meta property=\"og:locale\" content=\"de_DE\" \/>\n<meta property=\"og:type\" content=\"article\" \/>\n<meta property=\"og:title\" content=\"Freilauf m. Netz\/Boden, Zwergkaninchen, Polyester, \u00f8 150\u00d76 - zoohandel.ch\" \/>\n<meta property=\"og:description\" content=\"aus strapazierf\u00e4higem Polyester ideal f\u00fcr die Benutzung im Haus und Garten sch\u00fctzt Kabel, Teppiche, M\u00f6bel usw. vor dem nat\u00fcrlichen Nagetrieb Gummierung sowie Seitenr\u00e4nder sch\u00fctzen vor Verunreinigungen sowie Bodenn\u00e4sse und -k\u00e4lte Bodeneinlage herausnehmbar mit \u00d6ffnung zur Befestigung einer Tr\u00e4nke mit zwei Seitentaschen kann mithilfe von Schlaufen fixiert werden abnehmbares Netz zusammenfaltbar und platzsparend zu verstauen mit\" \/>\n<meta property=\"og:url\" content=\"https:\/\/www.zoohandel.ch\/de\/shop\/nagetiere-kaninchen\/gehege-staelle\/freilauf-m-netz-boden-zwergkaninchen-polyester-oe-150x6\/\" \/>\n<meta property=\"og:site_name\" content=\"zoohandel.ch\" \/>\n<meta property=\"article:modified_time\" content=\"2026-04-24T22:48:15+00:00\" \/>\n<meta property=\"og:image\" content=\"https:\/\/www.zoohandel.ch\/wp-content\/uploads\/2024\/04\/T64055_gr.jpg\" \/>\n\t<meta property=\"og:image:width\" content=\"1600\" \/>\n\t<meta property=\"og:image:height\" content=\"1026\" \/>\n\t<meta property=\"og:image:type\" content=\"image\/jpeg\" \/>\n<meta name=\"twitter:card\" content=\"summary_large_image\" \/>\n<script type=\"application\/ld+json\" class=\"yoast-schema-graph\">{\"@context\":\"https:\/\/schema.org\",\"@graph\":[{\"@type\":\"WebPage\",\"@id\":\"https:\/\/www.zoohandel.ch\/de\/shop\/nagetiere-kaninchen\/gehege-staelle\/freilauf-m-netz-boden-zwergkaninchen-polyester-oe-150x6\/\",\"url\":\"https:\/\/www.zoohandel.ch\/de\/shop\/nagetiere-kaninchen\/gehege-staelle\/freilauf-m-netz-boden-zwergkaninchen-polyester-oe-150x6\/\",\"name\":\"Freilauf m. Netz\/Boden, Zwergkaninchen, Polyester, \u00f8 150\u00d76 - zoohandel.ch\",\"isPartOf\":{\"@id\":\"https:\/\/www.zoohandel.ch\/de\/#website\"},\"primaryImageOfPage\":{\"@id\":\"https:\/\/www.zoohandel.ch\/de\/shop\/nagetiere-kaninchen\/gehege-staelle\/freilauf-m-netz-boden-zwergkaninchen-polyester-oe-150x6\/#primaryimage\"},\"image\":{\"@id\":\"https:\/\/www.zoohandel.ch\/de\/shop\/nagetiere-kaninchen\/gehege-staelle\/freilauf-m-netz-boden-zwergkaninchen-polyester-oe-150x6\/#primaryimage\"},\"thumbnailUrl\":\"https:\/\/www.zoohandel.ch\/wp-content\/uploads\/2024\/04\/T64055_gr.jpg\",\"datePublished\":\"2021-06-03T22:00:00+00:00\",\"dateModified\":\"2026-04-24T22:48:15+00:00\",\"breadcrumb\":{\"@id\":\"https:\/\/www.zoohandel.ch\/de\/shop\/nagetiere-kaninchen\/gehege-staelle\/freilauf-m-netz-boden-zwergkaninchen-polyester-oe-150x6\/#breadcrumb\"},\"inLanguage\":\"de\",\"potentialAction\":[{\"@type\":\"ReadAction\",\"target\":[\"https:\/\/www.zoohandel.ch\/de\/shop\/nagetiere-kaninchen\/gehege-staelle\/freilauf-m-netz-boden-zwergkaninchen-polyester-oe-150x6\/\"]}]},{\"@type\":\"ImageObject\",\"inLanguage\":\"de\",\"@id\":\"https:\/\/www.zoohandel.ch\/de\/shop\/nagetiere-kaninchen\/gehege-staelle\/freilauf-m-netz-boden-zwergkaninchen-polyester-oe-150x6\/#primaryimage\",\"url\":\"https:\/\/www.zoohandel.ch\/wp-content\/uploads\/2024\/04\/T64055_gr.jpg\",\"contentUrl\":\"https:\/\/www.zoohandel.ch\/wp-content\/uploads\/2024\/04\/T64055_gr.jpg\",\"width\":1600,\"height\":1026},{\"@type\":\"BreadcrumbList\",\"@id\":\"https:\/\/www.zoohandel.ch\/de\/shop\/nagetiere-kaninchen\/gehege-staelle\/freilauf-m-netz-boden-zwergkaninchen-polyester-oe-150x6\/#breadcrumb\",\"itemListElement\":[{\"@type\":\"ListItem\",\"position\":1,\"name\":\"Startseite\",\"item\":\"https:\/\/www.zoohandel.ch\/de\/\"},{\"@type\":\"ListItem\",\"position\":2,\"name\":\"Shop\",\"item\":\"https:\/\/www.zoohandel.ch\/de\/online-shop-ueber-saemtliche-tierartikel\/\"},{\"@type\":\"ListItem\",\"position\":3,\"name\":\"Freilauf m. Netz\/Boden, Zwergkaninchen, Polyester, \u00f8 150\u00d76\"}]},{\"@type\":\"WebSite\",\"@id\":\"https:\/\/www.zoohandel.ch\/de\/#website\",\"url\":\"https:\/\/www.zoohandel.ch\/de\/\",\"name\":\"zoohandel.ch\",\"description\":\"Das Beste f\u00fcr Ihre Lieblinge\",\"publisher\":{\"@id\":\"https:\/\/www.zoohandel.ch\/de\/#organization\"},\"potentialAction\":[{\"@type\":\"SearchAction\",\"target\":{\"@type\":\"EntryPoint\",\"urlTemplate\":\"https:\/\/www.zoohandel.ch\/de\/?s={search_term_string}\"},\"query-input\":{\"@type\":\"PropertyValueSpecification\",\"valueRequired\":true,\"valueName\":\"search_term_string\"}}],\"inLanguage\":\"de\"},{\"@type\":\"Organization\",\"@id\":\"https:\/\/www.zoohandel.ch\/de\/#organization\",\"name\":\"zoohandel.ch\",\"url\":\"https:\/\/www.zoohandel.ch\/de\/\",\"logo\":{\"@type\":\"ImageObject\",\"inLanguage\":\"de\",\"@id\":\"https:\/\/www.zoohandel.ch\/de\/#\/schema\/logo\/image\/\",\"url\":\"https:\/\/www.zoohandel.ch\/wp-content\/uploads\/zoohandel-ch.png\",\"contentUrl\":\"https:\/\/www.zoohandel.ch\/wp-content\/uploads\/zoohandel-ch.png\",\"width\":575,\"height\":171,\"caption\":\"zoohandel.ch\"},\"image\":{\"@id\":\"https:\/\/www.zoohandel.ch\/de\/#\/schema\/logo\/image\/\"}}]}<\/script>\n<!-- \/ Yoast SEO plugin. -->","yoast_head_json":{"title":"Freilauf m. Netz\/Boden, Zwergkaninchen, Polyester, \u00f8 150\u00d76 - zoohandel.ch","robots":{"index":"index","follow":"follow","max-snippet":"max-snippet:-1","max-image-preview":"max-image-preview:large","max-video-preview":"max-video-preview:-1"},"canonical":"https:\/\/www.zoohandel.ch\/de\/shop\/nagetiere-kaninchen\/gehege-staelle\/freilauf-m-netz-boden-zwergkaninchen-polyester-oe-150x6\/","og_locale":"de_DE","og_type":"article","og_title":"Freilauf m. Netz\/Boden, Zwergkaninchen, Polyester, \u00f8 150\u00d76 - zoohandel.ch","og_description":"aus strapazierf\u00e4higem Polyester ideal f\u00fcr die Benutzung im Haus und Garten sch\u00fctzt Kabel, Teppiche, M\u00f6bel usw. vor dem nat\u00fcrlichen Nagetrieb Gummierung sowie Seitenr\u00e4nder sch\u00fctzen vor Verunreinigungen sowie Bodenn\u00e4sse und -k\u00e4lte Bodeneinlage herausnehmbar mit \u00d6ffnung zur Befestigung einer Tr\u00e4nke mit zwei Seitentaschen kann mithilfe von Schlaufen fixiert werden abnehmbares Netz zusammenfaltbar und platzsparend zu verstauen mit","og_url":"https:\/\/www.zoohandel.ch\/de\/shop\/nagetiere-kaninchen\/gehege-staelle\/freilauf-m-netz-boden-zwergkaninchen-polyester-oe-150x6\/","og_site_name":"zoohandel.ch","article_modified_time":"2026-04-24T22:48:15+00:00","og_image":[{"width":1600,"height":1026,"url":"https:\/\/www.zoohandel.ch\/wp-content\/uploads\/2024\/04\/T64055_gr.jpg","type":"image\/jpeg"}],"twitter_card":"summary_large_image","schema":{"@context":"https:\/\/schema.org","@graph":[{"@type":"WebPage","@id":"https:\/\/www.zoohandel.ch\/de\/shop\/nagetiere-kaninchen\/gehege-staelle\/freilauf-m-netz-boden-zwergkaninchen-polyester-oe-150x6\/","url":"https:\/\/www.zoohandel.ch\/de\/shop\/nagetiere-kaninchen\/gehege-staelle\/freilauf-m-netz-boden-zwergkaninchen-polyester-oe-150x6\/","name":"Freilauf m. Netz\/Boden, Zwergkaninchen, Polyester, \u00f8 150\u00d76 - zoohandel.ch","isPartOf":{"@id":"https:\/\/www.zoohandel.ch\/de\/#website"},"primaryImageOfPage":{"@id":"https:\/\/www.zoohandel.ch\/de\/shop\/nagetiere-kaninchen\/gehege-staelle\/freilauf-m-netz-boden-zwergkaninchen-polyester-oe-150x6\/#primaryimage"},"image":{"@id":"https:\/\/www.zoohandel.ch\/de\/shop\/nagetiere-kaninchen\/gehege-staelle\/freilauf-m-netz-boden-zwergkaninchen-polyester-oe-150x6\/#primaryimage"},"thumbnailUrl":"https:\/\/www.zoohandel.ch\/wp-content\/uploads\/2024\/04\/T64055_gr.jpg","datePublished":"2021-06-03T22:00:00+00:00","dateModified":"2026-04-24T22:48:15+00:00","breadcrumb":{"@id":"https:\/\/www.zoohandel.ch\/de\/shop\/nagetiere-kaninchen\/gehege-staelle\/freilauf-m-netz-boden-zwergkaninchen-polyester-oe-150x6\/#breadcrumb"},"inLanguage":"de","potentialAction":[{"@type":"ReadAction","target":["https:\/\/www.zoohandel.ch\/de\/shop\/nagetiere-kaninchen\/gehege-staelle\/freilauf-m-netz-boden-zwergkaninchen-polyester-oe-150x6\/"]}]},{"@type":"ImageObject","inLanguage":"de","@id":"https:\/\/www.zoohandel.ch\/de\/shop\/nagetiere-kaninchen\/gehege-staelle\/freilauf-m-netz-boden-zwergkaninchen-polyester-oe-150x6\/#primaryimage","url":"https:\/\/www.zoohandel.ch\/wp-content\/uploads\/2024\/04\/T64055_gr.jpg","contentUrl":"https:\/\/www.zoohandel.ch\/wp-content\/uploads\/2024\/04\/T64055_gr.jpg","width":1600,"height":1026},{"@type":"BreadcrumbList","@id":"https:\/\/www.zoohandel.ch\/de\/shop\/nagetiere-kaninchen\/gehege-staelle\/freilauf-m-netz-boden-zwergkaninchen-polyester-oe-150x6\/#breadcrumb","itemListElement":[{"@type":"ListItem","position":1,"name":"Startseite","item":"https:\/\/www.zoohandel.ch\/de\/"},{"@type":"ListItem","position":2,"name":"Shop","item":"https:\/\/www.zoohandel.ch\/de\/online-shop-ueber-saemtliche-tierartikel\/"},{"@type":"ListItem","position":3,"name":"Freilauf m. Netz\/Boden, Zwergkaninchen, Polyester, \u00f8 150\u00d76"}]},{"@type":"WebSite","@id":"https:\/\/www.zoohandel.ch\/de\/#website","url":"https:\/\/www.zoohandel.ch\/de\/","name":"zoohandel.ch","description":"Das Beste f\u00fcr Ihre Lieblinge","publisher":{"@id":"https:\/\/www.zoohandel.ch\/de\/#organization"},"potentialAction":[{"@type":"SearchAction","target":{"@type":"EntryPoint","urlTemplate":"https:\/\/www.zoohandel.ch\/de\/?s={search_term_string}"},"query-input":{"@type":"PropertyValueSpecification","valueRequired":true,"valueName":"search_term_string"}}],"inLanguage":"de"},{"@type":"Organization","@id":"https:\/\/www.zoohandel.ch\/de\/#organization","name":"zoohandel.ch","url":"https:\/\/www.zoohandel.ch\/de\/","logo":{"@type":"ImageObject","inLanguage":"de","@id":"https:\/\/www.zoohandel.ch\/de\/#\/schema\/logo\/image\/","url":"https:\/\/www.zoohandel.ch\/wp-content\/uploads\/zoohandel-ch.png","contentUrl":"https:\/\/www.zoohandel.ch\/wp-content\/uploads\/zoohandel-ch.png","width":575,"height":171,"caption":"zoohandel.ch"},"image":{"@id":"https:\/\/www.zoohandel.ch\/de\/#\/schema\/logo\/image\/"}}]}},"tiered_pricing_type":"fixed","tiered_pricing_fixed_rules":[],"tiered_pricing_product_settings":{"layout":"default","base_unit_name":{"singular":null,"plural":null},"default_variation":null},"tiered_pricing_minimum_quantity":null,"tiered_pricing_roles_data":[],"tiered_pricing_percentage_rules":[],"_links":{"self":[{"href":"https:\/\/www.zoohandel.ch\/de\/wp-json\/wp\/v2\/product\/202359","targetHints":{"allow":["GET"]}}],"collection":[{"href":"https:\/\/www.zoohandel.ch\/de\/wp-json\/wp\/v2\/product"}],"about":[{"href":"https:\/\/www.zoohandel.ch\/de\/wp-json\/wp\/v2\/types\/product"}],"wp:featuredmedia":[{"embeddable":true,"href":"https:\/\/www.zoohandel.ch\/de\/wp-json\/wp\/v2\/media\/550956"}],"wp:attachment":[{"href":"https:\/\/www.zoohandel.ch\/de\/wp-json\/wp\/v2\/media?parent=202359"}],"wp:term":[{"taxonomy":"product_brand","embeddable":true,"href":"https:\/\/www.zoohandel.ch\/de\/wp-json\/wp\/v2\/product_brand?post=202359"},{"taxonomy":"product_cat","embeddable":true,"href":"https:\/\/www.zoohandel.ch\/de\/wp-json\/wp\/v2\/product_cat?post=202359"},{"taxonomy":"product_tag","embeddable":true,"href":"https:\/\/www.zoohandel.ch\/de\/wp-json\/wp\/v2\/product_tag?post=202359"}],"curies":[{"name":"wp","href":"https:\/\/api.w.org\/{rel}","templated":true}]}}