{"id":202464,"date":"2021-06-04T00:00:00","date_gmt":"2021-06-03T22:00:00","guid":{"rendered":"https:\/\/www.alfauna.ch.vasco.sui-inter.net\/shop\/unkategorisiert\/regenmantel-vimy-xs-25cm-rot\/"},"modified":"2026-04-17T05:25:14","modified_gmt":"2026-04-17T03:25:14","slug":"regenmantel-vimy-rot-xs-25cm","status":"publish","type":"product","link":"https:\/\/www.zoohandel.ch\/de\/shop\/hunde\/hundemode\/regenmantel-vimy-rot-xs-25cm\/","title":{"rendered":"Regenmantel Vimy, rot"},"content":{"rendered":"<p>Polyurethan\/Polyester<br \/>\nmit zwei wasserdichten Rei\u00dfverschl\u00fcssen zum Anleinen an Halsband bzw. Geschirr<br \/>\nwindundurchl\u00e4ssig<br \/>\nreflektierende Elemente<br \/>\nextra hoher Kragen mit Tunnelzug<br \/>\nBauchgurt mit Schnalle, stufenlos verstellbar<br \/>\nverstellbare Beinschlaufen f\u00fcr die Hinterl\u00e4ufe<br \/>\nmit pflegeleichtem Futter<\/p>\n","protected":false},"excerpt":{"rendered":"<p>Polyurethan\/Polyester mit zwei wasserdichten Rei\u00dfverschl\u00fcssen zum Anleinen an Halsband bzw. Geschirr windundurchl\u00e4ssig reflektierende Elemente extra hoher Kragen mit Tunnelzug Bauchgurt mit Schnalle, stufenlos verstellbar verstellbare Beinschlaufen f\u00fcr die Hinterl\u00e4ufe mit pflegeleichtem Futter<\/p>\n","protected":false},"featured_media":551182,"template":"","meta":{"_acf_changed":false},"product_brand":[],"product_cat":[3022,3620],"product_tag":[],"class_list":{"0":"post-202464","1":"product","2":"type-product","3":"status-publish","4":"has-post-thumbnail","6":"product_cat-hunde","7":"product_cat-hundemode","9":"first","10":"instock","11":"taxable","12":"shipping-taxable","13":"purchasable","14":"product-type-simple"},"acf":[],"yoast_head":"<!-- This site is optimized with the Yoast SEO plugin v25.8 - https:\/\/yoast.com\/wordpress\/plugins\/seo\/ -->\n<title>Regenmantel Vimy, rot - zoohandel.ch<\/title>\n<meta name=\"robots\" content=\"index, follow, max-snippet:-1, max-image-preview:large, max-video-preview:-1\" \/>\n<link rel=\"canonical\" href=\"https:\/\/www.zoohandel.ch\/de\/shop\/hunde\/hundemode\/regenmantel-vimy-rot-xs-25cm\/\" \/>\n<meta property=\"og:locale\" content=\"de_DE\" \/>\n<meta property=\"og:type\" content=\"article\" \/>\n<meta property=\"og:title\" content=\"Regenmantel Vimy, rot - zoohandel.ch\" \/>\n<meta property=\"og:description\" content=\"Polyurethan\/Polyester mit zwei wasserdichten Rei\u00dfverschl\u00fcssen zum Anleinen an Halsband bzw. Geschirr windundurchl\u00e4ssig reflektierende Elemente extra hoher Kragen mit Tunnelzug Bauchgurt mit Schnalle, stufenlos verstellbar verstellbare Beinschlaufen f\u00fcr die Hinterl\u00e4ufe mit pflegeleichtem Futter\" \/>\n<meta property=\"og:url\" content=\"https:\/\/www.zoohandel.ch\/de\/shop\/hunde\/hundemode\/regenmantel-vimy-rot-xs-25cm\/\" \/>\n<meta property=\"og:site_name\" content=\"zoohandel.ch\" \/>\n<meta property=\"article:modified_time\" content=\"2026-04-17T03:25:14+00:00\" \/>\n<meta property=\"og:image\" content=\"https:\/\/www.zoohandel.ch\/wp-content\/uploads\/2024\/04\/T680220_gr.jpg\" \/>\n\t<meta property=\"og:image:width\" content=\"1600\" \/>\n\t<meta property=\"og:image:height\" content=\"978\" \/>\n\t<meta property=\"og:image:type\" content=\"image\/jpeg\" \/>\n<meta name=\"twitter:card\" content=\"summary_large_image\" \/>\n<script type=\"application\/ld+json\" class=\"yoast-schema-graph\">{\"@context\":\"https:\/\/schema.org\",\"@graph\":[{\"@type\":\"WebPage\",\"@id\":\"https:\/\/www.zoohandel.ch\/de\/shop\/hunde\/hundemode\/regenmantel-vimy-rot-xs-25cm\/\",\"url\":\"https:\/\/www.zoohandel.ch\/de\/shop\/hunde\/hundemode\/regenmantel-vimy-rot-xs-25cm\/\",\"name\":\"Regenmantel Vimy, rot - zoohandel.ch\",\"isPartOf\":{\"@id\":\"https:\/\/www.zoohandel.ch\/de\/#website\"},\"primaryImageOfPage\":{\"@id\":\"https:\/\/www.zoohandel.ch\/de\/shop\/hunde\/hundemode\/regenmantel-vimy-rot-xs-25cm\/#primaryimage\"},\"image\":{\"@id\":\"https:\/\/www.zoohandel.ch\/de\/shop\/hunde\/hundemode\/regenmantel-vimy-rot-xs-25cm\/#primaryimage\"},\"thumbnailUrl\":\"https:\/\/www.zoohandel.ch\/wp-content\/uploads\/2024\/04\/T680220_gr.jpg\",\"datePublished\":\"2021-06-03T22:00:00+00:00\",\"dateModified\":\"2026-04-17T03:25:14+00:00\",\"breadcrumb\":{\"@id\":\"https:\/\/www.zoohandel.ch\/de\/shop\/hunde\/hundemode\/regenmantel-vimy-rot-xs-25cm\/#breadcrumb\"},\"inLanguage\":\"de\",\"potentialAction\":[{\"@type\":\"ReadAction\",\"target\":[\"https:\/\/www.zoohandel.ch\/de\/shop\/hunde\/hundemode\/regenmantel-vimy-rot-xs-25cm\/\"]}]},{\"@type\":\"ImageObject\",\"inLanguage\":\"de\",\"@id\":\"https:\/\/www.zoohandel.ch\/de\/shop\/hunde\/hundemode\/regenmantel-vimy-rot-xs-25cm\/#primaryimage\",\"url\":\"https:\/\/www.zoohandel.ch\/wp-content\/uploads\/2024\/04\/T680220_gr.jpg\",\"contentUrl\":\"https:\/\/www.zoohandel.ch\/wp-content\/uploads\/2024\/04\/T680220_gr.jpg\",\"width\":1600,\"height\":978},{\"@type\":\"BreadcrumbList\",\"@id\":\"https:\/\/www.zoohandel.ch\/de\/shop\/hunde\/hundemode\/regenmantel-vimy-rot-xs-25cm\/#breadcrumb\",\"itemListElement\":[{\"@type\":\"ListItem\",\"position\":1,\"name\":\"Startseite\",\"item\":\"https:\/\/www.zoohandel.ch\/de\/\"},{\"@type\":\"ListItem\",\"position\":2,\"name\":\"Shop\",\"item\":\"https:\/\/www.zoohandel.ch\/de\/online-shop-ueber-saemtliche-tierartikel\/\"},{\"@type\":\"ListItem\",\"position\":3,\"name\":\"Regenmantel Vimy, rot\"}]},{\"@type\":\"WebSite\",\"@id\":\"https:\/\/www.zoohandel.ch\/de\/#website\",\"url\":\"https:\/\/www.zoohandel.ch\/de\/\",\"name\":\"zoohandel.ch\",\"description\":\"Das Beste f\u00fcr Ihre Lieblinge\",\"publisher\":{\"@id\":\"https:\/\/www.zoohandel.ch\/de\/#organization\"},\"potentialAction\":[{\"@type\":\"SearchAction\",\"target\":{\"@type\":\"EntryPoint\",\"urlTemplate\":\"https:\/\/www.zoohandel.ch\/de\/?s={search_term_string}\"},\"query-input\":{\"@type\":\"PropertyValueSpecification\",\"valueRequired\":true,\"valueName\":\"search_term_string\"}}],\"inLanguage\":\"de\"},{\"@type\":\"Organization\",\"@id\":\"https:\/\/www.zoohandel.ch\/de\/#organization\",\"name\":\"zoohandel.ch\",\"url\":\"https:\/\/www.zoohandel.ch\/de\/\",\"logo\":{\"@type\":\"ImageObject\",\"inLanguage\":\"de\",\"@id\":\"https:\/\/www.zoohandel.ch\/de\/#\/schema\/logo\/image\/\",\"url\":\"https:\/\/www.zoohandel.ch\/wp-content\/uploads\/zoohandel-ch.png\",\"contentUrl\":\"https:\/\/www.zoohandel.ch\/wp-content\/uploads\/zoohandel-ch.png\",\"width\":575,\"height\":171,\"caption\":\"zoohandel.ch\"},\"image\":{\"@id\":\"https:\/\/www.zoohandel.ch\/de\/#\/schema\/logo\/image\/\"}}]}<\/script>\n<!-- \/ Yoast SEO plugin. -->","yoast_head_json":{"title":"Regenmantel Vimy, rot - zoohandel.ch","robots":{"index":"index","follow":"follow","max-snippet":"max-snippet:-1","max-image-preview":"max-image-preview:large","max-video-preview":"max-video-preview:-1"},"canonical":"https:\/\/www.zoohandel.ch\/de\/shop\/hunde\/hundemode\/regenmantel-vimy-rot-xs-25cm\/","og_locale":"de_DE","og_type":"article","og_title":"Regenmantel Vimy, rot - zoohandel.ch","og_description":"Polyurethan\/Polyester mit zwei wasserdichten Rei\u00dfverschl\u00fcssen zum Anleinen an Halsband bzw. Geschirr windundurchl\u00e4ssig reflektierende Elemente extra hoher Kragen mit Tunnelzug Bauchgurt mit Schnalle, stufenlos verstellbar verstellbare Beinschlaufen f\u00fcr die Hinterl\u00e4ufe mit pflegeleichtem Futter","og_url":"https:\/\/www.zoohandel.ch\/de\/shop\/hunde\/hundemode\/regenmantel-vimy-rot-xs-25cm\/","og_site_name":"zoohandel.ch","article_modified_time":"2026-04-17T03:25:14+00:00","og_image":[{"width":1600,"height":978,"url":"https:\/\/www.zoohandel.ch\/wp-content\/uploads\/2024\/04\/T680220_gr.jpg","type":"image\/jpeg"}],"twitter_card":"summary_large_image","schema":{"@context":"https:\/\/schema.org","@graph":[{"@type":"WebPage","@id":"https:\/\/www.zoohandel.ch\/de\/shop\/hunde\/hundemode\/regenmantel-vimy-rot-xs-25cm\/","url":"https:\/\/www.zoohandel.ch\/de\/shop\/hunde\/hundemode\/regenmantel-vimy-rot-xs-25cm\/","name":"Regenmantel Vimy, rot - zoohandel.ch","isPartOf":{"@id":"https:\/\/www.zoohandel.ch\/de\/#website"},"primaryImageOfPage":{"@id":"https:\/\/www.zoohandel.ch\/de\/shop\/hunde\/hundemode\/regenmantel-vimy-rot-xs-25cm\/#primaryimage"},"image":{"@id":"https:\/\/www.zoohandel.ch\/de\/shop\/hunde\/hundemode\/regenmantel-vimy-rot-xs-25cm\/#primaryimage"},"thumbnailUrl":"https:\/\/www.zoohandel.ch\/wp-content\/uploads\/2024\/04\/T680220_gr.jpg","datePublished":"2021-06-03T22:00:00+00:00","dateModified":"2026-04-17T03:25:14+00:00","breadcrumb":{"@id":"https:\/\/www.zoohandel.ch\/de\/shop\/hunde\/hundemode\/regenmantel-vimy-rot-xs-25cm\/#breadcrumb"},"inLanguage":"de","potentialAction":[{"@type":"ReadAction","target":["https:\/\/www.zoohandel.ch\/de\/shop\/hunde\/hundemode\/regenmantel-vimy-rot-xs-25cm\/"]}]},{"@type":"ImageObject","inLanguage":"de","@id":"https:\/\/www.zoohandel.ch\/de\/shop\/hunde\/hundemode\/regenmantel-vimy-rot-xs-25cm\/#primaryimage","url":"https:\/\/www.zoohandel.ch\/wp-content\/uploads\/2024\/04\/T680220_gr.jpg","contentUrl":"https:\/\/www.zoohandel.ch\/wp-content\/uploads\/2024\/04\/T680220_gr.jpg","width":1600,"height":978},{"@type":"BreadcrumbList","@id":"https:\/\/www.zoohandel.ch\/de\/shop\/hunde\/hundemode\/regenmantel-vimy-rot-xs-25cm\/#breadcrumb","itemListElement":[{"@type":"ListItem","position":1,"name":"Startseite","item":"https:\/\/www.zoohandel.ch\/de\/"},{"@type":"ListItem","position":2,"name":"Shop","item":"https:\/\/www.zoohandel.ch\/de\/online-shop-ueber-saemtliche-tierartikel\/"},{"@type":"ListItem","position":3,"name":"Regenmantel Vimy, rot"}]},{"@type":"WebSite","@id":"https:\/\/www.zoohandel.ch\/de\/#website","url":"https:\/\/www.zoohandel.ch\/de\/","name":"zoohandel.ch","description":"Das Beste f\u00fcr Ihre Lieblinge","publisher":{"@id":"https:\/\/www.zoohandel.ch\/de\/#organization"},"potentialAction":[{"@type":"SearchAction","target":{"@type":"EntryPoint","urlTemplate":"https:\/\/www.zoohandel.ch\/de\/?s={search_term_string}"},"query-input":{"@type":"PropertyValueSpecification","valueRequired":true,"valueName":"search_term_string"}}],"inLanguage":"de"},{"@type":"Organization","@id":"https:\/\/www.zoohandel.ch\/de\/#organization","name":"zoohandel.ch","url":"https:\/\/www.zoohandel.ch\/de\/","logo":{"@type":"ImageObject","inLanguage":"de","@id":"https:\/\/www.zoohandel.ch\/de\/#\/schema\/logo\/image\/","url":"https:\/\/www.zoohandel.ch\/wp-content\/uploads\/zoohandel-ch.png","contentUrl":"https:\/\/www.zoohandel.ch\/wp-content\/uploads\/zoohandel-ch.png","width":575,"height":171,"caption":"zoohandel.ch"},"image":{"@id":"https:\/\/www.zoohandel.ch\/de\/#\/schema\/logo\/image\/"}}]}},"tiered_pricing_type":"fixed","tiered_pricing_fixed_rules":[],"tiered_pricing_product_settings":{"layout":"default","base_unit_name":{"singular":null,"plural":null},"default_variation":null},"tiered_pricing_minimum_quantity":null,"tiered_pricing_roles_data":[],"tiered_pricing_percentage_rules":[],"_links":{"self":[{"href":"https:\/\/www.zoohandel.ch\/de\/wp-json\/wp\/v2\/product\/202464","targetHints":{"allow":["GET"]}}],"collection":[{"href":"https:\/\/www.zoohandel.ch\/de\/wp-json\/wp\/v2\/product"}],"about":[{"href":"https:\/\/www.zoohandel.ch\/de\/wp-json\/wp\/v2\/types\/product"}],"wp:featuredmedia":[{"embeddable":true,"href":"https:\/\/www.zoohandel.ch\/de\/wp-json\/wp\/v2\/media\/551182"}],"wp:attachment":[{"href":"https:\/\/www.zoohandel.ch\/de\/wp-json\/wp\/v2\/media?parent=202464"}],"wp:term":[{"taxonomy":"product_brand","embeddable":true,"href":"https:\/\/www.zoohandel.ch\/de\/wp-json\/wp\/v2\/product_brand?post=202464"},{"taxonomy":"product_cat","embeddable":true,"href":"https:\/\/www.zoohandel.ch\/de\/wp-json\/wp\/v2\/product_cat?post=202464"},{"taxonomy":"product_tag","embeddable":true,"href":"https:\/\/www.zoohandel.ch\/de\/wp-json\/wp\/v2\/product_tag?post=202464"}],"curies":[{"name":"wp","href":"https:\/\/api.w.org\/{rel}","templated":true}]}}