{"id":203029,"date":"2021-06-04T00:00:00","date_gmt":"2021-06-03T22:00:00","guid":{"rendered":"https:\/\/www.alfauna.ch.vasco.sui-inter.net\/shop\/unkategorisiert\/katze-getreidefrei-kaninchenpute-2\/"},"modified":"2026-04-17T05:24:51","modified_gmt":"2026-04-17T03:24:51","slug":"katze-getreidefrei-kaninchenpute-200g","status":"publish","type":"product","link":"https:\/\/www.zoohandel.ch\/de\/shop\/katzen\/futter-katzen\/nassfutter-futter-katzen\/katze-getreidefrei-kaninchenpute-200g\/","title":{"rendered":"Katze getreidefrei Kaninchen+Pute"},"content":{"rendered":"<p>Fleisch vom Kaninchen (53%), Putenleber (21%), Muskelfleisch von der Pute (8%), Putenhaut (8%), Brokkoli (4%), Tomatenpulver, Raps\u00f6l, Seealge*, Katzenminze*, Mineralstoffe<br \/>\n*getrocknet<br \/>\nProtein: 10,7 %<br \/>\nFettgehalt: 6,7 %<br \/>\nRohfaser: 0,3 %<br \/>\nRohasche: 0,9 %<br \/>\nFeuchtigkeit: 80,0 %<br \/>\nMJ\/kg: 4,2<br \/>\nVitamin A (3a672a):  1000 IE, Vitamin D3 (3a671): 200 IE, Vitamin E (3a700): 60 IE, Kupfer (3b405): 2,5 mg, Mangan (3b502): 2,5 mg, Jod (3b202): 1 mg, Zink (3b603): 16 mg, Taurin (3a370): 2750 mg<br \/>\n90 % Fleisch : 5 % Gem\u00fcse, Kr\u00e4uter : 5 % \u00fcbrige Rohstoffe<\/p>\n","protected":false},"excerpt":{"rendered":"<p>Fleisch vom Kaninchen (53%), Putenleber (21%), Muskelfleisch von der Pute (8%), Putenhaut (8%), Brokkoli (4%), Tomatenpulver, Raps\u00f6l, Seealge*, Katzenminze*, Mineralstoffe *getrocknet Protein: 10,7 % Fettgehalt: 6,7 % Rohfaser: 0,3 % Rohasche: 0,9 % Feuchtigkeit: 80,0 % MJ\/kg: 4,2 Vitamin A (3a672a): 1000 IE, Vitamin D3 (3a671): 200 IE, Vitamin E (3a700): 60 IE, Kupfer (3b405):<\/p>\n","protected":false},"featured_media":468084,"template":"","meta":{"_acf_changed":false},"product_brand":[],"product_cat":[3622,2637,3775],"product_tag":[],"class_list":{"0":"post-203029","1":"product","2":"type-product","3":"status-publish","4":"has-post-thumbnail","6":"product_cat-futter-katzen","7":"product_cat-katzen","8":"product_cat-nassfutter-futter-katzen","10":"first","11":"instock","12":"taxable","13":"shipping-taxable","14":"purchasable","15":"product-type-simple"},"acf":[],"yoast_head":"<!-- This site is optimized with the Yoast SEO plugin v25.8 - https:\/\/yoast.com\/wordpress\/plugins\/seo\/ -->\n<title>Katze getreidefrei Kaninchen+Pute - zoohandel.ch<\/title>\n<meta name=\"robots\" content=\"index, follow, max-snippet:-1, max-image-preview:large, max-video-preview:-1\" \/>\n<link rel=\"canonical\" href=\"https:\/\/www.zoohandel.ch\/de\/shop\/katzen\/futter-katzen\/nassfutter-futter-katzen\/katze-getreidefrei-kaninchenpute-200g\/\" \/>\n<meta property=\"og:locale\" content=\"de_DE\" \/>\n<meta property=\"og:type\" content=\"article\" \/>\n<meta property=\"og:title\" content=\"Katze getreidefrei Kaninchen+Pute - zoohandel.ch\" \/>\n<meta property=\"og:description\" content=\"Fleisch vom Kaninchen (53%), Putenleber (21%), Muskelfleisch von der Pute (8%), Putenhaut (8%), Brokkoli (4%), Tomatenpulver, Raps\u00f6l, Seealge*, Katzenminze*, Mineralstoffe *getrocknet Protein: 10,7 % Fettgehalt: 6,7 % Rohfaser: 0,3 % Rohasche: 0,9 % Feuchtigkeit: 80,0 % MJ\/kg: 4,2 Vitamin A (3a672a): 1000 IE, Vitamin D3 (3a671): 200 IE, Vitamin E (3a700): 60 IE, Kupfer (3b405):\" \/>\n<meta property=\"og:url\" content=\"https:\/\/www.zoohandel.ch\/de\/shop\/katzen\/futter-katzen\/nassfutter-futter-katzen\/katze-getreidefrei-kaninchenpute-200g\/\" \/>\n<meta property=\"og:site_name\" content=\"zoohandel.ch\" \/>\n<meta property=\"article:modified_time\" content=\"2026-04-17T03:24:51+00:00\" \/>\n<meta property=\"og:image\" content=\"https:\/\/www.zoohandel.ch\/wp-content\/uploads\/2024\/01\/TF2202_gr-scaled.jpg\" \/>\n\t<meta property=\"og:image:width\" content=\"2560\" \/>\n\t<meta property=\"og:image:height\" content=\"2560\" \/>\n\t<meta property=\"og:image:type\" content=\"image\/jpeg\" \/>\n<meta name=\"twitter:card\" content=\"summary_large_image\" \/>\n<script type=\"application\/ld+json\" class=\"yoast-schema-graph\">{\"@context\":\"https:\/\/schema.org\",\"@graph\":[{\"@type\":\"WebPage\",\"@id\":\"https:\/\/www.zoohandel.ch\/de\/shop\/katzen\/futter-katzen\/nassfutter-futter-katzen\/katze-getreidefrei-kaninchenpute-200g\/\",\"url\":\"https:\/\/www.zoohandel.ch\/de\/shop\/katzen\/futter-katzen\/nassfutter-futter-katzen\/katze-getreidefrei-kaninchenpute-200g\/\",\"name\":\"Katze getreidefrei Kaninchen+Pute - zoohandel.ch\",\"isPartOf\":{\"@id\":\"https:\/\/www.zoohandel.ch\/de\/#website\"},\"primaryImageOfPage\":{\"@id\":\"https:\/\/www.zoohandel.ch\/de\/shop\/katzen\/futter-katzen\/nassfutter-futter-katzen\/katze-getreidefrei-kaninchenpute-200g\/#primaryimage\"},\"image\":{\"@id\":\"https:\/\/www.zoohandel.ch\/de\/shop\/katzen\/futter-katzen\/nassfutter-futter-katzen\/katze-getreidefrei-kaninchenpute-200g\/#primaryimage\"},\"thumbnailUrl\":\"https:\/\/www.zoohandel.ch\/wp-content\/uploads\/2024\/01\/TF2202_gr-scaled.jpg\",\"datePublished\":\"2021-06-03T22:00:00+00:00\",\"dateModified\":\"2026-04-17T03:24:51+00:00\",\"breadcrumb\":{\"@id\":\"https:\/\/www.zoohandel.ch\/de\/shop\/katzen\/futter-katzen\/nassfutter-futter-katzen\/katze-getreidefrei-kaninchenpute-200g\/#breadcrumb\"},\"inLanguage\":\"de\",\"potentialAction\":[{\"@type\":\"ReadAction\",\"target\":[\"https:\/\/www.zoohandel.ch\/de\/shop\/katzen\/futter-katzen\/nassfutter-futter-katzen\/katze-getreidefrei-kaninchenpute-200g\/\"]}]},{\"@type\":\"ImageObject\",\"inLanguage\":\"de\",\"@id\":\"https:\/\/www.zoohandel.ch\/de\/shop\/katzen\/futter-katzen\/nassfutter-futter-katzen\/katze-getreidefrei-kaninchenpute-200g\/#primaryimage\",\"url\":\"https:\/\/www.zoohandel.ch\/wp-content\/uploads\/2024\/01\/TF2202_gr-scaled.jpg\",\"contentUrl\":\"https:\/\/www.zoohandel.ch\/wp-content\/uploads\/2024\/01\/TF2202_gr-scaled.jpg\",\"width\":2560,\"height\":2560},{\"@type\":\"BreadcrumbList\",\"@id\":\"https:\/\/www.zoohandel.ch\/de\/shop\/katzen\/futter-katzen\/nassfutter-futter-katzen\/katze-getreidefrei-kaninchenpute-200g\/#breadcrumb\",\"itemListElement\":[{\"@type\":\"ListItem\",\"position\":1,\"name\":\"Startseite\",\"item\":\"https:\/\/www.zoohandel.ch\/de\/\"},{\"@type\":\"ListItem\",\"position\":2,\"name\":\"Shop\",\"item\":\"https:\/\/www.zoohandel.ch\/de\/online-shop-ueber-saemtliche-tierartikel\/\"},{\"@type\":\"ListItem\",\"position\":3,\"name\":\"Katze getreidefrei Kaninchen+Pute\"}]},{\"@type\":\"WebSite\",\"@id\":\"https:\/\/www.zoohandel.ch\/de\/#website\",\"url\":\"https:\/\/www.zoohandel.ch\/de\/\",\"name\":\"zoohandel.ch\",\"description\":\"Das Beste f\u00fcr Ihre Lieblinge\",\"publisher\":{\"@id\":\"https:\/\/www.zoohandel.ch\/de\/#organization\"},\"potentialAction\":[{\"@type\":\"SearchAction\",\"target\":{\"@type\":\"EntryPoint\",\"urlTemplate\":\"https:\/\/www.zoohandel.ch\/de\/?s={search_term_string}\"},\"query-input\":{\"@type\":\"PropertyValueSpecification\",\"valueRequired\":true,\"valueName\":\"search_term_string\"}}],\"inLanguage\":\"de\"},{\"@type\":\"Organization\",\"@id\":\"https:\/\/www.zoohandel.ch\/de\/#organization\",\"name\":\"zoohandel.ch\",\"url\":\"https:\/\/www.zoohandel.ch\/de\/\",\"logo\":{\"@type\":\"ImageObject\",\"inLanguage\":\"de\",\"@id\":\"https:\/\/www.zoohandel.ch\/de\/#\/schema\/logo\/image\/\",\"url\":\"https:\/\/www.zoohandel.ch\/wp-content\/uploads\/zoohandel-ch.png\",\"contentUrl\":\"https:\/\/www.zoohandel.ch\/wp-content\/uploads\/zoohandel-ch.png\",\"width\":575,\"height\":171,\"caption\":\"zoohandel.ch\"},\"image\":{\"@id\":\"https:\/\/www.zoohandel.ch\/de\/#\/schema\/logo\/image\/\"}}]}<\/script>\n<!-- \/ Yoast SEO plugin. -->","yoast_head_json":{"title":"Katze getreidefrei Kaninchen+Pute - zoohandel.ch","robots":{"index":"index","follow":"follow","max-snippet":"max-snippet:-1","max-image-preview":"max-image-preview:large","max-video-preview":"max-video-preview:-1"},"canonical":"https:\/\/www.zoohandel.ch\/de\/shop\/katzen\/futter-katzen\/nassfutter-futter-katzen\/katze-getreidefrei-kaninchenpute-200g\/","og_locale":"de_DE","og_type":"article","og_title":"Katze getreidefrei Kaninchen+Pute - zoohandel.ch","og_description":"Fleisch vom Kaninchen (53%), Putenleber (21%), Muskelfleisch von der Pute (8%), Putenhaut (8%), Brokkoli (4%), Tomatenpulver, Raps\u00f6l, Seealge*, Katzenminze*, Mineralstoffe *getrocknet Protein: 10,7 % Fettgehalt: 6,7 % Rohfaser: 0,3 % Rohasche: 0,9 % Feuchtigkeit: 80,0 % MJ\/kg: 4,2 Vitamin A (3a672a): 1000 IE, Vitamin D3 (3a671): 200 IE, Vitamin E (3a700): 60 IE, Kupfer (3b405):","og_url":"https:\/\/www.zoohandel.ch\/de\/shop\/katzen\/futter-katzen\/nassfutter-futter-katzen\/katze-getreidefrei-kaninchenpute-200g\/","og_site_name":"zoohandel.ch","article_modified_time":"2026-04-17T03:24:51+00:00","og_image":[{"width":2560,"height":2560,"url":"https:\/\/www.zoohandel.ch\/wp-content\/uploads\/2024\/01\/TF2202_gr-scaled.jpg","type":"image\/jpeg"}],"twitter_card":"summary_large_image","schema":{"@context":"https:\/\/schema.org","@graph":[{"@type":"WebPage","@id":"https:\/\/www.zoohandel.ch\/de\/shop\/katzen\/futter-katzen\/nassfutter-futter-katzen\/katze-getreidefrei-kaninchenpute-200g\/","url":"https:\/\/www.zoohandel.ch\/de\/shop\/katzen\/futter-katzen\/nassfutter-futter-katzen\/katze-getreidefrei-kaninchenpute-200g\/","name":"Katze getreidefrei Kaninchen+Pute - zoohandel.ch","isPartOf":{"@id":"https:\/\/www.zoohandel.ch\/de\/#website"},"primaryImageOfPage":{"@id":"https:\/\/www.zoohandel.ch\/de\/shop\/katzen\/futter-katzen\/nassfutter-futter-katzen\/katze-getreidefrei-kaninchenpute-200g\/#primaryimage"},"image":{"@id":"https:\/\/www.zoohandel.ch\/de\/shop\/katzen\/futter-katzen\/nassfutter-futter-katzen\/katze-getreidefrei-kaninchenpute-200g\/#primaryimage"},"thumbnailUrl":"https:\/\/www.zoohandel.ch\/wp-content\/uploads\/2024\/01\/TF2202_gr-scaled.jpg","datePublished":"2021-06-03T22:00:00+00:00","dateModified":"2026-04-17T03:24:51+00:00","breadcrumb":{"@id":"https:\/\/www.zoohandel.ch\/de\/shop\/katzen\/futter-katzen\/nassfutter-futter-katzen\/katze-getreidefrei-kaninchenpute-200g\/#breadcrumb"},"inLanguage":"de","potentialAction":[{"@type":"ReadAction","target":["https:\/\/www.zoohandel.ch\/de\/shop\/katzen\/futter-katzen\/nassfutter-futter-katzen\/katze-getreidefrei-kaninchenpute-200g\/"]}]},{"@type":"ImageObject","inLanguage":"de","@id":"https:\/\/www.zoohandel.ch\/de\/shop\/katzen\/futter-katzen\/nassfutter-futter-katzen\/katze-getreidefrei-kaninchenpute-200g\/#primaryimage","url":"https:\/\/www.zoohandel.ch\/wp-content\/uploads\/2024\/01\/TF2202_gr-scaled.jpg","contentUrl":"https:\/\/www.zoohandel.ch\/wp-content\/uploads\/2024\/01\/TF2202_gr-scaled.jpg","width":2560,"height":2560},{"@type":"BreadcrumbList","@id":"https:\/\/www.zoohandel.ch\/de\/shop\/katzen\/futter-katzen\/nassfutter-futter-katzen\/katze-getreidefrei-kaninchenpute-200g\/#breadcrumb","itemListElement":[{"@type":"ListItem","position":1,"name":"Startseite","item":"https:\/\/www.zoohandel.ch\/de\/"},{"@type":"ListItem","position":2,"name":"Shop","item":"https:\/\/www.zoohandel.ch\/de\/online-shop-ueber-saemtliche-tierartikel\/"},{"@type":"ListItem","position":3,"name":"Katze getreidefrei Kaninchen+Pute"}]},{"@type":"WebSite","@id":"https:\/\/www.zoohandel.ch\/de\/#website","url":"https:\/\/www.zoohandel.ch\/de\/","name":"zoohandel.ch","description":"Das Beste f\u00fcr Ihre Lieblinge","publisher":{"@id":"https:\/\/www.zoohandel.ch\/de\/#organization"},"potentialAction":[{"@type":"SearchAction","target":{"@type":"EntryPoint","urlTemplate":"https:\/\/www.zoohandel.ch\/de\/?s={search_term_string}"},"query-input":{"@type":"PropertyValueSpecification","valueRequired":true,"valueName":"search_term_string"}}],"inLanguage":"de"},{"@type":"Organization","@id":"https:\/\/www.zoohandel.ch\/de\/#organization","name":"zoohandel.ch","url":"https:\/\/www.zoohandel.ch\/de\/","logo":{"@type":"ImageObject","inLanguage":"de","@id":"https:\/\/www.zoohandel.ch\/de\/#\/schema\/logo\/image\/","url":"https:\/\/www.zoohandel.ch\/wp-content\/uploads\/zoohandel-ch.png","contentUrl":"https:\/\/www.zoohandel.ch\/wp-content\/uploads\/zoohandel-ch.png","width":575,"height":171,"caption":"zoohandel.ch"},"image":{"@id":"https:\/\/www.zoohandel.ch\/de\/#\/schema\/logo\/image\/"}}]}},"tiered_pricing_type":"fixed","tiered_pricing_fixed_rules":[],"tiered_pricing_product_settings":{"layout":"default","base_unit_name":{"singular":null,"plural":null},"default_variation":null},"tiered_pricing_minimum_quantity":null,"tiered_pricing_roles_data":[],"tiered_pricing_percentage_rules":[],"_links":{"self":[{"href":"https:\/\/www.zoohandel.ch\/de\/wp-json\/wp\/v2\/product\/203029","targetHints":{"allow":["GET"]}}],"collection":[{"href":"https:\/\/www.zoohandel.ch\/de\/wp-json\/wp\/v2\/product"}],"about":[{"href":"https:\/\/www.zoohandel.ch\/de\/wp-json\/wp\/v2\/types\/product"}],"wp:featuredmedia":[{"embeddable":true,"href":"https:\/\/www.zoohandel.ch\/de\/wp-json\/wp\/v2\/media\/468084"}],"wp:attachment":[{"href":"https:\/\/www.zoohandel.ch\/de\/wp-json\/wp\/v2\/media?parent=203029"}],"wp:term":[{"taxonomy":"product_brand","embeddable":true,"href":"https:\/\/www.zoohandel.ch\/de\/wp-json\/wp\/v2\/product_brand?post=203029"},{"taxonomy":"product_cat","embeddable":true,"href":"https:\/\/www.zoohandel.ch\/de\/wp-json\/wp\/v2\/product_cat?post=203029"},{"taxonomy":"product_tag","embeddable":true,"href":"https:\/\/www.zoohandel.ch\/de\/wp-json\/wp\/v2\/product_tag?post=203029"}],"curies":[{"name":"wp","href":"https:\/\/api.w.org\/{rel}","templated":true}]}}