{"id":394425,"date":"2021-09-20T00:00:00","date_gmt":"2021-09-19T22:00:00","guid":{"rendered":"https:\/\/www.alfauna.ch.vasco.sui-inter.net\/shop\/unkategorisiert\/transportbox-skudo-2-xs-s-35x36x55cm-taupe-sand\/"},"modified":"2026-04-17T00:39:30","modified_gmt":"2026-04-16T22:39:30","slug":"transportbox-skudo-2-xs-s-35x36x55cm-taupe-sand","status":"publish","type":"product","link":"https:\/\/www.zoohandel.ch\/de\/shop\/hunde\/unterwegs\/transportboxen-taschen\/transportbox-skudo-2-xs-s-35x36x55cm-taupe-sand\/","title":{"rendered":"Transportbox Skudo 2, XS-S: 35\u00d736\u00d755cm, taupe\/sand"},"content":{"rendered":"<p>von fast allen Fluggesellschaften anerkannt bei Nutzung des IATA Sets 39739<br \/>\nMetallt\u00fcr mit verriegelbaren Schnappverschl\u00fcssen<br \/>\nGr\u00f6\u00dfe S-M mit einem bzw. ab Gr\u00f6\u00dfe M mit zwei ger\u00e4umigen Ablagef\u00e4chern<br \/>\nbis Gr\u00f6\u00dfe S mit Tragegriff<br \/>\nab Gr\u00f6\u00dfe S-M mit Griff zum Ziehen<br \/>\nRollen ab Gr\u00f6\u00dfe S-M separat erh\u00e4ltlich (Artikel 39740)<br \/>\nLiegematten separat erh\u00e4ltlich (Artikel 28644-28649)<br \/>\nKunststoff<br \/>\nFarbe: taupe\/sand <\/p>\n<p>Platzieren Sie die Box gegen die R\u00fccksitzbank gelehnt im Kofferraum und stellen Sie sicher, dass die Box nicht verrutschen kann.<\/p>\n","protected":false},"excerpt":{"rendered":"<p>von fast allen Fluggesellschaften anerkannt bei Nutzung des IATA Sets 39739 Metallt\u00fcr mit verriegelbaren Schnappverschl\u00fcssen Gr\u00f6\u00dfe S-M mit einem bzw. ab Gr\u00f6\u00dfe M mit zwei ger\u00e4umigen Ablagef\u00e4chern bis Gr\u00f6\u00dfe S mit Tragegriff ab Gr\u00f6\u00dfe S-M mit Griff zum Ziehen Rollen ab Gr\u00f6\u00dfe S-M separat erh\u00e4ltlich (Artikel 39740) Liegematten separat erh\u00e4ltlich (Artikel 28644-28649) Kunststoff Farbe: taupe\/sand<\/p>\n","protected":false},"featured_media":542152,"template":"","meta":{"_acf_changed":false},"product_brand":[],"product_cat":[3022,2637,3764,3627,3617],"product_tag":[],"class_list":{"0":"post-394425","1":"product","2":"type-product","3":"status-publish","4":"has-post-thumbnail","6":"product_cat-hunde","7":"product_cat-katzen","8":"product_cat-transportboxen-taschen","9":"product_cat-transportkoerbe-katzentueren","10":"product_cat-unterwegs","12":"first","13":"instock","14":"taxable","15":"shipping-taxable","16":"purchasable","17":"product-type-simple"},"acf":[],"yoast_head":"<!-- This site is optimized with the Yoast SEO plugin v25.8 - https:\/\/yoast.com\/wordpress\/plugins\/seo\/ -->\n<title>Transportbox Skudo 2, XS-S: 35\u00d736\u00d755cm, taupe\/sand - zoohandel.ch<\/title>\n<meta name=\"robots\" content=\"index, follow, max-snippet:-1, max-image-preview:large, max-video-preview:-1\" \/>\n<link rel=\"canonical\" href=\"https:\/\/www.zoohandel.ch\/de\/shop\/hunde\/unterwegs\/transportboxen-taschen\/transportbox-skudo-2-xs-s-35x36x55cm-taupe-sand\/\" \/>\n<meta property=\"og:locale\" content=\"de_DE\" \/>\n<meta property=\"og:type\" content=\"article\" \/>\n<meta property=\"og:title\" content=\"Transportbox Skudo 2, XS-S: 35\u00d736\u00d755cm, taupe\/sand - zoohandel.ch\" \/>\n<meta property=\"og:description\" content=\"von fast allen Fluggesellschaften anerkannt bei Nutzung des IATA Sets 39739 Metallt\u00fcr mit verriegelbaren Schnappverschl\u00fcssen Gr\u00f6\u00dfe S-M mit einem bzw. ab Gr\u00f6\u00dfe M mit zwei ger\u00e4umigen Ablagef\u00e4chern bis Gr\u00f6\u00dfe S mit Tragegriff ab Gr\u00f6\u00dfe S-M mit Griff zum Ziehen Rollen ab Gr\u00f6\u00dfe S-M separat erh\u00e4ltlich (Artikel 39740) Liegematten separat erh\u00e4ltlich (Artikel 28644-28649) Kunststoff Farbe: taupe\/sand\" \/>\n<meta property=\"og:url\" content=\"https:\/\/www.zoohandel.ch\/de\/shop\/hunde\/unterwegs\/transportboxen-taschen\/transportbox-skudo-2-xs-s-35x36x55cm-taupe-sand\/\" \/>\n<meta property=\"og:site_name\" content=\"zoohandel.ch\" \/>\n<meta property=\"article:modified_time\" content=\"2026-04-16T22:39:30+00:00\" \/>\n<meta property=\"og:image\" content=\"https:\/\/www.zoohandel.ch\/wp-content\/uploads\/2024\/04\/T39736_gr.jpg\" \/>\n\t<meta property=\"og:image:width\" content=\"1386\" \/>\n\t<meta property=\"og:image:height\" content=\"1200\" \/>\n\t<meta property=\"og:image:type\" content=\"image\/jpeg\" \/>\n<meta name=\"twitter:card\" content=\"summary_large_image\" \/>\n<script type=\"application\/ld+json\" class=\"yoast-schema-graph\">{\"@context\":\"https:\/\/schema.org\",\"@graph\":[{\"@type\":\"WebPage\",\"@id\":\"https:\/\/www.zoohandel.ch\/de\/shop\/hunde\/unterwegs\/transportboxen-taschen\/transportbox-skudo-2-xs-s-35x36x55cm-taupe-sand\/\",\"url\":\"https:\/\/www.zoohandel.ch\/de\/shop\/hunde\/unterwegs\/transportboxen-taschen\/transportbox-skudo-2-xs-s-35x36x55cm-taupe-sand\/\",\"name\":\"Transportbox Skudo 2, XS-S: 35\u00d736\u00d755cm, taupe\/sand - zoohandel.ch\",\"isPartOf\":{\"@id\":\"https:\/\/www.zoohandel.ch\/de\/#website\"},\"primaryImageOfPage\":{\"@id\":\"https:\/\/www.zoohandel.ch\/de\/shop\/hunde\/unterwegs\/transportboxen-taschen\/transportbox-skudo-2-xs-s-35x36x55cm-taupe-sand\/#primaryimage\"},\"image\":{\"@id\":\"https:\/\/www.zoohandel.ch\/de\/shop\/hunde\/unterwegs\/transportboxen-taschen\/transportbox-skudo-2-xs-s-35x36x55cm-taupe-sand\/#primaryimage\"},\"thumbnailUrl\":\"https:\/\/www.zoohandel.ch\/wp-content\/uploads\/2024\/04\/T39736_gr.jpg\",\"datePublished\":\"2021-09-19T22:00:00+00:00\",\"dateModified\":\"2026-04-16T22:39:30+00:00\",\"breadcrumb\":{\"@id\":\"https:\/\/www.zoohandel.ch\/de\/shop\/hunde\/unterwegs\/transportboxen-taschen\/transportbox-skudo-2-xs-s-35x36x55cm-taupe-sand\/#breadcrumb\"},\"inLanguage\":\"de\",\"potentialAction\":[{\"@type\":\"ReadAction\",\"target\":[\"https:\/\/www.zoohandel.ch\/de\/shop\/hunde\/unterwegs\/transportboxen-taschen\/transportbox-skudo-2-xs-s-35x36x55cm-taupe-sand\/\"]}]},{\"@type\":\"ImageObject\",\"inLanguage\":\"de\",\"@id\":\"https:\/\/www.zoohandel.ch\/de\/shop\/hunde\/unterwegs\/transportboxen-taschen\/transportbox-skudo-2-xs-s-35x36x55cm-taupe-sand\/#primaryimage\",\"url\":\"https:\/\/www.zoohandel.ch\/wp-content\/uploads\/2024\/04\/T39736_gr.jpg\",\"contentUrl\":\"https:\/\/www.zoohandel.ch\/wp-content\/uploads\/2024\/04\/T39736_gr.jpg\",\"width\":1386,\"height\":1200},{\"@type\":\"BreadcrumbList\",\"@id\":\"https:\/\/www.zoohandel.ch\/de\/shop\/hunde\/unterwegs\/transportboxen-taschen\/transportbox-skudo-2-xs-s-35x36x55cm-taupe-sand\/#breadcrumb\",\"itemListElement\":[{\"@type\":\"ListItem\",\"position\":1,\"name\":\"Startseite\",\"item\":\"https:\/\/www.zoohandel.ch\/de\/\"},{\"@type\":\"ListItem\",\"position\":2,\"name\":\"Shop\",\"item\":\"https:\/\/www.zoohandel.ch\/de\/online-shop-ueber-saemtliche-tierartikel\/\"},{\"@type\":\"ListItem\",\"position\":3,\"name\":\"Transportbox Skudo 2, XS-S: 35\u00d736\u00d755cm, taupe\/sand\"}]},{\"@type\":\"WebSite\",\"@id\":\"https:\/\/www.zoohandel.ch\/de\/#website\",\"url\":\"https:\/\/www.zoohandel.ch\/de\/\",\"name\":\"zoohandel.ch\",\"description\":\"Das Beste f\u00fcr Ihre Lieblinge\",\"publisher\":{\"@id\":\"https:\/\/www.zoohandel.ch\/de\/#organization\"},\"potentialAction\":[{\"@type\":\"SearchAction\",\"target\":{\"@type\":\"EntryPoint\",\"urlTemplate\":\"https:\/\/www.zoohandel.ch\/de\/?s={search_term_string}\"},\"query-input\":{\"@type\":\"PropertyValueSpecification\",\"valueRequired\":true,\"valueName\":\"search_term_string\"}}],\"inLanguage\":\"de\"},{\"@type\":\"Organization\",\"@id\":\"https:\/\/www.zoohandel.ch\/de\/#organization\",\"name\":\"zoohandel.ch\",\"url\":\"https:\/\/www.zoohandel.ch\/de\/\",\"logo\":{\"@type\":\"ImageObject\",\"inLanguage\":\"de\",\"@id\":\"https:\/\/www.zoohandel.ch\/de\/#\/schema\/logo\/image\/\",\"url\":\"https:\/\/www.zoohandel.ch\/wp-content\/uploads\/zoohandel-ch.png\",\"contentUrl\":\"https:\/\/www.zoohandel.ch\/wp-content\/uploads\/zoohandel-ch.png\",\"width\":575,\"height\":171,\"caption\":\"zoohandel.ch\"},\"image\":{\"@id\":\"https:\/\/www.zoohandel.ch\/de\/#\/schema\/logo\/image\/\"}}]}<\/script>\n<!-- \/ Yoast SEO plugin. -->","yoast_head_json":{"title":"Transportbox Skudo 2, XS-S: 35\u00d736\u00d755cm, taupe\/sand - zoohandel.ch","robots":{"index":"index","follow":"follow","max-snippet":"max-snippet:-1","max-image-preview":"max-image-preview:large","max-video-preview":"max-video-preview:-1"},"canonical":"https:\/\/www.zoohandel.ch\/de\/shop\/hunde\/unterwegs\/transportboxen-taschen\/transportbox-skudo-2-xs-s-35x36x55cm-taupe-sand\/","og_locale":"de_DE","og_type":"article","og_title":"Transportbox Skudo 2, XS-S: 35\u00d736\u00d755cm, taupe\/sand - zoohandel.ch","og_description":"von fast allen Fluggesellschaften anerkannt bei Nutzung des IATA Sets 39739 Metallt\u00fcr mit verriegelbaren Schnappverschl\u00fcssen Gr\u00f6\u00dfe S-M mit einem bzw. ab Gr\u00f6\u00dfe M mit zwei ger\u00e4umigen Ablagef\u00e4chern bis Gr\u00f6\u00dfe S mit Tragegriff ab Gr\u00f6\u00dfe S-M mit Griff zum Ziehen Rollen ab Gr\u00f6\u00dfe S-M separat erh\u00e4ltlich (Artikel 39740) Liegematten separat erh\u00e4ltlich (Artikel 28644-28649) Kunststoff Farbe: taupe\/sand","og_url":"https:\/\/www.zoohandel.ch\/de\/shop\/hunde\/unterwegs\/transportboxen-taschen\/transportbox-skudo-2-xs-s-35x36x55cm-taupe-sand\/","og_site_name":"zoohandel.ch","article_modified_time":"2026-04-16T22:39:30+00:00","og_image":[{"width":1386,"height":1200,"url":"https:\/\/www.zoohandel.ch\/wp-content\/uploads\/2024\/04\/T39736_gr.jpg","type":"image\/jpeg"}],"twitter_card":"summary_large_image","schema":{"@context":"https:\/\/schema.org","@graph":[{"@type":"WebPage","@id":"https:\/\/www.zoohandel.ch\/de\/shop\/hunde\/unterwegs\/transportboxen-taschen\/transportbox-skudo-2-xs-s-35x36x55cm-taupe-sand\/","url":"https:\/\/www.zoohandel.ch\/de\/shop\/hunde\/unterwegs\/transportboxen-taschen\/transportbox-skudo-2-xs-s-35x36x55cm-taupe-sand\/","name":"Transportbox Skudo 2, XS-S: 35\u00d736\u00d755cm, taupe\/sand - zoohandel.ch","isPartOf":{"@id":"https:\/\/www.zoohandel.ch\/de\/#website"},"primaryImageOfPage":{"@id":"https:\/\/www.zoohandel.ch\/de\/shop\/hunde\/unterwegs\/transportboxen-taschen\/transportbox-skudo-2-xs-s-35x36x55cm-taupe-sand\/#primaryimage"},"image":{"@id":"https:\/\/www.zoohandel.ch\/de\/shop\/hunde\/unterwegs\/transportboxen-taschen\/transportbox-skudo-2-xs-s-35x36x55cm-taupe-sand\/#primaryimage"},"thumbnailUrl":"https:\/\/www.zoohandel.ch\/wp-content\/uploads\/2024\/04\/T39736_gr.jpg","datePublished":"2021-09-19T22:00:00+00:00","dateModified":"2026-04-16T22:39:30+00:00","breadcrumb":{"@id":"https:\/\/www.zoohandel.ch\/de\/shop\/hunde\/unterwegs\/transportboxen-taschen\/transportbox-skudo-2-xs-s-35x36x55cm-taupe-sand\/#breadcrumb"},"inLanguage":"de","potentialAction":[{"@type":"ReadAction","target":["https:\/\/www.zoohandel.ch\/de\/shop\/hunde\/unterwegs\/transportboxen-taschen\/transportbox-skudo-2-xs-s-35x36x55cm-taupe-sand\/"]}]},{"@type":"ImageObject","inLanguage":"de","@id":"https:\/\/www.zoohandel.ch\/de\/shop\/hunde\/unterwegs\/transportboxen-taschen\/transportbox-skudo-2-xs-s-35x36x55cm-taupe-sand\/#primaryimage","url":"https:\/\/www.zoohandel.ch\/wp-content\/uploads\/2024\/04\/T39736_gr.jpg","contentUrl":"https:\/\/www.zoohandel.ch\/wp-content\/uploads\/2024\/04\/T39736_gr.jpg","width":1386,"height":1200},{"@type":"BreadcrumbList","@id":"https:\/\/www.zoohandel.ch\/de\/shop\/hunde\/unterwegs\/transportboxen-taschen\/transportbox-skudo-2-xs-s-35x36x55cm-taupe-sand\/#breadcrumb","itemListElement":[{"@type":"ListItem","position":1,"name":"Startseite","item":"https:\/\/www.zoohandel.ch\/de\/"},{"@type":"ListItem","position":2,"name":"Shop","item":"https:\/\/www.zoohandel.ch\/de\/online-shop-ueber-saemtliche-tierartikel\/"},{"@type":"ListItem","position":3,"name":"Transportbox Skudo 2, XS-S: 35\u00d736\u00d755cm, taupe\/sand"}]},{"@type":"WebSite","@id":"https:\/\/www.zoohandel.ch\/de\/#website","url":"https:\/\/www.zoohandel.ch\/de\/","name":"zoohandel.ch","description":"Das Beste f\u00fcr Ihre Lieblinge","publisher":{"@id":"https:\/\/www.zoohandel.ch\/de\/#organization"},"potentialAction":[{"@type":"SearchAction","target":{"@type":"EntryPoint","urlTemplate":"https:\/\/www.zoohandel.ch\/de\/?s={search_term_string}"},"query-input":{"@type":"PropertyValueSpecification","valueRequired":true,"valueName":"search_term_string"}}],"inLanguage":"de"},{"@type":"Organization","@id":"https:\/\/www.zoohandel.ch\/de\/#organization","name":"zoohandel.ch","url":"https:\/\/www.zoohandel.ch\/de\/","logo":{"@type":"ImageObject","inLanguage":"de","@id":"https:\/\/www.zoohandel.ch\/de\/#\/schema\/logo\/image\/","url":"https:\/\/www.zoohandel.ch\/wp-content\/uploads\/zoohandel-ch.png","contentUrl":"https:\/\/www.zoohandel.ch\/wp-content\/uploads\/zoohandel-ch.png","width":575,"height":171,"caption":"zoohandel.ch"},"image":{"@id":"https:\/\/www.zoohandel.ch\/de\/#\/schema\/logo\/image\/"}}]}},"tiered_pricing_type":"fixed","tiered_pricing_fixed_rules":[],"tiered_pricing_product_settings":{"layout":"default","base_unit_name":{"singular":null,"plural":null},"default_variation":null},"tiered_pricing_minimum_quantity":null,"tiered_pricing_roles_data":[],"tiered_pricing_percentage_rules":[],"_links":{"self":[{"href":"https:\/\/www.zoohandel.ch\/de\/wp-json\/wp\/v2\/product\/394425","targetHints":{"allow":["GET"]}}],"collection":[{"href":"https:\/\/www.zoohandel.ch\/de\/wp-json\/wp\/v2\/product"}],"about":[{"href":"https:\/\/www.zoohandel.ch\/de\/wp-json\/wp\/v2\/types\/product"}],"wp:featuredmedia":[{"embeddable":true,"href":"https:\/\/www.zoohandel.ch\/de\/wp-json\/wp\/v2\/media\/542152"}],"wp:attachment":[{"href":"https:\/\/www.zoohandel.ch\/de\/wp-json\/wp\/v2\/media?parent=394425"}],"wp:term":[{"taxonomy":"product_brand","embeddable":true,"href":"https:\/\/www.zoohandel.ch\/de\/wp-json\/wp\/v2\/product_brand?post=394425"},{"taxonomy":"product_cat","embeddable":true,"href":"https:\/\/www.zoohandel.ch\/de\/wp-json\/wp\/v2\/product_cat?post=394425"},{"taxonomy":"product_tag","embeddable":true,"href":"https:\/\/www.zoohandel.ch\/de\/wp-json\/wp\/v2\/product_tag?post=394425"}],"curies":[{"name":"wp","href":"https:\/\/api.w.org\/{rel}","templated":true}]}}