{"id":413131,"date":"2022-02-23T00:00:00","date_gmt":"2022-02-22T23:00:00","guid":{"rendered":"https:\/\/www.alfauna.ch\/shop\/unkategorisiert\/vogelfutter-bowl-zum-aufhaengen-keramik-12x14x12cm-wald\/"},"modified":"2026-04-17T00:45:16","modified_gmt":"2026-04-16T22:45:16","slug":"vogelfutter-bowl-zum-aufhaengen-keramik-12x14x12cm-wald","status":"publish","type":"product","link":"https:\/\/www.zoohandel.ch\/de\/shop\/gartentiere\/voegel\/futter-wasserspender\/vogelfutter-bowl-zum-aufhaengen-keramik-12x14x12cm-wald\/","title":{"rendered":"Vogelfutter-Bowl zum Aufh\u00e4ngen, Keramik, 12\u00d714\u00d712cm, wald"},"content":{"rendered":"","protected":false},"excerpt":{"rendered":"","protected":false},"featured_media":547476,"template":"","meta":{"_acf_changed":false},"product_brand":[],"product_cat":[3750,3744,3605,3386,3747],"product_tag":[],"class_list":{"0":"post-413131","1":"product","2":"type-product","3":"status-publish","4":"has-post-thumbnail","6":"product_cat-futter-wasserspender","7":"product_cat-gartentiere","8":"product_cat-naepfe-traenken","9":"product_cat-voegel-2","10":"product_cat-voegel","12":"first","13":"instock","14":"taxable","15":"shipping-taxable","16":"purchasable","17":"product-type-simple"},"acf":[],"yoast_head":"<!-- This site is optimized with the Yoast SEO plugin v25.8 - https:\/\/yoast.com\/wordpress\/plugins\/seo\/ -->\n<title>Vogelfutter-Bowl zum Aufh\u00e4ngen, Keramik, 12\u00d714\u00d712cm, wald - zoohandel.ch<\/title>\n<meta name=\"robots\" content=\"index, follow, max-snippet:-1, max-image-preview:large, max-video-preview:-1\" \/>\n<link rel=\"canonical\" href=\"https:\/\/www.zoohandel.ch\/de\/shop\/gartentiere\/voegel\/futter-wasserspender\/vogelfutter-bowl-zum-aufhaengen-keramik-12x14x12cm-wald\/\" \/>\n<meta property=\"og:locale\" content=\"de_DE\" \/>\n<meta property=\"og:type\" content=\"article\" \/>\n<meta property=\"og:title\" content=\"Vogelfutter-Bowl zum Aufh\u00e4ngen, Keramik, 12\u00d714\u00d712cm, wald - zoohandel.ch\" \/>\n<meta property=\"og:url\" content=\"https:\/\/www.zoohandel.ch\/de\/shop\/gartentiere\/voegel\/futter-wasserspender\/vogelfutter-bowl-zum-aufhaengen-keramik-12x14x12cm-wald\/\" \/>\n<meta property=\"og:site_name\" content=\"zoohandel.ch\" \/>\n<meta property=\"article:modified_time\" content=\"2026-04-16T22:45:16+00:00\" \/>\n<meta property=\"og:image\" content=\"https:\/\/www.zoohandel.ch\/wp-content\/uploads\/2024\/04\/T55530_gr.jpg\" \/>\n\t<meta property=\"og:image:width\" content=\"494\" \/>\n\t<meta property=\"og:image:height\" content=\"1200\" \/>\n\t<meta property=\"og:image:type\" content=\"image\/jpeg\" \/>\n<meta name=\"twitter:card\" content=\"summary_large_image\" \/>\n<script type=\"application\/ld+json\" class=\"yoast-schema-graph\">{\"@context\":\"https:\/\/schema.org\",\"@graph\":[{\"@type\":\"WebPage\",\"@id\":\"https:\/\/www.zoohandel.ch\/de\/shop\/gartentiere\/voegel\/futter-wasserspender\/vogelfutter-bowl-zum-aufhaengen-keramik-12x14x12cm-wald\/\",\"url\":\"https:\/\/www.zoohandel.ch\/de\/shop\/gartentiere\/voegel\/futter-wasserspender\/vogelfutter-bowl-zum-aufhaengen-keramik-12x14x12cm-wald\/\",\"name\":\"Vogelfutter-Bowl zum Aufh\u00e4ngen, Keramik, 12\u00d714\u00d712cm, wald - zoohandel.ch\",\"isPartOf\":{\"@id\":\"https:\/\/www.zoohandel.ch\/de\/#website\"},\"primaryImageOfPage\":{\"@id\":\"https:\/\/www.zoohandel.ch\/de\/shop\/gartentiere\/voegel\/futter-wasserspender\/vogelfutter-bowl-zum-aufhaengen-keramik-12x14x12cm-wald\/#primaryimage\"},\"image\":{\"@id\":\"https:\/\/www.zoohandel.ch\/de\/shop\/gartentiere\/voegel\/futter-wasserspender\/vogelfutter-bowl-zum-aufhaengen-keramik-12x14x12cm-wald\/#primaryimage\"},\"thumbnailUrl\":\"https:\/\/www.zoohandel.ch\/wp-content\/uploads\/2024\/04\/T55530_gr.jpg\",\"datePublished\":\"2022-02-22T23:00:00+00:00\",\"dateModified\":\"2026-04-16T22:45:16+00:00\",\"breadcrumb\":{\"@id\":\"https:\/\/www.zoohandel.ch\/de\/shop\/gartentiere\/voegel\/futter-wasserspender\/vogelfutter-bowl-zum-aufhaengen-keramik-12x14x12cm-wald\/#breadcrumb\"},\"inLanguage\":\"de\",\"potentialAction\":[{\"@type\":\"ReadAction\",\"target\":[\"https:\/\/www.zoohandel.ch\/de\/shop\/gartentiere\/voegel\/futter-wasserspender\/vogelfutter-bowl-zum-aufhaengen-keramik-12x14x12cm-wald\/\"]}]},{\"@type\":\"ImageObject\",\"inLanguage\":\"de\",\"@id\":\"https:\/\/www.zoohandel.ch\/de\/shop\/gartentiere\/voegel\/futter-wasserspender\/vogelfutter-bowl-zum-aufhaengen-keramik-12x14x12cm-wald\/#primaryimage\",\"url\":\"https:\/\/www.zoohandel.ch\/wp-content\/uploads\/2024\/04\/T55530_gr.jpg\",\"contentUrl\":\"https:\/\/www.zoohandel.ch\/wp-content\/uploads\/2024\/04\/T55530_gr.jpg\",\"width\":494,\"height\":1200},{\"@type\":\"BreadcrumbList\",\"@id\":\"https:\/\/www.zoohandel.ch\/de\/shop\/gartentiere\/voegel\/futter-wasserspender\/vogelfutter-bowl-zum-aufhaengen-keramik-12x14x12cm-wald\/#breadcrumb\",\"itemListElement\":[{\"@type\":\"ListItem\",\"position\":1,\"name\":\"Startseite\",\"item\":\"https:\/\/www.zoohandel.ch\/de\/\"},{\"@type\":\"ListItem\",\"position\":2,\"name\":\"Shop\",\"item\":\"https:\/\/www.zoohandel.ch\/de\/online-shop-ueber-saemtliche-tierartikel\/\"},{\"@type\":\"ListItem\",\"position\":3,\"name\":\"Vogelfutter-Bowl zum Aufh\u00e4ngen, Keramik, 12\u00d714\u00d712cm, wald\"}]},{\"@type\":\"WebSite\",\"@id\":\"https:\/\/www.zoohandel.ch\/de\/#website\",\"url\":\"https:\/\/www.zoohandel.ch\/de\/\",\"name\":\"zoohandel.ch\",\"description\":\"Das Beste f\u00fcr Ihre Lieblinge\",\"publisher\":{\"@id\":\"https:\/\/www.zoohandel.ch\/de\/#organization\"},\"potentialAction\":[{\"@type\":\"SearchAction\",\"target\":{\"@type\":\"EntryPoint\",\"urlTemplate\":\"https:\/\/www.zoohandel.ch\/de\/?s={search_term_string}\"},\"query-input\":{\"@type\":\"PropertyValueSpecification\",\"valueRequired\":true,\"valueName\":\"search_term_string\"}}],\"inLanguage\":\"de\"},{\"@type\":\"Organization\",\"@id\":\"https:\/\/www.zoohandel.ch\/de\/#organization\",\"name\":\"zoohandel.ch\",\"url\":\"https:\/\/www.zoohandel.ch\/de\/\",\"logo\":{\"@type\":\"ImageObject\",\"inLanguage\":\"de\",\"@id\":\"https:\/\/www.zoohandel.ch\/de\/#\/schema\/logo\/image\/\",\"url\":\"https:\/\/www.zoohandel.ch\/wp-content\/uploads\/zoohandel-ch.png\",\"contentUrl\":\"https:\/\/www.zoohandel.ch\/wp-content\/uploads\/zoohandel-ch.png\",\"width\":575,\"height\":171,\"caption\":\"zoohandel.ch\"},\"image\":{\"@id\":\"https:\/\/www.zoohandel.ch\/de\/#\/schema\/logo\/image\/\"}}]}<\/script>\n<!-- \/ Yoast SEO plugin. -->","yoast_head_json":{"title":"Vogelfutter-Bowl zum Aufh\u00e4ngen, Keramik, 12\u00d714\u00d712cm, wald - zoohandel.ch","robots":{"index":"index","follow":"follow","max-snippet":"max-snippet:-1","max-image-preview":"max-image-preview:large","max-video-preview":"max-video-preview:-1"},"canonical":"https:\/\/www.zoohandel.ch\/de\/shop\/gartentiere\/voegel\/futter-wasserspender\/vogelfutter-bowl-zum-aufhaengen-keramik-12x14x12cm-wald\/","og_locale":"de_DE","og_type":"article","og_title":"Vogelfutter-Bowl zum Aufh\u00e4ngen, Keramik, 12\u00d714\u00d712cm, wald - zoohandel.ch","og_url":"https:\/\/www.zoohandel.ch\/de\/shop\/gartentiere\/voegel\/futter-wasserspender\/vogelfutter-bowl-zum-aufhaengen-keramik-12x14x12cm-wald\/","og_site_name":"zoohandel.ch","article_modified_time":"2026-04-16T22:45:16+00:00","og_image":[{"width":494,"height":1200,"url":"https:\/\/www.zoohandel.ch\/wp-content\/uploads\/2024\/04\/T55530_gr.jpg","type":"image\/jpeg"}],"twitter_card":"summary_large_image","schema":{"@context":"https:\/\/schema.org","@graph":[{"@type":"WebPage","@id":"https:\/\/www.zoohandel.ch\/de\/shop\/gartentiere\/voegel\/futter-wasserspender\/vogelfutter-bowl-zum-aufhaengen-keramik-12x14x12cm-wald\/","url":"https:\/\/www.zoohandel.ch\/de\/shop\/gartentiere\/voegel\/futter-wasserspender\/vogelfutter-bowl-zum-aufhaengen-keramik-12x14x12cm-wald\/","name":"Vogelfutter-Bowl zum Aufh\u00e4ngen, Keramik, 12\u00d714\u00d712cm, wald - zoohandel.ch","isPartOf":{"@id":"https:\/\/www.zoohandel.ch\/de\/#website"},"primaryImageOfPage":{"@id":"https:\/\/www.zoohandel.ch\/de\/shop\/gartentiere\/voegel\/futter-wasserspender\/vogelfutter-bowl-zum-aufhaengen-keramik-12x14x12cm-wald\/#primaryimage"},"image":{"@id":"https:\/\/www.zoohandel.ch\/de\/shop\/gartentiere\/voegel\/futter-wasserspender\/vogelfutter-bowl-zum-aufhaengen-keramik-12x14x12cm-wald\/#primaryimage"},"thumbnailUrl":"https:\/\/www.zoohandel.ch\/wp-content\/uploads\/2024\/04\/T55530_gr.jpg","datePublished":"2022-02-22T23:00:00+00:00","dateModified":"2026-04-16T22:45:16+00:00","breadcrumb":{"@id":"https:\/\/www.zoohandel.ch\/de\/shop\/gartentiere\/voegel\/futter-wasserspender\/vogelfutter-bowl-zum-aufhaengen-keramik-12x14x12cm-wald\/#breadcrumb"},"inLanguage":"de","potentialAction":[{"@type":"ReadAction","target":["https:\/\/www.zoohandel.ch\/de\/shop\/gartentiere\/voegel\/futter-wasserspender\/vogelfutter-bowl-zum-aufhaengen-keramik-12x14x12cm-wald\/"]}]},{"@type":"ImageObject","inLanguage":"de","@id":"https:\/\/www.zoohandel.ch\/de\/shop\/gartentiere\/voegel\/futter-wasserspender\/vogelfutter-bowl-zum-aufhaengen-keramik-12x14x12cm-wald\/#primaryimage","url":"https:\/\/www.zoohandel.ch\/wp-content\/uploads\/2024\/04\/T55530_gr.jpg","contentUrl":"https:\/\/www.zoohandel.ch\/wp-content\/uploads\/2024\/04\/T55530_gr.jpg","width":494,"height":1200},{"@type":"BreadcrumbList","@id":"https:\/\/www.zoohandel.ch\/de\/shop\/gartentiere\/voegel\/futter-wasserspender\/vogelfutter-bowl-zum-aufhaengen-keramik-12x14x12cm-wald\/#breadcrumb","itemListElement":[{"@type":"ListItem","position":1,"name":"Startseite","item":"https:\/\/www.zoohandel.ch\/de\/"},{"@type":"ListItem","position":2,"name":"Shop","item":"https:\/\/www.zoohandel.ch\/de\/online-shop-ueber-saemtliche-tierartikel\/"},{"@type":"ListItem","position":3,"name":"Vogelfutter-Bowl zum Aufh\u00e4ngen, Keramik, 12\u00d714\u00d712cm, wald"}]},{"@type":"WebSite","@id":"https:\/\/www.zoohandel.ch\/de\/#website","url":"https:\/\/www.zoohandel.ch\/de\/","name":"zoohandel.ch","description":"Das Beste f\u00fcr Ihre Lieblinge","publisher":{"@id":"https:\/\/www.zoohandel.ch\/de\/#organization"},"potentialAction":[{"@type":"SearchAction","target":{"@type":"EntryPoint","urlTemplate":"https:\/\/www.zoohandel.ch\/de\/?s={search_term_string}"},"query-input":{"@type":"PropertyValueSpecification","valueRequired":true,"valueName":"search_term_string"}}],"inLanguage":"de"},{"@type":"Organization","@id":"https:\/\/www.zoohandel.ch\/de\/#organization","name":"zoohandel.ch","url":"https:\/\/www.zoohandel.ch\/de\/","logo":{"@type":"ImageObject","inLanguage":"de","@id":"https:\/\/www.zoohandel.ch\/de\/#\/schema\/logo\/image\/","url":"https:\/\/www.zoohandel.ch\/wp-content\/uploads\/zoohandel-ch.png","contentUrl":"https:\/\/www.zoohandel.ch\/wp-content\/uploads\/zoohandel-ch.png","width":575,"height":171,"caption":"zoohandel.ch"},"image":{"@id":"https:\/\/www.zoohandel.ch\/de\/#\/schema\/logo\/image\/"}}]}},"tiered_pricing_type":"fixed","tiered_pricing_fixed_rules":[],"tiered_pricing_product_settings":{"layout":"default","base_unit_name":{"singular":null,"plural":null},"default_variation":null},"tiered_pricing_minimum_quantity":null,"tiered_pricing_roles_data":[],"tiered_pricing_percentage_rules":[],"_links":{"self":[{"href":"https:\/\/www.zoohandel.ch\/de\/wp-json\/wp\/v2\/product\/413131","targetHints":{"allow":["GET"]}}],"collection":[{"href":"https:\/\/www.zoohandel.ch\/de\/wp-json\/wp\/v2\/product"}],"about":[{"href":"https:\/\/www.zoohandel.ch\/de\/wp-json\/wp\/v2\/types\/product"}],"wp:featuredmedia":[{"embeddable":true,"href":"https:\/\/www.zoohandel.ch\/de\/wp-json\/wp\/v2\/media\/547476"}],"wp:attachment":[{"href":"https:\/\/www.zoohandel.ch\/de\/wp-json\/wp\/v2\/media?parent=413131"}],"wp:term":[{"taxonomy":"product_brand","embeddable":true,"href":"https:\/\/www.zoohandel.ch\/de\/wp-json\/wp\/v2\/product_brand?post=413131"},{"taxonomy":"product_cat","embeddable":true,"href":"https:\/\/www.zoohandel.ch\/de\/wp-json\/wp\/v2\/product_cat?post=413131"},{"taxonomy":"product_tag","embeddable":true,"href":"https:\/\/www.zoohandel.ch\/de\/wp-json\/wp\/v2\/product_tag?post=413131"}],"curies":[{"name":"wp","href":"https:\/\/api.w.org\/{rel}","templated":true}]}}