{"id":29973,"date":"2021-07-10T23:53:47","date_gmt":"2021-07-10T21:53:47","guid":{"rendered":"https:\/\/www.alfauna.ch.vasco.sui-inter.net\/avec-quel-animal-pouvons-nous-vous-aider\/"},"modified":"2024-05-07T09:12:46","modified_gmt":"2024-05-07T07:12:46","slug":"avec-quel-animal-pouvons-nous-vous-aider","status":"publish","type":"page","link":"https:\/\/www.zoohandel.ch\/fr\/","title":{"rendered":"Avec quel animal pouvons-nous vous aider?"},"content":{"rendered":"<div class=\"slider-wrapper relative hide-for-small\" id=\"slider-1532469071\" >\n    <div class=\"slider slider-nav-simple slider-nav-large slider-nav-dark slider-style-normal slider-show-nav\"\n        data-flickity-options='{\n            \"cellAlign\": \"center\",\n            \"imagesLoaded\": true,\n            \"lazyLoad\": 1,\n            \"freeScroll\": false,\n            \"wrapAround\": true,\n            \"autoPlay\": 5000,\n            \"pauseAutoPlayOnHover\" : true,\n            \"prevNextButtons\": true,\n            \"contain\" : true,\n            \"adaptiveHeight\" : true,\n            \"dragThreshold\" : 10,\n            \"percentPosition\": true,\n            \"pageDots\": true,\n            \"rightToLeft\": false,\n            \"draggable\": true,\n            \"selectedAttraction\": 0.1,\n            \"parallax\" : 0,\n            \"friction\": 0.6        }'\n        >\n        \n\n  <div class=\"banner has-hover\" id=\"banner-249444560\">\n          <div class=\"banner-inner fill\">\n        <div class=\"banner-bg fill\" >\n            <img loading=\"lazy\" decoding=\"async\" width=\"1920\" height=\"500\" src=\"https:\/\/www.zoohandel.ch\/wp-content\/uploads\/2024\/05\/Zoohandel-Imac-Desktop-Slider.jpeg\" class=\"bg attachment-original size-original\" alt=\"\" \/>                                    \n                    <\/div>\n\t\t\n        <div class=\"banner-layers container\">\n            <div class=\"fill banner-link\"><\/div>            \n   <div id=\"text-box-2086712985\" class=\"text-box banner-layer x10 md-x10 lg-x10 y10 md-y10 lg-y10 res-text\">\n                                <div class=\"text-box-content text dark\">\n              \n              <div class=\"text-inner text-center\">\n                  \n<a data-animate=\"fadeInLeft\" href=\"https:\/\/www.zoohandel.ch\/de\/?s=ciottoli&#038;post_type=product&#038;type_aws=true&#038;aws_id=1&#038;aws_filter=1&#038;lang=de\" class=\"button alert is-xxlarge\" style=\"border-radius:10px;\">\n\t\t<span>Jetzt schnell sein<\/span>\n\t<i class=\"icon-shopping-cart\" aria-hidden=\"true\"><\/i><\/a>\n\n              <\/div>\n           <\/div>\n                            \n<style>\n#text-box-2086712985 {\n  width: 36%;\n}\n#text-box-2086712985 .text-box-content {\n  font-size: 100%;\n}\n<\/style>\n    <\/div>\n \n        <\/div>\n      <\/div>\n\n            \n<style>\n#banner-249444560 {\n  padding-top: 500px;\n}\n<\/style>\n  <\/div>\n\n\n\n  <div class=\"banner has-hover\" id=\"banner-794244698\">\n          <div class=\"banner-inner fill\">\n        <div class=\"banner-bg fill\" >\n            <img loading=\"lazy\" decoding=\"async\" width=\"1920\" height=\"500\" src=\"https:\/\/www.zoohandel.ch\/wp-content\/uploads\/2024\/05\/Sera-Desktop-Slider.jpeg\" class=\"bg attachment-original size-original\" alt=\"\" \/>                                    \n                    <\/div>\n\t\t\n        <div class=\"banner-layers container\">\n            <a class=\"fill\" href=\"\/fr\/shop\"><div class=\"fill banner-link\"><\/div><\/a>            \n   <div id=\"text-box-1835117033\" class=\"text-box banner-layer x30 md-x30 lg-x30 y30 md-y30 lg-y30 res-text\">\n                                <div class=\"text-box-content text dark\">\n              \n              <div class=\"text-inner text-left\">\n                  \n<a data-animate=\"fadeInLeft\" href=\"https:\/\/www.zoohandel.ch\/de\/shop\/produkt-kategorie\/schnaeppchen\/\" class=\"button secondary is-larger\" style=\"border-radius:99px;\">\n\t\t<span>Zu unseren Schn\u00e4ppchen<\/span>\n\t<i class=\"icon-shopping-cart\" aria-hidden=\"true\"><\/i><\/a>\n\n              <\/div>\n           <\/div>\n                            \n<style>\n#text-box-1835117033 {\n  width: 34%;\n}\n#text-box-1835117033 .text-box-content {\n  font-size: 100%;\n}\n<\/style>\n    <\/div>\n \n        <\/div>\n      <\/div>\n\n            \n<style>\n#banner-794244698 {\n  padding-top: 457px;\n}\n@media (min-width:550px) {\n  #banner-794244698 {\n    padding-top: 500px;\n  }\n}\n<\/style>\n  <\/div>\n\n\n     <\/div>\n\n     <div class=\"loading-spin dark large centered\"><\/div>\n\n\t\n<style>\n#slider-1532469071 .flickity-slider > * {\n  max-width: 100%!important;\n}\n<\/style>\n<\/div>\n\n\n<div class=\"slider-wrapper relative show-for-small\" id=\"slider-2069717005\" >\n    <div class=\"slider slider-nav-simple slider-nav-large slider-nav-dark slider-style-normal slider-show-nav\"\n        data-flickity-options='{\n            \"cellAlign\": \"center\",\n            \"imagesLoaded\": true,\n            \"lazyLoad\": 1,\n            \"freeScroll\": false,\n            \"wrapAround\": true,\n            \"autoPlay\": 5000,\n            \"pauseAutoPlayOnHover\" : true,\n            \"prevNextButtons\": true,\n            \"contain\" : true,\n            \"adaptiveHeight\" : true,\n            \"dragThreshold\" : 10,\n            \"percentPosition\": true,\n            \"pageDots\": false,\n            \"rightToLeft\": false,\n            \"draggable\": true,\n            \"selectedAttraction\": 0.1,\n            \"parallax\" : 0,\n            \"friction\": 0.6        }'\n        >\n        \n\n  <div class=\"banner has-hover\" id=\"banner-57899395\">\n          <div class=\"banner-inner fill\">\n        <div class=\"banner-bg fill\" >\n            <img loading=\"lazy\" decoding=\"async\" width=\"1416\" height=\"500\" src=\"https:\/\/www.zoohandel.ch\/wp-content\/uploads\/2024\/05\/Zoohandel-Imac-Responsive-Slider-1.jpeg\" class=\"bg attachment-original size-original\" alt=\"\" \/>                                    \n                    <\/div>\n\t\t\n        <div class=\"banner-layers container\">\n            <div class=\"fill banner-link\"><\/div>            \n   <div id=\"text-box-978490046\" class=\"text-box banner-layer x10 md-x50 lg-x50 y30 md-y50 lg-y50 res-text\">\n                                <div class=\"text-box-content text dark\">\n              \n              <div class=\"text-inner text-center\">\n                  \n<a data-animate=\"fadeInLeft\" href=\"https:\/\/www.zoohandel.ch\/de\/?s=ciottoli&#038;post_type=product&#038;type_aws=true&#038;aws_id=1&#038;aws_filter=1&#038;lang=de\" class=\"button alert is-xsmall\" style=\"border-radius:10px;\">\n\t\t<span>Jetzt schnell sein<\/span>\n\t<i class=\"icon-shopping-cart\" aria-hidden=\"true\"><\/i><\/a>\n\n              <\/div>\n           <\/div>\n                            \n<style>\n#text-box-978490046 {\n  width: 43%;\n}\n#text-box-978490046 .text-box-content {\n  font-size: 100%;\n}\n@media (min-width:550px) {\n  #text-box-978490046 {\n    width: 60%;\n  }\n}\n<\/style>\n    <\/div>\n \n        <\/div>\n      <\/div>\n\n            \n<style>\n#banner-57899395 {\n  padding-top: 150px;\n}\n@media (min-width:550px) {\n  #banner-57899395 {\n    padding-top: 500px;\n  }\n}\n<\/style>\n  <\/div>\n\n\n\n  <div class=\"banner has-hover\" id=\"banner-86600474\">\n          <div class=\"banner-inner fill\">\n        <div class=\"banner-bg fill\" >\n            <img loading=\"lazy\" decoding=\"async\" width=\"1416\" height=\"500\" src=\"https:\/\/www.zoohandel.ch\/wp-content\/uploads\/2024\/05\/Sera-Responsive-Slider.jpeg\" class=\"bg attachment-original size-original\" alt=\"\" \/>                                    \n                    <\/div>\n\t\t\n        <div class=\"banner-layers container\">\n            <a class=\"fill\" href=\"\/de\/shop\/\"><div class=\"fill banner-link\"><\/div><\/a>            \n   <div id=\"text-box-1792410501\" class=\"text-box banner-layer x50 md-x50 lg-x50 y30 md-y50 lg-y50 res-text\">\n                                <div class=\"text-box-content text dark\">\n              \n              <div class=\"text-inner text-center\">\n                  \n<a data-animate=\"fadeInLeft\" href=\"https:\/\/www.zoohandel.ch\/de\/shop\/produkt-kategorie\/schnaeppchen\/\" class=\"button secondary is-xsmall\" style=\"border-radius:99px;\">\n\t\t<span>Zu unseren Schn\u00e4ppchen<\/span>\n\t<\/a>\n\n              <\/div>\n           <\/div>\n                            \n<style>\n#text-box-1792410501 {\n  width: 60%;\n}\n#text-box-1792410501 .text-box-content {\n  font-size: 100%;\n}\n<\/style>\n    <\/div>\n \n        <\/div>\n      <\/div>\n\n            \n<style>\n#banner-86600474 {\n  padding-top: 150px;\n}\n@media (min-width:550px) {\n  #banner-86600474 {\n    padding-top: 500px;\n  }\n}\n<\/style>\n  <\/div>\n\n\n     <\/div>\n\n     <div class=\"loading-spin dark large centered\"><\/div>\n\n\t\n<style>\n#slider-2069717005 .flickity-slider > * {\n  max-width: 100%!important;\n}\n<\/style>\n<\/div>\n\n\n\t<div id=\"gap-674929463\" class=\"gap-element clearfix\" style=\"display:block; height:auto;\">\n\t\t\n<style>\n#gap-674929463 {\n  padding-top: 20px;\n}\n@media (min-width:550px) {\n  #gap-674929463 {\n    padding-top: 50px;\n  }\n}\n<\/style>\n\t<\/div>\n\t\n<div class=\"container section-title-container show-for-small\" style=\"margin-bottom:30px;max-width:100%;\"><h1 class=\"section-title section-title-normal\"><b aria-hidden=\"true\"><\/b><span class=\"section-title-main\" style=\"font-size:130%;\">Avec quel animal pouvons-nous vous aider ?<\/span><b aria-hidden=\"true\"><\/b><\/h1><\/div>\n<div class=\"container section-title-container hide-for-small\" style=\"margin-bottom:30px;max-width:100%;\"><h1 class=\"section-title section-title-center\"><b aria-hidden=\"true\"><\/b><span class=\"section-title-main\" style=\"font-size:130%;\">Avec quel animal pouvons-nous vous aider ?<\/span><b aria-hidden=\"true\"><\/b><\/h1><\/div>\n\n  \n    <div id=\"cats-979822498\" class=\"row large-columns-4 medium-columns-3 small-columns-2 row-normal has-shadow row-box-shadow-2 row-masonry\" data-packery-options='{\"itemSelector\": \".col\", \"gutter\": 0, \"presentageWidth\" : true}'>\n\n  <\/div>\n\t<div id=\"gap-1831550313\" class=\"gap-element clearfix\" style=\"display:block; height:auto;\">\n\t\t\n<style>\n#gap-1831550313 {\n  padding-top: 30px;\n}\n<\/style>\n\t<\/div>\n\t\n","protected":false},"excerpt":{"rendered":"","protected":false},"author":2,"featured_media":0,"parent":0,"menu_order":0,"comment_status":"closed","ping_status":"closed","template":"page-blank.php","meta":{"_acf_changed":false,"footnotes":""},"class_list":["post-29973","page","type-page","status-publish","hentry"],"acf":[],"yoast_head":"<!-- This site is optimized with the Yoast SEO plugin v25.8 - https:\/\/yoast.com\/wordpress\/plugins\/seo\/ -->\n<title>Avec quel animal pouvons-nous vous aider? - zoohandel.ch<\/title>\n<meta name=\"description\" content=\"Un assortiment vari\u00e9 et complet de plus de 6&#039;000 produits de premi\u00e8re qualit\u00e9 pour vos animaux de compagnie!\" \/>\n<meta name=\"robots\" content=\"index, follow, max-snippet:-1, max-image-preview:large, max-video-preview:-1\" \/>\n<link rel=\"canonical\" href=\"https:\/\/www.zoohandel.ch\/fr\/\" \/>\n<meta property=\"og:locale\" content=\"fr_FR\" \/>\n<meta property=\"og:type\" content=\"article\" \/>\n<meta property=\"og:title\" content=\"Avec quel animal pouvons-nous vous aider? - zoohandel.ch\" \/>\n<meta property=\"og:description\" content=\"Un assortiment vari\u00e9 et complet de plus de 6&#039;000 produits de premi\u00e8re qualit\u00e9 pour vos animaux de compagnie!\" \/>\n<meta property=\"og:url\" content=\"https:\/\/www.zoohandel.ch\/fr\/\" \/>\n<meta property=\"og:site_name\" content=\"zoohandel.ch\" \/>\n<meta property=\"article:modified_time\" content=\"2024-05-07T07:12:46+00:00\" \/>\n<meta name=\"twitter:card\" content=\"summary_large_image\" \/>\n<meta name=\"twitter:label1\" content=\"Dur\u00e9e de lecture estim\u00e9e\" \/>\n\t<meta name=\"twitter:data1\" content=\"1 minute\" \/>\n<script type=\"application\/ld+json\" class=\"yoast-schema-graph\">{\"@context\":\"https:\/\/schema.org\",\"@graph\":[{\"@type\":\"WebPage\",\"@id\":\"https:\/\/www.zoohandel.ch\/fr\/\",\"url\":\"https:\/\/www.zoohandel.ch\/fr\/\",\"name\":\"Avec quel animal pouvons-nous vous aider? - zoohandel.ch\",\"isPartOf\":{\"@id\":\"https:\/\/www.zoohandel.ch\/fr\/#website\"},\"datePublished\":\"2021-07-10T21:53:47+00:00\",\"dateModified\":\"2024-05-07T07:12:46+00:00\",\"description\":\"Un assortiment vari\u00e9 et complet de plus de 6'000 produits de premi\u00e8re qualit\u00e9 pour vos animaux de compagnie!\",\"breadcrumb\":{\"@id\":\"https:\/\/www.zoohandel.ch\/fr\/#breadcrumb\"},\"inLanguage\":\"fr-FR\",\"potentialAction\":[{\"@type\":\"ReadAction\",\"target\":[\"https:\/\/www.zoohandel.ch\/fr\/\"]}]},{\"@type\":\"BreadcrumbList\",\"@id\":\"https:\/\/www.zoohandel.ch\/fr\/#breadcrumb\",\"itemListElement\":[{\"@type\":\"ListItem\",\"position\":1,\"name\":\"Startseite\",\"item\":\"https:\/\/www.zoohandel.ch\/fr\/\"},{\"@type\":\"ListItem\",\"position\":2,\"name\":\"Avec quel animal pouvons-nous vous aider?\"}]},{\"@type\":\"WebSite\",\"@id\":\"https:\/\/www.zoohandel.ch\/fr\/#website\",\"url\":\"https:\/\/www.zoohandel.ch\/fr\/\",\"name\":\"zoohandel.ch\",\"description\":\"Das Beste f\u00fcr Ihre Lieblinge\",\"publisher\":{\"@id\":\"https:\/\/www.zoohandel.ch\/fr\/#organization\"},\"potentialAction\":[{\"@type\":\"SearchAction\",\"target\":{\"@type\":\"EntryPoint\",\"urlTemplate\":\"https:\/\/www.zoohandel.ch\/fr\/?s={search_term_string}\"},\"query-input\":{\"@type\":\"PropertyValueSpecification\",\"valueRequired\":true,\"valueName\":\"search_term_string\"}}],\"inLanguage\":\"fr-FR\"},{\"@type\":\"Organization\",\"@id\":\"https:\/\/www.zoohandel.ch\/fr\/#organization\",\"name\":\"zoohandel.ch\",\"url\":\"https:\/\/www.zoohandel.ch\/fr\/\",\"logo\":{\"@type\":\"ImageObject\",\"inLanguage\":\"fr-FR\",\"@id\":\"https:\/\/www.zoohandel.ch\/fr\/#\/schema\/logo\/image\/\",\"url\":\"https:\/\/www.zoohandel.ch\/wp-content\/uploads\/zoohandel-ch.png\",\"contentUrl\":\"https:\/\/www.zoohandel.ch\/wp-content\/uploads\/zoohandel-ch.png\",\"width\":575,\"height\":171,\"caption\":\"zoohandel.ch\"},\"image\":{\"@id\":\"https:\/\/www.zoohandel.ch\/fr\/#\/schema\/logo\/image\/\"}}]}<\/script>\n<!-- \/ Yoast SEO plugin. -->","yoast_head_json":{"title":"Avec quel animal pouvons-nous vous aider? - zoohandel.ch","description":"Un assortiment vari\u00e9 et complet de plus de 6'000 produits de premi\u00e8re qualit\u00e9 pour vos animaux de compagnie!","robots":{"index":"index","follow":"follow","max-snippet":"max-snippet:-1","max-image-preview":"max-image-preview:large","max-video-preview":"max-video-preview:-1"},"canonical":"https:\/\/www.zoohandel.ch\/fr\/","og_locale":"fr_FR","og_type":"article","og_title":"Avec quel animal pouvons-nous vous aider? - zoohandel.ch","og_description":"Un assortiment vari\u00e9 et complet de plus de 6'000 produits de premi\u00e8re qualit\u00e9 pour vos animaux de compagnie!","og_url":"https:\/\/www.zoohandel.ch\/fr\/","og_site_name":"zoohandel.ch","article_modified_time":"2024-05-07T07:12:46+00:00","twitter_card":"summary_large_image","twitter_misc":{"Dur\u00e9e de lecture estim\u00e9e":"1 minute"},"schema":{"@context":"https:\/\/schema.org","@graph":[{"@type":"WebPage","@id":"https:\/\/www.zoohandel.ch\/fr\/","url":"https:\/\/www.zoohandel.ch\/fr\/","name":"Avec quel animal pouvons-nous vous aider? - zoohandel.ch","isPartOf":{"@id":"https:\/\/www.zoohandel.ch\/fr\/#website"},"datePublished":"2021-07-10T21:53:47+00:00","dateModified":"2024-05-07T07:12:46+00:00","description":"Un assortiment vari\u00e9 et complet de plus de 6'000 produits de premi\u00e8re qualit\u00e9 pour vos animaux de compagnie!","breadcrumb":{"@id":"https:\/\/www.zoohandel.ch\/fr\/#breadcrumb"},"inLanguage":"fr-FR","potentialAction":[{"@type":"ReadAction","target":["https:\/\/www.zoohandel.ch\/fr\/"]}]},{"@type":"BreadcrumbList","@id":"https:\/\/www.zoohandel.ch\/fr\/#breadcrumb","itemListElement":[{"@type":"ListItem","position":1,"name":"Startseite","item":"https:\/\/www.zoohandel.ch\/fr\/"},{"@type":"ListItem","position":2,"name":"Avec quel animal pouvons-nous vous aider?"}]},{"@type":"WebSite","@id":"https:\/\/www.zoohandel.ch\/fr\/#website","url":"https:\/\/www.zoohandel.ch\/fr\/","name":"zoohandel.ch","description":"Das Beste f\u00fcr Ihre Lieblinge","publisher":{"@id":"https:\/\/www.zoohandel.ch\/fr\/#organization"},"potentialAction":[{"@type":"SearchAction","target":{"@type":"EntryPoint","urlTemplate":"https:\/\/www.zoohandel.ch\/fr\/?s={search_term_string}"},"query-input":{"@type":"PropertyValueSpecification","valueRequired":true,"valueName":"search_term_string"}}],"inLanguage":"fr-FR"},{"@type":"Organization","@id":"https:\/\/www.zoohandel.ch\/fr\/#organization","name":"zoohandel.ch","url":"https:\/\/www.zoohandel.ch\/fr\/","logo":{"@type":"ImageObject","inLanguage":"fr-FR","@id":"https:\/\/www.zoohandel.ch\/fr\/#\/schema\/logo\/image\/","url":"https:\/\/www.zoohandel.ch\/wp-content\/uploads\/zoohandel-ch.png","contentUrl":"https:\/\/www.zoohandel.ch\/wp-content\/uploads\/zoohandel-ch.png","width":575,"height":171,"caption":"zoohandel.ch"},"image":{"@id":"https:\/\/www.zoohandel.ch\/fr\/#\/schema\/logo\/image\/"}}]}},"_links":{"self":[{"href":"https:\/\/www.zoohandel.ch\/fr\/wp-json\/wp\/v2\/pages\/29973","targetHints":{"allow":["GET"]}}],"collection":[{"href":"https:\/\/www.zoohandel.ch\/fr\/wp-json\/wp\/v2\/pages"}],"about":[{"href":"https:\/\/www.zoohandel.ch\/fr\/wp-json\/wp\/v2\/types\/page"}],"author":[{"embeddable":true,"href":"https:\/\/www.zoohandel.ch\/fr\/wp-json\/wp\/v2\/users\/2"}],"replies":[{"embeddable":true,"href":"https:\/\/www.zoohandel.ch\/fr\/wp-json\/wp\/v2\/comments?post=29973"}],"version-history":[{"count":64,"href":"https:\/\/www.zoohandel.ch\/fr\/wp-json\/wp\/v2\/pages\/29973\/revisions"}],"predecessor-version":[{"id":552968,"href":"https:\/\/www.zoohandel.ch\/fr\/wp-json\/wp\/v2\/pages\/29973\/revisions\/552968"}],"wp:attachment":[{"href":"https:\/\/www.zoohandel.ch\/fr\/wp-json\/wp\/v2\/media?parent=29973"}],"curies":[{"name":"wp","href":"https:\/\/api.w.org\/{rel}","templated":true}]}}