{"id":208962,"date":"2021-06-04T00:00:00","date_gmt":"2021-06-03T22:00:00","guid":{"rendered":"https:\/\/www.alfauna.ch.vasco.sui-inter.net\/shop\/non%20class\u00e9\/flash-anneau-lumineux-usb-en-silicone-xs-xl-70cm-oe-10mm\/"},"modified":"2026-04-17T02:29:30","modified_gmt":"2026-04-17T00:29:30","slug":"flash-anneau-lumineux-usb-en-silicone-xs-xl-70cm-oe-10mm","status":"publish","type":"product","link":"https:\/\/www.zoohandel.ch\/fr\/boutique\/chiens\/laisses-colliers-harnais\/colliers\/flash-anneau-lumineux-usb-en-silicone-xs-xl-70cm-oe-10mm\/","title":{"rendered":"Flash anneau lumineux USB, en silicone, XS-XL: 70cm\/\u00f8 10mm,"},"content":{"rendered":"<p>en silicone\/plastique<br \/>\njusqu&rsquo;\u00e0 3,5 heures en \u00e9clairage clignotant et environ 1,5 heures en \u00e9clairage continu<br \/>\nr\u00e9siste aux \u00e9claboussures<br \/>\nfermeture par clic<br \/>\ntaille r\u00e9glable par simple coupe<br \/>\nc\u00e2ble USB incl. (adaptateur disponible s\u00e9par\u00e9ment art 12709)<\/p>\n","protected":false},"excerpt":{"rendered":"<p>en silicone\/plastique jusqu&rsquo;\u00e0 3,5 heures en \u00e9clairage clignotant et environ 1,5 heures en \u00e9clairage continu r\u00e9siste aux \u00e9claboussures fermeture par clic taille r\u00e9glable par simple coupe c\u00e2ble USB incl. (adaptateur disponible s\u00e9par\u00e9ment art 12709)<\/p>\n","protected":false},"featured_media":524784,"template":"","meta":{"_acf_changed":false},"product_brand":[],"product_cat":[3094,3875,3873],"product_tag":[],"class_list":{"0":"post-208962","1":"product","2":"type-product","3":"status-publish","4":"has-post-thumbnail","6":"product_cat-chiens","7":"product_cat-colliers","8":"product_cat-laisses-colliers-harnais","10":"first","11":"instock","12":"taxable","13":"shipping-taxable","14":"purchasable","15":"product-type-simple"},"acf":[],"yoast_head":"<!-- This site is optimized with the Yoast SEO plugin v25.8 - https:\/\/yoast.com\/wordpress\/plugins\/seo\/ -->\n<title>Flash anneau lumineux USB, en silicone, XS-XL: 70cm\/\u00f8 10mm, - zoohandel.ch<\/title>\n<meta name=\"robots\" content=\"index, follow, max-snippet:-1, max-image-preview:large, max-video-preview:-1\" \/>\n<link rel=\"canonical\" href=\"https:\/\/www.zoohandel.ch\/fr\/boutique\/chiens\/laisses-colliers-harnais\/colliers\/flash-anneau-lumineux-usb-en-silicone-xs-xl-70cm-oe-10mm\/\" \/>\n<meta property=\"og:locale\" content=\"fr_FR\" \/>\n<meta property=\"og:type\" content=\"article\" \/>\n<meta property=\"og:title\" content=\"Flash anneau lumineux USB, en silicone, XS-XL: 70cm\/\u00f8 10mm, - zoohandel.ch\" \/>\n<meta property=\"og:description\" content=\"en silicone\/plastique jusqu&rsquo;\u00e0 3,5 heures en \u00e9clairage clignotant et environ 1,5 heures en \u00e9clairage continu r\u00e9siste aux \u00e9claboussures fermeture par clic taille r\u00e9glable par simple coupe c\u00e2ble USB incl. (adaptateur disponible s\u00e9par\u00e9ment art 12709)\" \/>\n<meta property=\"og:url\" content=\"https:\/\/www.zoohandel.ch\/fr\/boutique\/chiens\/laisses-colliers-harnais\/colliers\/flash-anneau-lumineux-usb-en-silicone-xs-xl-70cm-oe-10mm\/\" \/>\n<meta property=\"og:site_name\" content=\"zoohandel.ch\" \/>\n<meta property=\"article:modified_time\" content=\"2026-04-17T00:29:30+00:00\" \/>\n<meta property=\"og:image\" content=\"https:\/\/www.zoohandel.ch\/wp-content\/uploads\/2024\/04\/T12648_gr.jpg\" \/>\n\t<meta property=\"og:image:width\" content=\"1600\" \/>\n\t<meta property=\"og:image:height\" content=\"723\" \/>\n\t<meta property=\"og:image:type\" content=\"image\/jpeg\" \/>\n<meta name=\"twitter:card\" content=\"summary_large_image\" \/>\n<script type=\"application\/ld+json\" class=\"yoast-schema-graph\">{\"@context\":\"https:\/\/schema.org\",\"@graph\":[{\"@type\":\"WebPage\",\"@id\":\"https:\/\/www.zoohandel.ch\/fr\/boutique\/chiens\/laisses-colliers-harnais\/colliers\/flash-anneau-lumineux-usb-en-silicone-xs-xl-70cm-oe-10mm\/\",\"url\":\"https:\/\/www.zoohandel.ch\/fr\/boutique\/chiens\/laisses-colliers-harnais\/colliers\/flash-anneau-lumineux-usb-en-silicone-xs-xl-70cm-oe-10mm\/\",\"name\":\"Flash anneau lumineux USB, en silicone, XS-XL: 70cm\/\u00f8 10mm, - zoohandel.ch\",\"isPartOf\":{\"@id\":\"https:\/\/www.zoohandel.ch\/fr\/#website\"},\"primaryImageOfPage\":{\"@id\":\"https:\/\/www.zoohandel.ch\/fr\/boutique\/chiens\/laisses-colliers-harnais\/colliers\/flash-anneau-lumineux-usb-en-silicone-xs-xl-70cm-oe-10mm\/#primaryimage\"},\"image\":{\"@id\":\"https:\/\/www.zoohandel.ch\/fr\/boutique\/chiens\/laisses-colliers-harnais\/colliers\/flash-anneau-lumineux-usb-en-silicone-xs-xl-70cm-oe-10mm\/#primaryimage\"},\"thumbnailUrl\":\"https:\/\/www.zoohandel.ch\/wp-content\/uploads\/2024\/04\/T12648_gr.jpg\",\"datePublished\":\"2021-06-03T22:00:00+00:00\",\"dateModified\":\"2026-04-17T00:29:30+00:00\",\"breadcrumb\":{\"@id\":\"https:\/\/www.zoohandel.ch\/fr\/boutique\/chiens\/laisses-colliers-harnais\/colliers\/flash-anneau-lumineux-usb-en-silicone-xs-xl-70cm-oe-10mm\/#breadcrumb\"},\"inLanguage\":\"fr-FR\",\"potentialAction\":[{\"@type\":\"ReadAction\",\"target\":[\"https:\/\/www.zoohandel.ch\/fr\/boutique\/chiens\/laisses-colliers-harnais\/colliers\/flash-anneau-lumineux-usb-en-silicone-xs-xl-70cm-oe-10mm\/\"]}]},{\"@type\":\"ImageObject\",\"inLanguage\":\"fr-FR\",\"@id\":\"https:\/\/www.zoohandel.ch\/fr\/boutique\/chiens\/laisses-colliers-harnais\/colliers\/flash-anneau-lumineux-usb-en-silicone-xs-xl-70cm-oe-10mm\/#primaryimage\",\"url\":\"https:\/\/www.zoohandel.ch\/wp-content\/uploads\/2024\/04\/T12648_gr.jpg\",\"contentUrl\":\"https:\/\/www.zoohandel.ch\/wp-content\/uploads\/2024\/04\/T12648_gr.jpg\",\"width\":1600,\"height\":723},{\"@type\":\"BreadcrumbList\",\"@id\":\"https:\/\/www.zoohandel.ch\/fr\/boutique\/chiens\/laisses-colliers-harnais\/colliers\/flash-anneau-lumineux-usb-en-silicone-xs-xl-70cm-oe-10mm\/#breadcrumb\",\"itemListElement\":[{\"@type\":\"ListItem\",\"position\":1,\"name\":\"Startseite\",\"item\":\"https:\/\/www.zoohandel.ch\/fr\/\"},{\"@type\":\"ListItem\",\"position\":2,\"name\":\"Boutique\",\"item\":\"https:\/\/www.zoohandel.ch\/fr\/boutique\/\"},{\"@type\":\"ListItem\",\"position\":3,\"name\":\"Flash anneau lumineux USB, en silicone, XS-XL: 70cm\/\u00f8 10mm,\"}]},{\"@type\":\"WebSite\",\"@id\":\"https:\/\/www.zoohandel.ch\/fr\/#website\",\"url\":\"https:\/\/www.zoohandel.ch\/fr\/\",\"name\":\"zoohandel.ch\",\"description\":\"Das Beste f\u00fcr Ihre Lieblinge\",\"publisher\":{\"@id\":\"https:\/\/www.zoohandel.ch\/fr\/#organization\"},\"potentialAction\":[{\"@type\":\"SearchAction\",\"target\":{\"@type\":\"EntryPoint\",\"urlTemplate\":\"https:\/\/www.zoohandel.ch\/fr\/?s={search_term_string}\"},\"query-input\":{\"@type\":\"PropertyValueSpecification\",\"valueRequired\":true,\"valueName\":\"search_term_string\"}}],\"inLanguage\":\"fr-FR\"},{\"@type\":\"Organization\",\"@id\":\"https:\/\/www.zoohandel.ch\/fr\/#organization\",\"name\":\"zoohandel.ch\",\"url\":\"https:\/\/www.zoohandel.ch\/fr\/\",\"logo\":{\"@type\":\"ImageObject\",\"inLanguage\":\"fr-FR\",\"@id\":\"https:\/\/www.zoohandel.ch\/fr\/#\/schema\/logo\/image\/\",\"url\":\"https:\/\/www.zoohandel.ch\/wp-content\/uploads\/zoohandel-ch.png\",\"contentUrl\":\"https:\/\/www.zoohandel.ch\/wp-content\/uploads\/zoohandel-ch.png\",\"width\":575,\"height\":171,\"caption\":\"zoohandel.ch\"},\"image\":{\"@id\":\"https:\/\/www.zoohandel.ch\/fr\/#\/schema\/logo\/image\/\"}}]}<\/script>\n<!-- \/ Yoast SEO plugin. -->","yoast_head_json":{"title":"Flash anneau lumineux USB, en silicone, XS-XL: 70cm\/\u00f8 10mm, - zoohandel.ch","robots":{"index":"index","follow":"follow","max-snippet":"max-snippet:-1","max-image-preview":"max-image-preview:large","max-video-preview":"max-video-preview:-1"},"canonical":"https:\/\/www.zoohandel.ch\/fr\/boutique\/chiens\/laisses-colliers-harnais\/colliers\/flash-anneau-lumineux-usb-en-silicone-xs-xl-70cm-oe-10mm\/","og_locale":"fr_FR","og_type":"article","og_title":"Flash anneau lumineux USB, en silicone, XS-XL: 70cm\/\u00f8 10mm, - zoohandel.ch","og_description":"en silicone\/plastique jusqu&rsquo;\u00e0 3,5 heures en \u00e9clairage clignotant et environ 1,5 heures en \u00e9clairage continu r\u00e9siste aux \u00e9claboussures fermeture par clic taille r\u00e9glable par simple coupe c\u00e2ble USB incl. (adaptateur disponible s\u00e9par\u00e9ment art 12709)","og_url":"https:\/\/www.zoohandel.ch\/fr\/boutique\/chiens\/laisses-colliers-harnais\/colliers\/flash-anneau-lumineux-usb-en-silicone-xs-xl-70cm-oe-10mm\/","og_site_name":"zoohandel.ch","article_modified_time":"2026-04-17T00:29:30+00:00","og_image":[{"width":1600,"height":723,"url":"https:\/\/www.zoohandel.ch\/wp-content\/uploads\/2024\/04\/T12648_gr.jpg","type":"image\/jpeg"}],"twitter_card":"summary_large_image","schema":{"@context":"https:\/\/schema.org","@graph":[{"@type":"WebPage","@id":"https:\/\/www.zoohandel.ch\/fr\/boutique\/chiens\/laisses-colliers-harnais\/colliers\/flash-anneau-lumineux-usb-en-silicone-xs-xl-70cm-oe-10mm\/","url":"https:\/\/www.zoohandel.ch\/fr\/boutique\/chiens\/laisses-colliers-harnais\/colliers\/flash-anneau-lumineux-usb-en-silicone-xs-xl-70cm-oe-10mm\/","name":"Flash anneau lumineux USB, en silicone, XS-XL: 70cm\/\u00f8 10mm, - zoohandel.ch","isPartOf":{"@id":"https:\/\/www.zoohandel.ch\/fr\/#website"},"primaryImageOfPage":{"@id":"https:\/\/www.zoohandel.ch\/fr\/boutique\/chiens\/laisses-colliers-harnais\/colliers\/flash-anneau-lumineux-usb-en-silicone-xs-xl-70cm-oe-10mm\/#primaryimage"},"image":{"@id":"https:\/\/www.zoohandel.ch\/fr\/boutique\/chiens\/laisses-colliers-harnais\/colliers\/flash-anneau-lumineux-usb-en-silicone-xs-xl-70cm-oe-10mm\/#primaryimage"},"thumbnailUrl":"https:\/\/www.zoohandel.ch\/wp-content\/uploads\/2024\/04\/T12648_gr.jpg","datePublished":"2021-06-03T22:00:00+00:00","dateModified":"2026-04-17T00:29:30+00:00","breadcrumb":{"@id":"https:\/\/www.zoohandel.ch\/fr\/boutique\/chiens\/laisses-colliers-harnais\/colliers\/flash-anneau-lumineux-usb-en-silicone-xs-xl-70cm-oe-10mm\/#breadcrumb"},"inLanguage":"fr-FR","potentialAction":[{"@type":"ReadAction","target":["https:\/\/www.zoohandel.ch\/fr\/boutique\/chiens\/laisses-colliers-harnais\/colliers\/flash-anneau-lumineux-usb-en-silicone-xs-xl-70cm-oe-10mm\/"]}]},{"@type":"ImageObject","inLanguage":"fr-FR","@id":"https:\/\/www.zoohandel.ch\/fr\/boutique\/chiens\/laisses-colliers-harnais\/colliers\/flash-anneau-lumineux-usb-en-silicone-xs-xl-70cm-oe-10mm\/#primaryimage","url":"https:\/\/www.zoohandel.ch\/wp-content\/uploads\/2024\/04\/T12648_gr.jpg","contentUrl":"https:\/\/www.zoohandel.ch\/wp-content\/uploads\/2024\/04\/T12648_gr.jpg","width":1600,"height":723},{"@type":"BreadcrumbList","@id":"https:\/\/www.zoohandel.ch\/fr\/boutique\/chiens\/laisses-colliers-harnais\/colliers\/flash-anneau-lumineux-usb-en-silicone-xs-xl-70cm-oe-10mm\/#breadcrumb","itemListElement":[{"@type":"ListItem","position":1,"name":"Startseite","item":"https:\/\/www.zoohandel.ch\/fr\/"},{"@type":"ListItem","position":2,"name":"Boutique","item":"https:\/\/www.zoohandel.ch\/fr\/boutique\/"},{"@type":"ListItem","position":3,"name":"Flash anneau lumineux USB, en silicone, XS-XL: 70cm\/\u00f8 10mm,"}]},{"@type":"WebSite","@id":"https:\/\/www.zoohandel.ch\/fr\/#website","url":"https:\/\/www.zoohandel.ch\/fr\/","name":"zoohandel.ch","description":"Das Beste f\u00fcr Ihre Lieblinge","publisher":{"@id":"https:\/\/www.zoohandel.ch\/fr\/#organization"},"potentialAction":[{"@type":"SearchAction","target":{"@type":"EntryPoint","urlTemplate":"https:\/\/www.zoohandel.ch\/fr\/?s={search_term_string}"},"query-input":{"@type":"PropertyValueSpecification","valueRequired":true,"valueName":"search_term_string"}}],"inLanguage":"fr-FR"},{"@type":"Organization","@id":"https:\/\/www.zoohandel.ch\/fr\/#organization","name":"zoohandel.ch","url":"https:\/\/www.zoohandel.ch\/fr\/","logo":{"@type":"ImageObject","inLanguage":"fr-FR","@id":"https:\/\/www.zoohandel.ch\/fr\/#\/schema\/logo\/image\/","url":"https:\/\/www.zoohandel.ch\/wp-content\/uploads\/zoohandel-ch.png","contentUrl":"https:\/\/www.zoohandel.ch\/wp-content\/uploads\/zoohandel-ch.png","width":575,"height":171,"caption":"zoohandel.ch"},"image":{"@id":"https:\/\/www.zoohandel.ch\/fr\/#\/schema\/logo\/image\/"}}]}},"tiered_pricing_type":"fixed","tiered_pricing_fixed_rules":[],"tiered_pricing_product_settings":{"layout":"default","base_unit_name":{"singular":null,"plural":null},"default_variation":null},"tiered_pricing_minimum_quantity":null,"tiered_pricing_roles_data":[],"tiered_pricing_percentage_rules":[],"_links":{"self":[{"href":"https:\/\/www.zoohandel.ch\/fr\/wp-json\/wp\/v2\/product\/208962","targetHints":{"allow":["GET"]}}],"collection":[{"href":"https:\/\/www.zoohandel.ch\/fr\/wp-json\/wp\/v2\/product"}],"about":[{"href":"https:\/\/www.zoohandel.ch\/fr\/wp-json\/wp\/v2\/types\/product"}],"wp:featuredmedia":[{"embeddable":true,"href":"https:\/\/www.zoohandel.ch\/fr\/wp-json\/wp\/v2\/media\/524784"}],"wp:attachment":[{"href":"https:\/\/www.zoohandel.ch\/fr\/wp-json\/wp\/v2\/media?parent=208962"}],"wp:term":[{"taxonomy":"product_brand","embeddable":true,"href":"https:\/\/www.zoohandel.ch\/fr\/wp-json\/wp\/v2\/product_brand?post=208962"},{"taxonomy":"product_cat","embeddable":true,"href":"https:\/\/www.zoohandel.ch\/fr\/wp-json\/wp\/v2\/product_cat?post=208962"},{"taxonomy":"product_tag","embeddable":true,"href":"https:\/\/www.zoohandel.ch\/fr\/wp-json\/wp\/v2\/product_tag?post=208962"}],"curies":[{"name":"wp","href":"https:\/\/api.w.org\/{rel}","templated":true}]}}