{"id":209072,"date":"2018-07-12T00:00:00","date_gmt":"2018-07-11T22:00:00","guid":{"rendered":"https:\/\/www.alfauna.ch.vasco.sui-inter.net\/shop\/non%20class\u00e9\/ceinture-ventrale-avec-laisse-75-120cm-noir\/"},"modified":"2026-04-17T05:58:34","modified_gmt":"2026-04-17T03:58:34","slug":"ceinture-vent-avec-laisse-doublee-en-neopr-sang-25mm","status":"publish","type":"product","link":"https:\/\/www.zoohandel.ch\/fr\/boutique\/chiens\/en-route\/jogging-accessoires\/ceinture-vent-avec-laisse-doublee-en-neopr-sang-25mm\/","title":{"rendered":"Ceinture vent. avec laisse, doubl\u00e9e en n\u00e9opr., sang."},"content":{"rendered":"<p>pour chiens de moyenne et grande taille<br \/>\nconvient parfaitement au jogging, \u00e0 la marche nordique, etc.<br \/>\navec boucle r\u00e9duisant la traction<br \/>\nconfortable \u00e0 porter gr\u00e2ce \u00e0 la doublure n\u00e9opr\u00e8ne<br \/>\nles tractions soudaines du chien sont att\u00e9nu\u00e9es par l&rsquo;amo<\/p>\n","protected":false},"excerpt":{"rendered":"<p>pour chiens de moyenne et grande taille convient parfaitement au jogging, \u00e0 la marche nordique, etc. avec boucle r\u00e9duisant la traction confortable \u00e0 porter gr\u00e2ce \u00e0 la doublure n\u00e9opr\u00e8ne les tractions soudaines du chien sont att\u00e9nu\u00e9es par l&rsquo;amo<\/p>\n","protected":false},"featured_media":524946,"template":"","meta":{"_acf_changed":false},"product_brand":[],"product_cat":[3094,3884,4157],"product_tag":[],"class_list":{"0":"post-209072","1":"product","2":"type-product","3":"status-publish","4":"has-post-thumbnail","6":"product_cat-chiens","7":"product_cat-en-route","8":"product_cat-jogging-accessoires","10":"first","11":"instock","12":"taxable","13":"shipping-taxable","14":"purchasable","15":"product-type-simple"},"acf":[],"yoast_head":"<!-- This site is optimized with the Yoast SEO plugin v25.8 - https:\/\/yoast.com\/wordpress\/plugins\/seo\/ -->\n<title>Ceinture vent. avec laisse, doubl\u00e9e en n\u00e9opr., sang. - zoohandel.ch<\/title>\n<meta name=\"robots\" content=\"index, follow, max-snippet:-1, max-image-preview:large, max-video-preview:-1\" \/>\n<link rel=\"canonical\" href=\"https:\/\/www.zoohandel.ch\/fr\/boutique\/chiens\/en-route\/jogging-accessoires\/ceinture-vent-avec-laisse-doublee-en-neopr-sang-25mm\/\" \/>\n<meta property=\"og:locale\" content=\"fr_FR\" \/>\n<meta property=\"og:type\" content=\"article\" \/>\n<meta property=\"og:title\" content=\"Ceinture vent. avec laisse, doubl\u00e9e en n\u00e9opr., sang. - zoohandel.ch\" \/>\n<meta property=\"og:description\" content=\"pour chiens de moyenne et grande taille convient parfaitement au jogging, \u00e0 la marche nordique, etc. avec boucle r\u00e9duisant la traction confortable \u00e0 porter gr\u00e2ce \u00e0 la doublure n\u00e9opr\u00e8ne les tractions soudaines du chien sont att\u00e9nu\u00e9es par l&rsquo;amo\" \/>\n<meta property=\"og:url\" content=\"https:\/\/www.zoohandel.ch\/fr\/boutique\/chiens\/en-route\/jogging-accessoires\/ceinture-vent-avec-laisse-doublee-en-neopr-sang-25mm\/\" \/>\n<meta property=\"og:site_name\" content=\"zoohandel.ch\" \/>\n<meta property=\"article:modified_time\" content=\"2026-04-17T03:58:34+00:00\" \/>\n<meta property=\"og:image\" content=\"https:\/\/www.zoohandel.ch\/wp-content\/uploads\/2024\/04\/T12767_gr.jpg\" \/>\n\t<meta property=\"og:image:width\" content=\"1200\" \/>\n\t<meta property=\"og:image:height\" content=\"1200\" \/>\n\t<meta property=\"og:image:type\" content=\"image\/jpeg\" \/>\n<meta name=\"twitter:card\" content=\"summary_large_image\" \/>\n<script type=\"application\/ld+json\" class=\"yoast-schema-graph\">{\"@context\":\"https:\/\/schema.org\",\"@graph\":[{\"@type\":\"WebPage\",\"@id\":\"https:\/\/www.zoohandel.ch\/fr\/boutique\/chiens\/en-route\/jogging-accessoires\/ceinture-vent-avec-laisse-doublee-en-neopr-sang-25mm\/\",\"url\":\"https:\/\/www.zoohandel.ch\/fr\/boutique\/chiens\/en-route\/jogging-accessoires\/ceinture-vent-avec-laisse-doublee-en-neopr-sang-25mm\/\",\"name\":\"Ceinture vent. avec laisse, doubl\u00e9e en n\u00e9opr., sang. - zoohandel.ch\",\"isPartOf\":{\"@id\":\"https:\/\/www.zoohandel.ch\/fr\/#website\"},\"primaryImageOfPage\":{\"@id\":\"https:\/\/www.zoohandel.ch\/fr\/boutique\/chiens\/en-route\/jogging-accessoires\/ceinture-vent-avec-laisse-doublee-en-neopr-sang-25mm\/#primaryimage\"},\"image\":{\"@id\":\"https:\/\/www.zoohandel.ch\/fr\/boutique\/chiens\/en-route\/jogging-accessoires\/ceinture-vent-avec-laisse-doublee-en-neopr-sang-25mm\/#primaryimage\"},\"thumbnailUrl\":\"https:\/\/www.zoohandel.ch\/wp-content\/uploads\/2024\/04\/T12767_gr.jpg\",\"datePublished\":\"2018-07-11T22:00:00+00:00\",\"dateModified\":\"2026-04-17T03:58:34+00:00\",\"breadcrumb\":{\"@id\":\"https:\/\/www.zoohandel.ch\/fr\/boutique\/chiens\/en-route\/jogging-accessoires\/ceinture-vent-avec-laisse-doublee-en-neopr-sang-25mm\/#breadcrumb\"},\"inLanguage\":\"fr-FR\",\"potentialAction\":[{\"@type\":\"ReadAction\",\"target\":[\"https:\/\/www.zoohandel.ch\/fr\/boutique\/chiens\/en-route\/jogging-accessoires\/ceinture-vent-avec-laisse-doublee-en-neopr-sang-25mm\/\"]}]},{\"@type\":\"ImageObject\",\"inLanguage\":\"fr-FR\",\"@id\":\"https:\/\/www.zoohandel.ch\/fr\/boutique\/chiens\/en-route\/jogging-accessoires\/ceinture-vent-avec-laisse-doublee-en-neopr-sang-25mm\/#primaryimage\",\"url\":\"https:\/\/www.zoohandel.ch\/wp-content\/uploads\/2024\/04\/T12767_gr.jpg\",\"contentUrl\":\"https:\/\/www.zoohandel.ch\/wp-content\/uploads\/2024\/04\/T12767_gr.jpg\",\"width\":1200,\"height\":1200},{\"@type\":\"BreadcrumbList\",\"@id\":\"https:\/\/www.zoohandel.ch\/fr\/boutique\/chiens\/en-route\/jogging-accessoires\/ceinture-vent-avec-laisse-doublee-en-neopr-sang-25mm\/#breadcrumb\",\"itemListElement\":[{\"@type\":\"ListItem\",\"position\":1,\"name\":\"Startseite\",\"item\":\"https:\/\/www.zoohandel.ch\/fr\/\"},{\"@type\":\"ListItem\",\"position\":2,\"name\":\"Boutique\",\"item\":\"https:\/\/www.zoohandel.ch\/fr\/boutique\/\"},{\"@type\":\"ListItem\",\"position\":3,\"name\":\"Ceinture vent. avec laisse, doubl\u00e9e en n\u00e9opr., sang.\"}]},{\"@type\":\"WebSite\",\"@id\":\"https:\/\/www.zoohandel.ch\/fr\/#website\",\"url\":\"https:\/\/www.zoohandel.ch\/fr\/\",\"name\":\"zoohandel.ch\",\"description\":\"Das Beste f\u00fcr Ihre Lieblinge\",\"publisher\":{\"@id\":\"https:\/\/www.zoohandel.ch\/fr\/#organization\"},\"potentialAction\":[{\"@type\":\"SearchAction\",\"target\":{\"@type\":\"EntryPoint\",\"urlTemplate\":\"https:\/\/www.zoohandel.ch\/fr\/?s={search_term_string}\"},\"query-input\":{\"@type\":\"PropertyValueSpecification\",\"valueRequired\":true,\"valueName\":\"search_term_string\"}}],\"inLanguage\":\"fr-FR\"},{\"@type\":\"Organization\",\"@id\":\"https:\/\/www.zoohandel.ch\/fr\/#organization\",\"name\":\"zoohandel.ch\",\"url\":\"https:\/\/www.zoohandel.ch\/fr\/\",\"logo\":{\"@type\":\"ImageObject\",\"inLanguage\":\"fr-FR\",\"@id\":\"https:\/\/www.zoohandel.ch\/fr\/#\/schema\/logo\/image\/\",\"url\":\"https:\/\/www.zoohandel.ch\/wp-content\/uploads\/zoohandel-ch.png\",\"contentUrl\":\"https:\/\/www.zoohandel.ch\/wp-content\/uploads\/zoohandel-ch.png\",\"width\":575,\"height\":171,\"caption\":\"zoohandel.ch\"},\"image\":{\"@id\":\"https:\/\/www.zoohandel.ch\/fr\/#\/schema\/logo\/image\/\"}}]}<\/script>\n<!-- \/ Yoast SEO plugin. -->","yoast_head_json":{"title":"Ceinture vent. avec laisse, doubl\u00e9e en n\u00e9opr., sang. - zoohandel.ch","robots":{"index":"index","follow":"follow","max-snippet":"max-snippet:-1","max-image-preview":"max-image-preview:large","max-video-preview":"max-video-preview:-1"},"canonical":"https:\/\/www.zoohandel.ch\/fr\/boutique\/chiens\/en-route\/jogging-accessoires\/ceinture-vent-avec-laisse-doublee-en-neopr-sang-25mm\/","og_locale":"fr_FR","og_type":"article","og_title":"Ceinture vent. avec laisse, doubl\u00e9e en n\u00e9opr., sang. - zoohandel.ch","og_description":"pour chiens de moyenne et grande taille convient parfaitement au jogging, \u00e0 la marche nordique, etc. avec boucle r\u00e9duisant la traction confortable \u00e0 porter gr\u00e2ce \u00e0 la doublure n\u00e9opr\u00e8ne les tractions soudaines du chien sont att\u00e9nu\u00e9es par l&rsquo;amo","og_url":"https:\/\/www.zoohandel.ch\/fr\/boutique\/chiens\/en-route\/jogging-accessoires\/ceinture-vent-avec-laisse-doublee-en-neopr-sang-25mm\/","og_site_name":"zoohandel.ch","article_modified_time":"2026-04-17T03:58:34+00:00","og_image":[{"width":1200,"height":1200,"url":"https:\/\/www.zoohandel.ch\/wp-content\/uploads\/2024\/04\/T12767_gr.jpg","type":"image\/jpeg"}],"twitter_card":"summary_large_image","schema":{"@context":"https:\/\/schema.org","@graph":[{"@type":"WebPage","@id":"https:\/\/www.zoohandel.ch\/fr\/boutique\/chiens\/en-route\/jogging-accessoires\/ceinture-vent-avec-laisse-doublee-en-neopr-sang-25mm\/","url":"https:\/\/www.zoohandel.ch\/fr\/boutique\/chiens\/en-route\/jogging-accessoires\/ceinture-vent-avec-laisse-doublee-en-neopr-sang-25mm\/","name":"Ceinture vent. avec laisse, doubl\u00e9e en n\u00e9opr., sang. - zoohandel.ch","isPartOf":{"@id":"https:\/\/www.zoohandel.ch\/fr\/#website"},"primaryImageOfPage":{"@id":"https:\/\/www.zoohandel.ch\/fr\/boutique\/chiens\/en-route\/jogging-accessoires\/ceinture-vent-avec-laisse-doublee-en-neopr-sang-25mm\/#primaryimage"},"image":{"@id":"https:\/\/www.zoohandel.ch\/fr\/boutique\/chiens\/en-route\/jogging-accessoires\/ceinture-vent-avec-laisse-doublee-en-neopr-sang-25mm\/#primaryimage"},"thumbnailUrl":"https:\/\/www.zoohandel.ch\/wp-content\/uploads\/2024\/04\/T12767_gr.jpg","datePublished":"2018-07-11T22:00:00+00:00","dateModified":"2026-04-17T03:58:34+00:00","breadcrumb":{"@id":"https:\/\/www.zoohandel.ch\/fr\/boutique\/chiens\/en-route\/jogging-accessoires\/ceinture-vent-avec-laisse-doublee-en-neopr-sang-25mm\/#breadcrumb"},"inLanguage":"fr-FR","potentialAction":[{"@type":"ReadAction","target":["https:\/\/www.zoohandel.ch\/fr\/boutique\/chiens\/en-route\/jogging-accessoires\/ceinture-vent-avec-laisse-doublee-en-neopr-sang-25mm\/"]}]},{"@type":"ImageObject","inLanguage":"fr-FR","@id":"https:\/\/www.zoohandel.ch\/fr\/boutique\/chiens\/en-route\/jogging-accessoires\/ceinture-vent-avec-laisse-doublee-en-neopr-sang-25mm\/#primaryimage","url":"https:\/\/www.zoohandel.ch\/wp-content\/uploads\/2024\/04\/T12767_gr.jpg","contentUrl":"https:\/\/www.zoohandel.ch\/wp-content\/uploads\/2024\/04\/T12767_gr.jpg","width":1200,"height":1200},{"@type":"BreadcrumbList","@id":"https:\/\/www.zoohandel.ch\/fr\/boutique\/chiens\/en-route\/jogging-accessoires\/ceinture-vent-avec-laisse-doublee-en-neopr-sang-25mm\/#breadcrumb","itemListElement":[{"@type":"ListItem","position":1,"name":"Startseite","item":"https:\/\/www.zoohandel.ch\/fr\/"},{"@type":"ListItem","position":2,"name":"Boutique","item":"https:\/\/www.zoohandel.ch\/fr\/boutique\/"},{"@type":"ListItem","position":3,"name":"Ceinture vent. avec laisse, doubl\u00e9e en n\u00e9opr., sang."}]},{"@type":"WebSite","@id":"https:\/\/www.zoohandel.ch\/fr\/#website","url":"https:\/\/www.zoohandel.ch\/fr\/","name":"zoohandel.ch","description":"Das Beste f\u00fcr Ihre Lieblinge","publisher":{"@id":"https:\/\/www.zoohandel.ch\/fr\/#organization"},"potentialAction":[{"@type":"SearchAction","target":{"@type":"EntryPoint","urlTemplate":"https:\/\/www.zoohandel.ch\/fr\/?s={search_term_string}"},"query-input":{"@type":"PropertyValueSpecification","valueRequired":true,"valueName":"search_term_string"}}],"inLanguage":"fr-FR"},{"@type":"Organization","@id":"https:\/\/www.zoohandel.ch\/fr\/#organization","name":"zoohandel.ch","url":"https:\/\/www.zoohandel.ch\/fr\/","logo":{"@type":"ImageObject","inLanguage":"fr-FR","@id":"https:\/\/www.zoohandel.ch\/fr\/#\/schema\/logo\/image\/","url":"https:\/\/www.zoohandel.ch\/wp-content\/uploads\/zoohandel-ch.png","contentUrl":"https:\/\/www.zoohandel.ch\/wp-content\/uploads\/zoohandel-ch.png","width":575,"height":171,"caption":"zoohandel.ch"},"image":{"@id":"https:\/\/www.zoohandel.ch\/fr\/#\/schema\/logo\/image\/"}}]}},"tiered_pricing_type":"fixed","tiered_pricing_fixed_rules":[],"tiered_pricing_product_settings":{"layout":"default","base_unit_name":{"singular":null,"plural":null},"default_variation":null},"tiered_pricing_minimum_quantity":null,"tiered_pricing_roles_data":[],"tiered_pricing_percentage_rules":[],"_links":{"self":[{"href":"https:\/\/www.zoohandel.ch\/fr\/wp-json\/wp\/v2\/product\/209072","targetHints":{"allow":["GET"]}}],"collection":[{"href":"https:\/\/www.zoohandel.ch\/fr\/wp-json\/wp\/v2\/product"}],"about":[{"href":"https:\/\/www.zoohandel.ch\/fr\/wp-json\/wp\/v2\/types\/product"}],"wp:featuredmedia":[{"embeddable":true,"href":"https:\/\/www.zoohandel.ch\/fr\/wp-json\/wp\/v2\/media\/524946"}],"wp:attachment":[{"href":"https:\/\/www.zoohandel.ch\/fr\/wp-json\/wp\/v2\/media?parent=209072"}],"wp:term":[{"taxonomy":"product_brand","embeddable":true,"href":"https:\/\/www.zoohandel.ch\/fr\/wp-json\/wp\/v2\/product_brand?post=209072"},{"taxonomy":"product_cat","embeddable":true,"href":"https:\/\/www.zoohandel.ch\/fr\/wp-json\/wp\/v2\/product_cat?post=209072"},{"taxonomy":"product_tag","embeddable":true,"href":"https:\/\/www.zoohandel.ch\/fr\/wp-json\/wp\/v2\/product_tag?post=209072"}],"curies":[{"name":"wp","href":"https:\/\/api.w.org\/{rel}","templated":true}]}}