{"id":209089,"date":"2019-06-17T00:00:00","date_gmt":"2019-06-16T22:00:00","guid":{"rendered":"https:\/\/www.alfauna.ch.vasco.sui-inter.net\/shop\/non%20class\u00e9\/roulotte-de-velo-pliable-s-58-x-93-x-74-114-cm-gris\/"},"modified":"2026-04-25T05:57:46","modified_gmt":"2026-04-25T03:57:46","slug":"roulotte-de-velo-pliable-s-58-x-93-x-74-114-cm-gris-s-58x93x74-114-cm-grau","status":"publish","type":"product","link":"https:\/\/www.zoohandel.ch\/fr\/boutique\/chiens\/en-route\/velo-accessoires\/roulotte-de-velo-pliable-s-58-x-93-x-74-114-cm-gris-s-58x93x74-114-cm-grau\/","title":{"rendered":"Roulotte de v\u00e9lo, pliable, S: 58 \u00d7 93 \u00d7 74\/114 cm, gris"},"content":{"rendered":"<p>installation et d\u00e9montage tr\u00e8s rapide avec la fonction pliage rapide<br \/>\nroues avec syst\u00e8me de fixation rapide<br \/>\nles filets en haut et avant \u00e0 recouvrir par la protection de pluie<br \/>\navec porte arri\u00e8re<br \/>\ncoussin avec mousse visco\u00e9lastique<br \/>\nbase amovib<\/p>\n","protected":false},"excerpt":{"rendered":"<p>installation et d\u00e9montage tr\u00e8s rapide avec la fonction pliage rapide roues avec syst\u00e8me de fixation rapide les filets en haut et avant \u00e0 recouvrir par la protection de pluie avec porte arri\u00e8re coussin avec mousse visco\u00e9lastique base amovib<\/p>\n","protected":false},"featured_media":525062,"template":"","meta":{"_acf_changed":false},"product_brand":[],"product_cat":[3094,3884,3887],"product_tag":[],"class_list":{"0":"post-209089","1":"product","2":"type-product","3":"status-publish","4":"has-post-thumbnail","6":"product_cat-chiens","7":"product_cat-en-route","8":"product_cat-velo-accessoires","10":"first","11":"instock","12":"taxable","13":"shipping-taxable","14":"purchasable","15":"product-type-simple"},"acf":[],"yoast_head":"<!-- This site is optimized with the Yoast SEO plugin v25.8 - https:\/\/yoast.com\/wordpress\/plugins\/seo\/ -->\n<title>Roulotte de v\u00e9lo, pliable, S: 58 \u00d7 93 \u00d7 74\/114 cm, gris - zoohandel.ch<\/title>\n<meta name=\"robots\" content=\"index, follow, max-snippet:-1, max-image-preview:large, max-video-preview:-1\" \/>\n<link rel=\"canonical\" href=\"https:\/\/www.zoohandel.ch\/fr\/boutique\/chiens\/en-route\/velo-accessoires\/roulotte-de-velo-pliable-s-58-x-93-x-74-114-cm-gris-s-58x93x74-114-cm-grau\/\" \/>\n<meta property=\"og:locale\" content=\"fr_FR\" \/>\n<meta property=\"og:type\" content=\"article\" \/>\n<meta property=\"og:title\" content=\"Roulotte de v\u00e9lo, pliable, S: 58 \u00d7 93 \u00d7 74\/114 cm, gris - zoohandel.ch\" \/>\n<meta property=\"og:description\" content=\"installation et d\u00e9montage tr\u00e8s rapide avec la fonction pliage rapide roues avec syst\u00e8me de fixation rapide les filets en haut et avant \u00e0 recouvrir par la protection de pluie avec porte arri\u00e8re coussin avec mousse visco\u00e9lastique base amovib\" \/>\n<meta property=\"og:url\" content=\"https:\/\/www.zoohandel.ch\/fr\/boutique\/chiens\/en-route\/velo-accessoires\/roulotte-de-velo-pliable-s-58-x-93-x-74-114-cm-gris-s-58x93x74-114-cm-grau\/\" \/>\n<meta property=\"og:site_name\" content=\"zoohandel.ch\" \/>\n<meta property=\"article:modified_time\" content=\"2026-04-25T03:57:46+00:00\" \/>\n<meta property=\"og:image\" content=\"https:\/\/www.zoohandel.ch\/wp-content\/uploads\/2024\/04\/T12794_gr.jpg\" \/>\n\t<meta property=\"og:image:width\" content=\"1200\" \/>\n\t<meta property=\"og:image:height\" content=\"1200\" \/>\n\t<meta property=\"og:image:type\" content=\"image\/jpeg\" \/>\n<meta name=\"twitter:card\" content=\"summary_large_image\" \/>\n<script type=\"application\/ld+json\" class=\"yoast-schema-graph\">{\"@context\":\"https:\/\/schema.org\",\"@graph\":[{\"@type\":\"WebPage\",\"@id\":\"https:\/\/www.zoohandel.ch\/fr\/boutique\/chiens\/en-route\/velo-accessoires\/roulotte-de-velo-pliable-s-58-x-93-x-74-114-cm-gris-s-58x93x74-114-cm-grau\/\",\"url\":\"https:\/\/www.zoohandel.ch\/fr\/boutique\/chiens\/en-route\/velo-accessoires\/roulotte-de-velo-pliable-s-58-x-93-x-74-114-cm-gris-s-58x93x74-114-cm-grau\/\",\"name\":\"Roulotte de v\u00e9lo, pliable, S: 58 \u00d7 93 \u00d7 74\/114 cm, gris - zoohandel.ch\",\"isPartOf\":{\"@id\":\"https:\/\/www.zoohandel.ch\/fr\/#website\"},\"primaryImageOfPage\":{\"@id\":\"https:\/\/www.zoohandel.ch\/fr\/boutique\/chiens\/en-route\/velo-accessoires\/roulotte-de-velo-pliable-s-58-x-93-x-74-114-cm-gris-s-58x93x74-114-cm-grau\/#primaryimage\"},\"image\":{\"@id\":\"https:\/\/www.zoohandel.ch\/fr\/boutique\/chiens\/en-route\/velo-accessoires\/roulotte-de-velo-pliable-s-58-x-93-x-74-114-cm-gris-s-58x93x74-114-cm-grau\/#primaryimage\"},\"thumbnailUrl\":\"https:\/\/www.zoohandel.ch\/wp-content\/uploads\/2024\/04\/T12794_gr.jpg\",\"datePublished\":\"2019-06-16T22:00:00+00:00\",\"dateModified\":\"2026-04-25T03:57:46+00:00\",\"breadcrumb\":{\"@id\":\"https:\/\/www.zoohandel.ch\/fr\/boutique\/chiens\/en-route\/velo-accessoires\/roulotte-de-velo-pliable-s-58-x-93-x-74-114-cm-gris-s-58x93x74-114-cm-grau\/#breadcrumb\"},\"inLanguage\":\"fr-FR\",\"potentialAction\":[{\"@type\":\"ReadAction\",\"target\":[\"https:\/\/www.zoohandel.ch\/fr\/boutique\/chiens\/en-route\/velo-accessoires\/roulotte-de-velo-pliable-s-58-x-93-x-74-114-cm-gris-s-58x93x74-114-cm-grau\/\"]}]},{\"@type\":\"ImageObject\",\"inLanguage\":\"fr-FR\",\"@id\":\"https:\/\/www.zoohandel.ch\/fr\/boutique\/chiens\/en-route\/velo-accessoires\/roulotte-de-velo-pliable-s-58-x-93-x-74-114-cm-gris-s-58x93x74-114-cm-grau\/#primaryimage\",\"url\":\"https:\/\/www.zoohandel.ch\/wp-content\/uploads\/2024\/04\/T12794_gr.jpg\",\"contentUrl\":\"https:\/\/www.zoohandel.ch\/wp-content\/uploads\/2024\/04\/T12794_gr.jpg\",\"width\":1200,\"height\":1200},{\"@type\":\"BreadcrumbList\",\"@id\":\"https:\/\/www.zoohandel.ch\/fr\/boutique\/chiens\/en-route\/velo-accessoires\/roulotte-de-velo-pliable-s-58-x-93-x-74-114-cm-gris-s-58x93x74-114-cm-grau\/#breadcrumb\",\"itemListElement\":[{\"@type\":\"ListItem\",\"position\":1,\"name\":\"Startseite\",\"item\":\"https:\/\/www.zoohandel.ch\/fr\/\"},{\"@type\":\"ListItem\",\"position\":2,\"name\":\"Boutique\",\"item\":\"https:\/\/www.zoohandel.ch\/fr\/boutique\/\"},{\"@type\":\"ListItem\",\"position\":3,\"name\":\"Roulotte de v\u00e9lo, pliable, S: 58 \u00d7 93 \u00d7 74\/114 cm, gris\"}]},{\"@type\":\"WebSite\",\"@id\":\"https:\/\/www.zoohandel.ch\/fr\/#website\",\"url\":\"https:\/\/www.zoohandel.ch\/fr\/\",\"name\":\"zoohandel.ch\",\"description\":\"Das Beste f\u00fcr Ihre Lieblinge\",\"publisher\":{\"@id\":\"https:\/\/www.zoohandel.ch\/fr\/#organization\"},\"potentialAction\":[{\"@type\":\"SearchAction\",\"target\":{\"@type\":\"EntryPoint\",\"urlTemplate\":\"https:\/\/www.zoohandel.ch\/fr\/?s={search_term_string}\"},\"query-input\":{\"@type\":\"PropertyValueSpecification\",\"valueRequired\":true,\"valueName\":\"search_term_string\"}}],\"inLanguage\":\"fr-FR\"},{\"@type\":\"Organization\",\"@id\":\"https:\/\/www.zoohandel.ch\/fr\/#organization\",\"name\":\"zoohandel.ch\",\"url\":\"https:\/\/www.zoohandel.ch\/fr\/\",\"logo\":{\"@type\":\"ImageObject\",\"inLanguage\":\"fr-FR\",\"@id\":\"https:\/\/www.zoohandel.ch\/fr\/#\/schema\/logo\/image\/\",\"url\":\"https:\/\/www.zoohandel.ch\/wp-content\/uploads\/zoohandel-ch.png\",\"contentUrl\":\"https:\/\/www.zoohandel.ch\/wp-content\/uploads\/zoohandel-ch.png\",\"width\":575,\"height\":171,\"caption\":\"zoohandel.ch\"},\"image\":{\"@id\":\"https:\/\/www.zoohandel.ch\/fr\/#\/schema\/logo\/image\/\"}}]}<\/script>\n<!-- \/ Yoast SEO plugin. -->","yoast_head_json":{"title":"Roulotte de v\u00e9lo, pliable, S: 58 \u00d7 93 \u00d7 74\/114 cm, gris - zoohandel.ch","robots":{"index":"index","follow":"follow","max-snippet":"max-snippet:-1","max-image-preview":"max-image-preview:large","max-video-preview":"max-video-preview:-1"},"canonical":"https:\/\/www.zoohandel.ch\/fr\/boutique\/chiens\/en-route\/velo-accessoires\/roulotte-de-velo-pliable-s-58-x-93-x-74-114-cm-gris-s-58x93x74-114-cm-grau\/","og_locale":"fr_FR","og_type":"article","og_title":"Roulotte de v\u00e9lo, pliable, S: 58 \u00d7 93 \u00d7 74\/114 cm, gris - zoohandel.ch","og_description":"installation et d\u00e9montage tr\u00e8s rapide avec la fonction pliage rapide roues avec syst\u00e8me de fixation rapide les filets en haut et avant \u00e0 recouvrir par la protection de pluie avec porte arri\u00e8re coussin avec mousse visco\u00e9lastique base amovib","og_url":"https:\/\/www.zoohandel.ch\/fr\/boutique\/chiens\/en-route\/velo-accessoires\/roulotte-de-velo-pliable-s-58-x-93-x-74-114-cm-gris-s-58x93x74-114-cm-grau\/","og_site_name":"zoohandel.ch","article_modified_time":"2026-04-25T03:57:46+00:00","og_image":[{"width":1200,"height":1200,"url":"https:\/\/www.zoohandel.ch\/wp-content\/uploads\/2024\/04\/T12794_gr.jpg","type":"image\/jpeg"}],"twitter_card":"summary_large_image","schema":{"@context":"https:\/\/schema.org","@graph":[{"@type":"WebPage","@id":"https:\/\/www.zoohandel.ch\/fr\/boutique\/chiens\/en-route\/velo-accessoires\/roulotte-de-velo-pliable-s-58-x-93-x-74-114-cm-gris-s-58x93x74-114-cm-grau\/","url":"https:\/\/www.zoohandel.ch\/fr\/boutique\/chiens\/en-route\/velo-accessoires\/roulotte-de-velo-pliable-s-58-x-93-x-74-114-cm-gris-s-58x93x74-114-cm-grau\/","name":"Roulotte de v\u00e9lo, pliable, S: 58 \u00d7 93 \u00d7 74\/114 cm, gris - zoohandel.ch","isPartOf":{"@id":"https:\/\/www.zoohandel.ch\/fr\/#website"},"primaryImageOfPage":{"@id":"https:\/\/www.zoohandel.ch\/fr\/boutique\/chiens\/en-route\/velo-accessoires\/roulotte-de-velo-pliable-s-58-x-93-x-74-114-cm-gris-s-58x93x74-114-cm-grau\/#primaryimage"},"image":{"@id":"https:\/\/www.zoohandel.ch\/fr\/boutique\/chiens\/en-route\/velo-accessoires\/roulotte-de-velo-pliable-s-58-x-93-x-74-114-cm-gris-s-58x93x74-114-cm-grau\/#primaryimage"},"thumbnailUrl":"https:\/\/www.zoohandel.ch\/wp-content\/uploads\/2024\/04\/T12794_gr.jpg","datePublished":"2019-06-16T22:00:00+00:00","dateModified":"2026-04-25T03:57:46+00:00","breadcrumb":{"@id":"https:\/\/www.zoohandel.ch\/fr\/boutique\/chiens\/en-route\/velo-accessoires\/roulotte-de-velo-pliable-s-58-x-93-x-74-114-cm-gris-s-58x93x74-114-cm-grau\/#breadcrumb"},"inLanguage":"fr-FR","potentialAction":[{"@type":"ReadAction","target":["https:\/\/www.zoohandel.ch\/fr\/boutique\/chiens\/en-route\/velo-accessoires\/roulotte-de-velo-pliable-s-58-x-93-x-74-114-cm-gris-s-58x93x74-114-cm-grau\/"]}]},{"@type":"ImageObject","inLanguage":"fr-FR","@id":"https:\/\/www.zoohandel.ch\/fr\/boutique\/chiens\/en-route\/velo-accessoires\/roulotte-de-velo-pliable-s-58-x-93-x-74-114-cm-gris-s-58x93x74-114-cm-grau\/#primaryimage","url":"https:\/\/www.zoohandel.ch\/wp-content\/uploads\/2024\/04\/T12794_gr.jpg","contentUrl":"https:\/\/www.zoohandel.ch\/wp-content\/uploads\/2024\/04\/T12794_gr.jpg","width":1200,"height":1200},{"@type":"BreadcrumbList","@id":"https:\/\/www.zoohandel.ch\/fr\/boutique\/chiens\/en-route\/velo-accessoires\/roulotte-de-velo-pliable-s-58-x-93-x-74-114-cm-gris-s-58x93x74-114-cm-grau\/#breadcrumb","itemListElement":[{"@type":"ListItem","position":1,"name":"Startseite","item":"https:\/\/www.zoohandel.ch\/fr\/"},{"@type":"ListItem","position":2,"name":"Boutique","item":"https:\/\/www.zoohandel.ch\/fr\/boutique\/"},{"@type":"ListItem","position":3,"name":"Roulotte de v\u00e9lo, pliable, S: 58 \u00d7 93 \u00d7 74\/114 cm, gris"}]},{"@type":"WebSite","@id":"https:\/\/www.zoohandel.ch\/fr\/#website","url":"https:\/\/www.zoohandel.ch\/fr\/","name":"zoohandel.ch","description":"Das Beste f\u00fcr Ihre Lieblinge","publisher":{"@id":"https:\/\/www.zoohandel.ch\/fr\/#organization"},"potentialAction":[{"@type":"SearchAction","target":{"@type":"EntryPoint","urlTemplate":"https:\/\/www.zoohandel.ch\/fr\/?s={search_term_string}"},"query-input":{"@type":"PropertyValueSpecification","valueRequired":true,"valueName":"search_term_string"}}],"inLanguage":"fr-FR"},{"@type":"Organization","@id":"https:\/\/www.zoohandel.ch\/fr\/#organization","name":"zoohandel.ch","url":"https:\/\/www.zoohandel.ch\/fr\/","logo":{"@type":"ImageObject","inLanguage":"fr-FR","@id":"https:\/\/www.zoohandel.ch\/fr\/#\/schema\/logo\/image\/","url":"https:\/\/www.zoohandel.ch\/wp-content\/uploads\/zoohandel-ch.png","contentUrl":"https:\/\/www.zoohandel.ch\/wp-content\/uploads\/zoohandel-ch.png","width":575,"height":171,"caption":"zoohandel.ch"},"image":{"@id":"https:\/\/www.zoohandel.ch\/fr\/#\/schema\/logo\/image\/"}}]}},"tiered_pricing_type":"fixed","tiered_pricing_fixed_rules":[],"tiered_pricing_product_settings":{"layout":"default","base_unit_name":{"singular":null,"plural":null},"default_variation":null},"tiered_pricing_minimum_quantity":null,"tiered_pricing_roles_data":[],"tiered_pricing_percentage_rules":[],"_links":{"self":[{"href":"https:\/\/www.zoohandel.ch\/fr\/wp-json\/wp\/v2\/product\/209089","targetHints":{"allow":["GET"]}}],"collection":[{"href":"https:\/\/www.zoohandel.ch\/fr\/wp-json\/wp\/v2\/product"}],"about":[{"href":"https:\/\/www.zoohandel.ch\/fr\/wp-json\/wp\/v2\/types\/product"}],"wp:featuredmedia":[{"embeddable":true,"href":"https:\/\/www.zoohandel.ch\/fr\/wp-json\/wp\/v2\/media\/525062"}],"wp:attachment":[{"href":"https:\/\/www.zoohandel.ch\/fr\/wp-json\/wp\/v2\/media?parent=209089"}],"wp:term":[{"taxonomy":"product_brand","embeddable":true,"href":"https:\/\/www.zoohandel.ch\/fr\/wp-json\/wp\/v2\/product_brand?post=209089"},{"taxonomy":"product_cat","embeddable":true,"href":"https:\/\/www.zoohandel.ch\/fr\/wp-json\/wp\/v2\/product_cat?post=209089"},{"taxonomy":"product_tag","embeddable":true,"href":"https:\/\/www.zoohandel.ch\/fr\/wp-json\/wp\/v2\/product_tag?post=209089"}],"curies":[{"name":"wp","href":"https:\/\/api.w.org\/{rel}","templated":true}]}}