{"id":209093,"date":"2019-06-17T00:00:00","date_gmt":"2019-06-16T22:00:00","guid":{"rendered":"https:\/\/www.alfauna.ch.vasco.sui-inter.net\/shop\/non%20class\u00e9\/roue-avant-jogger-pour-roulotte-velo-12794-6-8\/"},"modified":"2026-04-19T02:35:42","modified_gmt":"2026-04-19T00:35:42","slug":"roue-avant-jogger-pour-roulotte-velo-12794-6-8","status":"publish","type":"product","link":"https:\/\/www.zoohandel.ch\/fr\/boutique\/chiens\/en-route\/velo-accessoires\/roue-avant-jogger-pour-roulotte-velo-12794-6-8\/","title":{"rendered":"Roue avant jogger pour roulotte v\u00e9lo   12794\/6\/8"},"content":{"rendered":"<p>transformation de la roulotte de v\u00e9lo en jogger avec la fonction click rapide<br \/>\nconfort \u00e9lev\u00e9 m\u00eame sur terrains accident\u00e9s gr\u00e2ce aux roues mont\u00e9es sur ressort<br \/>\nmaniable gr\u00e2ce \u00e0 la roue pivotante \u00e0 360\u00b0<br \/>\npneumatique<br \/>\nconforme \u00e0 la protection des an<\/p>\n","protected":false},"excerpt":{"rendered":"<p>transformation de la roulotte de v\u00e9lo en jogger avec la fonction click rapide confort \u00e9lev\u00e9 m\u00eame sur terrains accident\u00e9s gr\u00e2ce aux roues mont\u00e9es sur ressort maniable gr\u00e2ce \u00e0 la roue pivotante \u00e0 360\u00b0 pneumatique conforme \u00e0 la protection des an<\/p>\n","protected":false},"featured_media":525076,"template":"","meta":{"_acf_changed":false},"product_brand":[],"product_cat":[3094,3884,3887],"product_tag":[],"class_list":{"0":"post-209093","1":"product","2":"type-product","3":"status-publish","4":"has-post-thumbnail","6":"product_cat-chiens","7":"product_cat-en-route","8":"product_cat-velo-accessoires","10":"first","11":"outofstock","12":"taxable","13":"shipping-taxable","14":"purchasable","15":"product-type-simple"},"acf":[],"yoast_head":"<!-- This site is optimized with the Yoast SEO plugin v25.8 - https:\/\/yoast.com\/wordpress\/plugins\/seo\/ -->\n<title>Roue avant jogger pour roulotte v\u00e9lo  12794\/6\/8 - zoohandel.ch<\/title>\n<meta name=\"robots\" content=\"index, follow, max-snippet:-1, max-image-preview:large, max-video-preview:-1\" \/>\n<link rel=\"canonical\" href=\"https:\/\/www.zoohandel.ch\/fr\/boutique\/chiens\/en-route\/velo-accessoires\/roue-avant-jogger-pour-roulotte-velo-12794-6-8\/\" \/>\n<meta property=\"og:locale\" content=\"fr_FR\" \/>\n<meta property=\"og:type\" content=\"article\" \/>\n<meta property=\"og:title\" content=\"Roue avant jogger pour roulotte v\u00e9lo  12794\/6\/8 - zoohandel.ch\" \/>\n<meta property=\"og:description\" content=\"transformation de la roulotte de v\u00e9lo en jogger avec la fonction click rapide confort \u00e9lev\u00e9 m\u00eame sur terrains accident\u00e9s gr\u00e2ce aux roues mont\u00e9es sur ressort maniable gr\u00e2ce \u00e0 la roue pivotante \u00e0 360\u00b0 pneumatique conforme \u00e0 la protection des an\" \/>\n<meta property=\"og:url\" content=\"https:\/\/www.zoohandel.ch\/fr\/boutique\/chiens\/en-route\/velo-accessoires\/roue-avant-jogger-pour-roulotte-velo-12794-6-8\/\" \/>\n<meta property=\"og:site_name\" content=\"zoohandel.ch\" \/>\n<meta property=\"article:modified_time\" content=\"2026-04-19T00:35:42+00:00\" \/>\n<meta property=\"og:image\" content=\"https:\/\/www.zoohandel.ch\/wp-content\/uploads\/2024\/04\/T12795_gr.jpg\" \/>\n\t<meta property=\"og:image:width\" content=\"1200\" \/>\n\t<meta property=\"og:image:height\" content=\"1200\" \/>\n\t<meta property=\"og:image:type\" content=\"image\/jpeg\" \/>\n<meta name=\"twitter:card\" content=\"summary_large_image\" \/>\n<script type=\"application\/ld+json\" class=\"yoast-schema-graph\">{\"@context\":\"https:\/\/schema.org\",\"@graph\":[{\"@type\":\"WebPage\",\"@id\":\"https:\/\/www.zoohandel.ch\/fr\/boutique\/chiens\/en-route\/velo-accessoires\/roue-avant-jogger-pour-roulotte-velo-12794-6-8\/\",\"url\":\"https:\/\/www.zoohandel.ch\/fr\/boutique\/chiens\/en-route\/velo-accessoires\/roue-avant-jogger-pour-roulotte-velo-12794-6-8\/\",\"name\":\"Roue avant jogger pour roulotte v\u00e9lo 12794\/6\/8 - zoohandel.ch\",\"isPartOf\":{\"@id\":\"https:\/\/www.zoohandel.ch\/fr\/#website\"},\"primaryImageOfPage\":{\"@id\":\"https:\/\/www.zoohandel.ch\/fr\/boutique\/chiens\/en-route\/velo-accessoires\/roue-avant-jogger-pour-roulotte-velo-12794-6-8\/#primaryimage\"},\"image\":{\"@id\":\"https:\/\/www.zoohandel.ch\/fr\/boutique\/chiens\/en-route\/velo-accessoires\/roue-avant-jogger-pour-roulotte-velo-12794-6-8\/#primaryimage\"},\"thumbnailUrl\":\"https:\/\/www.zoohandel.ch\/wp-content\/uploads\/2024\/04\/T12795_gr.jpg\",\"datePublished\":\"2019-06-16T22:00:00+00:00\",\"dateModified\":\"2026-04-19T00:35:42+00:00\",\"breadcrumb\":{\"@id\":\"https:\/\/www.zoohandel.ch\/fr\/boutique\/chiens\/en-route\/velo-accessoires\/roue-avant-jogger-pour-roulotte-velo-12794-6-8\/#breadcrumb\"},\"inLanguage\":\"fr-FR\",\"potentialAction\":[{\"@type\":\"ReadAction\",\"target\":[\"https:\/\/www.zoohandel.ch\/fr\/boutique\/chiens\/en-route\/velo-accessoires\/roue-avant-jogger-pour-roulotte-velo-12794-6-8\/\"]}]},{\"@type\":\"ImageObject\",\"inLanguage\":\"fr-FR\",\"@id\":\"https:\/\/www.zoohandel.ch\/fr\/boutique\/chiens\/en-route\/velo-accessoires\/roue-avant-jogger-pour-roulotte-velo-12794-6-8\/#primaryimage\",\"url\":\"https:\/\/www.zoohandel.ch\/wp-content\/uploads\/2024\/04\/T12795_gr.jpg\",\"contentUrl\":\"https:\/\/www.zoohandel.ch\/wp-content\/uploads\/2024\/04\/T12795_gr.jpg\",\"width\":1200,\"height\":1200},{\"@type\":\"BreadcrumbList\",\"@id\":\"https:\/\/www.zoohandel.ch\/fr\/boutique\/chiens\/en-route\/velo-accessoires\/roue-avant-jogger-pour-roulotte-velo-12794-6-8\/#breadcrumb\",\"itemListElement\":[{\"@type\":\"ListItem\",\"position\":1,\"name\":\"Startseite\",\"item\":\"https:\/\/www.zoohandel.ch\/fr\/\"},{\"@type\":\"ListItem\",\"position\":2,\"name\":\"Boutique\",\"item\":\"https:\/\/www.zoohandel.ch\/fr\/boutique\/\"},{\"@type\":\"ListItem\",\"position\":3,\"name\":\"Roue avant jogger pour roulotte v\u00e9lo 12794\/6\/8\"}]},{\"@type\":\"WebSite\",\"@id\":\"https:\/\/www.zoohandel.ch\/fr\/#website\",\"url\":\"https:\/\/www.zoohandel.ch\/fr\/\",\"name\":\"zoohandel.ch\",\"description\":\"Das Beste f\u00fcr Ihre Lieblinge\",\"publisher\":{\"@id\":\"https:\/\/www.zoohandel.ch\/fr\/#organization\"},\"potentialAction\":[{\"@type\":\"SearchAction\",\"target\":{\"@type\":\"EntryPoint\",\"urlTemplate\":\"https:\/\/www.zoohandel.ch\/fr\/?s={search_term_string}\"},\"query-input\":{\"@type\":\"PropertyValueSpecification\",\"valueRequired\":true,\"valueName\":\"search_term_string\"}}],\"inLanguage\":\"fr-FR\"},{\"@type\":\"Organization\",\"@id\":\"https:\/\/www.zoohandel.ch\/fr\/#organization\",\"name\":\"zoohandel.ch\",\"url\":\"https:\/\/www.zoohandel.ch\/fr\/\",\"logo\":{\"@type\":\"ImageObject\",\"inLanguage\":\"fr-FR\",\"@id\":\"https:\/\/www.zoohandel.ch\/fr\/#\/schema\/logo\/image\/\",\"url\":\"https:\/\/www.zoohandel.ch\/wp-content\/uploads\/zoohandel-ch.png\",\"contentUrl\":\"https:\/\/www.zoohandel.ch\/wp-content\/uploads\/zoohandel-ch.png\",\"width\":575,\"height\":171,\"caption\":\"zoohandel.ch\"},\"image\":{\"@id\":\"https:\/\/www.zoohandel.ch\/fr\/#\/schema\/logo\/image\/\"}}]}<\/script>\n<!-- \/ Yoast SEO plugin. -->","yoast_head_json":{"title":"Roue avant jogger pour roulotte v\u00e9lo  12794\/6\/8 - zoohandel.ch","robots":{"index":"index","follow":"follow","max-snippet":"max-snippet:-1","max-image-preview":"max-image-preview:large","max-video-preview":"max-video-preview:-1"},"canonical":"https:\/\/www.zoohandel.ch\/fr\/boutique\/chiens\/en-route\/velo-accessoires\/roue-avant-jogger-pour-roulotte-velo-12794-6-8\/","og_locale":"fr_FR","og_type":"article","og_title":"Roue avant jogger pour roulotte v\u00e9lo  12794\/6\/8 - zoohandel.ch","og_description":"transformation de la roulotte de v\u00e9lo en jogger avec la fonction click rapide confort \u00e9lev\u00e9 m\u00eame sur terrains accident\u00e9s gr\u00e2ce aux roues mont\u00e9es sur ressort maniable gr\u00e2ce \u00e0 la roue pivotante \u00e0 360\u00b0 pneumatique conforme \u00e0 la protection des an","og_url":"https:\/\/www.zoohandel.ch\/fr\/boutique\/chiens\/en-route\/velo-accessoires\/roue-avant-jogger-pour-roulotte-velo-12794-6-8\/","og_site_name":"zoohandel.ch","article_modified_time":"2026-04-19T00:35:42+00:00","og_image":[{"width":1200,"height":1200,"url":"https:\/\/www.zoohandel.ch\/wp-content\/uploads\/2024\/04\/T12795_gr.jpg","type":"image\/jpeg"}],"twitter_card":"summary_large_image","schema":{"@context":"https:\/\/schema.org","@graph":[{"@type":"WebPage","@id":"https:\/\/www.zoohandel.ch\/fr\/boutique\/chiens\/en-route\/velo-accessoires\/roue-avant-jogger-pour-roulotte-velo-12794-6-8\/","url":"https:\/\/www.zoohandel.ch\/fr\/boutique\/chiens\/en-route\/velo-accessoires\/roue-avant-jogger-pour-roulotte-velo-12794-6-8\/","name":"Roue avant jogger pour roulotte v\u00e9lo 12794\/6\/8 - zoohandel.ch","isPartOf":{"@id":"https:\/\/www.zoohandel.ch\/fr\/#website"},"primaryImageOfPage":{"@id":"https:\/\/www.zoohandel.ch\/fr\/boutique\/chiens\/en-route\/velo-accessoires\/roue-avant-jogger-pour-roulotte-velo-12794-6-8\/#primaryimage"},"image":{"@id":"https:\/\/www.zoohandel.ch\/fr\/boutique\/chiens\/en-route\/velo-accessoires\/roue-avant-jogger-pour-roulotte-velo-12794-6-8\/#primaryimage"},"thumbnailUrl":"https:\/\/www.zoohandel.ch\/wp-content\/uploads\/2024\/04\/T12795_gr.jpg","datePublished":"2019-06-16T22:00:00+00:00","dateModified":"2026-04-19T00:35:42+00:00","breadcrumb":{"@id":"https:\/\/www.zoohandel.ch\/fr\/boutique\/chiens\/en-route\/velo-accessoires\/roue-avant-jogger-pour-roulotte-velo-12794-6-8\/#breadcrumb"},"inLanguage":"fr-FR","potentialAction":[{"@type":"ReadAction","target":["https:\/\/www.zoohandel.ch\/fr\/boutique\/chiens\/en-route\/velo-accessoires\/roue-avant-jogger-pour-roulotte-velo-12794-6-8\/"]}]},{"@type":"ImageObject","inLanguage":"fr-FR","@id":"https:\/\/www.zoohandel.ch\/fr\/boutique\/chiens\/en-route\/velo-accessoires\/roue-avant-jogger-pour-roulotte-velo-12794-6-8\/#primaryimage","url":"https:\/\/www.zoohandel.ch\/wp-content\/uploads\/2024\/04\/T12795_gr.jpg","contentUrl":"https:\/\/www.zoohandel.ch\/wp-content\/uploads\/2024\/04\/T12795_gr.jpg","width":1200,"height":1200},{"@type":"BreadcrumbList","@id":"https:\/\/www.zoohandel.ch\/fr\/boutique\/chiens\/en-route\/velo-accessoires\/roue-avant-jogger-pour-roulotte-velo-12794-6-8\/#breadcrumb","itemListElement":[{"@type":"ListItem","position":1,"name":"Startseite","item":"https:\/\/www.zoohandel.ch\/fr\/"},{"@type":"ListItem","position":2,"name":"Boutique","item":"https:\/\/www.zoohandel.ch\/fr\/boutique\/"},{"@type":"ListItem","position":3,"name":"Roue avant jogger pour roulotte v\u00e9lo 12794\/6\/8"}]},{"@type":"WebSite","@id":"https:\/\/www.zoohandel.ch\/fr\/#website","url":"https:\/\/www.zoohandel.ch\/fr\/","name":"zoohandel.ch","description":"Das Beste f\u00fcr Ihre Lieblinge","publisher":{"@id":"https:\/\/www.zoohandel.ch\/fr\/#organization"},"potentialAction":[{"@type":"SearchAction","target":{"@type":"EntryPoint","urlTemplate":"https:\/\/www.zoohandel.ch\/fr\/?s={search_term_string}"},"query-input":{"@type":"PropertyValueSpecification","valueRequired":true,"valueName":"search_term_string"}}],"inLanguage":"fr-FR"},{"@type":"Organization","@id":"https:\/\/www.zoohandel.ch\/fr\/#organization","name":"zoohandel.ch","url":"https:\/\/www.zoohandel.ch\/fr\/","logo":{"@type":"ImageObject","inLanguage":"fr-FR","@id":"https:\/\/www.zoohandel.ch\/fr\/#\/schema\/logo\/image\/","url":"https:\/\/www.zoohandel.ch\/wp-content\/uploads\/zoohandel-ch.png","contentUrl":"https:\/\/www.zoohandel.ch\/wp-content\/uploads\/zoohandel-ch.png","width":575,"height":171,"caption":"zoohandel.ch"},"image":{"@id":"https:\/\/www.zoohandel.ch\/fr\/#\/schema\/logo\/image\/"}}]}},"tiered_pricing_type":"fixed","tiered_pricing_fixed_rules":[],"tiered_pricing_product_settings":{"layout":"default","base_unit_name":{"singular":null,"plural":null},"default_variation":null},"tiered_pricing_minimum_quantity":null,"tiered_pricing_roles_data":[],"tiered_pricing_percentage_rules":[],"_links":{"self":[{"href":"https:\/\/www.zoohandel.ch\/fr\/wp-json\/wp\/v2\/product\/209093","targetHints":{"allow":["GET"]}}],"collection":[{"href":"https:\/\/www.zoohandel.ch\/fr\/wp-json\/wp\/v2\/product"}],"about":[{"href":"https:\/\/www.zoohandel.ch\/fr\/wp-json\/wp\/v2\/types\/product"}],"wp:featuredmedia":[{"embeddable":true,"href":"https:\/\/www.zoohandel.ch\/fr\/wp-json\/wp\/v2\/media\/525076"}],"wp:attachment":[{"href":"https:\/\/www.zoohandel.ch\/fr\/wp-json\/wp\/v2\/media?parent=209093"}],"wp:term":[{"taxonomy":"product_brand","embeddable":true,"href":"https:\/\/www.zoohandel.ch\/fr\/wp-json\/wp\/v2\/product_brand?post=209093"},{"taxonomy":"product_cat","embeddable":true,"href":"https:\/\/www.zoohandel.ch\/fr\/wp-json\/wp\/v2\/product_cat?post=209093"},{"taxonomy":"product_tag","embeddable":true,"href":"https:\/\/www.zoohandel.ch\/fr\/wp-json\/wp\/v2\/product_tag?post=209093"}],"curies":[{"name":"wp","href":"https:\/\/api.w.org\/{rel}","templated":true}]}}