{"id":209576,"date":"2015-07-10T00:00:00","date_gmt":"2015-07-09T22:00:00","guid":{"rendered":"https:\/\/www.alfauna.ch.vasco.sui-inter.net\/shop\/non%20class\u00e9\/harnais-power-julius-k9-idc-mini-mini-s-40-53cm-jaune-flu\/"},"modified":"2026-04-27T06:05:42","modified_gmt":"2026-04-27T04:05:42","slug":"harnais-power-julius-k9-idc-jaune-flu-mini-mini-s-40-53cm","status":"publish","type":"product","link":"https:\/\/www.zoohandel.ch\/fr\/boutique\/chiens\/laisses-colliers-harnais\/harnais\/harnais-power-julius-k9-idc-jaune-flu-mini-mini-s-40-53cm\/","title":{"rendered":"Harnais Power Julius-K9 IDC, jaune flu"},"content":{"rendered":"<p>forme ergonomique<br \/>\nparfait positionnement de la sangle ventrale, r\u00e9partit uniform\u00e9ment la pression sur le thorax<br \/>\nemp\u00eache la pression au niveau du cou<br \/>\nplus de libert\u00e9 de mouvement gr\u00e2ce \u00e0 la forme \u00e9troite et \u00e0 la sangle abdominale plus en arri\u00e8re<\/p>\n","protected":false},"excerpt":{"rendered":"<p>forme ergonomique parfait positionnement de la sangle ventrale, r\u00e9partit uniform\u00e9ment la pression sur le thorax emp\u00eache la pression au niveau du cou plus de libert\u00e9 de mouvement gr\u00e2ce \u00e0 la forme \u00e9troite et \u00e0 la sangle abdominale plus en arri\u00e8re<\/p>\n","protected":false},"featured_media":527060,"template":"","meta":{"_acf_changed":false},"product_brand":[],"product_cat":[3094,3876,3873],"product_tag":[],"class_list":{"0":"post-209576","1":"product","2":"type-product","3":"status-publish","4":"has-post-thumbnail","6":"product_cat-chiens","7":"product_cat-harnais","8":"product_cat-laisses-colliers-harnais","10":"first","11":"instock","12":"taxable","13":"shipping-taxable","14":"purchasable","15":"product-type-simple"},"acf":[],"yoast_head":"<!-- This site is optimized with the Yoast SEO plugin v25.8 - https:\/\/yoast.com\/wordpress\/plugins\/seo\/ -->\n<title>Harnais Power Julius-K9 IDC, jaune flu - zoohandel.ch<\/title>\n<meta name=\"robots\" content=\"index, follow, max-snippet:-1, max-image-preview:large, max-video-preview:-1\" \/>\n<link rel=\"canonical\" href=\"https:\/\/www.zoohandel.ch\/fr\/boutique\/chiens\/laisses-colliers-harnais\/harnais\/harnais-power-julius-k9-idc-jaune-flu-mini-mini-s-40-53cm\/\" \/>\n<meta property=\"og:locale\" content=\"fr_FR\" \/>\n<meta property=\"og:type\" content=\"article\" \/>\n<meta property=\"og:title\" content=\"Harnais Power Julius-K9 IDC, jaune flu - zoohandel.ch\" \/>\n<meta property=\"og:description\" content=\"forme ergonomique parfait positionnement de la sangle ventrale, r\u00e9partit uniform\u00e9ment la pression sur le thorax emp\u00eache la pression au niveau du cou plus de libert\u00e9 de mouvement gr\u00e2ce \u00e0 la forme \u00e9troite et \u00e0 la sangle abdominale plus en arri\u00e8re\" \/>\n<meta property=\"og:url\" content=\"https:\/\/www.zoohandel.ch\/fr\/boutique\/chiens\/laisses-colliers-harnais\/harnais\/harnais-power-julius-k9-idc-jaune-flu-mini-mini-s-40-53cm\/\" \/>\n<meta property=\"og:site_name\" content=\"zoohandel.ch\" \/>\n<meta property=\"article:modified_time\" content=\"2026-04-27T04:05:42+00:00\" \/>\n<meta property=\"og:image\" content=\"https:\/\/www.zoohandel.ch\/wp-content\/uploads\/2024\/04\/T14827_gr.jpg\" \/>\n\t<meta property=\"og:image:width\" content=\"1200\" \/>\n\t<meta property=\"og:image:height\" content=\"1200\" \/>\n\t<meta property=\"og:image:type\" content=\"image\/jpeg\" \/>\n<meta name=\"twitter:card\" content=\"summary_large_image\" \/>\n<script type=\"application\/ld+json\" class=\"yoast-schema-graph\">{\"@context\":\"https:\/\/schema.org\",\"@graph\":[{\"@type\":\"WebPage\",\"@id\":\"https:\/\/www.zoohandel.ch\/fr\/boutique\/chiens\/laisses-colliers-harnais\/harnais\/harnais-power-julius-k9-idc-jaune-flu-mini-mini-s-40-53cm\/\",\"url\":\"https:\/\/www.zoohandel.ch\/fr\/boutique\/chiens\/laisses-colliers-harnais\/harnais\/harnais-power-julius-k9-idc-jaune-flu-mini-mini-s-40-53cm\/\",\"name\":\"Harnais Power Julius-K9 IDC, jaune flu - zoohandel.ch\",\"isPartOf\":{\"@id\":\"https:\/\/www.zoohandel.ch\/fr\/#website\"},\"primaryImageOfPage\":{\"@id\":\"https:\/\/www.zoohandel.ch\/fr\/boutique\/chiens\/laisses-colliers-harnais\/harnais\/harnais-power-julius-k9-idc-jaune-flu-mini-mini-s-40-53cm\/#primaryimage\"},\"image\":{\"@id\":\"https:\/\/www.zoohandel.ch\/fr\/boutique\/chiens\/laisses-colliers-harnais\/harnais\/harnais-power-julius-k9-idc-jaune-flu-mini-mini-s-40-53cm\/#primaryimage\"},\"thumbnailUrl\":\"https:\/\/www.zoohandel.ch\/wp-content\/uploads\/2024\/04\/T14827_gr.jpg\",\"datePublished\":\"2015-07-09T22:00:00+00:00\",\"dateModified\":\"2026-04-27T04:05:42+00:00\",\"breadcrumb\":{\"@id\":\"https:\/\/www.zoohandel.ch\/fr\/boutique\/chiens\/laisses-colliers-harnais\/harnais\/harnais-power-julius-k9-idc-jaune-flu-mini-mini-s-40-53cm\/#breadcrumb\"},\"inLanguage\":\"fr-FR\",\"potentialAction\":[{\"@type\":\"ReadAction\",\"target\":[\"https:\/\/www.zoohandel.ch\/fr\/boutique\/chiens\/laisses-colliers-harnais\/harnais\/harnais-power-julius-k9-idc-jaune-flu-mini-mini-s-40-53cm\/\"]}]},{\"@type\":\"ImageObject\",\"inLanguage\":\"fr-FR\",\"@id\":\"https:\/\/www.zoohandel.ch\/fr\/boutique\/chiens\/laisses-colliers-harnais\/harnais\/harnais-power-julius-k9-idc-jaune-flu-mini-mini-s-40-53cm\/#primaryimage\",\"url\":\"https:\/\/www.zoohandel.ch\/wp-content\/uploads\/2024\/04\/T14827_gr.jpg\",\"contentUrl\":\"https:\/\/www.zoohandel.ch\/wp-content\/uploads\/2024\/04\/T14827_gr.jpg\",\"width\":1200,\"height\":1200},{\"@type\":\"BreadcrumbList\",\"@id\":\"https:\/\/www.zoohandel.ch\/fr\/boutique\/chiens\/laisses-colliers-harnais\/harnais\/harnais-power-julius-k9-idc-jaune-flu-mini-mini-s-40-53cm\/#breadcrumb\",\"itemListElement\":[{\"@type\":\"ListItem\",\"position\":1,\"name\":\"Startseite\",\"item\":\"https:\/\/www.zoohandel.ch\/fr\/\"},{\"@type\":\"ListItem\",\"position\":2,\"name\":\"Boutique\",\"item\":\"https:\/\/www.zoohandel.ch\/fr\/boutique\/\"},{\"@type\":\"ListItem\",\"position\":3,\"name\":\"Harnais Power Julius-K9 IDC, jaune flu\"}]},{\"@type\":\"WebSite\",\"@id\":\"https:\/\/www.zoohandel.ch\/fr\/#website\",\"url\":\"https:\/\/www.zoohandel.ch\/fr\/\",\"name\":\"zoohandel.ch\",\"description\":\"Das Beste f\u00fcr Ihre Lieblinge\",\"publisher\":{\"@id\":\"https:\/\/www.zoohandel.ch\/fr\/#organization\"},\"potentialAction\":[{\"@type\":\"SearchAction\",\"target\":{\"@type\":\"EntryPoint\",\"urlTemplate\":\"https:\/\/www.zoohandel.ch\/fr\/?s={search_term_string}\"},\"query-input\":{\"@type\":\"PropertyValueSpecification\",\"valueRequired\":true,\"valueName\":\"search_term_string\"}}],\"inLanguage\":\"fr-FR\"},{\"@type\":\"Organization\",\"@id\":\"https:\/\/www.zoohandel.ch\/fr\/#organization\",\"name\":\"zoohandel.ch\",\"url\":\"https:\/\/www.zoohandel.ch\/fr\/\",\"logo\":{\"@type\":\"ImageObject\",\"inLanguage\":\"fr-FR\",\"@id\":\"https:\/\/www.zoohandel.ch\/fr\/#\/schema\/logo\/image\/\",\"url\":\"https:\/\/www.zoohandel.ch\/wp-content\/uploads\/zoohandel-ch.png\",\"contentUrl\":\"https:\/\/www.zoohandel.ch\/wp-content\/uploads\/zoohandel-ch.png\",\"width\":575,\"height\":171,\"caption\":\"zoohandel.ch\"},\"image\":{\"@id\":\"https:\/\/www.zoohandel.ch\/fr\/#\/schema\/logo\/image\/\"}}]}<\/script>\n<!-- \/ Yoast SEO plugin. -->","yoast_head_json":{"title":"Harnais Power Julius-K9 IDC, jaune flu - zoohandel.ch","robots":{"index":"index","follow":"follow","max-snippet":"max-snippet:-1","max-image-preview":"max-image-preview:large","max-video-preview":"max-video-preview:-1"},"canonical":"https:\/\/www.zoohandel.ch\/fr\/boutique\/chiens\/laisses-colliers-harnais\/harnais\/harnais-power-julius-k9-idc-jaune-flu-mini-mini-s-40-53cm\/","og_locale":"fr_FR","og_type":"article","og_title":"Harnais Power Julius-K9 IDC, jaune flu - zoohandel.ch","og_description":"forme ergonomique parfait positionnement de la sangle ventrale, r\u00e9partit uniform\u00e9ment la pression sur le thorax emp\u00eache la pression au niveau du cou plus de libert\u00e9 de mouvement gr\u00e2ce \u00e0 la forme \u00e9troite et \u00e0 la sangle abdominale plus en arri\u00e8re","og_url":"https:\/\/www.zoohandel.ch\/fr\/boutique\/chiens\/laisses-colliers-harnais\/harnais\/harnais-power-julius-k9-idc-jaune-flu-mini-mini-s-40-53cm\/","og_site_name":"zoohandel.ch","article_modified_time":"2026-04-27T04:05:42+00:00","og_image":[{"width":1200,"height":1200,"url":"https:\/\/www.zoohandel.ch\/wp-content\/uploads\/2024\/04\/T14827_gr.jpg","type":"image\/jpeg"}],"twitter_card":"summary_large_image","schema":{"@context":"https:\/\/schema.org","@graph":[{"@type":"WebPage","@id":"https:\/\/www.zoohandel.ch\/fr\/boutique\/chiens\/laisses-colliers-harnais\/harnais\/harnais-power-julius-k9-idc-jaune-flu-mini-mini-s-40-53cm\/","url":"https:\/\/www.zoohandel.ch\/fr\/boutique\/chiens\/laisses-colliers-harnais\/harnais\/harnais-power-julius-k9-idc-jaune-flu-mini-mini-s-40-53cm\/","name":"Harnais Power Julius-K9 IDC, jaune flu - zoohandel.ch","isPartOf":{"@id":"https:\/\/www.zoohandel.ch\/fr\/#website"},"primaryImageOfPage":{"@id":"https:\/\/www.zoohandel.ch\/fr\/boutique\/chiens\/laisses-colliers-harnais\/harnais\/harnais-power-julius-k9-idc-jaune-flu-mini-mini-s-40-53cm\/#primaryimage"},"image":{"@id":"https:\/\/www.zoohandel.ch\/fr\/boutique\/chiens\/laisses-colliers-harnais\/harnais\/harnais-power-julius-k9-idc-jaune-flu-mini-mini-s-40-53cm\/#primaryimage"},"thumbnailUrl":"https:\/\/www.zoohandel.ch\/wp-content\/uploads\/2024\/04\/T14827_gr.jpg","datePublished":"2015-07-09T22:00:00+00:00","dateModified":"2026-04-27T04:05:42+00:00","breadcrumb":{"@id":"https:\/\/www.zoohandel.ch\/fr\/boutique\/chiens\/laisses-colliers-harnais\/harnais\/harnais-power-julius-k9-idc-jaune-flu-mini-mini-s-40-53cm\/#breadcrumb"},"inLanguage":"fr-FR","potentialAction":[{"@type":"ReadAction","target":["https:\/\/www.zoohandel.ch\/fr\/boutique\/chiens\/laisses-colliers-harnais\/harnais\/harnais-power-julius-k9-idc-jaune-flu-mini-mini-s-40-53cm\/"]}]},{"@type":"ImageObject","inLanguage":"fr-FR","@id":"https:\/\/www.zoohandel.ch\/fr\/boutique\/chiens\/laisses-colliers-harnais\/harnais\/harnais-power-julius-k9-idc-jaune-flu-mini-mini-s-40-53cm\/#primaryimage","url":"https:\/\/www.zoohandel.ch\/wp-content\/uploads\/2024\/04\/T14827_gr.jpg","contentUrl":"https:\/\/www.zoohandel.ch\/wp-content\/uploads\/2024\/04\/T14827_gr.jpg","width":1200,"height":1200},{"@type":"BreadcrumbList","@id":"https:\/\/www.zoohandel.ch\/fr\/boutique\/chiens\/laisses-colliers-harnais\/harnais\/harnais-power-julius-k9-idc-jaune-flu-mini-mini-s-40-53cm\/#breadcrumb","itemListElement":[{"@type":"ListItem","position":1,"name":"Startseite","item":"https:\/\/www.zoohandel.ch\/fr\/"},{"@type":"ListItem","position":2,"name":"Boutique","item":"https:\/\/www.zoohandel.ch\/fr\/boutique\/"},{"@type":"ListItem","position":3,"name":"Harnais Power Julius-K9 IDC, jaune flu"}]},{"@type":"WebSite","@id":"https:\/\/www.zoohandel.ch\/fr\/#website","url":"https:\/\/www.zoohandel.ch\/fr\/","name":"zoohandel.ch","description":"Das Beste f\u00fcr Ihre Lieblinge","publisher":{"@id":"https:\/\/www.zoohandel.ch\/fr\/#organization"},"potentialAction":[{"@type":"SearchAction","target":{"@type":"EntryPoint","urlTemplate":"https:\/\/www.zoohandel.ch\/fr\/?s={search_term_string}"},"query-input":{"@type":"PropertyValueSpecification","valueRequired":true,"valueName":"search_term_string"}}],"inLanguage":"fr-FR"},{"@type":"Organization","@id":"https:\/\/www.zoohandel.ch\/fr\/#organization","name":"zoohandel.ch","url":"https:\/\/www.zoohandel.ch\/fr\/","logo":{"@type":"ImageObject","inLanguage":"fr-FR","@id":"https:\/\/www.zoohandel.ch\/fr\/#\/schema\/logo\/image\/","url":"https:\/\/www.zoohandel.ch\/wp-content\/uploads\/zoohandel-ch.png","contentUrl":"https:\/\/www.zoohandel.ch\/wp-content\/uploads\/zoohandel-ch.png","width":575,"height":171,"caption":"zoohandel.ch"},"image":{"@id":"https:\/\/www.zoohandel.ch\/fr\/#\/schema\/logo\/image\/"}}]}},"tiered_pricing_type":"fixed","tiered_pricing_fixed_rules":[],"tiered_pricing_product_settings":{"layout":"default","base_unit_name":{"singular":null,"plural":null},"default_variation":null},"tiered_pricing_minimum_quantity":null,"tiered_pricing_roles_data":[],"tiered_pricing_percentage_rules":[],"_links":{"self":[{"href":"https:\/\/www.zoohandel.ch\/fr\/wp-json\/wp\/v2\/product\/209576","targetHints":{"allow":["GET"]}}],"collection":[{"href":"https:\/\/www.zoohandel.ch\/fr\/wp-json\/wp\/v2\/product"}],"about":[{"href":"https:\/\/www.zoohandel.ch\/fr\/wp-json\/wp\/v2\/types\/product"}],"wp:featuredmedia":[{"embeddable":true,"href":"https:\/\/www.zoohandel.ch\/fr\/wp-json\/wp\/v2\/media\/527060"}],"wp:attachment":[{"href":"https:\/\/www.zoohandel.ch\/fr\/wp-json\/wp\/v2\/media?parent=209576"}],"wp:term":[{"taxonomy":"product_brand","embeddable":true,"href":"https:\/\/www.zoohandel.ch\/fr\/wp-json\/wp\/v2\/product_brand?post=209576"},{"taxonomy":"product_cat","embeddable":true,"href":"https:\/\/www.zoohandel.ch\/fr\/wp-json\/wp\/v2\/product_cat?post=209576"},{"taxonomy":"product_tag","embeddable":true,"href":"https:\/\/www.zoohandel.ch\/fr\/wp-json\/wp\/v2\/product_tag?post=209576"}],"curies":[{"name":"wp","href":"https:\/\/api.w.org\/{rel}","templated":true}]}}