{"id":210022,"date":"2019-06-17T00:00:00","date_gmt":"2019-06-16T22:00:00","guid":{"rendered":"https:\/\/www.alfauna.ch.vasco.sui-inter.net\/shop\/non%20class\u00e9\/be-nordic-laisse-retriever-semi-etrangleur-s%c2%96m-170-m-oe-8\/"},"modified":"2026-04-26T05:58:05","modified_gmt":"2026-04-26T03:58:05","slug":"be-nordic-laisse-retriever-semi-etrangleur-s-m-170-m-oe-8-s-m-170-m-oe-8-mm","status":"publish","type":"product","link":"https:\/\/www.zoohandel.ch\/fr\/boutique\/chiens\/laisses-colliers-harnais\/toile\/be-nordic-laisse-retriever-semi-etrangleur-s-m-170-m-oe-8-s-m-170-m-oe-8-mm\/","title":{"rendered":"BE NORDIC laisse Retriever semi-\u00e9trangleur, S-M: 1,70 m\/\u00f8 8"},"content":{"rendered":"<p>corde, tiss\u00e9 en rond<br \/>\nr\u00e9ducteur de traction r\u00e9glable en continu au moyen des n\u009cuds <\/p>\n<p>Avec la vente de la s\u00e9rie, TRIXIE soutient les projets de protection marine et contribue \u00e0 conserver durablement la nature et \u00e0 la prot\u00e9ger de nombreuses esp\u00e8ces.<\/p>\n","protected":false},"excerpt":{"rendered":"<p>corde, tiss\u00e9 en rond r\u00e9ducteur de traction r\u00e9glable en continu au moyen des n\u009cuds Avec la vente de la s\u00e9rie, TRIXIE soutient les projets de protection marine et contribue \u00e0 conserver durablement la nature et \u00e0 la prot\u00e9ger de nombreuses esp\u00e8ces.<\/p>\n","protected":false},"featured_media":527210,"template":"","meta":{"_acf_changed":false},"product_brand":[],"product_cat":[3094,3873,3874],"product_tag":[],"class_list":{"0":"post-210022","1":"product","2":"type-product","3":"status-publish","4":"has-post-thumbnail","6":"product_cat-chiens","7":"product_cat-laisses-colliers-harnais","8":"product_cat-toile","10":"first","11":"instock","12":"taxable","13":"shipping-taxable","14":"purchasable","15":"product-type-simple"},"acf":[],"yoast_head":"<!-- This site is optimized with the Yoast SEO plugin v25.8 - https:\/\/yoast.com\/wordpress\/plugins\/seo\/ -->\n<title>BE NORDIC laisse Retriever semi-\u00e9trangleur, S-M: 1,70 m\/\u00f8 8 - zoohandel.ch<\/title>\n<meta name=\"robots\" content=\"index, follow, max-snippet:-1, max-image-preview:large, max-video-preview:-1\" \/>\n<link rel=\"canonical\" href=\"https:\/\/www.zoohandel.ch\/fr\/boutique\/chiens\/laisses-colliers-harnais\/toile\/be-nordic-laisse-retriever-semi-etrangleur-s-m-170-m-oe-8-s-m-170-m-oe-8-mm\/\" \/>\n<meta property=\"og:locale\" content=\"fr_FR\" \/>\n<meta property=\"og:type\" content=\"article\" \/>\n<meta property=\"og:title\" content=\"BE NORDIC laisse Retriever semi-\u00e9trangleur, S-M: 1,70 m\/\u00f8 8 - zoohandel.ch\" \/>\n<meta property=\"og:description\" content=\"corde, tiss\u00e9 en rond r\u00e9ducteur de traction r\u00e9glable en continu au moyen des n\u009cuds Avec la vente de la s\u00e9rie, TRIXIE soutient les projets de protection marine et contribue \u00e0 conserver durablement la nature et \u00e0 la prot\u00e9ger de nombreuses esp\u00e8ces.\" \/>\n<meta property=\"og:url\" content=\"https:\/\/www.zoohandel.ch\/fr\/boutique\/chiens\/laisses-colliers-harnais\/toile\/be-nordic-laisse-retriever-semi-etrangleur-s-m-170-m-oe-8-s-m-170-m-oe-8-mm\/\" \/>\n<meta property=\"og:site_name\" content=\"zoohandel.ch\" \/>\n<meta property=\"article:modified_time\" content=\"2026-04-26T03:58:05+00:00\" \/>\n<meta property=\"og:image\" content=\"https:\/\/www.zoohandel.ch\/wp-content\/uploads\/2024\/04\/T17241_gr.jpg\" \/>\n\t<meta property=\"og:image:width\" content=\"1600\" \/>\n\t<meta property=\"og:image:height\" content=\"395\" \/>\n\t<meta property=\"og:image:type\" content=\"image\/jpeg\" \/>\n<meta name=\"twitter:card\" content=\"summary_large_image\" \/>\n<script type=\"application\/ld+json\" class=\"yoast-schema-graph\">{\"@context\":\"https:\/\/schema.org\",\"@graph\":[{\"@type\":\"WebPage\",\"@id\":\"https:\/\/www.zoohandel.ch\/fr\/boutique\/chiens\/laisses-colliers-harnais\/toile\/be-nordic-laisse-retriever-semi-etrangleur-s-m-170-m-oe-8-s-m-170-m-oe-8-mm\/\",\"url\":\"https:\/\/www.zoohandel.ch\/fr\/boutique\/chiens\/laisses-colliers-harnais\/toile\/be-nordic-laisse-retriever-semi-etrangleur-s-m-170-m-oe-8-s-m-170-m-oe-8-mm\/\",\"name\":\"BE NORDIC laisse Retriever semi-\u00e9trangleur, S-M: 1,70 m\/\u00f8 8 - zoohandel.ch\",\"isPartOf\":{\"@id\":\"https:\/\/www.zoohandel.ch\/fr\/#website\"},\"primaryImageOfPage\":{\"@id\":\"https:\/\/www.zoohandel.ch\/fr\/boutique\/chiens\/laisses-colliers-harnais\/toile\/be-nordic-laisse-retriever-semi-etrangleur-s-m-170-m-oe-8-s-m-170-m-oe-8-mm\/#primaryimage\"},\"image\":{\"@id\":\"https:\/\/www.zoohandel.ch\/fr\/boutique\/chiens\/laisses-colliers-harnais\/toile\/be-nordic-laisse-retriever-semi-etrangleur-s-m-170-m-oe-8-s-m-170-m-oe-8-mm\/#primaryimage\"},\"thumbnailUrl\":\"https:\/\/www.zoohandel.ch\/wp-content\/uploads\/2024\/04\/T17241_gr.jpg\",\"datePublished\":\"2019-06-16T22:00:00+00:00\",\"dateModified\":\"2026-04-26T03:58:05+00:00\",\"breadcrumb\":{\"@id\":\"https:\/\/www.zoohandel.ch\/fr\/boutique\/chiens\/laisses-colliers-harnais\/toile\/be-nordic-laisse-retriever-semi-etrangleur-s-m-170-m-oe-8-s-m-170-m-oe-8-mm\/#breadcrumb\"},\"inLanguage\":\"fr-FR\",\"potentialAction\":[{\"@type\":\"ReadAction\",\"target\":[\"https:\/\/www.zoohandel.ch\/fr\/boutique\/chiens\/laisses-colliers-harnais\/toile\/be-nordic-laisse-retriever-semi-etrangleur-s-m-170-m-oe-8-s-m-170-m-oe-8-mm\/\"]}]},{\"@type\":\"ImageObject\",\"inLanguage\":\"fr-FR\",\"@id\":\"https:\/\/www.zoohandel.ch\/fr\/boutique\/chiens\/laisses-colliers-harnais\/toile\/be-nordic-laisse-retriever-semi-etrangleur-s-m-170-m-oe-8-s-m-170-m-oe-8-mm\/#primaryimage\",\"url\":\"https:\/\/www.zoohandel.ch\/wp-content\/uploads\/2024\/04\/T17241_gr.jpg\",\"contentUrl\":\"https:\/\/www.zoohandel.ch\/wp-content\/uploads\/2024\/04\/T17241_gr.jpg\",\"width\":1600,\"height\":395},{\"@type\":\"BreadcrumbList\",\"@id\":\"https:\/\/www.zoohandel.ch\/fr\/boutique\/chiens\/laisses-colliers-harnais\/toile\/be-nordic-laisse-retriever-semi-etrangleur-s-m-170-m-oe-8-s-m-170-m-oe-8-mm\/#breadcrumb\",\"itemListElement\":[{\"@type\":\"ListItem\",\"position\":1,\"name\":\"Startseite\",\"item\":\"https:\/\/www.zoohandel.ch\/fr\/\"},{\"@type\":\"ListItem\",\"position\":2,\"name\":\"Boutique\",\"item\":\"https:\/\/www.zoohandel.ch\/fr\/boutique\/\"},{\"@type\":\"ListItem\",\"position\":3,\"name\":\"BE NORDIC laisse Retriever semi-\u00e9trangleur, S-M: 1,70 m\/\u00f8 8\"}]},{\"@type\":\"WebSite\",\"@id\":\"https:\/\/www.zoohandel.ch\/fr\/#website\",\"url\":\"https:\/\/www.zoohandel.ch\/fr\/\",\"name\":\"zoohandel.ch\",\"description\":\"Das Beste f\u00fcr Ihre Lieblinge\",\"publisher\":{\"@id\":\"https:\/\/www.zoohandel.ch\/fr\/#organization\"},\"potentialAction\":[{\"@type\":\"SearchAction\",\"target\":{\"@type\":\"EntryPoint\",\"urlTemplate\":\"https:\/\/www.zoohandel.ch\/fr\/?s={search_term_string}\"},\"query-input\":{\"@type\":\"PropertyValueSpecification\",\"valueRequired\":true,\"valueName\":\"search_term_string\"}}],\"inLanguage\":\"fr-FR\"},{\"@type\":\"Organization\",\"@id\":\"https:\/\/www.zoohandel.ch\/fr\/#organization\",\"name\":\"zoohandel.ch\",\"url\":\"https:\/\/www.zoohandel.ch\/fr\/\",\"logo\":{\"@type\":\"ImageObject\",\"inLanguage\":\"fr-FR\",\"@id\":\"https:\/\/www.zoohandel.ch\/fr\/#\/schema\/logo\/image\/\",\"url\":\"https:\/\/www.zoohandel.ch\/wp-content\/uploads\/zoohandel-ch.png\",\"contentUrl\":\"https:\/\/www.zoohandel.ch\/wp-content\/uploads\/zoohandel-ch.png\",\"width\":575,\"height\":171,\"caption\":\"zoohandel.ch\"},\"image\":{\"@id\":\"https:\/\/www.zoohandel.ch\/fr\/#\/schema\/logo\/image\/\"}}]}<\/script>\n<!-- \/ Yoast SEO plugin. -->","yoast_head_json":{"title":"BE NORDIC laisse Retriever semi-\u00e9trangleur, S-M: 1,70 m\/\u00f8 8 - zoohandel.ch","robots":{"index":"index","follow":"follow","max-snippet":"max-snippet:-1","max-image-preview":"max-image-preview:large","max-video-preview":"max-video-preview:-1"},"canonical":"https:\/\/www.zoohandel.ch\/fr\/boutique\/chiens\/laisses-colliers-harnais\/toile\/be-nordic-laisse-retriever-semi-etrangleur-s-m-170-m-oe-8-s-m-170-m-oe-8-mm\/","og_locale":"fr_FR","og_type":"article","og_title":"BE NORDIC laisse Retriever semi-\u00e9trangleur, S-M: 1,70 m\/\u00f8 8 - zoohandel.ch","og_description":"corde, tiss\u00e9 en rond r\u00e9ducteur de traction r\u00e9glable en continu au moyen des n\u009cuds Avec la vente de la s\u00e9rie, TRIXIE soutient les projets de protection marine et contribue \u00e0 conserver durablement la nature et \u00e0 la prot\u00e9ger de nombreuses esp\u00e8ces.","og_url":"https:\/\/www.zoohandel.ch\/fr\/boutique\/chiens\/laisses-colliers-harnais\/toile\/be-nordic-laisse-retriever-semi-etrangleur-s-m-170-m-oe-8-s-m-170-m-oe-8-mm\/","og_site_name":"zoohandel.ch","article_modified_time":"2026-04-26T03:58:05+00:00","og_image":[{"width":1600,"height":395,"url":"https:\/\/www.zoohandel.ch\/wp-content\/uploads\/2024\/04\/T17241_gr.jpg","type":"image\/jpeg"}],"twitter_card":"summary_large_image","schema":{"@context":"https:\/\/schema.org","@graph":[{"@type":"WebPage","@id":"https:\/\/www.zoohandel.ch\/fr\/boutique\/chiens\/laisses-colliers-harnais\/toile\/be-nordic-laisse-retriever-semi-etrangleur-s-m-170-m-oe-8-s-m-170-m-oe-8-mm\/","url":"https:\/\/www.zoohandel.ch\/fr\/boutique\/chiens\/laisses-colliers-harnais\/toile\/be-nordic-laisse-retriever-semi-etrangleur-s-m-170-m-oe-8-s-m-170-m-oe-8-mm\/","name":"BE NORDIC laisse Retriever semi-\u00e9trangleur, S-M: 1,70 m\/\u00f8 8 - zoohandel.ch","isPartOf":{"@id":"https:\/\/www.zoohandel.ch\/fr\/#website"},"primaryImageOfPage":{"@id":"https:\/\/www.zoohandel.ch\/fr\/boutique\/chiens\/laisses-colliers-harnais\/toile\/be-nordic-laisse-retriever-semi-etrangleur-s-m-170-m-oe-8-s-m-170-m-oe-8-mm\/#primaryimage"},"image":{"@id":"https:\/\/www.zoohandel.ch\/fr\/boutique\/chiens\/laisses-colliers-harnais\/toile\/be-nordic-laisse-retriever-semi-etrangleur-s-m-170-m-oe-8-s-m-170-m-oe-8-mm\/#primaryimage"},"thumbnailUrl":"https:\/\/www.zoohandel.ch\/wp-content\/uploads\/2024\/04\/T17241_gr.jpg","datePublished":"2019-06-16T22:00:00+00:00","dateModified":"2026-04-26T03:58:05+00:00","breadcrumb":{"@id":"https:\/\/www.zoohandel.ch\/fr\/boutique\/chiens\/laisses-colliers-harnais\/toile\/be-nordic-laisse-retriever-semi-etrangleur-s-m-170-m-oe-8-s-m-170-m-oe-8-mm\/#breadcrumb"},"inLanguage":"fr-FR","potentialAction":[{"@type":"ReadAction","target":["https:\/\/www.zoohandel.ch\/fr\/boutique\/chiens\/laisses-colliers-harnais\/toile\/be-nordic-laisse-retriever-semi-etrangleur-s-m-170-m-oe-8-s-m-170-m-oe-8-mm\/"]}]},{"@type":"ImageObject","inLanguage":"fr-FR","@id":"https:\/\/www.zoohandel.ch\/fr\/boutique\/chiens\/laisses-colliers-harnais\/toile\/be-nordic-laisse-retriever-semi-etrangleur-s-m-170-m-oe-8-s-m-170-m-oe-8-mm\/#primaryimage","url":"https:\/\/www.zoohandel.ch\/wp-content\/uploads\/2024\/04\/T17241_gr.jpg","contentUrl":"https:\/\/www.zoohandel.ch\/wp-content\/uploads\/2024\/04\/T17241_gr.jpg","width":1600,"height":395},{"@type":"BreadcrumbList","@id":"https:\/\/www.zoohandel.ch\/fr\/boutique\/chiens\/laisses-colliers-harnais\/toile\/be-nordic-laisse-retriever-semi-etrangleur-s-m-170-m-oe-8-s-m-170-m-oe-8-mm\/#breadcrumb","itemListElement":[{"@type":"ListItem","position":1,"name":"Startseite","item":"https:\/\/www.zoohandel.ch\/fr\/"},{"@type":"ListItem","position":2,"name":"Boutique","item":"https:\/\/www.zoohandel.ch\/fr\/boutique\/"},{"@type":"ListItem","position":3,"name":"BE NORDIC laisse Retriever semi-\u00e9trangleur, S-M: 1,70 m\/\u00f8 8"}]},{"@type":"WebSite","@id":"https:\/\/www.zoohandel.ch\/fr\/#website","url":"https:\/\/www.zoohandel.ch\/fr\/","name":"zoohandel.ch","description":"Das Beste f\u00fcr Ihre Lieblinge","publisher":{"@id":"https:\/\/www.zoohandel.ch\/fr\/#organization"},"potentialAction":[{"@type":"SearchAction","target":{"@type":"EntryPoint","urlTemplate":"https:\/\/www.zoohandel.ch\/fr\/?s={search_term_string}"},"query-input":{"@type":"PropertyValueSpecification","valueRequired":true,"valueName":"search_term_string"}}],"inLanguage":"fr-FR"},{"@type":"Organization","@id":"https:\/\/www.zoohandel.ch\/fr\/#organization","name":"zoohandel.ch","url":"https:\/\/www.zoohandel.ch\/fr\/","logo":{"@type":"ImageObject","inLanguage":"fr-FR","@id":"https:\/\/www.zoohandel.ch\/fr\/#\/schema\/logo\/image\/","url":"https:\/\/www.zoohandel.ch\/wp-content\/uploads\/zoohandel-ch.png","contentUrl":"https:\/\/www.zoohandel.ch\/wp-content\/uploads\/zoohandel-ch.png","width":575,"height":171,"caption":"zoohandel.ch"},"image":{"@id":"https:\/\/www.zoohandel.ch\/fr\/#\/schema\/logo\/image\/"}}]}},"tiered_pricing_type":"fixed","tiered_pricing_fixed_rules":[],"tiered_pricing_product_settings":{"layout":"default","base_unit_name":{"singular":null,"plural":null},"default_variation":null},"tiered_pricing_minimum_quantity":null,"tiered_pricing_roles_data":[],"tiered_pricing_percentage_rules":[],"_links":{"self":[{"href":"https:\/\/www.zoohandel.ch\/fr\/wp-json\/wp\/v2\/product\/210022","targetHints":{"allow":["GET"]}}],"collection":[{"href":"https:\/\/www.zoohandel.ch\/fr\/wp-json\/wp\/v2\/product"}],"about":[{"href":"https:\/\/www.zoohandel.ch\/fr\/wp-json\/wp\/v2\/types\/product"}],"wp:featuredmedia":[{"embeddable":true,"href":"https:\/\/www.zoohandel.ch\/fr\/wp-json\/wp\/v2\/media\/527210"}],"wp:attachment":[{"href":"https:\/\/www.zoohandel.ch\/fr\/wp-json\/wp\/v2\/media?parent=210022"}],"wp:term":[{"taxonomy":"product_brand","embeddable":true,"href":"https:\/\/www.zoohandel.ch\/fr\/wp-json\/wp\/v2\/product_brand?post=210022"},{"taxonomy":"product_cat","embeddable":true,"href":"https:\/\/www.zoohandel.ch\/fr\/wp-json\/wp\/v2\/product_cat?post=210022"},{"taxonomy":"product_tag","embeddable":true,"href":"https:\/\/www.zoohandel.ch\/fr\/wp-json\/wp\/v2\/product_tag?post=210022"}],"curies":[{"name":"wp","href":"https:\/\/api.w.org\/{rel}","templated":true}]}}