{"id":210506,"date":"2018-07-12T00:00:00","date_gmt":"2018-07-11T22:00:00","guid":{"rendered":"https:\/\/www.alfauna.ch.vasco.sui-inter.net\/shop\/non%20class\u00e9\/chaussette-de-protection-silicone-s-6cm-30cm-gris\/"},"modified":"2026-04-22T02:49:04","modified_gmt":"2026-04-22T00:49:04","slug":"chaussette-de-protection-silicone-s-6cm-30cm-gris","status":"publish","type":"product","link":"https:\/\/www.zoohandel.ch\/fr\/boutique\/chiens\/soins-hygiene-et-sante\/chaussette-de-protection-silicone-s-6cm-30cm-gris\/","title":{"rendered":"Chaussette de protection, silicone, S: 6cm\/30cm, gris"},"content":{"rendered":"<p>maintiennent les plaies et les bandages secs et propres<br \/>\nla mati\u00e8re souple maintient la libert\u00e9 de mouvement<br \/>\nconvient aux pattes avants et arri\u00e8res<br \/>\nfacile \u00e0 mettre en coupant la longueur et les bandes auto-agrippantes s\u00e9par\u00e9es<br \/>\ncouleur: gris<\/p>\n","protected":false},"excerpt":{"rendered":"<p>maintiennent les plaies et les bandages secs et propres la mati\u00e8re souple maintient la libert\u00e9 de mouvement convient aux pattes avants et arri\u00e8res facile \u00e0 mettre en coupant la longueur et les bandes auto-agrippantes s\u00e9par\u00e9es couleur: gris<\/p>\n","protected":false},"featured_media":527996,"template":"","meta":{"_acf_changed":false},"product_brand":[],"product_cat":[3094,3870],"product_tag":[],"class_list":{"0":"post-210506","1":"product","2":"type-product","3":"status-publish","4":"has-post-thumbnail","6":"product_cat-chiens","7":"product_cat-soins-hygiene-et-sante","9":"first","10":"instock","11":"taxable","12":"shipping-taxable","13":"purchasable","14":"product-type-simple"},"acf":[],"yoast_head":"<!-- This site is optimized with the Yoast SEO plugin v25.8 - https:\/\/yoast.com\/wordpress\/plugins\/seo\/ -->\n<title>Chaussette de protection, silicone, S: 6cm\/30cm, gris - zoohandel.ch<\/title>\n<meta name=\"robots\" content=\"index, follow, max-snippet:-1, max-image-preview:large, max-video-preview:-1\" \/>\n<link rel=\"canonical\" href=\"https:\/\/www.zoohandel.ch\/fr\/boutique\/chiens\/soins-hygiene-et-sante\/chaussette-de-protection-silicone-s-6cm-30cm-gris\/\" \/>\n<meta property=\"og:locale\" content=\"fr_FR\" \/>\n<meta property=\"og:type\" content=\"article\" \/>\n<meta property=\"og:title\" content=\"Chaussette de protection, silicone, S: 6cm\/30cm, gris - zoohandel.ch\" \/>\n<meta property=\"og:description\" content=\"maintiennent les plaies et les bandages secs et propres la mati\u00e8re souple maintient la libert\u00e9 de mouvement convient aux pattes avants et arri\u00e8res facile \u00e0 mettre en coupant la longueur et les bandes auto-agrippantes s\u00e9par\u00e9es couleur: gris\" \/>\n<meta property=\"og:url\" content=\"https:\/\/www.zoohandel.ch\/fr\/boutique\/chiens\/soins-hygiene-et-sante\/chaussette-de-protection-silicone-s-6cm-30cm-gris\/\" \/>\n<meta property=\"og:site_name\" content=\"zoohandel.ch\" \/>\n<meta property=\"article:modified_time\" content=\"2026-04-22T00:49:04+00:00\" \/>\n<meta property=\"og:image\" content=\"https:\/\/www.zoohandel.ch\/wp-content\/uploads\/2024\/04\/T19431_gr.jpg\" \/>\n\t<meta property=\"og:image:width\" content=\"622\" \/>\n\t<meta property=\"og:image:height\" content=\"1200\" \/>\n\t<meta property=\"og:image:type\" content=\"image\/jpeg\" \/>\n<meta name=\"twitter:card\" content=\"summary_large_image\" \/>\n<script type=\"application\/ld+json\" class=\"yoast-schema-graph\">{\"@context\":\"https:\/\/schema.org\",\"@graph\":[{\"@type\":\"WebPage\",\"@id\":\"https:\/\/www.zoohandel.ch\/fr\/boutique\/chiens\/soins-hygiene-et-sante\/chaussette-de-protection-silicone-s-6cm-30cm-gris\/\",\"url\":\"https:\/\/www.zoohandel.ch\/fr\/boutique\/chiens\/soins-hygiene-et-sante\/chaussette-de-protection-silicone-s-6cm-30cm-gris\/\",\"name\":\"Chaussette de protection, silicone, S: 6cm\/30cm, gris - zoohandel.ch\",\"isPartOf\":{\"@id\":\"https:\/\/www.zoohandel.ch\/fr\/#website\"},\"primaryImageOfPage\":{\"@id\":\"https:\/\/www.zoohandel.ch\/fr\/boutique\/chiens\/soins-hygiene-et-sante\/chaussette-de-protection-silicone-s-6cm-30cm-gris\/#primaryimage\"},\"image\":{\"@id\":\"https:\/\/www.zoohandel.ch\/fr\/boutique\/chiens\/soins-hygiene-et-sante\/chaussette-de-protection-silicone-s-6cm-30cm-gris\/#primaryimage\"},\"thumbnailUrl\":\"https:\/\/www.zoohandel.ch\/wp-content\/uploads\/2024\/04\/T19431_gr.jpg\",\"datePublished\":\"2018-07-11T22:00:00+00:00\",\"dateModified\":\"2026-04-22T00:49:04+00:00\",\"breadcrumb\":{\"@id\":\"https:\/\/www.zoohandel.ch\/fr\/boutique\/chiens\/soins-hygiene-et-sante\/chaussette-de-protection-silicone-s-6cm-30cm-gris\/#breadcrumb\"},\"inLanguage\":\"fr-FR\",\"potentialAction\":[{\"@type\":\"ReadAction\",\"target\":[\"https:\/\/www.zoohandel.ch\/fr\/boutique\/chiens\/soins-hygiene-et-sante\/chaussette-de-protection-silicone-s-6cm-30cm-gris\/\"]}]},{\"@type\":\"ImageObject\",\"inLanguage\":\"fr-FR\",\"@id\":\"https:\/\/www.zoohandel.ch\/fr\/boutique\/chiens\/soins-hygiene-et-sante\/chaussette-de-protection-silicone-s-6cm-30cm-gris\/#primaryimage\",\"url\":\"https:\/\/www.zoohandel.ch\/wp-content\/uploads\/2024\/04\/T19431_gr.jpg\",\"contentUrl\":\"https:\/\/www.zoohandel.ch\/wp-content\/uploads\/2024\/04\/T19431_gr.jpg\",\"width\":622,\"height\":1200},{\"@type\":\"BreadcrumbList\",\"@id\":\"https:\/\/www.zoohandel.ch\/fr\/boutique\/chiens\/soins-hygiene-et-sante\/chaussette-de-protection-silicone-s-6cm-30cm-gris\/#breadcrumb\",\"itemListElement\":[{\"@type\":\"ListItem\",\"position\":1,\"name\":\"Startseite\",\"item\":\"https:\/\/www.zoohandel.ch\/fr\/\"},{\"@type\":\"ListItem\",\"position\":2,\"name\":\"Boutique\",\"item\":\"https:\/\/www.zoohandel.ch\/fr\/boutique\/\"},{\"@type\":\"ListItem\",\"position\":3,\"name\":\"Chaussette de protection, silicone, S: 6cm\/30cm, gris\"}]},{\"@type\":\"WebSite\",\"@id\":\"https:\/\/www.zoohandel.ch\/fr\/#website\",\"url\":\"https:\/\/www.zoohandel.ch\/fr\/\",\"name\":\"zoohandel.ch\",\"description\":\"Das Beste f\u00fcr Ihre Lieblinge\",\"publisher\":{\"@id\":\"https:\/\/www.zoohandel.ch\/fr\/#organization\"},\"potentialAction\":[{\"@type\":\"SearchAction\",\"target\":{\"@type\":\"EntryPoint\",\"urlTemplate\":\"https:\/\/www.zoohandel.ch\/fr\/?s={search_term_string}\"},\"query-input\":{\"@type\":\"PropertyValueSpecification\",\"valueRequired\":true,\"valueName\":\"search_term_string\"}}],\"inLanguage\":\"fr-FR\"},{\"@type\":\"Organization\",\"@id\":\"https:\/\/www.zoohandel.ch\/fr\/#organization\",\"name\":\"zoohandel.ch\",\"url\":\"https:\/\/www.zoohandel.ch\/fr\/\",\"logo\":{\"@type\":\"ImageObject\",\"inLanguage\":\"fr-FR\",\"@id\":\"https:\/\/www.zoohandel.ch\/fr\/#\/schema\/logo\/image\/\",\"url\":\"https:\/\/www.zoohandel.ch\/wp-content\/uploads\/zoohandel-ch.png\",\"contentUrl\":\"https:\/\/www.zoohandel.ch\/wp-content\/uploads\/zoohandel-ch.png\",\"width\":575,\"height\":171,\"caption\":\"zoohandel.ch\"},\"image\":{\"@id\":\"https:\/\/www.zoohandel.ch\/fr\/#\/schema\/logo\/image\/\"}}]}<\/script>\n<!-- \/ Yoast SEO plugin. -->","yoast_head_json":{"title":"Chaussette de protection, silicone, S: 6cm\/30cm, gris - zoohandel.ch","robots":{"index":"index","follow":"follow","max-snippet":"max-snippet:-1","max-image-preview":"max-image-preview:large","max-video-preview":"max-video-preview:-1"},"canonical":"https:\/\/www.zoohandel.ch\/fr\/boutique\/chiens\/soins-hygiene-et-sante\/chaussette-de-protection-silicone-s-6cm-30cm-gris\/","og_locale":"fr_FR","og_type":"article","og_title":"Chaussette de protection, silicone, S: 6cm\/30cm, gris - zoohandel.ch","og_description":"maintiennent les plaies et les bandages secs et propres la mati\u00e8re souple maintient la libert\u00e9 de mouvement convient aux pattes avants et arri\u00e8res facile \u00e0 mettre en coupant la longueur et les bandes auto-agrippantes s\u00e9par\u00e9es couleur: gris","og_url":"https:\/\/www.zoohandel.ch\/fr\/boutique\/chiens\/soins-hygiene-et-sante\/chaussette-de-protection-silicone-s-6cm-30cm-gris\/","og_site_name":"zoohandel.ch","article_modified_time":"2026-04-22T00:49:04+00:00","og_image":[{"width":622,"height":1200,"url":"https:\/\/www.zoohandel.ch\/wp-content\/uploads\/2024\/04\/T19431_gr.jpg","type":"image\/jpeg"}],"twitter_card":"summary_large_image","schema":{"@context":"https:\/\/schema.org","@graph":[{"@type":"WebPage","@id":"https:\/\/www.zoohandel.ch\/fr\/boutique\/chiens\/soins-hygiene-et-sante\/chaussette-de-protection-silicone-s-6cm-30cm-gris\/","url":"https:\/\/www.zoohandel.ch\/fr\/boutique\/chiens\/soins-hygiene-et-sante\/chaussette-de-protection-silicone-s-6cm-30cm-gris\/","name":"Chaussette de protection, silicone, S: 6cm\/30cm, gris - zoohandel.ch","isPartOf":{"@id":"https:\/\/www.zoohandel.ch\/fr\/#website"},"primaryImageOfPage":{"@id":"https:\/\/www.zoohandel.ch\/fr\/boutique\/chiens\/soins-hygiene-et-sante\/chaussette-de-protection-silicone-s-6cm-30cm-gris\/#primaryimage"},"image":{"@id":"https:\/\/www.zoohandel.ch\/fr\/boutique\/chiens\/soins-hygiene-et-sante\/chaussette-de-protection-silicone-s-6cm-30cm-gris\/#primaryimage"},"thumbnailUrl":"https:\/\/www.zoohandel.ch\/wp-content\/uploads\/2024\/04\/T19431_gr.jpg","datePublished":"2018-07-11T22:00:00+00:00","dateModified":"2026-04-22T00:49:04+00:00","breadcrumb":{"@id":"https:\/\/www.zoohandel.ch\/fr\/boutique\/chiens\/soins-hygiene-et-sante\/chaussette-de-protection-silicone-s-6cm-30cm-gris\/#breadcrumb"},"inLanguage":"fr-FR","potentialAction":[{"@type":"ReadAction","target":["https:\/\/www.zoohandel.ch\/fr\/boutique\/chiens\/soins-hygiene-et-sante\/chaussette-de-protection-silicone-s-6cm-30cm-gris\/"]}]},{"@type":"ImageObject","inLanguage":"fr-FR","@id":"https:\/\/www.zoohandel.ch\/fr\/boutique\/chiens\/soins-hygiene-et-sante\/chaussette-de-protection-silicone-s-6cm-30cm-gris\/#primaryimage","url":"https:\/\/www.zoohandel.ch\/wp-content\/uploads\/2024\/04\/T19431_gr.jpg","contentUrl":"https:\/\/www.zoohandel.ch\/wp-content\/uploads\/2024\/04\/T19431_gr.jpg","width":622,"height":1200},{"@type":"BreadcrumbList","@id":"https:\/\/www.zoohandel.ch\/fr\/boutique\/chiens\/soins-hygiene-et-sante\/chaussette-de-protection-silicone-s-6cm-30cm-gris\/#breadcrumb","itemListElement":[{"@type":"ListItem","position":1,"name":"Startseite","item":"https:\/\/www.zoohandel.ch\/fr\/"},{"@type":"ListItem","position":2,"name":"Boutique","item":"https:\/\/www.zoohandel.ch\/fr\/boutique\/"},{"@type":"ListItem","position":3,"name":"Chaussette de protection, silicone, S: 6cm\/30cm, gris"}]},{"@type":"WebSite","@id":"https:\/\/www.zoohandel.ch\/fr\/#website","url":"https:\/\/www.zoohandel.ch\/fr\/","name":"zoohandel.ch","description":"Das Beste f\u00fcr Ihre Lieblinge","publisher":{"@id":"https:\/\/www.zoohandel.ch\/fr\/#organization"},"potentialAction":[{"@type":"SearchAction","target":{"@type":"EntryPoint","urlTemplate":"https:\/\/www.zoohandel.ch\/fr\/?s={search_term_string}"},"query-input":{"@type":"PropertyValueSpecification","valueRequired":true,"valueName":"search_term_string"}}],"inLanguage":"fr-FR"},{"@type":"Organization","@id":"https:\/\/www.zoohandel.ch\/fr\/#organization","name":"zoohandel.ch","url":"https:\/\/www.zoohandel.ch\/fr\/","logo":{"@type":"ImageObject","inLanguage":"fr-FR","@id":"https:\/\/www.zoohandel.ch\/fr\/#\/schema\/logo\/image\/","url":"https:\/\/www.zoohandel.ch\/wp-content\/uploads\/zoohandel-ch.png","contentUrl":"https:\/\/www.zoohandel.ch\/wp-content\/uploads\/zoohandel-ch.png","width":575,"height":171,"caption":"zoohandel.ch"},"image":{"@id":"https:\/\/www.zoohandel.ch\/fr\/#\/schema\/logo\/image\/"}}]}},"tiered_pricing_type":"fixed","tiered_pricing_fixed_rules":[],"tiered_pricing_product_settings":{"layout":"default","base_unit_name":{"singular":null,"plural":null},"default_variation":null},"tiered_pricing_minimum_quantity":null,"tiered_pricing_roles_data":[],"tiered_pricing_percentage_rules":[],"_links":{"self":[{"href":"https:\/\/www.zoohandel.ch\/fr\/wp-json\/wp\/v2\/product\/210506","targetHints":{"allow":["GET"]}}],"collection":[{"href":"https:\/\/www.zoohandel.ch\/fr\/wp-json\/wp\/v2\/product"}],"about":[{"href":"https:\/\/www.zoohandel.ch\/fr\/wp-json\/wp\/v2\/types\/product"}],"wp:featuredmedia":[{"embeddable":true,"href":"https:\/\/www.zoohandel.ch\/fr\/wp-json\/wp\/v2\/media\/527996"}],"wp:attachment":[{"href":"https:\/\/www.zoohandel.ch\/fr\/wp-json\/wp\/v2\/media?parent=210506"}],"wp:term":[{"taxonomy":"product_brand","embeddable":true,"href":"https:\/\/www.zoohandel.ch\/fr\/wp-json\/wp\/v2\/product_brand?post=210506"},{"taxonomy":"product_cat","embeddable":true,"href":"https:\/\/www.zoohandel.ch\/fr\/wp-json\/wp\/v2\/product_cat?post=210506"},{"taxonomy":"product_tag","embeddable":true,"href":"https:\/\/www.zoohandel.ch\/fr\/wp-json\/wp\/v2\/product_tag?post=210506"}],"curies":[{"name":"wp","href":"https:\/\/api.w.org\/{rel}","templated":true}]}}