{"id":211841,"date":"2020-09-03T00:00:00","date_gmt":"2020-09-02T22:00:00","guid":{"rendered":"https:\/\/www.alfauna.ch.vasco.sui-inter.net\/shop\/non%20class\u00e9\/brosse-de-massage-dangle-chat-8x13cm-gris\/"},"modified":"2026-04-19T03:03:17","modified_gmt":"2026-04-19T01:03:17","slug":"brosse-de-massage-dangle-chat-8x13cm-gris","status":"publish","type":"product","link":"https:\/\/www.zoohandel.ch\/fr\/boutique\/chiens\/soins-hygiene-et-sante\/brosse-de-massage-dangle-chat-8x13cm-gris\/","title":{"rendered":"Brosse de massage d&rsquo;angle, chat, 8\u00d713cm, gris"},"content":{"rendered":"<p>alternative \u00e0 la brosse<br \/>\nfavorise le soin naturel du poil du chat<br \/>\nmasse et enl\u00e8ve les poils l\u00e2ches<br \/>\npoils souples<br \/>\npour la fixation aux angles et aux surfaces droites<br \/>\ncatnip, bandes adh\u00e9sives et vis inclus<br \/>\nen plastique <\/p>\n<p>Masse &#038; Fait brill<\/p>\n","protected":false},"excerpt":{"rendered":"<p>alternative \u00e0 la brosse favorise le soin naturel du poil du chat masse et enl\u00e8ve les poils l\u00e2ches poils souples pour la fixation aux angles et aux surfaces droites catnip, bandes adh\u00e9sives et vis inclus en plastique Masse &#038; Fait brill<\/p>\n","protected":false},"featured_media":529186,"template":"","meta":{"_acf_changed":false},"product_brand":[],"product_cat":[3094,3870],"product_tag":[],"class_list":{"0":"post-211841","1":"product","2":"type-product","3":"status-publish","4":"has-post-thumbnail","6":"product_cat-chiens","7":"product_cat-soins-hygiene-et-sante","9":"first","10":"instock","11":"taxable","12":"shipping-taxable","13":"purchasable","14":"product-type-simple"},"acf":[],"yoast_head":"<!-- This site is optimized with the Yoast SEO plugin v25.8 - https:\/\/yoast.com\/wordpress\/plugins\/seo\/ -->\n<title>Brosse de massage d&#039;angle, chat, 8\u00d713cm, gris - zoohandel.ch<\/title>\n<meta name=\"robots\" content=\"index, follow, max-snippet:-1, max-image-preview:large, max-video-preview:-1\" \/>\n<link rel=\"canonical\" href=\"https:\/\/www.zoohandel.ch\/fr\/boutique\/chiens\/soins-hygiene-et-sante\/brosse-de-massage-dangle-chat-8x13cm-gris\/\" \/>\n<meta property=\"og:locale\" content=\"fr_FR\" \/>\n<meta property=\"og:type\" content=\"article\" \/>\n<meta property=\"og:title\" content=\"Brosse de massage d&#039;angle, chat, 8\u00d713cm, gris - zoohandel.ch\" \/>\n<meta property=\"og:description\" content=\"alternative \u00e0 la brosse favorise le soin naturel du poil du chat masse et enl\u00e8ve les poils l\u00e2ches poils souples pour la fixation aux angles et aux surfaces droites catnip, bandes adh\u00e9sives et vis inclus en plastique Masse &#038; Fait brill\" \/>\n<meta property=\"og:url\" content=\"https:\/\/www.zoohandel.ch\/fr\/boutique\/chiens\/soins-hygiene-et-sante\/brosse-de-massage-dangle-chat-8x13cm-gris\/\" \/>\n<meta property=\"og:site_name\" content=\"zoohandel.ch\" \/>\n<meta property=\"article:modified_time\" content=\"2026-04-19T01:03:17+00:00\" \/>\n<meta property=\"og:image\" content=\"https:\/\/www.zoohandel.ch\/wp-content\/uploads\/2024\/04\/T23131_gr.jpg\" \/>\n\t<meta property=\"og:image:width\" content=\"1600\" \/>\n\t<meta property=\"og:image:height\" content=\"803\" \/>\n\t<meta property=\"og:image:type\" content=\"image\/jpeg\" \/>\n<meta name=\"twitter:card\" content=\"summary_large_image\" \/>\n<script type=\"application\/ld+json\" class=\"yoast-schema-graph\">{\"@context\":\"https:\/\/schema.org\",\"@graph\":[{\"@type\":\"WebPage\",\"@id\":\"https:\/\/www.zoohandel.ch\/fr\/boutique\/chiens\/soins-hygiene-et-sante\/brosse-de-massage-dangle-chat-8x13cm-gris\/\",\"url\":\"https:\/\/www.zoohandel.ch\/fr\/boutique\/chiens\/soins-hygiene-et-sante\/brosse-de-massage-dangle-chat-8x13cm-gris\/\",\"name\":\"Brosse de massage d'angle, chat, 8\u00d713cm, gris - zoohandel.ch\",\"isPartOf\":{\"@id\":\"https:\/\/www.zoohandel.ch\/fr\/#website\"},\"primaryImageOfPage\":{\"@id\":\"https:\/\/www.zoohandel.ch\/fr\/boutique\/chiens\/soins-hygiene-et-sante\/brosse-de-massage-dangle-chat-8x13cm-gris\/#primaryimage\"},\"image\":{\"@id\":\"https:\/\/www.zoohandel.ch\/fr\/boutique\/chiens\/soins-hygiene-et-sante\/brosse-de-massage-dangle-chat-8x13cm-gris\/#primaryimage\"},\"thumbnailUrl\":\"https:\/\/www.zoohandel.ch\/wp-content\/uploads\/2024\/04\/T23131_gr.jpg\",\"datePublished\":\"2020-09-02T22:00:00+00:00\",\"dateModified\":\"2026-04-19T01:03:17+00:00\",\"breadcrumb\":{\"@id\":\"https:\/\/www.zoohandel.ch\/fr\/boutique\/chiens\/soins-hygiene-et-sante\/brosse-de-massage-dangle-chat-8x13cm-gris\/#breadcrumb\"},\"inLanguage\":\"fr-FR\",\"potentialAction\":[{\"@type\":\"ReadAction\",\"target\":[\"https:\/\/www.zoohandel.ch\/fr\/boutique\/chiens\/soins-hygiene-et-sante\/brosse-de-massage-dangle-chat-8x13cm-gris\/\"]}]},{\"@type\":\"ImageObject\",\"inLanguage\":\"fr-FR\",\"@id\":\"https:\/\/www.zoohandel.ch\/fr\/boutique\/chiens\/soins-hygiene-et-sante\/brosse-de-massage-dangle-chat-8x13cm-gris\/#primaryimage\",\"url\":\"https:\/\/www.zoohandel.ch\/wp-content\/uploads\/2024\/04\/T23131_gr.jpg\",\"contentUrl\":\"https:\/\/www.zoohandel.ch\/wp-content\/uploads\/2024\/04\/T23131_gr.jpg\",\"width\":1600,\"height\":803},{\"@type\":\"BreadcrumbList\",\"@id\":\"https:\/\/www.zoohandel.ch\/fr\/boutique\/chiens\/soins-hygiene-et-sante\/brosse-de-massage-dangle-chat-8x13cm-gris\/#breadcrumb\",\"itemListElement\":[{\"@type\":\"ListItem\",\"position\":1,\"name\":\"Startseite\",\"item\":\"https:\/\/www.zoohandel.ch\/fr\/\"},{\"@type\":\"ListItem\",\"position\":2,\"name\":\"Boutique\",\"item\":\"https:\/\/www.zoohandel.ch\/fr\/boutique\/\"},{\"@type\":\"ListItem\",\"position\":3,\"name\":\"Brosse de massage d&rsquo;angle, chat, 8\u00d713cm, gris\"}]},{\"@type\":\"WebSite\",\"@id\":\"https:\/\/www.zoohandel.ch\/fr\/#website\",\"url\":\"https:\/\/www.zoohandel.ch\/fr\/\",\"name\":\"zoohandel.ch\",\"description\":\"Das Beste f\u00fcr Ihre Lieblinge\",\"publisher\":{\"@id\":\"https:\/\/www.zoohandel.ch\/fr\/#organization\"},\"potentialAction\":[{\"@type\":\"SearchAction\",\"target\":{\"@type\":\"EntryPoint\",\"urlTemplate\":\"https:\/\/www.zoohandel.ch\/fr\/?s={search_term_string}\"},\"query-input\":{\"@type\":\"PropertyValueSpecification\",\"valueRequired\":true,\"valueName\":\"search_term_string\"}}],\"inLanguage\":\"fr-FR\"},{\"@type\":\"Organization\",\"@id\":\"https:\/\/www.zoohandel.ch\/fr\/#organization\",\"name\":\"zoohandel.ch\",\"url\":\"https:\/\/www.zoohandel.ch\/fr\/\",\"logo\":{\"@type\":\"ImageObject\",\"inLanguage\":\"fr-FR\",\"@id\":\"https:\/\/www.zoohandel.ch\/fr\/#\/schema\/logo\/image\/\",\"url\":\"https:\/\/www.zoohandel.ch\/wp-content\/uploads\/zoohandel-ch.png\",\"contentUrl\":\"https:\/\/www.zoohandel.ch\/wp-content\/uploads\/zoohandel-ch.png\",\"width\":575,\"height\":171,\"caption\":\"zoohandel.ch\"},\"image\":{\"@id\":\"https:\/\/www.zoohandel.ch\/fr\/#\/schema\/logo\/image\/\"}}]}<\/script>\n<!-- \/ Yoast SEO plugin. -->","yoast_head_json":{"title":"Brosse de massage d'angle, chat, 8\u00d713cm, gris - zoohandel.ch","robots":{"index":"index","follow":"follow","max-snippet":"max-snippet:-1","max-image-preview":"max-image-preview:large","max-video-preview":"max-video-preview:-1"},"canonical":"https:\/\/www.zoohandel.ch\/fr\/boutique\/chiens\/soins-hygiene-et-sante\/brosse-de-massage-dangle-chat-8x13cm-gris\/","og_locale":"fr_FR","og_type":"article","og_title":"Brosse de massage d'angle, chat, 8\u00d713cm, gris - zoohandel.ch","og_description":"alternative \u00e0 la brosse favorise le soin naturel du poil du chat masse et enl\u00e8ve les poils l\u00e2ches poils souples pour la fixation aux angles et aux surfaces droites catnip, bandes adh\u00e9sives et vis inclus en plastique Masse &#038; Fait brill","og_url":"https:\/\/www.zoohandel.ch\/fr\/boutique\/chiens\/soins-hygiene-et-sante\/brosse-de-massage-dangle-chat-8x13cm-gris\/","og_site_name":"zoohandel.ch","article_modified_time":"2026-04-19T01:03:17+00:00","og_image":[{"width":1600,"height":803,"url":"https:\/\/www.zoohandel.ch\/wp-content\/uploads\/2024\/04\/T23131_gr.jpg","type":"image\/jpeg"}],"twitter_card":"summary_large_image","schema":{"@context":"https:\/\/schema.org","@graph":[{"@type":"WebPage","@id":"https:\/\/www.zoohandel.ch\/fr\/boutique\/chiens\/soins-hygiene-et-sante\/brosse-de-massage-dangle-chat-8x13cm-gris\/","url":"https:\/\/www.zoohandel.ch\/fr\/boutique\/chiens\/soins-hygiene-et-sante\/brosse-de-massage-dangle-chat-8x13cm-gris\/","name":"Brosse de massage d'angle, chat, 8\u00d713cm, gris - zoohandel.ch","isPartOf":{"@id":"https:\/\/www.zoohandel.ch\/fr\/#website"},"primaryImageOfPage":{"@id":"https:\/\/www.zoohandel.ch\/fr\/boutique\/chiens\/soins-hygiene-et-sante\/brosse-de-massage-dangle-chat-8x13cm-gris\/#primaryimage"},"image":{"@id":"https:\/\/www.zoohandel.ch\/fr\/boutique\/chiens\/soins-hygiene-et-sante\/brosse-de-massage-dangle-chat-8x13cm-gris\/#primaryimage"},"thumbnailUrl":"https:\/\/www.zoohandel.ch\/wp-content\/uploads\/2024\/04\/T23131_gr.jpg","datePublished":"2020-09-02T22:00:00+00:00","dateModified":"2026-04-19T01:03:17+00:00","breadcrumb":{"@id":"https:\/\/www.zoohandel.ch\/fr\/boutique\/chiens\/soins-hygiene-et-sante\/brosse-de-massage-dangle-chat-8x13cm-gris\/#breadcrumb"},"inLanguage":"fr-FR","potentialAction":[{"@type":"ReadAction","target":["https:\/\/www.zoohandel.ch\/fr\/boutique\/chiens\/soins-hygiene-et-sante\/brosse-de-massage-dangle-chat-8x13cm-gris\/"]}]},{"@type":"ImageObject","inLanguage":"fr-FR","@id":"https:\/\/www.zoohandel.ch\/fr\/boutique\/chiens\/soins-hygiene-et-sante\/brosse-de-massage-dangle-chat-8x13cm-gris\/#primaryimage","url":"https:\/\/www.zoohandel.ch\/wp-content\/uploads\/2024\/04\/T23131_gr.jpg","contentUrl":"https:\/\/www.zoohandel.ch\/wp-content\/uploads\/2024\/04\/T23131_gr.jpg","width":1600,"height":803},{"@type":"BreadcrumbList","@id":"https:\/\/www.zoohandel.ch\/fr\/boutique\/chiens\/soins-hygiene-et-sante\/brosse-de-massage-dangle-chat-8x13cm-gris\/#breadcrumb","itemListElement":[{"@type":"ListItem","position":1,"name":"Startseite","item":"https:\/\/www.zoohandel.ch\/fr\/"},{"@type":"ListItem","position":2,"name":"Boutique","item":"https:\/\/www.zoohandel.ch\/fr\/boutique\/"},{"@type":"ListItem","position":3,"name":"Brosse de massage d&rsquo;angle, chat, 8\u00d713cm, gris"}]},{"@type":"WebSite","@id":"https:\/\/www.zoohandel.ch\/fr\/#website","url":"https:\/\/www.zoohandel.ch\/fr\/","name":"zoohandel.ch","description":"Das Beste f\u00fcr Ihre Lieblinge","publisher":{"@id":"https:\/\/www.zoohandel.ch\/fr\/#organization"},"potentialAction":[{"@type":"SearchAction","target":{"@type":"EntryPoint","urlTemplate":"https:\/\/www.zoohandel.ch\/fr\/?s={search_term_string}"},"query-input":{"@type":"PropertyValueSpecification","valueRequired":true,"valueName":"search_term_string"}}],"inLanguage":"fr-FR"},{"@type":"Organization","@id":"https:\/\/www.zoohandel.ch\/fr\/#organization","name":"zoohandel.ch","url":"https:\/\/www.zoohandel.ch\/fr\/","logo":{"@type":"ImageObject","inLanguage":"fr-FR","@id":"https:\/\/www.zoohandel.ch\/fr\/#\/schema\/logo\/image\/","url":"https:\/\/www.zoohandel.ch\/wp-content\/uploads\/zoohandel-ch.png","contentUrl":"https:\/\/www.zoohandel.ch\/wp-content\/uploads\/zoohandel-ch.png","width":575,"height":171,"caption":"zoohandel.ch"},"image":{"@id":"https:\/\/www.zoohandel.ch\/fr\/#\/schema\/logo\/image\/"}}]}},"tiered_pricing_type":"fixed","tiered_pricing_fixed_rules":[],"tiered_pricing_product_settings":{"layout":"default","base_unit_name":{"singular":null,"plural":null},"default_variation":null},"tiered_pricing_minimum_quantity":null,"tiered_pricing_roles_data":[],"tiered_pricing_percentage_rules":[],"_links":{"self":[{"href":"https:\/\/www.zoohandel.ch\/fr\/wp-json\/wp\/v2\/product\/211841","targetHints":{"allow":["GET"]}}],"collection":[{"href":"https:\/\/www.zoohandel.ch\/fr\/wp-json\/wp\/v2\/product"}],"about":[{"href":"https:\/\/www.zoohandel.ch\/fr\/wp-json\/wp\/v2\/types\/product"}],"wp:featuredmedia":[{"embeddable":true,"href":"https:\/\/www.zoohandel.ch\/fr\/wp-json\/wp\/v2\/media\/529186"}],"wp:attachment":[{"href":"https:\/\/www.zoohandel.ch\/fr\/wp-json\/wp\/v2\/media?parent=211841"}],"wp:term":[{"taxonomy":"product_brand","embeddable":true,"href":"https:\/\/www.zoohandel.ch\/fr\/wp-json\/wp\/v2\/product_brand?post=211841"},{"taxonomy":"product_cat","embeddable":true,"href":"https:\/\/www.zoohandel.ch\/fr\/wp-json\/wp\/v2\/product_cat?post=211841"},{"taxonomy":"product_tag","embeddable":true,"href":"https:\/\/www.zoohandel.ch\/fr\/wp-json\/wp\/v2\/product_tag?post=211841"}],"curies":[{"name":"wp","href":"https:\/\/api.w.org\/{rel}","templated":true}]}}