{"id":212868,"date":"2013-12-12T00:00:00","date_gmt":"2013-12-11T23:00:00","guid":{"rendered":"https:\/\/www.alfauna.ch.vasco.sui-inter.net\/shop\/non%20class\u00e9\/eat-on-feet-2-ecuelles-av-support0-2l\/"},"modified":"2026-04-17T06:06:37","modified_gmt":"2026-04-17T04:06:37","slug":"eat-on-feet-2-ecuelles-av-support0-2l-oe10cm-0-2l","status":"publish","type":"product","link":"https:\/\/www.zoohandel.ch\/fr\/boutique\/chiens\/ecuelles-accessoires\/ecuelles-et-supports\/eat-on-feet-2-ecuelles-av-support0-2l-oe10cm-0-2l\/","title":{"rendered":"&quot;Eat-on-Feet&quot; 2 ecuelles av.support,0.2l"},"content":{"rendered":"<p>2 gamelles en acier inoxydable avec support<br \/>\nsupport en m\u00e9tal, rev\u00eatement en poudr\u00e9, noir<br \/>\npieds en caoutchouc anti-d\u00e9rapants<br \/>\ngamelles de rechange : art 24840-24844<br \/>\ngamelle de rechange art 24840 <\/p>\n<p>Ecuelles lavables au lave-vaisselle<\/p>\n","protected":false},"excerpt":{"rendered":"<p>2 gamelles en acier inoxydable avec support support en m\u00e9tal, rev\u00eatement en poudr\u00e9, noir pieds en caoutchouc anti-d\u00e9rapants gamelles de rechange : art 24840-24844 gamelle de rechange art 24840 Ecuelles lavables au lave-vaisselle<\/p>\n","protected":false},"featured_media":531328,"template":"","meta":{"_acf_changed":false},"product_brand":[],"product_cat":[3094,3892,3895],"product_tag":[],"class_list":{"0":"post-212868","1":"product","2":"type-product","3":"status-publish","4":"has-post-thumbnail","6":"product_cat-chiens","7":"product_cat-ecuelles-accessoires","8":"product_cat-ecuelles-et-supports","10":"first","11":"instock","12":"taxable","13":"shipping-taxable","14":"purchasable","15":"product-type-simple"},"acf":[],"yoast_head":"<!-- This site is optimized with the Yoast SEO plugin v25.8 - https:\/\/yoast.com\/wordpress\/plugins\/seo\/ -->\n<title>&quot;Eat-on-Feet&quot; 2 ecuelles av.support,0.2l - zoohandel.ch<\/title>\n<meta name=\"robots\" content=\"index, follow, max-snippet:-1, max-image-preview:large, max-video-preview:-1\" \/>\n<link rel=\"canonical\" href=\"https:\/\/www.zoohandel.ch\/fr\/boutique\/chiens\/ecuelles-accessoires\/ecuelles-et-supports\/eat-on-feet-2-ecuelles-av-support0-2l-oe10cm-0-2l\/\" \/>\n<meta property=\"og:locale\" content=\"fr_FR\" \/>\n<meta property=\"og:type\" content=\"article\" \/>\n<meta property=\"og:title\" content=\"&quot;Eat-on-Feet&quot; 2 ecuelles av.support,0.2l - zoohandel.ch\" \/>\n<meta property=\"og:description\" content=\"2 gamelles en acier inoxydable avec support support en m\u00e9tal, rev\u00eatement en poudr\u00e9, noir pieds en caoutchouc anti-d\u00e9rapants gamelles de rechange : art 24840-24844 gamelle de rechange art 24840 Ecuelles lavables au lave-vaisselle\" \/>\n<meta property=\"og:url\" content=\"https:\/\/www.zoohandel.ch\/fr\/boutique\/chiens\/ecuelles-accessoires\/ecuelles-et-supports\/eat-on-feet-2-ecuelles-av-support0-2l-oe10cm-0-2l\/\" \/>\n<meta property=\"og:site_name\" content=\"zoohandel.ch\" \/>\n<meta property=\"article:modified_time\" content=\"2026-04-17T04:06:37+00:00\" \/>\n<meta property=\"og:image\" content=\"https:\/\/www.zoohandel.ch\/wp-content\/uploads\/2024\/04\/T24830_gr.jpg\" \/>\n\t<meta property=\"og:image:width\" content=\"1600\" \/>\n\t<meta property=\"og:image:height\" content=\"998\" \/>\n\t<meta property=\"og:image:type\" content=\"image\/jpeg\" \/>\n<meta name=\"twitter:card\" content=\"summary_large_image\" \/>\n<script type=\"application\/ld+json\" class=\"yoast-schema-graph\">{\"@context\":\"https:\/\/schema.org\",\"@graph\":[{\"@type\":\"WebPage\",\"@id\":\"https:\/\/www.zoohandel.ch\/fr\/boutique\/chiens\/ecuelles-accessoires\/ecuelles-et-supports\/eat-on-feet-2-ecuelles-av-support0-2l-oe10cm-0-2l\/\",\"url\":\"https:\/\/www.zoohandel.ch\/fr\/boutique\/chiens\/ecuelles-accessoires\/ecuelles-et-supports\/eat-on-feet-2-ecuelles-av-support0-2l-oe10cm-0-2l\/\",\"name\":\"&quot;Eat-on-Feet&quot; 2 ecuelles av.support,0.2l - zoohandel.ch\",\"isPartOf\":{\"@id\":\"https:\/\/www.zoohandel.ch\/fr\/#website\"},\"primaryImageOfPage\":{\"@id\":\"https:\/\/www.zoohandel.ch\/fr\/boutique\/chiens\/ecuelles-accessoires\/ecuelles-et-supports\/eat-on-feet-2-ecuelles-av-support0-2l-oe10cm-0-2l\/#primaryimage\"},\"image\":{\"@id\":\"https:\/\/www.zoohandel.ch\/fr\/boutique\/chiens\/ecuelles-accessoires\/ecuelles-et-supports\/eat-on-feet-2-ecuelles-av-support0-2l-oe10cm-0-2l\/#primaryimage\"},\"thumbnailUrl\":\"https:\/\/www.zoohandel.ch\/wp-content\/uploads\/2024\/04\/T24830_gr.jpg\",\"datePublished\":\"2013-12-11T23:00:00+00:00\",\"dateModified\":\"2026-04-17T04:06:37+00:00\",\"breadcrumb\":{\"@id\":\"https:\/\/www.zoohandel.ch\/fr\/boutique\/chiens\/ecuelles-accessoires\/ecuelles-et-supports\/eat-on-feet-2-ecuelles-av-support0-2l-oe10cm-0-2l\/#breadcrumb\"},\"inLanguage\":\"fr-FR\",\"potentialAction\":[{\"@type\":\"ReadAction\",\"target\":[\"https:\/\/www.zoohandel.ch\/fr\/boutique\/chiens\/ecuelles-accessoires\/ecuelles-et-supports\/eat-on-feet-2-ecuelles-av-support0-2l-oe10cm-0-2l\/\"]}]},{\"@type\":\"ImageObject\",\"inLanguage\":\"fr-FR\",\"@id\":\"https:\/\/www.zoohandel.ch\/fr\/boutique\/chiens\/ecuelles-accessoires\/ecuelles-et-supports\/eat-on-feet-2-ecuelles-av-support0-2l-oe10cm-0-2l\/#primaryimage\",\"url\":\"https:\/\/www.zoohandel.ch\/wp-content\/uploads\/2024\/04\/T24830_gr.jpg\",\"contentUrl\":\"https:\/\/www.zoohandel.ch\/wp-content\/uploads\/2024\/04\/T24830_gr.jpg\",\"width\":1600,\"height\":998},{\"@type\":\"BreadcrumbList\",\"@id\":\"https:\/\/www.zoohandel.ch\/fr\/boutique\/chiens\/ecuelles-accessoires\/ecuelles-et-supports\/eat-on-feet-2-ecuelles-av-support0-2l-oe10cm-0-2l\/#breadcrumb\",\"itemListElement\":[{\"@type\":\"ListItem\",\"position\":1,\"name\":\"Startseite\",\"item\":\"https:\/\/www.zoohandel.ch\/fr\/\"},{\"@type\":\"ListItem\",\"position\":2,\"name\":\"Boutique\",\"item\":\"https:\/\/www.zoohandel.ch\/fr\/boutique\/\"},{\"@type\":\"ListItem\",\"position\":3,\"name\":\"&quot;Eat-on-Feet&quot; 2 ecuelles av.support,0.2l\"}]},{\"@type\":\"WebSite\",\"@id\":\"https:\/\/www.zoohandel.ch\/fr\/#website\",\"url\":\"https:\/\/www.zoohandel.ch\/fr\/\",\"name\":\"zoohandel.ch\",\"description\":\"Das Beste f\u00fcr Ihre Lieblinge\",\"publisher\":{\"@id\":\"https:\/\/www.zoohandel.ch\/fr\/#organization\"},\"potentialAction\":[{\"@type\":\"SearchAction\",\"target\":{\"@type\":\"EntryPoint\",\"urlTemplate\":\"https:\/\/www.zoohandel.ch\/fr\/?s={search_term_string}\"},\"query-input\":{\"@type\":\"PropertyValueSpecification\",\"valueRequired\":true,\"valueName\":\"search_term_string\"}}],\"inLanguage\":\"fr-FR\"},{\"@type\":\"Organization\",\"@id\":\"https:\/\/www.zoohandel.ch\/fr\/#organization\",\"name\":\"zoohandel.ch\",\"url\":\"https:\/\/www.zoohandel.ch\/fr\/\",\"logo\":{\"@type\":\"ImageObject\",\"inLanguage\":\"fr-FR\",\"@id\":\"https:\/\/www.zoohandel.ch\/fr\/#\/schema\/logo\/image\/\",\"url\":\"https:\/\/www.zoohandel.ch\/wp-content\/uploads\/zoohandel-ch.png\",\"contentUrl\":\"https:\/\/www.zoohandel.ch\/wp-content\/uploads\/zoohandel-ch.png\",\"width\":575,\"height\":171,\"caption\":\"zoohandel.ch\"},\"image\":{\"@id\":\"https:\/\/www.zoohandel.ch\/fr\/#\/schema\/logo\/image\/\"}}]}<\/script>\n<!-- \/ Yoast SEO plugin. -->","yoast_head_json":{"title":"&quot;Eat-on-Feet&quot; 2 ecuelles av.support,0.2l - zoohandel.ch","robots":{"index":"index","follow":"follow","max-snippet":"max-snippet:-1","max-image-preview":"max-image-preview:large","max-video-preview":"max-video-preview:-1"},"canonical":"https:\/\/www.zoohandel.ch\/fr\/boutique\/chiens\/ecuelles-accessoires\/ecuelles-et-supports\/eat-on-feet-2-ecuelles-av-support0-2l-oe10cm-0-2l\/","og_locale":"fr_FR","og_type":"article","og_title":"&quot;Eat-on-Feet&quot; 2 ecuelles av.support,0.2l - zoohandel.ch","og_description":"2 gamelles en acier inoxydable avec support support en m\u00e9tal, rev\u00eatement en poudr\u00e9, noir pieds en caoutchouc anti-d\u00e9rapants gamelles de rechange : art 24840-24844 gamelle de rechange art 24840 Ecuelles lavables au lave-vaisselle","og_url":"https:\/\/www.zoohandel.ch\/fr\/boutique\/chiens\/ecuelles-accessoires\/ecuelles-et-supports\/eat-on-feet-2-ecuelles-av-support0-2l-oe10cm-0-2l\/","og_site_name":"zoohandel.ch","article_modified_time":"2026-04-17T04:06:37+00:00","og_image":[{"width":1600,"height":998,"url":"https:\/\/www.zoohandel.ch\/wp-content\/uploads\/2024\/04\/T24830_gr.jpg","type":"image\/jpeg"}],"twitter_card":"summary_large_image","schema":{"@context":"https:\/\/schema.org","@graph":[{"@type":"WebPage","@id":"https:\/\/www.zoohandel.ch\/fr\/boutique\/chiens\/ecuelles-accessoires\/ecuelles-et-supports\/eat-on-feet-2-ecuelles-av-support0-2l-oe10cm-0-2l\/","url":"https:\/\/www.zoohandel.ch\/fr\/boutique\/chiens\/ecuelles-accessoires\/ecuelles-et-supports\/eat-on-feet-2-ecuelles-av-support0-2l-oe10cm-0-2l\/","name":"&quot;Eat-on-Feet&quot; 2 ecuelles av.support,0.2l - zoohandel.ch","isPartOf":{"@id":"https:\/\/www.zoohandel.ch\/fr\/#website"},"primaryImageOfPage":{"@id":"https:\/\/www.zoohandel.ch\/fr\/boutique\/chiens\/ecuelles-accessoires\/ecuelles-et-supports\/eat-on-feet-2-ecuelles-av-support0-2l-oe10cm-0-2l\/#primaryimage"},"image":{"@id":"https:\/\/www.zoohandel.ch\/fr\/boutique\/chiens\/ecuelles-accessoires\/ecuelles-et-supports\/eat-on-feet-2-ecuelles-av-support0-2l-oe10cm-0-2l\/#primaryimage"},"thumbnailUrl":"https:\/\/www.zoohandel.ch\/wp-content\/uploads\/2024\/04\/T24830_gr.jpg","datePublished":"2013-12-11T23:00:00+00:00","dateModified":"2026-04-17T04:06:37+00:00","breadcrumb":{"@id":"https:\/\/www.zoohandel.ch\/fr\/boutique\/chiens\/ecuelles-accessoires\/ecuelles-et-supports\/eat-on-feet-2-ecuelles-av-support0-2l-oe10cm-0-2l\/#breadcrumb"},"inLanguage":"fr-FR","potentialAction":[{"@type":"ReadAction","target":["https:\/\/www.zoohandel.ch\/fr\/boutique\/chiens\/ecuelles-accessoires\/ecuelles-et-supports\/eat-on-feet-2-ecuelles-av-support0-2l-oe10cm-0-2l\/"]}]},{"@type":"ImageObject","inLanguage":"fr-FR","@id":"https:\/\/www.zoohandel.ch\/fr\/boutique\/chiens\/ecuelles-accessoires\/ecuelles-et-supports\/eat-on-feet-2-ecuelles-av-support0-2l-oe10cm-0-2l\/#primaryimage","url":"https:\/\/www.zoohandel.ch\/wp-content\/uploads\/2024\/04\/T24830_gr.jpg","contentUrl":"https:\/\/www.zoohandel.ch\/wp-content\/uploads\/2024\/04\/T24830_gr.jpg","width":1600,"height":998},{"@type":"BreadcrumbList","@id":"https:\/\/www.zoohandel.ch\/fr\/boutique\/chiens\/ecuelles-accessoires\/ecuelles-et-supports\/eat-on-feet-2-ecuelles-av-support0-2l-oe10cm-0-2l\/#breadcrumb","itemListElement":[{"@type":"ListItem","position":1,"name":"Startseite","item":"https:\/\/www.zoohandel.ch\/fr\/"},{"@type":"ListItem","position":2,"name":"Boutique","item":"https:\/\/www.zoohandel.ch\/fr\/boutique\/"},{"@type":"ListItem","position":3,"name":"&quot;Eat-on-Feet&quot; 2 ecuelles av.support,0.2l"}]},{"@type":"WebSite","@id":"https:\/\/www.zoohandel.ch\/fr\/#website","url":"https:\/\/www.zoohandel.ch\/fr\/","name":"zoohandel.ch","description":"Das Beste f\u00fcr Ihre Lieblinge","publisher":{"@id":"https:\/\/www.zoohandel.ch\/fr\/#organization"},"potentialAction":[{"@type":"SearchAction","target":{"@type":"EntryPoint","urlTemplate":"https:\/\/www.zoohandel.ch\/fr\/?s={search_term_string}"},"query-input":{"@type":"PropertyValueSpecification","valueRequired":true,"valueName":"search_term_string"}}],"inLanguage":"fr-FR"},{"@type":"Organization","@id":"https:\/\/www.zoohandel.ch\/fr\/#organization","name":"zoohandel.ch","url":"https:\/\/www.zoohandel.ch\/fr\/","logo":{"@type":"ImageObject","inLanguage":"fr-FR","@id":"https:\/\/www.zoohandel.ch\/fr\/#\/schema\/logo\/image\/","url":"https:\/\/www.zoohandel.ch\/wp-content\/uploads\/zoohandel-ch.png","contentUrl":"https:\/\/www.zoohandel.ch\/wp-content\/uploads\/zoohandel-ch.png","width":575,"height":171,"caption":"zoohandel.ch"},"image":{"@id":"https:\/\/www.zoohandel.ch\/fr\/#\/schema\/logo\/image\/"}}]}},"tiered_pricing_type":"fixed","tiered_pricing_fixed_rules":[],"tiered_pricing_product_settings":{"layout":"default","base_unit_name":{"singular":null,"plural":null},"default_variation":null},"tiered_pricing_minimum_quantity":null,"tiered_pricing_roles_data":[],"tiered_pricing_percentage_rules":[],"_links":{"self":[{"href":"https:\/\/www.zoohandel.ch\/fr\/wp-json\/wp\/v2\/product\/212868","targetHints":{"allow":["GET"]}}],"collection":[{"href":"https:\/\/www.zoohandel.ch\/fr\/wp-json\/wp\/v2\/product"}],"about":[{"href":"https:\/\/www.zoohandel.ch\/fr\/wp-json\/wp\/v2\/types\/product"}],"wp:featuredmedia":[{"embeddable":true,"href":"https:\/\/www.zoohandel.ch\/fr\/wp-json\/wp\/v2\/media\/531328"}],"wp:attachment":[{"href":"https:\/\/www.zoohandel.ch\/fr\/wp-json\/wp\/v2\/media?parent=212868"}],"wp:term":[{"taxonomy":"product_brand","embeddable":true,"href":"https:\/\/www.zoohandel.ch\/fr\/wp-json\/wp\/v2\/product_brand?post=212868"},{"taxonomy":"product_cat","embeddable":true,"href":"https:\/\/www.zoohandel.ch\/fr\/wp-json\/wp\/v2\/product_cat?post=212868"},{"taxonomy":"product_tag","embeddable":true,"href":"https:\/\/www.zoohandel.ch\/fr\/wp-json\/wp\/v2\/product_tag?post=212868"}],"curies":[{"name":"wp","href":"https:\/\/api.w.org\/{rel}","templated":true}]}}