{"id":213654,"date":"2021-03-11T00:00:00","date_gmt":"2021-03-10T23:00:00","guid":{"rendered":"https:\/\/www.alfauna.ch.vasco.sui-inter.net\/shop\/non%20class\u00e9\/matelas-rafraichissant-soft-m-50x40cm-gris\/"},"modified":"2026-04-21T05:57:34","modified_gmt":"2026-04-21T03:57:34","slug":"matelas-rafraichissant-soft-m-50x40cm-gris-m-50x40cm","status":"publish","type":"product","link":"https:\/\/www.zoohandel.ch\/fr\/boutique\/chiens\/places-damarrage\/matelas-rafraichissant-soft-m-50x40cm-gris-m-50x40cm\/","title":{"rendered":"Matelas rafra\u00eechissant Soft, M: 50\u00d740cm, gris"},"content":{"rendered":"<p>Confort de couchage et long temps de rafra\u00eechissement gr\u00e2ce au remplissage \u00e9pais<br \/>\n2 cm de rembourrage en mousse\/gel<br \/>\ntoucher nylon (polyester)<br \/>\nfavorise la thermor\u00e9gulation<br \/>\neffet rafra\u00eechissant par contact corporel<br \/>\nsans refroidissement compl\u00e9mentaire, ni \u00e9lectricit\u00e9 ni eau<br \/>\nrafra\u00eechit plusieurs heures<br \/>\npeut \u00eatre r\u00e9utilis\u00e9 apr\u00e8s une courte p\u00e9riode sans contact<br \/>\npeut aussi s\u0092utiliser dans les niches pour chiens, les lits ou dans la voiture<br \/>\nsimple nettoyage au chiffon<br \/>\nconforme \u00e0 la protection des animaux selon \u00a7 18 (AT)<br \/>\nIngr\u00e9dients du liquide rafra\u00eechissant : eau, carboxymethylcellulose sodium, conservateurs<\/p>\n","protected":false},"excerpt":{"rendered":"<p>Confort de couchage et long temps de rafra\u00eechissement gr\u00e2ce au remplissage \u00e9pais 2 cm de rembourrage en mousse\/gel toucher nylon (polyester) favorise la thermor\u00e9gulation effet rafra\u00eechissant par contact corporel sans refroidissement compl\u00e9mentaire, ni \u00e9lectricit\u00e9 ni eau rafra\u00eechit plusieurs heures peut \u00eatre r\u00e9utilis\u00e9 apr\u00e8s une courte p\u00e9riode sans contact peut aussi s\u0092utiliser dans les niches pour<\/p>\n","protected":false},"featured_media":532620,"template":"","meta":{"_acf_changed":false},"product_brand":[],"product_cat":[3094,3872],"product_tag":[],"class_list":{"0":"post-213654","1":"product","2":"type-product","3":"status-publish","4":"has-post-thumbnail","6":"product_cat-chiens","7":"product_cat-places-damarrage","9":"first","10":"outofstock","11":"taxable","12":"shipping-taxable","13":"purchasable","14":"product-type-simple"},"acf":[],"yoast_head":"<!-- This site is optimized with the Yoast SEO plugin v25.8 - https:\/\/yoast.com\/wordpress\/plugins\/seo\/ -->\n<title>Matelas rafra\u00eechissant Soft, M: 50\u00d740cm, gris - zoohandel.ch<\/title>\n<meta name=\"robots\" content=\"index, follow, max-snippet:-1, max-image-preview:large, max-video-preview:-1\" \/>\n<link rel=\"canonical\" href=\"https:\/\/www.zoohandel.ch\/fr\/boutique\/chiens\/places-damarrage\/matelas-rafraichissant-soft-m-50x40cm-gris-m-50x40cm\/\" \/>\n<meta property=\"og:locale\" content=\"fr_FR\" \/>\n<meta property=\"og:type\" content=\"article\" \/>\n<meta property=\"og:title\" content=\"Matelas rafra\u00eechissant Soft, M: 50\u00d740cm, gris - zoohandel.ch\" \/>\n<meta property=\"og:description\" content=\"Confort de couchage et long temps de rafra\u00eechissement gr\u00e2ce au remplissage \u00e9pais 2 cm de rembourrage en mousse\/gel toucher nylon (polyester) favorise la thermor\u00e9gulation effet rafra\u00eechissant par contact corporel sans refroidissement compl\u00e9mentaire, ni \u00e9lectricit\u00e9 ni eau rafra\u00eechit plusieurs heures peut \u00eatre r\u00e9utilis\u00e9 apr\u00e8s une courte p\u00e9riode sans contact peut aussi s\u0092utiliser dans les niches pour\" \/>\n<meta property=\"og:url\" content=\"https:\/\/www.zoohandel.ch\/fr\/boutique\/chiens\/places-damarrage\/matelas-rafraichissant-soft-m-50x40cm-gris-m-50x40cm\/\" \/>\n<meta property=\"og:site_name\" content=\"zoohandel.ch\" \/>\n<meta property=\"article:modified_time\" content=\"2026-04-21T03:57:34+00:00\" \/>\n<meta property=\"og:image\" content=\"https:\/\/www.zoohandel.ch\/wp-content\/uploads\/2024\/04\/T28785_gr.jpg\" \/>\n\t<meta property=\"og:image:width\" content=\"1600\" \/>\n\t<meta property=\"og:image:height\" content=\"322\" \/>\n\t<meta property=\"og:image:type\" content=\"image\/jpeg\" \/>\n<meta name=\"twitter:card\" content=\"summary_large_image\" \/>\n<script type=\"application\/ld+json\" class=\"yoast-schema-graph\">{\"@context\":\"https:\/\/schema.org\",\"@graph\":[{\"@type\":\"WebPage\",\"@id\":\"https:\/\/www.zoohandel.ch\/fr\/boutique\/chiens\/places-damarrage\/matelas-rafraichissant-soft-m-50x40cm-gris-m-50x40cm\/\",\"url\":\"https:\/\/www.zoohandel.ch\/fr\/boutique\/chiens\/places-damarrage\/matelas-rafraichissant-soft-m-50x40cm-gris-m-50x40cm\/\",\"name\":\"Matelas rafra\u00eechissant Soft, M: 50\u00d740cm, gris - zoohandel.ch\",\"isPartOf\":{\"@id\":\"https:\/\/www.zoohandel.ch\/fr\/#website\"},\"primaryImageOfPage\":{\"@id\":\"https:\/\/www.zoohandel.ch\/fr\/boutique\/chiens\/places-damarrage\/matelas-rafraichissant-soft-m-50x40cm-gris-m-50x40cm\/#primaryimage\"},\"image\":{\"@id\":\"https:\/\/www.zoohandel.ch\/fr\/boutique\/chiens\/places-damarrage\/matelas-rafraichissant-soft-m-50x40cm-gris-m-50x40cm\/#primaryimage\"},\"thumbnailUrl\":\"https:\/\/www.zoohandel.ch\/wp-content\/uploads\/2024\/04\/T28785_gr.jpg\",\"datePublished\":\"2021-03-10T23:00:00+00:00\",\"dateModified\":\"2026-04-21T03:57:34+00:00\",\"breadcrumb\":{\"@id\":\"https:\/\/www.zoohandel.ch\/fr\/boutique\/chiens\/places-damarrage\/matelas-rafraichissant-soft-m-50x40cm-gris-m-50x40cm\/#breadcrumb\"},\"inLanguage\":\"fr-FR\",\"potentialAction\":[{\"@type\":\"ReadAction\",\"target\":[\"https:\/\/www.zoohandel.ch\/fr\/boutique\/chiens\/places-damarrage\/matelas-rafraichissant-soft-m-50x40cm-gris-m-50x40cm\/\"]}]},{\"@type\":\"ImageObject\",\"inLanguage\":\"fr-FR\",\"@id\":\"https:\/\/www.zoohandel.ch\/fr\/boutique\/chiens\/places-damarrage\/matelas-rafraichissant-soft-m-50x40cm-gris-m-50x40cm\/#primaryimage\",\"url\":\"https:\/\/www.zoohandel.ch\/wp-content\/uploads\/2024\/04\/T28785_gr.jpg\",\"contentUrl\":\"https:\/\/www.zoohandel.ch\/wp-content\/uploads\/2024\/04\/T28785_gr.jpg\",\"width\":1600,\"height\":322},{\"@type\":\"BreadcrumbList\",\"@id\":\"https:\/\/www.zoohandel.ch\/fr\/boutique\/chiens\/places-damarrage\/matelas-rafraichissant-soft-m-50x40cm-gris-m-50x40cm\/#breadcrumb\",\"itemListElement\":[{\"@type\":\"ListItem\",\"position\":1,\"name\":\"Startseite\",\"item\":\"https:\/\/www.zoohandel.ch\/fr\/\"},{\"@type\":\"ListItem\",\"position\":2,\"name\":\"Boutique\",\"item\":\"https:\/\/www.zoohandel.ch\/fr\/boutique\/\"},{\"@type\":\"ListItem\",\"position\":3,\"name\":\"Matelas rafra\u00eechissant Soft, M: 50\u00d740cm, gris\"}]},{\"@type\":\"WebSite\",\"@id\":\"https:\/\/www.zoohandel.ch\/fr\/#website\",\"url\":\"https:\/\/www.zoohandel.ch\/fr\/\",\"name\":\"zoohandel.ch\",\"description\":\"Das Beste f\u00fcr Ihre Lieblinge\",\"publisher\":{\"@id\":\"https:\/\/www.zoohandel.ch\/fr\/#organization\"},\"potentialAction\":[{\"@type\":\"SearchAction\",\"target\":{\"@type\":\"EntryPoint\",\"urlTemplate\":\"https:\/\/www.zoohandel.ch\/fr\/?s={search_term_string}\"},\"query-input\":{\"@type\":\"PropertyValueSpecification\",\"valueRequired\":true,\"valueName\":\"search_term_string\"}}],\"inLanguage\":\"fr-FR\"},{\"@type\":\"Organization\",\"@id\":\"https:\/\/www.zoohandel.ch\/fr\/#organization\",\"name\":\"zoohandel.ch\",\"url\":\"https:\/\/www.zoohandel.ch\/fr\/\",\"logo\":{\"@type\":\"ImageObject\",\"inLanguage\":\"fr-FR\",\"@id\":\"https:\/\/www.zoohandel.ch\/fr\/#\/schema\/logo\/image\/\",\"url\":\"https:\/\/www.zoohandel.ch\/wp-content\/uploads\/zoohandel-ch.png\",\"contentUrl\":\"https:\/\/www.zoohandel.ch\/wp-content\/uploads\/zoohandel-ch.png\",\"width\":575,\"height\":171,\"caption\":\"zoohandel.ch\"},\"image\":{\"@id\":\"https:\/\/www.zoohandel.ch\/fr\/#\/schema\/logo\/image\/\"}}]}<\/script>\n<!-- \/ Yoast SEO plugin. -->","yoast_head_json":{"title":"Matelas rafra\u00eechissant Soft, M: 50\u00d740cm, gris - zoohandel.ch","robots":{"index":"index","follow":"follow","max-snippet":"max-snippet:-1","max-image-preview":"max-image-preview:large","max-video-preview":"max-video-preview:-1"},"canonical":"https:\/\/www.zoohandel.ch\/fr\/boutique\/chiens\/places-damarrage\/matelas-rafraichissant-soft-m-50x40cm-gris-m-50x40cm\/","og_locale":"fr_FR","og_type":"article","og_title":"Matelas rafra\u00eechissant Soft, M: 50\u00d740cm, gris - zoohandel.ch","og_description":"Confort de couchage et long temps de rafra\u00eechissement gr\u00e2ce au remplissage \u00e9pais 2 cm de rembourrage en mousse\/gel toucher nylon (polyester) favorise la thermor\u00e9gulation effet rafra\u00eechissant par contact corporel sans refroidissement compl\u00e9mentaire, ni \u00e9lectricit\u00e9 ni eau rafra\u00eechit plusieurs heures peut \u00eatre r\u00e9utilis\u00e9 apr\u00e8s une courte p\u00e9riode sans contact peut aussi s\u0092utiliser dans les niches pour","og_url":"https:\/\/www.zoohandel.ch\/fr\/boutique\/chiens\/places-damarrage\/matelas-rafraichissant-soft-m-50x40cm-gris-m-50x40cm\/","og_site_name":"zoohandel.ch","article_modified_time":"2026-04-21T03:57:34+00:00","og_image":[{"width":1600,"height":322,"url":"https:\/\/www.zoohandel.ch\/wp-content\/uploads\/2024\/04\/T28785_gr.jpg","type":"image\/jpeg"}],"twitter_card":"summary_large_image","schema":{"@context":"https:\/\/schema.org","@graph":[{"@type":"WebPage","@id":"https:\/\/www.zoohandel.ch\/fr\/boutique\/chiens\/places-damarrage\/matelas-rafraichissant-soft-m-50x40cm-gris-m-50x40cm\/","url":"https:\/\/www.zoohandel.ch\/fr\/boutique\/chiens\/places-damarrage\/matelas-rafraichissant-soft-m-50x40cm-gris-m-50x40cm\/","name":"Matelas rafra\u00eechissant Soft, M: 50\u00d740cm, gris - zoohandel.ch","isPartOf":{"@id":"https:\/\/www.zoohandel.ch\/fr\/#website"},"primaryImageOfPage":{"@id":"https:\/\/www.zoohandel.ch\/fr\/boutique\/chiens\/places-damarrage\/matelas-rafraichissant-soft-m-50x40cm-gris-m-50x40cm\/#primaryimage"},"image":{"@id":"https:\/\/www.zoohandel.ch\/fr\/boutique\/chiens\/places-damarrage\/matelas-rafraichissant-soft-m-50x40cm-gris-m-50x40cm\/#primaryimage"},"thumbnailUrl":"https:\/\/www.zoohandel.ch\/wp-content\/uploads\/2024\/04\/T28785_gr.jpg","datePublished":"2021-03-10T23:00:00+00:00","dateModified":"2026-04-21T03:57:34+00:00","breadcrumb":{"@id":"https:\/\/www.zoohandel.ch\/fr\/boutique\/chiens\/places-damarrage\/matelas-rafraichissant-soft-m-50x40cm-gris-m-50x40cm\/#breadcrumb"},"inLanguage":"fr-FR","potentialAction":[{"@type":"ReadAction","target":["https:\/\/www.zoohandel.ch\/fr\/boutique\/chiens\/places-damarrage\/matelas-rafraichissant-soft-m-50x40cm-gris-m-50x40cm\/"]}]},{"@type":"ImageObject","inLanguage":"fr-FR","@id":"https:\/\/www.zoohandel.ch\/fr\/boutique\/chiens\/places-damarrage\/matelas-rafraichissant-soft-m-50x40cm-gris-m-50x40cm\/#primaryimage","url":"https:\/\/www.zoohandel.ch\/wp-content\/uploads\/2024\/04\/T28785_gr.jpg","contentUrl":"https:\/\/www.zoohandel.ch\/wp-content\/uploads\/2024\/04\/T28785_gr.jpg","width":1600,"height":322},{"@type":"BreadcrumbList","@id":"https:\/\/www.zoohandel.ch\/fr\/boutique\/chiens\/places-damarrage\/matelas-rafraichissant-soft-m-50x40cm-gris-m-50x40cm\/#breadcrumb","itemListElement":[{"@type":"ListItem","position":1,"name":"Startseite","item":"https:\/\/www.zoohandel.ch\/fr\/"},{"@type":"ListItem","position":2,"name":"Boutique","item":"https:\/\/www.zoohandel.ch\/fr\/boutique\/"},{"@type":"ListItem","position":3,"name":"Matelas rafra\u00eechissant Soft, M: 50\u00d740cm, gris"}]},{"@type":"WebSite","@id":"https:\/\/www.zoohandel.ch\/fr\/#website","url":"https:\/\/www.zoohandel.ch\/fr\/","name":"zoohandel.ch","description":"Das Beste f\u00fcr Ihre Lieblinge","publisher":{"@id":"https:\/\/www.zoohandel.ch\/fr\/#organization"},"potentialAction":[{"@type":"SearchAction","target":{"@type":"EntryPoint","urlTemplate":"https:\/\/www.zoohandel.ch\/fr\/?s={search_term_string}"},"query-input":{"@type":"PropertyValueSpecification","valueRequired":true,"valueName":"search_term_string"}}],"inLanguage":"fr-FR"},{"@type":"Organization","@id":"https:\/\/www.zoohandel.ch\/fr\/#organization","name":"zoohandel.ch","url":"https:\/\/www.zoohandel.ch\/fr\/","logo":{"@type":"ImageObject","inLanguage":"fr-FR","@id":"https:\/\/www.zoohandel.ch\/fr\/#\/schema\/logo\/image\/","url":"https:\/\/www.zoohandel.ch\/wp-content\/uploads\/zoohandel-ch.png","contentUrl":"https:\/\/www.zoohandel.ch\/wp-content\/uploads\/zoohandel-ch.png","width":575,"height":171,"caption":"zoohandel.ch"},"image":{"@id":"https:\/\/www.zoohandel.ch\/fr\/#\/schema\/logo\/image\/"}}]}},"tiered_pricing_type":"fixed","tiered_pricing_fixed_rules":[],"tiered_pricing_product_settings":{"layout":"default","base_unit_name":{"singular":null,"plural":null},"default_variation":null},"tiered_pricing_minimum_quantity":null,"tiered_pricing_roles_data":[],"tiered_pricing_percentage_rules":[],"_links":{"self":[{"href":"https:\/\/www.zoohandel.ch\/fr\/wp-json\/wp\/v2\/product\/213654","targetHints":{"allow":["GET"]}}],"collection":[{"href":"https:\/\/www.zoohandel.ch\/fr\/wp-json\/wp\/v2\/product"}],"about":[{"href":"https:\/\/www.zoohandel.ch\/fr\/wp-json\/wp\/v2\/types\/product"}],"wp:featuredmedia":[{"embeddable":true,"href":"https:\/\/www.zoohandel.ch\/fr\/wp-json\/wp\/v2\/media\/532620"}],"wp:attachment":[{"href":"https:\/\/www.zoohandel.ch\/fr\/wp-json\/wp\/v2\/media?parent=213654"}],"wp:term":[{"taxonomy":"product_brand","embeddable":true,"href":"https:\/\/www.zoohandel.ch\/fr\/wp-json\/wp\/v2\/product_brand?post=213654"},{"taxonomy":"product_cat","embeddable":true,"href":"https:\/\/www.zoohandel.ch\/fr\/wp-json\/wp\/v2\/product_cat?post=213654"},{"taxonomy":"product_tag","embeddable":true,"href":"https:\/\/www.zoohandel.ch\/fr\/wp-json\/wp\/v2\/product_tag?post=213654"}],"curies":[{"name":"wp","href":"https:\/\/api.w.org\/{rel}","templated":true}]}}