{"id":213768,"date":"2021-06-04T00:00:00","date_gmt":"2021-06-03T22:00:00","guid":{"rendered":"https:\/\/www.alfauna.ch.vasco.sui-inter.net\/shop\/non%20class\u00e9\/sac-pour-le-transport-et-le-sejour-valery-29x31x49cm-no\/"},"modified":"2026-04-17T03:20:52","modified_gmt":"2026-04-17T01:20:52","slug":"sac-pour-le-transport-et-le-sejour-valery-29x31x49cm-no","status":"publish","type":"product","link":"https:\/\/www.zoohandel.ch\/fr\/boutique\/chiens\/en-route\/caisses-sacs-de-transport\/sac-pour-le-transport-et-le-sejour-valery-29x31x49cm-no\/","title":{"rendered":"Sac pour le transport et le s\u00e9jour Valery, 29\u00d731\u00d749cm, no"},"content":{"rendered":"<p>Abri prot\u00e9g\u00e9 avec fonction transport<br \/>\nparticuli\u00e8rement adapt\u00e9 aux chats<br \/>\nd\u00e9velopp\u00e9 avec un v\u00e9t\u00e9rinaire sp\u00e9cialiste du comportement animal<br \/>\navec matelas \u00e0 ressorts de forme stable (en peluche)<br \/>\nouverture frontale, lat\u00e9rale et par le haut<br \/>\navec 4 poign\u00e9es et bandouli\u00e8re<br \/>\nla sangle de transport peut \u00eatre rang\u00e9e lorsqu&rsquo;elle n&rsquo;est pas utilis\u00e9e<br \/>\navec poches ext\u00e9rieures<br \/>\nen EVA forme stable avec polyester<br \/>\ncouleur : noir\/gris <\/p>\n<p>Sac de transport et de s\u00e9jour Valery<\/p>\n<p>&lsquo;Un foyer loin de son foyer&rsquo; &#8211; Notre nouveau sac de voyage et de transport Valery (art.  28901) offre une multitude d&rsquo;avantages aux animaux et \u00e0 leurs ma\u00eetres. Le sac peut \u00eatre utilis\u00e9 comme abri douillet \u00e0 la maison. Ainsi, l&rsquo;animal s&rsquo;habitue au sac dans un environnement familier et s&rsquo;y sent en s\u00e9curit\u00e9 lorsque vous partez en voyage. L&rsquo;insert du lit douillet peut \u00eatre retir\u00e9 au niveau du sol, ce qui facilite, par exemple, les visites chez le v\u00e9t\u00e9rinaire. Valery offre aux animaux et aux ma\u00eetres un moyen de transport confortable, dot\u00e9 d&rsquo;un coin repos prot\u00e9g\u00e9 pour votre animal lorsque vous \u00eates en d\u00e9placement, en particulier pour les chats. D\u00e9velopp\u00e9 avec un v\u00e9t\u00e9rinaire sp\u00e9cialiste des chats.<\/p>\n","protected":false},"excerpt":{"rendered":"<p>Abri prot\u00e9g\u00e9 avec fonction transport particuli\u00e8rement adapt\u00e9 aux chats d\u00e9velopp\u00e9 avec un v\u00e9t\u00e9rinaire sp\u00e9cialiste du comportement animal avec matelas \u00e0 ressorts de forme stable (en peluche) ouverture frontale, lat\u00e9rale et par le haut avec 4 poign\u00e9es et bandouli\u00e8re la sangle de transport peut \u00eatre rang\u00e9e lorsqu&rsquo;elle n&rsquo;est pas utilis\u00e9e avec poches ext\u00e9rieures en EVA forme<\/p>\n","protected":false},"featured_media":533296,"template":"","meta":{"_acf_changed":false},"product_brand":[],"product_cat":[3885,3475,3094,3884,3911],"product_tag":[],"class_list":{"0":"post-213768","1":"product","2":"type-product","3":"status-publish","4":"has-post-thumbnail","6":"product_cat-caisses-sacs-de-transport","7":"product_cat-chats","8":"product_cat-chiens","9":"product_cat-en-route","10":"product_cat-paniers-de-transport-chatieres","12":"first","13":"instock","14":"taxable","15":"shipping-taxable","16":"purchasable","17":"product-type-simple"},"acf":[],"yoast_head":"<!-- This site is optimized with the Yoast SEO plugin v25.8 - https:\/\/yoast.com\/wordpress\/plugins\/seo\/ -->\n<title>Sac pour le transport et le s\u00e9jour Valery, 29\u00d731\u00d749cm, no - zoohandel.ch<\/title>\n<meta name=\"robots\" content=\"index, follow, max-snippet:-1, max-image-preview:large, max-video-preview:-1\" \/>\n<link rel=\"canonical\" href=\"https:\/\/www.zoohandel.ch\/fr\/boutique\/chiens\/en-route\/caisses-sacs-de-transport\/sac-pour-le-transport-et-le-sejour-valery-29x31x49cm-no\/\" \/>\n<meta property=\"og:locale\" content=\"fr_FR\" \/>\n<meta property=\"og:type\" content=\"article\" \/>\n<meta property=\"og:title\" content=\"Sac pour le transport et le s\u00e9jour Valery, 29\u00d731\u00d749cm, no - zoohandel.ch\" \/>\n<meta property=\"og:description\" content=\"Abri prot\u00e9g\u00e9 avec fonction transport particuli\u00e8rement adapt\u00e9 aux chats d\u00e9velopp\u00e9 avec un v\u00e9t\u00e9rinaire sp\u00e9cialiste du comportement animal avec matelas \u00e0 ressorts de forme stable (en peluche) ouverture frontale, lat\u00e9rale et par le haut avec 4 poign\u00e9es et bandouli\u00e8re la sangle de transport peut \u00eatre rang\u00e9e lorsqu&rsquo;elle n&rsquo;est pas utilis\u00e9e avec poches ext\u00e9rieures en EVA forme\" \/>\n<meta property=\"og:url\" content=\"https:\/\/www.zoohandel.ch\/fr\/boutique\/chiens\/en-route\/caisses-sacs-de-transport\/sac-pour-le-transport-et-le-sejour-valery-29x31x49cm-no\/\" \/>\n<meta property=\"og:site_name\" content=\"zoohandel.ch\" \/>\n<meta property=\"article:modified_time\" content=\"2026-04-17T01:20:52+00:00\" \/>\n<meta property=\"og:image\" content=\"https:\/\/www.zoohandel.ch\/wp-content\/uploads\/2024\/04\/T28901_gr.jpg\" \/>\n\t<meta property=\"og:image:width\" content=\"1500\" \/>\n\t<meta property=\"og:image:height\" content=\"1200\" \/>\n\t<meta property=\"og:image:type\" content=\"image\/jpeg\" \/>\n<meta name=\"twitter:card\" content=\"summary_large_image\" \/>\n<meta name=\"twitter:label1\" content=\"Dur\u00e9e de lecture estim\u00e9e\" \/>\n\t<meta name=\"twitter:data1\" content=\"1 minute\" \/>\n<script type=\"application\/ld+json\" class=\"yoast-schema-graph\">{\"@context\":\"https:\/\/schema.org\",\"@graph\":[{\"@type\":\"WebPage\",\"@id\":\"https:\/\/www.zoohandel.ch\/fr\/boutique\/chiens\/en-route\/caisses-sacs-de-transport\/sac-pour-le-transport-et-le-sejour-valery-29x31x49cm-no\/\",\"url\":\"https:\/\/www.zoohandel.ch\/fr\/boutique\/chiens\/en-route\/caisses-sacs-de-transport\/sac-pour-le-transport-et-le-sejour-valery-29x31x49cm-no\/\",\"name\":\"Sac pour le transport et le s\u00e9jour Valery, 29\u00d731\u00d749cm, no - zoohandel.ch\",\"isPartOf\":{\"@id\":\"https:\/\/www.zoohandel.ch\/fr\/#website\"},\"primaryImageOfPage\":{\"@id\":\"https:\/\/www.zoohandel.ch\/fr\/boutique\/chiens\/en-route\/caisses-sacs-de-transport\/sac-pour-le-transport-et-le-sejour-valery-29x31x49cm-no\/#primaryimage\"},\"image\":{\"@id\":\"https:\/\/www.zoohandel.ch\/fr\/boutique\/chiens\/en-route\/caisses-sacs-de-transport\/sac-pour-le-transport-et-le-sejour-valery-29x31x49cm-no\/#primaryimage\"},\"thumbnailUrl\":\"https:\/\/www.zoohandel.ch\/wp-content\/uploads\/2024\/04\/T28901_gr.jpg\",\"datePublished\":\"2021-06-03T22:00:00+00:00\",\"dateModified\":\"2026-04-17T01:20:52+00:00\",\"breadcrumb\":{\"@id\":\"https:\/\/www.zoohandel.ch\/fr\/boutique\/chiens\/en-route\/caisses-sacs-de-transport\/sac-pour-le-transport-et-le-sejour-valery-29x31x49cm-no\/#breadcrumb\"},\"inLanguage\":\"fr-FR\",\"potentialAction\":[{\"@type\":\"ReadAction\",\"target\":[\"https:\/\/www.zoohandel.ch\/fr\/boutique\/chiens\/en-route\/caisses-sacs-de-transport\/sac-pour-le-transport-et-le-sejour-valery-29x31x49cm-no\/\"]}]},{\"@type\":\"ImageObject\",\"inLanguage\":\"fr-FR\",\"@id\":\"https:\/\/www.zoohandel.ch\/fr\/boutique\/chiens\/en-route\/caisses-sacs-de-transport\/sac-pour-le-transport-et-le-sejour-valery-29x31x49cm-no\/#primaryimage\",\"url\":\"https:\/\/www.zoohandel.ch\/wp-content\/uploads\/2024\/04\/T28901_gr.jpg\",\"contentUrl\":\"https:\/\/www.zoohandel.ch\/wp-content\/uploads\/2024\/04\/T28901_gr.jpg\",\"width\":1500,\"height\":1200},{\"@type\":\"BreadcrumbList\",\"@id\":\"https:\/\/www.zoohandel.ch\/fr\/boutique\/chiens\/en-route\/caisses-sacs-de-transport\/sac-pour-le-transport-et-le-sejour-valery-29x31x49cm-no\/#breadcrumb\",\"itemListElement\":[{\"@type\":\"ListItem\",\"position\":1,\"name\":\"Startseite\",\"item\":\"https:\/\/www.zoohandel.ch\/fr\/\"},{\"@type\":\"ListItem\",\"position\":2,\"name\":\"Boutique\",\"item\":\"https:\/\/www.zoohandel.ch\/fr\/boutique\/\"},{\"@type\":\"ListItem\",\"position\":3,\"name\":\"Sac pour le transport et le s\u00e9jour Valery, 29\u00d731\u00d749cm, no\"}]},{\"@type\":\"WebSite\",\"@id\":\"https:\/\/www.zoohandel.ch\/fr\/#website\",\"url\":\"https:\/\/www.zoohandel.ch\/fr\/\",\"name\":\"zoohandel.ch\",\"description\":\"Das Beste f\u00fcr Ihre Lieblinge\",\"publisher\":{\"@id\":\"https:\/\/www.zoohandel.ch\/fr\/#organization\"},\"potentialAction\":[{\"@type\":\"SearchAction\",\"target\":{\"@type\":\"EntryPoint\",\"urlTemplate\":\"https:\/\/www.zoohandel.ch\/fr\/?s={search_term_string}\"},\"query-input\":{\"@type\":\"PropertyValueSpecification\",\"valueRequired\":true,\"valueName\":\"search_term_string\"}}],\"inLanguage\":\"fr-FR\"},{\"@type\":\"Organization\",\"@id\":\"https:\/\/www.zoohandel.ch\/fr\/#organization\",\"name\":\"zoohandel.ch\",\"url\":\"https:\/\/www.zoohandel.ch\/fr\/\",\"logo\":{\"@type\":\"ImageObject\",\"inLanguage\":\"fr-FR\",\"@id\":\"https:\/\/www.zoohandel.ch\/fr\/#\/schema\/logo\/image\/\",\"url\":\"https:\/\/www.zoohandel.ch\/wp-content\/uploads\/zoohandel-ch.png\",\"contentUrl\":\"https:\/\/www.zoohandel.ch\/wp-content\/uploads\/zoohandel-ch.png\",\"width\":575,\"height\":171,\"caption\":\"zoohandel.ch\"},\"image\":{\"@id\":\"https:\/\/www.zoohandel.ch\/fr\/#\/schema\/logo\/image\/\"}}]}<\/script>\n<!-- \/ Yoast SEO plugin. -->","yoast_head_json":{"title":"Sac pour le transport et le s\u00e9jour Valery, 29\u00d731\u00d749cm, no - zoohandel.ch","robots":{"index":"index","follow":"follow","max-snippet":"max-snippet:-1","max-image-preview":"max-image-preview:large","max-video-preview":"max-video-preview:-1"},"canonical":"https:\/\/www.zoohandel.ch\/fr\/boutique\/chiens\/en-route\/caisses-sacs-de-transport\/sac-pour-le-transport-et-le-sejour-valery-29x31x49cm-no\/","og_locale":"fr_FR","og_type":"article","og_title":"Sac pour le transport et le s\u00e9jour Valery, 29\u00d731\u00d749cm, no - zoohandel.ch","og_description":"Abri prot\u00e9g\u00e9 avec fonction transport particuli\u00e8rement adapt\u00e9 aux chats d\u00e9velopp\u00e9 avec un v\u00e9t\u00e9rinaire sp\u00e9cialiste du comportement animal avec matelas \u00e0 ressorts de forme stable (en peluche) ouverture frontale, lat\u00e9rale et par le haut avec 4 poign\u00e9es et bandouli\u00e8re la sangle de transport peut \u00eatre rang\u00e9e lorsqu&rsquo;elle n&rsquo;est pas utilis\u00e9e avec poches ext\u00e9rieures en EVA forme","og_url":"https:\/\/www.zoohandel.ch\/fr\/boutique\/chiens\/en-route\/caisses-sacs-de-transport\/sac-pour-le-transport-et-le-sejour-valery-29x31x49cm-no\/","og_site_name":"zoohandel.ch","article_modified_time":"2026-04-17T01:20:52+00:00","og_image":[{"width":1500,"height":1200,"url":"https:\/\/www.zoohandel.ch\/wp-content\/uploads\/2024\/04\/T28901_gr.jpg","type":"image\/jpeg"}],"twitter_card":"summary_large_image","twitter_misc":{"Dur\u00e9e de lecture estim\u00e9e":"1 minute"},"schema":{"@context":"https:\/\/schema.org","@graph":[{"@type":"WebPage","@id":"https:\/\/www.zoohandel.ch\/fr\/boutique\/chiens\/en-route\/caisses-sacs-de-transport\/sac-pour-le-transport-et-le-sejour-valery-29x31x49cm-no\/","url":"https:\/\/www.zoohandel.ch\/fr\/boutique\/chiens\/en-route\/caisses-sacs-de-transport\/sac-pour-le-transport-et-le-sejour-valery-29x31x49cm-no\/","name":"Sac pour le transport et le s\u00e9jour Valery, 29\u00d731\u00d749cm, no - zoohandel.ch","isPartOf":{"@id":"https:\/\/www.zoohandel.ch\/fr\/#website"},"primaryImageOfPage":{"@id":"https:\/\/www.zoohandel.ch\/fr\/boutique\/chiens\/en-route\/caisses-sacs-de-transport\/sac-pour-le-transport-et-le-sejour-valery-29x31x49cm-no\/#primaryimage"},"image":{"@id":"https:\/\/www.zoohandel.ch\/fr\/boutique\/chiens\/en-route\/caisses-sacs-de-transport\/sac-pour-le-transport-et-le-sejour-valery-29x31x49cm-no\/#primaryimage"},"thumbnailUrl":"https:\/\/www.zoohandel.ch\/wp-content\/uploads\/2024\/04\/T28901_gr.jpg","datePublished":"2021-06-03T22:00:00+00:00","dateModified":"2026-04-17T01:20:52+00:00","breadcrumb":{"@id":"https:\/\/www.zoohandel.ch\/fr\/boutique\/chiens\/en-route\/caisses-sacs-de-transport\/sac-pour-le-transport-et-le-sejour-valery-29x31x49cm-no\/#breadcrumb"},"inLanguage":"fr-FR","potentialAction":[{"@type":"ReadAction","target":["https:\/\/www.zoohandel.ch\/fr\/boutique\/chiens\/en-route\/caisses-sacs-de-transport\/sac-pour-le-transport-et-le-sejour-valery-29x31x49cm-no\/"]}]},{"@type":"ImageObject","inLanguage":"fr-FR","@id":"https:\/\/www.zoohandel.ch\/fr\/boutique\/chiens\/en-route\/caisses-sacs-de-transport\/sac-pour-le-transport-et-le-sejour-valery-29x31x49cm-no\/#primaryimage","url":"https:\/\/www.zoohandel.ch\/wp-content\/uploads\/2024\/04\/T28901_gr.jpg","contentUrl":"https:\/\/www.zoohandel.ch\/wp-content\/uploads\/2024\/04\/T28901_gr.jpg","width":1500,"height":1200},{"@type":"BreadcrumbList","@id":"https:\/\/www.zoohandel.ch\/fr\/boutique\/chiens\/en-route\/caisses-sacs-de-transport\/sac-pour-le-transport-et-le-sejour-valery-29x31x49cm-no\/#breadcrumb","itemListElement":[{"@type":"ListItem","position":1,"name":"Startseite","item":"https:\/\/www.zoohandel.ch\/fr\/"},{"@type":"ListItem","position":2,"name":"Boutique","item":"https:\/\/www.zoohandel.ch\/fr\/boutique\/"},{"@type":"ListItem","position":3,"name":"Sac pour le transport et le s\u00e9jour Valery, 29\u00d731\u00d749cm, no"}]},{"@type":"WebSite","@id":"https:\/\/www.zoohandel.ch\/fr\/#website","url":"https:\/\/www.zoohandel.ch\/fr\/","name":"zoohandel.ch","description":"Das Beste f\u00fcr Ihre Lieblinge","publisher":{"@id":"https:\/\/www.zoohandel.ch\/fr\/#organization"},"potentialAction":[{"@type":"SearchAction","target":{"@type":"EntryPoint","urlTemplate":"https:\/\/www.zoohandel.ch\/fr\/?s={search_term_string}"},"query-input":{"@type":"PropertyValueSpecification","valueRequired":true,"valueName":"search_term_string"}}],"inLanguage":"fr-FR"},{"@type":"Organization","@id":"https:\/\/www.zoohandel.ch\/fr\/#organization","name":"zoohandel.ch","url":"https:\/\/www.zoohandel.ch\/fr\/","logo":{"@type":"ImageObject","inLanguage":"fr-FR","@id":"https:\/\/www.zoohandel.ch\/fr\/#\/schema\/logo\/image\/","url":"https:\/\/www.zoohandel.ch\/wp-content\/uploads\/zoohandel-ch.png","contentUrl":"https:\/\/www.zoohandel.ch\/wp-content\/uploads\/zoohandel-ch.png","width":575,"height":171,"caption":"zoohandel.ch"},"image":{"@id":"https:\/\/www.zoohandel.ch\/fr\/#\/schema\/logo\/image\/"}}]}},"tiered_pricing_type":"fixed","tiered_pricing_fixed_rules":[],"tiered_pricing_product_settings":{"layout":"default","base_unit_name":{"singular":null,"plural":null},"default_variation":null},"tiered_pricing_minimum_quantity":null,"tiered_pricing_roles_data":[],"tiered_pricing_percentage_rules":[],"_links":{"self":[{"href":"https:\/\/www.zoohandel.ch\/fr\/wp-json\/wp\/v2\/product\/213768","targetHints":{"allow":["GET"]}}],"collection":[{"href":"https:\/\/www.zoohandel.ch\/fr\/wp-json\/wp\/v2\/product"}],"about":[{"href":"https:\/\/www.zoohandel.ch\/fr\/wp-json\/wp\/v2\/types\/product"}],"wp:featuredmedia":[{"embeddable":true,"href":"https:\/\/www.zoohandel.ch\/fr\/wp-json\/wp\/v2\/media\/533296"}],"wp:attachment":[{"href":"https:\/\/www.zoohandel.ch\/fr\/wp-json\/wp\/v2\/media?parent=213768"}],"wp:term":[{"taxonomy":"product_brand","embeddable":true,"href":"https:\/\/www.zoohandel.ch\/fr\/wp-json\/wp\/v2\/product_brand?post=213768"},{"taxonomy":"product_cat","embeddable":true,"href":"https:\/\/www.zoohandel.ch\/fr\/wp-json\/wp\/v2\/product_cat?post=213768"},{"taxonomy":"product_tag","embeddable":true,"href":"https:\/\/www.zoohandel.ch\/fr\/wp-json\/wp\/v2\/product_tag?post=213768"}],"curies":[{"name":"wp","href":"https:\/\/api.w.org\/{rel}","templated":true}]}}