{"id":213791,"date":"2013-12-12T00:00:00","date_gmt":"2013-12-11T23:00:00","guid":{"rendered":"https:\/\/www.alfauna.ch.vasco.sui-inter.net\/shop\/non%20class\u00e9\/sac-a-roulettesnylon34x43x67cmnoir-gris\/"},"modified":"2026-04-19T03:09:10","modified_gmt":"2026-04-19T01:09:10","slug":"sac-a-roulettesnylon34x43x67cmnoir-gris","status":"publish","type":"product","link":"https:\/\/www.zoohandel.ch\/fr\/boutique\/chiens\/en-route\/caisses-sacs-de-transport\/sac-a-roulettesnylon34x43x67cmnoir-gris\/","title":{"rendered":"Sac \u00e0 roulettes,nylon,34\u00d743\u00d767cm,noir\/gris"},"content":{"rendered":"<p>peut aussi \u00eatre utilis\u00e9 comme Soft Kennel ou sac transport gr\u00e2ce \u00e0 la base amovible<br \/>\npoign\u00e9e t\u00e9lescopique enti\u00e8rement r\u00e9tractable<br \/>\nouverture par le haut et frontale<br \/>\navec poche ext\u00e9rieure<br \/>\navec laisse courte int\u00e9gr\u00e9e<br \/>\navec coussin rembourr\u00e9 en<\/p>\n","protected":false},"excerpt":{"rendered":"<p>peut aussi \u00eatre utilis\u00e9 comme Soft Kennel ou sac transport gr\u00e2ce \u00e0 la base amovible poign\u00e9e t\u00e9lescopique enti\u00e8rement r\u00e9tractable ouverture par le haut et frontale avec poche ext\u00e9rieure avec laisse courte int\u00e9gr\u00e9e avec coussin rembourr\u00e9 en<\/p>\n","protected":false},"featured_media":533612,"template":"","meta":{"_acf_changed":false},"product_brand":[],"product_cat":[3885,3475,3094,3884,3911],"product_tag":[],"class_list":{"0":"post-213791","1":"product","2":"type-product","3":"status-publish","4":"has-post-thumbnail","6":"product_cat-caisses-sacs-de-transport","7":"product_cat-chats","8":"product_cat-chiens","9":"product_cat-en-route","10":"product_cat-paniers-de-transport-chatieres","12":"first","13":"instock","14":"taxable","15":"shipping-taxable","16":"purchasable","17":"product-type-simple"},"acf":[],"yoast_head":"<!-- This site is optimized with the Yoast SEO plugin v25.8 - https:\/\/yoast.com\/wordpress\/plugins\/seo\/ -->\n<title>Sac \u00e0 roulettes,nylon,34\u00d743\u00d767cm,noir\/gris - zoohandel.ch<\/title>\n<meta name=\"robots\" content=\"index, follow, max-snippet:-1, max-image-preview:large, max-video-preview:-1\" \/>\n<link rel=\"canonical\" href=\"https:\/\/www.zoohandel.ch\/fr\/boutique\/chiens\/en-route\/caisses-sacs-de-transport\/sac-a-roulettesnylon34x43x67cmnoir-gris\/\" \/>\n<meta property=\"og:locale\" content=\"fr_FR\" \/>\n<meta property=\"og:type\" content=\"article\" \/>\n<meta property=\"og:title\" content=\"Sac \u00e0 roulettes,nylon,34\u00d743\u00d767cm,noir\/gris - zoohandel.ch\" \/>\n<meta property=\"og:description\" content=\"peut aussi \u00eatre utilis\u00e9 comme Soft Kennel ou sac transport gr\u00e2ce \u00e0 la base amovible poign\u00e9e t\u00e9lescopique enti\u00e8rement r\u00e9tractable ouverture par le haut et frontale avec poche ext\u00e9rieure avec laisse courte int\u00e9gr\u00e9e avec coussin rembourr\u00e9 en\" \/>\n<meta property=\"og:url\" content=\"https:\/\/www.zoohandel.ch\/fr\/boutique\/chiens\/en-route\/caisses-sacs-de-transport\/sac-a-roulettesnylon34x43x67cmnoir-gris\/\" \/>\n<meta property=\"og:site_name\" content=\"zoohandel.ch\" \/>\n<meta property=\"article:modified_time\" content=\"2026-04-19T01:09:10+00:00\" \/>\n<meta property=\"og:image\" content=\"https:\/\/www.zoohandel.ch\/wp-content\/uploads\/2024\/04\/T28949_gr.jpg\" \/>\n\t<meta property=\"og:image:width\" content=\"1600\" \/>\n\t<meta property=\"og:image:height\" content=\"1031\" \/>\n\t<meta property=\"og:image:type\" content=\"image\/jpeg\" \/>\n<meta name=\"twitter:card\" content=\"summary_large_image\" \/>\n<script type=\"application\/ld+json\" class=\"yoast-schema-graph\">{\"@context\":\"https:\/\/schema.org\",\"@graph\":[{\"@type\":\"WebPage\",\"@id\":\"https:\/\/www.zoohandel.ch\/fr\/boutique\/chiens\/en-route\/caisses-sacs-de-transport\/sac-a-roulettesnylon34x43x67cmnoir-gris\/\",\"url\":\"https:\/\/www.zoohandel.ch\/fr\/boutique\/chiens\/en-route\/caisses-sacs-de-transport\/sac-a-roulettesnylon34x43x67cmnoir-gris\/\",\"name\":\"Sac \u00e0 roulettes,nylon,34\u00d743\u00d767cm,noir\/gris - zoohandel.ch\",\"isPartOf\":{\"@id\":\"https:\/\/www.zoohandel.ch\/fr\/#website\"},\"primaryImageOfPage\":{\"@id\":\"https:\/\/www.zoohandel.ch\/fr\/boutique\/chiens\/en-route\/caisses-sacs-de-transport\/sac-a-roulettesnylon34x43x67cmnoir-gris\/#primaryimage\"},\"image\":{\"@id\":\"https:\/\/www.zoohandel.ch\/fr\/boutique\/chiens\/en-route\/caisses-sacs-de-transport\/sac-a-roulettesnylon34x43x67cmnoir-gris\/#primaryimage\"},\"thumbnailUrl\":\"https:\/\/www.zoohandel.ch\/wp-content\/uploads\/2024\/04\/T28949_gr.jpg\",\"datePublished\":\"2013-12-11T23:00:00+00:00\",\"dateModified\":\"2026-04-19T01:09:10+00:00\",\"breadcrumb\":{\"@id\":\"https:\/\/www.zoohandel.ch\/fr\/boutique\/chiens\/en-route\/caisses-sacs-de-transport\/sac-a-roulettesnylon34x43x67cmnoir-gris\/#breadcrumb\"},\"inLanguage\":\"fr-FR\",\"potentialAction\":[{\"@type\":\"ReadAction\",\"target\":[\"https:\/\/www.zoohandel.ch\/fr\/boutique\/chiens\/en-route\/caisses-sacs-de-transport\/sac-a-roulettesnylon34x43x67cmnoir-gris\/\"]}]},{\"@type\":\"ImageObject\",\"inLanguage\":\"fr-FR\",\"@id\":\"https:\/\/www.zoohandel.ch\/fr\/boutique\/chiens\/en-route\/caisses-sacs-de-transport\/sac-a-roulettesnylon34x43x67cmnoir-gris\/#primaryimage\",\"url\":\"https:\/\/www.zoohandel.ch\/wp-content\/uploads\/2024\/04\/T28949_gr.jpg\",\"contentUrl\":\"https:\/\/www.zoohandel.ch\/wp-content\/uploads\/2024\/04\/T28949_gr.jpg\",\"width\":1600,\"height\":1031},{\"@type\":\"BreadcrumbList\",\"@id\":\"https:\/\/www.zoohandel.ch\/fr\/boutique\/chiens\/en-route\/caisses-sacs-de-transport\/sac-a-roulettesnylon34x43x67cmnoir-gris\/#breadcrumb\",\"itemListElement\":[{\"@type\":\"ListItem\",\"position\":1,\"name\":\"Startseite\",\"item\":\"https:\/\/www.zoohandel.ch\/fr\/\"},{\"@type\":\"ListItem\",\"position\":2,\"name\":\"Boutique\",\"item\":\"https:\/\/www.zoohandel.ch\/fr\/boutique\/\"},{\"@type\":\"ListItem\",\"position\":3,\"name\":\"Sac \u00e0 roulettes,nylon,34\u00d743\u00d767cm,noir\/gris\"}]},{\"@type\":\"WebSite\",\"@id\":\"https:\/\/www.zoohandel.ch\/fr\/#website\",\"url\":\"https:\/\/www.zoohandel.ch\/fr\/\",\"name\":\"zoohandel.ch\",\"description\":\"Das Beste f\u00fcr Ihre Lieblinge\",\"publisher\":{\"@id\":\"https:\/\/www.zoohandel.ch\/fr\/#organization\"},\"potentialAction\":[{\"@type\":\"SearchAction\",\"target\":{\"@type\":\"EntryPoint\",\"urlTemplate\":\"https:\/\/www.zoohandel.ch\/fr\/?s={search_term_string}\"},\"query-input\":{\"@type\":\"PropertyValueSpecification\",\"valueRequired\":true,\"valueName\":\"search_term_string\"}}],\"inLanguage\":\"fr-FR\"},{\"@type\":\"Organization\",\"@id\":\"https:\/\/www.zoohandel.ch\/fr\/#organization\",\"name\":\"zoohandel.ch\",\"url\":\"https:\/\/www.zoohandel.ch\/fr\/\",\"logo\":{\"@type\":\"ImageObject\",\"inLanguage\":\"fr-FR\",\"@id\":\"https:\/\/www.zoohandel.ch\/fr\/#\/schema\/logo\/image\/\",\"url\":\"https:\/\/www.zoohandel.ch\/wp-content\/uploads\/zoohandel-ch.png\",\"contentUrl\":\"https:\/\/www.zoohandel.ch\/wp-content\/uploads\/zoohandel-ch.png\",\"width\":575,\"height\":171,\"caption\":\"zoohandel.ch\"},\"image\":{\"@id\":\"https:\/\/www.zoohandel.ch\/fr\/#\/schema\/logo\/image\/\"}}]}<\/script>\n<!-- \/ Yoast SEO plugin. -->","yoast_head_json":{"title":"Sac \u00e0 roulettes,nylon,34\u00d743\u00d767cm,noir\/gris - zoohandel.ch","robots":{"index":"index","follow":"follow","max-snippet":"max-snippet:-1","max-image-preview":"max-image-preview:large","max-video-preview":"max-video-preview:-1"},"canonical":"https:\/\/www.zoohandel.ch\/fr\/boutique\/chiens\/en-route\/caisses-sacs-de-transport\/sac-a-roulettesnylon34x43x67cmnoir-gris\/","og_locale":"fr_FR","og_type":"article","og_title":"Sac \u00e0 roulettes,nylon,34\u00d743\u00d767cm,noir\/gris - zoohandel.ch","og_description":"peut aussi \u00eatre utilis\u00e9 comme Soft Kennel ou sac transport gr\u00e2ce \u00e0 la base amovible poign\u00e9e t\u00e9lescopique enti\u00e8rement r\u00e9tractable ouverture par le haut et frontale avec poche ext\u00e9rieure avec laisse courte int\u00e9gr\u00e9e avec coussin rembourr\u00e9 en","og_url":"https:\/\/www.zoohandel.ch\/fr\/boutique\/chiens\/en-route\/caisses-sacs-de-transport\/sac-a-roulettesnylon34x43x67cmnoir-gris\/","og_site_name":"zoohandel.ch","article_modified_time":"2026-04-19T01:09:10+00:00","og_image":[{"width":1600,"height":1031,"url":"https:\/\/www.zoohandel.ch\/wp-content\/uploads\/2024\/04\/T28949_gr.jpg","type":"image\/jpeg"}],"twitter_card":"summary_large_image","schema":{"@context":"https:\/\/schema.org","@graph":[{"@type":"WebPage","@id":"https:\/\/www.zoohandel.ch\/fr\/boutique\/chiens\/en-route\/caisses-sacs-de-transport\/sac-a-roulettesnylon34x43x67cmnoir-gris\/","url":"https:\/\/www.zoohandel.ch\/fr\/boutique\/chiens\/en-route\/caisses-sacs-de-transport\/sac-a-roulettesnylon34x43x67cmnoir-gris\/","name":"Sac \u00e0 roulettes,nylon,34\u00d743\u00d767cm,noir\/gris - zoohandel.ch","isPartOf":{"@id":"https:\/\/www.zoohandel.ch\/fr\/#website"},"primaryImageOfPage":{"@id":"https:\/\/www.zoohandel.ch\/fr\/boutique\/chiens\/en-route\/caisses-sacs-de-transport\/sac-a-roulettesnylon34x43x67cmnoir-gris\/#primaryimage"},"image":{"@id":"https:\/\/www.zoohandel.ch\/fr\/boutique\/chiens\/en-route\/caisses-sacs-de-transport\/sac-a-roulettesnylon34x43x67cmnoir-gris\/#primaryimage"},"thumbnailUrl":"https:\/\/www.zoohandel.ch\/wp-content\/uploads\/2024\/04\/T28949_gr.jpg","datePublished":"2013-12-11T23:00:00+00:00","dateModified":"2026-04-19T01:09:10+00:00","breadcrumb":{"@id":"https:\/\/www.zoohandel.ch\/fr\/boutique\/chiens\/en-route\/caisses-sacs-de-transport\/sac-a-roulettesnylon34x43x67cmnoir-gris\/#breadcrumb"},"inLanguage":"fr-FR","potentialAction":[{"@type":"ReadAction","target":["https:\/\/www.zoohandel.ch\/fr\/boutique\/chiens\/en-route\/caisses-sacs-de-transport\/sac-a-roulettesnylon34x43x67cmnoir-gris\/"]}]},{"@type":"ImageObject","inLanguage":"fr-FR","@id":"https:\/\/www.zoohandel.ch\/fr\/boutique\/chiens\/en-route\/caisses-sacs-de-transport\/sac-a-roulettesnylon34x43x67cmnoir-gris\/#primaryimage","url":"https:\/\/www.zoohandel.ch\/wp-content\/uploads\/2024\/04\/T28949_gr.jpg","contentUrl":"https:\/\/www.zoohandel.ch\/wp-content\/uploads\/2024\/04\/T28949_gr.jpg","width":1600,"height":1031},{"@type":"BreadcrumbList","@id":"https:\/\/www.zoohandel.ch\/fr\/boutique\/chiens\/en-route\/caisses-sacs-de-transport\/sac-a-roulettesnylon34x43x67cmnoir-gris\/#breadcrumb","itemListElement":[{"@type":"ListItem","position":1,"name":"Startseite","item":"https:\/\/www.zoohandel.ch\/fr\/"},{"@type":"ListItem","position":2,"name":"Boutique","item":"https:\/\/www.zoohandel.ch\/fr\/boutique\/"},{"@type":"ListItem","position":3,"name":"Sac \u00e0 roulettes,nylon,34\u00d743\u00d767cm,noir\/gris"}]},{"@type":"WebSite","@id":"https:\/\/www.zoohandel.ch\/fr\/#website","url":"https:\/\/www.zoohandel.ch\/fr\/","name":"zoohandel.ch","description":"Das Beste f\u00fcr Ihre Lieblinge","publisher":{"@id":"https:\/\/www.zoohandel.ch\/fr\/#organization"},"potentialAction":[{"@type":"SearchAction","target":{"@type":"EntryPoint","urlTemplate":"https:\/\/www.zoohandel.ch\/fr\/?s={search_term_string}"},"query-input":{"@type":"PropertyValueSpecification","valueRequired":true,"valueName":"search_term_string"}}],"inLanguage":"fr-FR"},{"@type":"Organization","@id":"https:\/\/www.zoohandel.ch\/fr\/#organization","name":"zoohandel.ch","url":"https:\/\/www.zoohandel.ch\/fr\/","logo":{"@type":"ImageObject","inLanguage":"fr-FR","@id":"https:\/\/www.zoohandel.ch\/fr\/#\/schema\/logo\/image\/","url":"https:\/\/www.zoohandel.ch\/wp-content\/uploads\/zoohandel-ch.png","contentUrl":"https:\/\/www.zoohandel.ch\/wp-content\/uploads\/zoohandel-ch.png","width":575,"height":171,"caption":"zoohandel.ch"},"image":{"@id":"https:\/\/www.zoohandel.ch\/fr\/#\/schema\/logo\/image\/"}}]}},"tiered_pricing_type":"fixed","tiered_pricing_fixed_rules":[],"tiered_pricing_product_settings":{"layout":"default","base_unit_name":{"singular":null,"plural":null},"default_variation":null},"tiered_pricing_minimum_quantity":null,"tiered_pricing_roles_data":[],"tiered_pricing_percentage_rules":[],"_links":{"self":[{"href":"https:\/\/www.zoohandel.ch\/fr\/wp-json\/wp\/v2\/product\/213791","targetHints":{"allow":["GET"]}}],"collection":[{"href":"https:\/\/www.zoohandel.ch\/fr\/wp-json\/wp\/v2\/product"}],"about":[{"href":"https:\/\/www.zoohandel.ch\/fr\/wp-json\/wp\/v2\/types\/product"}],"wp:featuredmedia":[{"embeddable":true,"href":"https:\/\/www.zoohandel.ch\/fr\/wp-json\/wp\/v2\/media\/533612"}],"wp:attachment":[{"href":"https:\/\/www.zoohandel.ch\/fr\/wp-json\/wp\/v2\/media?parent=213791"}],"wp:term":[{"taxonomy":"product_brand","embeddable":true,"href":"https:\/\/www.zoohandel.ch\/fr\/wp-json\/wp\/v2\/product_brand?post=213791"},{"taxonomy":"product_cat","embeddable":true,"href":"https:\/\/www.zoohandel.ch\/fr\/wp-json\/wp\/v2\/product_cat?post=213791"},{"taxonomy":"product_tag","embeddable":true,"href":"https:\/\/www.zoohandel.ch\/fr\/wp-json\/wp\/v2\/product_tag?post=213791"}],"curies":[{"name":"wp","href":"https:\/\/api.w.org\/{rel}","templated":true}]}}