{"id":213811,"date":"2020-07-09T00:00:00","date_gmt":"2020-07-08T22:00:00","guid":{"rendered":"https:\/\/www.alfauna.ch.vasco.sui-inter.net\/shop\/non%20class\u00e9\/poussette-47x100x80cm-49-kg-gris-15kg\/"},"modified":"2026-04-26T01:55:34","modified_gmt":"2026-04-25T23:55:34","slug":"poussette-47x100x80cm-49-kg-gris-15kg","status":"publish","type":"product","link":"https:\/\/www.zoohandel.ch\/fr\/boutique\/chiens\/en-route\/poussettes\/poussette-47x100x80cm-49-kg-gris-15kg\/","title":{"rendered":"Poussette, 47\u00d7100\u00d780cm, 4,9 kg, gris ->15kg"},"content":{"rendered":"<p>ec 4 roues pour plus de stabilit\u00e9<br \/>\navec fonction pliage rapide<br \/>\npour chiens et chats \u00e2g\u00e9s, malades, craintifs ou tr\u00e8s jeunes<br \/>\nm\u00e9canisme de fonctionnement \u00e0 une main<br \/>\navec deux freins d\u0092arr\u00eat<br \/>\ngrande ouverture arri\u00e8re pour faire entrer et sortir l<\/p>\n","protected":false},"excerpt":{"rendered":"<p>ec 4 roues pour plus de stabilit\u00e9 avec fonction pliage rapide pour chiens et chats \u00e2g\u00e9s, malades, craintifs ou tr\u00e8s jeunes m\u00e9canisme de fonctionnement \u00e0 une main avec deux freins d\u0092arr\u00eat grande ouverture arri\u00e8re pour faire entrer et sortir l<\/p>\n","protected":false},"featured_media":533754,"template":"","meta":{"_acf_changed":false},"product_brand":[],"product_cat":[3094,3884,3889],"product_tag":[],"class_list":{"0":"post-213811","1":"product","2":"type-product","3":"status-publish","4":"has-post-thumbnail","6":"product_cat-chiens","7":"product_cat-en-route","8":"product_cat-poussettes","10":"first","11":"instock","12":"taxable","13":"shipping-taxable","14":"purchasable","15":"product-type-simple"},"acf":[],"yoast_head":"<!-- This site is optimized with the Yoast SEO plugin v25.8 - https:\/\/yoast.com\/wordpress\/plugins\/seo\/ -->\n<title>Poussette, 47\u00d7100\u00d780cm, 4,9 kg, gris -&gt;15kg - zoohandel.ch<\/title>\n<meta name=\"robots\" content=\"index, follow, max-snippet:-1, max-image-preview:large, max-video-preview:-1\" \/>\n<link rel=\"canonical\" href=\"https:\/\/www.zoohandel.ch\/fr\/boutique\/chiens\/en-route\/poussettes\/poussette-47x100x80cm-49-kg-gris-15kg\/\" \/>\n<meta property=\"og:locale\" content=\"fr_FR\" \/>\n<meta property=\"og:type\" content=\"article\" \/>\n<meta property=\"og:title\" content=\"Poussette, 47\u00d7100\u00d780cm, 4,9 kg, gris -&gt;15kg - zoohandel.ch\" \/>\n<meta property=\"og:description\" content=\"ec 4 roues pour plus de stabilit\u00e9 avec fonction pliage rapide pour chiens et chats \u00e2g\u00e9s, malades, craintifs ou tr\u00e8s jeunes m\u00e9canisme de fonctionnement \u00e0 une main avec deux freins d\u0092arr\u00eat grande ouverture arri\u00e8re pour faire entrer et sortir l\" \/>\n<meta property=\"og:url\" content=\"https:\/\/www.zoohandel.ch\/fr\/boutique\/chiens\/en-route\/poussettes\/poussette-47x100x80cm-49-kg-gris-15kg\/\" \/>\n<meta property=\"og:site_name\" content=\"zoohandel.ch\" \/>\n<meta property=\"article:modified_time\" content=\"2026-04-25T23:55:34+00:00\" \/>\n<meta property=\"og:image\" content=\"https:\/\/www.zoohandel.ch\/wp-content\/uploads\/2024\/04\/T28959_gr.jpg\" \/>\n\t<meta property=\"og:image:width\" content=\"845\" \/>\n\t<meta property=\"og:image:height\" content=\"1200\" \/>\n\t<meta property=\"og:image:type\" content=\"image\/jpeg\" \/>\n<meta name=\"twitter:card\" content=\"summary_large_image\" \/>\n<script type=\"application\/ld+json\" class=\"yoast-schema-graph\">{\"@context\":\"https:\/\/schema.org\",\"@graph\":[{\"@type\":\"WebPage\",\"@id\":\"https:\/\/www.zoohandel.ch\/fr\/boutique\/chiens\/en-route\/poussettes\/poussette-47x100x80cm-49-kg-gris-15kg\/\",\"url\":\"https:\/\/www.zoohandel.ch\/fr\/boutique\/chiens\/en-route\/poussettes\/poussette-47x100x80cm-49-kg-gris-15kg\/\",\"name\":\"Poussette, 47\u00d7100\u00d780cm, 4,9 kg, gris ->15kg - zoohandel.ch\",\"isPartOf\":{\"@id\":\"https:\/\/www.zoohandel.ch\/fr\/#website\"},\"primaryImageOfPage\":{\"@id\":\"https:\/\/www.zoohandel.ch\/fr\/boutique\/chiens\/en-route\/poussettes\/poussette-47x100x80cm-49-kg-gris-15kg\/#primaryimage\"},\"image\":{\"@id\":\"https:\/\/www.zoohandel.ch\/fr\/boutique\/chiens\/en-route\/poussettes\/poussette-47x100x80cm-49-kg-gris-15kg\/#primaryimage\"},\"thumbnailUrl\":\"https:\/\/www.zoohandel.ch\/wp-content\/uploads\/2024\/04\/T28959_gr.jpg\",\"datePublished\":\"2020-07-08T22:00:00+00:00\",\"dateModified\":\"2026-04-25T23:55:34+00:00\",\"breadcrumb\":{\"@id\":\"https:\/\/www.zoohandel.ch\/fr\/boutique\/chiens\/en-route\/poussettes\/poussette-47x100x80cm-49-kg-gris-15kg\/#breadcrumb\"},\"inLanguage\":\"fr-FR\",\"potentialAction\":[{\"@type\":\"ReadAction\",\"target\":[\"https:\/\/www.zoohandel.ch\/fr\/boutique\/chiens\/en-route\/poussettes\/poussette-47x100x80cm-49-kg-gris-15kg\/\"]}]},{\"@type\":\"ImageObject\",\"inLanguage\":\"fr-FR\",\"@id\":\"https:\/\/www.zoohandel.ch\/fr\/boutique\/chiens\/en-route\/poussettes\/poussette-47x100x80cm-49-kg-gris-15kg\/#primaryimage\",\"url\":\"https:\/\/www.zoohandel.ch\/wp-content\/uploads\/2024\/04\/T28959_gr.jpg\",\"contentUrl\":\"https:\/\/www.zoohandel.ch\/wp-content\/uploads\/2024\/04\/T28959_gr.jpg\",\"width\":845,\"height\":1200},{\"@type\":\"BreadcrumbList\",\"@id\":\"https:\/\/www.zoohandel.ch\/fr\/boutique\/chiens\/en-route\/poussettes\/poussette-47x100x80cm-49-kg-gris-15kg\/#breadcrumb\",\"itemListElement\":[{\"@type\":\"ListItem\",\"position\":1,\"name\":\"Startseite\",\"item\":\"https:\/\/www.zoohandel.ch\/fr\/\"},{\"@type\":\"ListItem\",\"position\":2,\"name\":\"Boutique\",\"item\":\"https:\/\/www.zoohandel.ch\/fr\/boutique\/\"},{\"@type\":\"ListItem\",\"position\":3,\"name\":\"Poussette, 47\u00d7100\u00d780cm, 4,9 kg, gris ->15kg\"}]},{\"@type\":\"WebSite\",\"@id\":\"https:\/\/www.zoohandel.ch\/fr\/#website\",\"url\":\"https:\/\/www.zoohandel.ch\/fr\/\",\"name\":\"zoohandel.ch\",\"description\":\"Das Beste f\u00fcr Ihre Lieblinge\",\"publisher\":{\"@id\":\"https:\/\/www.zoohandel.ch\/fr\/#organization\"},\"potentialAction\":[{\"@type\":\"SearchAction\",\"target\":{\"@type\":\"EntryPoint\",\"urlTemplate\":\"https:\/\/www.zoohandel.ch\/fr\/?s={search_term_string}\"},\"query-input\":{\"@type\":\"PropertyValueSpecification\",\"valueRequired\":true,\"valueName\":\"search_term_string\"}}],\"inLanguage\":\"fr-FR\"},{\"@type\":\"Organization\",\"@id\":\"https:\/\/www.zoohandel.ch\/fr\/#organization\",\"name\":\"zoohandel.ch\",\"url\":\"https:\/\/www.zoohandel.ch\/fr\/\",\"logo\":{\"@type\":\"ImageObject\",\"inLanguage\":\"fr-FR\",\"@id\":\"https:\/\/www.zoohandel.ch\/fr\/#\/schema\/logo\/image\/\",\"url\":\"https:\/\/www.zoohandel.ch\/wp-content\/uploads\/zoohandel-ch.png\",\"contentUrl\":\"https:\/\/www.zoohandel.ch\/wp-content\/uploads\/zoohandel-ch.png\",\"width\":575,\"height\":171,\"caption\":\"zoohandel.ch\"},\"image\":{\"@id\":\"https:\/\/www.zoohandel.ch\/fr\/#\/schema\/logo\/image\/\"}}]}<\/script>\n<!-- \/ Yoast SEO plugin. -->","yoast_head_json":{"title":"Poussette, 47\u00d7100\u00d780cm, 4,9 kg, gris ->15kg - zoohandel.ch","robots":{"index":"index","follow":"follow","max-snippet":"max-snippet:-1","max-image-preview":"max-image-preview:large","max-video-preview":"max-video-preview:-1"},"canonical":"https:\/\/www.zoohandel.ch\/fr\/boutique\/chiens\/en-route\/poussettes\/poussette-47x100x80cm-49-kg-gris-15kg\/","og_locale":"fr_FR","og_type":"article","og_title":"Poussette, 47\u00d7100\u00d780cm, 4,9 kg, gris ->15kg - zoohandel.ch","og_description":"ec 4 roues pour plus de stabilit\u00e9 avec fonction pliage rapide pour chiens et chats \u00e2g\u00e9s, malades, craintifs ou tr\u00e8s jeunes m\u00e9canisme de fonctionnement \u00e0 une main avec deux freins d\u0092arr\u00eat grande ouverture arri\u00e8re pour faire entrer et sortir l","og_url":"https:\/\/www.zoohandel.ch\/fr\/boutique\/chiens\/en-route\/poussettes\/poussette-47x100x80cm-49-kg-gris-15kg\/","og_site_name":"zoohandel.ch","article_modified_time":"2026-04-25T23:55:34+00:00","og_image":[{"width":845,"height":1200,"url":"https:\/\/www.zoohandel.ch\/wp-content\/uploads\/2024\/04\/T28959_gr.jpg","type":"image\/jpeg"}],"twitter_card":"summary_large_image","schema":{"@context":"https:\/\/schema.org","@graph":[{"@type":"WebPage","@id":"https:\/\/www.zoohandel.ch\/fr\/boutique\/chiens\/en-route\/poussettes\/poussette-47x100x80cm-49-kg-gris-15kg\/","url":"https:\/\/www.zoohandel.ch\/fr\/boutique\/chiens\/en-route\/poussettes\/poussette-47x100x80cm-49-kg-gris-15kg\/","name":"Poussette, 47\u00d7100\u00d780cm, 4,9 kg, gris ->15kg - zoohandel.ch","isPartOf":{"@id":"https:\/\/www.zoohandel.ch\/fr\/#website"},"primaryImageOfPage":{"@id":"https:\/\/www.zoohandel.ch\/fr\/boutique\/chiens\/en-route\/poussettes\/poussette-47x100x80cm-49-kg-gris-15kg\/#primaryimage"},"image":{"@id":"https:\/\/www.zoohandel.ch\/fr\/boutique\/chiens\/en-route\/poussettes\/poussette-47x100x80cm-49-kg-gris-15kg\/#primaryimage"},"thumbnailUrl":"https:\/\/www.zoohandel.ch\/wp-content\/uploads\/2024\/04\/T28959_gr.jpg","datePublished":"2020-07-08T22:00:00+00:00","dateModified":"2026-04-25T23:55:34+00:00","breadcrumb":{"@id":"https:\/\/www.zoohandel.ch\/fr\/boutique\/chiens\/en-route\/poussettes\/poussette-47x100x80cm-49-kg-gris-15kg\/#breadcrumb"},"inLanguage":"fr-FR","potentialAction":[{"@type":"ReadAction","target":["https:\/\/www.zoohandel.ch\/fr\/boutique\/chiens\/en-route\/poussettes\/poussette-47x100x80cm-49-kg-gris-15kg\/"]}]},{"@type":"ImageObject","inLanguage":"fr-FR","@id":"https:\/\/www.zoohandel.ch\/fr\/boutique\/chiens\/en-route\/poussettes\/poussette-47x100x80cm-49-kg-gris-15kg\/#primaryimage","url":"https:\/\/www.zoohandel.ch\/wp-content\/uploads\/2024\/04\/T28959_gr.jpg","contentUrl":"https:\/\/www.zoohandel.ch\/wp-content\/uploads\/2024\/04\/T28959_gr.jpg","width":845,"height":1200},{"@type":"BreadcrumbList","@id":"https:\/\/www.zoohandel.ch\/fr\/boutique\/chiens\/en-route\/poussettes\/poussette-47x100x80cm-49-kg-gris-15kg\/#breadcrumb","itemListElement":[{"@type":"ListItem","position":1,"name":"Startseite","item":"https:\/\/www.zoohandel.ch\/fr\/"},{"@type":"ListItem","position":2,"name":"Boutique","item":"https:\/\/www.zoohandel.ch\/fr\/boutique\/"},{"@type":"ListItem","position":3,"name":"Poussette, 47\u00d7100\u00d780cm, 4,9 kg, gris ->15kg"}]},{"@type":"WebSite","@id":"https:\/\/www.zoohandel.ch\/fr\/#website","url":"https:\/\/www.zoohandel.ch\/fr\/","name":"zoohandel.ch","description":"Das Beste f\u00fcr Ihre Lieblinge","publisher":{"@id":"https:\/\/www.zoohandel.ch\/fr\/#organization"},"potentialAction":[{"@type":"SearchAction","target":{"@type":"EntryPoint","urlTemplate":"https:\/\/www.zoohandel.ch\/fr\/?s={search_term_string}"},"query-input":{"@type":"PropertyValueSpecification","valueRequired":true,"valueName":"search_term_string"}}],"inLanguage":"fr-FR"},{"@type":"Organization","@id":"https:\/\/www.zoohandel.ch\/fr\/#organization","name":"zoohandel.ch","url":"https:\/\/www.zoohandel.ch\/fr\/","logo":{"@type":"ImageObject","inLanguage":"fr-FR","@id":"https:\/\/www.zoohandel.ch\/fr\/#\/schema\/logo\/image\/","url":"https:\/\/www.zoohandel.ch\/wp-content\/uploads\/zoohandel-ch.png","contentUrl":"https:\/\/www.zoohandel.ch\/wp-content\/uploads\/zoohandel-ch.png","width":575,"height":171,"caption":"zoohandel.ch"},"image":{"@id":"https:\/\/www.zoohandel.ch\/fr\/#\/schema\/logo\/image\/"}}]}},"tiered_pricing_type":"fixed","tiered_pricing_fixed_rules":[],"tiered_pricing_product_settings":{"layout":"default","base_unit_name":{"singular":null,"plural":null},"default_variation":null},"tiered_pricing_minimum_quantity":null,"tiered_pricing_roles_data":[],"tiered_pricing_percentage_rules":[],"_links":{"self":[{"href":"https:\/\/www.zoohandel.ch\/fr\/wp-json\/wp\/v2\/product\/213811","targetHints":{"allow":["GET"]}}],"collection":[{"href":"https:\/\/www.zoohandel.ch\/fr\/wp-json\/wp\/v2\/product"}],"about":[{"href":"https:\/\/www.zoohandel.ch\/fr\/wp-json\/wp\/v2\/types\/product"}],"wp:featuredmedia":[{"embeddable":true,"href":"https:\/\/www.zoohandel.ch\/fr\/wp-json\/wp\/v2\/media\/533754"}],"wp:attachment":[{"href":"https:\/\/www.zoohandel.ch\/fr\/wp-json\/wp\/v2\/media?parent=213811"}],"wp:term":[{"taxonomy":"product_brand","embeddable":true,"href":"https:\/\/www.zoohandel.ch\/fr\/wp-json\/wp\/v2\/product_brand?post=213811"},{"taxonomy":"product_cat","embeddable":true,"href":"https:\/\/www.zoohandel.ch\/fr\/wp-json\/wp\/v2\/product_cat?post=213811"},{"taxonomy":"product_tag","embeddable":true,"href":"https:\/\/www.zoohandel.ch\/fr\/wp-json\/wp\/v2\/product_tag?post=213811"}],"curies":[{"name":"wp","href":"https:\/\/api.w.org\/{rel}","templated":true}]}}