{"id":214717,"date":"2013-12-12T00:00:00","date_gmt":"2013-12-11T23:00:00","guid":{"rendered":"https:\/\/www.alfauna.ch.vasco.sui-inter.net\/shop\/non%20class\u00e9\/agility-tunnel-nylonbleu-fonce5m\/"},"modified":"2026-04-26T01:58:28","modified_gmt":"2026-04-25T23:58:28","slug":"agility-tunnel-nylonbleu-fonce","status":"publish","type":"product","link":"https:\/\/www.zoohandel.ch\/fr\/boutique\/chiens\/education-et-sport\/agility-tunnel-nylonbleu-fonce\/","title":{"rendered":"Agility-tunnel, Nylon,bleu fonc\u00e9"},"content":{"rendered":"<p>convient \u00e0 une utilisation int\u00e9rieure et ext\u00e9rieure<br \/>\nparticuli\u00e8rement s\u00fbr gr\u00e2ce aux sacs pour tunnel<br \/>\npermet des multiples variantes de construction (par ex. forme U)<br \/>\navec sac transport<br \/>\nen polyester r\u00e9sistant<br \/>\navec instructions pour l&rsquo;entra\u00een<\/p>\n","protected":false},"excerpt":{"rendered":"<p>convient \u00e0 une utilisation int\u00e9rieure et ext\u00e9rieure particuli\u00e8rement s\u00fbr gr\u00e2ce aux sacs pour tunnel permet des multiples variantes de construction (par ex. forme U) avec sac transport en polyester r\u00e9sistant avec instructions pour l&rsquo;entra\u00een<\/p>\n","protected":false},"featured_media":535376,"template":"","meta":{"_acf_changed":false},"product_brand":[],"product_cat":[3094,3891],"product_tag":[],"class_list":{"0":"post-214717","1":"product","2":"type-product","3":"status-publish","4":"has-post-thumbnail","6":"product_cat-chiens","7":"product_cat-education-et-sport","9":"first","10":"instock","11":"taxable","12":"shipping-taxable","13":"purchasable","14":"product-type-simple"},"acf":[],"yoast_head":"<!-- This site is optimized with the Yoast SEO plugin v25.8 - https:\/\/yoast.com\/wordpress\/plugins\/seo\/ -->\n<title>Agility-tunnel, Nylon,bleu fonc\u00e9 - zoohandel.ch<\/title>\n<meta name=\"robots\" content=\"index, follow, max-snippet:-1, max-image-preview:large, max-video-preview:-1\" \/>\n<link rel=\"canonical\" href=\"https:\/\/www.zoohandel.ch\/fr\/boutique\/chiens\/education-et-sport\/agility-tunnel-nylonbleu-fonce\/\" \/>\n<meta property=\"og:locale\" content=\"fr_FR\" \/>\n<meta property=\"og:type\" content=\"article\" \/>\n<meta property=\"og:title\" content=\"Agility-tunnel, Nylon,bleu fonc\u00e9 - zoohandel.ch\" \/>\n<meta property=\"og:description\" content=\"convient \u00e0 une utilisation int\u00e9rieure et ext\u00e9rieure particuli\u00e8rement s\u00fbr gr\u00e2ce aux sacs pour tunnel permet des multiples variantes de construction (par ex. forme U) avec sac transport en polyester r\u00e9sistant avec instructions pour l&rsquo;entra\u00een\" \/>\n<meta property=\"og:url\" content=\"https:\/\/www.zoohandel.ch\/fr\/boutique\/chiens\/education-et-sport\/agility-tunnel-nylonbleu-fonce\/\" \/>\n<meta property=\"og:site_name\" content=\"zoohandel.ch\" \/>\n<meta property=\"article:modified_time\" content=\"2026-04-25T23:58:28+00:00\" \/>\n<meta property=\"og:image\" content=\"https:\/\/www.zoohandel.ch\/wp-content\/uploads\/2024\/04\/T3211_gr.jpg\" \/>\n\t<meta property=\"og:image:width\" content=\"1200\" \/>\n\t<meta property=\"og:image:height\" content=\"1200\" \/>\n\t<meta property=\"og:image:type\" content=\"image\/jpeg\" \/>\n<meta name=\"twitter:card\" content=\"summary_large_image\" \/>\n<script type=\"application\/ld+json\" class=\"yoast-schema-graph\">{\"@context\":\"https:\/\/schema.org\",\"@graph\":[{\"@type\":\"WebPage\",\"@id\":\"https:\/\/www.zoohandel.ch\/fr\/boutique\/chiens\/education-et-sport\/agility-tunnel-nylonbleu-fonce\/\",\"url\":\"https:\/\/www.zoohandel.ch\/fr\/boutique\/chiens\/education-et-sport\/agility-tunnel-nylonbleu-fonce\/\",\"name\":\"Agility-tunnel, Nylon,bleu fonc\u00e9 - zoohandel.ch\",\"isPartOf\":{\"@id\":\"https:\/\/www.zoohandel.ch\/fr\/#website\"},\"primaryImageOfPage\":{\"@id\":\"https:\/\/www.zoohandel.ch\/fr\/boutique\/chiens\/education-et-sport\/agility-tunnel-nylonbleu-fonce\/#primaryimage\"},\"image\":{\"@id\":\"https:\/\/www.zoohandel.ch\/fr\/boutique\/chiens\/education-et-sport\/agility-tunnel-nylonbleu-fonce\/#primaryimage\"},\"thumbnailUrl\":\"https:\/\/www.zoohandel.ch\/wp-content\/uploads\/2024\/04\/T3211_gr.jpg\",\"datePublished\":\"2013-12-11T23:00:00+00:00\",\"dateModified\":\"2026-04-25T23:58:28+00:00\",\"breadcrumb\":{\"@id\":\"https:\/\/www.zoohandel.ch\/fr\/boutique\/chiens\/education-et-sport\/agility-tunnel-nylonbleu-fonce\/#breadcrumb\"},\"inLanguage\":\"fr-FR\",\"potentialAction\":[{\"@type\":\"ReadAction\",\"target\":[\"https:\/\/www.zoohandel.ch\/fr\/boutique\/chiens\/education-et-sport\/agility-tunnel-nylonbleu-fonce\/\"]}]},{\"@type\":\"ImageObject\",\"inLanguage\":\"fr-FR\",\"@id\":\"https:\/\/www.zoohandel.ch\/fr\/boutique\/chiens\/education-et-sport\/agility-tunnel-nylonbleu-fonce\/#primaryimage\",\"url\":\"https:\/\/www.zoohandel.ch\/wp-content\/uploads\/2024\/04\/T3211_gr.jpg\",\"contentUrl\":\"https:\/\/www.zoohandel.ch\/wp-content\/uploads\/2024\/04\/T3211_gr.jpg\",\"width\":1200,\"height\":1200},{\"@type\":\"BreadcrumbList\",\"@id\":\"https:\/\/www.zoohandel.ch\/fr\/boutique\/chiens\/education-et-sport\/agility-tunnel-nylonbleu-fonce\/#breadcrumb\",\"itemListElement\":[{\"@type\":\"ListItem\",\"position\":1,\"name\":\"Startseite\",\"item\":\"https:\/\/www.zoohandel.ch\/fr\/\"},{\"@type\":\"ListItem\",\"position\":2,\"name\":\"Boutique\",\"item\":\"https:\/\/www.zoohandel.ch\/fr\/boutique\/\"},{\"@type\":\"ListItem\",\"position\":3,\"name\":\"Agility-tunnel, Nylon,bleu fonc\u00e9\"}]},{\"@type\":\"WebSite\",\"@id\":\"https:\/\/www.zoohandel.ch\/fr\/#website\",\"url\":\"https:\/\/www.zoohandel.ch\/fr\/\",\"name\":\"zoohandel.ch\",\"description\":\"Das Beste f\u00fcr Ihre Lieblinge\",\"publisher\":{\"@id\":\"https:\/\/www.zoohandel.ch\/fr\/#organization\"},\"potentialAction\":[{\"@type\":\"SearchAction\",\"target\":{\"@type\":\"EntryPoint\",\"urlTemplate\":\"https:\/\/www.zoohandel.ch\/fr\/?s={search_term_string}\"},\"query-input\":{\"@type\":\"PropertyValueSpecification\",\"valueRequired\":true,\"valueName\":\"search_term_string\"}}],\"inLanguage\":\"fr-FR\"},{\"@type\":\"Organization\",\"@id\":\"https:\/\/www.zoohandel.ch\/fr\/#organization\",\"name\":\"zoohandel.ch\",\"url\":\"https:\/\/www.zoohandel.ch\/fr\/\",\"logo\":{\"@type\":\"ImageObject\",\"inLanguage\":\"fr-FR\",\"@id\":\"https:\/\/www.zoohandel.ch\/fr\/#\/schema\/logo\/image\/\",\"url\":\"https:\/\/www.zoohandel.ch\/wp-content\/uploads\/zoohandel-ch.png\",\"contentUrl\":\"https:\/\/www.zoohandel.ch\/wp-content\/uploads\/zoohandel-ch.png\",\"width\":575,\"height\":171,\"caption\":\"zoohandel.ch\"},\"image\":{\"@id\":\"https:\/\/www.zoohandel.ch\/fr\/#\/schema\/logo\/image\/\"}}]}<\/script>\n<!-- \/ Yoast SEO plugin. -->","yoast_head_json":{"title":"Agility-tunnel, Nylon,bleu fonc\u00e9 - zoohandel.ch","robots":{"index":"index","follow":"follow","max-snippet":"max-snippet:-1","max-image-preview":"max-image-preview:large","max-video-preview":"max-video-preview:-1"},"canonical":"https:\/\/www.zoohandel.ch\/fr\/boutique\/chiens\/education-et-sport\/agility-tunnel-nylonbleu-fonce\/","og_locale":"fr_FR","og_type":"article","og_title":"Agility-tunnel, Nylon,bleu fonc\u00e9 - zoohandel.ch","og_description":"convient \u00e0 une utilisation int\u00e9rieure et ext\u00e9rieure particuli\u00e8rement s\u00fbr gr\u00e2ce aux sacs pour tunnel permet des multiples variantes de construction (par ex. forme U) avec sac transport en polyester r\u00e9sistant avec instructions pour l&rsquo;entra\u00een","og_url":"https:\/\/www.zoohandel.ch\/fr\/boutique\/chiens\/education-et-sport\/agility-tunnel-nylonbleu-fonce\/","og_site_name":"zoohandel.ch","article_modified_time":"2026-04-25T23:58:28+00:00","og_image":[{"width":1200,"height":1200,"url":"https:\/\/www.zoohandel.ch\/wp-content\/uploads\/2024\/04\/T3211_gr.jpg","type":"image\/jpeg"}],"twitter_card":"summary_large_image","schema":{"@context":"https:\/\/schema.org","@graph":[{"@type":"WebPage","@id":"https:\/\/www.zoohandel.ch\/fr\/boutique\/chiens\/education-et-sport\/agility-tunnel-nylonbleu-fonce\/","url":"https:\/\/www.zoohandel.ch\/fr\/boutique\/chiens\/education-et-sport\/agility-tunnel-nylonbleu-fonce\/","name":"Agility-tunnel, Nylon,bleu fonc\u00e9 - zoohandel.ch","isPartOf":{"@id":"https:\/\/www.zoohandel.ch\/fr\/#website"},"primaryImageOfPage":{"@id":"https:\/\/www.zoohandel.ch\/fr\/boutique\/chiens\/education-et-sport\/agility-tunnel-nylonbleu-fonce\/#primaryimage"},"image":{"@id":"https:\/\/www.zoohandel.ch\/fr\/boutique\/chiens\/education-et-sport\/agility-tunnel-nylonbleu-fonce\/#primaryimage"},"thumbnailUrl":"https:\/\/www.zoohandel.ch\/wp-content\/uploads\/2024\/04\/T3211_gr.jpg","datePublished":"2013-12-11T23:00:00+00:00","dateModified":"2026-04-25T23:58:28+00:00","breadcrumb":{"@id":"https:\/\/www.zoohandel.ch\/fr\/boutique\/chiens\/education-et-sport\/agility-tunnel-nylonbleu-fonce\/#breadcrumb"},"inLanguage":"fr-FR","potentialAction":[{"@type":"ReadAction","target":["https:\/\/www.zoohandel.ch\/fr\/boutique\/chiens\/education-et-sport\/agility-tunnel-nylonbleu-fonce\/"]}]},{"@type":"ImageObject","inLanguage":"fr-FR","@id":"https:\/\/www.zoohandel.ch\/fr\/boutique\/chiens\/education-et-sport\/agility-tunnel-nylonbleu-fonce\/#primaryimage","url":"https:\/\/www.zoohandel.ch\/wp-content\/uploads\/2024\/04\/T3211_gr.jpg","contentUrl":"https:\/\/www.zoohandel.ch\/wp-content\/uploads\/2024\/04\/T3211_gr.jpg","width":1200,"height":1200},{"@type":"BreadcrumbList","@id":"https:\/\/www.zoohandel.ch\/fr\/boutique\/chiens\/education-et-sport\/agility-tunnel-nylonbleu-fonce\/#breadcrumb","itemListElement":[{"@type":"ListItem","position":1,"name":"Startseite","item":"https:\/\/www.zoohandel.ch\/fr\/"},{"@type":"ListItem","position":2,"name":"Boutique","item":"https:\/\/www.zoohandel.ch\/fr\/boutique\/"},{"@type":"ListItem","position":3,"name":"Agility-tunnel, Nylon,bleu fonc\u00e9"}]},{"@type":"WebSite","@id":"https:\/\/www.zoohandel.ch\/fr\/#website","url":"https:\/\/www.zoohandel.ch\/fr\/","name":"zoohandel.ch","description":"Das Beste f\u00fcr Ihre Lieblinge","publisher":{"@id":"https:\/\/www.zoohandel.ch\/fr\/#organization"},"potentialAction":[{"@type":"SearchAction","target":{"@type":"EntryPoint","urlTemplate":"https:\/\/www.zoohandel.ch\/fr\/?s={search_term_string}"},"query-input":{"@type":"PropertyValueSpecification","valueRequired":true,"valueName":"search_term_string"}}],"inLanguage":"fr-FR"},{"@type":"Organization","@id":"https:\/\/www.zoohandel.ch\/fr\/#organization","name":"zoohandel.ch","url":"https:\/\/www.zoohandel.ch\/fr\/","logo":{"@type":"ImageObject","inLanguage":"fr-FR","@id":"https:\/\/www.zoohandel.ch\/fr\/#\/schema\/logo\/image\/","url":"https:\/\/www.zoohandel.ch\/wp-content\/uploads\/zoohandel-ch.png","contentUrl":"https:\/\/www.zoohandel.ch\/wp-content\/uploads\/zoohandel-ch.png","width":575,"height":171,"caption":"zoohandel.ch"},"image":{"@id":"https:\/\/www.zoohandel.ch\/fr\/#\/schema\/logo\/image\/"}}]}},"tiered_pricing_type":"fixed","tiered_pricing_fixed_rules":[],"tiered_pricing_product_settings":{"layout":"default","base_unit_name":{"singular":null,"plural":null},"default_variation":null},"tiered_pricing_minimum_quantity":null,"tiered_pricing_roles_data":[],"tiered_pricing_percentage_rules":[],"_links":{"self":[{"href":"https:\/\/www.zoohandel.ch\/fr\/wp-json\/wp\/v2\/product\/214717","targetHints":{"allow":["GET"]}}],"collection":[{"href":"https:\/\/www.zoohandel.ch\/fr\/wp-json\/wp\/v2\/product"}],"about":[{"href":"https:\/\/www.zoohandel.ch\/fr\/wp-json\/wp\/v2\/types\/product"}],"wp:featuredmedia":[{"embeddable":true,"href":"https:\/\/www.zoohandel.ch\/fr\/wp-json\/wp\/v2\/media\/535376"}],"wp:attachment":[{"href":"https:\/\/www.zoohandel.ch\/fr\/wp-json\/wp\/v2\/media?parent=214717"}],"wp:term":[{"taxonomy":"product_brand","embeddable":true,"href":"https:\/\/www.zoohandel.ch\/fr\/wp-json\/wp\/v2\/product_brand?post=214717"},{"taxonomy":"product_cat","embeddable":true,"href":"https:\/\/www.zoohandel.ch\/fr\/wp-json\/wp\/v2\/product_cat?post=214717"},{"taxonomy":"product_tag","embeddable":true,"href":"https:\/\/www.zoohandel.ch\/fr\/wp-json\/wp\/v2\/product_tag?post=214717"}],"curies":[{"name":"wp","href":"https:\/\/api.w.org\/{rel}","templated":true}]}}