{"id":215135,"date":"2013-12-12T00:00:00","date_gmt":"2013-12-11T23:00:00","guid":{"rendered":"https:\/\/www.alfauna.ch.vasco.sui-inter.net\/shop\/non%20class\u00e9\/dog-activity-dog-disc-resiste-aux-morsures\/"},"modified":"2026-04-17T06:05:04","modified_gmt":"2026-04-17T04:05:04","slug":"dog-activity-dog-disc-resiste-aux-morsures-oe19cm","status":"publish","type":"product","link":"https:\/\/www.zoohandel.ch\/fr\/boutique\/chiens\/jouets-chiens\/cordes-anneaux-os\/dog-activity-dog-disc-resiste-aux-morsures-oe19cm\/","title":{"rendered":"Dog Activity Dog Disc, r\u00e9siste aux morsures"},"content":{"rendered":"<p>en plastique robuste, souple et flexible<br \/>\napprouv\u00e9 pour les comp\u00e9titions AWI et UFO<br \/>\ncaract\u00e9ristiques de vol optimales<br \/>\nr\u00e9siste aux morsures et incassable<br \/>\ncon\u00e7u en collaboration avec la championne du monde de Disc Dogging Karin Actun<br \/>\navec ins<\/p>\n","protected":false},"excerpt":{"rendered":"<p>en plastique robuste, souple et flexible approuv\u00e9 pour les comp\u00e9titions AWI et UFO caract\u00e9ristiques de vol optimales r\u00e9siste aux morsures et incassable con\u00e7u en collaboration avec la championne du monde de Disc Dogging Karin Actun avec ins<\/p>\n","protected":false},"featured_media":536102,"template":"","meta":{"_acf_changed":false},"product_brand":[],"product_cat":[3094,3882,3891,3877],"product_tag":[],"class_list":{"0":"post-215135","1":"product","2":"type-product","3":"status-publish","4":"has-post-thumbnail","6":"product_cat-chiens","7":"product_cat-cordes-anneaux-os","8":"product_cat-education-et-sport","9":"product_cat-jouets-chiens","11":"first","12":"instock","13":"taxable","14":"shipping-taxable","15":"purchasable","16":"product-type-simple"},"acf":[],"yoast_head":"<!-- This site is optimized with the Yoast SEO plugin v25.8 - https:\/\/yoast.com\/wordpress\/plugins\/seo\/ -->\n<title>Dog Activity Dog Disc, r\u00e9siste aux morsures - zoohandel.ch<\/title>\n<meta name=\"robots\" content=\"index, follow, max-snippet:-1, max-image-preview:large, max-video-preview:-1\" \/>\n<link rel=\"canonical\" href=\"https:\/\/www.zoohandel.ch\/fr\/boutique\/chiens\/jouets-chiens\/cordes-anneaux-os\/dog-activity-dog-disc-resiste-aux-morsures-oe19cm\/\" \/>\n<meta property=\"og:locale\" content=\"fr_FR\" \/>\n<meta property=\"og:type\" content=\"article\" \/>\n<meta property=\"og:title\" content=\"Dog Activity Dog Disc, r\u00e9siste aux morsures - zoohandel.ch\" \/>\n<meta property=\"og:description\" content=\"en plastique robuste, souple et flexible approuv\u00e9 pour les comp\u00e9titions AWI et UFO caract\u00e9ristiques de vol optimales r\u00e9siste aux morsures et incassable con\u00e7u en collaboration avec la championne du monde de Disc Dogging Karin Actun avec ins\" \/>\n<meta property=\"og:url\" content=\"https:\/\/www.zoohandel.ch\/fr\/boutique\/chiens\/jouets-chiens\/cordes-anneaux-os\/dog-activity-dog-disc-resiste-aux-morsures-oe19cm\/\" \/>\n<meta property=\"og:site_name\" content=\"zoohandel.ch\" \/>\n<meta property=\"article:modified_time\" content=\"2026-04-17T04:05:04+00:00\" \/>\n<meta property=\"og:image\" content=\"https:\/\/www.zoohandel.ch\/wp-content\/uploads\/2024\/04\/T33561_gr.jpg\" \/>\n\t<meta property=\"og:image:width\" content=\"1600\" \/>\n\t<meta property=\"og:image:height\" content=\"1197\" \/>\n\t<meta property=\"og:image:type\" content=\"image\/jpeg\" \/>\n<meta name=\"twitter:card\" content=\"summary_large_image\" \/>\n<script type=\"application\/ld+json\" class=\"yoast-schema-graph\">{\"@context\":\"https:\/\/schema.org\",\"@graph\":[{\"@type\":\"WebPage\",\"@id\":\"https:\/\/www.zoohandel.ch\/fr\/boutique\/chiens\/jouets-chiens\/cordes-anneaux-os\/dog-activity-dog-disc-resiste-aux-morsures-oe19cm\/\",\"url\":\"https:\/\/www.zoohandel.ch\/fr\/boutique\/chiens\/jouets-chiens\/cordes-anneaux-os\/dog-activity-dog-disc-resiste-aux-morsures-oe19cm\/\",\"name\":\"Dog Activity Dog Disc, r\u00e9siste aux morsures - zoohandel.ch\",\"isPartOf\":{\"@id\":\"https:\/\/www.zoohandel.ch\/fr\/#website\"},\"primaryImageOfPage\":{\"@id\":\"https:\/\/www.zoohandel.ch\/fr\/boutique\/chiens\/jouets-chiens\/cordes-anneaux-os\/dog-activity-dog-disc-resiste-aux-morsures-oe19cm\/#primaryimage\"},\"image\":{\"@id\":\"https:\/\/www.zoohandel.ch\/fr\/boutique\/chiens\/jouets-chiens\/cordes-anneaux-os\/dog-activity-dog-disc-resiste-aux-morsures-oe19cm\/#primaryimage\"},\"thumbnailUrl\":\"https:\/\/www.zoohandel.ch\/wp-content\/uploads\/2024\/04\/T33561_gr.jpg\",\"datePublished\":\"2013-12-11T23:00:00+00:00\",\"dateModified\":\"2026-04-17T04:05:04+00:00\",\"breadcrumb\":{\"@id\":\"https:\/\/www.zoohandel.ch\/fr\/boutique\/chiens\/jouets-chiens\/cordes-anneaux-os\/dog-activity-dog-disc-resiste-aux-morsures-oe19cm\/#breadcrumb\"},\"inLanguage\":\"fr-FR\",\"potentialAction\":[{\"@type\":\"ReadAction\",\"target\":[\"https:\/\/www.zoohandel.ch\/fr\/boutique\/chiens\/jouets-chiens\/cordes-anneaux-os\/dog-activity-dog-disc-resiste-aux-morsures-oe19cm\/\"]}]},{\"@type\":\"ImageObject\",\"inLanguage\":\"fr-FR\",\"@id\":\"https:\/\/www.zoohandel.ch\/fr\/boutique\/chiens\/jouets-chiens\/cordes-anneaux-os\/dog-activity-dog-disc-resiste-aux-morsures-oe19cm\/#primaryimage\",\"url\":\"https:\/\/www.zoohandel.ch\/wp-content\/uploads\/2024\/04\/T33561_gr.jpg\",\"contentUrl\":\"https:\/\/www.zoohandel.ch\/wp-content\/uploads\/2024\/04\/T33561_gr.jpg\",\"width\":1600,\"height\":1197},{\"@type\":\"BreadcrumbList\",\"@id\":\"https:\/\/www.zoohandel.ch\/fr\/boutique\/chiens\/jouets-chiens\/cordes-anneaux-os\/dog-activity-dog-disc-resiste-aux-morsures-oe19cm\/#breadcrumb\",\"itemListElement\":[{\"@type\":\"ListItem\",\"position\":1,\"name\":\"Startseite\",\"item\":\"https:\/\/www.zoohandel.ch\/fr\/\"},{\"@type\":\"ListItem\",\"position\":2,\"name\":\"Boutique\",\"item\":\"https:\/\/www.zoohandel.ch\/fr\/boutique\/\"},{\"@type\":\"ListItem\",\"position\":3,\"name\":\"Dog Activity Dog Disc, r\u00e9siste aux morsures\"}]},{\"@type\":\"WebSite\",\"@id\":\"https:\/\/www.zoohandel.ch\/fr\/#website\",\"url\":\"https:\/\/www.zoohandel.ch\/fr\/\",\"name\":\"zoohandel.ch\",\"description\":\"Das Beste f\u00fcr Ihre Lieblinge\",\"publisher\":{\"@id\":\"https:\/\/www.zoohandel.ch\/fr\/#organization\"},\"potentialAction\":[{\"@type\":\"SearchAction\",\"target\":{\"@type\":\"EntryPoint\",\"urlTemplate\":\"https:\/\/www.zoohandel.ch\/fr\/?s={search_term_string}\"},\"query-input\":{\"@type\":\"PropertyValueSpecification\",\"valueRequired\":true,\"valueName\":\"search_term_string\"}}],\"inLanguage\":\"fr-FR\"},{\"@type\":\"Organization\",\"@id\":\"https:\/\/www.zoohandel.ch\/fr\/#organization\",\"name\":\"zoohandel.ch\",\"url\":\"https:\/\/www.zoohandel.ch\/fr\/\",\"logo\":{\"@type\":\"ImageObject\",\"inLanguage\":\"fr-FR\",\"@id\":\"https:\/\/www.zoohandel.ch\/fr\/#\/schema\/logo\/image\/\",\"url\":\"https:\/\/www.zoohandel.ch\/wp-content\/uploads\/zoohandel-ch.png\",\"contentUrl\":\"https:\/\/www.zoohandel.ch\/wp-content\/uploads\/zoohandel-ch.png\",\"width\":575,\"height\":171,\"caption\":\"zoohandel.ch\"},\"image\":{\"@id\":\"https:\/\/www.zoohandel.ch\/fr\/#\/schema\/logo\/image\/\"}}]}<\/script>\n<!-- \/ Yoast SEO plugin. -->","yoast_head_json":{"title":"Dog Activity Dog Disc, r\u00e9siste aux morsures - zoohandel.ch","robots":{"index":"index","follow":"follow","max-snippet":"max-snippet:-1","max-image-preview":"max-image-preview:large","max-video-preview":"max-video-preview:-1"},"canonical":"https:\/\/www.zoohandel.ch\/fr\/boutique\/chiens\/jouets-chiens\/cordes-anneaux-os\/dog-activity-dog-disc-resiste-aux-morsures-oe19cm\/","og_locale":"fr_FR","og_type":"article","og_title":"Dog Activity Dog Disc, r\u00e9siste aux morsures - zoohandel.ch","og_description":"en plastique robuste, souple et flexible approuv\u00e9 pour les comp\u00e9titions AWI et UFO caract\u00e9ristiques de vol optimales r\u00e9siste aux morsures et incassable con\u00e7u en collaboration avec la championne du monde de Disc Dogging Karin Actun avec ins","og_url":"https:\/\/www.zoohandel.ch\/fr\/boutique\/chiens\/jouets-chiens\/cordes-anneaux-os\/dog-activity-dog-disc-resiste-aux-morsures-oe19cm\/","og_site_name":"zoohandel.ch","article_modified_time":"2026-04-17T04:05:04+00:00","og_image":[{"width":1600,"height":1197,"url":"https:\/\/www.zoohandel.ch\/wp-content\/uploads\/2024\/04\/T33561_gr.jpg","type":"image\/jpeg"}],"twitter_card":"summary_large_image","schema":{"@context":"https:\/\/schema.org","@graph":[{"@type":"WebPage","@id":"https:\/\/www.zoohandel.ch\/fr\/boutique\/chiens\/jouets-chiens\/cordes-anneaux-os\/dog-activity-dog-disc-resiste-aux-morsures-oe19cm\/","url":"https:\/\/www.zoohandel.ch\/fr\/boutique\/chiens\/jouets-chiens\/cordes-anneaux-os\/dog-activity-dog-disc-resiste-aux-morsures-oe19cm\/","name":"Dog Activity Dog Disc, r\u00e9siste aux morsures - zoohandel.ch","isPartOf":{"@id":"https:\/\/www.zoohandel.ch\/fr\/#website"},"primaryImageOfPage":{"@id":"https:\/\/www.zoohandel.ch\/fr\/boutique\/chiens\/jouets-chiens\/cordes-anneaux-os\/dog-activity-dog-disc-resiste-aux-morsures-oe19cm\/#primaryimage"},"image":{"@id":"https:\/\/www.zoohandel.ch\/fr\/boutique\/chiens\/jouets-chiens\/cordes-anneaux-os\/dog-activity-dog-disc-resiste-aux-morsures-oe19cm\/#primaryimage"},"thumbnailUrl":"https:\/\/www.zoohandel.ch\/wp-content\/uploads\/2024\/04\/T33561_gr.jpg","datePublished":"2013-12-11T23:00:00+00:00","dateModified":"2026-04-17T04:05:04+00:00","breadcrumb":{"@id":"https:\/\/www.zoohandel.ch\/fr\/boutique\/chiens\/jouets-chiens\/cordes-anneaux-os\/dog-activity-dog-disc-resiste-aux-morsures-oe19cm\/#breadcrumb"},"inLanguage":"fr-FR","potentialAction":[{"@type":"ReadAction","target":["https:\/\/www.zoohandel.ch\/fr\/boutique\/chiens\/jouets-chiens\/cordes-anneaux-os\/dog-activity-dog-disc-resiste-aux-morsures-oe19cm\/"]}]},{"@type":"ImageObject","inLanguage":"fr-FR","@id":"https:\/\/www.zoohandel.ch\/fr\/boutique\/chiens\/jouets-chiens\/cordes-anneaux-os\/dog-activity-dog-disc-resiste-aux-morsures-oe19cm\/#primaryimage","url":"https:\/\/www.zoohandel.ch\/wp-content\/uploads\/2024\/04\/T33561_gr.jpg","contentUrl":"https:\/\/www.zoohandel.ch\/wp-content\/uploads\/2024\/04\/T33561_gr.jpg","width":1600,"height":1197},{"@type":"BreadcrumbList","@id":"https:\/\/www.zoohandel.ch\/fr\/boutique\/chiens\/jouets-chiens\/cordes-anneaux-os\/dog-activity-dog-disc-resiste-aux-morsures-oe19cm\/#breadcrumb","itemListElement":[{"@type":"ListItem","position":1,"name":"Startseite","item":"https:\/\/www.zoohandel.ch\/fr\/"},{"@type":"ListItem","position":2,"name":"Boutique","item":"https:\/\/www.zoohandel.ch\/fr\/boutique\/"},{"@type":"ListItem","position":3,"name":"Dog Activity Dog Disc, r\u00e9siste aux morsures"}]},{"@type":"WebSite","@id":"https:\/\/www.zoohandel.ch\/fr\/#website","url":"https:\/\/www.zoohandel.ch\/fr\/","name":"zoohandel.ch","description":"Das Beste f\u00fcr Ihre Lieblinge","publisher":{"@id":"https:\/\/www.zoohandel.ch\/fr\/#organization"},"potentialAction":[{"@type":"SearchAction","target":{"@type":"EntryPoint","urlTemplate":"https:\/\/www.zoohandel.ch\/fr\/?s={search_term_string}"},"query-input":{"@type":"PropertyValueSpecification","valueRequired":true,"valueName":"search_term_string"}}],"inLanguage":"fr-FR"},{"@type":"Organization","@id":"https:\/\/www.zoohandel.ch\/fr\/#organization","name":"zoohandel.ch","url":"https:\/\/www.zoohandel.ch\/fr\/","logo":{"@type":"ImageObject","inLanguage":"fr-FR","@id":"https:\/\/www.zoohandel.ch\/fr\/#\/schema\/logo\/image\/","url":"https:\/\/www.zoohandel.ch\/wp-content\/uploads\/zoohandel-ch.png","contentUrl":"https:\/\/www.zoohandel.ch\/wp-content\/uploads\/zoohandel-ch.png","width":575,"height":171,"caption":"zoohandel.ch"},"image":{"@id":"https:\/\/www.zoohandel.ch\/fr\/#\/schema\/logo\/image\/"}}]}},"tiered_pricing_type":"fixed","tiered_pricing_fixed_rules":[],"tiered_pricing_product_settings":{"layout":"default","base_unit_name":{"singular":null,"plural":null},"default_variation":null},"tiered_pricing_minimum_quantity":null,"tiered_pricing_roles_data":[],"tiered_pricing_percentage_rules":[],"_links":{"self":[{"href":"https:\/\/www.zoohandel.ch\/fr\/wp-json\/wp\/v2\/product\/215135","targetHints":{"allow":["GET"]}}],"collection":[{"href":"https:\/\/www.zoohandel.ch\/fr\/wp-json\/wp\/v2\/product"}],"about":[{"href":"https:\/\/www.zoohandel.ch\/fr\/wp-json\/wp\/v2\/types\/product"}],"wp:featuredmedia":[{"embeddable":true,"href":"https:\/\/www.zoohandel.ch\/fr\/wp-json\/wp\/v2\/media\/536102"}],"wp:attachment":[{"href":"https:\/\/www.zoohandel.ch\/fr\/wp-json\/wp\/v2\/media?parent=215135"}],"wp:term":[{"taxonomy":"product_brand","embeddable":true,"href":"https:\/\/www.zoohandel.ch\/fr\/wp-json\/wp\/v2\/product_brand?post=215135"},{"taxonomy":"product_cat","embeddable":true,"href":"https:\/\/www.zoohandel.ch\/fr\/wp-json\/wp\/v2\/product_cat?post=215135"},{"taxonomy":"product_tag","embeddable":true,"href":"https:\/\/www.zoohandel.ch\/fr\/wp-json\/wp\/v2\/product_tag?post=215135"}],"curies":[{"name":"wp","href":"https:\/\/api.w.org\/{rel}","templated":true}]}}