{"id":216075,"date":"2019-11-05T00:00:00","date_gmt":"2019-11-04T23:00:00","guid":{"rendered":"https:\/\/www.alfauna.ch.vasco.sui-inter.net\/shop\/non%20class\u00e9\/abri-douillet-kimy-72-x-40-x-40-cm-gris-clair\/"},"modified":"2026-04-19T03:15:05","modified_gmt":"2026-04-19T01:15:05","slug":"abri-douillet-kimy-72-x-40-x-40-cm-gris-clair","status":"publish","type":"product","link":"https:\/\/www.zoohandel.ch\/fr\/boutique\/chiens\/places-damarrage\/abri-douillet-kimy-72-x-40-x-40-cm-gris-clair\/","title":{"rendered":"Abri douillet Kimy, 72 \u00d7 40 \u00d7 40 cm, gris clair"},"content":{"rendered":"<p>ec espace de rangement<br \/>\nen tissu (polyester)<br \/>\nconvient aux petits chiens et chats lourds<br \/>\npliable<br \/>\ncouvercle rembourr\u00e9 amovible avec espace de rangement<br \/>\nabri douillet peut \u00eatre compl\u00e8tement ouvert par le haut au moyen des fermetures autoagrippa<\/p>\n","protected":false},"excerpt":{"rendered":"<p>ec espace de rangement en tissu (polyester) convient aux petits chiens et chats lourds pliable couvercle rembourr\u00e9 amovible avec espace de rangement abri douillet peut \u00eatre compl\u00e8tement ouvert par le haut au moyen des fermetures autoagrippa<\/p>\n","protected":false},"featured_media":537618,"template":"","meta":{"_acf_changed":false},"product_brand":[],"product_cat":[3094,3872],"product_tag":[],"class_list":{"0":"post-216075","1":"product","2":"type-product","3":"status-publish","4":"has-post-thumbnail","6":"product_cat-chiens","7":"product_cat-places-damarrage","9":"first","10":"instock","11":"taxable","12":"shipping-taxable","13":"purchasable","14":"product-type-simple"},"acf":[],"yoast_head":"<!-- This site is optimized with the Yoast SEO plugin v25.8 - https:\/\/yoast.com\/wordpress\/plugins\/seo\/ -->\n<title>Abri douillet Kimy, 72 \u00d7 40 \u00d7 40 cm, gris clair - zoohandel.ch<\/title>\n<meta name=\"robots\" content=\"index, follow, max-snippet:-1, max-image-preview:large, max-video-preview:-1\" \/>\n<link rel=\"canonical\" href=\"https:\/\/www.zoohandel.ch\/fr\/boutique\/chiens\/places-damarrage\/abri-douillet-kimy-72-x-40-x-40-cm-gris-clair\/\" \/>\n<meta property=\"og:locale\" content=\"fr_FR\" \/>\n<meta property=\"og:type\" content=\"article\" \/>\n<meta property=\"og:title\" content=\"Abri douillet Kimy, 72 \u00d7 40 \u00d7 40 cm, gris clair - zoohandel.ch\" \/>\n<meta property=\"og:description\" content=\"ec espace de rangement en tissu (polyester) convient aux petits chiens et chats lourds pliable couvercle rembourr\u00e9 amovible avec espace de rangement abri douillet peut \u00eatre compl\u00e8tement ouvert par le haut au moyen des fermetures autoagrippa\" \/>\n<meta property=\"og:url\" content=\"https:\/\/www.zoohandel.ch\/fr\/boutique\/chiens\/places-damarrage\/abri-douillet-kimy-72-x-40-x-40-cm-gris-clair\/\" \/>\n<meta property=\"og:site_name\" content=\"zoohandel.ch\" \/>\n<meta property=\"article:modified_time\" content=\"2026-04-19T01:15:05+00:00\" \/>\n<meta property=\"og:image\" content=\"https:\/\/www.zoohandel.ch\/wp-content\/uploads\/2024\/04\/T36315_gr.jpg\" \/>\n\t<meta property=\"og:image:width\" content=\"1600\" \/>\n\t<meta property=\"og:image:height\" content=\"976\" \/>\n\t<meta property=\"og:image:type\" content=\"image\/jpeg\" \/>\n<meta name=\"twitter:card\" content=\"summary_large_image\" \/>\n<script type=\"application\/ld+json\" class=\"yoast-schema-graph\">{\"@context\":\"https:\/\/schema.org\",\"@graph\":[{\"@type\":\"WebPage\",\"@id\":\"https:\/\/www.zoohandel.ch\/fr\/boutique\/chiens\/places-damarrage\/abri-douillet-kimy-72-x-40-x-40-cm-gris-clair\/\",\"url\":\"https:\/\/www.zoohandel.ch\/fr\/boutique\/chiens\/places-damarrage\/abri-douillet-kimy-72-x-40-x-40-cm-gris-clair\/\",\"name\":\"Abri douillet Kimy, 72 \u00d7 40 \u00d7 40 cm, gris clair - zoohandel.ch\",\"isPartOf\":{\"@id\":\"https:\/\/www.zoohandel.ch\/fr\/#website\"},\"primaryImageOfPage\":{\"@id\":\"https:\/\/www.zoohandel.ch\/fr\/boutique\/chiens\/places-damarrage\/abri-douillet-kimy-72-x-40-x-40-cm-gris-clair\/#primaryimage\"},\"image\":{\"@id\":\"https:\/\/www.zoohandel.ch\/fr\/boutique\/chiens\/places-damarrage\/abri-douillet-kimy-72-x-40-x-40-cm-gris-clair\/#primaryimage\"},\"thumbnailUrl\":\"https:\/\/www.zoohandel.ch\/wp-content\/uploads\/2024\/04\/T36315_gr.jpg\",\"datePublished\":\"2019-11-04T23:00:00+00:00\",\"dateModified\":\"2026-04-19T01:15:05+00:00\",\"breadcrumb\":{\"@id\":\"https:\/\/www.zoohandel.ch\/fr\/boutique\/chiens\/places-damarrage\/abri-douillet-kimy-72-x-40-x-40-cm-gris-clair\/#breadcrumb\"},\"inLanguage\":\"fr-FR\",\"potentialAction\":[{\"@type\":\"ReadAction\",\"target\":[\"https:\/\/www.zoohandel.ch\/fr\/boutique\/chiens\/places-damarrage\/abri-douillet-kimy-72-x-40-x-40-cm-gris-clair\/\"]}]},{\"@type\":\"ImageObject\",\"inLanguage\":\"fr-FR\",\"@id\":\"https:\/\/www.zoohandel.ch\/fr\/boutique\/chiens\/places-damarrage\/abri-douillet-kimy-72-x-40-x-40-cm-gris-clair\/#primaryimage\",\"url\":\"https:\/\/www.zoohandel.ch\/wp-content\/uploads\/2024\/04\/T36315_gr.jpg\",\"contentUrl\":\"https:\/\/www.zoohandel.ch\/wp-content\/uploads\/2024\/04\/T36315_gr.jpg\",\"width\":1600,\"height\":976},{\"@type\":\"BreadcrumbList\",\"@id\":\"https:\/\/www.zoohandel.ch\/fr\/boutique\/chiens\/places-damarrage\/abri-douillet-kimy-72-x-40-x-40-cm-gris-clair\/#breadcrumb\",\"itemListElement\":[{\"@type\":\"ListItem\",\"position\":1,\"name\":\"Startseite\",\"item\":\"https:\/\/www.zoohandel.ch\/fr\/\"},{\"@type\":\"ListItem\",\"position\":2,\"name\":\"Boutique\",\"item\":\"https:\/\/www.zoohandel.ch\/fr\/boutique\/\"},{\"@type\":\"ListItem\",\"position\":3,\"name\":\"Abri douillet Kimy, 72 \u00d7 40 \u00d7 40 cm, gris clair\"}]},{\"@type\":\"WebSite\",\"@id\":\"https:\/\/www.zoohandel.ch\/fr\/#website\",\"url\":\"https:\/\/www.zoohandel.ch\/fr\/\",\"name\":\"zoohandel.ch\",\"description\":\"Das Beste f\u00fcr Ihre Lieblinge\",\"publisher\":{\"@id\":\"https:\/\/www.zoohandel.ch\/fr\/#organization\"},\"potentialAction\":[{\"@type\":\"SearchAction\",\"target\":{\"@type\":\"EntryPoint\",\"urlTemplate\":\"https:\/\/www.zoohandel.ch\/fr\/?s={search_term_string}\"},\"query-input\":{\"@type\":\"PropertyValueSpecification\",\"valueRequired\":true,\"valueName\":\"search_term_string\"}}],\"inLanguage\":\"fr-FR\"},{\"@type\":\"Organization\",\"@id\":\"https:\/\/www.zoohandel.ch\/fr\/#organization\",\"name\":\"zoohandel.ch\",\"url\":\"https:\/\/www.zoohandel.ch\/fr\/\",\"logo\":{\"@type\":\"ImageObject\",\"inLanguage\":\"fr-FR\",\"@id\":\"https:\/\/www.zoohandel.ch\/fr\/#\/schema\/logo\/image\/\",\"url\":\"https:\/\/www.zoohandel.ch\/wp-content\/uploads\/zoohandel-ch.png\",\"contentUrl\":\"https:\/\/www.zoohandel.ch\/wp-content\/uploads\/zoohandel-ch.png\",\"width\":575,\"height\":171,\"caption\":\"zoohandel.ch\"},\"image\":{\"@id\":\"https:\/\/www.zoohandel.ch\/fr\/#\/schema\/logo\/image\/\"}}]}<\/script>\n<!-- \/ Yoast SEO plugin. -->","yoast_head_json":{"title":"Abri douillet Kimy, 72 \u00d7 40 \u00d7 40 cm, gris clair - zoohandel.ch","robots":{"index":"index","follow":"follow","max-snippet":"max-snippet:-1","max-image-preview":"max-image-preview:large","max-video-preview":"max-video-preview:-1"},"canonical":"https:\/\/www.zoohandel.ch\/fr\/boutique\/chiens\/places-damarrage\/abri-douillet-kimy-72-x-40-x-40-cm-gris-clair\/","og_locale":"fr_FR","og_type":"article","og_title":"Abri douillet Kimy, 72 \u00d7 40 \u00d7 40 cm, gris clair - zoohandel.ch","og_description":"ec espace de rangement en tissu (polyester) convient aux petits chiens et chats lourds pliable couvercle rembourr\u00e9 amovible avec espace de rangement abri douillet peut \u00eatre compl\u00e8tement ouvert par le haut au moyen des fermetures autoagrippa","og_url":"https:\/\/www.zoohandel.ch\/fr\/boutique\/chiens\/places-damarrage\/abri-douillet-kimy-72-x-40-x-40-cm-gris-clair\/","og_site_name":"zoohandel.ch","article_modified_time":"2026-04-19T01:15:05+00:00","og_image":[{"width":1600,"height":976,"url":"https:\/\/www.zoohandel.ch\/wp-content\/uploads\/2024\/04\/T36315_gr.jpg","type":"image\/jpeg"}],"twitter_card":"summary_large_image","schema":{"@context":"https:\/\/schema.org","@graph":[{"@type":"WebPage","@id":"https:\/\/www.zoohandel.ch\/fr\/boutique\/chiens\/places-damarrage\/abri-douillet-kimy-72-x-40-x-40-cm-gris-clair\/","url":"https:\/\/www.zoohandel.ch\/fr\/boutique\/chiens\/places-damarrage\/abri-douillet-kimy-72-x-40-x-40-cm-gris-clair\/","name":"Abri douillet Kimy, 72 \u00d7 40 \u00d7 40 cm, gris clair - zoohandel.ch","isPartOf":{"@id":"https:\/\/www.zoohandel.ch\/fr\/#website"},"primaryImageOfPage":{"@id":"https:\/\/www.zoohandel.ch\/fr\/boutique\/chiens\/places-damarrage\/abri-douillet-kimy-72-x-40-x-40-cm-gris-clair\/#primaryimage"},"image":{"@id":"https:\/\/www.zoohandel.ch\/fr\/boutique\/chiens\/places-damarrage\/abri-douillet-kimy-72-x-40-x-40-cm-gris-clair\/#primaryimage"},"thumbnailUrl":"https:\/\/www.zoohandel.ch\/wp-content\/uploads\/2024\/04\/T36315_gr.jpg","datePublished":"2019-11-04T23:00:00+00:00","dateModified":"2026-04-19T01:15:05+00:00","breadcrumb":{"@id":"https:\/\/www.zoohandel.ch\/fr\/boutique\/chiens\/places-damarrage\/abri-douillet-kimy-72-x-40-x-40-cm-gris-clair\/#breadcrumb"},"inLanguage":"fr-FR","potentialAction":[{"@type":"ReadAction","target":["https:\/\/www.zoohandel.ch\/fr\/boutique\/chiens\/places-damarrage\/abri-douillet-kimy-72-x-40-x-40-cm-gris-clair\/"]}]},{"@type":"ImageObject","inLanguage":"fr-FR","@id":"https:\/\/www.zoohandel.ch\/fr\/boutique\/chiens\/places-damarrage\/abri-douillet-kimy-72-x-40-x-40-cm-gris-clair\/#primaryimage","url":"https:\/\/www.zoohandel.ch\/wp-content\/uploads\/2024\/04\/T36315_gr.jpg","contentUrl":"https:\/\/www.zoohandel.ch\/wp-content\/uploads\/2024\/04\/T36315_gr.jpg","width":1600,"height":976},{"@type":"BreadcrumbList","@id":"https:\/\/www.zoohandel.ch\/fr\/boutique\/chiens\/places-damarrage\/abri-douillet-kimy-72-x-40-x-40-cm-gris-clair\/#breadcrumb","itemListElement":[{"@type":"ListItem","position":1,"name":"Startseite","item":"https:\/\/www.zoohandel.ch\/fr\/"},{"@type":"ListItem","position":2,"name":"Boutique","item":"https:\/\/www.zoohandel.ch\/fr\/boutique\/"},{"@type":"ListItem","position":3,"name":"Abri douillet Kimy, 72 \u00d7 40 \u00d7 40 cm, gris clair"}]},{"@type":"WebSite","@id":"https:\/\/www.zoohandel.ch\/fr\/#website","url":"https:\/\/www.zoohandel.ch\/fr\/","name":"zoohandel.ch","description":"Das Beste f\u00fcr Ihre Lieblinge","publisher":{"@id":"https:\/\/www.zoohandel.ch\/fr\/#organization"},"potentialAction":[{"@type":"SearchAction","target":{"@type":"EntryPoint","urlTemplate":"https:\/\/www.zoohandel.ch\/fr\/?s={search_term_string}"},"query-input":{"@type":"PropertyValueSpecification","valueRequired":true,"valueName":"search_term_string"}}],"inLanguage":"fr-FR"},{"@type":"Organization","@id":"https:\/\/www.zoohandel.ch\/fr\/#organization","name":"zoohandel.ch","url":"https:\/\/www.zoohandel.ch\/fr\/","logo":{"@type":"ImageObject","inLanguage":"fr-FR","@id":"https:\/\/www.zoohandel.ch\/fr\/#\/schema\/logo\/image\/","url":"https:\/\/www.zoohandel.ch\/wp-content\/uploads\/zoohandel-ch.png","contentUrl":"https:\/\/www.zoohandel.ch\/wp-content\/uploads\/zoohandel-ch.png","width":575,"height":171,"caption":"zoohandel.ch"},"image":{"@id":"https:\/\/www.zoohandel.ch\/fr\/#\/schema\/logo\/image\/"}}]}},"tiered_pricing_type":"fixed","tiered_pricing_fixed_rules":[],"tiered_pricing_product_settings":{"layout":"default","base_unit_name":{"singular":null,"plural":null},"default_variation":null},"tiered_pricing_minimum_quantity":null,"tiered_pricing_roles_data":[],"tiered_pricing_percentage_rules":[],"_links":{"self":[{"href":"https:\/\/www.zoohandel.ch\/fr\/wp-json\/wp\/v2\/product\/216075","targetHints":{"allow":["GET"]}}],"collection":[{"href":"https:\/\/www.zoohandel.ch\/fr\/wp-json\/wp\/v2\/product"}],"about":[{"href":"https:\/\/www.zoohandel.ch\/fr\/wp-json\/wp\/v2\/types\/product"}],"wp:featuredmedia":[{"embeddable":true,"href":"https:\/\/www.zoohandel.ch\/fr\/wp-json\/wp\/v2\/media\/537618"}],"wp:attachment":[{"href":"https:\/\/www.zoohandel.ch\/fr\/wp-json\/wp\/v2\/media?parent=216075"}],"wp:term":[{"taxonomy":"product_brand","embeddable":true,"href":"https:\/\/www.zoohandel.ch\/fr\/wp-json\/wp\/v2\/product_brand?post=216075"},{"taxonomy":"product_cat","embeddable":true,"href":"https:\/\/www.zoohandel.ch\/fr\/wp-json\/wp\/v2\/product_cat?post=216075"},{"taxonomy":"product_tag","embeddable":true,"href":"https:\/\/www.zoohandel.ch\/fr\/wp-json\/wp\/v2\/product_tag?post=216075"}],"curies":[{"name":"wp","href":"https:\/\/api.w.org\/{rel}","templated":true}]}}