{"id":218017,"date":"2020-07-09T00:00:00","date_gmt":"2020-07-08T22:00:00","guid":{"rendered":"https:\/\/www.alfauna.ch.vasco.sui-inter.net\/shop\/non%20class\u00e9\/be-eco-box-de-transport-giona-4-s-m-50x51x70cm-anthracite\/"},"modified":"2026-04-27T06:01:51","modified_gmt":"2026-04-27T04:01:51","slug":"be-eco-box-de-transport-giona-s-m-50x51x70cm-anthrazit-grau-gruen","status":"publish","type":"product","link":"https:\/\/www.zoohandel.ch\/fr\/boutique\/chiens\/en-route\/caisses-sacs-de-transport\/be-eco-box-de-transport-giona-s-m-50x51x70cm-anthrazit-grau-gruen\/","title":{"rendered":"Be Eco box de transport Giona"},"content":{"rendered":"<p>t IATA inclus<br \/>\ntr\u00e8s durable gr\u00e2ce au plastique recycl\u00e9<br \/>\naccept\u00e9 par la plupart des compagnies a\u00e9riennes<br \/>\nporte en m\u00e9tal avec fermetures \u00e0 clic verrouillable<br \/>\navec poign\u00e9e de traction<br \/>\nRoulettes disponibles s\u00e9parement (art. 39899)<br \/>\ncouleur : ant<\/p>\n","protected":false},"excerpt":{"rendered":"<p>t IATA inclus tr\u00e8s durable gr\u00e2ce au plastique recycl\u00e9 accept\u00e9 par la plupart des compagnies a\u00e9riennes porte en m\u00e9tal avec fermetures \u00e0 clic verrouillable avec poign\u00e9e de traction Roulettes disponibles s\u00e9parement (art. 39899) couleur : ant<\/p>\n","protected":false},"featured_media":542382,"template":"","meta":{"_acf_changed":false},"product_brand":[],"product_cat":[3885,3475,3094,3884,3911],"product_tag":[],"class_list":{"0":"post-218017","1":"product","2":"type-product","3":"status-publish","4":"has-post-thumbnail","6":"product_cat-caisses-sacs-de-transport","7":"product_cat-chats","8":"product_cat-chiens","9":"product_cat-en-route","10":"product_cat-paniers-de-transport-chatieres","12":"first","13":"outofstock","14":"taxable","15":"shipping-taxable","16":"purchasable","17":"product-type-simple"},"acf":[],"yoast_head":"<!-- This site is optimized with the Yoast SEO plugin v25.8 - https:\/\/yoast.com\/wordpress\/plugins\/seo\/ -->\n<title>Be Eco box de transport Giona - zoohandel.ch<\/title>\n<meta name=\"robots\" content=\"index, follow, max-snippet:-1, max-image-preview:large, max-video-preview:-1\" \/>\n<link rel=\"canonical\" href=\"https:\/\/www.zoohandel.ch\/fr\/boutique\/chiens\/en-route\/caisses-sacs-de-transport\/be-eco-box-de-transport-giona-s-m-50x51x70cm-anthrazit-grau-gruen\/\" \/>\n<meta property=\"og:locale\" content=\"fr_FR\" \/>\n<meta property=\"og:type\" content=\"article\" \/>\n<meta property=\"og:title\" content=\"Be Eco box de transport Giona - zoohandel.ch\" \/>\n<meta property=\"og:description\" content=\"t IATA inclus tr\u00e8s durable gr\u00e2ce au plastique recycl\u00e9 accept\u00e9 par la plupart des compagnies a\u00e9riennes porte en m\u00e9tal avec fermetures \u00e0 clic verrouillable avec poign\u00e9e de traction Roulettes disponibles s\u00e9parement (art. 39899) couleur : ant\" \/>\n<meta property=\"og:url\" content=\"https:\/\/www.zoohandel.ch\/fr\/boutique\/chiens\/en-route\/caisses-sacs-de-transport\/be-eco-box-de-transport-giona-s-m-50x51x70cm-anthrazit-grau-gruen\/\" \/>\n<meta property=\"og:site_name\" content=\"zoohandel.ch\" \/>\n<meta property=\"article:modified_time\" content=\"2026-04-27T04:01:51+00:00\" \/>\n<meta property=\"og:image\" content=\"https:\/\/www.zoohandel.ch\/wp-content\/uploads\/2024\/04\/T39892_gr.jpg\" \/>\n\t<meta property=\"og:image:width\" content=\"1264\" \/>\n\t<meta property=\"og:image:height\" content=\"1200\" \/>\n\t<meta property=\"og:image:type\" content=\"image\/jpeg\" \/>\n<meta name=\"twitter:card\" content=\"summary_large_image\" \/>\n<script type=\"application\/ld+json\" class=\"yoast-schema-graph\">{\"@context\":\"https:\/\/schema.org\",\"@graph\":[{\"@type\":\"WebPage\",\"@id\":\"https:\/\/www.zoohandel.ch\/fr\/boutique\/chiens\/en-route\/caisses-sacs-de-transport\/be-eco-box-de-transport-giona-s-m-50x51x70cm-anthrazit-grau-gruen\/\",\"url\":\"https:\/\/www.zoohandel.ch\/fr\/boutique\/chiens\/en-route\/caisses-sacs-de-transport\/be-eco-box-de-transport-giona-s-m-50x51x70cm-anthrazit-grau-gruen\/\",\"name\":\"Be Eco box de transport Giona - zoohandel.ch\",\"isPartOf\":{\"@id\":\"https:\/\/www.zoohandel.ch\/fr\/#website\"},\"primaryImageOfPage\":{\"@id\":\"https:\/\/www.zoohandel.ch\/fr\/boutique\/chiens\/en-route\/caisses-sacs-de-transport\/be-eco-box-de-transport-giona-s-m-50x51x70cm-anthrazit-grau-gruen\/#primaryimage\"},\"image\":{\"@id\":\"https:\/\/www.zoohandel.ch\/fr\/boutique\/chiens\/en-route\/caisses-sacs-de-transport\/be-eco-box-de-transport-giona-s-m-50x51x70cm-anthrazit-grau-gruen\/#primaryimage\"},\"thumbnailUrl\":\"https:\/\/www.zoohandel.ch\/wp-content\/uploads\/2024\/04\/T39892_gr.jpg\",\"datePublished\":\"2020-07-08T22:00:00+00:00\",\"dateModified\":\"2026-04-27T04:01:51+00:00\",\"breadcrumb\":{\"@id\":\"https:\/\/www.zoohandel.ch\/fr\/boutique\/chiens\/en-route\/caisses-sacs-de-transport\/be-eco-box-de-transport-giona-s-m-50x51x70cm-anthrazit-grau-gruen\/#breadcrumb\"},\"inLanguage\":\"fr-FR\",\"potentialAction\":[{\"@type\":\"ReadAction\",\"target\":[\"https:\/\/www.zoohandel.ch\/fr\/boutique\/chiens\/en-route\/caisses-sacs-de-transport\/be-eco-box-de-transport-giona-s-m-50x51x70cm-anthrazit-grau-gruen\/\"]}]},{\"@type\":\"ImageObject\",\"inLanguage\":\"fr-FR\",\"@id\":\"https:\/\/www.zoohandel.ch\/fr\/boutique\/chiens\/en-route\/caisses-sacs-de-transport\/be-eco-box-de-transport-giona-s-m-50x51x70cm-anthrazit-grau-gruen\/#primaryimage\",\"url\":\"https:\/\/www.zoohandel.ch\/wp-content\/uploads\/2024\/04\/T39892_gr.jpg\",\"contentUrl\":\"https:\/\/www.zoohandel.ch\/wp-content\/uploads\/2024\/04\/T39892_gr.jpg\",\"width\":1264,\"height\":1200},{\"@type\":\"BreadcrumbList\",\"@id\":\"https:\/\/www.zoohandel.ch\/fr\/boutique\/chiens\/en-route\/caisses-sacs-de-transport\/be-eco-box-de-transport-giona-s-m-50x51x70cm-anthrazit-grau-gruen\/#breadcrumb\",\"itemListElement\":[{\"@type\":\"ListItem\",\"position\":1,\"name\":\"Startseite\",\"item\":\"https:\/\/www.zoohandel.ch\/fr\/\"},{\"@type\":\"ListItem\",\"position\":2,\"name\":\"Boutique\",\"item\":\"https:\/\/www.zoohandel.ch\/fr\/boutique\/\"},{\"@type\":\"ListItem\",\"position\":3,\"name\":\"Be Eco box de transport Giona\"}]},{\"@type\":\"WebSite\",\"@id\":\"https:\/\/www.zoohandel.ch\/fr\/#website\",\"url\":\"https:\/\/www.zoohandel.ch\/fr\/\",\"name\":\"zoohandel.ch\",\"description\":\"Das Beste f\u00fcr Ihre Lieblinge\",\"publisher\":{\"@id\":\"https:\/\/www.zoohandel.ch\/fr\/#organization\"},\"potentialAction\":[{\"@type\":\"SearchAction\",\"target\":{\"@type\":\"EntryPoint\",\"urlTemplate\":\"https:\/\/www.zoohandel.ch\/fr\/?s={search_term_string}\"},\"query-input\":{\"@type\":\"PropertyValueSpecification\",\"valueRequired\":true,\"valueName\":\"search_term_string\"}}],\"inLanguage\":\"fr-FR\"},{\"@type\":\"Organization\",\"@id\":\"https:\/\/www.zoohandel.ch\/fr\/#organization\",\"name\":\"zoohandel.ch\",\"url\":\"https:\/\/www.zoohandel.ch\/fr\/\",\"logo\":{\"@type\":\"ImageObject\",\"inLanguage\":\"fr-FR\",\"@id\":\"https:\/\/www.zoohandel.ch\/fr\/#\/schema\/logo\/image\/\",\"url\":\"https:\/\/www.zoohandel.ch\/wp-content\/uploads\/zoohandel-ch.png\",\"contentUrl\":\"https:\/\/www.zoohandel.ch\/wp-content\/uploads\/zoohandel-ch.png\",\"width\":575,\"height\":171,\"caption\":\"zoohandel.ch\"},\"image\":{\"@id\":\"https:\/\/www.zoohandel.ch\/fr\/#\/schema\/logo\/image\/\"}}]}<\/script>\n<!-- \/ Yoast SEO plugin. -->","yoast_head_json":{"title":"Be Eco box de transport Giona - zoohandel.ch","robots":{"index":"index","follow":"follow","max-snippet":"max-snippet:-1","max-image-preview":"max-image-preview:large","max-video-preview":"max-video-preview:-1"},"canonical":"https:\/\/www.zoohandel.ch\/fr\/boutique\/chiens\/en-route\/caisses-sacs-de-transport\/be-eco-box-de-transport-giona-s-m-50x51x70cm-anthrazit-grau-gruen\/","og_locale":"fr_FR","og_type":"article","og_title":"Be Eco box de transport Giona - zoohandel.ch","og_description":"t IATA inclus tr\u00e8s durable gr\u00e2ce au plastique recycl\u00e9 accept\u00e9 par la plupart des compagnies a\u00e9riennes porte en m\u00e9tal avec fermetures \u00e0 clic verrouillable avec poign\u00e9e de traction Roulettes disponibles s\u00e9parement (art. 39899) couleur : ant","og_url":"https:\/\/www.zoohandel.ch\/fr\/boutique\/chiens\/en-route\/caisses-sacs-de-transport\/be-eco-box-de-transport-giona-s-m-50x51x70cm-anthrazit-grau-gruen\/","og_site_name":"zoohandel.ch","article_modified_time":"2026-04-27T04:01:51+00:00","og_image":[{"width":1264,"height":1200,"url":"https:\/\/www.zoohandel.ch\/wp-content\/uploads\/2024\/04\/T39892_gr.jpg","type":"image\/jpeg"}],"twitter_card":"summary_large_image","schema":{"@context":"https:\/\/schema.org","@graph":[{"@type":"WebPage","@id":"https:\/\/www.zoohandel.ch\/fr\/boutique\/chiens\/en-route\/caisses-sacs-de-transport\/be-eco-box-de-transport-giona-s-m-50x51x70cm-anthrazit-grau-gruen\/","url":"https:\/\/www.zoohandel.ch\/fr\/boutique\/chiens\/en-route\/caisses-sacs-de-transport\/be-eco-box-de-transport-giona-s-m-50x51x70cm-anthrazit-grau-gruen\/","name":"Be Eco box de transport Giona - zoohandel.ch","isPartOf":{"@id":"https:\/\/www.zoohandel.ch\/fr\/#website"},"primaryImageOfPage":{"@id":"https:\/\/www.zoohandel.ch\/fr\/boutique\/chiens\/en-route\/caisses-sacs-de-transport\/be-eco-box-de-transport-giona-s-m-50x51x70cm-anthrazit-grau-gruen\/#primaryimage"},"image":{"@id":"https:\/\/www.zoohandel.ch\/fr\/boutique\/chiens\/en-route\/caisses-sacs-de-transport\/be-eco-box-de-transport-giona-s-m-50x51x70cm-anthrazit-grau-gruen\/#primaryimage"},"thumbnailUrl":"https:\/\/www.zoohandel.ch\/wp-content\/uploads\/2024\/04\/T39892_gr.jpg","datePublished":"2020-07-08T22:00:00+00:00","dateModified":"2026-04-27T04:01:51+00:00","breadcrumb":{"@id":"https:\/\/www.zoohandel.ch\/fr\/boutique\/chiens\/en-route\/caisses-sacs-de-transport\/be-eco-box-de-transport-giona-s-m-50x51x70cm-anthrazit-grau-gruen\/#breadcrumb"},"inLanguage":"fr-FR","potentialAction":[{"@type":"ReadAction","target":["https:\/\/www.zoohandel.ch\/fr\/boutique\/chiens\/en-route\/caisses-sacs-de-transport\/be-eco-box-de-transport-giona-s-m-50x51x70cm-anthrazit-grau-gruen\/"]}]},{"@type":"ImageObject","inLanguage":"fr-FR","@id":"https:\/\/www.zoohandel.ch\/fr\/boutique\/chiens\/en-route\/caisses-sacs-de-transport\/be-eco-box-de-transport-giona-s-m-50x51x70cm-anthrazit-grau-gruen\/#primaryimage","url":"https:\/\/www.zoohandel.ch\/wp-content\/uploads\/2024\/04\/T39892_gr.jpg","contentUrl":"https:\/\/www.zoohandel.ch\/wp-content\/uploads\/2024\/04\/T39892_gr.jpg","width":1264,"height":1200},{"@type":"BreadcrumbList","@id":"https:\/\/www.zoohandel.ch\/fr\/boutique\/chiens\/en-route\/caisses-sacs-de-transport\/be-eco-box-de-transport-giona-s-m-50x51x70cm-anthrazit-grau-gruen\/#breadcrumb","itemListElement":[{"@type":"ListItem","position":1,"name":"Startseite","item":"https:\/\/www.zoohandel.ch\/fr\/"},{"@type":"ListItem","position":2,"name":"Boutique","item":"https:\/\/www.zoohandel.ch\/fr\/boutique\/"},{"@type":"ListItem","position":3,"name":"Be Eco box de transport Giona"}]},{"@type":"WebSite","@id":"https:\/\/www.zoohandel.ch\/fr\/#website","url":"https:\/\/www.zoohandel.ch\/fr\/","name":"zoohandel.ch","description":"Das Beste f\u00fcr Ihre Lieblinge","publisher":{"@id":"https:\/\/www.zoohandel.ch\/fr\/#organization"},"potentialAction":[{"@type":"SearchAction","target":{"@type":"EntryPoint","urlTemplate":"https:\/\/www.zoohandel.ch\/fr\/?s={search_term_string}"},"query-input":{"@type":"PropertyValueSpecification","valueRequired":true,"valueName":"search_term_string"}}],"inLanguage":"fr-FR"},{"@type":"Organization","@id":"https:\/\/www.zoohandel.ch\/fr\/#organization","name":"zoohandel.ch","url":"https:\/\/www.zoohandel.ch\/fr\/","logo":{"@type":"ImageObject","inLanguage":"fr-FR","@id":"https:\/\/www.zoohandel.ch\/fr\/#\/schema\/logo\/image\/","url":"https:\/\/www.zoohandel.ch\/wp-content\/uploads\/zoohandel-ch.png","contentUrl":"https:\/\/www.zoohandel.ch\/wp-content\/uploads\/zoohandel-ch.png","width":575,"height":171,"caption":"zoohandel.ch"},"image":{"@id":"https:\/\/www.zoohandel.ch\/fr\/#\/schema\/logo\/image\/"}}]}},"tiered_pricing_type":"fixed","tiered_pricing_fixed_rules":[],"tiered_pricing_product_settings":{"layout":"default","base_unit_name":{"singular":null,"plural":null},"default_variation":null},"tiered_pricing_minimum_quantity":null,"tiered_pricing_roles_data":[],"tiered_pricing_percentage_rules":[],"_links":{"self":[{"href":"https:\/\/www.zoohandel.ch\/fr\/wp-json\/wp\/v2\/product\/218017","targetHints":{"allow":["GET"]}}],"collection":[{"href":"https:\/\/www.zoohandel.ch\/fr\/wp-json\/wp\/v2\/product"}],"about":[{"href":"https:\/\/www.zoohandel.ch\/fr\/wp-json\/wp\/v2\/types\/product"}],"wp:featuredmedia":[{"embeddable":true,"href":"https:\/\/www.zoohandel.ch\/fr\/wp-json\/wp\/v2\/media\/542382"}],"wp:attachment":[{"href":"https:\/\/www.zoohandel.ch\/fr\/wp-json\/wp\/v2\/media?parent=218017"}],"wp:term":[{"taxonomy":"product_brand","embeddable":true,"href":"https:\/\/www.zoohandel.ch\/fr\/wp-json\/wp\/v2\/product_brand?post=218017"},{"taxonomy":"product_cat","embeddable":true,"href":"https:\/\/www.zoohandel.ch\/fr\/wp-json\/wp\/v2\/product_cat?post=218017"},{"taxonomy":"product_tag","embeddable":true,"href":"https:\/\/www.zoohandel.ch\/fr\/wp-json\/wp\/v2\/product_tag?post=218017"}],"curies":[{"name":"wp","href":"https:\/\/api.w.org\/{rel}","templated":true}]}}