{"id":219704,"date":"2013-12-12T00:00:00","date_gmt":"2013-12-11T23:00:00","guid":{"rendered":"https:\/\/www.alfauna.ch.vasco.sui-inter.net\/shop\/non%20class\u00e9\/perrchoir-cotton-37cm\/"},"modified":"2026-04-17T06:03:32","modified_gmt":"2026-04-17T04:03:32","slug":"perchoir-en-corde-flexible-avec-fixation-par-vis-37cm-oe-16mm","status":"publish","type":"product","link":"https:\/\/www.zoohandel.ch\/fr\/boutique\/oiseaux-3\/jouets-oiseaux-3\/perchoir-en-corde-flexible-avec-fixation-par-vis-37cm-oe-16mm\/","title":{"rendered":"Perchoir en corde, flexible, avec fixation par vis"},"content":{"rendered":"<p>pour une vari\u00e9t\u00e9 de formes<br \/>\n\u00e0 fixer dans toutes les positions<br \/>\navec vis de fixation<br \/>\nen pur coton<br \/>\nart. 5160: bleu\/vert, 5161: bleu\/multicolore, 5162: bleu clair\/multicolore<\/p>\n","protected":false},"excerpt":{"rendered":"<p>pour une vari\u00e9t\u00e9 de formes \u00e0 fixer dans toutes les positions avec vis de fixation en pur coton art. 5160: bleu\/vert, 5161: bleu\/multicolore, 5162: bleu clair\/multicolore<\/p>\n","protected":false},"featured_media":569395,"template":"","meta":{"_acf_changed":false},"product_brand":[],"product_cat":[3863,3086],"product_tag":[],"class_list":{"0":"post-219704","1":"product","2":"type-product","3":"status-publish","4":"has-post-thumbnail","6":"product_cat-jouets-oiseaux-3","7":"product_cat-oiseaux-3","9":"first","10":"instock","11":"taxable","12":"shipping-taxable","13":"purchasable","14":"product-type-simple"},"acf":[],"yoast_head":"<!-- This site is optimized with the Yoast SEO plugin v25.8 - https:\/\/yoast.com\/wordpress\/plugins\/seo\/ -->\n<title>Perchoir en corde, flexible, avec fixation par vis - zoohandel.ch<\/title>\n<meta name=\"robots\" content=\"index, follow, max-snippet:-1, max-image-preview:large, max-video-preview:-1\" \/>\n<link rel=\"canonical\" href=\"https:\/\/www.zoohandel.ch\/fr\/boutique\/oiseaux-3\/jouets-oiseaux-3\/perchoir-en-corde-flexible-avec-fixation-par-vis-37cm-oe-16mm\/\" \/>\n<meta property=\"og:locale\" content=\"fr_FR\" \/>\n<meta property=\"og:type\" content=\"article\" \/>\n<meta property=\"og:title\" content=\"Perchoir en corde, flexible, avec fixation par vis - zoohandel.ch\" \/>\n<meta property=\"og:description\" content=\"pour une vari\u00e9t\u00e9 de formes \u00e0 fixer dans toutes les positions avec vis de fixation en pur coton art. 5160: bleu\/vert, 5161: bleu\/multicolore, 5162: bleu clair\/multicolore\" \/>\n<meta property=\"og:url\" content=\"https:\/\/www.zoohandel.ch\/fr\/boutique\/oiseaux-3\/jouets-oiseaux-3\/perchoir-en-corde-flexible-avec-fixation-par-vis-37cm-oe-16mm\/\" \/>\n<meta property=\"og:site_name\" content=\"zoohandel.ch\" \/>\n<meta property=\"article:modified_time\" content=\"2026-04-17T04:03:32+00:00\" \/>\n<meta property=\"og:image\" content=\"https:\/\/www.zoohandel.ch\/wp-content\/uploads\/2026\/01\/T5160_gr.jpg\" \/>\n\t<meta property=\"og:image:width\" content=\"1883\" \/>\n\t<meta property=\"og:image:height\" content=\"2000\" \/>\n\t<meta property=\"og:image:type\" content=\"image\/jpeg\" \/>\n<meta name=\"twitter:card\" content=\"summary_large_image\" \/>\n<script type=\"application\/ld+json\" class=\"yoast-schema-graph\">{\"@context\":\"https:\/\/schema.org\",\"@graph\":[{\"@type\":\"WebPage\",\"@id\":\"https:\/\/www.zoohandel.ch\/fr\/boutique\/oiseaux-3\/jouets-oiseaux-3\/perchoir-en-corde-flexible-avec-fixation-par-vis-37cm-oe-16mm\/\",\"url\":\"https:\/\/www.zoohandel.ch\/fr\/boutique\/oiseaux-3\/jouets-oiseaux-3\/perchoir-en-corde-flexible-avec-fixation-par-vis-37cm-oe-16mm\/\",\"name\":\"Perchoir en corde, flexible, avec fixation par vis - zoohandel.ch\",\"isPartOf\":{\"@id\":\"https:\/\/www.zoohandel.ch\/fr\/#website\"},\"primaryImageOfPage\":{\"@id\":\"https:\/\/www.zoohandel.ch\/fr\/boutique\/oiseaux-3\/jouets-oiseaux-3\/perchoir-en-corde-flexible-avec-fixation-par-vis-37cm-oe-16mm\/#primaryimage\"},\"image\":{\"@id\":\"https:\/\/www.zoohandel.ch\/fr\/boutique\/oiseaux-3\/jouets-oiseaux-3\/perchoir-en-corde-flexible-avec-fixation-par-vis-37cm-oe-16mm\/#primaryimage\"},\"thumbnailUrl\":\"https:\/\/www.zoohandel.ch\/wp-content\/uploads\/2026\/01\/T5160_gr.jpg\",\"datePublished\":\"2013-12-11T23:00:00+00:00\",\"dateModified\":\"2026-04-17T04:03:32+00:00\",\"breadcrumb\":{\"@id\":\"https:\/\/www.zoohandel.ch\/fr\/boutique\/oiseaux-3\/jouets-oiseaux-3\/perchoir-en-corde-flexible-avec-fixation-par-vis-37cm-oe-16mm\/#breadcrumb\"},\"inLanguage\":\"fr-FR\",\"potentialAction\":[{\"@type\":\"ReadAction\",\"target\":[\"https:\/\/www.zoohandel.ch\/fr\/boutique\/oiseaux-3\/jouets-oiseaux-3\/perchoir-en-corde-flexible-avec-fixation-par-vis-37cm-oe-16mm\/\"]}]},{\"@type\":\"ImageObject\",\"inLanguage\":\"fr-FR\",\"@id\":\"https:\/\/www.zoohandel.ch\/fr\/boutique\/oiseaux-3\/jouets-oiseaux-3\/perchoir-en-corde-flexible-avec-fixation-par-vis-37cm-oe-16mm\/#primaryimage\",\"url\":\"https:\/\/www.zoohandel.ch\/wp-content\/uploads\/2026\/01\/T5160_gr.jpg\",\"contentUrl\":\"https:\/\/www.zoohandel.ch\/wp-content\/uploads\/2026\/01\/T5160_gr.jpg\",\"width\":1883,\"height\":2000},{\"@type\":\"BreadcrumbList\",\"@id\":\"https:\/\/www.zoohandel.ch\/fr\/boutique\/oiseaux-3\/jouets-oiseaux-3\/perchoir-en-corde-flexible-avec-fixation-par-vis-37cm-oe-16mm\/#breadcrumb\",\"itemListElement\":[{\"@type\":\"ListItem\",\"position\":1,\"name\":\"Startseite\",\"item\":\"https:\/\/www.zoohandel.ch\/fr\/\"},{\"@type\":\"ListItem\",\"position\":2,\"name\":\"Boutique\",\"item\":\"https:\/\/www.zoohandel.ch\/fr\/boutique\/\"},{\"@type\":\"ListItem\",\"position\":3,\"name\":\"Perchoir en corde, flexible, avec fixation par vis\"}]},{\"@type\":\"WebSite\",\"@id\":\"https:\/\/www.zoohandel.ch\/fr\/#website\",\"url\":\"https:\/\/www.zoohandel.ch\/fr\/\",\"name\":\"zoohandel.ch\",\"description\":\"Das Beste f\u00fcr Ihre Lieblinge\",\"publisher\":{\"@id\":\"https:\/\/www.zoohandel.ch\/fr\/#organization\"},\"potentialAction\":[{\"@type\":\"SearchAction\",\"target\":{\"@type\":\"EntryPoint\",\"urlTemplate\":\"https:\/\/www.zoohandel.ch\/fr\/?s={search_term_string}\"},\"query-input\":{\"@type\":\"PropertyValueSpecification\",\"valueRequired\":true,\"valueName\":\"search_term_string\"}}],\"inLanguage\":\"fr-FR\"},{\"@type\":\"Organization\",\"@id\":\"https:\/\/www.zoohandel.ch\/fr\/#organization\",\"name\":\"zoohandel.ch\",\"url\":\"https:\/\/www.zoohandel.ch\/fr\/\",\"logo\":{\"@type\":\"ImageObject\",\"inLanguage\":\"fr-FR\",\"@id\":\"https:\/\/www.zoohandel.ch\/fr\/#\/schema\/logo\/image\/\",\"url\":\"https:\/\/www.zoohandel.ch\/wp-content\/uploads\/zoohandel-ch.png\",\"contentUrl\":\"https:\/\/www.zoohandel.ch\/wp-content\/uploads\/zoohandel-ch.png\",\"width\":575,\"height\":171,\"caption\":\"zoohandel.ch\"},\"image\":{\"@id\":\"https:\/\/www.zoohandel.ch\/fr\/#\/schema\/logo\/image\/\"}}]}<\/script>\n<!-- \/ Yoast SEO plugin. -->","yoast_head_json":{"title":"Perchoir en corde, flexible, avec fixation par vis - zoohandel.ch","robots":{"index":"index","follow":"follow","max-snippet":"max-snippet:-1","max-image-preview":"max-image-preview:large","max-video-preview":"max-video-preview:-1"},"canonical":"https:\/\/www.zoohandel.ch\/fr\/boutique\/oiseaux-3\/jouets-oiseaux-3\/perchoir-en-corde-flexible-avec-fixation-par-vis-37cm-oe-16mm\/","og_locale":"fr_FR","og_type":"article","og_title":"Perchoir en corde, flexible, avec fixation par vis - zoohandel.ch","og_description":"pour une vari\u00e9t\u00e9 de formes \u00e0 fixer dans toutes les positions avec vis de fixation en pur coton art. 5160: bleu\/vert, 5161: bleu\/multicolore, 5162: bleu clair\/multicolore","og_url":"https:\/\/www.zoohandel.ch\/fr\/boutique\/oiseaux-3\/jouets-oiseaux-3\/perchoir-en-corde-flexible-avec-fixation-par-vis-37cm-oe-16mm\/","og_site_name":"zoohandel.ch","article_modified_time":"2026-04-17T04:03:32+00:00","og_image":[{"width":1883,"height":2000,"url":"https:\/\/www.zoohandel.ch\/wp-content\/uploads\/2026\/01\/T5160_gr.jpg","type":"image\/jpeg"}],"twitter_card":"summary_large_image","schema":{"@context":"https:\/\/schema.org","@graph":[{"@type":"WebPage","@id":"https:\/\/www.zoohandel.ch\/fr\/boutique\/oiseaux-3\/jouets-oiseaux-3\/perchoir-en-corde-flexible-avec-fixation-par-vis-37cm-oe-16mm\/","url":"https:\/\/www.zoohandel.ch\/fr\/boutique\/oiseaux-3\/jouets-oiseaux-3\/perchoir-en-corde-flexible-avec-fixation-par-vis-37cm-oe-16mm\/","name":"Perchoir en corde, flexible, avec fixation par vis - zoohandel.ch","isPartOf":{"@id":"https:\/\/www.zoohandel.ch\/fr\/#website"},"primaryImageOfPage":{"@id":"https:\/\/www.zoohandel.ch\/fr\/boutique\/oiseaux-3\/jouets-oiseaux-3\/perchoir-en-corde-flexible-avec-fixation-par-vis-37cm-oe-16mm\/#primaryimage"},"image":{"@id":"https:\/\/www.zoohandel.ch\/fr\/boutique\/oiseaux-3\/jouets-oiseaux-3\/perchoir-en-corde-flexible-avec-fixation-par-vis-37cm-oe-16mm\/#primaryimage"},"thumbnailUrl":"https:\/\/www.zoohandel.ch\/wp-content\/uploads\/2026\/01\/T5160_gr.jpg","datePublished":"2013-12-11T23:00:00+00:00","dateModified":"2026-04-17T04:03:32+00:00","breadcrumb":{"@id":"https:\/\/www.zoohandel.ch\/fr\/boutique\/oiseaux-3\/jouets-oiseaux-3\/perchoir-en-corde-flexible-avec-fixation-par-vis-37cm-oe-16mm\/#breadcrumb"},"inLanguage":"fr-FR","potentialAction":[{"@type":"ReadAction","target":["https:\/\/www.zoohandel.ch\/fr\/boutique\/oiseaux-3\/jouets-oiseaux-3\/perchoir-en-corde-flexible-avec-fixation-par-vis-37cm-oe-16mm\/"]}]},{"@type":"ImageObject","inLanguage":"fr-FR","@id":"https:\/\/www.zoohandel.ch\/fr\/boutique\/oiseaux-3\/jouets-oiseaux-3\/perchoir-en-corde-flexible-avec-fixation-par-vis-37cm-oe-16mm\/#primaryimage","url":"https:\/\/www.zoohandel.ch\/wp-content\/uploads\/2026\/01\/T5160_gr.jpg","contentUrl":"https:\/\/www.zoohandel.ch\/wp-content\/uploads\/2026\/01\/T5160_gr.jpg","width":1883,"height":2000},{"@type":"BreadcrumbList","@id":"https:\/\/www.zoohandel.ch\/fr\/boutique\/oiseaux-3\/jouets-oiseaux-3\/perchoir-en-corde-flexible-avec-fixation-par-vis-37cm-oe-16mm\/#breadcrumb","itemListElement":[{"@type":"ListItem","position":1,"name":"Startseite","item":"https:\/\/www.zoohandel.ch\/fr\/"},{"@type":"ListItem","position":2,"name":"Boutique","item":"https:\/\/www.zoohandel.ch\/fr\/boutique\/"},{"@type":"ListItem","position":3,"name":"Perchoir en corde, flexible, avec fixation par vis"}]},{"@type":"WebSite","@id":"https:\/\/www.zoohandel.ch\/fr\/#website","url":"https:\/\/www.zoohandel.ch\/fr\/","name":"zoohandel.ch","description":"Das Beste f\u00fcr Ihre Lieblinge","publisher":{"@id":"https:\/\/www.zoohandel.ch\/fr\/#organization"},"potentialAction":[{"@type":"SearchAction","target":{"@type":"EntryPoint","urlTemplate":"https:\/\/www.zoohandel.ch\/fr\/?s={search_term_string}"},"query-input":{"@type":"PropertyValueSpecification","valueRequired":true,"valueName":"search_term_string"}}],"inLanguage":"fr-FR"},{"@type":"Organization","@id":"https:\/\/www.zoohandel.ch\/fr\/#organization","name":"zoohandel.ch","url":"https:\/\/www.zoohandel.ch\/fr\/","logo":{"@type":"ImageObject","inLanguage":"fr-FR","@id":"https:\/\/www.zoohandel.ch\/fr\/#\/schema\/logo\/image\/","url":"https:\/\/www.zoohandel.ch\/wp-content\/uploads\/zoohandel-ch.png","contentUrl":"https:\/\/www.zoohandel.ch\/wp-content\/uploads\/zoohandel-ch.png","width":575,"height":171,"caption":"zoohandel.ch"},"image":{"@id":"https:\/\/www.zoohandel.ch\/fr\/#\/schema\/logo\/image\/"}}]}},"tiered_pricing_type":"fixed","tiered_pricing_fixed_rules":[],"tiered_pricing_product_settings":{"layout":"default","base_unit_name":{"singular":null,"plural":null},"default_variation":null},"tiered_pricing_minimum_quantity":null,"tiered_pricing_roles_data":[],"tiered_pricing_percentage_rules":[],"_links":{"self":[{"href":"https:\/\/www.zoohandel.ch\/fr\/wp-json\/wp\/v2\/product\/219704","targetHints":{"allow":["GET"]}}],"collection":[{"href":"https:\/\/www.zoohandel.ch\/fr\/wp-json\/wp\/v2\/product"}],"about":[{"href":"https:\/\/www.zoohandel.ch\/fr\/wp-json\/wp\/v2\/types\/product"}],"wp:featuredmedia":[{"embeddable":true,"href":"https:\/\/www.zoohandel.ch\/fr\/wp-json\/wp\/v2\/media\/569395"}],"wp:attachment":[{"href":"https:\/\/www.zoohandel.ch\/fr\/wp-json\/wp\/v2\/media?parent=219704"}],"wp:term":[{"taxonomy":"product_brand","embeddable":true,"href":"https:\/\/www.zoohandel.ch\/fr\/wp-json\/wp\/v2\/product_brand?post=219704"},{"taxonomy":"product_cat","embeddable":true,"href":"https:\/\/www.zoohandel.ch\/fr\/wp-json\/wp\/v2\/product_cat?post=219704"},{"taxonomy":"product_tag","embeddable":true,"href":"https:\/\/www.zoohandel.ch\/fr\/wp-json\/wp\/v2\/product_tag?post=219704"}],"curies":[{"name":"wp","href":"https:\/\/api.w.org\/{rel}","templated":true}]}}