{"id":220717,"date":"2021-06-04T00:00:00","date_gmt":"2021-06-03T22:00:00","guid":{"rendered":"https:\/\/www.alfauna.ch.vasco.sui-inter.net\/shop\/non%20class\u00e9\/be-nordic-impermeable-husum-xs-25cm-bleu-fonce\/"},"modified":"2026-04-17T05:56:19","modified_gmt":"2026-04-17T03:56:19","slug":"be-nordic-impermeable-husum-xs-25cm-bleu-fonce-xs-25cm","status":"publish","type":"product","link":"https:\/\/www.zoohandel.ch\/fr\/boutique\/chiens\/mode-canine\/be-nordic-impermeable-husum-xs-25cm-bleu-fonce-xs-25cm\/","title":{"rendered":"BE NORDIC imperm\u00e9able Husum, XS: 25cm, bleu fonc\u00e9"},"content":{"rendered":"<p>en polyur\u00e9thane\/polyester<br \/>\navec deux fermetures \u00e9clair \u00e9tanches pour attacher la laisse ou le harnais<br \/>\nprot\u00e8ge du vent<br \/>\n\u00e9l\u00e9ments r\u00e9fl\u00e9chissants<br \/>\ncol tr\u00e8s haut avec cordon de serrage<br \/>\nsangle ventrale avec boucle, r\u00e9glable en continu<br \/>\nattaches r\u00e9glables pour les pattes arri\u00e8res<br \/>\ndoublure facile d&rsquo;entretien<\/p>\n","protected":false},"excerpt":{"rendered":"<p>en polyur\u00e9thane\/polyester avec deux fermetures \u00e9clair \u00e9tanches pour attacher la laisse ou le harnais prot\u00e8ge du vent \u00e9l\u00e9ments r\u00e9fl\u00e9chissants col tr\u00e8s haut avec cordon de serrage sangle ventrale avec boucle, r\u00e9glable en continu attaches r\u00e9glables pour les pattes arri\u00e8res doublure facile d&rsquo;entretien<\/p>\n","protected":false},"featured_media":497695,"template":"","meta":{"_acf_changed":false},"product_brand":[],"product_cat":[3094,3896],"product_tag":[],"class_list":{"0":"post-220717","1":"product","2":"type-product","3":"status-publish","4":"has-post-thumbnail","6":"product_cat-chiens","7":"product_cat-mode-canine","9":"first","10":"instock","11":"taxable","12":"shipping-taxable","13":"purchasable","14":"product-type-simple"},"acf":[],"yoast_head":"<!-- This site is optimized with the Yoast SEO plugin v25.8 - https:\/\/yoast.com\/wordpress\/plugins\/seo\/ -->\n<title>BE NORDIC imperm\u00e9able Husum, XS: 25cm, bleu fonc\u00e9 - zoohandel.ch<\/title>\n<meta name=\"robots\" content=\"index, follow, max-snippet:-1, max-image-preview:large, max-video-preview:-1\" \/>\n<link rel=\"canonical\" href=\"https:\/\/www.zoohandel.ch\/fr\/boutique\/chiens\/mode-canine\/be-nordic-impermeable-husum-xs-25cm-bleu-fonce-xs-25cm\/\" \/>\n<meta property=\"og:locale\" content=\"fr_FR\" \/>\n<meta property=\"og:type\" content=\"article\" \/>\n<meta property=\"og:title\" content=\"BE NORDIC imperm\u00e9able Husum, XS: 25cm, bleu fonc\u00e9 - zoohandel.ch\" \/>\n<meta property=\"og:description\" content=\"en polyur\u00e9thane\/polyester avec deux fermetures \u00e9clair \u00e9tanches pour attacher la laisse ou le harnais prot\u00e8ge du vent \u00e9l\u00e9ments r\u00e9fl\u00e9chissants col tr\u00e8s haut avec cordon de serrage sangle ventrale avec boucle, r\u00e9glable en continu attaches r\u00e9glables pour les pattes arri\u00e8res doublure facile d&rsquo;entretien\" \/>\n<meta property=\"og:url\" content=\"https:\/\/www.zoohandel.ch\/fr\/boutique\/chiens\/mode-canine\/be-nordic-impermeable-husum-xs-25cm-bleu-fonce-xs-25cm\/\" \/>\n<meta property=\"og:site_name\" content=\"zoohandel.ch\" \/>\n<meta property=\"article:modified_time\" content=\"2026-04-17T03:56:19+00:00\" \/>\n<meta property=\"og:image\" content=\"https:\/\/www.zoohandel.ch\/wp-content\/uploads\/2024\/03\/T680210_gr.jpg\" \/>\n\t<meta property=\"og:image:width\" content=\"1600\" \/>\n\t<meta property=\"og:image:height\" content=\"972\" \/>\n\t<meta property=\"og:image:type\" content=\"image\/jpeg\" \/>\n<meta name=\"twitter:card\" content=\"summary_large_image\" \/>\n<script type=\"application\/ld+json\" class=\"yoast-schema-graph\">{\"@context\":\"https:\/\/schema.org\",\"@graph\":[{\"@type\":\"WebPage\",\"@id\":\"https:\/\/www.zoohandel.ch\/fr\/boutique\/chiens\/mode-canine\/be-nordic-impermeable-husum-xs-25cm-bleu-fonce-xs-25cm\/\",\"url\":\"https:\/\/www.zoohandel.ch\/fr\/boutique\/chiens\/mode-canine\/be-nordic-impermeable-husum-xs-25cm-bleu-fonce-xs-25cm\/\",\"name\":\"BE NORDIC imperm\u00e9able Husum, XS: 25cm, bleu fonc\u00e9 - zoohandel.ch\",\"isPartOf\":{\"@id\":\"https:\/\/www.zoohandel.ch\/fr\/#website\"},\"primaryImageOfPage\":{\"@id\":\"https:\/\/www.zoohandel.ch\/fr\/boutique\/chiens\/mode-canine\/be-nordic-impermeable-husum-xs-25cm-bleu-fonce-xs-25cm\/#primaryimage\"},\"image\":{\"@id\":\"https:\/\/www.zoohandel.ch\/fr\/boutique\/chiens\/mode-canine\/be-nordic-impermeable-husum-xs-25cm-bleu-fonce-xs-25cm\/#primaryimage\"},\"thumbnailUrl\":\"https:\/\/www.zoohandel.ch\/wp-content\/uploads\/2024\/03\/T680210_gr.jpg\",\"datePublished\":\"2021-06-03T22:00:00+00:00\",\"dateModified\":\"2026-04-17T03:56:19+00:00\",\"breadcrumb\":{\"@id\":\"https:\/\/www.zoohandel.ch\/fr\/boutique\/chiens\/mode-canine\/be-nordic-impermeable-husum-xs-25cm-bleu-fonce-xs-25cm\/#breadcrumb\"},\"inLanguage\":\"fr-FR\",\"potentialAction\":[{\"@type\":\"ReadAction\",\"target\":[\"https:\/\/www.zoohandel.ch\/fr\/boutique\/chiens\/mode-canine\/be-nordic-impermeable-husum-xs-25cm-bleu-fonce-xs-25cm\/\"]}]},{\"@type\":\"ImageObject\",\"inLanguage\":\"fr-FR\",\"@id\":\"https:\/\/www.zoohandel.ch\/fr\/boutique\/chiens\/mode-canine\/be-nordic-impermeable-husum-xs-25cm-bleu-fonce-xs-25cm\/#primaryimage\",\"url\":\"https:\/\/www.zoohandel.ch\/wp-content\/uploads\/2024\/03\/T680210_gr.jpg\",\"contentUrl\":\"https:\/\/www.zoohandel.ch\/wp-content\/uploads\/2024\/03\/T680210_gr.jpg\",\"width\":1600,\"height\":972},{\"@type\":\"BreadcrumbList\",\"@id\":\"https:\/\/www.zoohandel.ch\/fr\/boutique\/chiens\/mode-canine\/be-nordic-impermeable-husum-xs-25cm-bleu-fonce-xs-25cm\/#breadcrumb\",\"itemListElement\":[{\"@type\":\"ListItem\",\"position\":1,\"name\":\"Startseite\",\"item\":\"https:\/\/www.zoohandel.ch\/fr\/\"},{\"@type\":\"ListItem\",\"position\":2,\"name\":\"Boutique\",\"item\":\"https:\/\/www.zoohandel.ch\/fr\/boutique\/\"},{\"@type\":\"ListItem\",\"position\":3,\"name\":\"BE NORDIC imperm\u00e9able Husum, XS: 25cm, bleu fonc\u00e9\"}]},{\"@type\":\"WebSite\",\"@id\":\"https:\/\/www.zoohandel.ch\/fr\/#website\",\"url\":\"https:\/\/www.zoohandel.ch\/fr\/\",\"name\":\"zoohandel.ch\",\"description\":\"Das Beste f\u00fcr Ihre Lieblinge\",\"publisher\":{\"@id\":\"https:\/\/www.zoohandel.ch\/fr\/#organization\"},\"potentialAction\":[{\"@type\":\"SearchAction\",\"target\":{\"@type\":\"EntryPoint\",\"urlTemplate\":\"https:\/\/www.zoohandel.ch\/fr\/?s={search_term_string}\"},\"query-input\":{\"@type\":\"PropertyValueSpecification\",\"valueRequired\":true,\"valueName\":\"search_term_string\"}}],\"inLanguage\":\"fr-FR\"},{\"@type\":\"Organization\",\"@id\":\"https:\/\/www.zoohandel.ch\/fr\/#organization\",\"name\":\"zoohandel.ch\",\"url\":\"https:\/\/www.zoohandel.ch\/fr\/\",\"logo\":{\"@type\":\"ImageObject\",\"inLanguage\":\"fr-FR\",\"@id\":\"https:\/\/www.zoohandel.ch\/fr\/#\/schema\/logo\/image\/\",\"url\":\"https:\/\/www.zoohandel.ch\/wp-content\/uploads\/zoohandel-ch.png\",\"contentUrl\":\"https:\/\/www.zoohandel.ch\/wp-content\/uploads\/zoohandel-ch.png\",\"width\":575,\"height\":171,\"caption\":\"zoohandel.ch\"},\"image\":{\"@id\":\"https:\/\/www.zoohandel.ch\/fr\/#\/schema\/logo\/image\/\"}}]}<\/script>\n<!-- \/ Yoast SEO plugin. -->","yoast_head_json":{"title":"BE NORDIC imperm\u00e9able Husum, XS: 25cm, bleu fonc\u00e9 - zoohandel.ch","robots":{"index":"index","follow":"follow","max-snippet":"max-snippet:-1","max-image-preview":"max-image-preview:large","max-video-preview":"max-video-preview:-1"},"canonical":"https:\/\/www.zoohandel.ch\/fr\/boutique\/chiens\/mode-canine\/be-nordic-impermeable-husum-xs-25cm-bleu-fonce-xs-25cm\/","og_locale":"fr_FR","og_type":"article","og_title":"BE NORDIC imperm\u00e9able Husum, XS: 25cm, bleu fonc\u00e9 - zoohandel.ch","og_description":"en polyur\u00e9thane\/polyester avec deux fermetures \u00e9clair \u00e9tanches pour attacher la laisse ou le harnais prot\u00e8ge du vent \u00e9l\u00e9ments r\u00e9fl\u00e9chissants col tr\u00e8s haut avec cordon de serrage sangle ventrale avec boucle, r\u00e9glable en continu attaches r\u00e9glables pour les pattes arri\u00e8res doublure facile d&rsquo;entretien","og_url":"https:\/\/www.zoohandel.ch\/fr\/boutique\/chiens\/mode-canine\/be-nordic-impermeable-husum-xs-25cm-bleu-fonce-xs-25cm\/","og_site_name":"zoohandel.ch","article_modified_time":"2026-04-17T03:56:19+00:00","og_image":[{"width":1600,"height":972,"url":"https:\/\/www.zoohandel.ch\/wp-content\/uploads\/2024\/03\/T680210_gr.jpg","type":"image\/jpeg"}],"twitter_card":"summary_large_image","schema":{"@context":"https:\/\/schema.org","@graph":[{"@type":"WebPage","@id":"https:\/\/www.zoohandel.ch\/fr\/boutique\/chiens\/mode-canine\/be-nordic-impermeable-husum-xs-25cm-bleu-fonce-xs-25cm\/","url":"https:\/\/www.zoohandel.ch\/fr\/boutique\/chiens\/mode-canine\/be-nordic-impermeable-husum-xs-25cm-bleu-fonce-xs-25cm\/","name":"BE NORDIC imperm\u00e9able Husum, XS: 25cm, bleu fonc\u00e9 - zoohandel.ch","isPartOf":{"@id":"https:\/\/www.zoohandel.ch\/fr\/#website"},"primaryImageOfPage":{"@id":"https:\/\/www.zoohandel.ch\/fr\/boutique\/chiens\/mode-canine\/be-nordic-impermeable-husum-xs-25cm-bleu-fonce-xs-25cm\/#primaryimage"},"image":{"@id":"https:\/\/www.zoohandel.ch\/fr\/boutique\/chiens\/mode-canine\/be-nordic-impermeable-husum-xs-25cm-bleu-fonce-xs-25cm\/#primaryimage"},"thumbnailUrl":"https:\/\/www.zoohandel.ch\/wp-content\/uploads\/2024\/03\/T680210_gr.jpg","datePublished":"2021-06-03T22:00:00+00:00","dateModified":"2026-04-17T03:56:19+00:00","breadcrumb":{"@id":"https:\/\/www.zoohandel.ch\/fr\/boutique\/chiens\/mode-canine\/be-nordic-impermeable-husum-xs-25cm-bleu-fonce-xs-25cm\/#breadcrumb"},"inLanguage":"fr-FR","potentialAction":[{"@type":"ReadAction","target":["https:\/\/www.zoohandel.ch\/fr\/boutique\/chiens\/mode-canine\/be-nordic-impermeable-husum-xs-25cm-bleu-fonce-xs-25cm\/"]}]},{"@type":"ImageObject","inLanguage":"fr-FR","@id":"https:\/\/www.zoohandel.ch\/fr\/boutique\/chiens\/mode-canine\/be-nordic-impermeable-husum-xs-25cm-bleu-fonce-xs-25cm\/#primaryimage","url":"https:\/\/www.zoohandel.ch\/wp-content\/uploads\/2024\/03\/T680210_gr.jpg","contentUrl":"https:\/\/www.zoohandel.ch\/wp-content\/uploads\/2024\/03\/T680210_gr.jpg","width":1600,"height":972},{"@type":"BreadcrumbList","@id":"https:\/\/www.zoohandel.ch\/fr\/boutique\/chiens\/mode-canine\/be-nordic-impermeable-husum-xs-25cm-bleu-fonce-xs-25cm\/#breadcrumb","itemListElement":[{"@type":"ListItem","position":1,"name":"Startseite","item":"https:\/\/www.zoohandel.ch\/fr\/"},{"@type":"ListItem","position":2,"name":"Boutique","item":"https:\/\/www.zoohandel.ch\/fr\/boutique\/"},{"@type":"ListItem","position":3,"name":"BE NORDIC imperm\u00e9able Husum, XS: 25cm, bleu fonc\u00e9"}]},{"@type":"WebSite","@id":"https:\/\/www.zoohandel.ch\/fr\/#website","url":"https:\/\/www.zoohandel.ch\/fr\/","name":"zoohandel.ch","description":"Das Beste f\u00fcr Ihre Lieblinge","publisher":{"@id":"https:\/\/www.zoohandel.ch\/fr\/#organization"},"potentialAction":[{"@type":"SearchAction","target":{"@type":"EntryPoint","urlTemplate":"https:\/\/www.zoohandel.ch\/fr\/?s={search_term_string}"},"query-input":{"@type":"PropertyValueSpecification","valueRequired":true,"valueName":"search_term_string"}}],"inLanguage":"fr-FR"},{"@type":"Organization","@id":"https:\/\/www.zoohandel.ch\/fr\/#organization","name":"zoohandel.ch","url":"https:\/\/www.zoohandel.ch\/fr\/","logo":{"@type":"ImageObject","inLanguage":"fr-FR","@id":"https:\/\/www.zoohandel.ch\/fr\/#\/schema\/logo\/image\/","url":"https:\/\/www.zoohandel.ch\/wp-content\/uploads\/zoohandel-ch.png","contentUrl":"https:\/\/www.zoohandel.ch\/wp-content\/uploads\/zoohandel-ch.png","width":575,"height":171,"caption":"zoohandel.ch"},"image":{"@id":"https:\/\/www.zoohandel.ch\/fr\/#\/schema\/logo\/image\/"}}]}},"tiered_pricing_type":"fixed","tiered_pricing_fixed_rules":[],"tiered_pricing_product_settings":{"layout":"default","base_unit_name":{"singular":null,"plural":null},"default_variation":null},"tiered_pricing_minimum_quantity":null,"tiered_pricing_roles_data":[],"tiered_pricing_percentage_rules":[],"_links":{"self":[{"href":"https:\/\/www.zoohandel.ch\/fr\/wp-json\/wp\/v2\/product\/220717","targetHints":{"allow":["GET"]}}],"collection":[{"href":"https:\/\/www.zoohandel.ch\/fr\/wp-json\/wp\/v2\/product"}],"about":[{"href":"https:\/\/www.zoohandel.ch\/fr\/wp-json\/wp\/v2\/types\/product"}],"wp:featuredmedia":[{"embeddable":true,"href":"https:\/\/www.zoohandel.ch\/fr\/wp-json\/wp\/v2\/media\/497695"}],"wp:attachment":[{"href":"https:\/\/www.zoohandel.ch\/fr\/wp-json\/wp\/v2\/media?parent=220717"}],"wp:term":[{"taxonomy":"product_brand","embeddable":true,"href":"https:\/\/www.zoohandel.ch\/fr\/wp-json\/wp\/v2\/product_brand?post=220717"},{"taxonomy":"product_cat","embeddable":true,"href":"https:\/\/www.zoohandel.ch\/fr\/wp-json\/wp\/v2\/product_cat?post=220717"},{"taxonomy":"product_tag","embeddable":true,"href":"https:\/\/www.zoohandel.ch\/fr\/wp-json\/wp\/v2\/product_tag?post=220717"}],"curies":[{"name":"wp","href":"https:\/\/api.w.org\/{rel}","templated":true}]}}