{"id":220833,"date":"2013-12-12T00:00:00","date_gmt":"2013-12-11T23:00:00","guid":{"rendered":"https:\/\/www.alfauna.ch.vasco.sui-inter.net\/shop\/non%20class\u00e9\/lampe-spot-neodyme-35-w\/"},"modified":"2026-04-17T06:02:29","modified_gmt":"2026-04-17T04:02:29","slug":"lampe-spot-neodyme-35-w-35w","status":"publish","type":"product","link":"https:\/\/www.zoohandel.ch\/fr\/boutique\/reptiles\/amenagement-du-terrarium\/sources-de-chaleur\/lampe-spot-neodyme-35-w-35w\/","title":{"rendered":"Lampe Spot n\u00e9odyme, 35 W"},"content":{"rendered":"<p>mpe spot-r\u00e9flecteur large spectre<br \/>\nle neodymium contenu r\u00e9alise la repr\u00e9sentation naturelle des animaux et plantes de terrarium<br \/>\nconstitue des espaces chauff\u00e9s pour les bains de soleil<br \/>\nles rayons infrarouges contribuent \u00e0 la thermor\u00e9gulation et la d<\/p>\n","protected":false},"excerpt":{"rendered":"<p>mpe spot-r\u00e9flecteur large spectre le neodymium contenu r\u00e9alise la repr\u00e9sentation naturelle des animaux et plantes de terrarium constitue des espaces chauff\u00e9s pour les bains de soleil les rayons infrarouges contribuent \u00e0 la thermor\u00e9gulation et la d<\/p>\n","protected":false},"featured_media":551380,"template":"","meta":{"_acf_changed":false},"product_brand":[],"product_cat":[3837,2666,3841],"product_tag":[],"class_list":{"0":"post-220833","1":"product","2":"type-product","3":"status-publish","4":"has-post-thumbnail","6":"product_cat-amenagement-du-terrarium","7":"product_cat-reptiles","8":"product_cat-sources-de-chaleur","10":"first","11":"instock","12":"taxable","13":"shipping-taxable","14":"purchasable","15":"product-type-simple"},"acf":[],"yoast_head":"<!-- This site is optimized with the Yoast SEO plugin v25.8 - https:\/\/yoast.com\/wordpress\/plugins\/seo\/ -->\n<title>Lampe Spot n\u00e9odyme, 35 W - zoohandel.ch<\/title>\n<meta name=\"robots\" content=\"index, follow, max-snippet:-1, max-image-preview:large, max-video-preview:-1\" \/>\n<link rel=\"canonical\" href=\"https:\/\/www.zoohandel.ch\/fr\/boutique\/reptiles\/amenagement-du-terrarium\/sources-de-chaleur\/lampe-spot-neodyme-35-w-35w\/\" \/>\n<meta property=\"og:locale\" content=\"fr_FR\" \/>\n<meta property=\"og:type\" content=\"article\" \/>\n<meta property=\"og:title\" content=\"Lampe Spot n\u00e9odyme, 35 W - zoohandel.ch\" \/>\n<meta property=\"og:description\" content=\"mpe spot-r\u00e9flecteur large spectre le neodymium contenu r\u00e9alise la repr\u00e9sentation naturelle des animaux et plantes de terrarium constitue des espaces chauff\u00e9s pour les bains de soleil les rayons infrarouges contribuent \u00e0 la thermor\u00e9gulation et la d\" \/>\n<meta property=\"og:url\" content=\"https:\/\/www.zoohandel.ch\/fr\/boutique\/reptiles\/amenagement-du-terrarium\/sources-de-chaleur\/lampe-spot-neodyme-35-w-35w\/\" \/>\n<meta property=\"og:site_name\" content=\"zoohandel.ch\" \/>\n<meta property=\"article:modified_time\" content=\"2026-04-17T04:02:29+00:00\" \/>\n<meta property=\"og:image\" content=\"https:\/\/www.zoohandel.ch\/wp-content\/uploads\/2024\/04\/T76005_gr.jpg\" \/>\n\t<meta property=\"og:image:width\" content=\"833\" \/>\n\t<meta property=\"og:image:height\" content=\"1200\" \/>\n\t<meta property=\"og:image:type\" content=\"image\/jpeg\" \/>\n<meta name=\"twitter:card\" content=\"summary_large_image\" \/>\n<script type=\"application\/ld+json\" class=\"yoast-schema-graph\">{\"@context\":\"https:\/\/schema.org\",\"@graph\":[{\"@type\":\"WebPage\",\"@id\":\"https:\/\/www.zoohandel.ch\/fr\/boutique\/reptiles\/amenagement-du-terrarium\/sources-de-chaleur\/lampe-spot-neodyme-35-w-35w\/\",\"url\":\"https:\/\/www.zoohandel.ch\/fr\/boutique\/reptiles\/amenagement-du-terrarium\/sources-de-chaleur\/lampe-spot-neodyme-35-w-35w\/\",\"name\":\"Lampe Spot n\u00e9odyme, 35 W - zoohandel.ch\",\"isPartOf\":{\"@id\":\"https:\/\/www.zoohandel.ch\/fr\/#website\"},\"primaryImageOfPage\":{\"@id\":\"https:\/\/www.zoohandel.ch\/fr\/boutique\/reptiles\/amenagement-du-terrarium\/sources-de-chaleur\/lampe-spot-neodyme-35-w-35w\/#primaryimage\"},\"image\":{\"@id\":\"https:\/\/www.zoohandel.ch\/fr\/boutique\/reptiles\/amenagement-du-terrarium\/sources-de-chaleur\/lampe-spot-neodyme-35-w-35w\/#primaryimage\"},\"thumbnailUrl\":\"https:\/\/www.zoohandel.ch\/wp-content\/uploads\/2024\/04\/T76005_gr.jpg\",\"datePublished\":\"2013-12-11T23:00:00+00:00\",\"dateModified\":\"2026-04-17T04:02:29+00:00\",\"breadcrumb\":{\"@id\":\"https:\/\/www.zoohandel.ch\/fr\/boutique\/reptiles\/amenagement-du-terrarium\/sources-de-chaleur\/lampe-spot-neodyme-35-w-35w\/#breadcrumb\"},\"inLanguage\":\"fr-FR\",\"potentialAction\":[{\"@type\":\"ReadAction\",\"target\":[\"https:\/\/www.zoohandel.ch\/fr\/boutique\/reptiles\/amenagement-du-terrarium\/sources-de-chaleur\/lampe-spot-neodyme-35-w-35w\/\"]}]},{\"@type\":\"ImageObject\",\"inLanguage\":\"fr-FR\",\"@id\":\"https:\/\/www.zoohandel.ch\/fr\/boutique\/reptiles\/amenagement-du-terrarium\/sources-de-chaleur\/lampe-spot-neodyme-35-w-35w\/#primaryimage\",\"url\":\"https:\/\/www.zoohandel.ch\/wp-content\/uploads\/2024\/04\/T76005_gr.jpg\",\"contentUrl\":\"https:\/\/www.zoohandel.ch\/wp-content\/uploads\/2024\/04\/T76005_gr.jpg\",\"width\":833,\"height\":1200},{\"@type\":\"BreadcrumbList\",\"@id\":\"https:\/\/www.zoohandel.ch\/fr\/boutique\/reptiles\/amenagement-du-terrarium\/sources-de-chaleur\/lampe-spot-neodyme-35-w-35w\/#breadcrumb\",\"itemListElement\":[{\"@type\":\"ListItem\",\"position\":1,\"name\":\"Startseite\",\"item\":\"https:\/\/www.zoohandel.ch\/fr\/\"},{\"@type\":\"ListItem\",\"position\":2,\"name\":\"Boutique\",\"item\":\"https:\/\/www.zoohandel.ch\/fr\/boutique\/\"},{\"@type\":\"ListItem\",\"position\":3,\"name\":\"Lampe Spot n\u00e9odyme, 35 W\"}]},{\"@type\":\"WebSite\",\"@id\":\"https:\/\/www.zoohandel.ch\/fr\/#website\",\"url\":\"https:\/\/www.zoohandel.ch\/fr\/\",\"name\":\"zoohandel.ch\",\"description\":\"Das Beste f\u00fcr Ihre Lieblinge\",\"publisher\":{\"@id\":\"https:\/\/www.zoohandel.ch\/fr\/#organization\"},\"potentialAction\":[{\"@type\":\"SearchAction\",\"target\":{\"@type\":\"EntryPoint\",\"urlTemplate\":\"https:\/\/www.zoohandel.ch\/fr\/?s={search_term_string}\"},\"query-input\":{\"@type\":\"PropertyValueSpecification\",\"valueRequired\":true,\"valueName\":\"search_term_string\"}}],\"inLanguage\":\"fr-FR\"},{\"@type\":\"Organization\",\"@id\":\"https:\/\/www.zoohandel.ch\/fr\/#organization\",\"name\":\"zoohandel.ch\",\"url\":\"https:\/\/www.zoohandel.ch\/fr\/\",\"logo\":{\"@type\":\"ImageObject\",\"inLanguage\":\"fr-FR\",\"@id\":\"https:\/\/www.zoohandel.ch\/fr\/#\/schema\/logo\/image\/\",\"url\":\"https:\/\/www.zoohandel.ch\/wp-content\/uploads\/zoohandel-ch.png\",\"contentUrl\":\"https:\/\/www.zoohandel.ch\/wp-content\/uploads\/zoohandel-ch.png\",\"width\":575,\"height\":171,\"caption\":\"zoohandel.ch\"},\"image\":{\"@id\":\"https:\/\/www.zoohandel.ch\/fr\/#\/schema\/logo\/image\/\"}}]}<\/script>\n<!-- \/ Yoast SEO plugin. -->","yoast_head_json":{"title":"Lampe Spot n\u00e9odyme, 35 W - zoohandel.ch","robots":{"index":"index","follow":"follow","max-snippet":"max-snippet:-1","max-image-preview":"max-image-preview:large","max-video-preview":"max-video-preview:-1"},"canonical":"https:\/\/www.zoohandel.ch\/fr\/boutique\/reptiles\/amenagement-du-terrarium\/sources-de-chaleur\/lampe-spot-neodyme-35-w-35w\/","og_locale":"fr_FR","og_type":"article","og_title":"Lampe Spot n\u00e9odyme, 35 W - zoohandel.ch","og_description":"mpe spot-r\u00e9flecteur large spectre le neodymium contenu r\u00e9alise la repr\u00e9sentation naturelle des animaux et plantes de terrarium constitue des espaces chauff\u00e9s pour les bains de soleil les rayons infrarouges contribuent \u00e0 la thermor\u00e9gulation et la d","og_url":"https:\/\/www.zoohandel.ch\/fr\/boutique\/reptiles\/amenagement-du-terrarium\/sources-de-chaleur\/lampe-spot-neodyme-35-w-35w\/","og_site_name":"zoohandel.ch","article_modified_time":"2026-04-17T04:02:29+00:00","og_image":[{"width":833,"height":1200,"url":"https:\/\/www.zoohandel.ch\/wp-content\/uploads\/2024\/04\/T76005_gr.jpg","type":"image\/jpeg"}],"twitter_card":"summary_large_image","schema":{"@context":"https:\/\/schema.org","@graph":[{"@type":"WebPage","@id":"https:\/\/www.zoohandel.ch\/fr\/boutique\/reptiles\/amenagement-du-terrarium\/sources-de-chaleur\/lampe-spot-neodyme-35-w-35w\/","url":"https:\/\/www.zoohandel.ch\/fr\/boutique\/reptiles\/amenagement-du-terrarium\/sources-de-chaleur\/lampe-spot-neodyme-35-w-35w\/","name":"Lampe Spot n\u00e9odyme, 35 W - zoohandel.ch","isPartOf":{"@id":"https:\/\/www.zoohandel.ch\/fr\/#website"},"primaryImageOfPage":{"@id":"https:\/\/www.zoohandel.ch\/fr\/boutique\/reptiles\/amenagement-du-terrarium\/sources-de-chaleur\/lampe-spot-neodyme-35-w-35w\/#primaryimage"},"image":{"@id":"https:\/\/www.zoohandel.ch\/fr\/boutique\/reptiles\/amenagement-du-terrarium\/sources-de-chaleur\/lampe-spot-neodyme-35-w-35w\/#primaryimage"},"thumbnailUrl":"https:\/\/www.zoohandel.ch\/wp-content\/uploads\/2024\/04\/T76005_gr.jpg","datePublished":"2013-12-11T23:00:00+00:00","dateModified":"2026-04-17T04:02:29+00:00","breadcrumb":{"@id":"https:\/\/www.zoohandel.ch\/fr\/boutique\/reptiles\/amenagement-du-terrarium\/sources-de-chaleur\/lampe-spot-neodyme-35-w-35w\/#breadcrumb"},"inLanguage":"fr-FR","potentialAction":[{"@type":"ReadAction","target":["https:\/\/www.zoohandel.ch\/fr\/boutique\/reptiles\/amenagement-du-terrarium\/sources-de-chaleur\/lampe-spot-neodyme-35-w-35w\/"]}]},{"@type":"ImageObject","inLanguage":"fr-FR","@id":"https:\/\/www.zoohandel.ch\/fr\/boutique\/reptiles\/amenagement-du-terrarium\/sources-de-chaleur\/lampe-spot-neodyme-35-w-35w\/#primaryimage","url":"https:\/\/www.zoohandel.ch\/wp-content\/uploads\/2024\/04\/T76005_gr.jpg","contentUrl":"https:\/\/www.zoohandel.ch\/wp-content\/uploads\/2024\/04\/T76005_gr.jpg","width":833,"height":1200},{"@type":"BreadcrumbList","@id":"https:\/\/www.zoohandel.ch\/fr\/boutique\/reptiles\/amenagement-du-terrarium\/sources-de-chaleur\/lampe-spot-neodyme-35-w-35w\/#breadcrumb","itemListElement":[{"@type":"ListItem","position":1,"name":"Startseite","item":"https:\/\/www.zoohandel.ch\/fr\/"},{"@type":"ListItem","position":2,"name":"Boutique","item":"https:\/\/www.zoohandel.ch\/fr\/boutique\/"},{"@type":"ListItem","position":3,"name":"Lampe Spot n\u00e9odyme, 35 W"}]},{"@type":"WebSite","@id":"https:\/\/www.zoohandel.ch\/fr\/#website","url":"https:\/\/www.zoohandel.ch\/fr\/","name":"zoohandel.ch","description":"Das Beste f\u00fcr Ihre Lieblinge","publisher":{"@id":"https:\/\/www.zoohandel.ch\/fr\/#organization"},"potentialAction":[{"@type":"SearchAction","target":{"@type":"EntryPoint","urlTemplate":"https:\/\/www.zoohandel.ch\/fr\/?s={search_term_string}"},"query-input":{"@type":"PropertyValueSpecification","valueRequired":true,"valueName":"search_term_string"}}],"inLanguage":"fr-FR"},{"@type":"Organization","@id":"https:\/\/www.zoohandel.ch\/fr\/#organization","name":"zoohandel.ch","url":"https:\/\/www.zoohandel.ch\/fr\/","logo":{"@type":"ImageObject","inLanguage":"fr-FR","@id":"https:\/\/www.zoohandel.ch\/fr\/#\/schema\/logo\/image\/","url":"https:\/\/www.zoohandel.ch\/wp-content\/uploads\/zoohandel-ch.png","contentUrl":"https:\/\/www.zoohandel.ch\/wp-content\/uploads\/zoohandel-ch.png","width":575,"height":171,"caption":"zoohandel.ch"},"image":{"@id":"https:\/\/www.zoohandel.ch\/fr\/#\/schema\/logo\/image\/"}}]}},"tiered_pricing_type":"fixed","tiered_pricing_fixed_rules":[],"tiered_pricing_product_settings":{"layout":"default","base_unit_name":{"singular":null,"plural":null},"default_variation":null},"tiered_pricing_minimum_quantity":null,"tiered_pricing_roles_data":[],"tiered_pricing_percentage_rules":[],"_links":{"self":[{"href":"https:\/\/www.zoohandel.ch\/fr\/wp-json\/wp\/v2\/product\/220833","targetHints":{"allow":["GET"]}}],"collection":[{"href":"https:\/\/www.zoohandel.ch\/fr\/wp-json\/wp\/v2\/product"}],"about":[{"href":"https:\/\/www.zoohandel.ch\/fr\/wp-json\/wp\/v2\/types\/product"}],"wp:featuredmedia":[{"embeddable":true,"href":"https:\/\/www.zoohandel.ch\/fr\/wp-json\/wp\/v2\/media\/551380"}],"wp:attachment":[{"href":"https:\/\/www.zoohandel.ch\/fr\/wp-json\/wp\/v2\/media?parent=220833"}],"wp:term":[{"taxonomy":"product_brand","embeddable":true,"href":"https:\/\/www.zoohandel.ch\/fr\/wp-json\/wp\/v2\/product_brand?post=220833"},{"taxonomy":"product_cat","embeddable":true,"href":"https:\/\/www.zoohandel.ch\/fr\/wp-json\/wp\/v2\/product_cat?post=220833"},{"taxonomy":"product_tag","embeddable":true,"href":"https:\/\/www.zoohandel.ch\/fr\/wp-json\/wp\/v2\/product_tag?post=220833"}],"curies":[{"name":"wp","href":"https:\/\/api.w.org\/{rel}","templated":true}]}}