{"id":220897,"date":"2013-12-12T00:00:00","date_gmt":"2013-12-11T23:00:00","guid":{"rendered":"https:\/\/www.alfauna.ch.vasco.sui-inter.net\/shop\/non%20class\u00e9\/ecuelle-a-eau-et-gamelle-p-reptiles\/"},"modified":"2026-04-17T06:02:13","modified_gmt":"2026-04-17T04:02:13","slug":"ecuelle-a-eau-et-gamelle-p-reptiles-15x3-5x12c","status":"publish","type":"product","link":"https:\/\/www.zoohandel.ch\/fr\/boutique\/reptiles\/nourriture-mangeoires\/ecuelle-a-eau-et-gamelle-p-reptiles-15x3-5x12c\/","title":{"rendered":"\u00c9cuelle \u00e0 eau et gamelle, p. reptiles"},"content":{"rendered":"<p>en r\u00e9sine polyester, peut \u00eatre en contact avec les aliments<br \/>\naspect naturel, d\u00e9cor for\u00eat tropicale<br \/>\nint\u00e9rieur lisse facile \u00e0 nettoyer<br \/>\nart 76180 est un tr\u00e8s bon abreuvoir pour scorpions et araign\u00e9es et particuli\u00e8rement bien adapt\u00e9 \u00e0 un remplissage<\/p>\n","protected":false},"excerpt":{"rendered":"<p>en r\u00e9sine polyester, peut \u00eatre en contact avec les aliments aspect naturel, d\u00e9cor for\u00eat tropicale int\u00e9rieur lisse facile \u00e0 nettoyer art 76180 est un tr\u00e8s bon abreuvoir pour scorpions et araign\u00e9es et particuli\u00e8rement bien adapt\u00e9 \u00e0 un remplissage<\/p>\n","protected":false},"featured_media":551636,"template":"","meta":{"_acf_changed":false},"product_brand":[],"product_cat":[3834,2666],"product_tag":[],"class_list":{"0":"post-220897","1":"product","2":"type-product","3":"status-publish","4":"has-post-thumbnail","6":"product_cat-nourriture-mangeoires","7":"product_cat-reptiles","9":"first","10":"instock","11":"taxable","12":"shipping-taxable","13":"purchasable","14":"product-type-simple"},"acf":[],"yoast_head":"<!-- This site is optimized with the Yoast SEO plugin v25.8 - https:\/\/yoast.com\/wordpress\/plugins\/seo\/ -->\n<title>\u00c9cuelle \u00e0 eau et gamelle, p. reptiles - zoohandel.ch<\/title>\n<meta name=\"robots\" content=\"index, follow, max-snippet:-1, max-image-preview:large, max-video-preview:-1\" \/>\n<link rel=\"canonical\" href=\"https:\/\/www.zoohandel.ch\/fr\/boutique\/reptiles\/nourriture-mangeoires\/ecuelle-a-eau-et-gamelle-p-reptiles-15x3-5x12c\/\" \/>\n<meta property=\"og:locale\" content=\"fr_FR\" \/>\n<meta property=\"og:type\" content=\"article\" \/>\n<meta property=\"og:title\" content=\"\u00c9cuelle \u00e0 eau et gamelle, p. reptiles - zoohandel.ch\" \/>\n<meta property=\"og:description\" content=\"en r\u00e9sine polyester, peut \u00eatre en contact avec les aliments aspect naturel, d\u00e9cor for\u00eat tropicale int\u00e9rieur lisse facile \u00e0 nettoyer art 76180 est un tr\u00e8s bon abreuvoir pour scorpions et araign\u00e9es et particuli\u00e8rement bien adapt\u00e9 \u00e0 un remplissage\" \/>\n<meta property=\"og:url\" content=\"https:\/\/www.zoohandel.ch\/fr\/boutique\/reptiles\/nourriture-mangeoires\/ecuelle-a-eau-et-gamelle-p-reptiles-15x3-5x12c\/\" \/>\n<meta property=\"og:site_name\" content=\"zoohandel.ch\" \/>\n<meta property=\"article:modified_time\" content=\"2026-04-17T04:02:13+00:00\" \/>\n<meta property=\"og:image\" content=\"https:\/\/www.zoohandel.ch\/wp-content\/uploads\/2024\/04\/T76183_gr.jpg\" \/>\n\t<meta property=\"og:image:width\" content=\"1600\" \/>\n\t<meta property=\"og:image:height\" content=\"826\" \/>\n\t<meta property=\"og:image:type\" content=\"image\/jpeg\" \/>\n<meta name=\"twitter:card\" content=\"summary_large_image\" \/>\n<script type=\"application\/ld+json\" class=\"yoast-schema-graph\">{\"@context\":\"https:\/\/schema.org\",\"@graph\":[{\"@type\":\"WebPage\",\"@id\":\"https:\/\/www.zoohandel.ch\/fr\/boutique\/reptiles\/nourriture-mangeoires\/ecuelle-a-eau-et-gamelle-p-reptiles-15x3-5x12c\/\",\"url\":\"https:\/\/www.zoohandel.ch\/fr\/boutique\/reptiles\/nourriture-mangeoires\/ecuelle-a-eau-et-gamelle-p-reptiles-15x3-5x12c\/\",\"name\":\"\u00c9cuelle \u00e0 eau et gamelle, p. reptiles - zoohandel.ch\",\"isPartOf\":{\"@id\":\"https:\/\/www.zoohandel.ch\/fr\/#website\"},\"primaryImageOfPage\":{\"@id\":\"https:\/\/www.zoohandel.ch\/fr\/boutique\/reptiles\/nourriture-mangeoires\/ecuelle-a-eau-et-gamelle-p-reptiles-15x3-5x12c\/#primaryimage\"},\"image\":{\"@id\":\"https:\/\/www.zoohandel.ch\/fr\/boutique\/reptiles\/nourriture-mangeoires\/ecuelle-a-eau-et-gamelle-p-reptiles-15x3-5x12c\/#primaryimage\"},\"thumbnailUrl\":\"https:\/\/www.zoohandel.ch\/wp-content\/uploads\/2024\/04\/T76183_gr.jpg\",\"datePublished\":\"2013-12-11T23:00:00+00:00\",\"dateModified\":\"2026-04-17T04:02:13+00:00\",\"breadcrumb\":{\"@id\":\"https:\/\/www.zoohandel.ch\/fr\/boutique\/reptiles\/nourriture-mangeoires\/ecuelle-a-eau-et-gamelle-p-reptiles-15x3-5x12c\/#breadcrumb\"},\"inLanguage\":\"fr-FR\",\"potentialAction\":[{\"@type\":\"ReadAction\",\"target\":[\"https:\/\/www.zoohandel.ch\/fr\/boutique\/reptiles\/nourriture-mangeoires\/ecuelle-a-eau-et-gamelle-p-reptiles-15x3-5x12c\/\"]}]},{\"@type\":\"ImageObject\",\"inLanguage\":\"fr-FR\",\"@id\":\"https:\/\/www.zoohandel.ch\/fr\/boutique\/reptiles\/nourriture-mangeoires\/ecuelle-a-eau-et-gamelle-p-reptiles-15x3-5x12c\/#primaryimage\",\"url\":\"https:\/\/www.zoohandel.ch\/wp-content\/uploads\/2024\/04\/T76183_gr.jpg\",\"contentUrl\":\"https:\/\/www.zoohandel.ch\/wp-content\/uploads\/2024\/04\/T76183_gr.jpg\",\"width\":1600,\"height\":826},{\"@type\":\"BreadcrumbList\",\"@id\":\"https:\/\/www.zoohandel.ch\/fr\/boutique\/reptiles\/nourriture-mangeoires\/ecuelle-a-eau-et-gamelle-p-reptiles-15x3-5x12c\/#breadcrumb\",\"itemListElement\":[{\"@type\":\"ListItem\",\"position\":1,\"name\":\"Startseite\",\"item\":\"https:\/\/www.zoohandel.ch\/fr\/\"},{\"@type\":\"ListItem\",\"position\":2,\"name\":\"Boutique\",\"item\":\"https:\/\/www.zoohandel.ch\/fr\/boutique\/\"},{\"@type\":\"ListItem\",\"position\":3,\"name\":\"\u00c9cuelle \u00e0 eau et gamelle, p. reptiles\"}]},{\"@type\":\"WebSite\",\"@id\":\"https:\/\/www.zoohandel.ch\/fr\/#website\",\"url\":\"https:\/\/www.zoohandel.ch\/fr\/\",\"name\":\"zoohandel.ch\",\"description\":\"Das Beste f\u00fcr Ihre Lieblinge\",\"publisher\":{\"@id\":\"https:\/\/www.zoohandel.ch\/fr\/#organization\"},\"potentialAction\":[{\"@type\":\"SearchAction\",\"target\":{\"@type\":\"EntryPoint\",\"urlTemplate\":\"https:\/\/www.zoohandel.ch\/fr\/?s={search_term_string}\"},\"query-input\":{\"@type\":\"PropertyValueSpecification\",\"valueRequired\":true,\"valueName\":\"search_term_string\"}}],\"inLanguage\":\"fr-FR\"},{\"@type\":\"Organization\",\"@id\":\"https:\/\/www.zoohandel.ch\/fr\/#organization\",\"name\":\"zoohandel.ch\",\"url\":\"https:\/\/www.zoohandel.ch\/fr\/\",\"logo\":{\"@type\":\"ImageObject\",\"inLanguage\":\"fr-FR\",\"@id\":\"https:\/\/www.zoohandel.ch\/fr\/#\/schema\/logo\/image\/\",\"url\":\"https:\/\/www.zoohandel.ch\/wp-content\/uploads\/zoohandel-ch.png\",\"contentUrl\":\"https:\/\/www.zoohandel.ch\/wp-content\/uploads\/zoohandel-ch.png\",\"width\":575,\"height\":171,\"caption\":\"zoohandel.ch\"},\"image\":{\"@id\":\"https:\/\/www.zoohandel.ch\/fr\/#\/schema\/logo\/image\/\"}}]}<\/script>\n<!-- \/ Yoast SEO plugin. -->","yoast_head_json":{"title":"\u00c9cuelle \u00e0 eau et gamelle, p. reptiles - zoohandel.ch","robots":{"index":"index","follow":"follow","max-snippet":"max-snippet:-1","max-image-preview":"max-image-preview:large","max-video-preview":"max-video-preview:-1"},"canonical":"https:\/\/www.zoohandel.ch\/fr\/boutique\/reptiles\/nourriture-mangeoires\/ecuelle-a-eau-et-gamelle-p-reptiles-15x3-5x12c\/","og_locale":"fr_FR","og_type":"article","og_title":"\u00c9cuelle \u00e0 eau et gamelle, p. reptiles - zoohandel.ch","og_description":"en r\u00e9sine polyester, peut \u00eatre en contact avec les aliments aspect naturel, d\u00e9cor for\u00eat tropicale int\u00e9rieur lisse facile \u00e0 nettoyer art 76180 est un tr\u00e8s bon abreuvoir pour scorpions et araign\u00e9es et particuli\u00e8rement bien adapt\u00e9 \u00e0 un remplissage","og_url":"https:\/\/www.zoohandel.ch\/fr\/boutique\/reptiles\/nourriture-mangeoires\/ecuelle-a-eau-et-gamelle-p-reptiles-15x3-5x12c\/","og_site_name":"zoohandel.ch","article_modified_time":"2026-04-17T04:02:13+00:00","og_image":[{"width":1600,"height":826,"url":"https:\/\/www.zoohandel.ch\/wp-content\/uploads\/2024\/04\/T76183_gr.jpg","type":"image\/jpeg"}],"twitter_card":"summary_large_image","schema":{"@context":"https:\/\/schema.org","@graph":[{"@type":"WebPage","@id":"https:\/\/www.zoohandel.ch\/fr\/boutique\/reptiles\/nourriture-mangeoires\/ecuelle-a-eau-et-gamelle-p-reptiles-15x3-5x12c\/","url":"https:\/\/www.zoohandel.ch\/fr\/boutique\/reptiles\/nourriture-mangeoires\/ecuelle-a-eau-et-gamelle-p-reptiles-15x3-5x12c\/","name":"\u00c9cuelle \u00e0 eau et gamelle, p. reptiles - zoohandel.ch","isPartOf":{"@id":"https:\/\/www.zoohandel.ch\/fr\/#website"},"primaryImageOfPage":{"@id":"https:\/\/www.zoohandel.ch\/fr\/boutique\/reptiles\/nourriture-mangeoires\/ecuelle-a-eau-et-gamelle-p-reptiles-15x3-5x12c\/#primaryimage"},"image":{"@id":"https:\/\/www.zoohandel.ch\/fr\/boutique\/reptiles\/nourriture-mangeoires\/ecuelle-a-eau-et-gamelle-p-reptiles-15x3-5x12c\/#primaryimage"},"thumbnailUrl":"https:\/\/www.zoohandel.ch\/wp-content\/uploads\/2024\/04\/T76183_gr.jpg","datePublished":"2013-12-11T23:00:00+00:00","dateModified":"2026-04-17T04:02:13+00:00","breadcrumb":{"@id":"https:\/\/www.zoohandel.ch\/fr\/boutique\/reptiles\/nourriture-mangeoires\/ecuelle-a-eau-et-gamelle-p-reptiles-15x3-5x12c\/#breadcrumb"},"inLanguage":"fr-FR","potentialAction":[{"@type":"ReadAction","target":["https:\/\/www.zoohandel.ch\/fr\/boutique\/reptiles\/nourriture-mangeoires\/ecuelle-a-eau-et-gamelle-p-reptiles-15x3-5x12c\/"]}]},{"@type":"ImageObject","inLanguage":"fr-FR","@id":"https:\/\/www.zoohandel.ch\/fr\/boutique\/reptiles\/nourriture-mangeoires\/ecuelle-a-eau-et-gamelle-p-reptiles-15x3-5x12c\/#primaryimage","url":"https:\/\/www.zoohandel.ch\/wp-content\/uploads\/2024\/04\/T76183_gr.jpg","contentUrl":"https:\/\/www.zoohandel.ch\/wp-content\/uploads\/2024\/04\/T76183_gr.jpg","width":1600,"height":826},{"@type":"BreadcrumbList","@id":"https:\/\/www.zoohandel.ch\/fr\/boutique\/reptiles\/nourriture-mangeoires\/ecuelle-a-eau-et-gamelle-p-reptiles-15x3-5x12c\/#breadcrumb","itemListElement":[{"@type":"ListItem","position":1,"name":"Startseite","item":"https:\/\/www.zoohandel.ch\/fr\/"},{"@type":"ListItem","position":2,"name":"Boutique","item":"https:\/\/www.zoohandel.ch\/fr\/boutique\/"},{"@type":"ListItem","position":3,"name":"\u00c9cuelle \u00e0 eau et gamelle, p. reptiles"}]},{"@type":"WebSite","@id":"https:\/\/www.zoohandel.ch\/fr\/#website","url":"https:\/\/www.zoohandel.ch\/fr\/","name":"zoohandel.ch","description":"Das Beste f\u00fcr Ihre Lieblinge","publisher":{"@id":"https:\/\/www.zoohandel.ch\/fr\/#organization"},"potentialAction":[{"@type":"SearchAction","target":{"@type":"EntryPoint","urlTemplate":"https:\/\/www.zoohandel.ch\/fr\/?s={search_term_string}"},"query-input":{"@type":"PropertyValueSpecification","valueRequired":true,"valueName":"search_term_string"}}],"inLanguage":"fr-FR"},{"@type":"Organization","@id":"https:\/\/www.zoohandel.ch\/fr\/#organization","name":"zoohandel.ch","url":"https:\/\/www.zoohandel.ch\/fr\/","logo":{"@type":"ImageObject","inLanguage":"fr-FR","@id":"https:\/\/www.zoohandel.ch\/fr\/#\/schema\/logo\/image\/","url":"https:\/\/www.zoohandel.ch\/wp-content\/uploads\/zoohandel-ch.png","contentUrl":"https:\/\/www.zoohandel.ch\/wp-content\/uploads\/zoohandel-ch.png","width":575,"height":171,"caption":"zoohandel.ch"},"image":{"@id":"https:\/\/www.zoohandel.ch\/fr\/#\/schema\/logo\/image\/"}}]}},"tiered_pricing_type":"fixed","tiered_pricing_fixed_rules":[],"tiered_pricing_product_settings":{"layout":"default","base_unit_name":{"singular":null,"plural":null},"default_variation":null},"tiered_pricing_minimum_quantity":null,"tiered_pricing_roles_data":[],"tiered_pricing_percentage_rules":[],"_links":{"self":[{"href":"https:\/\/www.zoohandel.ch\/fr\/wp-json\/wp\/v2\/product\/220897","targetHints":{"allow":["GET"]}}],"collection":[{"href":"https:\/\/www.zoohandel.ch\/fr\/wp-json\/wp\/v2\/product"}],"about":[{"href":"https:\/\/www.zoohandel.ch\/fr\/wp-json\/wp\/v2\/types\/product"}],"wp:featuredmedia":[{"embeddable":true,"href":"https:\/\/www.zoohandel.ch\/fr\/wp-json\/wp\/v2\/media\/551636"}],"wp:attachment":[{"href":"https:\/\/www.zoohandel.ch\/fr\/wp-json\/wp\/v2\/media?parent=220897"}],"wp:term":[{"taxonomy":"product_brand","embeddable":true,"href":"https:\/\/www.zoohandel.ch\/fr\/wp-json\/wp\/v2\/product_brand?post=220897"},{"taxonomy":"product_cat","embeddable":true,"href":"https:\/\/www.zoohandel.ch\/fr\/wp-json\/wp\/v2\/product_cat?post=220897"},{"taxonomy":"product_tag","embeddable":true,"href":"https:\/\/www.zoohandel.ch\/fr\/wp-json\/wp\/v2\/product_tag?post=220897"}],"curies":[{"name":"wp","href":"https:\/\/api.w.org\/{rel}","templated":true}]}}