{"id":220942,"date":"2013-12-12T00:00:00","date_gmt":"2013-12-11T23:00:00","guid":{"rendered":"https:\/\/www.alfauna.ch.vasco.sui-inter.net\/shop\/non%20class\u00e9\/boite-alimentaire-et-de-transport-38x26x24cm\/"},"modified":"2026-04-17T04:14:56","modified_gmt":"2026-04-17T02:14:56","slug":"boite-alimentaire-et-de-transport-38x26x24cm","status":"publish","type":"product","link":"https:\/\/www.zoohandel.ch\/fr\/boutique\/reptiles\/accessoires-reptiles\/boite-alimentaire-et-de-transport-38x26x24cm\/","title":{"rendered":"Bo\u00eete alimentaire et de transport, 38\u00d726\u00d724cm"},"content":{"rendered":"<p>pour le transport, l\u0092\u00e9levage et l\u0092alimentation des reptiles et amphibiens<br \/>\nbo\u00eete id\u00e9ale pour stocker la nourriture vivante et temporairement en zone de quarantaine<br \/>\nen plastique, facile \u00e0 nettoyer<br \/>\navec poign\u00e9e et ouverture pour introduire la nourr<\/p>\n","protected":false},"excerpt":{"rendered":"<p>pour le transport, l\u0092\u00e9levage et l\u0092alimentation des reptiles et amphibiens bo\u00eete id\u00e9ale pour stocker la nourriture vivante et temporairement en zone de quarantaine en plastique, facile \u00e0 nettoyer avec poign\u00e9e et ouverture pour introduire la nourr<\/p>\n","protected":false},"featured_media":551740,"template":"","meta":{"_acf_changed":false},"product_brand":[],"product_cat":[3842,2666],"product_tag":[],"class_list":{"0":"post-220942","1":"product","2":"type-product","3":"status-publish","4":"has-post-thumbnail","6":"product_cat-accessoires-reptiles","7":"product_cat-reptiles","9":"first","10":"instock","11":"taxable","12":"shipping-taxable","13":"purchasable","14":"product-type-simple"},"acf":[],"yoast_head":"<!-- This site is optimized with the Yoast SEO plugin v25.8 - https:\/\/yoast.com\/wordpress\/plugins\/seo\/ -->\n<title>Bo\u00eete alimentaire et de transport, 38\u00d726\u00d724cm - zoohandel.ch<\/title>\n<meta name=\"robots\" content=\"index, follow, max-snippet:-1, max-image-preview:large, max-video-preview:-1\" \/>\n<link rel=\"canonical\" href=\"https:\/\/www.zoohandel.ch\/fr\/boutique\/reptiles\/accessoires-reptiles\/boite-alimentaire-et-de-transport-38x26x24cm\/\" \/>\n<meta property=\"og:locale\" content=\"fr_FR\" \/>\n<meta property=\"og:type\" content=\"article\" \/>\n<meta property=\"og:title\" content=\"Bo\u00eete alimentaire et de transport, 38\u00d726\u00d724cm - zoohandel.ch\" \/>\n<meta property=\"og:description\" content=\"pour le transport, l\u0092\u00e9levage et l\u0092alimentation des reptiles et amphibiens bo\u00eete id\u00e9ale pour stocker la nourriture vivante et temporairement en zone de quarantaine en plastique, facile \u00e0 nettoyer avec poign\u00e9e et ouverture pour introduire la nourr\" \/>\n<meta property=\"og:url\" content=\"https:\/\/www.zoohandel.ch\/fr\/boutique\/reptiles\/accessoires-reptiles\/boite-alimentaire-et-de-transport-38x26x24cm\/\" \/>\n<meta property=\"og:site_name\" content=\"zoohandel.ch\" \/>\n<meta property=\"article:modified_time\" content=\"2026-04-17T02:14:56+00:00\" \/>\n<meta property=\"og:image\" content=\"https:\/\/www.zoohandel.ch\/wp-content\/uploads\/2024\/04\/T76303_gr.jpg\" \/>\n\t<meta property=\"og:image:width\" content=\"1546\" \/>\n\t<meta property=\"og:image:height\" content=\"1200\" \/>\n\t<meta property=\"og:image:type\" content=\"image\/jpeg\" \/>\n<meta name=\"twitter:card\" content=\"summary_large_image\" \/>\n<script type=\"application\/ld+json\" class=\"yoast-schema-graph\">{\"@context\":\"https:\/\/schema.org\",\"@graph\":[{\"@type\":\"WebPage\",\"@id\":\"https:\/\/www.zoohandel.ch\/fr\/boutique\/reptiles\/accessoires-reptiles\/boite-alimentaire-et-de-transport-38x26x24cm\/\",\"url\":\"https:\/\/www.zoohandel.ch\/fr\/boutique\/reptiles\/accessoires-reptiles\/boite-alimentaire-et-de-transport-38x26x24cm\/\",\"name\":\"Bo\u00eete alimentaire et de transport, 38\u00d726\u00d724cm - zoohandel.ch\",\"isPartOf\":{\"@id\":\"https:\/\/www.zoohandel.ch\/fr\/#website\"},\"primaryImageOfPage\":{\"@id\":\"https:\/\/www.zoohandel.ch\/fr\/boutique\/reptiles\/accessoires-reptiles\/boite-alimentaire-et-de-transport-38x26x24cm\/#primaryimage\"},\"image\":{\"@id\":\"https:\/\/www.zoohandel.ch\/fr\/boutique\/reptiles\/accessoires-reptiles\/boite-alimentaire-et-de-transport-38x26x24cm\/#primaryimage\"},\"thumbnailUrl\":\"https:\/\/www.zoohandel.ch\/wp-content\/uploads\/2024\/04\/T76303_gr.jpg\",\"datePublished\":\"2013-12-11T23:00:00+00:00\",\"dateModified\":\"2026-04-17T02:14:56+00:00\",\"breadcrumb\":{\"@id\":\"https:\/\/www.zoohandel.ch\/fr\/boutique\/reptiles\/accessoires-reptiles\/boite-alimentaire-et-de-transport-38x26x24cm\/#breadcrumb\"},\"inLanguage\":\"fr-FR\",\"potentialAction\":[{\"@type\":\"ReadAction\",\"target\":[\"https:\/\/www.zoohandel.ch\/fr\/boutique\/reptiles\/accessoires-reptiles\/boite-alimentaire-et-de-transport-38x26x24cm\/\"]}]},{\"@type\":\"ImageObject\",\"inLanguage\":\"fr-FR\",\"@id\":\"https:\/\/www.zoohandel.ch\/fr\/boutique\/reptiles\/accessoires-reptiles\/boite-alimentaire-et-de-transport-38x26x24cm\/#primaryimage\",\"url\":\"https:\/\/www.zoohandel.ch\/wp-content\/uploads\/2024\/04\/T76303_gr.jpg\",\"contentUrl\":\"https:\/\/www.zoohandel.ch\/wp-content\/uploads\/2024\/04\/T76303_gr.jpg\",\"width\":1546,\"height\":1200},{\"@type\":\"BreadcrumbList\",\"@id\":\"https:\/\/www.zoohandel.ch\/fr\/boutique\/reptiles\/accessoires-reptiles\/boite-alimentaire-et-de-transport-38x26x24cm\/#breadcrumb\",\"itemListElement\":[{\"@type\":\"ListItem\",\"position\":1,\"name\":\"Startseite\",\"item\":\"https:\/\/www.zoohandel.ch\/fr\/\"},{\"@type\":\"ListItem\",\"position\":2,\"name\":\"Boutique\",\"item\":\"https:\/\/www.zoohandel.ch\/fr\/boutique\/\"},{\"@type\":\"ListItem\",\"position\":3,\"name\":\"Bo\u00eete alimentaire et de transport, 38\u00d726\u00d724cm\"}]},{\"@type\":\"WebSite\",\"@id\":\"https:\/\/www.zoohandel.ch\/fr\/#website\",\"url\":\"https:\/\/www.zoohandel.ch\/fr\/\",\"name\":\"zoohandel.ch\",\"description\":\"Das Beste f\u00fcr Ihre Lieblinge\",\"publisher\":{\"@id\":\"https:\/\/www.zoohandel.ch\/fr\/#organization\"},\"potentialAction\":[{\"@type\":\"SearchAction\",\"target\":{\"@type\":\"EntryPoint\",\"urlTemplate\":\"https:\/\/www.zoohandel.ch\/fr\/?s={search_term_string}\"},\"query-input\":{\"@type\":\"PropertyValueSpecification\",\"valueRequired\":true,\"valueName\":\"search_term_string\"}}],\"inLanguage\":\"fr-FR\"},{\"@type\":\"Organization\",\"@id\":\"https:\/\/www.zoohandel.ch\/fr\/#organization\",\"name\":\"zoohandel.ch\",\"url\":\"https:\/\/www.zoohandel.ch\/fr\/\",\"logo\":{\"@type\":\"ImageObject\",\"inLanguage\":\"fr-FR\",\"@id\":\"https:\/\/www.zoohandel.ch\/fr\/#\/schema\/logo\/image\/\",\"url\":\"https:\/\/www.zoohandel.ch\/wp-content\/uploads\/zoohandel-ch.png\",\"contentUrl\":\"https:\/\/www.zoohandel.ch\/wp-content\/uploads\/zoohandel-ch.png\",\"width\":575,\"height\":171,\"caption\":\"zoohandel.ch\"},\"image\":{\"@id\":\"https:\/\/www.zoohandel.ch\/fr\/#\/schema\/logo\/image\/\"}}]}<\/script>\n<!-- \/ Yoast SEO plugin. -->","yoast_head_json":{"title":"Bo\u00eete alimentaire et de transport, 38\u00d726\u00d724cm - zoohandel.ch","robots":{"index":"index","follow":"follow","max-snippet":"max-snippet:-1","max-image-preview":"max-image-preview:large","max-video-preview":"max-video-preview:-1"},"canonical":"https:\/\/www.zoohandel.ch\/fr\/boutique\/reptiles\/accessoires-reptiles\/boite-alimentaire-et-de-transport-38x26x24cm\/","og_locale":"fr_FR","og_type":"article","og_title":"Bo\u00eete alimentaire et de transport, 38\u00d726\u00d724cm - zoohandel.ch","og_description":"pour le transport, l\u0092\u00e9levage et l\u0092alimentation des reptiles et amphibiens bo\u00eete id\u00e9ale pour stocker la nourriture vivante et temporairement en zone de quarantaine en plastique, facile \u00e0 nettoyer avec poign\u00e9e et ouverture pour introduire la nourr","og_url":"https:\/\/www.zoohandel.ch\/fr\/boutique\/reptiles\/accessoires-reptiles\/boite-alimentaire-et-de-transport-38x26x24cm\/","og_site_name":"zoohandel.ch","article_modified_time":"2026-04-17T02:14:56+00:00","og_image":[{"width":1546,"height":1200,"url":"https:\/\/www.zoohandel.ch\/wp-content\/uploads\/2024\/04\/T76303_gr.jpg","type":"image\/jpeg"}],"twitter_card":"summary_large_image","schema":{"@context":"https:\/\/schema.org","@graph":[{"@type":"WebPage","@id":"https:\/\/www.zoohandel.ch\/fr\/boutique\/reptiles\/accessoires-reptiles\/boite-alimentaire-et-de-transport-38x26x24cm\/","url":"https:\/\/www.zoohandel.ch\/fr\/boutique\/reptiles\/accessoires-reptiles\/boite-alimentaire-et-de-transport-38x26x24cm\/","name":"Bo\u00eete alimentaire et de transport, 38\u00d726\u00d724cm - zoohandel.ch","isPartOf":{"@id":"https:\/\/www.zoohandel.ch\/fr\/#website"},"primaryImageOfPage":{"@id":"https:\/\/www.zoohandel.ch\/fr\/boutique\/reptiles\/accessoires-reptiles\/boite-alimentaire-et-de-transport-38x26x24cm\/#primaryimage"},"image":{"@id":"https:\/\/www.zoohandel.ch\/fr\/boutique\/reptiles\/accessoires-reptiles\/boite-alimentaire-et-de-transport-38x26x24cm\/#primaryimage"},"thumbnailUrl":"https:\/\/www.zoohandel.ch\/wp-content\/uploads\/2024\/04\/T76303_gr.jpg","datePublished":"2013-12-11T23:00:00+00:00","dateModified":"2026-04-17T02:14:56+00:00","breadcrumb":{"@id":"https:\/\/www.zoohandel.ch\/fr\/boutique\/reptiles\/accessoires-reptiles\/boite-alimentaire-et-de-transport-38x26x24cm\/#breadcrumb"},"inLanguage":"fr-FR","potentialAction":[{"@type":"ReadAction","target":["https:\/\/www.zoohandel.ch\/fr\/boutique\/reptiles\/accessoires-reptiles\/boite-alimentaire-et-de-transport-38x26x24cm\/"]}]},{"@type":"ImageObject","inLanguage":"fr-FR","@id":"https:\/\/www.zoohandel.ch\/fr\/boutique\/reptiles\/accessoires-reptiles\/boite-alimentaire-et-de-transport-38x26x24cm\/#primaryimage","url":"https:\/\/www.zoohandel.ch\/wp-content\/uploads\/2024\/04\/T76303_gr.jpg","contentUrl":"https:\/\/www.zoohandel.ch\/wp-content\/uploads\/2024\/04\/T76303_gr.jpg","width":1546,"height":1200},{"@type":"BreadcrumbList","@id":"https:\/\/www.zoohandel.ch\/fr\/boutique\/reptiles\/accessoires-reptiles\/boite-alimentaire-et-de-transport-38x26x24cm\/#breadcrumb","itemListElement":[{"@type":"ListItem","position":1,"name":"Startseite","item":"https:\/\/www.zoohandel.ch\/fr\/"},{"@type":"ListItem","position":2,"name":"Boutique","item":"https:\/\/www.zoohandel.ch\/fr\/boutique\/"},{"@type":"ListItem","position":3,"name":"Bo\u00eete alimentaire et de transport, 38\u00d726\u00d724cm"}]},{"@type":"WebSite","@id":"https:\/\/www.zoohandel.ch\/fr\/#website","url":"https:\/\/www.zoohandel.ch\/fr\/","name":"zoohandel.ch","description":"Das Beste f\u00fcr Ihre Lieblinge","publisher":{"@id":"https:\/\/www.zoohandel.ch\/fr\/#organization"},"potentialAction":[{"@type":"SearchAction","target":{"@type":"EntryPoint","urlTemplate":"https:\/\/www.zoohandel.ch\/fr\/?s={search_term_string}"},"query-input":{"@type":"PropertyValueSpecification","valueRequired":true,"valueName":"search_term_string"}}],"inLanguage":"fr-FR"},{"@type":"Organization","@id":"https:\/\/www.zoohandel.ch\/fr\/#organization","name":"zoohandel.ch","url":"https:\/\/www.zoohandel.ch\/fr\/","logo":{"@type":"ImageObject","inLanguage":"fr-FR","@id":"https:\/\/www.zoohandel.ch\/fr\/#\/schema\/logo\/image\/","url":"https:\/\/www.zoohandel.ch\/wp-content\/uploads\/zoohandel-ch.png","contentUrl":"https:\/\/www.zoohandel.ch\/wp-content\/uploads\/zoohandel-ch.png","width":575,"height":171,"caption":"zoohandel.ch"},"image":{"@id":"https:\/\/www.zoohandel.ch\/fr\/#\/schema\/logo\/image\/"}}]}},"tiered_pricing_type":"fixed","tiered_pricing_fixed_rules":[],"tiered_pricing_product_settings":{"layout":"default","base_unit_name":{"singular":null,"plural":null},"default_variation":null},"tiered_pricing_minimum_quantity":null,"tiered_pricing_roles_data":[],"tiered_pricing_percentage_rules":[],"_links":{"self":[{"href":"https:\/\/www.zoohandel.ch\/fr\/wp-json\/wp\/v2\/product\/220942","targetHints":{"allow":["GET"]}}],"collection":[{"href":"https:\/\/www.zoohandel.ch\/fr\/wp-json\/wp\/v2\/product"}],"about":[{"href":"https:\/\/www.zoohandel.ch\/fr\/wp-json\/wp\/v2\/types\/product"}],"wp:featuredmedia":[{"embeddable":true,"href":"https:\/\/www.zoohandel.ch\/fr\/wp-json\/wp\/v2\/media\/551740"}],"wp:attachment":[{"href":"https:\/\/www.zoohandel.ch\/fr\/wp-json\/wp\/v2\/media?parent=220942"}],"wp:term":[{"taxonomy":"product_brand","embeddable":true,"href":"https:\/\/www.zoohandel.ch\/fr\/wp-json\/wp\/v2\/product_brand?post=220942"},{"taxonomy":"product_cat","embeddable":true,"href":"https:\/\/www.zoohandel.ch\/fr\/wp-json\/wp\/v2\/product_cat?post=220942"},{"taxonomy":"product_tag","embeddable":true,"href":"https:\/\/www.zoohandel.ch\/fr\/wp-json\/wp\/v2\/product_tag?post=220942"}],"curies":[{"name":"wp","href":"https:\/\/api.w.org\/{rel}","templated":true}]}}