{"id":394427,"date":"2021-09-20T00:00:00","date_gmt":"2021-09-19T22:00:00","guid":{"rendered":"https:\/\/www.alfauna.ch.vasco.sui-inter.net\/shop\/non%20class\u00e9\/box-de-transport-skudo-2-xs-s-35x36x55cm-taupe-sable\/"},"modified":"2026-04-26T02:06:30","modified_gmt":"2026-04-26T00:06:30","slug":"box-de-transport-skudo-2-xs-s-35x36x55cm-taupe-sable","status":"publish","type":"product","link":"https:\/\/www.zoohandel.ch\/fr\/boutique\/chiens\/en-route\/caisses-sacs-de-transport\/box-de-transport-skudo-2-xs-s-35x36x55cm-taupe-sable\/","title":{"rendered":"Box de transport Skudo 2, XS-S: 35\u00d736\u00d755cm, taupe\/sable"},"content":{"rendered":"<p>accept\u00e9 par la plupart des compagnies a\u00e9riennes lorsqu&rsquo;il est utilis\u00e9 avec le Set IATA 39739<br \/>\nporte en m\u00e9tal avec fermetures \u00e0 clic verrouillable<br \/>\nun rangement spacieux jusqu&rsquo;\u00e0 la taille S-M, deux rangements spacieux \u00e0 partir de la taille M<br \/>\navec poign\u00e9e jusqu&rsquo;\u00e0 la taille S<br \/>\npoign\u00e9e de traction \u00e0 partir de la taille S-M<br \/>\nroulettes disponibles s\u00e9par\u00e9ment \u00e0 partir de la taille S-M (article 39740)<br \/>\nTapis de couchage disponible s\u00e9par\u00e9ment (n\u00b0 28644-28649)<br \/>\nen plastique<br \/>\ncouleur : taupe\/bis <\/p>\n<p>Placez le box dans le coffre de la voiture appuy\u00e9 contre les si\u00e8ges arri\u00e8res et assurez-vous que le box soit bien cal\u00e9.<\/p>\n","protected":false},"excerpt":{"rendered":"<p>accept\u00e9 par la plupart des compagnies a\u00e9riennes lorsqu&rsquo;il est utilis\u00e9 avec le Set IATA 39739 porte en m\u00e9tal avec fermetures \u00e0 clic verrouillable un rangement spacieux jusqu&rsquo;\u00e0 la taille S-M, deux rangements spacieux \u00e0 partir de la taille M avec poign\u00e9e jusqu&rsquo;\u00e0 la taille S poign\u00e9e de traction \u00e0 partir de la taille S-M roulettes<\/p>\n","protected":false},"featured_media":542152,"template":"","meta":{"_acf_changed":false},"product_brand":[],"product_cat":[3885,3475,3094,3884,3911],"product_tag":[],"class_list":{"0":"post-394427","1":"product","2":"type-product","3":"status-publish","4":"has-post-thumbnail","6":"product_cat-caisses-sacs-de-transport","7":"product_cat-chats","8":"product_cat-chiens","9":"product_cat-en-route","10":"product_cat-paniers-de-transport-chatieres","12":"first","13":"instock","14":"taxable","15":"shipping-taxable","16":"purchasable","17":"product-type-simple"},"acf":[],"yoast_head":"<!-- This site is optimized with the Yoast SEO plugin v25.8 - https:\/\/yoast.com\/wordpress\/plugins\/seo\/ -->\n<title>Box de transport Skudo 2, XS-S: 35\u00d736\u00d755cm, taupe\/sable - zoohandel.ch<\/title>\n<meta name=\"robots\" content=\"index, follow, max-snippet:-1, max-image-preview:large, max-video-preview:-1\" \/>\n<link rel=\"canonical\" href=\"https:\/\/www.zoohandel.ch\/fr\/boutique\/chiens\/en-route\/caisses-sacs-de-transport\/box-de-transport-skudo-2-xs-s-35x36x55cm-taupe-sable\/\" \/>\n<meta property=\"og:locale\" content=\"fr_FR\" \/>\n<meta property=\"og:type\" content=\"article\" \/>\n<meta property=\"og:title\" content=\"Box de transport Skudo 2, XS-S: 35\u00d736\u00d755cm, taupe\/sable - zoohandel.ch\" \/>\n<meta property=\"og:description\" content=\"accept\u00e9 par la plupart des compagnies a\u00e9riennes lorsqu&rsquo;il est utilis\u00e9 avec le Set IATA 39739 porte en m\u00e9tal avec fermetures \u00e0 clic verrouillable un rangement spacieux jusqu&rsquo;\u00e0 la taille S-M, deux rangements spacieux \u00e0 partir de la taille M avec poign\u00e9e jusqu&rsquo;\u00e0 la taille S poign\u00e9e de traction \u00e0 partir de la taille S-M roulettes\" \/>\n<meta property=\"og:url\" content=\"https:\/\/www.zoohandel.ch\/fr\/boutique\/chiens\/en-route\/caisses-sacs-de-transport\/box-de-transport-skudo-2-xs-s-35x36x55cm-taupe-sable\/\" \/>\n<meta property=\"og:site_name\" content=\"zoohandel.ch\" \/>\n<meta property=\"article:modified_time\" content=\"2026-04-26T00:06:30+00:00\" \/>\n<meta property=\"og:image\" content=\"https:\/\/www.zoohandel.ch\/wp-content\/uploads\/2024\/04\/T39736_gr.jpg\" \/>\n\t<meta property=\"og:image:width\" content=\"1386\" \/>\n\t<meta property=\"og:image:height\" content=\"1200\" \/>\n\t<meta property=\"og:image:type\" content=\"image\/jpeg\" \/>\n<meta name=\"twitter:card\" content=\"summary_large_image\" \/>\n<meta name=\"twitter:label1\" content=\"Dur\u00e9e de lecture estim\u00e9e\" \/>\n\t<meta name=\"twitter:data1\" content=\"1 minute\" \/>\n<script type=\"application\/ld+json\" class=\"yoast-schema-graph\">{\"@context\":\"https:\/\/schema.org\",\"@graph\":[{\"@type\":\"WebPage\",\"@id\":\"https:\/\/www.zoohandel.ch\/fr\/boutique\/chiens\/en-route\/caisses-sacs-de-transport\/box-de-transport-skudo-2-xs-s-35x36x55cm-taupe-sable\/\",\"url\":\"https:\/\/www.zoohandel.ch\/fr\/boutique\/chiens\/en-route\/caisses-sacs-de-transport\/box-de-transport-skudo-2-xs-s-35x36x55cm-taupe-sable\/\",\"name\":\"Box de transport Skudo 2, XS-S: 35\u00d736\u00d755cm, taupe\/sable - zoohandel.ch\",\"isPartOf\":{\"@id\":\"https:\/\/www.zoohandel.ch\/fr\/#website\"},\"primaryImageOfPage\":{\"@id\":\"https:\/\/www.zoohandel.ch\/fr\/boutique\/chiens\/en-route\/caisses-sacs-de-transport\/box-de-transport-skudo-2-xs-s-35x36x55cm-taupe-sable\/#primaryimage\"},\"image\":{\"@id\":\"https:\/\/www.zoohandel.ch\/fr\/boutique\/chiens\/en-route\/caisses-sacs-de-transport\/box-de-transport-skudo-2-xs-s-35x36x55cm-taupe-sable\/#primaryimage\"},\"thumbnailUrl\":\"https:\/\/www.zoohandel.ch\/wp-content\/uploads\/2024\/04\/T39736_gr.jpg\",\"datePublished\":\"2021-09-19T22:00:00+00:00\",\"dateModified\":\"2026-04-26T00:06:30+00:00\",\"breadcrumb\":{\"@id\":\"https:\/\/www.zoohandel.ch\/fr\/boutique\/chiens\/en-route\/caisses-sacs-de-transport\/box-de-transport-skudo-2-xs-s-35x36x55cm-taupe-sable\/#breadcrumb\"},\"inLanguage\":\"fr-FR\",\"potentialAction\":[{\"@type\":\"ReadAction\",\"target\":[\"https:\/\/www.zoohandel.ch\/fr\/boutique\/chiens\/en-route\/caisses-sacs-de-transport\/box-de-transport-skudo-2-xs-s-35x36x55cm-taupe-sable\/\"]}]},{\"@type\":\"ImageObject\",\"inLanguage\":\"fr-FR\",\"@id\":\"https:\/\/www.zoohandel.ch\/fr\/boutique\/chiens\/en-route\/caisses-sacs-de-transport\/box-de-transport-skudo-2-xs-s-35x36x55cm-taupe-sable\/#primaryimage\",\"url\":\"https:\/\/www.zoohandel.ch\/wp-content\/uploads\/2024\/04\/T39736_gr.jpg\",\"contentUrl\":\"https:\/\/www.zoohandel.ch\/wp-content\/uploads\/2024\/04\/T39736_gr.jpg\",\"width\":1386,\"height\":1200},{\"@type\":\"BreadcrumbList\",\"@id\":\"https:\/\/www.zoohandel.ch\/fr\/boutique\/chiens\/en-route\/caisses-sacs-de-transport\/box-de-transport-skudo-2-xs-s-35x36x55cm-taupe-sable\/#breadcrumb\",\"itemListElement\":[{\"@type\":\"ListItem\",\"position\":1,\"name\":\"Startseite\",\"item\":\"https:\/\/www.zoohandel.ch\/fr\/\"},{\"@type\":\"ListItem\",\"position\":2,\"name\":\"Boutique\",\"item\":\"https:\/\/www.zoohandel.ch\/fr\/boutique\/\"},{\"@type\":\"ListItem\",\"position\":3,\"name\":\"Box de transport Skudo 2, XS-S: 35\u00d736\u00d755cm, taupe\/sable\"}]},{\"@type\":\"WebSite\",\"@id\":\"https:\/\/www.zoohandel.ch\/fr\/#website\",\"url\":\"https:\/\/www.zoohandel.ch\/fr\/\",\"name\":\"zoohandel.ch\",\"description\":\"Das Beste f\u00fcr Ihre Lieblinge\",\"publisher\":{\"@id\":\"https:\/\/www.zoohandel.ch\/fr\/#organization\"},\"potentialAction\":[{\"@type\":\"SearchAction\",\"target\":{\"@type\":\"EntryPoint\",\"urlTemplate\":\"https:\/\/www.zoohandel.ch\/fr\/?s={search_term_string}\"},\"query-input\":{\"@type\":\"PropertyValueSpecification\",\"valueRequired\":true,\"valueName\":\"search_term_string\"}}],\"inLanguage\":\"fr-FR\"},{\"@type\":\"Organization\",\"@id\":\"https:\/\/www.zoohandel.ch\/fr\/#organization\",\"name\":\"zoohandel.ch\",\"url\":\"https:\/\/www.zoohandel.ch\/fr\/\",\"logo\":{\"@type\":\"ImageObject\",\"inLanguage\":\"fr-FR\",\"@id\":\"https:\/\/www.zoohandel.ch\/fr\/#\/schema\/logo\/image\/\",\"url\":\"https:\/\/www.zoohandel.ch\/wp-content\/uploads\/zoohandel-ch.png\",\"contentUrl\":\"https:\/\/www.zoohandel.ch\/wp-content\/uploads\/zoohandel-ch.png\",\"width\":575,\"height\":171,\"caption\":\"zoohandel.ch\"},\"image\":{\"@id\":\"https:\/\/www.zoohandel.ch\/fr\/#\/schema\/logo\/image\/\"}}]}<\/script>\n<!-- \/ Yoast SEO plugin. -->","yoast_head_json":{"title":"Box de transport Skudo 2, XS-S: 35\u00d736\u00d755cm, taupe\/sable - zoohandel.ch","robots":{"index":"index","follow":"follow","max-snippet":"max-snippet:-1","max-image-preview":"max-image-preview:large","max-video-preview":"max-video-preview:-1"},"canonical":"https:\/\/www.zoohandel.ch\/fr\/boutique\/chiens\/en-route\/caisses-sacs-de-transport\/box-de-transport-skudo-2-xs-s-35x36x55cm-taupe-sable\/","og_locale":"fr_FR","og_type":"article","og_title":"Box de transport Skudo 2, XS-S: 35\u00d736\u00d755cm, taupe\/sable - zoohandel.ch","og_description":"accept\u00e9 par la plupart des compagnies a\u00e9riennes lorsqu&rsquo;il est utilis\u00e9 avec le Set IATA 39739 porte en m\u00e9tal avec fermetures \u00e0 clic verrouillable un rangement spacieux jusqu&rsquo;\u00e0 la taille S-M, deux rangements spacieux \u00e0 partir de la taille M avec poign\u00e9e jusqu&rsquo;\u00e0 la taille S poign\u00e9e de traction \u00e0 partir de la taille S-M roulettes","og_url":"https:\/\/www.zoohandel.ch\/fr\/boutique\/chiens\/en-route\/caisses-sacs-de-transport\/box-de-transport-skudo-2-xs-s-35x36x55cm-taupe-sable\/","og_site_name":"zoohandel.ch","article_modified_time":"2026-04-26T00:06:30+00:00","og_image":[{"width":1386,"height":1200,"url":"https:\/\/www.zoohandel.ch\/wp-content\/uploads\/2024\/04\/T39736_gr.jpg","type":"image\/jpeg"}],"twitter_card":"summary_large_image","twitter_misc":{"Dur\u00e9e de lecture estim\u00e9e":"1 minute"},"schema":{"@context":"https:\/\/schema.org","@graph":[{"@type":"WebPage","@id":"https:\/\/www.zoohandel.ch\/fr\/boutique\/chiens\/en-route\/caisses-sacs-de-transport\/box-de-transport-skudo-2-xs-s-35x36x55cm-taupe-sable\/","url":"https:\/\/www.zoohandel.ch\/fr\/boutique\/chiens\/en-route\/caisses-sacs-de-transport\/box-de-transport-skudo-2-xs-s-35x36x55cm-taupe-sable\/","name":"Box de transport Skudo 2, XS-S: 35\u00d736\u00d755cm, taupe\/sable - zoohandel.ch","isPartOf":{"@id":"https:\/\/www.zoohandel.ch\/fr\/#website"},"primaryImageOfPage":{"@id":"https:\/\/www.zoohandel.ch\/fr\/boutique\/chiens\/en-route\/caisses-sacs-de-transport\/box-de-transport-skudo-2-xs-s-35x36x55cm-taupe-sable\/#primaryimage"},"image":{"@id":"https:\/\/www.zoohandel.ch\/fr\/boutique\/chiens\/en-route\/caisses-sacs-de-transport\/box-de-transport-skudo-2-xs-s-35x36x55cm-taupe-sable\/#primaryimage"},"thumbnailUrl":"https:\/\/www.zoohandel.ch\/wp-content\/uploads\/2024\/04\/T39736_gr.jpg","datePublished":"2021-09-19T22:00:00+00:00","dateModified":"2026-04-26T00:06:30+00:00","breadcrumb":{"@id":"https:\/\/www.zoohandel.ch\/fr\/boutique\/chiens\/en-route\/caisses-sacs-de-transport\/box-de-transport-skudo-2-xs-s-35x36x55cm-taupe-sable\/#breadcrumb"},"inLanguage":"fr-FR","potentialAction":[{"@type":"ReadAction","target":["https:\/\/www.zoohandel.ch\/fr\/boutique\/chiens\/en-route\/caisses-sacs-de-transport\/box-de-transport-skudo-2-xs-s-35x36x55cm-taupe-sable\/"]}]},{"@type":"ImageObject","inLanguage":"fr-FR","@id":"https:\/\/www.zoohandel.ch\/fr\/boutique\/chiens\/en-route\/caisses-sacs-de-transport\/box-de-transport-skudo-2-xs-s-35x36x55cm-taupe-sable\/#primaryimage","url":"https:\/\/www.zoohandel.ch\/wp-content\/uploads\/2024\/04\/T39736_gr.jpg","contentUrl":"https:\/\/www.zoohandel.ch\/wp-content\/uploads\/2024\/04\/T39736_gr.jpg","width":1386,"height":1200},{"@type":"BreadcrumbList","@id":"https:\/\/www.zoohandel.ch\/fr\/boutique\/chiens\/en-route\/caisses-sacs-de-transport\/box-de-transport-skudo-2-xs-s-35x36x55cm-taupe-sable\/#breadcrumb","itemListElement":[{"@type":"ListItem","position":1,"name":"Startseite","item":"https:\/\/www.zoohandel.ch\/fr\/"},{"@type":"ListItem","position":2,"name":"Boutique","item":"https:\/\/www.zoohandel.ch\/fr\/boutique\/"},{"@type":"ListItem","position":3,"name":"Box de transport Skudo 2, XS-S: 35\u00d736\u00d755cm, taupe\/sable"}]},{"@type":"WebSite","@id":"https:\/\/www.zoohandel.ch\/fr\/#website","url":"https:\/\/www.zoohandel.ch\/fr\/","name":"zoohandel.ch","description":"Das Beste f\u00fcr Ihre Lieblinge","publisher":{"@id":"https:\/\/www.zoohandel.ch\/fr\/#organization"},"potentialAction":[{"@type":"SearchAction","target":{"@type":"EntryPoint","urlTemplate":"https:\/\/www.zoohandel.ch\/fr\/?s={search_term_string}"},"query-input":{"@type":"PropertyValueSpecification","valueRequired":true,"valueName":"search_term_string"}}],"inLanguage":"fr-FR"},{"@type":"Organization","@id":"https:\/\/www.zoohandel.ch\/fr\/#organization","name":"zoohandel.ch","url":"https:\/\/www.zoohandel.ch\/fr\/","logo":{"@type":"ImageObject","inLanguage":"fr-FR","@id":"https:\/\/www.zoohandel.ch\/fr\/#\/schema\/logo\/image\/","url":"https:\/\/www.zoohandel.ch\/wp-content\/uploads\/zoohandel-ch.png","contentUrl":"https:\/\/www.zoohandel.ch\/wp-content\/uploads\/zoohandel-ch.png","width":575,"height":171,"caption":"zoohandel.ch"},"image":{"@id":"https:\/\/www.zoohandel.ch\/fr\/#\/schema\/logo\/image\/"}}]}},"tiered_pricing_type":"fixed","tiered_pricing_fixed_rules":[],"tiered_pricing_product_settings":{"layout":"default","base_unit_name":{"singular":null,"plural":null},"default_variation":null},"tiered_pricing_minimum_quantity":null,"tiered_pricing_roles_data":[],"tiered_pricing_percentage_rules":[],"_links":{"self":[{"href":"https:\/\/www.zoohandel.ch\/fr\/wp-json\/wp\/v2\/product\/394427","targetHints":{"allow":["GET"]}}],"collection":[{"href":"https:\/\/www.zoohandel.ch\/fr\/wp-json\/wp\/v2\/product"}],"about":[{"href":"https:\/\/www.zoohandel.ch\/fr\/wp-json\/wp\/v2\/types\/product"}],"wp:featuredmedia":[{"embeddable":true,"href":"https:\/\/www.zoohandel.ch\/fr\/wp-json\/wp\/v2\/media\/542152"}],"wp:attachment":[{"href":"https:\/\/www.zoohandel.ch\/fr\/wp-json\/wp\/v2\/media?parent=394427"}],"wp:term":[{"taxonomy":"product_brand","embeddable":true,"href":"https:\/\/www.zoohandel.ch\/fr\/wp-json\/wp\/v2\/product_brand?post=394427"},{"taxonomy":"product_cat","embeddable":true,"href":"https:\/\/www.zoohandel.ch\/fr\/wp-json\/wp\/v2\/product_cat?post=394427"},{"taxonomy":"product_tag","embeddable":true,"href":"https:\/\/www.zoohandel.ch\/fr\/wp-json\/wp\/v2\/product_tag?post=394427"}],"curies":[{"name":"wp","href":"https:\/\/api.w.org\/{rel}","templated":true}]}}