{"id":553730,"date":"2019-05-13T00:00:00","date_gmt":"2019-05-12T22:00:00","guid":{"rendered":"https:\/\/www.zoohandel.ch\/shop\/non%20class\u00e9\/sac-evelyn-40x30x20cm-brun-gris\/"},"modified":"2026-04-25T05:57:48","modified_gmt":"2026-04-25T03:57:48","slug":"sac-evelyn-brun-gris-40x30x20cm","status":"publish","type":"product","link":"https:\/\/www.zoohandel.ch\/fr\/boutique\/chiens\/en-route\/caisses-sacs-de-transport\/sac-evelyn-brun-gris-40x30x20cm\/","title":{"rendered":"Sac Evelyn, brun\/gris"},"content":{"rendered":"<p>en polyester<br \/>\nouverture frontale, lat\u00e9rale et par le haut<br \/>\nbandouli\u00e8re amovible et r\u00e9glable en continu<br \/>\navec poche de c\u00f4t\u00e9<br \/>\navec laisse courte int\u00e9gr\u00e9e<br \/>\navec inserts de filet pour une bonne circulation de l&rsquo;air<br \/>\nbase amovible<br \/>\ncouleur : ble<\/p>\n","protected":false},"excerpt":{"rendered":"<p>en polyester ouverture frontale, lat\u00e9rale et par le haut bandouli\u00e8re amovible et r\u00e9glable en continu avec poche de c\u00f4t\u00e9 avec laisse courte int\u00e9gr\u00e9e avec inserts de filet pour une bonne circulation de l&rsquo;air base amovible couleur : ble<\/p>\n","protected":false},"featured_media":554764,"template":"","meta":{"_acf_changed":false},"product_brand":[],"product_cat":[3885,3094,3884],"product_tag":[],"class_list":{"0":"post-553730","1":"product","2":"type-product","3":"status-publish","4":"has-post-thumbnail","6":"product_cat-caisses-sacs-de-transport","7":"product_cat-chiens","8":"product_cat-en-route","10":"first","11":"instock","12":"taxable","13":"shipping-taxable","14":"purchasable","15":"product-type-simple"},"acf":[],"yoast_head":"<!-- This site is optimized with the Yoast SEO plugin v25.8 - https:\/\/yoast.com\/wordpress\/plugins\/seo\/ -->\n<title>Sac Evelyn, brun\/gris - zoohandel.ch<\/title>\n<meta name=\"robots\" content=\"index, follow, max-snippet:-1, max-image-preview:large, max-video-preview:-1\" \/>\n<link rel=\"canonical\" href=\"https:\/\/www.zoohandel.ch\/fr\/boutique\/chiens\/en-route\/caisses-sacs-de-transport\/sac-evelyn-brun-gris-40x30x20cm\/\" \/>\n<meta property=\"og:locale\" content=\"fr_FR\" \/>\n<meta property=\"og:type\" content=\"article\" \/>\n<meta property=\"og:title\" content=\"Sac Evelyn, brun\/gris - zoohandel.ch\" \/>\n<meta property=\"og:description\" content=\"en polyester ouverture frontale, lat\u00e9rale et par le haut bandouli\u00e8re amovible et r\u00e9glable en continu avec poche de c\u00f4t\u00e9 avec laisse courte int\u00e9gr\u00e9e avec inserts de filet pour une bonne circulation de l&rsquo;air base amovible couleur : ble\" \/>\n<meta property=\"og:url\" content=\"https:\/\/www.zoohandel.ch\/fr\/boutique\/chiens\/en-route\/caisses-sacs-de-transport\/sac-evelyn-brun-gris-40x30x20cm\/\" \/>\n<meta property=\"og:site_name\" content=\"zoohandel.ch\" \/>\n<meta property=\"article:modified_time\" content=\"2026-04-25T03:57:48+00:00\" \/>\n<meta property=\"og:image\" content=\"https:\/\/www.zoohandel.ch\/wp-content\/uploads\/2024\/06\/T28848_gr.jpg\" \/>\n\t<meta property=\"og:image:width\" content=\"1342\" \/>\n\t<meta property=\"og:image:height\" content=\"1200\" \/>\n\t<meta property=\"og:image:type\" content=\"image\/jpeg\" \/>\n<meta name=\"twitter:card\" content=\"summary_large_image\" \/>\n<script type=\"application\/ld+json\" class=\"yoast-schema-graph\">{\"@context\":\"https:\/\/schema.org\",\"@graph\":[{\"@type\":\"WebPage\",\"@id\":\"https:\/\/www.zoohandel.ch\/fr\/boutique\/chiens\/en-route\/caisses-sacs-de-transport\/sac-evelyn-brun-gris-40x30x20cm\/\",\"url\":\"https:\/\/www.zoohandel.ch\/fr\/boutique\/chiens\/en-route\/caisses-sacs-de-transport\/sac-evelyn-brun-gris-40x30x20cm\/\",\"name\":\"Sac Evelyn, brun\/gris - zoohandel.ch\",\"isPartOf\":{\"@id\":\"https:\/\/www.zoohandel.ch\/fr\/#website\"},\"primaryImageOfPage\":{\"@id\":\"https:\/\/www.zoohandel.ch\/fr\/boutique\/chiens\/en-route\/caisses-sacs-de-transport\/sac-evelyn-brun-gris-40x30x20cm\/#primaryimage\"},\"image\":{\"@id\":\"https:\/\/www.zoohandel.ch\/fr\/boutique\/chiens\/en-route\/caisses-sacs-de-transport\/sac-evelyn-brun-gris-40x30x20cm\/#primaryimage\"},\"thumbnailUrl\":\"https:\/\/www.zoohandel.ch\/wp-content\/uploads\/2024\/06\/T28848_gr.jpg\",\"datePublished\":\"2019-05-12T22:00:00+00:00\",\"dateModified\":\"2026-04-25T03:57:48+00:00\",\"breadcrumb\":{\"@id\":\"https:\/\/www.zoohandel.ch\/fr\/boutique\/chiens\/en-route\/caisses-sacs-de-transport\/sac-evelyn-brun-gris-40x30x20cm\/#breadcrumb\"},\"inLanguage\":\"fr-FR\",\"potentialAction\":[{\"@type\":\"ReadAction\",\"target\":[\"https:\/\/www.zoohandel.ch\/fr\/boutique\/chiens\/en-route\/caisses-sacs-de-transport\/sac-evelyn-brun-gris-40x30x20cm\/\"]}]},{\"@type\":\"ImageObject\",\"inLanguage\":\"fr-FR\",\"@id\":\"https:\/\/www.zoohandel.ch\/fr\/boutique\/chiens\/en-route\/caisses-sacs-de-transport\/sac-evelyn-brun-gris-40x30x20cm\/#primaryimage\",\"url\":\"https:\/\/www.zoohandel.ch\/wp-content\/uploads\/2024\/06\/T28848_gr.jpg\",\"contentUrl\":\"https:\/\/www.zoohandel.ch\/wp-content\/uploads\/2024\/06\/T28848_gr.jpg\",\"width\":1342,\"height\":1200},{\"@type\":\"BreadcrumbList\",\"@id\":\"https:\/\/www.zoohandel.ch\/fr\/boutique\/chiens\/en-route\/caisses-sacs-de-transport\/sac-evelyn-brun-gris-40x30x20cm\/#breadcrumb\",\"itemListElement\":[{\"@type\":\"ListItem\",\"position\":1,\"name\":\"Startseite\",\"item\":\"https:\/\/www.zoohandel.ch\/fr\/\"},{\"@type\":\"ListItem\",\"position\":2,\"name\":\"Boutique\",\"item\":\"https:\/\/www.zoohandel.ch\/fr\/boutique\/\"},{\"@type\":\"ListItem\",\"position\":3,\"name\":\"Sac Evelyn, brun\/gris\"}]},{\"@type\":\"WebSite\",\"@id\":\"https:\/\/www.zoohandel.ch\/fr\/#website\",\"url\":\"https:\/\/www.zoohandel.ch\/fr\/\",\"name\":\"zoohandel.ch\",\"description\":\"Das Beste f\u00fcr Ihre Lieblinge\",\"publisher\":{\"@id\":\"https:\/\/www.zoohandel.ch\/fr\/#organization\"},\"potentialAction\":[{\"@type\":\"SearchAction\",\"target\":{\"@type\":\"EntryPoint\",\"urlTemplate\":\"https:\/\/www.zoohandel.ch\/fr\/?s={search_term_string}\"},\"query-input\":{\"@type\":\"PropertyValueSpecification\",\"valueRequired\":true,\"valueName\":\"search_term_string\"}}],\"inLanguage\":\"fr-FR\"},{\"@type\":\"Organization\",\"@id\":\"https:\/\/www.zoohandel.ch\/fr\/#organization\",\"name\":\"zoohandel.ch\",\"url\":\"https:\/\/www.zoohandel.ch\/fr\/\",\"logo\":{\"@type\":\"ImageObject\",\"inLanguage\":\"fr-FR\",\"@id\":\"https:\/\/www.zoohandel.ch\/fr\/#\/schema\/logo\/image\/\",\"url\":\"https:\/\/www.zoohandel.ch\/wp-content\/uploads\/zoohandel-ch.png\",\"contentUrl\":\"https:\/\/www.zoohandel.ch\/wp-content\/uploads\/zoohandel-ch.png\",\"width\":575,\"height\":171,\"caption\":\"zoohandel.ch\"},\"image\":{\"@id\":\"https:\/\/www.zoohandel.ch\/fr\/#\/schema\/logo\/image\/\"}}]}<\/script>\n<!-- \/ Yoast SEO plugin. -->","yoast_head_json":{"title":"Sac Evelyn, brun\/gris - zoohandel.ch","robots":{"index":"index","follow":"follow","max-snippet":"max-snippet:-1","max-image-preview":"max-image-preview:large","max-video-preview":"max-video-preview:-1"},"canonical":"https:\/\/www.zoohandel.ch\/fr\/boutique\/chiens\/en-route\/caisses-sacs-de-transport\/sac-evelyn-brun-gris-40x30x20cm\/","og_locale":"fr_FR","og_type":"article","og_title":"Sac Evelyn, brun\/gris - zoohandel.ch","og_description":"en polyester ouverture frontale, lat\u00e9rale et par le haut bandouli\u00e8re amovible et r\u00e9glable en continu avec poche de c\u00f4t\u00e9 avec laisse courte int\u00e9gr\u00e9e avec inserts de filet pour une bonne circulation de l&rsquo;air base amovible couleur : ble","og_url":"https:\/\/www.zoohandel.ch\/fr\/boutique\/chiens\/en-route\/caisses-sacs-de-transport\/sac-evelyn-brun-gris-40x30x20cm\/","og_site_name":"zoohandel.ch","article_modified_time":"2026-04-25T03:57:48+00:00","og_image":[{"width":1342,"height":1200,"url":"https:\/\/www.zoohandel.ch\/wp-content\/uploads\/2024\/06\/T28848_gr.jpg","type":"image\/jpeg"}],"twitter_card":"summary_large_image","schema":{"@context":"https:\/\/schema.org","@graph":[{"@type":"WebPage","@id":"https:\/\/www.zoohandel.ch\/fr\/boutique\/chiens\/en-route\/caisses-sacs-de-transport\/sac-evelyn-brun-gris-40x30x20cm\/","url":"https:\/\/www.zoohandel.ch\/fr\/boutique\/chiens\/en-route\/caisses-sacs-de-transport\/sac-evelyn-brun-gris-40x30x20cm\/","name":"Sac Evelyn, brun\/gris - zoohandel.ch","isPartOf":{"@id":"https:\/\/www.zoohandel.ch\/fr\/#website"},"primaryImageOfPage":{"@id":"https:\/\/www.zoohandel.ch\/fr\/boutique\/chiens\/en-route\/caisses-sacs-de-transport\/sac-evelyn-brun-gris-40x30x20cm\/#primaryimage"},"image":{"@id":"https:\/\/www.zoohandel.ch\/fr\/boutique\/chiens\/en-route\/caisses-sacs-de-transport\/sac-evelyn-brun-gris-40x30x20cm\/#primaryimage"},"thumbnailUrl":"https:\/\/www.zoohandel.ch\/wp-content\/uploads\/2024\/06\/T28848_gr.jpg","datePublished":"2019-05-12T22:00:00+00:00","dateModified":"2026-04-25T03:57:48+00:00","breadcrumb":{"@id":"https:\/\/www.zoohandel.ch\/fr\/boutique\/chiens\/en-route\/caisses-sacs-de-transport\/sac-evelyn-brun-gris-40x30x20cm\/#breadcrumb"},"inLanguage":"fr-FR","potentialAction":[{"@type":"ReadAction","target":["https:\/\/www.zoohandel.ch\/fr\/boutique\/chiens\/en-route\/caisses-sacs-de-transport\/sac-evelyn-brun-gris-40x30x20cm\/"]}]},{"@type":"ImageObject","inLanguage":"fr-FR","@id":"https:\/\/www.zoohandel.ch\/fr\/boutique\/chiens\/en-route\/caisses-sacs-de-transport\/sac-evelyn-brun-gris-40x30x20cm\/#primaryimage","url":"https:\/\/www.zoohandel.ch\/wp-content\/uploads\/2024\/06\/T28848_gr.jpg","contentUrl":"https:\/\/www.zoohandel.ch\/wp-content\/uploads\/2024\/06\/T28848_gr.jpg","width":1342,"height":1200},{"@type":"BreadcrumbList","@id":"https:\/\/www.zoohandel.ch\/fr\/boutique\/chiens\/en-route\/caisses-sacs-de-transport\/sac-evelyn-brun-gris-40x30x20cm\/#breadcrumb","itemListElement":[{"@type":"ListItem","position":1,"name":"Startseite","item":"https:\/\/www.zoohandel.ch\/fr\/"},{"@type":"ListItem","position":2,"name":"Boutique","item":"https:\/\/www.zoohandel.ch\/fr\/boutique\/"},{"@type":"ListItem","position":3,"name":"Sac Evelyn, brun\/gris"}]},{"@type":"WebSite","@id":"https:\/\/www.zoohandel.ch\/fr\/#website","url":"https:\/\/www.zoohandel.ch\/fr\/","name":"zoohandel.ch","description":"Das Beste f\u00fcr Ihre Lieblinge","publisher":{"@id":"https:\/\/www.zoohandel.ch\/fr\/#organization"},"potentialAction":[{"@type":"SearchAction","target":{"@type":"EntryPoint","urlTemplate":"https:\/\/www.zoohandel.ch\/fr\/?s={search_term_string}"},"query-input":{"@type":"PropertyValueSpecification","valueRequired":true,"valueName":"search_term_string"}}],"inLanguage":"fr-FR"},{"@type":"Organization","@id":"https:\/\/www.zoohandel.ch\/fr\/#organization","name":"zoohandel.ch","url":"https:\/\/www.zoohandel.ch\/fr\/","logo":{"@type":"ImageObject","inLanguage":"fr-FR","@id":"https:\/\/www.zoohandel.ch\/fr\/#\/schema\/logo\/image\/","url":"https:\/\/www.zoohandel.ch\/wp-content\/uploads\/zoohandel-ch.png","contentUrl":"https:\/\/www.zoohandel.ch\/wp-content\/uploads\/zoohandel-ch.png","width":575,"height":171,"caption":"zoohandel.ch"},"image":{"@id":"https:\/\/www.zoohandel.ch\/fr\/#\/schema\/logo\/image\/"}}]}},"tiered_pricing_type":"fixed","tiered_pricing_fixed_rules":[],"tiered_pricing_product_settings":{"layout":"default","base_unit_name":{"singular":null,"plural":null},"default_variation":null},"tiered_pricing_minimum_quantity":null,"tiered_pricing_roles_data":[],"tiered_pricing_percentage_rules":[],"_links":{"self":[{"href":"https:\/\/www.zoohandel.ch\/fr\/wp-json\/wp\/v2\/product\/553730","targetHints":{"allow":["GET"]}}],"collection":[{"href":"https:\/\/www.zoohandel.ch\/fr\/wp-json\/wp\/v2\/product"}],"about":[{"href":"https:\/\/www.zoohandel.ch\/fr\/wp-json\/wp\/v2\/types\/product"}],"wp:featuredmedia":[{"embeddable":true,"href":"https:\/\/www.zoohandel.ch\/fr\/wp-json\/wp\/v2\/media\/554764"}],"wp:attachment":[{"href":"https:\/\/www.zoohandel.ch\/fr\/wp-json\/wp\/v2\/media?parent=553730"}],"wp:term":[{"taxonomy":"product_brand","embeddable":true,"href":"https:\/\/www.zoohandel.ch\/fr\/wp-json\/wp\/v2\/product_brand?post=553730"},{"taxonomy":"product_cat","embeddable":true,"href":"https:\/\/www.zoohandel.ch\/fr\/wp-json\/wp\/v2\/product_cat?post=553730"},{"taxonomy":"product_tag","embeddable":true,"href":"https:\/\/www.zoohandel.ch\/fr\/wp-json\/wp\/v2\/product_tag?post=553730"}],"curies":[{"name":"wp","href":"https:\/\/api.w.org\/{rel}","templated":true}]}}