{"id":562607,"date":"2025-06-17T00:00:00","date_gmt":"2025-06-16T22:00:00","guid":{"rendered":"https:\/\/www.zoohandel.ch\/shop\/non%20class\u00e9\/natura-hotel-pour-herisson-en-pin-37x305x53cm\/"},"modified":"2026-04-19T03:26:32","modified_gmt":"2026-04-19T01:26:32","slug":"natura-hotel-pour-herisson-en-pin-37x305x53cm","status":"publish","type":"product","link":"https:\/\/www.zoohandel.ch\/fr\/boutique\/animaux-de-jardin\/animaux-sauvages\/natura-hotel-pour-herisson-en-pin-37x305x53cm\/","title":{"rendered":"natura h\u00f4tel pour h\u00e9risson, en pin, 37\u00d730,5\u00d753cm"},"content":{"rendered":"","protected":false},"excerpt":{"rendered":"","protected":false},"featured_media":564823,"template":"","meta":{"_acf_changed":false},"product_brand":[],"product_cat":[3916,3917],"product_tag":[],"class_list":{"0":"post-562607","1":"product","2":"type-product","3":"status-publish","4":"has-post-thumbnail","6":"product_cat-animaux-de-jardin","7":"product_cat-animaux-sauvages","9":"first","10":"instock","11":"taxable","12":"shipping-taxable","13":"purchasable","14":"product-type-simple"},"acf":[],"yoast_head":"<!-- This site is optimized with the Yoast SEO plugin v25.8 - https:\/\/yoast.com\/wordpress\/plugins\/seo\/ -->\n<title>natura h\u00f4tel pour h\u00e9risson, en pin, 37\u00d730,5\u00d753cm - zoohandel.ch<\/title>\n<meta name=\"robots\" content=\"index, follow, max-snippet:-1, max-image-preview:large, max-video-preview:-1\" \/>\n<link rel=\"canonical\" href=\"https:\/\/www.zoohandel.ch\/fr\/boutique\/animaux-de-jardin\/animaux-sauvages\/natura-hotel-pour-herisson-en-pin-37x305x53cm\/\" \/>\n<meta property=\"og:locale\" content=\"fr_FR\" \/>\n<meta property=\"og:type\" content=\"article\" \/>\n<meta property=\"og:title\" content=\"natura h\u00f4tel pour h\u00e9risson, en pin, 37\u00d730,5\u00d753cm - zoohandel.ch\" \/>\n<meta property=\"og:url\" content=\"https:\/\/www.zoohandel.ch\/fr\/boutique\/animaux-de-jardin\/animaux-sauvages\/natura-hotel-pour-herisson-en-pin-37x305x53cm\/\" \/>\n<meta property=\"og:site_name\" content=\"zoohandel.ch\" \/>\n<meta property=\"article:modified_time\" content=\"2026-04-19T01:26:32+00:00\" \/>\n<meta property=\"og:image\" content=\"https:\/\/www.zoohandel.ch\/wp-content\/uploads\/2025\/07\/T59602_gr.jpg\" \/>\n\t<meta property=\"og:image:width\" content=\"1595\" \/>\n\t<meta property=\"og:image:height\" content=\"1200\" \/>\n\t<meta property=\"og:image:type\" content=\"image\/jpeg\" \/>\n<meta name=\"twitter:card\" content=\"summary_large_image\" \/>\n<script type=\"application\/ld+json\" class=\"yoast-schema-graph\">{\"@context\":\"https:\/\/schema.org\",\"@graph\":[{\"@type\":\"WebPage\",\"@id\":\"https:\/\/www.zoohandel.ch\/fr\/boutique\/animaux-de-jardin\/animaux-sauvages\/natura-hotel-pour-herisson-en-pin-37x305x53cm\/\",\"url\":\"https:\/\/www.zoohandel.ch\/fr\/boutique\/animaux-de-jardin\/animaux-sauvages\/natura-hotel-pour-herisson-en-pin-37x305x53cm\/\",\"name\":\"natura h\u00f4tel pour h\u00e9risson, en pin, 37\u00d730,5\u00d753cm - zoohandel.ch\",\"isPartOf\":{\"@id\":\"https:\/\/www.zoohandel.ch\/fr\/#website\"},\"primaryImageOfPage\":{\"@id\":\"https:\/\/www.zoohandel.ch\/fr\/boutique\/animaux-de-jardin\/animaux-sauvages\/natura-hotel-pour-herisson-en-pin-37x305x53cm\/#primaryimage\"},\"image\":{\"@id\":\"https:\/\/www.zoohandel.ch\/fr\/boutique\/animaux-de-jardin\/animaux-sauvages\/natura-hotel-pour-herisson-en-pin-37x305x53cm\/#primaryimage\"},\"thumbnailUrl\":\"https:\/\/www.zoohandel.ch\/wp-content\/uploads\/2025\/07\/T59602_gr.jpg\",\"datePublished\":\"2025-06-16T22:00:00+00:00\",\"dateModified\":\"2026-04-19T01:26:32+00:00\",\"breadcrumb\":{\"@id\":\"https:\/\/www.zoohandel.ch\/fr\/boutique\/animaux-de-jardin\/animaux-sauvages\/natura-hotel-pour-herisson-en-pin-37x305x53cm\/#breadcrumb\"},\"inLanguage\":\"fr-FR\",\"potentialAction\":[{\"@type\":\"ReadAction\",\"target\":[\"https:\/\/www.zoohandel.ch\/fr\/boutique\/animaux-de-jardin\/animaux-sauvages\/natura-hotel-pour-herisson-en-pin-37x305x53cm\/\"]}]},{\"@type\":\"ImageObject\",\"inLanguage\":\"fr-FR\",\"@id\":\"https:\/\/www.zoohandel.ch\/fr\/boutique\/animaux-de-jardin\/animaux-sauvages\/natura-hotel-pour-herisson-en-pin-37x305x53cm\/#primaryimage\",\"url\":\"https:\/\/www.zoohandel.ch\/wp-content\/uploads\/2025\/07\/T59602_gr.jpg\",\"contentUrl\":\"https:\/\/www.zoohandel.ch\/wp-content\/uploads\/2025\/07\/T59602_gr.jpg\",\"width\":1595,\"height\":1200},{\"@type\":\"BreadcrumbList\",\"@id\":\"https:\/\/www.zoohandel.ch\/fr\/boutique\/animaux-de-jardin\/animaux-sauvages\/natura-hotel-pour-herisson-en-pin-37x305x53cm\/#breadcrumb\",\"itemListElement\":[{\"@type\":\"ListItem\",\"position\":1,\"name\":\"Startseite\",\"item\":\"https:\/\/www.zoohandel.ch\/fr\/\"},{\"@type\":\"ListItem\",\"position\":2,\"name\":\"Boutique\",\"item\":\"https:\/\/www.zoohandel.ch\/fr\/boutique\/\"},{\"@type\":\"ListItem\",\"position\":3,\"name\":\"natura h\u00f4tel pour h\u00e9risson, en pin, 37\u00d730,5\u00d753cm\"}]},{\"@type\":\"WebSite\",\"@id\":\"https:\/\/www.zoohandel.ch\/fr\/#website\",\"url\":\"https:\/\/www.zoohandel.ch\/fr\/\",\"name\":\"zoohandel.ch\",\"description\":\"Das Beste f\u00fcr Ihre Lieblinge\",\"publisher\":{\"@id\":\"https:\/\/www.zoohandel.ch\/fr\/#organization\"},\"potentialAction\":[{\"@type\":\"SearchAction\",\"target\":{\"@type\":\"EntryPoint\",\"urlTemplate\":\"https:\/\/www.zoohandel.ch\/fr\/?s={search_term_string}\"},\"query-input\":{\"@type\":\"PropertyValueSpecification\",\"valueRequired\":true,\"valueName\":\"search_term_string\"}}],\"inLanguage\":\"fr-FR\"},{\"@type\":\"Organization\",\"@id\":\"https:\/\/www.zoohandel.ch\/fr\/#organization\",\"name\":\"zoohandel.ch\",\"url\":\"https:\/\/www.zoohandel.ch\/fr\/\",\"logo\":{\"@type\":\"ImageObject\",\"inLanguage\":\"fr-FR\",\"@id\":\"https:\/\/www.zoohandel.ch\/fr\/#\/schema\/logo\/image\/\",\"url\":\"https:\/\/www.zoohandel.ch\/wp-content\/uploads\/zoohandel-ch.png\",\"contentUrl\":\"https:\/\/www.zoohandel.ch\/wp-content\/uploads\/zoohandel-ch.png\",\"width\":575,\"height\":171,\"caption\":\"zoohandel.ch\"},\"image\":{\"@id\":\"https:\/\/www.zoohandel.ch\/fr\/#\/schema\/logo\/image\/\"}}]}<\/script>\n<!-- \/ Yoast SEO plugin. -->","yoast_head_json":{"title":"natura h\u00f4tel pour h\u00e9risson, en pin, 37\u00d730,5\u00d753cm - zoohandel.ch","robots":{"index":"index","follow":"follow","max-snippet":"max-snippet:-1","max-image-preview":"max-image-preview:large","max-video-preview":"max-video-preview:-1"},"canonical":"https:\/\/www.zoohandel.ch\/fr\/boutique\/animaux-de-jardin\/animaux-sauvages\/natura-hotel-pour-herisson-en-pin-37x305x53cm\/","og_locale":"fr_FR","og_type":"article","og_title":"natura h\u00f4tel pour h\u00e9risson, en pin, 37\u00d730,5\u00d753cm - zoohandel.ch","og_url":"https:\/\/www.zoohandel.ch\/fr\/boutique\/animaux-de-jardin\/animaux-sauvages\/natura-hotel-pour-herisson-en-pin-37x305x53cm\/","og_site_name":"zoohandel.ch","article_modified_time":"2026-04-19T01:26:32+00:00","og_image":[{"width":1595,"height":1200,"url":"https:\/\/www.zoohandel.ch\/wp-content\/uploads\/2025\/07\/T59602_gr.jpg","type":"image\/jpeg"}],"twitter_card":"summary_large_image","schema":{"@context":"https:\/\/schema.org","@graph":[{"@type":"WebPage","@id":"https:\/\/www.zoohandel.ch\/fr\/boutique\/animaux-de-jardin\/animaux-sauvages\/natura-hotel-pour-herisson-en-pin-37x305x53cm\/","url":"https:\/\/www.zoohandel.ch\/fr\/boutique\/animaux-de-jardin\/animaux-sauvages\/natura-hotel-pour-herisson-en-pin-37x305x53cm\/","name":"natura h\u00f4tel pour h\u00e9risson, en pin, 37\u00d730,5\u00d753cm - zoohandel.ch","isPartOf":{"@id":"https:\/\/www.zoohandel.ch\/fr\/#website"},"primaryImageOfPage":{"@id":"https:\/\/www.zoohandel.ch\/fr\/boutique\/animaux-de-jardin\/animaux-sauvages\/natura-hotel-pour-herisson-en-pin-37x305x53cm\/#primaryimage"},"image":{"@id":"https:\/\/www.zoohandel.ch\/fr\/boutique\/animaux-de-jardin\/animaux-sauvages\/natura-hotel-pour-herisson-en-pin-37x305x53cm\/#primaryimage"},"thumbnailUrl":"https:\/\/www.zoohandel.ch\/wp-content\/uploads\/2025\/07\/T59602_gr.jpg","datePublished":"2025-06-16T22:00:00+00:00","dateModified":"2026-04-19T01:26:32+00:00","breadcrumb":{"@id":"https:\/\/www.zoohandel.ch\/fr\/boutique\/animaux-de-jardin\/animaux-sauvages\/natura-hotel-pour-herisson-en-pin-37x305x53cm\/#breadcrumb"},"inLanguage":"fr-FR","potentialAction":[{"@type":"ReadAction","target":["https:\/\/www.zoohandel.ch\/fr\/boutique\/animaux-de-jardin\/animaux-sauvages\/natura-hotel-pour-herisson-en-pin-37x305x53cm\/"]}]},{"@type":"ImageObject","inLanguage":"fr-FR","@id":"https:\/\/www.zoohandel.ch\/fr\/boutique\/animaux-de-jardin\/animaux-sauvages\/natura-hotel-pour-herisson-en-pin-37x305x53cm\/#primaryimage","url":"https:\/\/www.zoohandel.ch\/wp-content\/uploads\/2025\/07\/T59602_gr.jpg","contentUrl":"https:\/\/www.zoohandel.ch\/wp-content\/uploads\/2025\/07\/T59602_gr.jpg","width":1595,"height":1200},{"@type":"BreadcrumbList","@id":"https:\/\/www.zoohandel.ch\/fr\/boutique\/animaux-de-jardin\/animaux-sauvages\/natura-hotel-pour-herisson-en-pin-37x305x53cm\/#breadcrumb","itemListElement":[{"@type":"ListItem","position":1,"name":"Startseite","item":"https:\/\/www.zoohandel.ch\/fr\/"},{"@type":"ListItem","position":2,"name":"Boutique","item":"https:\/\/www.zoohandel.ch\/fr\/boutique\/"},{"@type":"ListItem","position":3,"name":"natura h\u00f4tel pour h\u00e9risson, en pin, 37\u00d730,5\u00d753cm"}]},{"@type":"WebSite","@id":"https:\/\/www.zoohandel.ch\/fr\/#website","url":"https:\/\/www.zoohandel.ch\/fr\/","name":"zoohandel.ch","description":"Das Beste f\u00fcr Ihre Lieblinge","publisher":{"@id":"https:\/\/www.zoohandel.ch\/fr\/#organization"},"potentialAction":[{"@type":"SearchAction","target":{"@type":"EntryPoint","urlTemplate":"https:\/\/www.zoohandel.ch\/fr\/?s={search_term_string}"},"query-input":{"@type":"PropertyValueSpecification","valueRequired":true,"valueName":"search_term_string"}}],"inLanguage":"fr-FR"},{"@type":"Organization","@id":"https:\/\/www.zoohandel.ch\/fr\/#organization","name":"zoohandel.ch","url":"https:\/\/www.zoohandel.ch\/fr\/","logo":{"@type":"ImageObject","inLanguage":"fr-FR","@id":"https:\/\/www.zoohandel.ch\/fr\/#\/schema\/logo\/image\/","url":"https:\/\/www.zoohandel.ch\/wp-content\/uploads\/zoohandel-ch.png","contentUrl":"https:\/\/www.zoohandel.ch\/wp-content\/uploads\/zoohandel-ch.png","width":575,"height":171,"caption":"zoohandel.ch"},"image":{"@id":"https:\/\/www.zoohandel.ch\/fr\/#\/schema\/logo\/image\/"}}]}},"tiered_pricing_type":"fixed","tiered_pricing_fixed_rules":[],"tiered_pricing_product_settings":{"layout":"default","base_unit_name":{"singular":null,"plural":null},"default_variation":null},"tiered_pricing_minimum_quantity":null,"tiered_pricing_roles_data":[],"tiered_pricing_percentage_rules":[],"_links":{"self":[{"href":"https:\/\/www.zoohandel.ch\/fr\/wp-json\/wp\/v2\/product\/562607","targetHints":{"allow":["GET"]}}],"collection":[{"href":"https:\/\/www.zoohandel.ch\/fr\/wp-json\/wp\/v2\/product"}],"about":[{"href":"https:\/\/www.zoohandel.ch\/fr\/wp-json\/wp\/v2\/types\/product"}],"wp:featuredmedia":[{"embeddable":true,"href":"https:\/\/www.zoohandel.ch\/fr\/wp-json\/wp\/v2\/media\/564823"}],"wp:attachment":[{"href":"https:\/\/www.zoohandel.ch\/fr\/wp-json\/wp\/v2\/media?parent=562607"}],"wp:term":[{"taxonomy":"product_brand","embeddable":true,"href":"https:\/\/www.zoohandel.ch\/fr\/wp-json\/wp\/v2\/product_brand?post=562607"},{"taxonomy":"product_cat","embeddable":true,"href":"https:\/\/www.zoohandel.ch\/fr\/wp-json\/wp\/v2\/product_cat?post=562607"},{"taxonomy":"product_tag","embeddable":true,"href":"https:\/\/www.zoohandel.ch\/fr\/wp-json\/wp\/v2\/product_tag?post=562607"}],"curies":[{"name":"wp","href":"https:\/\/api.w.org\/{rel}","templated":true}]}}