{"id":567167,"date":"2025-10-30T00:00:00","date_gmt":"2025-10-29T23:00:00","guid":{"rendered":"https:\/\/www.zoohandel.ch\/shop\/non%20class\u00e9\/snack-jarret-de-porc-avec-poulet\/"},"modified":"2026-04-17T05:49:21","modified_gmt":"2026-04-17T03:49:21","slug":"snack-jarret-de-porc-avec-poulet-150g-nur-per-ve-25stk","status":"publish","type":"product","link":"https:\/\/www.zoohandel.ch\/fr\/boutique\/chiens\/nourriture-chiens\/os-a-macher-friandises-complements-alimentaires\/snack-jarret-de-porc-avec-poulet-150g-nur-per-ve-25stk\/","title":{"rendered":"Snack Jarret de Porc avec poulet, 150g"},"content":{"rendered":"<p>\u00e0 la volaille et avec apport de prot\u00e9ine v\u00e9g\u00e9tale (lupin)<br \/>\nproduit id\u00e9al pour les chiens allergiques<\/p>\n","protected":false},"excerpt":{"rendered":"<p>\u00e0 la volaille et avec apport de prot\u00e9ine v\u00e9g\u00e9tale (lupin) produit id\u00e9al pour les chiens allergiques<\/p>\n","protected":false},"featured_media":567170,"template":"","meta":{"_acf_changed":false},"product_brand":[],"product_cat":[3094,3866,3869],"product_tag":[],"class_list":{"0":"post-567167","1":"product","2":"type-product","3":"status-publish","4":"has-post-thumbnail","6":"product_cat-chiens","7":"product_cat-nourriture-chiens","8":"product_cat-os-a-macher-friandises-complements-alimentaires","10":"first","11":"instock","12":"taxable","13":"shipping-taxable","14":"purchasable","15":"product-type-simple"},"acf":[],"yoast_head":"<!-- This site is optimized with the Yoast SEO plugin v25.8 - https:\/\/yoast.com\/wordpress\/plugins\/seo\/ -->\n<title>Snack Jarret de Porc avec poulet, 150g - zoohandel.ch<\/title>\n<meta name=\"robots\" content=\"index, follow, max-snippet:-1, max-image-preview:large, max-video-preview:-1\" \/>\n<link rel=\"canonical\" href=\"https:\/\/www.zoohandel.ch\/fr\/boutique\/chiens\/nourriture-chiens\/os-a-macher-friandises-complements-alimentaires\/snack-jarret-de-porc-avec-poulet-150g-nur-per-ve-25stk\/\" \/>\n<meta property=\"og:locale\" content=\"fr_FR\" \/>\n<meta property=\"og:type\" content=\"article\" \/>\n<meta property=\"og:title\" content=\"Snack Jarret de Porc avec poulet, 150g - zoohandel.ch\" \/>\n<meta property=\"og:description\" content=\"\u00e0 la volaille et avec apport de prot\u00e9ine v\u00e9g\u00e9tale (lupin) produit id\u00e9al pour les chiens allergiques\" \/>\n<meta property=\"og:url\" content=\"https:\/\/www.zoohandel.ch\/fr\/boutique\/chiens\/nourriture-chiens\/os-a-macher-friandises-complements-alimentaires\/snack-jarret-de-porc-avec-poulet-150g-nur-per-ve-25stk\/\" \/>\n<meta property=\"og:site_name\" content=\"zoohandel.ch\" \/>\n<meta property=\"article:modified_time\" content=\"2026-04-17T03:49:21+00:00\" \/>\n<meta property=\"og:image\" content=\"https:\/\/www.zoohandel.ch\/wp-content\/uploads\/2025\/10\/T31510_gr.jpg\" \/>\n\t<meta property=\"og:image:width\" content=\"1202\" \/>\n\t<meta property=\"og:image:height\" content=\"1200\" \/>\n\t<meta property=\"og:image:type\" content=\"image\/jpeg\" \/>\n<meta name=\"twitter:card\" content=\"summary_large_image\" \/>\n<script type=\"application\/ld+json\" class=\"yoast-schema-graph\">{\"@context\":\"https:\/\/schema.org\",\"@graph\":[{\"@type\":\"WebPage\",\"@id\":\"https:\/\/www.zoohandel.ch\/fr\/boutique\/chiens\/nourriture-chiens\/os-a-macher-friandises-complements-alimentaires\/snack-jarret-de-porc-avec-poulet-150g-nur-per-ve-25stk\/\",\"url\":\"https:\/\/www.zoohandel.ch\/fr\/boutique\/chiens\/nourriture-chiens\/os-a-macher-friandises-complements-alimentaires\/snack-jarret-de-porc-avec-poulet-150g-nur-per-ve-25stk\/\",\"name\":\"Snack Jarret de Porc avec poulet, 150g - zoohandel.ch\",\"isPartOf\":{\"@id\":\"https:\/\/www.zoohandel.ch\/fr\/#website\"},\"primaryImageOfPage\":{\"@id\":\"https:\/\/www.zoohandel.ch\/fr\/boutique\/chiens\/nourriture-chiens\/os-a-macher-friandises-complements-alimentaires\/snack-jarret-de-porc-avec-poulet-150g-nur-per-ve-25stk\/#primaryimage\"},\"image\":{\"@id\":\"https:\/\/www.zoohandel.ch\/fr\/boutique\/chiens\/nourriture-chiens\/os-a-macher-friandises-complements-alimentaires\/snack-jarret-de-porc-avec-poulet-150g-nur-per-ve-25stk\/#primaryimage\"},\"thumbnailUrl\":\"https:\/\/www.zoohandel.ch\/wp-content\/uploads\/2025\/10\/T31510_gr.jpg\",\"datePublished\":\"2025-10-29T23:00:00+00:00\",\"dateModified\":\"2026-04-17T03:49:21+00:00\",\"breadcrumb\":{\"@id\":\"https:\/\/www.zoohandel.ch\/fr\/boutique\/chiens\/nourriture-chiens\/os-a-macher-friandises-complements-alimentaires\/snack-jarret-de-porc-avec-poulet-150g-nur-per-ve-25stk\/#breadcrumb\"},\"inLanguage\":\"fr-FR\",\"potentialAction\":[{\"@type\":\"ReadAction\",\"target\":[\"https:\/\/www.zoohandel.ch\/fr\/boutique\/chiens\/nourriture-chiens\/os-a-macher-friandises-complements-alimentaires\/snack-jarret-de-porc-avec-poulet-150g-nur-per-ve-25stk\/\"]}]},{\"@type\":\"ImageObject\",\"inLanguage\":\"fr-FR\",\"@id\":\"https:\/\/www.zoohandel.ch\/fr\/boutique\/chiens\/nourriture-chiens\/os-a-macher-friandises-complements-alimentaires\/snack-jarret-de-porc-avec-poulet-150g-nur-per-ve-25stk\/#primaryimage\",\"url\":\"https:\/\/www.zoohandel.ch\/wp-content\/uploads\/2025\/10\/T31510_gr.jpg\",\"contentUrl\":\"https:\/\/www.zoohandel.ch\/wp-content\/uploads\/2025\/10\/T31510_gr.jpg\",\"width\":1202,\"height\":1200},{\"@type\":\"BreadcrumbList\",\"@id\":\"https:\/\/www.zoohandel.ch\/fr\/boutique\/chiens\/nourriture-chiens\/os-a-macher-friandises-complements-alimentaires\/snack-jarret-de-porc-avec-poulet-150g-nur-per-ve-25stk\/#breadcrumb\",\"itemListElement\":[{\"@type\":\"ListItem\",\"position\":1,\"name\":\"Startseite\",\"item\":\"https:\/\/www.zoohandel.ch\/fr\/\"},{\"@type\":\"ListItem\",\"position\":2,\"name\":\"Boutique\",\"item\":\"https:\/\/www.zoohandel.ch\/fr\/boutique\/\"},{\"@type\":\"ListItem\",\"position\":3,\"name\":\"Snack Jarret de Porc avec poulet, 150g\"}]},{\"@type\":\"WebSite\",\"@id\":\"https:\/\/www.zoohandel.ch\/fr\/#website\",\"url\":\"https:\/\/www.zoohandel.ch\/fr\/\",\"name\":\"zoohandel.ch\",\"description\":\"Das Beste f\u00fcr Ihre Lieblinge\",\"publisher\":{\"@id\":\"https:\/\/www.zoohandel.ch\/fr\/#organization\"},\"potentialAction\":[{\"@type\":\"SearchAction\",\"target\":{\"@type\":\"EntryPoint\",\"urlTemplate\":\"https:\/\/www.zoohandel.ch\/fr\/?s={search_term_string}\"},\"query-input\":{\"@type\":\"PropertyValueSpecification\",\"valueRequired\":true,\"valueName\":\"search_term_string\"}}],\"inLanguage\":\"fr-FR\"},{\"@type\":\"Organization\",\"@id\":\"https:\/\/www.zoohandel.ch\/fr\/#organization\",\"name\":\"zoohandel.ch\",\"url\":\"https:\/\/www.zoohandel.ch\/fr\/\",\"logo\":{\"@type\":\"ImageObject\",\"inLanguage\":\"fr-FR\",\"@id\":\"https:\/\/www.zoohandel.ch\/fr\/#\/schema\/logo\/image\/\",\"url\":\"https:\/\/www.zoohandel.ch\/wp-content\/uploads\/zoohandel-ch.png\",\"contentUrl\":\"https:\/\/www.zoohandel.ch\/wp-content\/uploads\/zoohandel-ch.png\",\"width\":575,\"height\":171,\"caption\":\"zoohandel.ch\"},\"image\":{\"@id\":\"https:\/\/www.zoohandel.ch\/fr\/#\/schema\/logo\/image\/\"}}]}<\/script>\n<!-- \/ Yoast SEO plugin. -->","yoast_head_json":{"title":"Snack Jarret de Porc avec poulet, 150g - zoohandel.ch","robots":{"index":"index","follow":"follow","max-snippet":"max-snippet:-1","max-image-preview":"max-image-preview:large","max-video-preview":"max-video-preview:-1"},"canonical":"https:\/\/www.zoohandel.ch\/fr\/boutique\/chiens\/nourriture-chiens\/os-a-macher-friandises-complements-alimentaires\/snack-jarret-de-porc-avec-poulet-150g-nur-per-ve-25stk\/","og_locale":"fr_FR","og_type":"article","og_title":"Snack Jarret de Porc avec poulet, 150g - zoohandel.ch","og_description":"\u00e0 la volaille et avec apport de prot\u00e9ine v\u00e9g\u00e9tale (lupin) produit id\u00e9al pour les chiens allergiques","og_url":"https:\/\/www.zoohandel.ch\/fr\/boutique\/chiens\/nourriture-chiens\/os-a-macher-friandises-complements-alimentaires\/snack-jarret-de-porc-avec-poulet-150g-nur-per-ve-25stk\/","og_site_name":"zoohandel.ch","article_modified_time":"2026-04-17T03:49:21+00:00","og_image":[{"width":1202,"height":1200,"url":"https:\/\/www.zoohandel.ch\/wp-content\/uploads\/2025\/10\/T31510_gr.jpg","type":"image\/jpeg"}],"twitter_card":"summary_large_image","schema":{"@context":"https:\/\/schema.org","@graph":[{"@type":"WebPage","@id":"https:\/\/www.zoohandel.ch\/fr\/boutique\/chiens\/nourriture-chiens\/os-a-macher-friandises-complements-alimentaires\/snack-jarret-de-porc-avec-poulet-150g-nur-per-ve-25stk\/","url":"https:\/\/www.zoohandel.ch\/fr\/boutique\/chiens\/nourriture-chiens\/os-a-macher-friandises-complements-alimentaires\/snack-jarret-de-porc-avec-poulet-150g-nur-per-ve-25stk\/","name":"Snack Jarret de Porc avec poulet, 150g - zoohandel.ch","isPartOf":{"@id":"https:\/\/www.zoohandel.ch\/fr\/#website"},"primaryImageOfPage":{"@id":"https:\/\/www.zoohandel.ch\/fr\/boutique\/chiens\/nourriture-chiens\/os-a-macher-friandises-complements-alimentaires\/snack-jarret-de-porc-avec-poulet-150g-nur-per-ve-25stk\/#primaryimage"},"image":{"@id":"https:\/\/www.zoohandel.ch\/fr\/boutique\/chiens\/nourriture-chiens\/os-a-macher-friandises-complements-alimentaires\/snack-jarret-de-porc-avec-poulet-150g-nur-per-ve-25stk\/#primaryimage"},"thumbnailUrl":"https:\/\/www.zoohandel.ch\/wp-content\/uploads\/2025\/10\/T31510_gr.jpg","datePublished":"2025-10-29T23:00:00+00:00","dateModified":"2026-04-17T03:49:21+00:00","breadcrumb":{"@id":"https:\/\/www.zoohandel.ch\/fr\/boutique\/chiens\/nourriture-chiens\/os-a-macher-friandises-complements-alimentaires\/snack-jarret-de-porc-avec-poulet-150g-nur-per-ve-25stk\/#breadcrumb"},"inLanguage":"fr-FR","potentialAction":[{"@type":"ReadAction","target":["https:\/\/www.zoohandel.ch\/fr\/boutique\/chiens\/nourriture-chiens\/os-a-macher-friandises-complements-alimentaires\/snack-jarret-de-porc-avec-poulet-150g-nur-per-ve-25stk\/"]}]},{"@type":"ImageObject","inLanguage":"fr-FR","@id":"https:\/\/www.zoohandel.ch\/fr\/boutique\/chiens\/nourriture-chiens\/os-a-macher-friandises-complements-alimentaires\/snack-jarret-de-porc-avec-poulet-150g-nur-per-ve-25stk\/#primaryimage","url":"https:\/\/www.zoohandel.ch\/wp-content\/uploads\/2025\/10\/T31510_gr.jpg","contentUrl":"https:\/\/www.zoohandel.ch\/wp-content\/uploads\/2025\/10\/T31510_gr.jpg","width":1202,"height":1200},{"@type":"BreadcrumbList","@id":"https:\/\/www.zoohandel.ch\/fr\/boutique\/chiens\/nourriture-chiens\/os-a-macher-friandises-complements-alimentaires\/snack-jarret-de-porc-avec-poulet-150g-nur-per-ve-25stk\/#breadcrumb","itemListElement":[{"@type":"ListItem","position":1,"name":"Startseite","item":"https:\/\/www.zoohandel.ch\/fr\/"},{"@type":"ListItem","position":2,"name":"Boutique","item":"https:\/\/www.zoohandel.ch\/fr\/boutique\/"},{"@type":"ListItem","position":3,"name":"Snack Jarret de Porc avec poulet, 150g"}]},{"@type":"WebSite","@id":"https:\/\/www.zoohandel.ch\/fr\/#website","url":"https:\/\/www.zoohandel.ch\/fr\/","name":"zoohandel.ch","description":"Das Beste f\u00fcr Ihre Lieblinge","publisher":{"@id":"https:\/\/www.zoohandel.ch\/fr\/#organization"},"potentialAction":[{"@type":"SearchAction","target":{"@type":"EntryPoint","urlTemplate":"https:\/\/www.zoohandel.ch\/fr\/?s={search_term_string}"},"query-input":{"@type":"PropertyValueSpecification","valueRequired":true,"valueName":"search_term_string"}}],"inLanguage":"fr-FR"},{"@type":"Organization","@id":"https:\/\/www.zoohandel.ch\/fr\/#organization","name":"zoohandel.ch","url":"https:\/\/www.zoohandel.ch\/fr\/","logo":{"@type":"ImageObject","inLanguage":"fr-FR","@id":"https:\/\/www.zoohandel.ch\/fr\/#\/schema\/logo\/image\/","url":"https:\/\/www.zoohandel.ch\/wp-content\/uploads\/zoohandel-ch.png","contentUrl":"https:\/\/www.zoohandel.ch\/wp-content\/uploads\/zoohandel-ch.png","width":575,"height":171,"caption":"zoohandel.ch"},"image":{"@id":"https:\/\/www.zoohandel.ch\/fr\/#\/schema\/logo\/image\/"}}]}},"tiered_pricing_type":"fixed","tiered_pricing_fixed_rules":[],"tiered_pricing_product_settings":{"layout":"default","base_unit_name":{"singular":null,"plural":null},"default_variation":null},"tiered_pricing_minimum_quantity":null,"tiered_pricing_roles_data":[],"tiered_pricing_percentage_rules":[],"_links":{"self":[{"href":"https:\/\/www.zoohandel.ch\/fr\/wp-json\/wp\/v2\/product\/567167","targetHints":{"allow":["GET"]}}],"collection":[{"href":"https:\/\/www.zoohandel.ch\/fr\/wp-json\/wp\/v2\/product"}],"about":[{"href":"https:\/\/www.zoohandel.ch\/fr\/wp-json\/wp\/v2\/types\/product"}],"wp:featuredmedia":[{"embeddable":true,"href":"https:\/\/www.zoohandel.ch\/fr\/wp-json\/wp\/v2\/media\/567170"}],"wp:attachment":[{"href":"https:\/\/www.zoohandel.ch\/fr\/wp-json\/wp\/v2\/media?parent=567167"}],"wp:term":[{"taxonomy":"product_brand","embeddable":true,"href":"https:\/\/www.zoohandel.ch\/fr\/wp-json\/wp\/v2\/product_brand?post=567167"},{"taxonomy":"product_cat","embeddable":true,"href":"https:\/\/www.zoohandel.ch\/fr\/wp-json\/wp\/v2\/product_cat?post=567167"},{"taxonomy":"product_tag","embeddable":true,"href":"https:\/\/www.zoohandel.ch\/fr\/wp-json\/wp\/v2\/product_tag?post=567167"}],"curies":[{"name":"wp","href":"https:\/\/api.w.org\/{rel}","templated":true}]}}